{"id":13610,"date":"2024-03-27T16:46:18","date_gmt":"2024-03-27T16:46:18","guid":{"rendered":"https:\/\/alphalearning.com\/tarification\/brainwave-iii\/"},"modified":"2025-02-01T17:32:10","modified_gmt":"2025-02-01T17:32:10","slug":"brainwave-iii","status":"publish","type":"page","link":"https:\/\/alphalearning.com\/fr\/tarification\/brainwave-iii\/","title":{"rendered":"Prix Brainwave III"},"content":{"rendered":"\n<div class=\"wp-block-uagb-advanced-heading uagb-block-cacbafd1\"><h1 class=\"uagb-heading-text\">Tarification Alphalearning Brainwave III<\/h1><\/div>\n\n\n\n<div class=\"wp-block-uagb-advanced-heading uagb-block-3a76af3c\"><h2 class=\"uagb-heading-text\">Co\u00fbts d\u00e9taill\u00e9s pour le Syst\u00e8me Brainwave III<\/h2><\/div>\n\n\n\n<div class=\"wp-block-uagb-tabs uagb-block-9446f78b uagb-tabs__wrap uagb-tabs__hstyle1-desktop uagb-tabs__vstyle6-tablet uagb-tabs__stack1-mobile\" data-tab-active=\"0\"><ul class=\"uagb-tabs__panel uagb-tabs__align-left\" role=\"tablist\"><li class=\"uagb-tab uagb-tabs__active\" role=\"none\"><a href=\"#uagb-tabs__tab0\" class=\"uagb-tabs-list uagb-tabs__icon-position-left\" data-tab=\"0\" role=\"tab\"><div>Syst\u00e8me Brainwave III <strong>(pour ceux qui ont d\u00e9j\u00e0 suivi un cours Alphalearning)<\/strong><\/div><\/a><\/li><\/ul><div class=\"uagb-tabs__body-wrap\">\n<div class=\"wp-block-uagb-tabs-child uagb-tabs__body-container uagb-inner-tab-0\" aria-labelledby=\"uagb-tabs__tab0\">\n<p>Seuls les participants qui ont d\u00e9j\u00e0 suivi un cours Alphalearning sont \u00e9ligibles \u00e0 la mise \u00e0 niveau vers le nouveau Brainwave III ou \u00e0 l\u2019achat de pi\u00e8ces suppl\u00e9mentaires.<\/p>\n\n\n\n<p>Le Syst\u00e8me Brainwave III ne n\u00e9cessite plus d\u2019ordinateur pour faire fonctionner les lumi\u00e8res. D\u00e9couvrez-en davantage sur cette version innovante sur la page <a href=\"https:\/\/alphalearning.com\/fr\/evolution-brainwave-alphalearning\/\">\u00c9volution du Brainwave Alphalearning<\/a>.<\/p>\n\n\n\n<p>D\u00e9tails de tarification : 3 000 \u20ac pour le Contr\u00f4leur Brainwave III, 3 000 \u20ac pour le Synergiseur de Neurones Optique-Acoustique et 3 000 \u20ac pour l\u2019\u00c9lectroenc\u00e9phalographe &amp; l\u2019\u00c9quipement de neurofeedback. Le Contr\u00f4leur peut g\u00e9rer simultan\u00e9ment jusqu\u2019\u00e0 deux ensembles de Synergiseur de Neurones Optique-Acoustique et est compatible avec tous les jeux de lumi\u00e8res de l\u2019Alphalearning Institute con\u00e7us pour le logiciel Lotus.<\/p>\n\n\n\n<p><strong>Pour commencer votre commande, veuillez indiquer <a href=\"https:\/\/alphalearning.com\/contact\/\">sur notre page de contact<\/a> que vous avez d\u00e9j\u00e0 particip\u00e9 \u00e0 un cours Alphalearning, puis envoyez-nous un message.<\/strong><\/p>\n\n\n\n<p>Utilisez le calculateur ci-dessous pour estimer le co\u00fbt total de votre commande.<\/p>\n\n\n<div class=\"btQuoteBooking  btQuoteBookingWithColor c69d5d6fff179b\" style=\"color: #961515;\" data-admin_email=\"\" data-cf7_id=\"\" data-email_client=\"\" data-email_gdpr=\"\" data-email_gdpr_text=\"\" data-email_gdpr_not_text=\"\" data-email_rtl=\"\" data-currency=\"\u20ac\" data-currency_after=\"\" data-currency_space=\"yes\" data-url_confirmation=\"\" data-url_ajax=\"https:\/\/alphalearning.com\/wp-admin\/admin-ajax.php\" data-subject=\"\" data-email_header=\"\" data-email_footer=\"\" data-date_text=\"Preferred Service Date\" data-time_text=\"Preferred Service Time\" data-message_please_wait=\"Please wait...\" data-message_success=\"Thank you, we will contact you soon!\" data-message_error=\"Error! Please try again later.\" data-message_mandatory=\"Please fill out all required fields.\" data-rec_secret_key=\"\" data-total_text=\"Total\" data-total_format=\"currency_2\" data-total_decimals=\"0\" data-date_format=\"mm\/dd\/yy\" data-bt_cc_nonce=\"8888c31edc\" data-hide_total=\"\" data-hide_subtotal=\"\" data-wc_product_id=\"\" data-wc_quote_text=\"Quote\" data-wc_single_product=\"no\" data-wc_product_price=\"\"><div class=\"btQuoteBookingWrap\"><div class=\"btQuoteBookingForm btActive\"><div class=\"btQuoteGBlock \" data-eval=\"dmFyIGJ3X2NvbnRyb2xsZXIgPSAkMTsKdmFyIGJ3X29wdGljYWwgPSAkMjsKdmFyIGJ3X2VlZyA9ICQzOwp2YXIgYndfc2hpcCA9ICQ0Owp2YXIgYndfZGlzYyA9IDA7Cgp2YXIgYndfZGlzYyA9IGJ3X2NvbnRyb2xsZXIgLyA2ICsgYndfb3B0aWNhbCAvIDYKdmFyIGJ3X29wdGlvbmFscyA9IGJ3X2NvbnRyb2xsZXIgKyBid19vcHRpY2FsICsgYndfZWVnICsgYndfc2hpcCArIGJ3X2Rpc2MKCgpzZXRTdWJ0b3RhbCggJ2J3Y29udF90b3RhbCcsIGJ3X2NvbnRyb2xsZXIgKTsKc2V0U3VidG90YWwoICdvbnNfdG90YWwnLCBid19vcHRpY2FsICk7CnNldFN1YnRvdGFsKCAnZWVnX3RvdGFsJywgYndfZWVnICk7CnNldFN1YnRvdGFsKCAnc2hpcF90b3RhbCcsIGJ3X3NoaXAgKTsKc2V0U3VidG90YWwoICdkaXNjX3RvdGFsJywgYndfZGlzYyApOwoKCgppZiAoYndfY29udHJvbGxlciArIGJ3X29wdGljYWwgKyBid19lZWcgPT0gMCkgIGJ3X29wdGlvbmFscyA9IDA7CmlmIChid19jb250cm9sbGVyICsgYndfb3B0aWNhbCArIGJ3X2VlZyA+IDApICBid19vcHRpb25hbHMgPSBid19jb250cm9sbGVyICsgYndfb3B0aWNhbCArIGJ3X2VlZyArIGJ3X3NoaXAgLSAwOwoKcmV0dXJuIGJ3X29wdGlvbmFsczs=\" data-paypal_label=\"\" id=\"btQuoteItem69d5d6fff18b1\" style=\"color: #961515;\"><H3>Syst\u00e8me Brainwave III<\/H3><div class=\"btQuoteItem \" id=\"btQuoteItem69d5d6fff1a33\" style=\"color: #961515\"><label>Contr\u00f4leur Brainwave III<\/label>\n\t\t<div class=\"btQuoteItemInput\"><div class=\"btQuoteSlider btQuoteElement\" data-value=\"0\"  data-initial-value=\"0\" data-min=\"0\" data-max=\"6\" data-step=\"1\" data-price=\"3000\" data-offset=\"0\" data-condition=\"\" data-raw-value-only=\"\"><\/div><span class=\"btQuoteSliderValue\">0<\/span><\/div><\/div><div class=\"btQuoteItem \" id=\"btQuoteItem69d5d6fff1b21\" style=\"color: #961515\"><label>Synergiseur de Neurones Optique<\/label>\n\t\t<div class=\"btQuoteItemInput\"><div class=\"btQuoteSlider btQuoteElement\" data-value=\"0\"  data-initial-value=\"0\" data-min=\"0\" data-max=\"6\" data-step=\"1\" data-price=\"3000\" data-offset=\"0\" data-condition=\"\" data-raw-value-only=\"\"><\/div><span class=\"btQuoteSliderValue\">0<\/span><\/div><\/div><div class=\"btQuoteItem \" id=\"btQuoteItem69d5d6fff1bf5\" style=\"color: #961515\"><label>\u00c9lectroenc\u00e9phalographe &amp; \u00c9quipement de neurofeedback<\/label>\n\t\t<div class=\"btQuoteItemInput\"><div class=\"btQuoteSlider btQuoteElement\" data-value=\"0\"  data-initial-value=\"0\" data-min=\"0\" data-max=\"6\" data-step=\"1\" data-price=\"3000\" data-offset=\"0\" data-condition=\"\" data-raw-value-only=\"\"><\/div><span class=\"btQuoteSliderValue\">0<\/span><\/div><\/div><div class=\"btQuoteItem \" id=\"btQuoteItem69d5d6fff1cee\" ><label>Choisissez une destination de livraison<\/label>\n\t\t<div class=\"btQuoteItemInput\"><div id=\"69d5d6fff1d39W209\" class=\"btQuoteSelect btContactField btDropDown btQuoteElement\" data-condition=\"\" data-initial-value=\"1\" data-raw-value-only=\"\"><\/div><\/div><\/div><div id=\"btSubtotalIdbwcont_total\" class=\"btQuoteSubtotal\" data-label=\"Contr\u00f4leur Brainwave III\"><span class=\"btQuoteSubtotalText\">Contr\u00f4leur Brainwave III<\/span><span class=\"btQuoteSubtotalCalc\"><\/span><\/div><div id=\"btSubtotalIdons_total\" class=\"btQuoteSubtotal\" data-label=\"Synergiseur de Neurones Optique-Acoustique\"><span class=\"btQuoteSubtotalText\">Synergiseur de Neurones Optique-Acoustique<\/span><span class=\"btQuoteSubtotalCalc\"><\/span><\/div><div id=\"btSubtotalIdeeg_total\" class=\"btQuoteSubtotal\" data-label=\"\u00c9lectroenc\u00e9phalographe &amp; \u00c9quipement de neurofeedback\"><span class=\"btQuoteSubtotalText\">\u00c9lectroenc\u00e9phalographe &amp; \u00c9quipement de neurofeedback<\/span><span class=\"btQuoteSubtotalCalc\"><\/span><\/div><div id=\"btSubtotalIdship_total\" class=\"btQuoteSubtotal\" data-label=\"Livraison\"><span class=\"btQuoteSubtotalText\">Livraison<\/span><span class=\"btQuoteSubtotalCalc\"><\/span><\/div><div class=\"bt_cc_separator bt_cc_top_spacing_small bt_cc_bottom_spacing_small bt_cc_border_style_dotted\" id=\"bt_cc_separator69d5d6fff1e4a\" ><\/div><\/div><div class=\"btTotalNextWrapper\"><div class=\"btQuoteTotal\"><span class=\"btQuoteTotalText\">Total<\/span><span class=\"btQuoteTotalCurrency\">\u20ac&nbsp;<\/span><span class=\"btQuoteTotalCalc\"><\/span><\/div><\/div><\/div><\/div><\/div>\n<\/div>\n<\/div><\/div>\n\n\n\n<div class=\"wp-block-uagb-container uagb-block-720f4926 alignfull uagb-is-root-container\"><div class=\"uagb-container-inner-blocks-wrap\">\n<div class=\"wp-block-uagb-advanced-heading uagb-block-6e870ead\"><h3 class=\"uagb-heading-text\">D\u00e9marrer votre commande :<\/h3><\/div>\n\n\n\n<ul class=\"wp-block-list\">\n<li><strong>Pour initier votre commande, confirmez votre participation ant\u00e9rieure \u00e0 un cours Alphalearning <a href=\"https:\/\/alphalearning.com\/contact\/\">sur notre page de contact<\/a> et envoyez-nous votre message.<\/strong><\/li>\n<\/ul>\n\n\n\n<p class=\"has-text-align-center\"><strong>ALPHALEARNING INTERNATIONAL<\/strong><br>Royaume-Uni : +44 20 8638 5321 :: Portugal : +351 253 193 321<\/p>\n\n\n\n<p class=\"has-text-align-center\">Explorez davantage sur&nbsp;<a href=\"https:\/\/alphalearning.com\/fr\/\">Alphalearning.com\/fr\/<\/a><\/p>\n<\/div><\/div>\n","protected":false},"excerpt":{"rendered":"<p>Tarification Alphalearning Brainwave III Co\u00fbts d\u00e9taill\u00e9s pour le Syst\u00e8me Brainwave III D\u00e9marrer votre commande : ALPHALEARNING INTERNATIONALRoyaume-Uni : +44 20 [&hellip;]<\/p>\n","protected":false},"author":2,"featured_media":0,"parent":13594,"menu_order":602,"comment_status":"closed","ping_status":"closed","template":"","meta":{"_uag_custom_page_level_css":"","site-sidebar-layout":"default","site-content-layout":"","ast-site-content-layout":"default","site-content-style":"default","site-sidebar-style":"default","ast-global-header-display":"","ast-banner-title-visibility":"","ast-main-header-display":"","ast-hfb-above-header-display":"","ast-hfb-below-header-display":"","ast-hfb-mobile-header-display":"","site-post-title":"disabled","ast-breadcrumbs-content":"","ast-featured-img":"","footer-sml-layout":"","ast-disable-related-posts":"","theme-transparent-header-meta":"","adv-header-id-meta":"","stick-header-meta":"","header-above-stick-meta":"","header-main-stick-meta":"","header-below-stick-meta":"","astra-migrate-meta-layouts":"default","ast-page-background-enabled":"default","ast-page-background-meta":{"desktop":{"background-color":"var(--ast-global-color-4)","background-image":"","background-repeat":"repeat","background-position":"center center","background-size":"auto","background-attachment":"scroll","background-type":"","background-media":"","overlay-type":"","overlay-color":"","overlay-opacity":"","overlay-gradient":""},"tablet":{"background-color":"","background-image":"","background-repeat":"repeat","background-position":"center center","background-size":"auto","background-attachment":"scroll","background-type":"","background-media":"","overlay-type":"","overlay-color":"","overlay-opacity":"","overlay-gradient":""},"mobile":{"background-color":"","background-image":"","background-repeat":"repeat","background-position":"center center","background-size":"auto","background-attachment":"scroll","background-type":"","background-media":"","overlay-type":"","overlay-color":"","overlay-opacity":"","overlay-gradient":""}},"ast-content-background-meta":{"desktop":{"background-color":"var(--ast-global-color-5)","background-image":"","background-repeat":"repeat","background-position":"center center","background-size":"auto","background-attachment":"scroll","background-type":"","background-media":"","overlay-type":"","overlay-color":"","overlay-opacity":"","overlay-gradient":""},"tablet":{"background-color":"var(--ast-global-color-5)","background-image":"","background-repeat":"repeat","background-position":"center center","background-size":"auto","background-attachment":"scroll","background-type":"","background-media":"","overlay-type":"","overlay-color":"","overlay-opacity":"","overlay-gradient":""},"mobile":{"background-color":"var(--ast-global-color-5)","background-image":"","background-repeat":"repeat","background-position":"center center","background-size":"auto","background-attachment":"scroll","background-type":"","background-media":"","overlay-type":"","overlay-color":"","overlay-opacity":"","overlay-gradient":""}},"footnotes":""},"class_list":["post-13610","page","type-page","status-publish","hentry"],"yoast_head":"<!-- This site is optimized with the Yoast SEO plugin v27.1.1 - https:\/\/yoast.com\/product\/yoast-seo-wordpress\/ -->\n<title>Alphalearning Brainwave III : Tarifs &amp; Commande<\/title>\n<meta name=\"description\" content=\"Explorez les Syst\u00e8mes Brainwave III d\u2019Alphalearning. D\u00e9couvrez les co\u00fbts, frais suppl\u00e9mentaires, modalit\u00e9s de paiement et am\u00e9liorez votre parcours\" \/>\n<meta name=\"robots\" content=\"index, follow, max-snippet:-1, max-image-preview:large, max-video-preview:-1\" \/>\n<link rel=\"canonical\" href=\"https:\/\/alphalearning.com\/fr\/tarification\/brainwave-iii\/\" \/>\n<meta property=\"og:locale\" content=\"fr_FR\" \/>\n<meta property=\"og:type\" content=\"article\" \/>\n<meta property=\"og:title\" content=\"Alphalearning Brainwave III : Tarifs &amp; Commande\" \/>\n<meta property=\"og:description\" content=\"Explorez les Syst\u00e8mes Brainwave III d\u2019Alphalearning. D\u00e9couvrez les co\u00fbts, frais suppl\u00e9mentaires, modalit\u00e9s de paiement et am\u00e9liorez votre parcours\" \/>\n<meta property=\"og:url\" content=\"https:\/\/alphalearning.com\/fr\/tarification\/brainwave-iii\/\" \/>\n<meta property=\"og:site_name\" content=\"Alphalearning International\" \/>\n<meta property=\"article:modified_time\" content=\"2025-02-01T17:32:10+00:00\" \/>\n<meta property=\"og:image\" content=\"https:\/\/alphalearning.com\/wp-content\/uploads\/2024\/04\/alphalearning-logo_red_1200x675px.png\" \/>\n\t<meta property=\"og:image:width\" content=\"1200\" \/>\n\t<meta property=\"og:image:height\" content=\"675\" \/>\n\t<meta property=\"og:image:type\" content=\"image\/png\" \/>\n<meta name=\"twitter:card\" content=\"summary_large_image\" \/>\n<meta name=\"twitter:label1\" content=\"Est. reading time\" \/>\n\t<meta name=\"twitter:data1\" content=\"1 minute\" \/>\n<!-- \/ Yoast SEO plugin. -->","yoast_head_json":{"title":"Alphalearning Brainwave III : Tarifs & Commande","description":"Explorez les Syst\u00e8mes Brainwave III d\u2019Alphalearning. D\u00e9couvrez les co\u00fbts, frais suppl\u00e9mentaires, modalit\u00e9s de paiement et am\u00e9liorez votre parcours","robots":{"index":"index","follow":"follow","max-snippet":"max-snippet:-1","max-image-preview":"max-image-preview:large","max-video-preview":"max-video-preview:-1"},"canonical":"https:\/\/alphalearning.com\/fr\/tarification\/brainwave-iii\/","og_locale":"fr_FR","og_type":"article","og_title":"Alphalearning Brainwave III : Tarifs & Commande","og_description":"Explorez les Syst\u00e8mes Brainwave III d\u2019Alphalearning. D\u00e9couvrez les co\u00fbts, frais suppl\u00e9mentaires, modalit\u00e9s de paiement et am\u00e9liorez votre parcours","og_url":"https:\/\/alphalearning.com\/fr\/tarification\/brainwave-iii\/","og_site_name":"Alphalearning International","article_modified_time":"2025-02-01T17:32:10+00:00","og_image":[{"width":1200,"height":675,"url":"https:\/\/alphalearning.com\/wp-content\/uploads\/2024\/04\/alphalearning-logo_red_1200x675px.png","type":"image\/png"}],"twitter_card":"summary_large_image","twitter_misc":{"Est. reading time":"1 minute"},"schema":{"@context":"https:\/\/schema.org","@graph":[{"@type":"WebPage","@id":"https:\/\/alphalearning.com\/fr\/tarification\/brainwave-iii\/","url":"https:\/\/alphalearning.com\/fr\/tarification\/brainwave-iii\/","name":"Alphalearning Brainwave III : Tarifs & Commande","isPartOf":{"@id":"https:\/\/alphalearning.com\/fr\/#website"},"datePublished":"2024-03-27T16:46:18+00:00","dateModified":"2025-02-01T17:32:10+00:00","description":"Explorez les Syst\u00e8mes Brainwave III d\u2019Alphalearning. D\u00e9couvrez les co\u00fbts, frais suppl\u00e9mentaires, modalit\u00e9s de paiement et am\u00e9liorez votre parcours","breadcrumb":{"@id":"https:\/\/alphalearning.com\/fr\/tarification\/brainwave-iii\/#breadcrumb"},"inLanguage":"fr","potentialAction":[{"@type":"ReadAction","target":["https:\/\/alphalearning.com\/fr\/tarification\/brainwave-iii\/"]}]},{"@type":"BreadcrumbList","@id":"https:\/\/alphalearning.com\/fr\/tarification\/brainwave-iii\/#breadcrumb","itemListElement":[{"@type":"ListItem","position":1,"name":"Home","item":"https:\/\/alphalearning.com\/fr\/"},{"@type":"ListItem","position":2,"name":"Liste de Prix","item":"https:\/\/alphalearning.com\/fr\/tarification\/"},{"@type":"ListItem","position":3,"name":"Prix Brainwave III"}]},{"@type":"WebSite","@id":"https:\/\/alphalearning.com\/fr\/#website","url":"https:\/\/alphalearning.com\/fr\/","name":"Alphalearning International","description":"the brain training institute","publisher":{"@id":"https:\/\/alphalearning.com\/fr\/#organization"},"potentialAction":[{"@type":"SearchAction","target":{"@type":"EntryPoint","urlTemplate":"https:\/\/alphalearning.com\/fr\/?s={search_term_string}"},"query-input":{"@type":"PropertyValueSpecification","valueRequired":true,"valueName":"search_term_string"}}],"inLanguage":"fr"},{"@type":"Organization","@id":"https:\/\/alphalearning.com\/fr\/#organization","name":"Alphalearning International","url":"https:\/\/alphalearning.com\/fr\/","logo":{"@type":"ImageObject","inLanguage":"fr","@id":"https:\/\/alphalearning.com\/fr\/#\/schema\/logo\/image\/","url":"https:\/\/alphalearning.com\/wp-content\/uploads\/2024\/03\/alphalearning_ico2_512px.png","contentUrl":"https:\/\/alphalearning.com\/wp-content\/uploads\/2024\/03\/alphalearning_ico2_512px.png","width":512,"height":512,"caption":"Alphalearning International"},"image":{"@id":"https:\/\/alphalearning.com\/fr\/#\/schema\/logo\/image\/"}}]}},"uagb_featured_image_src":{"full":false,"thumbnail":false,"medium":false,"medium_large":false,"large":false,"1536x1536":false,"2048x2048":false,"gform-image-choice-sm":false,"gform-image-choice-md":false,"gform-image-choice-lg":false},"uagb_author_info":{"display_name":"Julio Machado","author_link":"https:\/\/alphalearning.com\/fr\/author\/julio-machado\/"},"uagb_comment_info":0,"uagb_excerpt":"Tarification Alphalearning Brainwave III Co\u00fbts d\u00e9taill\u00e9s pour le Syst\u00e8me Brainwave III D\u00e9marrer votre commande : ALPHALEARNING INTERNATIONALRoyaume-Uni : +44 20 [&hellip;]","_links":{"self":[{"href":"https:\/\/alphalearning.com\/fr\/wp-json\/wp\/v2\/pages\/13610","targetHints":{"allow":["GET"]}}],"collection":[{"href":"https:\/\/alphalearning.com\/fr\/wp-json\/wp\/v2\/pages"}],"about":[{"href":"https:\/\/alphalearning.com\/fr\/wp-json\/wp\/v2\/types\/page"}],"author":[{"embeddable":true,"href":"https:\/\/alphalearning.com\/fr\/wp-json\/wp\/v2\/users\/2"}],"replies":[{"embeddable":true,"href":"https:\/\/alphalearning.com\/fr\/wp-json\/wp\/v2\/comments?post=13610"}],"version-history":[{"count":4,"href":"https:\/\/alphalearning.com\/fr\/wp-json\/wp\/v2\/pages\/13610\/revisions"}],"predecessor-version":[{"id":15412,"href":"https:\/\/alphalearning.com\/fr\/wp-json\/wp\/v2\/pages\/13610\/revisions\/15412"}],"up":[{"embeddable":true,"href":"https:\/\/alphalearning.com\/fr\/wp-json\/wp\/v2\/pages\/13594"}],"wp:attachment":[{"href":"https:\/\/alphalearning.com\/fr\/wp-json\/wp\/v2\/media?parent=13610"}],"curies":[{"name":"wp","href":"https:\/\/api.w.org\/{rel}","templated":true}]}}