{"id":13565,"date":"2024-03-27T16:44:51","date_gmt":"2024-03-27T16:44:51","guid":{"rendered":"https:\/\/alphalearning.com\/nos-services\/professional-application-course\/"},"modified":"2025-05-12T09:53:59","modified_gmt":"2025-05-12T08:53:59","slug":"cours-application-professionnelle","status":"publish","type":"page","link":"https:\/\/alphalearning.com\/fr\/nos-services\/cours-application-professionnelle\/","title":{"rendered":"Cours d&#8217;Application Professionnelle"},"content":{"rendered":"\n<div class=\"wp-block-uagb-advanced-heading uagb-block-46d2fee2\"><h1 class=\"uagb-heading-text\">Cours d\u2019Application Professionnelle<\/h1><\/div>\n\n\n\n<div class=\"wp-block-uagb-container uagb-block-cbd21ef5 alignfull uagb-is-root-container\"><div class=\"uagb-container-inner-blocks-wrap\">\n<div class=\"wp-block-uagb-advanced-heading uagb-block-feb16430\"><h2 class=\"uagb-heading-text\">Pourquoi le <em>Cours d\u2019Application Professionnelle<\/em> ?<\/h2><\/div>\n\n\n\n<p>Le <strong>Cours d\u2019Application Professionnelle<\/strong> est sp\u00e9cialement con\u00e7u pour les professionnels souhaitant int\u00e9grer <strong>l\u2019\u00e9quipement et les techniques de pointe d\u2019Alphalearning<\/strong> dans leur pratique. Ce programme personnalis\u00e9 de cinq jours, adapt\u00e9 \u00e0 <strong>1 \u00e0 4 participants<\/strong>, enrichit non seulement votre arsenal professionnel, mais am\u00e9liore \u00e9galement vos capacit\u00e9s cognitives personnelles, \u00e0 l\u2019instar des exp\u00e9riences transformantes v\u00e9cues par les participants de nos Cours Individuels ou Familiaux.<\/p>\n\n\n\n<div class=\"wp-block-uagb-advanced-heading uagb-block-20ffead5\"><h2 class=\"uagb-heading-text\">\u00c0 propos de ce cours<\/h2><\/div>\n\n\n\n<p>Portant essentiellement sur <strong>l\u2019application professionnelle<\/strong> du <strong>Syst\u00e8me Brainwave III<\/strong> et des <strong>Techniques Alphalearning<\/strong>, ce cours requiert l\u2019acquisition d\u2019un Syst\u00e8me Brainwave III complet pour chaque lieu repr\u00e9sent\u00e9, afin de favoriser la mise en pratique des m\u00e9thodes Alphalearning dans un contexte professionnel. <strong>Au-del\u00e0<\/strong> de l\u2019\u00e9panouissement professionnel, les participants atteignent \u00e9galement un profond d\u00e9veloppement personnel, en ma\u00eetrisant le contr\u00f4le de leurs fr\u00e9quences c\u00e9r\u00e9brales pour optimiser leurs performances cognitives.<\/p>\n\n\n\n<div class=\"wp-block-uagb-advanced-heading uagb-block-a2945d14\"><h2 class=\"uagb-heading-text\">\u00c0 qui s\u2019adresse ce cours ?<\/h2><\/div>\n\n\n\n<p>Id\u00e9al pour les <strong>m\u00e9decins, psychologues, th\u00e9rapeutes, enseignants et autres professionnels<\/strong>, ce cours facilite l\u2019int\u00e9gration des <strong>techniques de neurofeedback et d\u2019am\u00e9lioration cognitive<\/strong> dans la prestation de services professionnels, offrant ainsi un double avantage : l\u2019am\u00e9lioration du bien-\u00eatre personnel et de la pratique professionnelle.<\/p>\n\n\n\n<div class=\"wp-block-uagb-advanced-heading uagb-block-a087c216\"><h2 class=\"uagb-heading-text\">Structure du cours<\/h2><\/div>\n\n\n\n<p>Ce <strong>cours intensif de cinq jours<\/strong> est sp\u00e9cialement con\u00e7u pour r\u00e9pondre aux besoins pr\u00e9cis des professionnels. Les participants approfondiront tant les aspects th\u00e9oriques que les applications pratiques de la <strong>technologie Brainwave III<\/strong>, assurant une compr\u00e9hension globale et la capacit\u00e9 d\u2019appliquer ces techniques \u00e0 la fois dans leur environnement professionnel et dans leur d\u00e9veloppement personnel.<\/p>\n\n\n\n<div class=\"wp-block-uagb-advanced-heading uagb-block-dd6511ed\"><h2 class=\"uagb-heading-text\">Ce que vous apprendrez<\/h2><\/div>\n\n\n\n<ul class=\"wp-block-list\">\n<li>Une compr\u00e9hension et une application compl\u00e8tes des <strong>techniques Alphalearning<\/strong> \u00e0 des fins aussi bien professionnelles que personnelles.<\/li>\n\n\n\n<li>Une utilisation efficace de <strong>l\u2019\u00e9quipement Brainwave III<\/strong> afin d\u2019am\u00e9liorer la clart\u00e9 mentale, la concentration et l\u2019efficacit\u00e9 de l\u2019apprentissage.<\/li>\n\n\n\n<li><strong>La manipulation pratique<\/strong> du Syst\u00e8me Brainwave III, gagnant ainsi en assurance pour les formations et applications ult\u00e9rieures.<\/li>\n\n\n\n<li>Des strat\u00e9gies pour perfectionner la <strong>m\u00e9moire, acc\u00e9l\u00e9rer la vitesse de lecture, renforcer la compr\u00e9hension<\/strong> et g\u00e9rer le stress.<\/li>\n\n\n\n<li>Des techniques permettant d\u2019ordonner \u00e0 votre cerveau d\u2019atteindre imm\u00e9diatement chacune des quatre principales fr\u00e9quences c\u00e9r\u00e9brales : <strong>Delta, Th\u00eata, Alpha et B\u00eata.<\/strong><\/li>\n<\/ul>\n\n\n\n<div class=\"wp-block-uagb-advanced-heading uagb-block-6fe66c83\"><h2 class=\"uagb-heading-text\">Autres avantages du cours<\/h2><\/div>\n\n\n\n<p>En plus de l\u2019avancement professionnel, la participation au <strong>Cours d\u2019Application Professionnelle<\/strong> apporte des b\u00e9n\u00e9fices personnels consid\u00e9rables\u202f:<\/p>\n\n\n\n<ul class=\"wp-block-list\">\n<li>La capacit\u00e9 de <strong>ma\u00eetriser les fr\u00e9quences c\u00e9r\u00e9brales<\/strong> pour une relaxation profonde, une m\u00e9moire renforc\u00e9e, un apprentissage optimis\u00e9 et une prise de d\u00e9cision plus s\u00fbre.<\/li>\n\n\n\n<li>Un d\u00e9veloppement accru des <strong>capacit\u00e9s cognitives<\/strong> et une hausse du QI pour r\u00e9ussir aussi bien dans la vie professionnelle que personnelle.<\/li>\n\n\n\n<li><strong>Une base solide<\/strong> pour l\u2019apprentissage tout au long de la vie et le d\u00e9veloppement personnel, en compl\u00e9ment d\u2019une application dans votre pratique professionnelle.<\/li>\n\n\n\n<li><strong>Un acc\u00e8s exclusif<\/strong> \u00e0 la technologie et aux techniques Alphalearning, \u00e9tablissant une nouvelle r\u00e9f\u00e9rence dans les services d\u2019am\u00e9lioration cognitive.<\/li>\n\n\n\n<li>Des services professionnels enrichis gr\u00e2ce \u00e0 des solutions novatrices pour les d\u00e9fis cognitifs et d\u2019apprentissage, offrant un <strong>avantage concurrentiel dans votre domaine.<\/strong><\/li>\n<\/ul>\n\n\n\n<div class=\"wp-block-uagb-advanced-heading uagb-block-f962d272\"><h2 class=\"uagb-heading-text\">Comment s\u2019inscrire<\/h2><\/div>\n\n\n\n<p>Les professionnels qui souhaitent transcender les limites traditionnelles de leur pratique sont invit\u00e9s \u00e0 s\u2019engager dans ce parcours avec Alphalearning. Personnalisez votre d\u00e9veloppement professionnel gr\u00e2ce \u00e0 notre <strong>Cours d\u2019Application Professionnelle<\/strong> unique, con\u00e7u non seulement pour transformer votre pratique, mais \u00e9galement pour enrichir vos capacit\u00e9s cognitives personnelles. <a href=\"https:\/\/alphalearning.com\/personalised-consultation\/\"><strong>R\u00e9servez d\u00e8s aujourd\u2019hui votre Consultation Personnalis\u00e9e et entamez votre parcours de transformation<\/strong><\/a>.<\/p>\n<\/div><\/div>\n\n\n\n<div class=\"wp-block-uagb-container uagb-block-e7248b38 alignfull uagb-is-root-container\"><div class=\"uagb-container-inner-blocks-wrap\">\n<div class=\"wp-block-uagb-container uagb-block-1ec55a6b\">\n<div class=\"wp-block-uagb-buttons uagb-buttons__outer-wrap uagb-btn__default-btn uagb-btn-tablet__default-btn uagb-btn-mobile__default-btn uagb-block-379c62b6\"><div class=\"uagb-buttons__wrap uagb-buttons-layout-wrap \">\n<div class=\"wp-block-uagb-buttons-child uagb-buttons__outer-wrap uagb-block-31b8dfca wp-block-button\"><div class=\"uagb-button__wrapper\"><a class=\"uagb-buttons-repeater wp-block-button__link\" aria-label=\"\" href=\"https:\/\/alphalearning.com\/fr\/consultation-personnalisee\/\" rel=\"nofollow noopener\" target=\"_self\" role=\"button\"><div class=\"uagb-button__link\">R\u00e9servez votre consultation personnalis\u00e9e<\/div><\/a><\/div><\/div>\n<\/div><\/div>\n<\/div>\n\n\n\n<div class=\"wp-block-uagb-container uagb-block-18fb636a\">\n<div class=\"wp-block-uagb-buttons uagb-buttons__outer-wrap uagb-btn__default-btn uagb-btn-tablet__default-btn uagb-btn-mobile__default-btn uagb-block-cc81ba1e\"><div class=\"uagb-buttons__wrap uagb-buttons-layout-wrap \">\n<div class=\"wp-block-uagb-buttons-child uagb-buttons__outer-wrap uagb-block-248d2c85 wp-block-button\"><div class=\"uagb-button__wrapper\"><a class=\"uagb-buttons-repeater wp-block-button__link\" aria-label=\"\" href=\"https:\/\/alphalearning.com\/fr\/inscription\/\" rel=\"nofollow noopener\" target=\"_self\" role=\"button\"><div class=\"uagb-button__link\">Je suis pr\u00eat(e) \u00e0 commencer l\u2019inscription<\/div><\/a><\/div><\/div>\n<\/div><\/div>\n<\/div>\n<\/div><\/div>\n\n\n\n<div class=\"wp-block-uagb-container uagb-block-3de2eb10 alignfull uagb-is-root-container\"><div class=\"uagb-container-inner-blocks-wrap\">\n<hr class=\"wp-block-separator has-text-color has-alpha-channel-opacity has-background is-style-wide\" style=\"background-color:#f4524d;color:#f4524d\"\/>\n\n\n\n<p class=\"has-text-align-right\"><strong>Lectures compl\u00e9mentaires<\/strong><br><a href=\"https:\/\/alphalearning.com\/fr\/commentaires-clients-alphalearning\/\">Commentaires des clients d\u2019Alphalearning<\/a><br><a href=\"https:\/\/alphalearning.com\/fr\/presse-internationale\/\">Alphalearning dans la presse internationale<\/a><br><a href=\"https:\/\/alphalearning.com\/fr\/introduction-equilibre-cerebral\/\">Introduction \u00e0 l\u2019\u00e9quilibre c\u00e9r\u00e9bral<\/a><br><a href=\"https:\/\/alphalearning.com\/fr\/que-sont-ondes-cerebrales-alpha-theta\/\">Qu\u2019est-ce que les ondes c\u00e9r\u00e9brales Alpha et Th\u00eata\u202f?<\/a><\/p>\n<\/div><\/div>\n","protected":false},"excerpt":{"rendered":"<p>Cours d\u2019Application Professionnelle Pourquoi le Cours d\u2019Application Professionnelle ? Le Cours d\u2019Application Professionnelle est sp\u00e9cialement con\u00e7u pour les professionnels souhaitant [&hellip;]<\/p>\n","protected":false},"author":2,"featured_media":0,"parent":13512,"menu_order":535,"comment_status":"closed","ping_status":"closed","template":"","meta":{"_uag_custom_page_level_css":"","site-sidebar-layout":"default","site-content-layout":"","ast-site-content-layout":"default","site-content-style":"default","site-sidebar-style":"default","ast-global-header-display":"","ast-banner-title-visibility":"","ast-main-header-display":"","ast-hfb-above-header-display":"","ast-hfb-below-header-display":"","ast-hfb-mobile-header-display":"","site-post-title":"disabled","ast-breadcrumbs-content":"","ast-featured-img":"","footer-sml-layout":"","ast-disable-related-posts":"","theme-transparent-header-meta":"","adv-header-id-meta":"","stick-header-meta":"","header-above-stick-meta":"","header-main-stick-meta":"","header-below-stick-meta":"","astra-migrate-meta-layouts":"default","ast-page-background-enabled":"default","ast-page-background-meta":{"desktop":{"background-color":"var(--ast-global-color-4)","background-image":"","background-repeat":"repeat","background-position":"center center","background-size":"auto","background-attachment":"scroll","background-type":"","background-media":"","overlay-type":"","overlay-color":"","overlay-opacity":"","overlay-gradient":""},"tablet":{"background-color":"","background-image":"","background-repeat":"repeat","background-position":"center center","background-size":"auto","background-attachment":"scroll","background-type":"","background-media":"","overlay-type":"","overlay-color":"","overlay-opacity":"","overlay-gradient":""},"mobile":{"background-color":"","background-image":"","background-repeat":"repeat","background-position":"center center","background-size":"auto","background-attachment":"scroll","background-type":"","background-media":"","overlay-type":"","overlay-color":"","overlay-opacity":"","overlay-gradient":""}},"ast-content-background-meta":{"desktop":{"background-color":"var(--ast-global-color-5)","background-image":"","background-repeat":"repeat","background-position":"center center","background-size":"auto","background-attachment":"scroll","background-type":"","background-media":"","overlay-type":"","overlay-color":"","overlay-opacity":"","overlay-gradient":""},"tablet":{"background-color":"var(--ast-global-color-5)","background-image":"","background-repeat":"repeat","background-position":"center center","background-size":"auto","background-attachment":"scroll","background-type":"","background-media":"","overlay-type":"","overlay-color":"","overlay-opacity":"","overlay-gradient":""},"mobile":{"background-color":"var(--ast-global-color-5)","background-image":"","background-repeat":"repeat","background-position":"center center","background-size":"auto","background-attachment":"scroll","background-type":"","background-media":"","overlay-type":"","overlay-color":"","overlay-opacity":"","overlay-gradient":""}},"footnotes":""},"class_list":["post-13565","page","type-page","status-publish","hentry"],"yoast_head":"<!-- This site is optimized with the Yoast SEO plugin v27.1.1 - https:\/\/yoast.com\/product\/yoast-seo-wordpress\/ -->\n<title>Cours Professionnel d\u2019Alphalearning : \u00c9levez Votre Pratique<\/title>\n<meta name=\"description\" content=\"\u00c9levez votre pratique professionnelle gr\u00e2ce au cours intensif d&#039;Alphalearning. Stimulez vos performances cognitives sur le long terme.\" \/>\n<meta name=\"robots\" content=\"index, follow, max-snippet:-1, max-image-preview:large, max-video-preview:-1\" \/>\n<link rel=\"canonical\" href=\"https:\/\/alphalearning.com\/fr\/nos-services\/cours-application-professionnelle\/\" \/>\n<meta property=\"og:locale\" content=\"fr_FR\" \/>\n<meta property=\"og:type\" content=\"article\" \/>\n<meta property=\"og:title\" content=\"Cours Professionnel d\u2019Alphalearning : \u00c9levez Votre Pratique\" \/>\n<meta property=\"og:description\" content=\"\u00c9levez votre pratique professionnelle gr\u00e2ce au cours intensif d&#039;Alphalearning. Stimulez vos performances cognitives sur le long terme.\" \/>\n<meta property=\"og:url\" content=\"https:\/\/alphalearning.com\/fr\/nos-services\/cours-application-professionnelle\/\" \/>\n<meta property=\"og:site_name\" content=\"Alphalearning International\" \/>\n<meta property=\"article:modified_time\" content=\"2025-05-12T08:53:59+00:00\" \/>\n<meta property=\"og:image\" content=\"https:\/\/alphalearning.com\/wp-content\/uploads\/2024\/04\/alphalearning-logo_red_1200x675px.png\" \/>\n\t<meta property=\"og:image:width\" content=\"1200\" \/>\n\t<meta property=\"og:image:height\" content=\"675\" \/>\n\t<meta property=\"og:image:type\" content=\"image\/png\" \/>\n<meta name=\"twitter:card\" content=\"summary_large_image\" \/>\n<meta name=\"twitter:label1\" content=\"Est. reading time\" \/>\n\t<meta name=\"twitter:data1\" content=\"3 minutes\" \/>\n<!-- \/ Yoast SEO plugin. -->","yoast_head_json":{"title":"Cours Professionnel d\u2019Alphalearning : \u00c9levez Votre Pratique","description":"\u00c9levez votre pratique professionnelle gr\u00e2ce au cours intensif d'Alphalearning. Stimulez vos performances cognitives sur le long terme.","robots":{"index":"index","follow":"follow","max-snippet":"max-snippet:-1","max-image-preview":"max-image-preview:large","max-video-preview":"max-video-preview:-1"},"canonical":"https:\/\/alphalearning.com\/fr\/nos-services\/cours-application-professionnelle\/","og_locale":"fr_FR","og_type":"article","og_title":"Cours Professionnel d\u2019Alphalearning : \u00c9levez Votre Pratique","og_description":"\u00c9levez votre pratique professionnelle gr\u00e2ce au cours intensif d'Alphalearning. Stimulez vos performances cognitives sur le long terme.","og_url":"https:\/\/alphalearning.com\/fr\/nos-services\/cours-application-professionnelle\/","og_site_name":"Alphalearning International","article_modified_time":"2025-05-12T08:53:59+00:00","og_image":[{"width":1200,"height":675,"url":"https:\/\/alphalearning.com\/wp-content\/uploads\/2024\/04\/alphalearning-logo_red_1200x675px.png","type":"image\/png"}],"twitter_card":"summary_large_image","twitter_misc":{"Est. reading time":"3 minutes"},"schema":{"@context":"https:\/\/schema.org","@graph":[{"@type":"WebPage","@id":"https:\/\/alphalearning.com\/fr\/nos-services\/cours-application-professionnelle\/","url":"https:\/\/alphalearning.com\/fr\/nos-services\/cours-application-professionnelle\/","name":"Cours Professionnel d\u2019Alphalearning : \u00c9levez Votre Pratique","isPartOf":{"@id":"https:\/\/alphalearning.com\/fr\/#website"},"datePublished":"2024-03-27T16:44:51+00:00","dateModified":"2025-05-12T08:53:59+00:00","description":"\u00c9levez votre pratique professionnelle gr\u00e2ce au cours intensif d'Alphalearning. Stimulez vos performances cognitives sur le long terme.","breadcrumb":{"@id":"https:\/\/alphalearning.com\/fr\/nos-services\/cours-application-professionnelle\/#breadcrumb"},"inLanguage":"fr","potentialAction":[{"@type":"ReadAction","target":["https:\/\/alphalearning.com\/fr\/nos-services\/cours-application-professionnelle\/"]}]},{"@type":"BreadcrumbList","@id":"https:\/\/alphalearning.com\/fr\/nos-services\/cours-application-professionnelle\/#breadcrumb","itemListElement":[{"@type":"ListItem","position":1,"name":"Home","item":"https:\/\/alphalearning.com\/fr\/"},{"@type":"ListItem","position":2,"name":"Nos Services","item":"https:\/\/alphalearning.com\/fr\/nos-services\/"},{"@type":"ListItem","position":3,"name":"Cours d&#8217;Application Professionnelle"}]},{"@type":"WebSite","@id":"https:\/\/alphalearning.com\/fr\/#website","url":"https:\/\/alphalearning.com\/fr\/","name":"Alphalearning International","description":"the brain training institute","publisher":{"@id":"https:\/\/alphalearning.com\/fr\/#organization"},"potentialAction":[{"@type":"SearchAction","target":{"@type":"EntryPoint","urlTemplate":"https:\/\/alphalearning.com\/fr\/?s={search_term_string}"},"query-input":{"@type":"PropertyValueSpecification","valueRequired":true,"valueName":"search_term_string"}}],"inLanguage":"fr"},{"@type":"Organization","@id":"https:\/\/alphalearning.com\/fr\/#organization","name":"Alphalearning International","url":"https:\/\/alphalearning.com\/fr\/","logo":{"@type":"ImageObject","inLanguage":"fr","@id":"https:\/\/alphalearning.com\/fr\/#\/schema\/logo\/image\/","url":"https:\/\/alphalearning.com\/wp-content\/uploads\/2024\/03\/alphalearning_ico2_512px.png","contentUrl":"https:\/\/alphalearning.com\/wp-content\/uploads\/2024\/03\/alphalearning_ico2_512px.png","width":512,"height":512,"caption":"Alphalearning International"},"image":{"@id":"https:\/\/alphalearning.com\/fr\/#\/schema\/logo\/image\/"}}]}},"uagb_featured_image_src":{"full":false,"thumbnail":false,"medium":false,"medium_large":false,"large":false,"1536x1536":false,"2048x2048":false,"gform-image-choice-sm":false,"gform-image-choice-md":false,"gform-image-choice-lg":false},"uagb_author_info":{"display_name":"Julio Machado","author_link":"https:\/\/alphalearning.com\/fr\/author\/julio-machado\/"},"uagb_comment_info":0,"uagb_excerpt":"Cours d\u2019Application Professionnelle Pourquoi le Cours d\u2019Application Professionnelle ? Le Cours d\u2019Application Professionnelle est sp\u00e9cialement con\u00e7u pour les professionnels souhaitant [&hellip;]","_links":{"self":[{"href":"https:\/\/alphalearning.com\/fr\/wp-json\/wp\/v2\/pages\/13565","targetHints":{"allow":["GET"]}}],"collection":[{"href":"https:\/\/alphalearning.com\/fr\/wp-json\/wp\/v2\/pages"}],"about":[{"href":"https:\/\/alphalearning.com\/fr\/wp-json\/wp\/v2\/types\/page"}],"author":[{"embeddable":true,"href":"https:\/\/alphalearning.com\/fr\/wp-json\/wp\/v2\/users\/2"}],"replies":[{"embeddable":true,"href":"https:\/\/alphalearning.com\/fr\/wp-json\/wp\/v2\/comments?post=13565"}],"version-history":[{"count":3,"href":"https:\/\/alphalearning.com\/fr\/wp-json\/wp\/v2\/pages\/13565\/revisions"}],"predecessor-version":[{"id":15326,"href":"https:\/\/alphalearning.com\/fr\/wp-json\/wp\/v2\/pages\/13565\/revisions\/15326"}],"up":[{"embeddable":true,"href":"https:\/\/alphalearning.com\/fr\/wp-json\/wp\/v2\/pages\/13512"}],"wp:attachment":[{"href":"https:\/\/alphalearning.com\/fr\/wp-json\/wp\/v2\/media?parent=13565"}],"curies":[{"name":"wp","href":"https:\/\/api.w.org\/{rel}","templated":true}]}}