{"id":13558,"date":"2024-03-27T16:44:36","date_gmt":"2024-03-27T16:44:36","guid":{"rendered":"https:\/\/alphalearning.com\/nos-services\/intensive-private-course\/"},"modified":"2025-05-01T06:02:04","modified_gmt":"2025-05-01T05:02:04","slug":"cours-prive-intensif","status":"publish","type":"page","link":"https:\/\/alphalearning.com\/fr\/nos-services\/cours-prive-intensif\/","title":{"rendered":"Cours Priv\u00e9 Intensif Apprendre \u00e0 Apprendre"},"content":{"rendered":"\n<div class=\"wp-block-uagb-advanced-heading uagb-block-3de2a146\"><h1 class=\"uagb-heading-text\">Cours Priv\u00e9 Intensif<\/h1><\/div>\n\n\n\n<div class=\"wp-block-uagb-container uagb-block-bb3b9bf4 alignfull uagb-is-root-container\"><div class=\"uagb-container-inner-blocks-wrap\">\n<div class=\"wp-block-uagb-advanced-heading uagb-block-908d6cfc\"><h2 class=\"uagb-heading-text\">Pourquoi le Cours Priv\u00e9 Intensif Apprendre \u00e0 Apprendre ?<\/h2><\/div>\n\n\n\n<p>Bienvenue au <strong>Cours Priv\u00e9 Intensif Apprendre \u00e0 Apprendre<\/strong> d\u2019Alphalearning, une version acc\u00e9l\u00e9r\u00e9e de notre Cours Apprendre \u00e0 Apprendre. Con\u00e7u pour les personnes au planning charg\u00e9, ce format condens\u00e9 se d\u00e9roule sur trois jours, avec des sessions compl\u00e8tes de dix heures chacune.<\/p>\n\n\n\n<p>L\u2019apprentissage est essentiel pour le d\u00e9veloppement personnel et professionnel. Le Cours Priv\u00e9 Intensif Apprendre \u00e0 Apprendre acc\u00e9l\u00e8re ce processus, en adaptant nos techniques \u00e9prouv\u00e9es \u00e0 un emploi du temps plus serr\u00e9, sans compromettre la profondeur de l\u2019apprentissage ni l\u2019attention personnalis\u00e9e.<\/p>\n\n\n\n<p>Dans le Cours Priv\u00e9 Intensif Apprendre \u00e0 Apprendre, nous offrons une exp\u00e9rience d\u2019apprentissage personnalis\u00e9e et cibl\u00e9e, vous permettant de ma\u00eetriser et de contr\u00f4ler vos fr\u00e9quences c\u00e9r\u00e9brales en un laps de temps plus court. Ce cours est id\u00e9al pour celles et ceux qui pr\u00e9f\u00e8rent ou n\u00e9cessitent un format d&#8217;apprentissage plus intense.<\/p>\n\n\n\n<p>Le cours commence par une <strong>vid\u00e9oconf\u00e9rence<\/strong> initiale visant \u00e0 comprendre vos objectifs sp\u00e9cifiques, suivie d\u2019une formation intensive de trois jours con\u00e7ue pour s\u2019int\u00e9grer \u00e0 votre vie active.<\/p>\n\n\n\n<div class=\"wp-block-uagb-advanced-heading uagb-block-619c9ed6\"><h2 class=\"uagb-heading-text\">\u00c0 propos de ce cours<\/h2><\/div>\n\n\n\n<p>Con\u00e7u pour vous doter de <strong>techniques novatrices<\/strong> dans un laps de temps condens\u00e9, ce cours s\u2019appuie sur le Syst\u00e8me Brainwave III \u00e0 la pointe de la technologie pour renforcer vos capacit\u00e9s cognitives, garantissant une ma\u00eetrise compl\u00e8te des comp\u00e9tences d\u2019apprentissage en seulement trois jours.<\/p>\n\n\n\n<p>Une fois le cours termin\u00e9, vous disposerez de votre propre <a href=\"https:\/\/alphalearning.com\/fr\/brainwave\/\">Syst\u00e8me Brainwave III<\/a>, ce qui vous permettra de continuer \u00e0 d\u00e9velopper vos comp\u00e9tences avec le soutien d\u2019Alphalearning International.<\/p>\n\n\n\n<p>\u00c0 la fin du cours, vous serez en mesure de piloter imm\u00e9diatement votre cerveau pour atteindre les quatre principales fr\u00e9quences d\u2019ondes c\u00e9r\u00e9brales, facilitant ainsi votre relaxation, l\u2019am\u00e9lioration de votre m\u00e9moire, le renforcement de vos capacit\u00e9s d\u2019apprentissage et la r\u00e9solution de probl\u00e8mes.<\/p>\n\n\n\n<div class=\"wp-block-uagb-advanced-heading uagb-block-306fefce\"><h2 class=\"uagb-heading-text\">\u00c0 qui s\u2019adresse ce cours ?<\/h2><\/div>\n\n\n\n<p>Ce cours est sp\u00e9cialement con\u00e7u pour les personnes \u00e0 la recherche d\u2019une exp\u00e9rience d\u2019apprentissage acc\u00e9l\u00e9r\u00e9e. Il est id\u00e9al pour celles et ceux qui pr\u00e9f\u00e8rent un environnement d\u2019apprentissage individuel ou dont le temps est limit\u00e9, mais qui souhaitent tout de m\u00eame profiter des m\u00e9thodes compl\u00e8tes d\u2019entra\u00eenement c\u00e9r\u00e9bral d\u2019Alphalearning.<\/p>\n\n\n\n<div class=\"wp-block-uagb-advanced-heading uagb-block-bfe18b56\"><h2 class=\"uagb-heading-text\">Structure du cours<\/h2><\/div>\n\n\n\n<p><strong>Le Cours Priv\u00e9 Intensif<\/strong> est une formation intensive de trois jours, hautement cibl\u00e9e, offrant une approche personnalis\u00e9e pour r\u00e9pondre \u00e0 vos besoins d\u2019apprentissage sp\u00e9cifiques. Chaque journ\u00e9e comporte dix heures de sessions consacr\u00e9es \u00e0 la fois \u00e0 l\u2019apprentissage pratique et th\u00e9orique avec le Syst\u00e8me Brainwave III.<\/p>\n\n\n\n<div class=\"wp-block-uagb-advanced-heading uagb-block-b599dd31\"><h2 class=\"uagb-heading-text\">Ce que vous allez apprendre<\/h2><\/div>\n\n\n\n<ul class=\"wp-block-list\">\n<li>Des techniques d\u2019apprentissage acc\u00e9l\u00e9r\u00e9 pour stimuler votre \u00e9volution personnelle et professionnelle.<\/li>\n\n\n\n<li>L\u2019utilisation efficace de l\u2019\u00e9quipement Brainwave III afin d\u2019am\u00e9liorer la clart\u00e9 mentale et la concentration.<\/li>\n\n\n\n<li>La ma\u00eetrise pratique du Syst\u00e8me Brainwave III pour favoriser l\u2019am\u00e9lioration continue de vos performances.<\/li>\n\n\n\n<li>Des strat\u00e9gies pour renforcer la m\u00e9moire, augmenter la vitesse de lecture, am\u00e9liorer la compr\u00e9hension et mieux g\u00e9rer le stress.<\/li>\n\n\n\n<li>Des techniques personnalis\u00e9es vous permettant d\u2019atteindre rapidement des fr\u00e9quences c\u00e9r\u00e9brales optimales pour l\u2019apprentissage et la r\u00e9solution de probl\u00e8mes.<\/li>\n<\/ul>\n\n\n\n<div class=\"wp-block-uagb-advanced-heading uagb-block-48f3db1c\"><h2 class=\"uagb-heading-text\">Avantages suppl\u00e9mentaires du cours<\/h2><\/div>\n\n\n\n<p>Au-del\u00e0 de l\u2019apprentissage du contr\u00f4le des fr\u00e9quences c\u00e9r\u00e9brales, le Cours Priv\u00e9 Intensif Apprendre \u00e0 Apprendre offre\u202f:<\/p>\n\n\n\n<ul class=\"wp-block-list\">\n<li>Un renforcement des capacit\u00e9s cognitives et une augmentation du QI dans un format condens\u00e9.<\/li>\n\n\n\n<li>Une base solide pour l\u2019apprentissage tout au long de la vie et le d\u00e9veloppement personnel.<\/li>\n\n\n\n<li>Un acc\u00e8s exclusif aux technologies et techniques pionni\u00e8res d\u2019Alphalearning.<\/li>\n\n\n\n<li>Une am\u00e9lioration de la prise de d\u00e9cision, de la concentration et de la gestion du stress.<\/li>\n\n\n\n<li>Une grande flexibilit\u00e9 horaire pour s\u2019adapter facilement \u00e0 votre rythme de vie.<\/li>\n<\/ul>\n\n\n\n<div class=\"wp-block-uagb-advanced-heading uagb-block-32b2b43a\"><h2 class=\"uagb-heading-text\">Comment s\u2019inscrire<\/h2><\/div>\n\n\n\n<p>Nous vous invitons \u00e0 <a href=\"https:\/\/alphalearning.com\/personalised-consultation\/\">r\u00e9server votre Consultation Personnalis\u00e9e<\/a> pour entamer votre parcours avec le Cours Priv\u00e9 Intensif Apprendre \u00e0 Apprendre d\u2019Alphalearning. Adaptez votre exp\u00e9rience d\u2019apprentissage \u00e0 vos besoins et \u00e0 votre emploi du temps. <a href=\"https:\/\/alphalearning.com\/personalised-consultation\/\"><strong>R\u00e9servez votre Consultation Personnalis\u00e9e d\u00e8s aujourd\u2019hui<\/strong><\/a>.<\/p>\n<\/div><\/div>\n\n\n\n<div class=\"wp-block-uagb-container uagb-block-e7248b38 alignfull uagb-is-root-container\"><div class=\"uagb-container-inner-blocks-wrap\">\n<div class=\"wp-block-uagb-container uagb-block-1ec55a6b\">\n<div class=\"wp-block-uagb-buttons uagb-buttons__outer-wrap uagb-btn__default-btn uagb-btn-tablet__default-btn uagb-btn-mobile__default-btn uagb-block-379c62b6\"><div class=\"uagb-buttons__wrap uagb-buttons-layout-wrap \">\n<div class=\"wp-block-uagb-buttons-child uagb-buttons__outer-wrap uagb-block-31b8dfca wp-block-button\"><div class=\"uagb-button__wrapper\"><a class=\"uagb-buttons-repeater wp-block-button__link\" aria-label=\"\" href=\"https:\/\/alphalearning.com\/fr\/consultation-personnalisee\/\" rel=\"nofollow noopener\" target=\"_self\" role=\"button\"><div class=\"uagb-button__link\">R\u00e9servez votre consultation personnalis\u00e9e<\/div><\/a><\/div><\/div>\n<\/div><\/div>\n<\/div>\n\n\n\n<div class=\"wp-block-uagb-container uagb-block-18fb636a\">\n<div class=\"wp-block-uagb-buttons uagb-buttons__outer-wrap uagb-btn__default-btn uagb-btn-tablet__default-btn uagb-btn-mobile__default-btn uagb-block-cc81ba1e\"><div class=\"uagb-buttons__wrap uagb-buttons-layout-wrap \">\n<div class=\"wp-block-uagb-buttons-child uagb-buttons__outer-wrap uagb-block-248d2c85 wp-block-button\"><div class=\"uagb-button__wrapper\"><a class=\"uagb-buttons-repeater wp-block-button__link\" aria-label=\"\" href=\"https:\/\/alphalearning.com\/fr\/inscription\/\" rel=\"nofollow noopener\" target=\"_self\" role=\"button\"><div class=\"uagb-button__link\">Je suis pr\u00eat(e) \u00e0 commencer l\u2019inscription<\/div><\/a><\/div><\/div>\n<\/div><\/div>\n<\/div>\n<\/div><\/div>\n\n\n\n<div class=\"wp-block-uagb-container uagb-block-3de2eb10 alignfull uagb-is-root-container\"><div class=\"uagb-container-inner-blocks-wrap\">\n<hr class=\"wp-block-separator has-text-color has-alpha-channel-opacity has-background is-style-wide\" style=\"background-color:#f4524d;color:#f4524d\"\/>\n\n\n\n<p class=\"has-text-align-right\"><strong>Lectures compl\u00e9mentaires<\/strong><br><a href=\"https:\/\/alphalearning.com\/fr\/commentaires-clients-alphalearning\/\">Commentaires des clients d\u2019Alphalearning<\/a><br><a href=\"https:\/\/alphalearning.com\/fr\/presse-internationale\/\">Alphalearning dans la presse internationale<\/a><br><a href=\"https:\/\/alphalearning.com\/fr\/introduction-equilibre-cerebral\/\">Introduction \u00e0 l\u2019\u00e9quilibre c\u00e9r\u00e9bral<\/a><br><a href=\"https:\/\/alphalearning.com\/fr\/que-sont-ondes-cerebrales-alpha-theta\/\">Qu\u2019est-ce que les ondes c\u00e9r\u00e9brales Alpha et Th\u00eata\u202f?<\/a><\/p>\n<\/div><\/div>\n","protected":false},"excerpt":{"rendered":"<p>Cours Priv\u00e9 Intensif Pourquoi le Cours Priv\u00e9 Intensif Apprendre \u00e0 Apprendre ? Bienvenue au Cours Priv\u00e9 Intensif Apprendre \u00e0 Apprendre [&hellip;]<\/p>\n","protected":false},"author":2,"featured_media":0,"parent":13512,"menu_order":530,"comment_status":"closed","ping_status":"closed","template":"","meta":{"_uag_custom_page_level_css":"","site-sidebar-layout":"default","site-content-layout":"","ast-site-content-layout":"default","site-content-style":"default","site-sidebar-style":"default","ast-global-header-display":"","ast-banner-title-visibility":"","ast-main-header-display":"","ast-hfb-above-header-display":"","ast-hfb-below-header-display":"","ast-hfb-mobile-header-display":"","site-post-title":"disabled","ast-breadcrumbs-content":"","ast-featured-img":"","footer-sml-layout":"","ast-disable-related-posts":"","theme-transparent-header-meta":"","adv-header-id-meta":"","stick-header-meta":"","header-above-stick-meta":"","header-main-stick-meta":"","header-below-stick-meta":"","astra-migrate-meta-layouts":"default","ast-page-background-enabled":"default","ast-page-background-meta":{"desktop":{"background-color":"var(--ast-global-color-4)","background-image":"","background-repeat":"repeat","background-position":"center center","background-size":"auto","background-attachment":"scroll","background-type":"","background-media":"","overlay-type":"","overlay-color":"","overlay-opacity":"","overlay-gradient":""},"tablet":{"background-color":"","background-image":"","background-repeat":"repeat","background-position":"center center","background-size":"auto","background-attachment":"scroll","background-type":"","background-media":"","overlay-type":"","overlay-color":"","overlay-opacity":"","overlay-gradient":""},"mobile":{"background-color":"","background-image":"","background-repeat":"repeat","background-position":"center center","background-size":"auto","background-attachment":"scroll","background-type":"","background-media":"","overlay-type":"","overlay-color":"","overlay-opacity":"","overlay-gradient":""}},"ast-content-background-meta":{"desktop":{"background-color":"var(--ast-global-color-5)","background-image":"","background-repeat":"repeat","background-position":"center center","background-size":"auto","background-attachment":"scroll","background-type":"","background-media":"","overlay-type":"","overlay-color":"","overlay-opacity":"","overlay-gradient":""},"tablet":{"background-color":"var(--ast-global-color-5)","background-image":"","background-repeat":"repeat","background-position":"center center","background-size":"auto","background-attachment":"scroll","background-type":"","background-media":"","overlay-type":"","overlay-color":"","overlay-opacity":"","overlay-gradient":""},"mobile":{"background-color":"var(--ast-global-color-5)","background-image":"","background-repeat":"repeat","background-position":"center center","background-size":"auto","background-attachment":"scroll","background-type":"","background-media":"","overlay-type":"","overlay-color":"","overlay-opacity":"","overlay-gradient":""}},"footnotes":""},"class_list":["post-13558","page","type-page","status-publish","hentry"],"yoast_head":"<!-- This site is optimized with the Yoast SEO plugin v27.1.1 - https:\/\/yoast.com\/product\/yoast-seo-wordpress\/ -->\n<title>Cours Priv\u00e9 Intensif de 3 Jours | Alphalearning<\/title>\n<meta name=\"description\" content=\"Acc\u00e9l\u00e9rez votre apprentissage, am\u00e9liorez votre m\u00e9moire et renforcez votre concentration avec le cours priv\u00e9 acc\u00e9l\u00e9r\u00e9 d&#039;Alphalearning.\" \/>\n<meta name=\"robots\" content=\"index, follow, max-snippet:-1, max-image-preview:large, max-video-preview:-1\" \/>\n<link rel=\"canonical\" href=\"https:\/\/alphalearning.com\/fr\/nos-services\/cours-prive-intensif\/\" \/>\n<meta property=\"og:locale\" content=\"fr_FR\" \/>\n<meta property=\"og:type\" content=\"article\" \/>\n<meta property=\"og:title\" content=\"Cours Priv\u00e9 Intensif de 3 Jours | Alphalearning\" \/>\n<meta property=\"og:description\" content=\"Acc\u00e9l\u00e9rez votre apprentissage, am\u00e9liorez votre m\u00e9moire et renforcez votre concentration avec le cours priv\u00e9 acc\u00e9l\u00e9r\u00e9 d&#039;Alphalearning.\" \/>\n<meta property=\"og:url\" content=\"https:\/\/alphalearning.com\/fr\/nos-services\/cours-prive-intensif\/\" \/>\n<meta property=\"og:site_name\" content=\"Alphalearning International\" \/>\n<meta property=\"article:modified_time\" content=\"2025-05-01T05:02:04+00:00\" \/>\n<meta property=\"og:image\" content=\"https:\/\/alphalearning.com\/wp-content\/uploads\/2024\/04\/alphalearning-logo_red_1200x675px.png\" \/>\n\t<meta property=\"og:image:width\" content=\"1200\" \/>\n\t<meta property=\"og:image:height\" content=\"675\" \/>\n\t<meta property=\"og:image:type\" content=\"image\/png\" \/>\n<meta name=\"twitter:card\" content=\"summary_large_image\" \/>\n<meta name=\"twitter:label1\" content=\"Est. reading time\" \/>\n\t<meta name=\"twitter:data1\" content=\"3 minutes\" \/>\n<!-- \/ Yoast SEO plugin. -->","yoast_head_json":{"title":"Cours Priv\u00e9 Intensif de 3 Jours | Alphalearning","description":"Acc\u00e9l\u00e9rez votre apprentissage, am\u00e9liorez votre m\u00e9moire et renforcez votre concentration avec le cours priv\u00e9 acc\u00e9l\u00e9r\u00e9 d'Alphalearning.","robots":{"index":"index","follow":"follow","max-snippet":"max-snippet:-1","max-image-preview":"max-image-preview:large","max-video-preview":"max-video-preview:-1"},"canonical":"https:\/\/alphalearning.com\/fr\/nos-services\/cours-prive-intensif\/","og_locale":"fr_FR","og_type":"article","og_title":"Cours Priv\u00e9 Intensif de 3 Jours | Alphalearning","og_description":"Acc\u00e9l\u00e9rez votre apprentissage, am\u00e9liorez votre m\u00e9moire et renforcez votre concentration avec le cours priv\u00e9 acc\u00e9l\u00e9r\u00e9 d'Alphalearning.","og_url":"https:\/\/alphalearning.com\/fr\/nos-services\/cours-prive-intensif\/","og_site_name":"Alphalearning International","article_modified_time":"2025-05-01T05:02:04+00:00","og_image":[{"width":1200,"height":675,"url":"https:\/\/alphalearning.com\/wp-content\/uploads\/2024\/04\/alphalearning-logo_red_1200x675px.png","type":"image\/png"}],"twitter_card":"summary_large_image","twitter_misc":{"Est. reading time":"3 minutes"},"schema":{"@context":"https:\/\/schema.org","@graph":[{"@type":"WebPage","@id":"https:\/\/alphalearning.com\/fr\/nos-services\/cours-prive-intensif\/","url":"https:\/\/alphalearning.com\/fr\/nos-services\/cours-prive-intensif\/","name":"Cours Priv\u00e9 Intensif de 3 Jours | Alphalearning","isPartOf":{"@id":"https:\/\/alphalearning.com\/fr\/#website"},"datePublished":"2024-03-27T16:44:36+00:00","dateModified":"2025-05-01T05:02:04+00:00","description":"Acc\u00e9l\u00e9rez votre apprentissage, am\u00e9liorez votre m\u00e9moire et renforcez votre concentration avec le cours priv\u00e9 acc\u00e9l\u00e9r\u00e9 d'Alphalearning.","breadcrumb":{"@id":"https:\/\/alphalearning.com\/fr\/nos-services\/cours-prive-intensif\/#breadcrumb"},"inLanguage":"fr","potentialAction":[{"@type":"ReadAction","target":["https:\/\/alphalearning.com\/fr\/nos-services\/cours-prive-intensif\/"]}]},{"@type":"BreadcrumbList","@id":"https:\/\/alphalearning.com\/fr\/nos-services\/cours-prive-intensif\/#breadcrumb","itemListElement":[{"@type":"ListItem","position":1,"name":"Home","item":"https:\/\/alphalearning.com\/fr\/"},{"@type":"ListItem","position":2,"name":"Nos Services","item":"https:\/\/alphalearning.com\/fr\/nos-services\/"},{"@type":"ListItem","position":3,"name":"Cours Priv\u00e9 Intensif Apprendre \u00e0 Apprendre"}]},{"@type":"WebSite","@id":"https:\/\/alphalearning.com\/fr\/#website","url":"https:\/\/alphalearning.com\/fr\/","name":"Alphalearning International","description":"the brain training institute","publisher":{"@id":"https:\/\/alphalearning.com\/fr\/#organization"},"potentialAction":[{"@type":"SearchAction","target":{"@type":"EntryPoint","urlTemplate":"https:\/\/alphalearning.com\/fr\/?s={search_term_string}"},"query-input":{"@type":"PropertyValueSpecification","valueRequired":true,"valueName":"search_term_string"}}],"inLanguage":"fr"},{"@type":"Organization","@id":"https:\/\/alphalearning.com\/fr\/#organization","name":"Alphalearning International","url":"https:\/\/alphalearning.com\/fr\/","logo":{"@type":"ImageObject","inLanguage":"fr","@id":"https:\/\/alphalearning.com\/fr\/#\/schema\/logo\/image\/","url":"https:\/\/alphalearning.com\/wp-content\/uploads\/2024\/03\/alphalearning_ico2_512px.png","contentUrl":"https:\/\/alphalearning.com\/wp-content\/uploads\/2024\/03\/alphalearning_ico2_512px.png","width":512,"height":512,"caption":"Alphalearning International"},"image":{"@id":"https:\/\/alphalearning.com\/fr\/#\/schema\/logo\/image\/"}}]}},"uagb_featured_image_src":{"full":false,"thumbnail":false,"medium":false,"medium_large":false,"large":false,"1536x1536":false,"2048x2048":false,"gform-image-choice-sm":false,"gform-image-choice-md":false,"gform-image-choice-lg":false},"uagb_author_info":{"display_name":"Julio Machado","author_link":"https:\/\/alphalearning.com\/fr\/author\/julio-machado\/"},"uagb_comment_info":0,"uagb_excerpt":"Cours Priv\u00e9 Intensif Pourquoi le Cours Priv\u00e9 Intensif Apprendre \u00e0 Apprendre ? Bienvenue au Cours Priv\u00e9 Intensif Apprendre \u00e0 Apprendre [&hellip;]","_links":{"self":[{"href":"https:\/\/alphalearning.com\/fr\/wp-json\/wp\/v2\/pages\/13558","targetHints":{"allow":["GET"]}}],"collection":[{"href":"https:\/\/alphalearning.com\/fr\/wp-json\/wp\/v2\/pages"}],"about":[{"href":"https:\/\/alphalearning.com\/fr\/wp-json\/wp\/v2\/types\/page"}],"author":[{"embeddable":true,"href":"https:\/\/alphalearning.com\/fr\/wp-json\/wp\/v2\/users\/2"}],"replies":[{"embeddable":true,"href":"https:\/\/alphalearning.com\/fr\/wp-json\/wp\/v2\/comments?post=13558"}],"version-history":[{"count":5,"href":"https:\/\/alphalearning.com\/fr\/wp-json\/wp\/v2\/pages\/13558\/revisions"}],"predecessor-version":[{"id":15343,"href":"https:\/\/alphalearning.com\/fr\/wp-json\/wp\/v2\/pages\/13558\/revisions\/15343"}],"up":[{"embeddable":true,"href":"https:\/\/alphalearning.com\/fr\/wp-json\/wp\/v2\/pages\/13512"}],"wp:attachment":[{"href":"https:\/\/alphalearning.com\/fr\/wp-json\/wp\/v2\/media?parent=13558"}],"curies":[{"name":"wp","href":"https:\/\/api.w.org\/{rel}","templated":true}]}}