{"id":13551,"date":"2024-03-27T16:44:16","date_gmt":"2024-03-27T16:44:16","guid":{"rendered":"https:\/\/alphalearning.com\/nos-services\/individual-family-course\/"},"modified":"2025-05-05T19:18:35","modified_gmt":"2025-05-05T18:18:35","slug":"cours-individuel-familial","status":"publish","type":"page","link":"https:\/\/alphalearning.com\/fr\/nos-services\/cours-individuel-familial\/","title":{"rendered":"Cours Apprendre \u00e0 Apprendre Individuel ou Familial"},"content":{"rendered":"\n<div class=\"wp-block-uagb-advanced-heading uagb-block-2abc9685\"><h1 class=\"uagb-heading-text\">Cours Apprendre \u00e0 Apprendre individuel ou familial<\/h1><\/div>\n\n\n\n<div class=\"wp-block-uagb-container uagb-block-fdfa9594 alignfull uagb-is-root-container\"><div class=\"uagb-container-inner-blocks-wrap\">\n<div class=\"wp-block-uagb-advanced-heading uagb-block-8d407b25\"><h2 class=\"uagb-heading-text\">Pourquoi Apprendre \u00e0 Apprendre ?<\/h2><\/div>\n\n\n\n<p>Bienvenue au c\u0153ur des exp\u00e9riences d\u2019apprentissage transformatrices d\u2019Alphalearning \u2013 le <strong>Cours Apprendre \u00e0 Apprendre<\/strong>.<\/p>\n\n\n\n<p>Apprendre est instinctif pour tout \u00eatre vivant et essentiel \u00e0 la survie. Si cette capacit\u00e9 est compromise pour une raison quelconque (probl\u00e8mes \u00e0 la naissance, traumatisme physique ou psychologique s\u00e9v\u00e8re), la croissance naturelle sera d\u00e9s\u00e9quilibr\u00e9e, cr\u00e9ant des conflits et des difficult\u00e9s apparemment insolubles, \u00e9trangers au comportement normal de l\u2019individu.<\/p>\n\n\n\n<p>Dans le Cours Apprendre \u00e0 Apprendre, nous apprenons aux individus ainsi qu&#8217;aux familles comment ma\u00eetriser et contr\u00f4ler leurs fr\u00e9quences c\u00e9r\u00e9brales. Ensuite, le processus d\u2019apprentissage commence \u00e0 se d\u00e9rouler correctement, permettant de lib\u00e9rer enti\u00e8rement le potentiel de comp\u00e9tences et de connaissances qui n\u2019avaient pas \u00e9t\u00e9 d\u00e9velopp\u00e9es pleinement auparavant.<\/p>\n\n\n\n<p>Nous consid\u00e9rons que le cours d\u00e9bute d\u00e8s la premi\u00e8re <strong>visioconf\u00e9rence<\/strong>, moment o\u00f9 l\u2019instructeur fait votre connaissance et d\u00e9couvre vos objectifs. C\u2019est \u00e0 ce stade qu\u2019Alphalearning commence \u00e0 d\u00e9finir la feuille de route qui vous permettra d\u2019atteindre ces objectifs en 5 jours de formation.<\/p>\n\n\n\n<div class=\"wp-block-uagb-advanced-heading uagb-block-ee6b7a07\"><h2 class=\"uagb-heading-text\">\u00c0 propos de ce cours<\/h2><\/div>\n\n\n\n<p>Con\u00e7u pour permettre aux individus et aux familles de b\u00e9n\u00e9ficier de <strong>techniques r\u00e9volutionnaires<\/strong>, ce cours s\u2019appuie sur le Syst\u00e8me Brainwave III \u00e0 la pointe de la technologie pour renforcer les capacit\u00e9s cognitives, assurant ainsi une ma\u00eetrise approfondie des comp\u00e9tences d\u2019apprentissage.<\/p>\n\n\n\n<p>Apr\u00e8s le cours, vous disposerez de votre propre <a href=\"https:\/\/alphalearning.com\/fr\/brainwave\/\">Syst\u00e8me Brainwave III<\/a> et continuerez \u00e0 perfectionner vos comp\u00e9tences, toujours avec l\u2019assistance d\u2019Alphalearning International.<\/p>\n\n\n\n<p>Au terme du cinqui\u00e8me jour, vous serez capable de commander votre cerveau pour atteindre imm\u00e9diatement chacune des quatre ondes c\u00e9r\u00e9brales principales :<\/p>\n\n\n\n<ul class=\"wp-block-list\">\n<li><strong>Beta<\/strong> = (14 Hertz) \u2013 la prise de d\u00e9cisions, la logique et la r\u00e9solution de probl\u00e8mes.<\/li>\n\n\n\n<li><strong>Alpha<\/strong> = (7 Hertz) \u2013 l\u2019apprentissage, la lecture et l\u2019\u00e9coute.<\/li>\n\n\n\n<li><strong>Theta<\/strong> = (3 Hertz) \u2013 la m\u00e9moire (m\u00e9morisation et rappel), la cr\u00e9ativit\u00e9 et l\u2019augmentation du quotient intellectuel.<\/li>\n\n\n\n<li><strong>Delta<\/strong> = (1 Hertz) \u2013 la relaxation physique profonde, le contr\u00f4le de la douleur et la lib\u00e9ration du stress.<\/li>\n<\/ul>\n\n\n\n<div class=\"wp-block-uagb-advanced-heading uagb-block-6396ea0e\"><h2 class=\"uagb-heading-text\">\u00c0 qui s\u2019adresse ce cours ?<\/h2><\/div>\n\n\n\n<p>Con\u00e7u pour toute personne souhaitant d\u00e9velopper ses capacit\u00e9s c\u00e9r\u00e9brales, le <strong>Cours individuel ou familial<\/strong> est id\u00e9al pour un maximum de six participants, ce qui le rend parfait pour les familles d\u00e9sireuses d\u2019am\u00e9liorer ensemble leurs capacit\u00e9s d\u2019apprentissage. Nous accueillons des groupes familiaux de deux \u00e0 quatre adultes, avec la possibilit\u00e9 d\u2019inclure des enfants dans les places restantes. Un groupe est consid\u00e9r\u00e9 comme une famille lorsque tous les membres peuvent facilement acc\u00e9der \u00e0 leur \u00c9quipement Brainwave III apr\u00e8s le cours, assurant un chemin commun vers de meilleures performances cognitives et une plus grande efficacit\u00e9 d\u2019apprentissage.<\/p>\n\n\n\n<div class=\"wp-block-uagb-advanced-heading uagb-block-4efb86df\"><h2 class=\"uagb-heading-text\">Structure du cours<\/h2><\/div>\n\n\n\n<p>Ce <strong>cours intensif de cinq jours<\/strong> est con\u00e7u pour r\u00e9pondre aux divers besoins de nos clients, qu\u2019il s\u2019agisse d\u2019individus ou de familles. Chaque journ\u00e9e est minutieusement planifi\u00e9e afin de permettre aux participants de s\u2019immerger pleinement dans nos m\u00e9thodologies d\u2019apprentissage de pointe et dans la technologie Brainwave III. Pendant les cinq jours, vous vous exercerez avec le <a href=\"https:\/\/alphalearning.com\/fr\/brainwave\/\">Syst\u00e8me Brainwave III<\/a>, apprenant \u00e0 contr\u00f4ler et \u00e0 harmoniser vos fr\u00e9quences c\u00e9r\u00e9brales.<\/p>\n\n\n\n<div class=\"wp-block-uagb-advanced-heading uagb-block-30854605\"><h2 class=\"uagb-heading-text\">Ce que vous allez apprendre<\/h2><\/div>\n\n\n\n<ul class=\"wp-block-list\">\n<li>Des techniques avanc\u00e9es <strong>d\u2019apprentissage acc\u00e9l\u00e9r\u00e9<\/strong> pour renforcer vos capacit\u00e9s cognitives.<\/li>\n\n\n\n<li>L\u2019utilisation de <strong>l\u2019\u00e9quipement Brainwave III<\/strong> afin d\u2019am\u00e9liorer la <strong>clart\u00e9 d\u2019esprit, la concentration<\/strong> et <strong>l\u2019attention<\/strong>.<\/li>\n\n\n\n<li><strong>La prise en main pratique de Brainwave III<\/strong>, permettant aux participants de ma\u00eetriser la technologie en toute confiance pour une am\u00e9lioration continue.<\/li>\n\n\n\n<li>La ma\u00eetrise de techniques de <strong>lecture rapide<\/strong> afin d\u2019augmenter la vitesse de lecture d&#8217;au moins 300 %, tout en renfor\u00e7ant la compr\u00e9hension et la r\u00e9tention.<\/li>\n\n\n\n<li>Des techniques de <strong>r\u00e9duction du stress<\/strong> et la recherche d\u2019un <strong>\u00e9tat d\u2019esprit \u00e9quilibr\u00e9<\/strong> qui favorise un meilleur apprentissage.<\/li>\n\n\n\n<li>L\u2019exploration de la science sous-jacente aux <strong>performances c\u00e9r\u00e9brales<\/strong> via une <strong>analyse EEG<\/strong> d\u00e9taill\u00e9e et des <strong>tests de QI reconnus<\/strong>.<\/li>\n\n\n\n<li>Des m\u00e9thodes de <strong>correction de posture et d\u2019alignement physique<\/strong> pour optimiser l\u2019efficacit\u00e9 de l\u2019apprentissage et le fonctionnement du cerveau.<\/li>\n\n\n\n<li>Le d\u00e9veloppement de comp\u00e9tences en <strong>Programmation Neuro-Linguistique (PNL).<\/strong><\/li>\n\n\n\n<li>La ma\u00eetrise des <strong>techniques de visualisation<\/strong> pour stimuler la m\u00e9moire et la pens\u00e9e cr\u00e9ative, gr\u00e2ce \u00e0 des exercices en ondes c\u00e9r\u00e9brales Theta.<\/li>\n\n\n\n<li><strong>La Straight-A Study Technique<\/strong>, qui offre des bases solides pour adopter des <strong>habitudes d\u2019\u00e9tude efficaces<\/strong>, garantir une r\u00e9tention \u00e0 long terme et approfondir la compr\u00e9hension.<\/li>\n\n\n\n<li><strong>L\u2019acquisition acc\u00e9l\u00e9r\u00e9e d\u2019une langue<\/strong> par l\u2019optimisation des ondes c\u00e9r\u00e9brales, permettant d\u2019am\u00e9liorer rapidement ses comp\u00e9tences linguistiques.<\/li>\n\n\n\n<li>Des exercices et pratiques pour atteindre et maintenir <strong>l\u2019\u00e9tat Alpha<\/strong>, optimal pour l\u2019apprentissage.<\/li>\n\n\n\n<li>L\u2019application des <strong>\u00e9tats c\u00e9r\u00e9braux Alpha et Theta<\/strong> afin de d\u00e9velopper la r\u00e9solution cr\u00e9ative de probl\u00e8mes et la r\u00e9flexion innovante.<\/li>\n<\/ul>\n\n\n\n<div class=\"wp-block-uagb-advanced-heading uagb-block-a3063133\"><h2 class=\"uagb-heading-text\">B\u00e9n\u00e9fices suppl\u00e9mentaires du cours<\/h2><\/div>\n\n\n\n<p>En plus de pouvoir commander imm\u00e9diatement votre cerveau afin d\u2019atteindre chacune des quatre ondes c\u00e9r\u00e9brales principales, vous b\u00e9n\u00e9ficierez des avantages suivants :<\/p>\n\n\n\n<ul class=\"wp-block-list\">\n<li>Des <strong>liens familiaux<\/strong> renforc\u00e9s gr\u00e2ce \u00e0 des exp\u00e9riences d\u2019apprentissage partag\u00e9es.<\/li>\n\n\n\n<li>Une am\u00e9lioration des <strong>capacit\u00e9s cognitives<\/strong> pour les adultes et les enfants, incluant <strong>une hausse du QI<\/strong>.<\/li>\n\n\n\n<li>Une base solide pour <strong>l\u2019apprentissage tout au long de la vie et le d\u00e9veloppement personnel.<\/strong><\/li>\n\n\n\n<li>Un acc\u00e8s \u00e0 la technologie et aux techniques <strong>exclusives<\/strong> d\u2019Alphalearning.<\/li>\n\n\n\n<li>De meilleures capacit\u00e9s de <strong>prise de d\u00e9cision<\/strong>.<\/li>\n\n\n\n<li>La ma\u00eetrise des <strong>\u00e9tats modifi\u00e9s de conscience.<\/strong><\/li>\n\n\n\n<li>Une am\u00e9lioration de la <strong>concentration et de l\u2019attention.<\/strong><\/li>\n\n\n\n<li>Une <strong>r\u00e9duction drastique du stress.<\/strong><\/li>\n\n\n\n<li>Un <strong>\u00e9quilibre mental et physique<\/strong> accru, avec un meilleur contr\u00f4le de soi.<\/li>\n\n\n\n<li><strong>Le contr\u00f4le de la douleur.<\/strong><\/li>\n\n\n\n<li><strong>La gu\u00e9rison de la dyslexie<\/strong> (pour les personnes dyslexiques).<\/li>\n\n\n\n<li>L\u2019am\u00e9lioration de la <strong>posture.<\/strong><\/li>\n<\/ul>\n\n\n\n<div class=\"wp-block-uagb-advanced-heading uagb-block-3073be81\"><h2 class=\"uagb-heading-text\">Comment s\u2019inscrire<\/h2><\/div>\n\n\n\n<p>Embarquez dans votre parcours d\u2019apprentissage transformateur avec le Cours Apprendre \u00e0 Apprendre d\u2019Alphalearning. Nous vous invitons \u00e0 <a href=\"https:\/\/alphalearning.com\/personalised-consultation\/\">r\u00e9server d\u00e8s aujourd\u2019hui votre Consultation Personnalis\u00e9e<\/a>. Notre \u00e9quipe d\u2019experts adaptera votre exp\u00e9rience d\u2019apprentissage \u00e0 vos aspirations et objectifs, qu\u2019ils soient individuels ou familiaux. <a href=\"https:\/\/alphalearning.com\/personalised-consultation\/\"><strong>R\u00e9servez votre consultation ici<\/strong><\/a>.<\/p>\n<\/div><\/div>\n\n\n\n<div class=\"wp-block-uagb-container uagb-block-e7248b38 alignfull uagb-is-root-container\"><div class=\"uagb-container-inner-blocks-wrap\">\n<div class=\"wp-block-uagb-container uagb-block-1ec55a6b\">\n<div class=\"wp-block-uagb-buttons uagb-buttons__outer-wrap uagb-btn__default-btn uagb-btn-tablet__default-btn uagb-btn-mobile__default-btn uagb-block-379c62b6\"><div class=\"uagb-buttons__wrap uagb-buttons-layout-wrap \">\n<div class=\"wp-block-uagb-buttons-child uagb-buttons__outer-wrap uagb-block-31b8dfca wp-block-button\"><div class=\"uagb-button__wrapper\"><a class=\"uagb-buttons-repeater wp-block-button__link\" aria-label=\"\" href=\"https:\/\/alphalearning.com\/fr\/consultation-personnalisee\/\" rel=\"nofollow noopener\" target=\"_self\" role=\"button\"><div class=\"uagb-button__link\">R\u00e9servez votre consultation personnalis\u00e9e<\/div><\/a><\/div><\/div>\n<\/div><\/div>\n<\/div>\n\n\n\n<div class=\"wp-block-uagb-container uagb-block-18fb636a\">\n<div class=\"wp-block-uagb-buttons uagb-buttons__outer-wrap uagb-btn__default-btn uagb-btn-tablet__default-btn uagb-btn-mobile__default-btn uagb-block-cc81ba1e\"><div class=\"uagb-buttons__wrap uagb-buttons-layout-wrap \">\n<div class=\"wp-block-uagb-buttons-child uagb-buttons__outer-wrap uagb-block-248d2c85 wp-block-button\"><div class=\"uagb-button__wrapper\"><a class=\"uagb-buttons-repeater wp-block-button__link\" aria-label=\"\" href=\"https:\/\/alphalearning.com\/fr\/inscription\/\" rel=\"nofollow noopener\" target=\"_self\" role=\"button\"><div class=\"uagb-button__link\">Je suis pr\u00eat(e) \u00e0 commencer l\u2019inscription<\/div><\/a><\/div><\/div>\n<\/div><\/div>\n<\/div>\n<\/div><\/div>\n\n\n\n<div class=\"wp-block-uagb-container uagb-block-3de2eb10 alignfull uagb-is-root-container\"><div class=\"uagb-container-inner-blocks-wrap\">\n<hr class=\"wp-block-separator has-text-color has-alpha-channel-opacity has-background is-style-wide\" style=\"background-color:#f4524d;color:#f4524d\"\/>\n\n\n\n<p class=\"has-text-align-right\"><strong>Lectures compl\u00e9mentaires<\/strong><br><a href=\"https:\/\/alphalearning.com\/fr\/commentaires-clients-alphalearning\/\">Commentaires des clients d\u2019Alphalearning<\/a><br><a href=\"https:\/\/alphalearning.com\/fr\/presse-internationale\/\">Alphalearning dans la presse internationale<\/a><br><a href=\"https:\/\/alphalearning.com\/fr\/introduction-equilibre-cerebral\/\">Introduction \u00e0 l\u2019\u00e9quilibre c\u00e9r\u00e9bral<\/a><br><a href=\"https:\/\/alphalearning.com\/fr\/que-sont-ondes-cerebrales-alpha-theta\/\">Qu\u2019est-ce que les ondes c\u00e9r\u00e9brales Alpha et Th\u00eata\u202f?<\/a><\/p>\n<\/div><\/div>\n","protected":false},"excerpt":{"rendered":"<p>Cours Apprendre \u00e0 Apprendre individuel ou familial Pourquoi Apprendre \u00e0 Apprendre ? Bienvenue au c\u0153ur des exp\u00e9riences d\u2019apprentissage transformatrices d\u2019Alphalearning [&hellip;]<\/p>\n","protected":false},"author":2,"featured_media":0,"parent":13512,"menu_order":525,"comment_status":"closed","ping_status":"closed","template":"","meta":{"_uag_custom_page_level_css":"","site-sidebar-layout":"default","site-content-layout":"","ast-site-content-layout":"default","site-content-style":"default","site-sidebar-style":"default","ast-global-header-display":"","ast-banner-title-visibility":"","ast-main-header-display":"","ast-hfb-above-header-display":"","ast-hfb-below-header-display":"","ast-hfb-mobile-header-display":"","site-post-title":"disabled","ast-breadcrumbs-content":"","ast-featured-img":"","footer-sml-layout":"","ast-disable-related-posts":"","theme-transparent-header-meta":"","adv-header-id-meta":"","stick-header-meta":"","header-above-stick-meta":"","header-main-stick-meta":"","header-below-stick-meta":"","astra-migrate-meta-layouts":"default","ast-page-background-enabled":"default","ast-page-background-meta":{"desktop":{"background-color":"var(--ast-global-color-4)","background-image":"","background-repeat":"repeat","background-position":"center center","background-size":"auto","background-attachment":"scroll","background-type":"","background-media":"","overlay-type":"","overlay-color":"","overlay-opacity":"","overlay-gradient":""},"tablet":{"background-color":"","background-image":"","background-repeat":"repeat","background-position":"center center","background-size":"auto","background-attachment":"scroll","background-type":"","background-media":"","overlay-type":"","overlay-color":"","overlay-opacity":"","overlay-gradient":""},"mobile":{"background-color":"","background-image":"","background-repeat":"repeat","background-position":"center center","background-size":"auto","background-attachment":"scroll","background-type":"","background-media":"","overlay-type":"","overlay-color":"","overlay-opacity":"","overlay-gradient":""}},"ast-content-background-meta":{"desktop":{"background-color":"var(--ast-global-color-5)","background-image":"","background-repeat":"repeat","background-position":"center center","background-size":"auto","background-attachment":"scroll","background-type":"","background-media":"","overlay-type":"","overlay-color":"","overlay-opacity":"","overlay-gradient":""},"tablet":{"background-color":"var(--ast-global-color-5)","background-image":"","background-repeat":"repeat","background-position":"center center","background-size":"auto","background-attachment":"scroll","background-type":"","background-media":"","overlay-type":"","overlay-color":"","overlay-opacity":"","overlay-gradient":""},"mobile":{"background-color":"var(--ast-global-color-5)","background-image":"","background-repeat":"repeat","background-position":"center center","background-size":"auto","background-attachment":"scroll","background-type":"","background-media":"","overlay-type":"","overlay-color":"","overlay-opacity":"","overlay-gradient":""}},"footnotes":""},"class_list":["post-13551","page","type-page","status-publish","hentry"],"yoast_head":"<!-- This site is optimized with the Yoast SEO plugin v27.1.1 - https:\/\/yoast.com\/product\/yoast-seo-wordpress\/ -->\n<title>Lib\u00e9rez votre potentiel en 5 jours : familial ou individuel<\/title>\n<meta name=\"description\" content=\"D\u00e9couvrez le cours 5 jours d\u2019Alphalearning pour booster l\u2019apprentissage et les capacit\u00e9s cognitives avec le syst\u00e8me Brainwave III.\" \/>\n<meta name=\"robots\" content=\"index, follow, max-snippet:-1, max-image-preview:large, max-video-preview:-1\" \/>\n<link rel=\"canonical\" href=\"https:\/\/alphalearning.com\/fr\/nos-services\/cours-individuel-familial\/\" \/>\n<meta property=\"og:locale\" content=\"fr_FR\" \/>\n<meta property=\"og:type\" content=\"article\" \/>\n<meta property=\"og:title\" content=\"Lib\u00e9rez votre potentiel en 5 jours : familial ou individuel\" \/>\n<meta property=\"og:description\" content=\"D\u00e9couvrez le cours 5 jours d\u2019Alphalearning pour booster l\u2019apprentissage et les capacit\u00e9s cognitives avec le syst\u00e8me Brainwave III.\" \/>\n<meta property=\"og:url\" content=\"https:\/\/alphalearning.com\/fr\/nos-services\/cours-individuel-familial\/\" \/>\n<meta property=\"og:site_name\" content=\"Alphalearning International\" \/>\n<meta property=\"article:modified_time\" content=\"2025-05-05T18:18:35+00:00\" \/>\n<meta property=\"og:image\" content=\"https:\/\/alphalearning.com\/wp-content\/uploads\/2024\/04\/alphalearning-logo_red_1200x675px.png\" \/>\n\t<meta property=\"og:image:width\" content=\"1200\" \/>\n\t<meta property=\"og:image:height\" content=\"675\" \/>\n\t<meta property=\"og:image:type\" content=\"image\/png\" \/>\n<meta name=\"twitter:card\" content=\"summary_large_image\" \/>\n<meta name=\"twitter:label1\" content=\"Est. reading time\" \/>\n\t<meta name=\"twitter:data1\" content=\"5 minutes\" \/>\n<!-- \/ Yoast SEO plugin. -->","yoast_head_json":{"title":"Lib\u00e9rez votre potentiel en 5 jours : familial ou individuel","description":"D\u00e9couvrez le cours 5 jours d\u2019Alphalearning pour booster l\u2019apprentissage et les capacit\u00e9s cognitives avec le syst\u00e8me Brainwave III.","robots":{"index":"index","follow":"follow","max-snippet":"max-snippet:-1","max-image-preview":"max-image-preview:large","max-video-preview":"max-video-preview:-1"},"canonical":"https:\/\/alphalearning.com\/fr\/nos-services\/cours-individuel-familial\/","og_locale":"fr_FR","og_type":"article","og_title":"Lib\u00e9rez votre potentiel en 5 jours : familial ou individuel","og_description":"D\u00e9couvrez le cours 5 jours d\u2019Alphalearning pour booster l\u2019apprentissage et les capacit\u00e9s cognitives avec le syst\u00e8me Brainwave III.","og_url":"https:\/\/alphalearning.com\/fr\/nos-services\/cours-individuel-familial\/","og_site_name":"Alphalearning International","article_modified_time":"2025-05-05T18:18:35+00:00","og_image":[{"width":1200,"height":675,"url":"https:\/\/alphalearning.com\/wp-content\/uploads\/2024\/04\/alphalearning-logo_red_1200x675px.png","type":"image\/png"}],"twitter_card":"summary_large_image","twitter_misc":{"Est. reading time":"5 minutes"},"schema":{"@context":"https:\/\/schema.org","@graph":[{"@type":"WebPage","@id":"https:\/\/alphalearning.com\/fr\/nos-services\/cours-individuel-familial\/","url":"https:\/\/alphalearning.com\/fr\/nos-services\/cours-individuel-familial\/","name":"Lib\u00e9rez votre potentiel en 5 jours : familial ou individuel","isPartOf":{"@id":"https:\/\/alphalearning.com\/fr\/#website"},"datePublished":"2024-03-27T16:44:16+00:00","dateModified":"2025-05-05T18:18:35+00:00","description":"D\u00e9couvrez le cours 5 jours d\u2019Alphalearning pour booster l\u2019apprentissage et les capacit\u00e9s cognitives avec le syst\u00e8me Brainwave III.","breadcrumb":{"@id":"https:\/\/alphalearning.com\/fr\/nos-services\/cours-individuel-familial\/#breadcrumb"},"inLanguage":"fr","potentialAction":[{"@type":"ReadAction","target":["https:\/\/alphalearning.com\/fr\/nos-services\/cours-individuel-familial\/"]}]},{"@type":"BreadcrumbList","@id":"https:\/\/alphalearning.com\/fr\/nos-services\/cours-individuel-familial\/#breadcrumb","itemListElement":[{"@type":"ListItem","position":1,"name":"Home","item":"https:\/\/alphalearning.com\/fr\/"},{"@type":"ListItem","position":2,"name":"Nos Services","item":"https:\/\/alphalearning.com\/fr\/nos-services\/"},{"@type":"ListItem","position":3,"name":"Cours Apprendre \u00e0 Apprendre Individuel ou Familial"}]},{"@type":"WebSite","@id":"https:\/\/alphalearning.com\/fr\/#website","url":"https:\/\/alphalearning.com\/fr\/","name":"Alphalearning International","description":"the brain training institute","publisher":{"@id":"https:\/\/alphalearning.com\/fr\/#organization"},"potentialAction":[{"@type":"SearchAction","target":{"@type":"EntryPoint","urlTemplate":"https:\/\/alphalearning.com\/fr\/?s={search_term_string}"},"query-input":{"@type":"PropertyValueSpecification","valueRequired":true,"valueName":"search_term_string"}}],"inLanguage":"fr"},{"@type":"Organization","@id":"https:\/\/alphalearning.com\/fr\/#organization","name":"Alphalearning International","url":"https:\/\/alphalearning.com\/fr\/","logo":{"@type":"ImageObject","inLanguage":"fr","@id":"https:\/\/alphalearning.com\/fr\/#\/schema\/logo\/image\/","url":"https:\/\/alphalearning.com\/wp-content\/uploads\/2024\/03\/alphalearning_ico2_512px.png","contentUrl":"https:\/\/alphalearning.com\/wp-content\/uploads\/2024\/03\/alphalearning_ico2_512px.png","width":512,"height":512,"caption":"Alphalearning International"},"image":{"@id":"https:\/\/alphalearning.com\/fr\/#\/schema\/logo\/image\/"}}]}},"uagb_featured_image_src":{"full":false,"thumbnail":false,"medium":false,"medium_large":false,"large":false,"1536x1536":false,"2048x2048":false,"gform-image-choice-sm":false,"gform-image-choice-md":false,"gform-image-choice-lg":false},"uagb_author_info":{"display_name":"Julio Machado","author_link":"https:\/\/alphalearning.com\/fr\/author\/julio-machado\/"},"uagb_comment_info":0,"uagb_excerpt":"Cours Apprendre \u00e0 Apprendre individuel ou familial Pourquoi Apprendre \u00e0 Apprendre ? Bienvenue au c\u0153ur des exp\u00e9riences d\u2019apprentissage transformatrices d\u2019Alphalearning [&hellip;]","_links":{"self":[{"href":"https:\/\/alphalearning.com\/fr\/wp-json\/wp\/v2\/pages\/13551","targetHints":{"allow":["GET"]}}],"collection":[{"href":"https:\/\/alphalearning.com\/fr\/wp-json\/wp\/v2\/pages"}],"about":[{"href":"https:\/\/alphalearning.com\/fr\/wp-json\/wp\/v2\/types\/page"}],"author":[{"embeddable":true,"href":"https:\/\/alphalearning.com\/fr\/wp-json\/wp\/v2\/users\/2"}],"replies":[{"embeddable":true,"href":"https:\/\/alphalearning.com\/fr\/wp-json\/wp\/v2\/comments?post=13551"}],"version-history":[{"count":4,"href":"https:\/\/alphalearning.com\/fr\/wp-json\/wp\/v2\/pages\/13551\/revisions"}],"predecessor-version":[{"id":15333,"href":"https:\/\/alphalearning.com\/fr\/wp-json\/wp\/v2\/pages\/13551\/revisions\/15333"}],"up":[{"embeddable":true,"href":"https:\/\/alphalearning.com\/fr\/wp-json\/wp\/v2\/pages\/13512"}],"wp:attachment":[{"href":"https:\/\/alphalearning.com\/fr\/wp-json\/wp\/v2\/media?parent=13551"}],"curies":[{"name":"wp","href":"https:\/\/api.w.org\/{rel}","templated":true}]}}