{"id":13543,"date":"2024-03-27T16:44:00","date_gmt":"2024-03-27T16:44:00","guid":{"rendered":"https:\/\/alphalearning.com\/nos-services\/evaluation-session\/"},"modified":"2025-04-29T19:37:26","modified_gmt":"2025-04-29T18:37:26","slug":"session-evaluation","status":"publish","type":"page","link":"https:\/\/alphalearning.com\/fr\/nos-services\/session-evaluation\/","title":{"rendered":"Alphalearning Session d&#8217;\u00c9valuation"},"content":{"rendered":"\n<div class=\"wp-block-uagb-advanced-heading uagb-block-1cb493ba\"><h1 class=\"uagb-heading-text\">Session d\u2019\u00c9valuation<\/h1><\/div>\n\n\n\n<div class=\"wp-block-uagb-container uagb-block-5fa5c57c alignfull uagb-is-root-container\"><div class=\"uagb-container-inner-blocks-wrap\">\n<div class=\"wp-block-uagb-advanced-heading uagb-block-6e980d86\"><h2 class=\"uagb-heading-text\">Introduction \u00e0 la Session d\u2019\u00c9valuation<\/h2><\/div>\n\n\n\n<p>La <strong>Session d\u2019\u00c9valuation<\/strong> offre aux nouveaux clients potentiels l\u2019opportunit\u00e9 unique de d\u00e9couvrir directement l\u2019efficacit\u00e9 de l\u2019\u00e9quipement et des techniques Brainwave III d\u2019Alphalearning. Con\u00e7ue comme un pr\u00e9lude au Cours Apprendre \u00e0 Apprendre, cette session de quatre heures sert de premier point de contact et met en \u00e9vidence le potentiel transformateur de nos m\u00e9thodes.<\/p>\n\n\n\n<p>Initialement con\u00e7ue pour \u00e9valuer l\u2019aptitude des candidats \u00e0 suivre nos cours, la Session d\u2019\u00c9valuation est devenue un outil essentiel pour d\u00e9montrer les avantages imm\u00e9diats de nos techniques d\u2019entra\u00eenement c\u00e9r\u00e9bral, fond\u00e9es sur des mesures EEG en temps r\u00e9el.<\/p>\n\n\n\n<div class=\"wp-block-uagb-advanced-heading uagb-block-4e3b2f60\"><h2 class=\"uagb-heading-text\">\u00c0 quoi s\u2019attendre<\/h2><\/div>\n\n\n\n<p>La Session d\u2019\u00c9valuation comporte quatre \u00e9l\u00e9ments centraux :<\/p>\n\n\n\n<ol class=\"wp-block-list\">\n<li>Commencer par une s\u00e9rie de tests neurologiques et de mesures EEG pour \u00e9valuer l\u2019activit\u00e9 c\u00e9r\u00e9brale avant les stimuli.<\/li>\n\n\n\n<li>Personnaliser l\u2019utilisation de Brainwave III avec des programmes sp\u00e9cifiques pour des stimuli lumineux et sonores, tout en surveillant en continu les ondes c\u00e9r\u00e9brales.<\/li>\n\n\n\n<li>Effectuer des tests neurologiques et des mesures EEG apr\u00e8s les stimuli, similaires aux \u00e9valuations initiales.<\/li>\n\n\n\n<li>Expliquer en d\u00e9tail les r\u00e9sultats, en mettant l\u2019accent sur les am\u00e9liorations possibles et en recommandant des strat\u00e9gies personnalis\u00e9es pour l\u2019utilisation des techniques Alphalearning au quotidien.<\/li>\n<\/ol>\n\n\n\n<div class=\"wp-block-uagb-advanced-heading uagb-block-ae789424\"><h2 class=\"uagb-heading-text\">Options de session<\/h2><\/div>\n\n\n\n<p>Pour r\u00e9pondre aux besoins divers de nos clients, nous proposons plusieurs options pour participer \u00e0 la Session d\u2019\u00c9valuation :<\/p>\n\n\n\n<ul class=\"wp-block-list\">\n<li>Nous rendre visite \u00e0 Braga, au Portugal, pour vivre la session dans nos locaux d\u00e9di\u00e9s.<\/li>\n\n\n\n<li>Pour des sessions \u00e0 distance, si vous connaissez quelqu\u2019un disposant de Brainwave III, la session peut avoir lieu par vid\u00e9oconf\u00e9rence avec son assistance.<\/li>\n\n\n\n<li>Contacter Alphalearning pour \u00eatre mis en relation avec un professionnel dans votre pays, qui utilisera son \u00e9quipement Brainwave III pour animer une session \u00e0 distance.<\/li>\n\n\n\n<li>Une option \u00ab\u202fpartout dans le monde\u202f\u00bb couvrant les frais de d\u00e9placement et d\u2019h\u00e9bergement de l\u2019instructeur pour une session en personne \u00e0 l\u2019endroit de votre choix, moyennant un co\u00fbt suppl\u00e9mentaire.<\/li>\n<\/ul>\n\n\n\n<div class=\"wp-block-uagb-advanced-heading uagb-block-f77d39a4\"><h2 class=\"uagb-heading-text\">D\u00e9couvrez la Diff\u00e9rence Alphalearning<\/h2><\/div>\n\n\n\n<p>Que vous vous int\u00e9ressiez \u00e0 Alphalearning pour un d\u00e9veloppement personnel, une am\u00e9lioration professionnelle ou par simple curiosit\u00e9, la Session d\u2019\u00c9valuation constitue votre porte d\u2019entr\u00e9e pour comprendre comment nos techniques et notre \u00e9quipement peuvent r\u00e9volutionner votre approche de l\u2019apprentissage et de la fonction cognitive. Ressentez l\u2019impact imm\u00e9diat de nos m\u00e9thodes de formation c\u00e9r\u00e9brale et franchissez la premi\u00e8re \u00e9tape vers la lib\u00e9ration de votre plein potentiel.<\/p>\n\n\n\n<p>Pr\u00eat \u00e0 d\u00e9couvrir la puissance d\u2019Alphalearning\u202f? <a href=\"https:\/\/alphalearning.com\/fr\/contact\/\"><strong>Contactez-nous<\/strong><\/a> pour planifier votre Session d\u2019\u00c9valuation et entamez un voyage vers l\u2019am\u00e9lioration de vos capacit\u00e9s cognitives.<\/p>\n<\/div><\/div>\n\n\n\n<div class=\"wp-block-uagb-container uagb-block-3de2eb10 alignfull uagb-is-root-container\"><div class=\"uagb-container-inner-blocks-wrap\">\n<hr class=\"wp-block-separator has-text-color has-alpha-channel-opacity has-background is-style-wide\" style=\"background-color:#f4524d;color:#f4524d\"\/>\n\n\n\n<p class=\"has-text-align-right\"><strong>Lectures compl\u00e9mentaires<\/strong><br><a href=\"https:\/\/alphalearning.com\/fr\/commentaires-clients-alphalearning\/\">Commentaires de clients d\u2019Alphalearning<\/a><br><a href=\"https:\/\/alphalearning.com\/fr\/presse-internationale\/\">Alphalearning dans la presse internationale<\/a><br><a href=\"https:\/\/alphalearning.com\/fr\/introduction-equilibre-cerebral\/\">Introduction \u00e0 l\u2019\u00e9quilibre du cerveau<\/a><br><a href=\"https:\/\/alphalearning.com\/fr\/que-sont-ondes-cerebrales-alpha-theta\/\">Qu\u2019est-ce que les ondes c\u00e9r\u00e9brales Alpha et Th\u00eata ?<\/a><\/p>\n<\/div><\/div>\n","protected":false},"excerpt":{"rendered":"<p>Session d\u2019\u00c9valuation Introduction \u00e0 la Session d\u2019\u00c9valuation La Session d\u2019\u00c9valuation offre aux nouveaux clients potentiels l\u2019opportunit\u00e9 unique de d\u00e9couvrir directement [&hellip;]<\/p>\n","protected":false},"author":2,"featured_media":0,"parent":13512,"menu_order":520,"comment_status":"closed","ping_status":"closed","template":"","meta":{"_uag_custom_page_level_css":"","site-sidebar-layout":"default","site-content-layout":"","ast-site-content-layout":"default","site-content-style":"default","site-sidebar-style":"default","ast-global-header-display":"","ast-banner-title-visibility":"","ast-main-header-display":"","ast-hfb-above-header-display":"","ast-hfb-below-header-display":"","ast-hfb-mobile-header-display":"","site-post-title":"disabled","ast-breadcrumbs-content":"","ast-featured-img":"","footer-sml-layout":"","ast-disable-related-posts":"","theme-transparent-header-meta":"","adv-header-id-meta":"","stick-header-meta":"","header-above-stick-meta":"","header-main-stick-meta":"","header-below-stick-meta":"","astra-migrate-meta-layouts":"default","ast-page-background-enabled":"default","ast-page-background-meta":{"desktop":{"background-color":"var(--ast-global-color-4)","background-image":"","background-repeat":"repeat","background-position":"center center","background-size":"auto","background-attachment":"scroll","background-type":"","background-media":"","overlay-type":"","overlay-color":"","overlay-opacity":"","overlay-gradient":""},"tablet":{"background-color":"","background-image":"","background-repeat":"repeat","background-position":"center center","background-size":"auto","background-attachment":"scroll","background-type":"","background-media":"","overlay-type":"","overlay-color":"","overlay-opacity":"","overlay-gradient":""},"mobile":{"background-color":"","background-image":"","background-repeat":"repeat","background-position":"center center","background-size":"auto","background-attachment":"scroll","background-type":"","background-media":"","overlay-type":"","overlay-color":"","overlay-opacity":"","overlay-gradient":""}},"ast-content-background-meta":{"desktop":{"background-color":"var(--ast-global-color-5)","background-image":"","background-repeat":"repeat","background-position":"center center","background-size":"auto","background-attachment":"scroll","background-type":"","background-media":"","overlay-type":"","overlay-color":"","overlay-opacity":"","overlay-gradient":""},"tablet":{"background-color":"var(--ast-global-color-5)","background-image":"","background-repeat":"repeat","background-position":"center center","background-size":"auto","background-attachment":"scroll","background-type":"","background-media":"","overlay-type":"","overlay-color":"","overlay-opacity":"","overlay-gradient":""},"mobile":{"background-color":"var(--ast-global-color-5)","background-image":"","background-repeat":"repeat","background-position":"center center","background-size":"auto","background-attachment":"scroll","background-type":"","background-media":"","overlay-type":"","overlay-color":"","overlay-opacity":"","overlay-gradient":""}},"footnotes":""},"class_list":["post-13543","page","type-page","status-publish","hentry"],"yoast_head":"<!-- This site is optimized with the Yoast SEO plugin v27.1.1 - https:\/\/yoast.com\/product\/yoast-seo-wordpress\/ -->\n<title>Session d\u2019\u00c9valuation Alphalearning | D\u00e9couvrez votre potentiel<\/title>\n<meta name=\"description\" content=\"D\u00e9couvrez avec notre session initiale de 4\u00a0heures comment les techniques Brainwave\u00a0III peuvent r\u00e9volutionner vos capacit\u00e9s d\u2019apprentissage.\" \/>\n<meta name=\"robots\" content=\"index, follow, max-snippet:-1, max-image-preview:large, max-video-preview:-1\" \/>\n<link rel=\"canonical\" href=\"https:\/\/alphalearning.com\/fr\/nos-services\/session-evaluation\/\" \/>\n<meta property=\"og:locale\" content=\"fr_FR\" \/>\n<meta property=\"og:type\" content=\"article\" \/>\n<meta property=\"og:title\" content=\"Session d\u2019\u00c9valuation Alphalearning | D\u00e9couvrez votre potentiel\" \/>\n<meta property=\"og:description\" content=\"D\u00e9couvrez avec notre session initiale de 4\u00a0heures comment les techniques Brainwave\u00a0III peuvent r\u00e9volutionner vos capacit\u00e9s d\u2019apprentissage.\" \/>\n<meta property=\"og:url\" content=\"https:\/\/alphalearning.com\/fr\/nos-services\/session-evaluation\/\" \/>\n<meta property=\"og:site_name\" content=\"Alphalearning International\" \/>\n<meta property=\"article:modified_time\" content=\"2025-04-29T18:37:26+00:00\" \/>\n<meta property=\"og:image\" content=\"https:\/\/alphalearning.com\/wp-content\/uploads\/2024\/04\/alphalearning-logo_red_1200x675px.png\" \/>\n\t<meta property=\"og:image:width\" content=\"1200\" \/>\n\t<meta property=\"og:image:height\" content=\"675\" \/>\n\t<meta property=\"og:image:type\" content=\"image\/png\" \/>\n<meta name=\"twitter:card\" content=\"summary_large_image\" \/>\n<meta name=\"twitter:label1\" content=\"Est. reading time\" \/>\n\t<meta name=\"twitter:data1\" content=\"2 minutes\" \/>\n<!-- \/ Yoast SEO plugin. -->","yoast_head_json":{"title":"Session d\u2019\u00c9valuation Alphalearning | D\u00e9couvrez votre potentiel","description":"D\u00e9couvrez avec notre session initiale de 4\u00a0heures comment les techniques Brainwave\u00a0III peuvent r\u00e9volutionner vos capacit\u00e9s d\u2019apprentissage.","robots":{"index":"index","follow":"follow","max-snippet":"max-snippet:-1","max-image-preview":"max-image-preview:large","max-video-preview":"max-video-preview:-1"},"canonical":"https:\/\/alphalearning.com\/fr\/nos-services\/session-evaluation\/","og_locale":"fr_FR","og_type":"article","og_title":"Session d\u2019\u00c9valuation Alphalearning | D\u00e9couvrez votre potentiel","og_description":"D\u00e9couvrez avec notre session initiale de 4\u00a0heures comment les techniques Brainwave\u00a0III peuvent r\u00e9volutionner vos capacit\u00e9s d\u2019apprentissage.","og_url":"https:\/\/alphalearning.com\/fr\/nos-services\/session-evaluation\/","og_site_name":"Alphalearning International","article_modified_time":"2025-04-29T18:37:26+00:00","og_image":[{"width":1200,"height":675,"url":"https:\/\/alphalearning.com\/wp-content\/uploads\/2024\/04\/alphalearning-logo_red_1200x675px.png","type":"image\/png"}],"twitter_card":"summary_large_image","twitter_misc":{"Est. reading time":"2 minutes"},"schema":{"@context":"https:\/\/schema.org","@graph":[{"@type":"WebPage","@id":"https:\/\/alphalearning.com\/fr\/nos-services\/session-evaluation\/","url":"https:\/\/alphalearning.com\/fr\/nos-services\/session-evaluation\/","name":"Session d\u2019\u00c9valuation Alphalearning | D\u00e9couvrez votre potentiel","isPartOf":{"@id":"https:\/\/alphalearning.com\/fr\/#website"},"datePublished":"2024-03-27T16:44:00+00:00","dateModified":"2025-04-29T18:37:26+00:00","description":"D\u00e9couvrez avec notre session initiale de 4\u00a0heures comment les techniques Brainwave\u00a0III peuvent r\u00e9volutionner vos capacit\u00e9s d\u2019apprentissage.","breadcrumb":{"@id":"https:\/\/alphalearning.com\/fr\/nos-services\/session-evaluation\/#breadcrumb"},"inLanguage":"fr","potentialAction":[{"@type":"ReadAction","target":["https:\/\/alphalearning.com\/fr\/nos-services\/session-evaluation\/"]}]},{"@type":"BreadcrumbList","@id":"https:\/\/alphalearning.com\/fr\/nos-services\/session-evaluation\/#breadcrumb","itemListElement":[{"@type":"ListItem","position":1,"name":"Home","item":"https:\/\/alphalearning.com\/fr\/"},{"@type":"ListItem","position":2,"name":"Nos Services","item":"https:\/\/alphalearning.com\/fr\/nos-services\/"},{"@type":"ListItem","position":3,"name":"Alphalearning Session d&#8217;\u00c9valuation"}]},{"@type":"WebSite","@id":"https:\/\/alphalearning.com\/fr\/#website","url":"https:\/\/alphalearning.com\/fr\/","name":"Alphalearning International","description":"the brain training institute","publisher":{"@id":"https:\/\/alphalearning.com\/fr\/#organization"},"potentialAction":[{"@type":"SearchAction","target":{"@type":"EntryPoint","urlTemplate":"https:\/\/alphalearning.com\/fr\/?s={search_term_string}"},"query-input":{"@type":"PropertyValueSpecification","valueRequired":true,"valueName":"search_term_string"}}],"inLanguage":"fr"},{"@type":"Organization","@id":"https:\/\/alphalearning.com\/fr\/#organization","name":"Alphalearning International","url":"https:\/\/alphalearning.com\/fr\/","logo":{"@type":"ImageObject","inLanguage":"fr","@id":"https:\/\/alphalearning.com\/fr\/#\/schema\/logo\/image\/","url":"https:\/\/alphalearning.com\/wp-content\/uploads\/2024\/03\/alphalearning_ico2_512px.png","contentUrl":"https:\/\/alphalearning.com\/wp-content\/uploads\/2024\/03\/alphalearning_ico2_512px.png","width":512,"height":512,"caption":"Alphalearning International"},"image":{"@id":"https:\/\/alphalearning.com\/fr\/#\/schema\/logo\/image\/"}}]}},"uagb_featured_image_src":{"full":false,"thumbnail":false,"medium":false,"medium_large":false,"large":false,"1536x1536":false,"2048x2048":false,"gform-image-choice-sm":false,"gform-image-choice-md":false,"gform-image-choice-lg":false},"uagb_author_info":{"display_name":"Julio Machado","author_link":"https:\/\/alphalearning.com\/fr\/author\/julio-machado\/"},"uagb_comment_info":0,"uagb_excerpt":"Session d\u2019\u00c9valuation Introduction \u00e0 la Session d\u2019\u00c9valuation La Session d\u2019\u00c9valuation offre aux nouveaux clients potentiels l\u2019opportunit\u00e9 unique de d\u00e9couvrir directement [&hellip;]","_links":{"self":[{"href":"https:\/\/alphalearning.com\/fr\/wp-json\/wp\/v2\/pages\/13543","targetHints":{"allow":["GET"]}}],"collection":[{"href":"https:\/\/alphalearning.com\/fr\/wp-json\/wp\/v2\/pages"}],"about":[{"href":"https:\/\/alphalearning.com\/fr\/wp-json\/wp\/v2\/types\/page"}],"author":[{"embeddable":true,"href":"https:\/\/alphalearning.com\/fr\/wp-json\/wp\/v2\/users\/2"}],"replies":[{"embeddable":true,"href":"https:\/\/alphalearning.com\/fr\/wp-json\/wp\/v2\/comments?post=13543"}],"version-history":[{"count":3,"href":"https:\/\/alphalearning.com\/fr\/wp-json\/wp\/v2\/pages\/13543\/revisions"}],"predecessor-version":[{"id":15344,"href":"https:\/\/alphalearning.com\/fr\/wp-json\/wp\/v2\/pages\/13543\/revisions\/15344"}],"up":[{"embeddable":true,"href":"https:\/\/alphalearning.com\/fr\/wp-json\/wp\/v2\/pages\/13512"}],"wp:attachment":[{"href":"https:\/\/alphalearning.com\/fr\/wp-json\/wp\/v2\/media?parent=13543"}],"curies":[{"name":"wp","href":"https:\/\/api.w.org\/{rel}","templated":true}]}}