{"id":13535,"date":"2024-03-27T16:43:44","date_gmt":"2024-03-27T16:43:44","guid":{"rendered":"https:\/\/alphalearning.com\/nos-services\/corporate-course\/"},"modified":"2025-05-15T15:41:44","modified_gmt":"2025-05-15T14:41:44","slug":"cours-entreprises","status":"publish","type":"page","link":"https:\/\/alphalearning.com\/fr\/nos-services\/cours-entreprises\/","title":{"rendered":"Alphalearning Cours Apprendre \u00e0 Apprendre pour Entreprises"},"content":{"rendered":"\n<div class=\"wp-block-uagb-advanced-heading uagb-block-c896b855\"><h1 class=\"uagb-heading-text\">Cours pour Entreprises<\/h1><\/div>\n\n\n\n<div class=\"wp-block-uagb-container uagb-block-f08b3372 alignfull uagb-is-root-container\"><div class=\"uagb-container-inner-blocks-wrap\">\n<div class=\"wp-block-uagb-advanced-heading uagb-block-5d87b37b\"><h2 class=\"uagb-heading-text\">Atteindre l\u2019excellence en entreprise avec Alphalearning<\/h2><\/div>\n\n\n\n<p>Le Cours pour Entreprises d\u2019Alphalearning fusionne les principes fondamentaux de notre c\u00e9l\u00e8bre Cours Apprendre \u00e0 Apprendre avec un accent sp\u00e9cialement adapt\u00e9 \u00e0 l\u2019environnement professionnel, offrant ainsi une voie incomparable vers l\u2019excellence en entreprise. Gr\u00e2ce \u00e0 des techniques avanc\u00e9es de formation c\u00e9r\u00e9brale, \u00e0 l\u2019analyse EEG en temps r\u00e9el et \u00e0 l\u2019utilisation novatrice de l\u2019\u00e9quipement Brainwave III, les participants entament un parcours transformateur. Fort de plus de 30 ans d\u2019histoire d\u2019Alphalearning, ce cours est votre passerelle vers une progression cognitive et professionnelle spectaculaire.<\/p>\n\n\n\n<div class=\"wp-block-uagb-advanced-heading uagb-block-893ba876\"><h2 class=\"uagb-heading-text\">Objectifs du Cours<\/h2><\/div>\n\n\n\n<p>Con\u00e7u exclusivement pour les PDG, directeurs et cadres dirigeants, ce cours dote les leaders d\u2019entreprise de comp\u00e9tences cl\u00e9s pour atteindre l\u2019excellence professionnelle. Les participants y ma\u00eetriseront la prise de d\u00e9cision, la communication, l\u2019am\u00e9lioration de la productivit\u00e9 et la gestion du temps, chaque aptitude \u00e9tant enseign\u00e9e m\u00e9ticuleusement pour garantir une compr\u00e9hension et une application compl\u00e8tes dans le milieu professionnel.<\/p>\n\n\n\n<div class=\"wp-block-uagb-advanced-heading uagb-block-cc5efd8f\"><h2 class=\"uagb-heading-text\">Ce qui distingue notre Cours pour Entreprises<\/h2><\/div>\n\n\n\n<ol class=\"wp-block-list\">\n<li><strong>Prise de d\u00e9cision am\u00e9lior\u00e9e<\/strong> : Atteignez et maintenez les fr\u00e9quences B\u00eata pr\u00e9cises, indispensables \u00e0 une prise de d\u00e9cision claire et efficace.<\/li>\n\n\n\n<li><strong>Comp\u00e9tences en communication r\u00e9volutionnaires<\/strong> : \u00c9levez la communication au sein de votre \u00e9quipe gr\u00e2ce \u00e0 la Th\u00e9orie de la Communication exclusive d\u2019Alphalearning, valid\u00e9e par l\u2019analyse EEG.<\/li>\n\n\n\n<li><strong>Productivit\u00e9 renforc\u00e9e<\/strong> : Appliquez les techniques d\u2019Alphalearning pour augmenter consid\u00e9rablement la productivit\u00e9 de votre entreprise, adapt\u00e9es \u00e0 votre environnement professionnel.<\/li>\n\n\n\n<li><strong>Gestion du temps avanc\u00e9e<\/strong> : B\u00e9n\u00e9ficiez d\u2019une approche personnalis\u00e9e de la gestion du temps, alliant m\u00e9thodes \u00e9prouv\u00e9es et perspectives philosophiques approfondies.<\/li>\n<\/ol>\n\n\n\n<div class=\"wp-block-uagb-advanced-heading uagb-block-005c0cb1\"><h2 class=\"uagb-heading-text\">T\u00e9moignages de r\u00e9ussite<\/h2><\/div>\n\n\n\n<p><em>\u00ab\u202fPour aller droit au but\u202f: les connaissances et comp\u00e9tences de l\u2019Alphalearning Institute rev\u00eatent une importance consid\u00e9rable pour notre soci\u00e9t\u00e9 et m\u00e9ritent d\u2019\u00eatre largement reconnues.\u202f\u00bb<\/em> \u2013 Monique Quint, D\u00e9put\u00e9e, Pays-Bas.<\/p>\n\n\n\n<p>Notre cours a impuls\u00e9 des changements transformateurs dans divers secteurs. Qu\u2019il s\u2019agisse d\u2019ICL Fujitsu o\u00f9 il a renforc\u00e9 la dynamique d\u2019\u00e9quipe, de Henkel o\u00f9 il a stimul\u00e9 l\u2019innovation ou encore de Raychem qui a connu une croissance professionnelle significative, les dirigeants ont constat\u00e9 les b\u00e9n\u00e9fices concrets de notre programme. Chaque t\u00e9moignage illustre l\u2019impact profond d\u2019Alphalearning sur l\u2019efficacit\u00e9 et la r\u00e9ussite en entreprise.<\/p>\n\n\n\n<div class=\"wp-block-uagb-advanced-heading uagb-block-e257af7b\"><h2 class=\"uagb-heading-text\">Logistique et personnalisation du Cours<\/h2><\/div>\n\n\n\n<p>Conscient des besoins et d\u00e9fis sp\u00e9cifiques \u00e0 chaque organisation, le Cours pour Entreprises offre une flexibilit\u00e9 in\u00e9gal\u00e9e en termes de logistique et de contenu. Que vous pr\u00e9f\u00e9riez accueillir la formation dans vos propres locaux, dans nos installations d\u00e9di\u00e9es ou dans un lieu neutre, nous veillons \u00e0 ce que le cours soit parfaitement align\u00e9 sur vos objectifs strat\u00e9giques. Le programme est hautement modulable pour r\u00e9pondre aux enjeux et aspirations de votre entreprise, faisant de chaque session une exp\u00e9rience d\u2019apprentissage sur mesure, traduisible directement en r\u00e9sultats concrets pour votre activit\u00e9.<\/p>\n\n\n\n<div class=\"wp-block-uagb-advanced-heading uagb-block-6c123354\"><h2 class=\"uagb-heading-text\">Investir dans l\u2019avenir de votre entreprise<\/h2><\/div>\n\n\n\n<p>Investir dans le Cours pour Entreprises, c\u2019est investir dans l\u2019avenir de votre soci\u00e9t\u00e9. Les donn\u00e9es recueillies sur plus de 30 ans montrent que les entreprises r\u00e9cup\u00e8rent int\u00e9gralement leur investissement en l\u2019espace de six mois, uniquement gr\u00e2ce \u00e0 la mise en pratique des nouvelles comp\u00e9tences et strat\u00e9gies acquises durant le cours. Et cela, sans m\u00eame tenir compte des am\u00e9liorations financi\u00e8res et op\u00e9rationnelles plus vastes qui d\u00e9coulent naturellement d\u2019une performance renforc\u00e9e des dirigeants et d\u2019une prise de d\u00e9cision optimis\u00e9e.<\/p>\n\n\n\n<div class=\"wp-block-uagb-advanced-heading uagb-block-307888ef\"><h2 class=\"uagb-heading-text\">Entamez votre transformation<\/h2><\/div>\n\n\n\n<p>Pr\u00eat(e) \u00e0 d\u00e9velopper le potentiel de votre \u00e9quipe de direction et \u00e0 stimuler la r\u00e9ussite de votre entreprise\u202f? <a href=\"https:\/\/alphalearning.com\/personalised-consultation\/\"><strong>R\u00e9servez d\u00e8s aujourd\u2019hui votre consultation personnalis\u00e9e<\/strong><\/a> et d\u00e9couvrez comment notre Cours pour Entreprises peut s\u2019adapter aux besoins sp\u00e9cifiques de votre organisation.<\/p>\n<\/div><\/div>\n\n\n\n<div class=\"wp-block-uagb-container uagb-block-e7248b38 alignfull uagb-is-root-container\"><div class=\"uagb-container-inner-blocks-wrap\">\n<div class=\"wp-block-uagb-container uagb-block-1ec55a6b\">\n<div class=\"wp-block-uagb-buttons uagb-buttons__outer-wrap uagb-btn__default-btn uagb-btn-tablet__default-btn uagb-btn-mobile__default-btn uagb-block-379c62b6\"><div class=\"uagb-buttons__wrap uagb-buttons-layout-wrap \">\n<div class=\"wp-block-uagb-buttons-child uagb-buttons__outer-wrap uagb-block-31b8dfca wp-block-button\"><div class=\"uagb-button__wrapper\"><a class=\"uagb-buttons-repeater wp-block-button__link\" aria-label=\"\" href=\"https:\/\/alphalearning.com\/fr\/consultation-personnalisee\/\" rel=\"nofollow noopener\" target=\"_self\" role=\"button\"><div class=\"uagb-button__link\">R\u00e9servez votre consultation personnalis\u00e9e<\/div><\/a><\/div><\/div>\n<\/div><\/div>\n<\/div>\n\n\n\n<div class=\"wp-block-uagb-container uagb-block-18fb636a\">\n<div class=\"wp-block-uagb-buttons uagb-buttons__outer-wrap uagb-btn__default-btn uagb-btn-tablet__default-btn uagb-btn-mobile__default-btn uagb-block-cc81ba1e\"><div class=\"uagb-buttons__wrap uagb-buttons-layout-wrap \">\n<div class=\"wp-block-uagb-buttons-child uagb-buttons__outer-wrap uagb-block-248d2c85 wp-block-button\"><div class=\"uagb-button__wrapper\"><a class=\"uagb-buttons-repeater wp-block-button__link\" aria-label=\"\" href=\"https:\/\/alphalearning.com\/fr\/inscription\/\" rel=\"nofollow noopener\" target=\"_self\" role=\"button\"><div class=\"uagb-button__link\">Je suis pr\u00eat(e) \u00e0 commencer l\u2019inscription<\/div><\/a><\/div><\/div>\n<\/div><\/div>\n<\/div>\n<\/div><\/div>\n\n\n\n<div class=\"wp-block-uagb-container uagb-block-3de2eb10 alignfull uagb-is-root-container\"><div class=\"uagb-container-inner-blocks-wrap\">\n<hr class=\"wp-block-separator has-text-color has-alpha-channel-opacity has-background is-style-wide\" style=\"background-color:#f4524d;color:#f4524d\"\/>\n\n\n\n<p class=\"has-text-align-right\"><strong>Lectures compl\u00e9mentaires :<\/strong><br><a href=\"https:\/\/alphalearning.com\/fr\/commentaires-clients-alphalearning\/\">Commentaires des clients d\u2019Alphalearning<\/a><br><a href=\"https:\/\/alphalearning.com\/fr\/presse-internationale\/\">Alphalearning dans la presse internationale<\/a><br><a href=\"https:\/\/alphalearning.com\/fr\/introduction-equilibre-cerebral\/\">Introduction \u00e0 l&#8217;\u00c9quilibre C\u00e9r\u00e9bral<\/a><br><a href=\"https:\/\/alphalearning.com\/fr\/que-sont-ondes-cerebrales-alpha-theta\/\">Qu\u2019est-ce que les ondes c\u00e9r\u00e9brales Alpha et Th\u00eata\u202f?<\/a><\/p>\n<\/div><\/div>\n","protected":false},"excerpt":{"rendered":"<p>Cours pour Entreprises Atteindre l\u2019excellence en entreprise avec Alphalearning Le Cours pour Entreprises d\u2019Alphalearning fusionne les principes fondamentaux de notre [&hellip;]<\/p>\n","protected":false},"author":2,"featured_media":0,"parent":13512,"menu_order":515,"comment_status":"closed","ping_status":"closed","template":"","meta":{"_uag_custom_page_level_css":"","site-sidebar-layout":"default","site-content-layout":"","ast-site-content-layout":"default","site-content-style":"default","site-sidebar-style":"default","ast-global-header-display":"","ast-banner-title-visibility":"","ast-main-header-display":"","ast-hfb-above-header-display":"","ast-hfb-below-header-display":"","ast-hfb-mobile-header-display":"","site-post-title":"disabled","ast-breadcrumbs-content":"","ast-featured-img":"","footer-sml-layout":"","ast-disable-related-posts":"","theme-transparent-header-meta":"","adv-header-id-meta":"","stick-header-meta":"","header-above-stick-meta":"","header-main-stick-meta":"","header-below-stick-meta":"","astra-migrate-meta-layouts":"default","ast-page-background-enabled":"default","ast-page-background-meta":{"desktop":{"background-color":"var(--ast-global-color-4)","background-image":"","background-repeat":"repeat","background-position":"center center","background-size":"auto","background-attachment":"scroll","background-type":"","background-media":"","overlay-type":"","overlay-color":"","overlay-opacity":"","overlay-gradient":""},"tablet":{"background-color":"","background-image":"","background-repeat":"repeat","background-position":"center center","background-size":"auto","background-attachment":"scroll","background-type":"","background-media":"","overlay-type":"","overlay-color":"","overlay-opacity":"","overlay-gradient":""},"mobile":{"background-color":"","background-image":"","background-repeat":"repeat","background-position":"center center","background-size":"auto","background-attachment":"scroll","background-type":"","background-media":"","overlay-type":"","overlay-color":"","overlay-opacity":"","overlay-gradient":""}},"ast-content-background-meta":{"desktop":{"background-color":"var(--ast-global-color-5)","background-image":"","background-repeat":"repeat","background-position":"center center","background-size":"auto","background-attachment":"scroll","background-type":"","background-media":"","overlay-type":"","overlay-color":"","overlay-opacity":"","overlay-gradient":""},"tablet":{"background-color":"var(--ast-global-color-5)","background-image":"","background-repeat":"repeat","background-position":"center center","background-size":"auto","background-attachment":"scroll","background-type":"","background-media":"","overlay-type":"","overlay-color":"","overlay-opacity":"","overlay-gradient":""},"mobile":{"background-color":"var(--ast-global-color-5)","background-image":"","background-repeat":"repeat","background-position":"center center","background-size":"auto","background-attachment":"scroll","background-type":"","background-media":"","overlay-type":"","overlay-color":"","overlay-opacity":"","overlay-gradient":""}},"footnotes":""},"class_list":["post-13535","page","type-page","status-publish","hentry"],"yoast_head":"<!-- This site is optimized with the Yoast SEO plugin v27.1.1 - https:\/\/yoast.com\/product\/yoast-seo-wordpress\/ -->\n<title>Cours Entreprises Alphalearning : Cadres ex\u00e9cutifs renforc\u00e9s<\/title>\n<meta name=\"description\" content=\"Renforcez votre leadership avec le Cours Entreprises d\u2019Alphalearning, un entra\u00eenement c\u00e9r\u00e9bral avec support EEG pour des cadres performants\" \/>\n<meta name=\"robots\" content=\"index, follow, max-snippet:-1, max-image-preview:large, max-video-preview:-1\" \/>\n<link rel=\"canonical\" href=\"https:\/\/alphalearning.com\/fr\/nos-services\/cours-entreprises\/\" \/>\n<meta property=\"og:locale\" content=\"fr_FR\" \/>\n<meta property=\"og:type\" content=\"article\" \/>\n<meta property=\"og:title\" content=\"Cours Entreprises Alphalearning : Cadres ex\u00e9cutifs renforc\u00e9s\" \/>\n<meta property=\"og:description\" content=\"Renforcez votre leadership avec le Cours Entreprises d\u2019Alphalearning, un entra\u00eenement c\u00e9r\u00e9bral avec support EEG pour des cadres performants\" \/>\n<meta property=\"og:url\" content=\"https:\/\/alphalearning.com\/fr\/nos-services\/cours-entreprises\/\" \/>\n<meta property=\"og:site_name\" content=\"Alphalearning International\" \/>\n<meta property=\"article:modified_time\" content=\"2025-05-15T14:41:44+00:00\" \/>\n<meta property=\"og:image\" content=\"https:\/\/alphalearning.com\/wp-content\/uploads\/2024\/04\/alphalearning-logo_red_1200x675px.png\" \/>\n\t<meta property=\"og:image:width\" content=\"1200\" \/>\n\t<meta property=\"og:image:height\" content=\"675\" \/>\n\t<meta property=\"og:image:type\" content=\"image\/png\" \/>\n<meta name=\"twitter:card\" content=\"summary_large_image\" \/>\n<meta name=\"twitter:label1\" content=\"Est. reading time\" \/>\n\t<meta name=\"twitter:data1\" content=\"3 minutes\" \/>\n<!-- \/ Yoast SEO plugin. -->","yoast_head_json":{"title":"Cours Entreprises Alphalearning : Cadres ex\u00e9cutifs renforc\u00e9s","description":"Renforcez votre leadership avec le Cours Entreprises d\u2019Alphalearning, un entra\u00eenement c\u00e9r\u00e9bral avec support EEG pour des cadres performants","robots":{"index":"index","follow":"follow","max-snippet":"max-snippet:-1","max-image-preview":"max-image-preview:large","max-video-preview":"max-video-preview:-1"},"canonical":"https:\/\/alphalearning.com\/fr\/nos-services\/cours-entreprises\/","og_locale":"fr_FR","og_type":"article","og_title":"Cours Entreprises Alphalearning : Cadres ex\u00e9cutifs renforc\u00e9s","og_description":"Renforcez votre leadership avec le Cours Entreprises d\u2019Alphalearning, un entra\u00eenement c\u00e9r\u00e9bral avec support EEG pour des cadres performants","og_url":"https:\/\/alphalearning.com\/fr\/nos-services\/cours-entreprises\/","og_site_name":"Alphalearning International","article_modified_time":"2025-05-15T14:41:44+00:00","og_image":[{"width":1200,"height":675,"url":"https:\/\/alphalearning.com\/wp-content\/uploads\/2024\/04\/alphalearning-logo_red_1200x675px.png","type":"image\/png"}],"twitter_card":"summary_large_image","twitter_misc":{"Est. reading time":"3 minutes"},"schema":{"@context":"https:\/\/schema.org","@graph":[{"@type":"WebPage","@id":"https:\/\/alphalearning.com\/fr\/nos-services\/cours-entreprises\/","url":"https:\/\/alphalearning.com\/fr\/nos-services\/cours-entreprises\/","name":"Cours Entreprises Alphalearning : Cadres ex\u00e9cutifs renforc\u00e9s","isPartOf":{"@id":"https:\/\/alphalearning.com\/fr\/#website"},"datePublished":"2024-03-27T16:43:44+00:00","dateModified":"2025-05-15T14:41:44+00:00","description":"Renforcez votre leadership avec le Cours Entreprises d\u2019Alphalearning, un entra\u00eenement c\u00e9r\u00e9bral avec support EEG pour des cadres performants","breadcrumb":{"@id":"https:\/\/alphalearning.com\/fr\/nos-services\/cours-entreprises\/#breadcrumb"},"inLanguage":"fr","potentialAction":[{"@type":"ReadAction","target":["https:\/\/alphalearning.com\/fr\/nos-services\/cours-entreprises\/"]}]},{"@type":"BreadcrumbList","@id":"https:\/\/alphalearning.com\/fr\/nos-services\/cours-entreprises\/#breadcrumb","itemListElement":[{"@type":"ListItem","position":1,"name":"Home","item":"https:\/\/alphalearning.com\/fr\/"},{"@type":"ListItem","position":2,"name":"Nos Services","item":"https:\/\/alphalearning.com\/fr\/nos-services\/"},{"@type":"ListItem","position":3,"name":"Alphalearning Cours Apprendre \u00e0 Apprendre pour Entreprises"}]},{"@type":"WebSite","@id":"https:\/\/alphalearning.com\/fr\/#website","url":"https:\/\/alphalearning.com\/fr\/","name":"Alphalearning International","description":"the brain training institute","publisher":{"@id":"https:\/\/alphalearning.com\/fr\/#organization"},"potentialAction":[{"@type":"SearchAction","target":{"@type":"EntryPoint","urlTemplate":"https:\/\/alphalearning.com\/fr\/?s={search_term_string}"},"query-input":{"@type":"PropertyValueSpecification","valueRequired":true,"valueName":"search_term_string"}}],"inLanguage":"fr"},{"@type":"Organization","@id":"https:\/\/alphalearning.com\/fr\/#organization","name":"Alphalearning International","url":"https:\/\/alphalearning.com\/fr\/","logo":{"@type":"ImageObject","inLanguage":"fr","@id":"https:\/\/alphalearning.com\/fr\/#\/schema\/logo\/image\/","url":"https:\/\/alphalearning.com\/wp-content\/uploads\/2024\/03\/alphalearning_ico2_512px.png","contentUrl":"https:\/\/alphalearning.com\/wp-content\/uploads\/2024\/03\/alphalearning_ico2_512px.png","width":512,"height":512,"caption":"Alphalearning International"},"image":{"@id":"https:\/\/alphalearning.com\/fr\/#\/schema\/logo\/image\/"}}]}},"uagb_featured_image_src":{"full":false,"thumbnail":false,"medium":false,"medium_large":false,"large":false,"1536x1536":false,"2048x2048":false,"gform-image-choice-sm":false,"gform-image-choice-md":false,"gform-image-choice-lg":false},"uagb_author_info":{"display_name":"Julio Machado","author_link":"https:\/\/alphalearning.com\/fr\/author\/julio-machado\/"},"uagb_comment_info":0,"uagb_excerpt":"Cours pour Entreprises Atteindre l\u2019excellence en entreprise avec Alphalearning Le Cours pour Entreprises d\u2019Alphalearning fusionne les principes fondamentaux de notre [&hellip;]","_links":{"self":[{"href":"https:\/\/alphalearning.com\/fr\/wp-json\/wp\/v2\/pages\/13535","targetHints":{"allow":["GET"]}}],"collection":[{"href":"https:\/\/alphalearning.com\/fr\/wp-json\/wp\/v2\/pages"}],"about":[{"href":"https:\/\/alphalearning.com\/fr\/wp-json\/wp\/v2\/types\/page"}],"author":[{"embeddable":true,"href":"https:\/\/alphalearning.com\/fr\/wp-json\/wp\/v2\/users\/2"}],"replies":[{"embeddable":true,"href":"https:\/\/alphalearning.com\/fr\/wp-json\/wp\/v2\/comments?post=13535"}],"version-history":[{"count":5,"href":"https:\/\/alphalearning.com\/fr\/wp-json\/wp\/v2\/pages\/13535\/revisions"}],"predecessor-version":[{"id":15329,"href":"https:\/\/alphalearning.com\/fr\/wp-json\/wp\/v2\/pages\/13535\/revisions\/15329"}],"up":[{"embeddable":true,"href":"https:\/\/alphalearning.com\/fr\/wp-json\/wp\/v2\/pages\/13512"}],"wp:attachment":[{"href":"https:\/\/alphalearning.com\/fr\/wp-json\/wp\/v2\/media?parent=13535"}],"curies":[{"name":"wp","href":"https:\/\/api.w.org\/{rel}","templated":true}]}}