{"id":13519,"date":"2024-03-27T16:43:04","date_gmt":"2024-03-27T16:43:04","guid":{"rendered":"https:\/\/alphalearning.com\/nos-services\/7-day-immersive-mastery-course\/"},"modified":"2025-05-15T15:46:45","modified_gmt":"2025-05-15T14:46:45","slug":"cours-maitrise-immersif-7jours","status":"publish","type":"page","link":"https:\/\/alphalearning.com\/fr\/nos-services\/cours-maitrise-immersif-7jours\/","title":{"rendered":"Cours Alphalearning de Ma\u00eetrise Immersif de 7 jours"},"content":{"rendered":"\n<div class=\"wp-block-uagb-advanced-heading uagb-block-71cd6479\"><h1 class=\"uagb-heading-text\">Cours Alphalearning de Ma\u00eetrise Immersif de 7 jours<\/h1><\/div>\n\n\n\n<div class=\"wp-block-uagb-container uagb-block-162ca34b alignfull uagb-is-root-container\"><div class=\"uagb-container-inner-blocks-wrap\">\n<div class=\"wp-block-uagb-advanced-heading uagb-block-712e5710\"><h2 class=\"uagb-heading-text\">Aper\u00e7u du cours<\/h2><\/div>\n\n\n\n<p>Le<strong> <\/strong>cours <strong>Alphalearning de Ma\u00eetrise Immersif de 7 jours<\/strong> d\u2019Alphalearning est l\u2019aboutissement de l\u2019am\u00e9lioration cognitive et du d\u00e9veloppement personnel. Il d\u00e9passe les fronti\u00e8res traditionnelles de l\u2019apprentissage, offrant une exploration holistique et approfondie des techniques d\u2019entra\u00eenement c\u00e9r\u00e9bral pour celles et ceux qui souhaitent renforcer leurs capacit\u00e9s cognitives, am\u00e9liorer leur bien-\u00eatre personnel et d\u00e9bloquer de nouvelles perspectives de r\u00e9ussite professionnelle.<\/p>\n\n\n\n<div class=\"wp-block-uagb-advanced-heading uagb-block-ea7abf84\"><h2 class=\"uagb-heading-text\">Objectifs complets du cours<\/h2><\/div>\n\n\n\n<p>Ce cours englobe un large \u00e9ventail d\u2019objectifs, permettant aux participants d\u2019atteindre\u202f:<\/p>\n\n\n\n<ul class=\"wp-block-list\">\n<li><strong>Une ma\u00eetrise avanc\u00e9e<\/strong> de la lecture rapide et de l\u2019absorption des connaissances.<\/li>\n\n\n\n<li><strong>Une am\u00e9lioration des performances acad\u00e9miques et professionnelles<\/strong> gr\u00e2ce \u00e0 des techniques adapt\u00e9es au client.<\/li>\n\n\n\n<li><strong>Des progr\u00e8s significatifs en gestion du temps<\/strong>, gr\u00e2ce aux m\u00e9thodologies uniques d\u2019Alphalearning.<\/li>\n\n\n\n<li><strong>Une compr\u00e9hension et une pratique approfondies<\/strong> de la m\u00e9ditation et des \u00e9tats de conscience modifi\u00e9s pour une croissance personnelle plus profonde.<\/li>\n\n\n\n<li><strong>Des s\u00e9ances de pratique personnalisables<\/strong>, en fonction des priorit\u00e9s individuelles, incluant (sans s\u2019y limiter) la soutenance de th\u00e8se, la performance artistique ou la prise de d\u00e9cision au niveau ex\u00e9cutif.<\/li>\n<\/ul>\n\n\n\n<div class=\"wp-block-uagb-advanced-heading uagb-block-09ae0bd9\"><h2 class=\"uagb-heading-text\">Caract\u00e9ristiques distinctives du cours<\/h2><\/div>\n\n\n\n<p>Les participants du cours Alphalearning de Ma\u00eetrise Immersif de 7 jours b\u00e9n\u00e9ficient d\u2019avantages uniques, notamment\u202f:<\/p>\n\n\n\n<ul class=\"wp-block-list\">\n<li><strong>Attention personnalis\u00e9e\u202f<\/strong>: un mentorat individuel direct assur\u00e9 par le Directeur de la recherche d\u2019Alphalearning.<\/li>\n\n\n\n<li><strong>D\u00e9veloppement de comp\u00e9tences vari\u00e9es\u202f<\/strong>: un programme couvrant une large gamme de comp\u00e9tences cognitives et professionnelles.<\/li>\n\n\n\n<li><strong>Environnement d\u2019apprentissage haut de gamme\u202f<\/strong>: se d\u00e9roule dans un h\u00f4tel de luxe cinq \u00e9toiles au Portugal ou dans n\u2019importe quel pays de l\u2019UE, garantissant un cadre optimal.<\/li>\n\n\n\n<li><strong>Techniques exclusives d\u2019Alphalearning\u202f<\/strong>: un acc\u00e8s \u00e0 des m\u00e9thodologies uniques d\u2019entra\u00eenement et d\u2019optimisation c\u00e9r\u00e9brale.<\/li>\n<\/ul>\n\n\n\n<div class=\"wp-block-uagb-advanced-heading uagb-block-d04eb24e\"><h2 class=\"uagb-heading-text\">Exp\u00e9rience d\u2019apprentissage am\u00e9lior\u00e9e<\/h2><\/div>\n\n\n\n<p>Votre parcours avec le cours Alphalearning de Ma\u00eetrise Immersif de 7 jours comprend\u202f:<\/p>\n\n\n\n<ul class=\"wp-block-list\">\n<li><strong>Un h\u00e9bergement luxueux<\/strong> dans un h\u00f4tel cinq \u00e9toiles, sp\u00e9cialement choisi pour garantir confort et s\u00e9r\u00e9nit\u00e9 propices \u00e0 l\u2019apprentissage.<\/li>\n\n\n\n<li><strong>Des petits-d\u00e9jeuners gastronomiques<\/strong> chaque matin, pour commencer la journ\u00e9e en pleine forme et dynamiser vos sessions d\u2019apprentissage intensif.<\/li>\n\n\n\n<li><strong>Un service de transfert a\u00e9roport fluide<\/strong>, assurant un voyage sans tracas.<\/li>\n\n\n\n<li><strong>Un accompagnement continu et des conseils apr\u00e8s le cours<\/strong>, afin d\u2019int\u00e9grer et d\u2019appliquer efficacement les techniques acquises.<\/li>\n<\/ul>\n\n\n\n<div class=\"wp-block-uagb-advanced-heading uagb-block-4d47ca75\"><h2 class=\"uagb-heading-text\">Embarquez dans votre parcours de ma\u00eetrise<\/h2><\/div>\n\n\n\n<p>\u00c9levez vos capacit\u00e9s cognitives et atteignez un \u00e9quilibre harmonieux entre \u00e9panouissement personnel et excellence professionnelle. <a href=\"https:\/\/alphalearning.com\/personalised-consultation\/\">R\u00e9servez d\u00e8s aujourd\u2019hui votre Consultation Personnalis\u00e9e<\/a> afin d\u2019adapter l\u2019Alphalearning Cours de Ma\u00eetrise Immersif de 7 jours \u00e0 vos aspirations<\/p>\n<\/div><\/div>\n\n\n\n<div class=\"wp-block-uagb-container uagb-block-e7248b38 alignfull uagb-is-root-container\"><div class=\"uagb-container-inner-blocks-wrap\">\n<div class=\"wp-block-uagb-container uagb-block-1ec55a6b\">\n<div class=\"wp-block-uagb-buttons uagb-buttons__outer-wrap uagb-btn__default-btn uagb-btn-tablet__default-btn uagb-btn-mobile__default-btn uagb-block-379c62b6\"><div class=\"uagb-buttons__wrap uagb-buttons-layout-wrap \">\n<div class=\"wp-block-uagb-buttons-child uagb-buttons__outer-wrap uagb-block-31b8dfca wp-block-button\"><div class=\"uagb-button__wrapper\"><a class=\"uagb-buttons-repeater wp-block-button__link\" aria-label=\"\" href=\"https:\/\/alphalearning.com\/fr\/consultation-personnalisee\/\" rel=\"nofollow noopener\" target=\"_self\" role=\"button\"><div class=\"uagb-button__link\">R\u00e9servez votre consultation personnalis\u00e9e<\/div><\/a><\/div><\/div>\n<\/div><\/div>\n<\/div>\n\n\n\n<div class=\"wp-block-uagb-container uagb-block-18fb636a\">\n<div class=\"wp-block-uagb-buttons uagb-buttons__outer-wrap uagb-btn__default-btn uagb-btn-tablet__default-btn uagb-btn-mobile__default-btn uagb-block-cc81ba1e\"><div class=\"uagb-buttons__wrap uagb-buttons-layout-wrap \">\n<div class=\"wp-block-uagb-buttons-child uagb-buttons__outer-wrap uagb-block-248d2c85 wp-block-button\"><div class=\"uagb-button__wrapper\"><a class=\"uagb-buttons-repeater wp-block-button__link\" aria-label=\"\" href=\"https:\/\/alphalearning.com\/fr\/inscription\/\" rel=\"nofollow noopener\" target=\"_self\" role=\"button\"><div class=\"uagb-button__link\">Je suis pr\u00eat(e) \u00e0 commencer l\u2019inscription<\/div><\/a><\/div><\/div>\n<\/div><\/div>\n<\/div>\n<\/div><\/div>\n\n\n\n<div class=\"wp-block-uagb-container uagb-block-3de2eb10 alignfull uagb-is-root-container\"><div class=\"uagb-container-inner-blocks-wrap\">\n<hr class=\"wp-block-separator has-text-color has-alpha-channel-opacity has-background is-style-wide\" style=\"background-color:#f4524d;color:#f4524d\"\/>\n\n\n\n<p class=\"has-text-align-right\"><strong>Lectures compl\u00e9mentaires<\/strong><br><a href=\"https:\/\/alphalearning.com\/fr\/commentaires-clients-alphalearning\/\">Commentaires des clients d\u2019Alphalearning<\/a><br><a href=\"https:\/\/alphalearning.com\/fr\/presse-internationale\/\">Alphalearning dans la presse internationale<\/a><br><a href=\"https:\/\/alphalearning.com\/fr\/introduction-equilibre-cerebral\/\">Introduction \u00e0 l\u2019\u00e9quilibre c\u00e9r\u00e9bral<\/a><br><a href=\"https:\/\/alphalearning.com\/fr\/que-sont-ondes-cerebrales-alpha-theta\/\">Qu\u2019est-ce que les ondes c\u00e9r\u00e9brales Alpha et Th\u00eata\u202f?<\/a><\/p>\n<\/div><\/div>\n","protected":false},"excerpt":{"rendered":"<p>Cours Alphalearning de Ma\u00eetrise Immersif de 7 jours Aper\u00e7u du cours Le cours Alphalearning de Ma\u00eetrise Immersif de 7 jours [&hellip;]<\/p>\n","protected":false},"author":2,"featured_media":0,"parent":13512,"menu_order":505,"comment_status":"closed","ping_status":"closed","template":"","meta":{"_uag_custom_page_level_css":"","site-sidebar-layout":"default","site-content-layout":"","ast-site-content-layout":"default","site-content-style":"default","site-sidebar-style":"default","ast-global-header-display":"","ast-banner-title-visibility":"","ast-main-header-display":"","ast-hfb-above-header-display":"","ast-hfb-below-header-display":"","ast-hfb-mobile-header-display":"","site-post-title":"disabled","ast-breadcrumbs-content":"","ast-featured-img":"","footer-sml-layout":"","ast-disable-related-posts":"","theme-transparent-header-meta":"","adv-header-id-meta":"","stick-header-meta":"","header-above-stick-meta":"","header-main-stick-meta":"","header-below-stick-meta":"","astra-migrate-meta-layouts":"default","ast-page-background-enabled":"default","ast-page-background-meta":{"desktop":{"background-color":"var(--ast-global-color-4)","background-image":"","background-repeat":"repeat","background-position":"center center","background-size":"auto","background-attachment":"scroll","background-type":"","background-media":"","overlay-type":"","overlay-color":"","overlay-opacity":"","overlay-gradient":""},"tablet":{"background-color":"","background-image":"","background-repeat":"repeat","background-position":"center center","background-size":"auto","background-attachment":"scroll","background-type":"","background-media":"","overlay-type":"","overlay-color":"","overlay-opacity":"","overlay-gradient":""},"mobile":{"background-color":"","background-image":"","background-repeat":"repeat","background-position":"center center","background-size":"auto","background-attachment":"scroll","background-type":"","background-media":"","overlay-type":"","overlay-color":"","overlay-opacity":"","overlay-gradient":""}},"ast-content-background-meta":{"desktop":{"background-color":"var(--ast-global-color-5)","background-image":"","background-repeat":"repeat","background-position":"center center","background-size":"auto","background-attachment":"scroll","background-type":"","background-media":"","overlay-type":"","overlay-color":"","overlay-opacity":"","overlay-gradient":""},"tablet":{"background-color":"var(--ast-global-color-5)","background-image":"","background-repeat":"repeat","background-position":"center center","background-size":"auto","background-attachment":"scroll","background-type":"","background-media":"","overlay-type":"","overlay-color":"","overlay-opacity":"","overlay-gradient":""},"mobile":{"background-color":"var(--ast-global-color-5)","background-image":"","background-repeat":"repeat","background-position":"center center","background-size":"auto","background-attachment":"scroll","background-type":"","background-media":"","overlay-type":"","overlay-color":"","overlay-opacity":"","overlay-gradient":""}},"footnotes":""},"class_list":["post-13519","page","type-page","status-publish","hentry"],"yoast_head":"<!-- This site is optimized with the Yoast SEO plugin v27.1.1 - https:\/\/yoast.com\/product\/yoast-seo-wordpress\/ -->\n<title>Alphalearning : 7 jours de Ma\u00eetrise Immersive<\/title>\n<meta name=\"description\" content=\"D\u00e9bloquez tout votre potentiel cognitif gr\u00e2ce \u00e0 des techniques avanc\u00e9es et un mentorat personnalis\u00e9 dans un cadre id\u00e9al.\" \/>\n<meta name=\"robots\" content=\"index, follow, max-snippet:-1, max-image-preview:large, max-video-preview:-1\" \/>\n<link rel=\"canonical\" href=\"https:\/\/alphalearning.com\/fr\/nos-services\/cours-maitrise-immersif-7jours\/\" \/>\n<meta property=\"og:locale\" content=\"fr_FR\" \/>\n<meta property=\"og:type\" content=\"article\" \/>\n<meta property=\"og:title\" content=\"Alphalearning : 7 jours de Ma\u00eetrise Immersive\" \/>\n<meta property=\"og:description\" content=\"D\u00e9bloquez tout votre potentiel cognitif gr\u00e2ce \u00e0 des techniques avanc\u00e9es et un mentorat personnalis\u00e9 dans un cadre id\u00e9al.\" \/>\n<meta property=\"og:url\" content=\"https:\/\/alphalearning.com\/fr\/nos-services\/cours-maitrise-immersif-7jours\/\" \/>\n<meta property=\"og:site_name\" content=\"Alphalearning International\" \/>\n<meta property=\"article:modified_time\" content=\"2025-05-15T14:46:45+00:00\" \/>\n<meta property=\"og:image\" content=\"https:\/\/alphalearning.com\/wp-content\/uploads\/2024\/04\/alphalearning-logo_red_1200x675px.png\" \/>\n\t<meta property=\"og:image:width\" content=\"1200\" \/>\n\t<meta property=\"og:image:height\" content=\"675\" \/>\n\t<meta property=\"og:image:type\" content=\"image\/png\" \/>\n<meta name=\"twitter:card\" content=\"summary_large_image\" \/>\n<meta name=\"twitter:label1\" content=\"Est. reading time\" \/>\n\t<meta name=\"twitter:data1\" content=\"2 minutes\" \/>\n<!-- \/ Yoast SEO plugin. -->","yoast_head_json":{"title":"Alphalearning : 7 jours de Ma\u00eetrise Immersive","description":"D\u00e9bloquez tout votre potentiel cognitif gr\u00e2ce \u00e0 des techniques avanc\u00e9es et un mentorat personnalis\u00e9 dans un cadre id\u00e9al.","robots":{"index":"index","follow":"follow","max-snippet":"max-snippet:-1","max-image-preview":"max-image-preview:large","max-video-preview":"max-video-preview:-1"},"canonical":"https:\/\/alphalearning.com\/fr\/nos-services\/cours-maitrise-immersif-7jours\/","og_locale":"fr_FR","og_type":"article","og_title":"Alphalearning : 7 jours de Ma\u00eetrise Immersive","og_description":"D\u00e9bloquez tout votre potentiel cognitif gr\u00e2ce \u00e0 des techniques avanc\u00e9es et un mentorat personnalis\u00e9 dans un cadre id\u00e9al.","og_url":"https:\/\/alphalearning.com\/fr\/nos-services\/cours-maitrise-immersif-7jours\/","og_site_name":"Alphalearning International","article_modified_time":"2025-05-15T14:46:45+00:00","og_image":[{"width":1200,"height":675,"url":"https:\/\/alphalearning.com\/wp-content\/uploads\/2024\/04\/alphalearning-logo_red_1200x675px.png","type":"image\/png"}],"twitter_card":"summary_large_image","twitter_misc":{"Est. reading time":"2 minutes"},"schema":{"@context":"https:\/\/schema.org","@graph":[{"@type":"WebPage","@id":"https:\/\/alphalearning.com\/fr\/nos-services\/cours-maitrise-immersif-7jours\/","url":"https:\/\/alphalearning.com\/fr\/nos-services\/cours-maitrise-immersif-7jours\/","name":"Alphalearning : 7 jours de Ma\u00eetrise Immersive","isPartOf":{"@id":"https:\/\/alphalearning.com\/fr\/#website"},"datePublished":"2024-03-27T16:43:04+00:00","dateModified":"2025-05-15T14:46:45+00:00","description":"D\u00e9bloquez tout votre potentiel cognitif gr\u00e2ce \u00e0 des techniques avanc\u00e9es et un mentorat personnalis\u00e9 dans un cadre id\u00e9al.","breadcrumb":{"@id":"https:\/\/alphalearning.com\/fr\/nos-services\/cours-maitrise-immersif-7jours\/#breadcrumb"},"inLanguage":"fr","potentialAction":[{"@type":"ReadAction","target":["https:\/\/alphalearning.com\/fr\/nos-services\/cours-maitrise-immersif-7jours\/"]}]},{"@type":"BreadcrumbList","@id":"https:\/\/alphalearning.com\/fr\/nos-services\/cours-maitrise-immersif-7jours\/#breadcrumb","itemListElement":[{"@type":"ListItem","position":1,"name":"Home","item":"https:\/\/alphalearning.com\/fr\/"},{"@type":"ListItem","position":2,"name":"Nos Services","item":"https:\/\/alphalearning.com\/fr\/nos-services\/"},{"@type":"ListItem","position":3,"name":"Cours Alphalearning de Ma\u00eetrise Immersif de 7 jours"}]},{"@type":"WebSite","@id":"https:\/\/alphalearning.com\/fr\/#website","url":"https:\/\/alphalearning.com\/fr\/","name":"Alphalearning International","description":"the brain training institute","publisher":{"@id":"https:\/\/alphalearning.com\/fr\/#organization"},"potentialAction":[{"@type":"SearchAction","target":{"@type":"EntryPoint","urlTemplate":"https:\/\/alphalearning.com\/fr\/?s={search_term_string}"},"query-input":{"@type":"PropertyValueSpecification","valueRequired":true,"valueName":"search_term_string"}}],"inLanguage":"fr"},{"@type":"Organization","@id":"https:\/\/alphalearning.com\/fr\/#organization","name":"Alphalearning International","url":"https:\/\/alphalearning.com\/fr\/","logo":{"@type":"ImageObject","inLanguage":"fr","@id":"https:\/\/alphalearning.com\/fr\/#\/schema\/logo\/image\/","url":"https:\/\/alphalearning.com\/wp-content\/uploads\/2024\/03\/alphalearning_ico2_512px.png","contentUrl":"https:\/\/alphalearning.com\/wp-content\/uploads\/2024\/03\/alphalearning_ico2_512px.png","width":512,"height":512,"caption":"Alphalearning International"},"image":{"@id":"https:\/\/alphalearning.com\/fr\/#\/schema\/logo\/image\/"}}]}},"uagb_featured_image_src":{"full":false,"thumbnail":false,"medium":false,"medium_large":false,"large":false,"1536x1536":false,"2048x2048":false,"gform-image-choice-sm":false,"gform-image-choice-md":false,"gform-image-choice-lg":false},"uagb_author_info":{"display_name":"Julio Machado","author_link":"https:\/\/alphalearning.com\/fr\/author\/julio-machado\/"},"uagb_comment_info":0,"uagb_excerpt":"Cours Alphalearning de Ma\u00eetrise Immersif de 7 jours Aper\u00e7u du cours Le cours Alphalearning de Ma\u00eetrise Immersif de 7 jours [&hellip;]","_links":{"self":[{"href":"https:\/\/alphalearning.com\/fr\/wp-json\/wp\/v2\/pages\/13519","targetHints":{"allow":["GET"]}}],"collection":[{"href":"https:\/\/alphalearning.com\/fr\/wp-json\/wp\/v2\/pages"}],"about":[{"href":"https:\/\/alphalearning.com\/fr\/wp-json\/wp\/v2\/types\/page"}],"author":[{"embeddable":true,"href":"https:\/\/alphalearning.com\/fr\/wp-json\/wp\/v2\/users\/2"}],"replies":[{"embeddable":true,"href":"https:\/\/alphalearning.com\/fr\/wp-json\/wp\/v2\/comments?post=13519"}],"version-history":[{"count":8,"href":"https:\/\/alphalearning.com\/fr\/wp-json\/wp\/v2\/pages\/13519\/revisions"}],"predecessor-version":[{"id":16199,"href":"https:\/\/alphalearning.com\/fr\/wp-json\/wp\/v2\/pages\/13519\/revisions\/16199"}],"up":[{"embeddable":true,"href":"https:\/\/alphalearning.com\/fr\/wp-json\/wp\/v2\/pages\/13512"}],"wp:attachment":[{"href":"https:\/\/alphalearning.com\/fr\/wp-json\/wp\/v2\/media?parent=13519"}],"curies":[{"name":"wp","href":"https:\/\/api.w.org\/{rel}","templated":true}]}}