{"id":13512,"date":"2024-03-27T16:18:19","date_gmt":"2024-03-27T16:18:19","guid":{"rendered":"https:\/\/alphalearning.com\/our-services\/"},"modified":"2025-02-25T10:13:01","modified_gmt":"2025-02-25T10:13:01","slug":"nos-services","status":"publish","type":"page","link":"https:\/\/alphalearning.com\/fr\/nos-services\/","title":{"rendered":"Nos Services"},"content":{"rendered":"\n<div class=\"wp-block-uagb-advanced-heading uagb-block-bc09456b\"><h1 class=\"uagb-heading-text\">Cours Apprendre \u00e0 Apprendre et aper\u00e7u des services Alphalearning<\/h1><\/div>\n\n\n\n<div class=\"wp-block-uagb-container uagb-block-5560f71f alignfull uagb-is-root-container\"><div class=\"uagb-container-inner-blocks-wrap\">\n<div class=\"wp-block-uagb-advanced-heading uagb-block-6a953baf\"><h2 class=\"uagb-heading-text\">Trouvez le cours Alphalearning qui vous convient, pour vous, votre famille ou votre entreprise<\/h2><\/div>\n\n\n\n<p>Notre cours principal, le \u00ab\u202fCours Apprendre \u00e0 Apprendre\u202f\u00bb, est con\u00e7u pour permettre \u00e0 nos clients de comprendre et d\u2019utiliser pleinement nos techniques innovantes, en association avec le Syst\u00e8me Brainwave III. \u00c9tant donn\u00e9 le r\u00f4le essentiel de cet \u00e9quipement pour la pratique et le perfectionnement de ces techniques, l\u2019achat d\u2019au moins un kit compos\u00e9 du Contr\u00f4leur Brainwave III et d\u2019un Synergiseur de Neurones Optique-Acoustique est obligatoire lors de la r\u00e9servation d\u2019un cours.<\/p>\n\n\n\n<p>Nous proposons un format de cours polyvalent afin de r\u00e9pondre aux diff\u00e9rents besoins de nos clients\u202f: particuliers, familles, groupes d\u2019entreprise ou partenaires potentiels. Chaque formule est \u00e9labor\u00e9e en tenant compte des exigences et des pr\u00e9requis d\u2019apprentissage de chacun.<\/p>\n<\/div><\/div>\n\n\n\n<div class=\"wp-block-uagb-advanced-heading uagb-block-e618fe4a\"><h3 class=\"uagb-heading-text\">Cours Apprendre \u00e0 Apprendre<\/h3><\/div>\n\n\n\n<div class=\"wp-block-uagb-container uagb-block-df0ea12a alignfull uagb-is-root-container\"><div class=\"uagb-container-inner-blocks-wrap\">\n<div class=\"wp-block-uagb-container uagb-block-e0d0a832\">\n<div class=\"wp-block-uagb-info-box uagb-block-0d7712dd uagb-infobox__content-wrap  uagb-infobox-icon-above-title uagb-infobox-image-valign-top\"><div class=\"uagb-ifb-content\"><div class=\"uagb-ifb-title-wrap\"><h4 class=\"uagb-ifb-title\"><a href=\"https:\/\/alphalearning.com\/our-services\/individual-family-course\/\">Cours Individuel ou Familial<\/a><\/h4><\/div><p class=\"uagb-ifb-desc\">Ce cours de cinq jours peut accueillir jusqu\u2019\u00e0 six participants. Les groupes familiaux peuvent comprendre de deux \u00e0 quatre adultes, les places restantes \u00e9tant r\u00e9serv\u00e9es aux enfants. Nous consid\u00e9rons un groupe comme familial lorsque tous ses membres peuvent facilement acc\u00e9der \u00e0 leur \u00c9quipement Brainwave III apr\u00e8s le cours.<\/p><\/div><\/div>\n<\/div>\n\n\n\n<div class=\"wp-block-uagb-container uagb-block-424d8dd1\">\n<div class=\"wp-block-uagb-info-box uagb-block-0077158f uagb-infobox__content-wrap  uagb-infobox-icon-above-title uagb-infobox-image-valign-top\"><div class=\"uagb-ifb-content\"><div class=\"uagb-ifb-title-wrap\"><h4 class=\"uagb-ifb-title\"><a href=\"https:\/\/alphalearning.com\/our-services\/professional-application-course\/\">Cours d\u2019Application Professionnelle<\/a><\/h4><\/div><p class=\"uagb-ifb-desc\">Cette formule s\u2019adresse aux professionnels qui souhaitent int\u00e9grer l\u2019\u00c9quipement et les Techniques Alphalearning dans leur pratique professionnelle. Il s\u2019agit d\u2019un cours de cinq jours, con\u00e7u pour un \u00e0 quatre participants, favorisant la mise en \u0153uvre des m\u00e9thodes Alphalearning dans un contexte professionnel.<\/p><\/div><\/div>\n<\/div>\n\n\n\n<div class=\"wp-block-uagb-container uagb-block-725e4062\">\n<div class=\"wp-block-uagb-info-box uagb-block-c452fda7 uagb-infobox__content-wrap  uagb-infobox-icon-above-title uagb-infobox-image-valign-top\"><div class=\"uagb-ifb-content\"><div class=\"uagb-ifb-title-wrap\"><h4 class=\"uagb-ifb-title\"><a href=\"https:\/\/alphalearning.com\/our-services\/intensive-private-course\/\">Cours Intensif Priv\u00e9<\/a><\/h4><\/div><p class=\"uagb-ifb-desc\">Id\u00e9al pour les personnes qui pr\u00e9f\u00e8rent un format plus condens\u00e9 ou dont le temps est limit\u00e9, ce cours est sp\u00e9cialement adapt\u00e9 \u00e0 un emploi du temps charg\u00e9. Il se d\u00e9roule sur trois jours, avec chaque journ\u00e9e proposant une s\u00e9ance intensive de dix heures.<\/p><\/div><\/div>\n<\/div>\n\n\n\n<div class=\"wp-block-uagb-container uagb-block-d15d0e1b\">\n<div class=\"wp-block-uagb-info-box uagb-block-66975132 uagb-infobox__content-wrap  uagb-infobox-icon-above-title uagb-infobox-image-valign-top\"><div class=\"uagb-ifb-content\"><div class=\"uagb-ifb-title-wrap\"><h4 class=\"uagb-ifb-title\"><a href=\"https:\/\/alphalearning.com\/our-services\/corporate-course\/\">Cours d\u2019Entreprise<\/a><\/h4><\/div><p class=\"uagb-ifb-desc\">Ce cours de cinq jours est sp\u00e9cifiquement con\u00e7u pour les groupes d\u2019entreprise de 2 \u00e0 4 participants. \u00c0 l\u2019instar des familles, nous consid\u00e9rons un groupe d\u2019entreprise comme tel lorsque tous ses membres peuvent utiliser sans difficult\u00e9 leur \u00c9quipement Brainwave III apr\u00e8s le cours.<\/p><\/div><\/div>\n<\/div>\n\n\n\n<div class=\"wp-block-uagb-container uagb-block-7fa1ed66\">\n<div class=\"wp-block-uagb-info-box uagb-block-e8032e3d uagb-infobox__content-wrap  uagb-infobox-icon-above-title uagb-infobox-image-valign-top\"><div class=\"uagb-ifb-content\"><div class=\"uagb-ifb-title-wrap\"><h4 class=\"uagb-ifb-title\"><a href=\"https:\/\/alphalearning.com\/our-services\/7-day-immersive-mastery-course\/\">Cours de Ma\u00eetrise Immersive de 7 jours<\/a><\/h4><\/div><p class=\"uagb-ifb-desc\">Ce cours s\u2019adresse aux personnes d\u00e9sireuses d\u2019am\u00e9liorer leurs capacit\u00e9s cognitives, de favoriser leur bien-\u00eatre personnel et de d\u00e9voiler de nouvelles perspectives de r\u00e9ussite professionnelle. Il s\u2019agit d\u2019une exploration globale et approfondie des techniques d\u2019entra\u00eenement c\u00e9r\u00e9bral, destin\u00e9e \u00e0 un ou deux participants (un couple ou des amis tr\u00e8s proches) qui disposeront de leur \u00c9quipement Brainwave III apr\u00e8s le cours.<\/p><\/div><\/div>\n<\/div>\n<\/div><\/div>\n\n\n\n<div class=\"wp-block-uagb-container uagb-block-82ad21af alignfull uagb-is-root-container\"><div class=\"uagb-container-inner-blocks-wrap\">\n<p>Pour le Cours d\u2019Application Professionnelle, l\u2019achat d\u2019un syst\u00e8me complet Brainwave III (incluant l\u2019\u00c9quipement d\u2019\u00c9lectroenc\u00e9phalographie et de Neurofeedback) pour chaque site repr\u00e9sent\u00e9 est obligatoire. Par exemple, un groupe de quatre participants compos\u00e9 de deux professionnels travaillant ensemble au Royaume-Uni, d\u2019un autre au Portugal et d\u2019un dernier en Allemagne devrait se procurer trois syst\u00e8mes Brainwave III pour son cours.<\/p>\n\n\n\n<p>Pr\u00eat(e) \u00e0 entamer votre parcours Alphalearning\u202f? <a href=\"https:\/\/alphalearning.com\/fr\/tarification\/apprendre-a-apprendre\/\">Utilisez notre calculateur interactif pour d\u00e9terminer pr\u00e9cis\u00e9ment le prix de votre cours<\/a> en fonction du nombre de participants et du nombre d\u2019unit\u00e9s Brainwave III requises.<\/p>\n\n\n\n<div class=\"wp-block-uagb-advanced-heading uagb-block-7a8f9225\"><h3 class=\"uagb-heading-text\">Cours Avanc\u00e9s<\/h3><\/div>\n\n\n\n<div class=\"wp-block-uagb-advanced-heading uagb-block-072a55bc\"><h4 class=\"uagb-heading-text\">Technique d\u2019\u00c9tude Straight-A (bient\u00f4t disponible)<\/h4><\/div>\n\n\n\n<div class=\"wp-block-uagb-advanced-heading uagb-block-ffe18c67\"><h4 class=\"uagb-heading-text\">R\u00e9vision du Cours Apprendre \u00e0 Apprendre (bient\u00f4t disponible)<\/h4><\/div>\n\n\n\n<div class=\"wp-block-uagb-advanced-heading uagb-block-f281bd6e\"><h3 class=\"uagb-heading-text\"><a href=\"https:\/\/alphalearning.com\/our-services\/evaluation-session\/\">Session d\u2019\u00c9valuation<\/a><\/h3><\/div>\n\n\n\n<p>La <strong>Session d\u2019\u00c9valuation<\/strong> offre une occasion unique aux nouveaux clients potentiels de d\u00e9couvrir directement l\u2019efficacit\u00e9 de l\u2019\u00e9quipement et des techniques Brainwave III d\u2019Alphalearning. Con\u00e7ue comme un pr\u00e9lude au Cours Apprendre \u00e0 Apprendre complet, cette session de quatre heures sert de premier point de contact, mettant en lumi\u00e8re le potentiel transformateur de nos m\u00e9thodes.<\/p>\n\n\n\n<p>Initialement destin\u00e9e \u00e0 \u00e9valuer l\u2019aptitude des candidats \u00e0 nos cours, la Session d\u2019\u00c9valuation est devenue un outil essentiel pour d\u00e9montrer les b\u00e9n\u00e9fices imm\u00e9diats de nos techniques d\u2019entra\u00eenement c\u00e9r\u00e9bral, gr\u00e2ce \u00e0 des relev\u00e9s EEG en temps r\u00e9el.<\/p>\n<\/div><\/div>\n","protected":false},"excerpt":{"rendered":"<p>Cours Apprendre \u00e0 Apprendre et aper\u00e7u des services Alphalearning Trouvez le cours Alphalearning qui vous convient, pour vous, votre famille [&hellip;]<\/p>\n","protected":false},"author":2,"featured_media":0,"parent":0,"menu_order":500,"comment_status":"closed","ping_status":"closed","template":"","meta":{"_uag_custom_page_level_css":"","site-sidebar-layout":"default","site-content-layout":"","ast-site-content-layout":"default","site-content-style":"default","site-sidebar-style":"default","ast-global-header-display":"","ast-banner-title-visibility":"","ast-main-header-display":"","ast-hfb-above-header-display":"","ast-hfb-below-header-display":"","ast-hfb-mobile-header-display":"","site-post-title":"disabled","ast-breadcrumbs-content":"","ast-featured-img":"","footer-sml-layout":"","ast-disable-related-posts":"","theme-transparent-header-meta":"","adv-header-id-meta":"","stick-header-meta":"","header-above-stick-meta":"","header-main-stick-meta":"","header-below-stick-meta":"","astra-migrate-meta-layouts":"default","ast-page-background-enabled":"default","ast-page-background-meta":{"desktop":{"background-color":"var(--ast-global-color-4)","background-image":"","background-repeat":"repeat","background-position":"center center","background-size":"auto","background-attachment":"scroll","background-type":"","background-media":"","overlay-type":"","overlay-color":"","overlay-opacity":"","overlay-gradient":""},"tablet":{"background-color":"","background-image":"","background-repeat":"repeat","background-position":"center center","background-size":"auto","background-attachment":"scroll","background-type":"","background-media":"","overlay-type":"","overlay-color":"","overlay-opacity":"","overlay-gradient":""},"mobile":{"background-color":"","background-image":"","background-repeat":"repeat","background-position":"center center","background-size":"auto","background-attachment":"scroll","background-type":"","background-media":"","overlay-type":"","overlay-color":"","overlay-opacity":"","overlay-gradient":""}},"ast-content-background-meta":{"desktop":{"background-color":"var(--ast-global-color-5)","background-image":"","background-repeat":"repeat","background-position":"center center","background-size":"auto","background-attachment":"scroll","background-type":"","background-media":"","overlay-type":"","overlay-color":"","overlay-opacity":"","overlay-gradient":""},"tablet":{"background-color":"var(--ast-global-color-5)","background-image":"","background-repeat":"repeat","background-position":"center center","background-size":"auto","background-attachment":"scroll","background-type":"","background-media":"","overlay-type":"","overlay-color":"","overlay-opacity":"","overlay-gradient":""},"mobile":{"background-color":"var(--ast-global-color-5)","background-image":"","background-repeat":"repeat","background-position":"center center","background-size":"auto","background-attachment":"scroll","background-type":"","background-media":"","overlay-type":"","overlay-color":"","overlay-opacity":"","overlay-gradient":""}},"footnotes":""},"class_list":["post-13512","page","type-page","status-publish","hentry"],"yoast_head":"<!-- This site is optimized with the Yoast SEO plugin v27.1.1 - https:\/\/yoast.com\/product\/yoast-seo-wordpress\/ -->\n<title>Alphalearning : Cours Apprendre \u00e0 Apprendre &amp; Brainwave III<\/title>\n<meta name=\"description\" content=\"D\u00e9couvrez les Cours Apprendre \u00e0 Apprendre d\u2019Alphalearning et Brainwave III. Am\u00e9liorez vos performances avec notre approche immersive.\" \/>\n<meta name=\"robots\" content=\"index, follow, max-snippet:-1, max-image-preview:large, max-video-preview:-1\" \/>\n<link rel=\"canonical\" href=\"https:\/\/alphalearning.com\/fr\/nos-services\/\" \/>\n<meta property=\"og:locale\" content=\"fr_FR\" \/>\n<meta property=\"og:type\" content=\"article\" \/>\n<meta property=\"og:title\" content=\"Alphalearning : Cours Apprendre \u00e0 Apprendre &amp; Brainwave III\" \/>\n<meta property=\"og:description\" content=\"D\u00e9couvrez les Cours Apprendre \u00e0 Apprendre d\u2019Alphalearning et Brainwave III. Am\u00e9liorez vos performances avec notre approche immersive.\" \/>\n<meta property=\"og:url\" content=\"https:\/\/alphalearning.com\/fr\/nos-services\/\" \/>\n<meta property=\"og:site_name\" content=\"Alphalearning International\" \/>\n<meta property=\"article:modified_time\" content=\"2025-02-25T10:13:01+00:00\" \/>\n<meta property=\"og:image\" content=\"https:\/\/alphalearning.com\/wp-content\/uploads\/2024\/04\/alphalearning-logo_red_1200x675px.png\" \/>\n\t<meta property=\"og:image:width\" content=\"1200\" \/>\n\t<meta property=\"og:image:height\" content=\"675\" \/>\n\t<meta property=\"og:image:type\" content=\"image\/png\" \/>\n<meta name=\"twitter:card\" content=\"summary_large_image\" \/>\n<meta name=\"twitter:label1\" content=\"Est. reading time\" \/>\n\t<meta name=\"twitter:data1\" content=\"3 minutes\" \/>\n<!-- \/ Yoast SEO plugin. -->","yoast_head_json":{"title":"Alphalearning : Cours Apprendre \u00e0 Apprendre & Brainwave III","description":"D\u00e9couvrez les Cours Apprendre \u00e0 Apprendre d\u2019Alphalearning et Brainwave III. Am\u00e9liorez vos performances avec notre approche immersive.","robots":{"index":"index","follow":"follow","max-snippet":"max-snippet:-1","max-image-preview":"max-image-preview:large","max-video-preview":"max-video-preview:-1"},"canonical":"https:\/\/alphalearning.com\/fr\/nos-services\/","og_locale":"fr_FR","og_type":"article","og_title":"Alphalearning : Cours Apprendre \u00e0 Apprendre & Brainwave III","og_description":"D\u00e9couvrez les Cours Apprendre \u00e0 Apprendre d\u2019Alphalearning et Brainwave III. Am\u00e9liorez vos performances avec notre approche immersive.","og_url":"https:\/\/alphalearning.com\/fr\/nos-services\/","og_site_name":"Alphalearning International","article_modified_time":"2025-02-25T10:13:01+00:00","og_image":[{"width":1200,"height":675,"url":"https:\/\/alphalearning.com\/wp-content\/uploads\/2024\/04\/alphalearning-logo_red_1200x675px.png","type":"image\/png"}],"twitter_card":"summary_large_image","twitter_misc":{"Est. reading time":"3 minutes"},"schema":{"@context":"https:\/\/schema.org","@graph":[{"@type":"WebPage","@id":"https:\/\/alphalearning.com\/fr\/nos-services\/","url":"https:\/\/alphalearning.com\/fr\/nos-services\/","name":"Alphalearning : Cours Apprendre \u00e0 Apprendre & Brainwave III","isPartOf":{"@id":"https:\/\/alphalearning.com\/fr\/#website"},"datePublished":"2024-03-27T16:18:19+00:00","dateModified":"2025-02-25T10:13:01+00:00","description":"D\u00e9couvrez les Cours Apprendre \u00e0 Apprendre d\u2019Alphalearning et Brainwave III. Am\u00e9liorez vos performances avec notre approche immersive.","breadcrumb":{"@id":"https:\/\/alphalearning.com\/fr\/nos-services\/#breadcrumb"},"inLanguage":"fr","potentialAction":[{"@type":"ReadAction","target":["https:\/\/alphalearning.com\/fr\/nos-services\/"]}]},{"@type":"BreadcrumbList","@id":"https:\/\/alphalearning.com\/fr\/nos-services\/#breadcrumb","itemListElement":[{"@type":"ListItem","position":1,"name":"Home","item":"https:\/\/alphalearning.com\/fr\/"},{"@type":"ListItem","position":2,"name":"Nos Services"}]},{"@type":"WebSite","@id":"https:\/\/alphalearning.com\/fr\/#website","url":"https:\/\/alphalearning.com\/fr\/","name":"Alphalearning International","description":"the brain training institute","publisher":{"@id":"https:\/\/alphalearning.com\/fr\/#organization"},"potentialAction":[{"@type":"SearchAction","target":{"@type":"EntryPoint","urlTemplate":"https:\/\/alphalearning.com\/fr\/?s={search_term_string}"},"query-input":{"@type":"PropertyValueSpecification","valueRequired":true,"valueName":"search_term_string"}}],"inLanguage":"fr"},{"@type":"Organization","@id":"https:\/\/alphalearning.com\/fr\/#organization","name":"Alphalearning International","url":"https:\/\/alphalearning.com\/fr\/","logo":{"@type":"ImageObject","inLanguage":"fr","@id":"https:\/\/alphalearning.com\/fr\/#\/schema\/logo\/image\/","url":"https:\/\/alphalearning.com\/wp-content\/uploads\/2024\/03\/alphalearning_ico2_512px.png","contentUrl":"https:\/\/alphalearning.com\/wp-content\/uploads\/2024\/03\/alphalearning_ico2_512px.png","width":512,"height":512,"caption":"Alphalearning International"},"image":{"@id":"https:\/\/alphalearning.com\/fr\/#\/schema\/logo\/image\/"}}]}},"uagb_featured_image_src":{"full":false,"thumbnail":false,"medium":false,"medium_large":false,"large":false,"1536x1536":false,"2048x2048":false,"gform-image-choice-sm":false,"gform-image-choice-md":false,"gform-image-choice-lg":false},"uagb_author_info":{"display_name":"Julio Machado","author_link":"https:\/\/alphalearning.com\/fr\/author\/julio-machado\/"},"uagb_comment_info":0,"uagb_excerpt":"Cours Apprendre \u00e0 Apprendre et aper\u00e7u des services Alphalearning Trouvez le cours Alphalearning qui vous convient, pour vous, votre famille [&hellip;]","_links":{"self":[{"href":"https:\/\/alphalearning.com\/fr\/wp-json\/wp\/v2\/pages\/13512","targetHints":{"allow":["GET"]}}],"collection":[{"href":"https:\/\/alphalearning.com\/fr\/wp-json\/wp\/v2\/pages"}],"about":[{"href":"https:\/\/alphalearning.com\/fr\/wp-json\/wp\/v2\/types\/page"}],"author":[{"embeddable":true,"href":"https:\/\/alphalearning.com\/fr\/wp-json\/wp\/v2\/users\/2"}],"replies":[{"embeddable":true,"href":"https:\/\/alphalearning.com\/fr\/wp-json\/wp\/v2\/comments?post=13512"}],"version-history":[{"count":3,"href":"https:\/\/alphalearning.com\/fr\/wp-json\/wp\/v2\/pages\/13512\/revisions"}],"predecessor-version":[{"id":14777,"href":"https:\/\/alphalearning.com\/fr\/wp-json\/wp\/v2\/pages\/13512\/revisions\/14777"}],"wp:attachment":[{"href":"https:\/\/alphalearning.com\/fr\/wp-json\/wp\/v2\/media?parent=13512"}],"curies":[{"name":"wp","href":"https:\/\/api.w.org\/{rel}","templated":true}]}}