{"id":13485,"date":"2024-03-27T16:47:42","date_gmt":"2024-03-27T16:47:42","guid":{"rendered":"https:\/\/alphalearning.com\/the-alphalearning-brainwave-evolution\/"},"modified":"2025-02-27T09:33:36","modified_gmt":"2025-02-27T09:33:36","slug":"evolution-brainwave-alphalearning","status":"publish","type":"page","link":"https:\/\/alphalearning.com\/fr\/evolution-brainwave-alphalearning\/","title":{"rendered":"\u00c9volution du Brainwave Alphalearning"},"content":{"rendered":"\n<div class=\"wp-block-uagb-advanced-heading uagb-block-8df8f3b4\"><h1 class=\"uagb-heading-text\">\u00c9volution du Brainwave Alphalearning<\/h1><\/div>\n\n\n\n<div class=\"wp-block-uagb-advanced-heading uagb-block-3319fc9c\"><h2 class=\"uagb-heading-text\">Brainwave 1 et logiciel Lotus<\/h2><\/div>\n\n\n\n<figure class=\"wp-block-image alignleft size-large is-resized\"><img loading=\"lazy\" decoding=\"async\" width=\"1024\" height=\"726\" src=\"https:\/\/alphalearning.com\/wp-content\/uploads\/2024\/04\/brainwave-i-old-pc-1024x726.jpg\" alt=\"\" class=\"wp-image-793\" style=\"object-fit:cover;width:300px;height:213px\" srcset=\"https:\/\/alphalearning.com\/wp-content\/uploads\/2024\/04\/brainwave-i-old-pc-1024x726.jpg 1024w, https:\/\/alphalearning.com\/wp-content\/uploads\/2024\/04\/brainwave-i-old-pc-300x213.jpg 300w, https:\/\/alphalearning.com\/wp-content\/uploads\/2024\/04\/brainwave-i-old-pc-768x545.jpg 768w, https:\/\/alphalearning.com\/wp-content\/uploads\/2024\/04\/brainwave-i-old-pc-1536x1089.jpg 1536w, https:\/\/alphalearning.com\/wp-content\/uploads\/2024\/04\/brainwave-i-old-pc.jpg 1692w\" sizes=\"auto, (max-width: 1024px) 100vw, 1024px\" \/><figcaption class=\"wp-element-caption\"><em>Premier logiciel Lotus sur un ancien PC<\/em><\/figcaption><\/figure>\n\n\n\n<p><br>La presse a accueilli le Brainwave 1 comme une v\u00e9ritable perc\u00e9e. Le Synapsia Journal l\u2019a qualifi\u00e9 de<em>\u00ab\u202fNeurochirurgie avec de la lumi\u00e8re et du son\u202f\u00bb<\/em>. Apr\u00e8s avoir pr\u00e9sent\u00e9 une version rudimentaire \u00e0 Tony Buzan, il a fallu cinq ans de recherche, 5\u202f000\u202f000\u202f$ d\u2019investissement \u2013 et des sponsors tels que l\u2019American Management Association, Raychem, ICL et Henkel \u2013 pour d\u00e9velopper le Brainwave 1.<\/p>\n\n\n\n<p>Au c\u0153ur du dispositif, un ensemble de quatre lumi\u00e8res dor\u00e9es douces clignotant dans chaque \u0153il et des sons subtils transmis dans chaque oreille permettait au cerveau de ressentir l\u2019\u00e9quilibre, la d\u00e9tente et le contr\u00f4le. Pour g\u00e9rer le clignotement des lumi\u00e8res et des sons, le logiciel Lotus et sa carte d\u2019extension n\u00e9cessitaient un PC. Un deuxi\u00e8me ordinateur fonctionnait en continu pour l\u2019\u00e9lectroenc\u00e9phalogramme, surveillant la r\u00e9action du cerveau aux stimuli lumineux et sonores. Cette configuration \u00e0 deux ordinateurs a \u00e9t\u00e9 utilis\u00e9e pendant plusieurs ann\u00e9es.<\/p>\n\n\n\n<div class=\"wp-block-uagb-advanced-heading uagb-block-183a9647\"><h2 class=\"uagb-heading-text\">Le PC prend un nouveau tournant<\/h2><\/div>\n\n\n\n<p>Plusieurs applications industrielles et fortement personnalis\u00e9es ont subi un revers lors de la sortie de Microsoft Windows XP en 2001. Le Brainwave 1 d\u2019Alphalearning Institute n\u2019a pas fait exception. Il avait \u00e9t\u00e9 con\u00e7u pour utiliser le port imprimante afin de contr\u00f4ler les lumi\u00e8res, ainsi qu\u2019une carte son compatible Sound Blaster 16 pour diffuser le son st\u00e9r\u00e9o. De plus, pour garantir un minutage pr\u00e9cis et une coordination parfaite entre les lumi\u00e8res et les sons, le logiciel Lotus devait exercer un contr\u00f4le exclusif sur plusieurs ressources mat\u00e9rielles du PC. Au nom de la stabilit\u00e9 du syst\u00e8me d\u2019exploitation, depuis Windows XP, aucun logiciel ne peut exercer un tel degr\u00e9 de contr\u00f4le sur le PC.<\/p>\n\n\n\n<p>Au cours des ann\u00e9es qui ont suivi, le logiciel Lotus a \u00e9t\u00e9 r\u00e9\u00e9crit pour fonctionner sous Windows XP et Vista, avec des cartes son non compatibles SB et, apr\u00e8s la disparition du port imprimante, pour utiliser la nouvelle norme USB de l\u2019\u00e9poque afin de piloter les lumi\u00e8res. Toutes ces tentatives ont \u00e9chou\u00e9 pour une raison simple : personne ne veut mettre son cerveau en danger. Le logiciel d\u00e9pend d\u2019un minutage tr\u00e8s pr\u00e9cis, et Windows modifie sa vitesse et sa coordination d\u00e8s qu\u2019il lance une mise \u00e0 jour, une indexation ou l\u2019une des nombreuses t\u00e2ches qu\u2019un syst\u00e8me d\u2019exploitation ex\u00e9cute en arri\u00e8re-plan, sans laisser aucun contr\u00f4le \u00e0 l\u2019utilisateur.<\/p>\n\n\n\n<div style=\"height:2px\" aria-hidden=\"true\" class=\"wp-block-spacer\"><\/div>\n\n\n\n<div class=\"wp-block-uagb-advanced-heading uagb-block-4be2ea50\"><h2 class=\"uagb-heading-text\">Contr\u00f4leur Brainwave III et nouveau logiciel Lotus<\/h2><\/div>\n\n\n\n<figure class=\"wp-block-image alignleft size-large is-resized\"><img loading=\"lazy\" decoding=\"async\" width=\"1024\" height=\"576\" src=\"https:\/\/alphalearning.com\/wp-content\/uploads\/2024\/04\/brainwave-iii-detail-1024x576.jpg\" alt=\"\" class=\"wp-image-794\" style=\"object-fit:cover;width:300px;height:169px\" srcset=\"https:\/\/alphalearning.com\/wp-content\/uploads\/2024\/04\/brainwave-iii-detail-1024x576.jpg 1024w, https:\/\/alphalearning.com\/wp-content\/uploads\/2024\/04\/brainwave-iii-detail-300x169.jpg 300w, https:\/\/alphalearning.com\/wp-content\/uploads\/2024\/04\/brainwave-iii-detail-768x432.jpg 768w, https:\/\/alphalearning.com\/wp-content\/uploads\/2024\/04\/brainwave-iii-detail-1536x864.jpg 1536w, https:\/\/alphalearning.com\/wp-content\/uploads\/2024\/04\/brainwave-iii-detail-2048x1152.jpg 2048w\" sizes=\"auto, (max-width: 1024px) 100vw, 1024px\" \/><figcaption class=\"wp-element-caption\"><em>Gravure du bo\u00eetier de luxe du Brainwave III<\/em><\/figcaption><\/figure>\n\n\n\n<p>La seule solution possible consistait \u00e0 cr\u00e9er un mat\u00e9riel d\u00e9di\u00e9 et \u00e0 concevoir un nouveau logiciel, tous deux en parfaite synergie, sans recourir \u00e0 un syst\u00e8me d\u2019exploitation tiers. De plus, il devait \u00eatre capable de contr\u00f4ler toutes les versions ant\u00e9rieures du Synergiseur de Neurones Optique-Acoustique produites par l\u2019Alphalearning Institute depuis les ann\u00e9es 90. Apr\u00e8s deux ans de recherche, de d\u00e9veloppement et de tests, le Brainwave III a finalement \u00e9t\u00e9 assembl\u00e9 \u00e0 l\u2019automne 2020. La pr\u00e9cision et les fonctionnalit\u00e9s obtenues avec cette version d\u00e9passent largement tout ce qui \u00e9tait possible avec le PC et le logiciel Lotus originel.<\/p>\n\n\n\n<div style=\"height:2px\" aria-hidden=\"true\" class=\"wp-block-spacer\"><\/div>\n\n\n\n<div class=\"wp-block-uagb-advanced-heading uagb-block-2cd721e7\"><h3 class=\"uagb-heading-text\">Le contr\u00f4leur Brainwave III est compos\u00e9 des \u00e9l\u00e9ments mat\u00e9riels suivants :<\/h3><\/div>\n\n\n\n<figure class=\"wp-block-image alignleft size-large is-resized\"><img loading=\"lazy\" decoding=\"async\" width=\"1024\" height=\"576\" src=\"https:\/\/alphalearning.com\/wp-content\/uploads\/2024\/04\/brainwave-iii-controller-1024x576.jpg\" alt=\"\" class=\"wp-image-795\" style=\"aspect-ratio:1.6623376623376624;object-fit:cover;width:447px;height:auto\" srcset=\"https:\/\/alphalearning.com\/wp-content\/uploads\/2024\/04\/brainwave-iii-controller-1024x576.jpg 1024w, https:\/\/alphalearning.com\/wp-content\/uploads\/2024\/04\/brainwave-iii-controller-300x169.jpg 300w, https:\/\/alphalearning.com\/wp-content\/uploads\/2024\/04\/brainwave-iii-controller-768x432.jpg 768w, https:\/\/alphalearning.com\/wp-content\/uploads\/2024\/04\/brainwave-iii-controller-1536x864.jpg 1536w\" sizes=\"auto, (max-width: 1024px) 100vw, 1024px\" \/><\/figure>\n\n\n\n<ul class=\"wp-block-list\">\n<li>Deux processeurs ind\u00e9pendants<\/li>\n\n\n\n<li>\u00c9cran tactile capacitif de 7 pouces<\/li>\n\n\n\n<li>Carte son d\u00e9di\u00e9e, con\u00e7ue exclusivement pour cet usage<\/li>\n\n\n\n<li>Son st\u00e9r\u00e9o en 32 bits, 44,1 kHz<\/li>\n\n\n\n<li>Entr\u00e9e audio (line-in) disponible<\/li>\n\n\n\n<li>Deux ports, permettant l\u2019utilisation simultan\u00e9e par deux personnes<\/li>\n\n\n\n<li>Connecteur d\u2019alimentation USB-C, avec chargeur et c\u00e2ble inclus<\/li>\n\n\n\n<li>Carte SD amovible pour \u00e9diter et cr\u00e9er de nouvelles s\u00e9quences<\/li>\n<\/ul>\n\n\n\n<div style=\"height:2px\" aria-hidden=\"true\" class=\"wp-block-spacer\"><\/div>\n\n\n\n<div class=\"wp-block-uagb-advanced-heading uagb-block-4bf91a7e\"><h3 class=\"uagb-heading-text\">Et le nouveau logiciel Lotus propose :<\/h3><\/div>\n\n\n\n<ul class=\"wp-block-list\">\n<li>Un minutage pr\u00e9cis pour synchroniser lumi\u00e8res et son st\u00e9r\u00e9o<\/li>\n\n\n\n<li>Un design intuitif et convivial<\/li>\n\n\n\n<li>Un meilleur contr\u00f4le de la luminosit\u00e9 des lumi\u00e8res<\/li>\n\n\n\n<li>Un r\u00e9glage plus pr\u00e9cis de l\u2019\u00e9quilibre lumi\u00e8re\/son<\/li>\n\n\n\n<li>Des boutons Lecture, Pause et Stop disponibles pendant l\u2019ex\u00e9cution d\u2019une s\u00e9quence<\/li>\n\n\n\n<li>La possibilit\u00e9 de passer \u00e0 n\u2019importe quelle partie de la s\u00e9quence sans l\u2019interrompre<\/li>\n\n\n\n<li>Une licence et des mises \u00e0 jour \u00e0 vie<\/li>\n<\/ul>\n\n\n\n<div class=\"wp-block-uagb-advanced-heading uagb-block-be79df38\"><h2 class=\"uagb-heading-text\">Un nouveau Synergiseur de Neurones Optiques<\/h2><\/div>\n\n\n\n<figure class=\"wp-block-image alignleft size-large is-resized\"><img loading=\"lazy\" decoding=\"async\" width=\"1024\" height=\"576\" src=\"https:\/\/alphalearning.com\/wp-content\/uploads\/2024\/04\/brainwave-iii-32-lights-1024x576.jpg\" alt=\"\" class=\"wp-image-798\" style=\"object-fit:cover;width:300px;height:169px\" srcset=\"https:\/\/alphalearning.com\/wp-content\/uploads\/2024\/04\/brainwave-iii-32-lights-1024x576.jpg 1024w, https:\/\/alphalearning.com\/wp-content\/uploads\/2024\/04\/brainwave-iii-32-lights-300x169.jpg 300w, https:\/\/alphalearning.com\/wp-content\/uploads\/2024\/04\/brainwave-iii-32-lights-768x432.jpg 768w, https:\/\/alphalearning.com\/wp-content\/uploads\/2024\/04\/brainwave-iii-32-lights-1536x864.jpg 1536w, https:\/\/alphalearning.com\/wp-content\/uploads\/2024\/04\/brainwave-iii-32-lights-2048x1152.jpg 2048w\" sizes=\"auto, (max-width: 1024px) 100vw, 1024px\" \/><figcaption class=\"wp-element-caption\"><em>Synergiseur de Neurones Optiques<\/em><br><em>avec 16+16 lumi\u00e8res<\/em><\/figcaption><\/figure>\n\n\n\n<p>\u00c0 la suite de la version originale du Brainwave\u202f1 dot\u00e9 de quatre lumi\u00e8res, Alphalearning a d\u00e9velopp\u00e9 un mod\u00e8le \u00e0 16 lumi\u00e8res, puis \u00e0 70, et enfin la version \u00e0 32 lumi\u00e8res, d\u00e9j\u00e0 utilis\u00e9e depuis plusieurs ann\u00e9es. Bien que la version \u00e0 32 lumi\u00e8res produise un effet plus profond sur le cerveau, les mod\u00e8les ant\u00e9rieurs fonctionnent parfaitement avec le nouveau contr\u00f4leur Brainwave\u202fIII, procurant le m\u00eame r\u00e9sultat qu\u2019auparavant.<\/p>\n\n\n\n<div class=\"wp-block-uagb-advanced-heading uagb-block-380a1d2d\"><h2 class=\"uagb-heading-text\">Programme de mise \u00e0 niveau Alphalearning<\/h2><\/div>\n\n\n\n<p>Si, \u00e0 un moment donn\u00e9, l\u2019institut Alphalearning a enrichi votre vie, celle de votre famille ou a contribu\u00e9 au d\u00e9veloppement de votre entreprise, il est temps de reprendre contact avec nous. Comme vous pourriez trouver difficile, voire impossible, de r\u00e9parer votre PC pour continuer \u00e0 faire fonctionner le Lotus Software d\u2019origine, Brainwave III est la solution \u2013 et vous pouvez continuer \u00e0 utiliser votre ensemble de lumi\u00e8res actuel ou passer \u00e0 l\u2019ensemble 16+16 LED. <a href=\"https:\/\/alphalearning.com\/contact\/\">Contactez-nous et nous organiserons tout pour que vous receviez votre nouveau Brainwave dans les prochains jours.<\/a><\/p>\n\n\n\n<p><a href=\"https:\/\/alphalearning.com\/fr\/brainwave\/synergiseur-neurones-optiques-acoustiques\/\">En savoir plus sur le Synergiseur de Neurones Optique-Acoustique Brainwave III<\/a><\/p>\n","protected":false},"excerpt":{"rendered":"<p>\u00c9volution du Brainwave Alphalearning Brainwave 1 et logiciel Lotus La presse a accueilli le Brainwave 1 comme une v\u00e9ritable perc\u00e9e. [&hellip;]<\/p>\n","protected":false},"author":2,"featured_media":13487,"parent":0,"menu_order":450,"comment_status":"closed","ping_status":"closed","template":"","meta":{"_uag_custom_page_level_css":"","site-sidebar-layout":"default","site-content-layout":"","ast-site-content-layout":"default","site-content-style":"default","site-sidebar-style":"default","ast-global-header-display":"","ast-banner-title-visibility":"","ast-main-header-display":"","ast-hfb-above-header-display":"","ast-hfb-below-header-display":"","ast-hfb-mobile-header-display":"","site-post-title":"disabled","ast-breadcrumbs-content":"","ast-featured-img":"","footer-sml-layout":"","ast-disable-related-posts":"","theme-transparent-header-meta":"","adv-header-id-meta":"","stick-header-meta":"","header-above-stick-meta":"","header-main-stick-meta":"","header-below-stick-meta":"","astra-migrate-meta-layouts":"default","ast-page-background-enabled":"default","ast-page-background-meta":{"desktop":{"background-color":"var(--ast-global-color-4)","background-image":"","background-repeat":"repeat","background-position":"center center","background-size":"auto","background-attachment":"scroll","background-type":"","background-media":"","overlay-type":"","overlay-color":"","overlay-opacity":"","overlay-gradient":""},"tablet":{"background-color":"","background-image":"","background-repeat":"repeat","background-position":"center center","background-size":"auto","background-attachment":"scroll","background-type":"","background-media":"","overlay-type":"","overlay-color":"","overlay-opacity":"","overlay-gradient":""},"mobile":{"background-color":"","background-image":"","background-repeat":"repeat","background-position":"center center","background-size":"auto","background-attachment":"scroll","background-type":"","background-media":"","overlay-type":"","overlay-color":"","overlay-opacity":"","overlay-gradient":""}},"ast-content-background-meta":{"desktop":{"background-color":"var(--ast-global-color-5)","background-image":"","background-repeat":"repeat","background-position":"center center","background-size":"auto","background-attachment":"scroll","background-type":"","background-media":"","overlay-type":"","overlay-color":"","overlay-opacity":"","overlay-gradient":""},"tablet":{"background-color":"var(--ast-global-color-5)","background-image":"","background-repeat":"repeat","background-position":"center center","background-size":"auto","background-attachment":"scroll","background-type":"","background-media":"","overlay-type":"","overlay-color":"","overlay-opacity":"","overlay-gradient":""},"mobile":{"background-color":"var(--ast-global-color-5)","background-image":"","background-repeat":"repeat","background-position":"center center","background-size":"auto","background-attachment":"scroll","background-type":"","background-media":"","overlay-type":"","overlay-color":"","overlay-opacity":"","overlay-gradient":""}},"footnotes":""},"class_list":["post-13485","page","type-page","status-publish","has-post-thumbnail","hentry"],"yoast_head":"<!-- This site is optimized with the Yoast SEO plugin v27.1.1 - https:\/\/yoast.com\/product\/yoast-seo-wordpress\/ -->\n<title>\u00c9volution du Brainwave Alphalearning\u202f: du I au III<\/title>\n<meta name=\"description\" content=\"D\u00e9couvrez comment la technologie r\u00e9volutionnaire Brainwave d\u2019Alphalearning est pass\u00e9e du Brainwave\u202fI au Brainwave\u202fIII, offrant de nouveaux niveaux d\u2019entra\u00eenement c\u00e9r\u00e9bral.\" \/>\n<meta name=\"robots\" content=\"index, follow, max-snippet:-1, max-image-preview:large, max-video-preview:-1\" \/>\n<link rel=\"canonical\" href=\"https:\/\/alphalearning.com\/fr\/evolution-brainwave-alphalearning\/\" \/>\n<meta property=\"og:locale\" content=\"fr_FR\" \/>\n<meta property=\"og:type\" content=\"article\" \/>\n<meta property=\"og:title\" content=\"\u00c9volution du Brainwave Alphalearning\u202f: du I au III\" \/>\n<meta property=\"og:description\" content=\"D\u00e9couvrez comment la technologie r\u00e9volutionnaire Brainwave d\u2019Alphalearning est pass\u00e9e du Brainwave\u202fI au Brainwave\u202fIII, offrant de nouveaux niveaux d\u2019entra\u00eenement c\u00e9r\u00e9bral.\" \/>\n<meta property=\"og:url\" content=\"https:\/\/alphalearning.com\/fr\/evolution-brainwave-alphalearning\/\" \/>\n<meta property=\"og:site_name\" content=\"Alphalearning International\" \/>\n<meta property=\"article:modified_time\" content=\"2025-02-27T09:33:36+00:00\" \/>\n<meta property=\"og:image\" content=\"https:\/\/alphalearning.com\/wp-content\/uploads\/2024\/04\/brainwave-iii-detail-scaled.jpg\" \/>\n\t<meta property=\"og:image:width\" content=\"2560\" \/>\n\t<meta property=\"og:image:height\" content=\"1440\" \/>\n\t<meta property=\"og:image:type\" content=\"image\/jpeg\" \/>\n<meta name=\"twitter:card\" content=\"summary_large_image\" \/>\n<meta name=\"twitter:label1\" content=\"Est. reading time\" \/>\n\t<meta name=\"twitter:data1\" content=\"5 minutes\" \/>\n<!-- \/ Yoast SEO plugin. -->","yoast_head_json":{"title":"\u00c9volution du Brainwave Alphalearning\u202f: du I au III","description":"D\u00e9couvrez comment la technologie r\u00e9volutionnaire Brainwave d\u2019Alphalearning est pass\u00e9e du Brainwave\u202fI au Brainwave\u202fIII, offrant de nouveaux niveaux d\u2019entra\u00eenement c\u00e9r\u00e9bral.","robots":{"index":"index","follow":"follow","max-snippet":"max-snippet:-1","max-image-preview":"max-image-preview:large","max-video-preview":"max-video-preview:-1"},"canonical":"https:\/\/alphalearning.com\/fr\/evolution-brainwave-alphalearning\/","og_locale":"fr_FR","og_type":"article","og_title":"\u00c9volution du Brainwave Alphalearning\u202f: du I au III","og_description":"D\u00e9couvrez comment la technologie r\u00e9volutionnaire Brainwave d\u2019Alphalearning est pass\u00e9e du Brainwave\u202fI au Brainwave\u202fIII, offrant de nouveaux niveaux d\u2019entra\u00eenement c\u00e9r\u00e9bral.","og_url":"https:\/\/alphalearning.com\/fr\/evolution-brainwave-alphalearning\/","og_site_name":"Alphalearning International","article_modified_time":"2025-02-27T09:33:36+00:00","og_image":[{"width":2560,"height":1440,"url":"https:\/\/alphalearning.com\/wp-content\/uploads\/2024\/04\/brainwave-iii-detail-scaled.jpg","type":"image\/jpeg"}],"twitter_card":"summary_large_image","twitter_misc":{"Est. reading time":"5 minutes"},"schema":{"@context":"https:\/\/schema.org","@graph":[{"@type":"WebPage","@id":"https:\/\/alphalearning.com\/fr\/evolution-brainwave-alphalearning\/","url":"https:\/\/alphalearning.com\/fr\/evolution-brainwave-alphalearning\/","name":"\u00c9volution du Brainwave Alphalearning\u202f: du I au III","isPartOf":{"@id":"https:\/\/alphalearning.com\/fr\/#website"},"primaryImageOfPage":{"@id":"https:\/\/alphalearning.com\/fr\/evolution-brainwave-alphalearning\/#primaryimage"},"image":{"@id":"https:\/\/alphalearning.com\/fr\/evolution-brainwave-alphalearning\/#primaryimage"},"thumbnailUrl":"https:\/\/alphalearning.com\/wp-content\/uploads\/2024\/04\/brainwave-iii-detail-scaled.jpg","datePublished":"2024-03-27T16:47:42+00:00","dateModified":"2025-02-27T09:33:36+00:00","description":"D\u00e9couvrez comment la technologie r\u00e9volutionnaire Brainwave d\u2019Alphalearning est pass\u00e9e du Brainwave\u202fI au Brainwave\u202fIII, offrant de nouveaux niveaux d\u2019entra\u00eenement c\u00e9r\u00e9bral.","breadcrumb":{"@id":"https:\/\/alphalearning.com\/fr\/evolution-brainwave-alphalearning\/#breadcrumb"},"inLanguage":"fr","potentialAction":[{"@type":"ReadAction","target":["https:\/\/alphalearning.com\/fr\/evolution-brainwave-alphalearning\/"]}]},{"@type":"ImageObject","inLanguage":"fr","@id":"https:\/\/alphalearning.com\/fr\/evolution-brainwave-alphalearning\/#primaryimage","url":"https:\/\/alphalearning.com\/wp-content\/uploads\/2024\/04\/brainwave-iii-detail-scaled.jpg","contentUrl":"https:\/\/alphalearning.com\/wp-content\/uploads\/2024\/04\/brainwave-iii-detail-scaled.jpg","width":2560,"height":1440},{"@type":"BreadcrumbList","@id":"https:\/\/alphalearning.com\/fr\/evolution-brainwave-alphalearning\/#breadcrumb","itemListElement":[{"@type":"ListItem","position":1,"name":"Home","item":"https:\/\/alphalearning.com\/fr\/"},{"@type":"ListItem","position":2,"name":"\u00c9volution du Brainwave Alphalearning"}]},{"@type":"WebSite","@id":"https:\/\/alphalearning.com\/fr\/#website","url":"https:\/\/alphalearning.com\/fr\/","name":"Alphalearning International","description":"the brain training institute","publisher":{"@id":"https:\/\/alphalearning.com\/fr\/#organization"},"potentialAction":[{"@type":"SearchAction","target":{"@type":"EntryPoint","urlTemplate":"https:\/\/alphalearning.com\/fr\/?s={search_term_string}"},"query-input":{"@type":"PropertyValueSpecification","valueRequired":true,"valueName":"search_term_string"}}],"inLanguage":"fr"},{"@type":"Organization","@id":"https:\/\/alphalearning.com\/fr\/#organization","name":"Alphalearning International","url":"https:\/\/alphalearning.com\/fr\/","logo":{"@type":"ImageObject","inLanguage":"fr","@id":"https:\/\/alphalearning.com\/fr\/#\/schema\/logo\/image\/","url":"https:\/\/alphalearning.com\/wp-content\/uploads\/2024\/03\/alphalearning_ico2_512px.png","contentUrl":"https:\/\/alphalearning.com\/wp-content\/uploads\/2024\/03\/alphalearning_ico2_512px.png","width":512,"height":512,"caption":"Alphalearning International"},"image":{"@id":"https:\/\/alphalearning.com\/fr\/#\/schema\/logo\/image\/"}}]}},"uagb_featured_image_src":{"full":["https:\/\/alphalearning.com\/wp-content\/uploads\/2024\/04\/brainwave-iii-detail-scaled.jpg",2560,1440,false],"thumbnail":["https:\/\/alphalearning.com\/wp-content\/uploads\/2024\/04\/brainwave-iii-detail-150x150.jpg",150,150,true],"medium":["https:\/\/alphalearning.com\/wp-content\/uploads\/2024\/04\/brainwave-iii-detail-300x169.jpg",300,169,true],"medium_large":["https:\/\/alphalearning.com\/wp-content\/uploads\/2024\/04\/brainwave-iii-detail-768x432.jpg",768,432,true],"large":["https:\/\/alphalearning.com\/wp-content\/uploads\/2024\/04\/brainwave-iii-detail-1024x576.jpg",1024,576,true],"1536x1536":["https:\/\/alphalearning.com\/wp-content\/uploads\/2024\/04\/brainwave-iii-detail-1536x864.jpg",1536,864,true],"2048x2048":["https:\/\/alphalearning.com\/wp-content\/uploads\/2024\/04\/brainwave-iii-detail-2048x1152.jpg",2048,1152,true],"gform-image-choice-sm":["https:\/\/alphalearning.com\/wp-content\/uploads\/2024\/04\/brainwave-iii-detail-scaled.jpg",300,169,false],"gform-image-choice-md":["https:\/\/alphalearning.com\/wp-content\/uploads\/2024\/04\/brainwave-iii-detail-scaled.jpg",400,225,false],"gform-image-choice-lg":["https:\/\/alphalearning.com\/wp-content\/uploads\/2024\/04\/brainwave-iii-detail-scaled.jpg",600,338,false]},"uagb_author_info":{"display_name":"Julio Machado","author_link":"https:\/\/alphalearning.com\/fr\/author\/julio-machado\/"},"uagb_comment_info":0,"uagb_excerpt":"\u00c9volution du Brainwave Alphalearning Brainwave 1 et logiciel Lotus La presse a accueilli le Brainwave 1 comme une v\u00e9ritable perc\u00e9e. [&hellip;]","_links":{"self":[{"href":"https:\/\/alphalearning.com\/fr\/wp-json\/wp\/v2\/pages\/13485","targetHints":{"allow":["GET"]}}],"collection":[{"href":"https:\/\/alphalearning.com\/fr\/wp-json\/wp\/v2\/pages"}],"about":[{"href":"https:\/\/alphalearning.com\/fr\/wp-json\/wp\/v2\/types\/page"}],"author":[{"embeddable":true,"href":"https:\/\/alphalearning.com\/fr\/wp-json\/wp\/v2\/users\/2"}],"replies":[{"embeddable":true,"href":"https:\/\/alphalearning.com\/fr\/wp-json\/wp\/v2\/comments?post=13485"}],"version-history":[{"count":11,"href":"https:\/\/alphalearning.com\/fr\/wp-json\/wp\/v2\/pages\/13485\/revisions"}],"predecessor-version":[{"id":15388,"href":"https:\/\/alphalearning.com\/fr\/wp-json\/wp\/v2\/pages\/13485\/revisions\/15388"}],"wp:featuredmedia":[{"embeddable":true,"href":"https:\/\/alphalearning.com\/fr\/wp-json\/wp\/v2\/media\/13487"}],"wp:attachment":[{"href":"https:\/\/alphalearning.com\/fr\/wp-json\/wp\/v2\/media?parent=13485"}],"curies":[{"name":"wp","href":"https:\/\/api.w.org\/{rel}","templated":true}]}}