{"id":13458,"date":"2024-03-27T16:22:21","date_gmt":"2024-03-27T16:22:21","guid":{"rendered":"https:\/\/alphalearning.com\/brainwave\/neurofeedback-eeg\/"},"modified":"2025-01-30T06:15:44","modified_gmt":"2025-01-30T06:15:44","slug":"neurofeedback-par-eeg","status":"publish","type":"page","link":"https:\/\/alphalearning.com\/fr\/brainwave\/neurofeedback-par-eeg\/","title":{"rendered":"Neurofeedback par EEG"},"content":{"rendered":"\n<div class=\"wp-block-uagb-advanced-heading uagb-block-f85b6e61\"><h1 class=\"uagb-heading-text\">Brainwave III \u2013 \u00c9lectroenc\u00e9phalographe et \u00c9quipement de Neurofeedback<\/h1><\/div>\n\n\n\n<div class=\"wp-block-uagb-container uagb-block-a67c8036 alignfull uagb-is-root-container\"><div class=\"uagb-container-inner-blocks-wrap\">\n<div class=\"wp-block-uagb-container uagb-block-e9d1660d\">\n<figure class=\"wp-block-image alignleft size-large\"><img decoding=\"async\" src=\"https:\/\/alphalearning.com\/wp-content\/uploads\/2024\/03\/screenset2-1024x508.jpg\" alt=\"\"\/><figcaption class=\"wp-element-caption\"><em>L\u2019EEG Brainwave III permet un suivi scientifique continu des progr\u00e8s apr\u00e8s le cours et facilite le choix de r\u00e9glages optimaux pour chaque nouvelle s\u00e9ance d\u2019entra\u00eenement.<\/em><\/figcaption><\/figure>\n<\/div>\n\n\n\n<div class=\"wp-block-uagb-container uagb-block-10af873a\">\n<p>En tant qu\u2019\u00e9l\u00e9ment essentiel du <a href=\"https:\/\/alphalearning.com\/fr\/brainwave\/\">Syst\u00e8me Brainwave III<\/a>, notre dispositif EEG Brainwave III sp\u00e9cialement con\u00e7u joue un r\u00f4le d\u00e9terminant dans la lecture, l\u2019analyse et l\u2019entra\u00eenement des fr\u00e9quences c\u00e9r\u00e9brales complexes lors du <a href=\"https:\/\/alphalearning.com\/our-services\/individual-family-course\/\">Cours Apprendre \u00e0 Apprendre<\/a>. Fruit de plusieurs ann\u00e9es de recherche, cet \u00e9quipement de pointe allie robustesse et facilit\u00e9 d\u2019utilisation, en faisant un pilier de notre syst\u00e8me.<\/p>\n\n\n\n<p>Notre EEG Brainwave III assure un suivi scientifique continu des progr\u00e8s apr\u00e8s le cours. Ce degr\u00e9 de suivi sert de guide pour s\u00e9lectionner les r\u00e9glages optimaux \u00e0 chaque nouvelle s\u00e9ance d\u2019entra\u00eenement, garantissant une exp\u00e9rience d\u2019apprentissage personnalis\u00e9e et efficace pour chaque utilisateur.<\/p>\n\n\n\n<p>Outre ses capacit\u00e9s en autonomie, l\u2019EEG Brainwave III fonctionne en synergie avec le <a href=\"https:\/\/alphalearning.com\/fr\/brainwave\/synergiseur-neurones-optiques-acoustiques\/\">Synergiseur de Neurones Optique-Acoustique<\/a>. Cette combinaison puissante propose une approche unique pour \u00e9quilibrer l\u2019activit\u00e9 c\u00e9r\u00e9brale, aidant les utilisateurs \u00e0 atteindre et \u00e0 maintenir des ondes Alpha et Theta.<br><\/p>\n<\/div>\n\n\n\n<div class=\"wp-block-uagb-container uagb-block-dc83fcee\">\n<figure class=\"wp-block-image size-large\"><img decoding=\"async\" src=\"https:\/\/alphalearning.com\/wp-content\/uploads\/2024\/03\/screenset3-1024x508.jpg\" alt=\"\"\/><figcaption class=\"wp-element-caption\"><em>Comparaison de diff\u00e9rents segments d\u2019une session EEG enregistr\u00e9e.<\/em><\/figcaption><\/figure>\n<\/div>\n<\/div><\/div>\n\n\n\n<p>L\u2019EEG Brainwave III, associ\u00e9 \u00e0 notre logiciel exclusif, offre un niveau de service in\u00e9gal\u00e9 en mati\u00e8re de pr\u00e9cision et de fonctionnalit\u00e9. Les fonctionnalit\u00e9s d\u2019analyse post-s\u00e9ance, exclusives au Syst\u00e8me Alphalearning, garantissent \u00e0 nos utilisateurs un service non seulement unique, mais \u00e9galement sup\u00e9rieur dans ses prestations.<\/p>\n\n\n\n<p>Nous sommes impatients de vous aider \u00e0 d\u00e9couvrir tout le potentiel du Syst\u00e8me Brainwave III et sa capacit\u00e9 \u00e0 am\u00e9liorer votre parcours d\u2019apprentissage. Pour en savoir plus sur la mani\u00e8re dont le Syst\u00e8me Brainwave III peut transformer votre exp\u00e9rience d\u2019entra\u00eenement c\u00e9r\u00e9bral, d\u2019analyse EEG et de neurofeedback, rendez-vous sur notre <a href=\"https:\/\/alphalearning.com\/fr\/contact\/\">page de contact<\/a> pour entrer en relation avec l\u2019\u00e9quipe d\u2019Alphalearning.<\/p>\n\n\n\n<p class=\"has-text-align-right\"><a href=\"https:\/\/alphalearning.com\/fr\/brainwave\/synergiseur-neurones-optiques-acoustiques\/\">En savoir plus sur le Brainwave III \u2013 Synergiseur de Neurones Optique-Acoustique<\/a><br><a href=\"https:\/\/alphalearning.com\/what-are-alpha-and-theta-brain-waves\/\">Que sont les ondes c\u00e9r\u00e9brales Alpha et Theta ?<\/a><br><a href=\"https:\/\/alphalearning.com\/fr\/presse-internationale\/\">Alphalearning dans la presse internationale<\/a><\/p>\n","protected":false},"excerpt":{"rendered":"<p>Brainwave III \u2013 \u00c9lectroenc\u00e9phalographe et \u00c9quipement de Neurofeedback En tant qu\u2019\u00e9l\u00e9ment essentiel du Syst\u00e8me Brainwave III, notre dispositif EEG Brainwave [&hellip;]<\/p>\n","protected":false},"author":2,"featured_media":0,"parent":13421,"menu_order":402,"comment_status":"closed","ping_status":"closed","template":"","meta":{"_uag_custom_page_level_css":"","site-sidebar-layout":"default","site-content-layout":"","ast-site-content-layout":"default","site-content-style":"default","site-sidebar-style":"default","ast-global-header-display":"","ast-banner-title-visibility":"","ast-main-header-display":"","ast-hfb-above-header-display":"","ast-hfb-below-header-display":"","ast-hfb-mobile-header-display":"","site-post-title":"disabled","ast-breadcrumbs-content":"","ast-featured-img":"","footer-sml-layout":"","ast-disable-related-posts":"","theme-transparent-header-meta":"","adv-header-id-meta":"","stick-header-meta":"","header-above-stick-meta":"","header-main-stick-meta":"","header-below-stick-meta":"","astra-migrate-meta-layouts":"default","ast-page-background-enabled":"default","ast-page-background-meta":{"desktop":{"background-color":"var(--ast-global-color-4)","background-image":"","background-repeat":"repeat","background-position":"center center","background-size":"auto","background-attachment":"scroll","background-type":"","background-media":"","overlay-type":"","overlay-color":"","overlay-opacity":"","overlay-gradient":""},"tablet":{"background-color":"","background-image":"","background-repeat":"repeat","background-position":"center center","background-size":"auto","background-attachment":"scroll","background-type":"","background-media":"","overlay-type":"","overlay-color":"","overlay-opacity":"","overlay-gradient":""},"mobile":{"background-color":"","background-image":"","background-repeat":"repeat","background-position":"center center","background-size":"auto","background-attachment":"scroll","background-type":"","background-media":"","overlay-type":"","overlay-color":"","overlay-opacity":"","overlay-gradient":""}},"ast-content-background-meta":{"desktop":{"background-color":"var(--ast-global-color-5)","background-image":"","background-repeat":"repeat","background-position":"center center","background-size":"auto","background-attachment":"scroll","background-type":"","background-media":"","overlay-type":"","overlay-color":"","overlay-opacity":"","overlay-gradient":""},"tablet":{"background-color":"var(--ast-global-color-5)","background-image":"","background-repeat":"repeat","background-position":"center center","background-size":"auto","background-attachment":"scroll","background-type":"","background-media":"","overlay-type":"","overlay-color":"","overlay-opacity":"","overlay-gradient":""},"mobile":{"background-color":"var(--ast-global-color-5)","background-image":"","background-repeat":"repeat","background-position":"center center","background-size":"auto","background-attachment":"scroll","background-type":"","background-media":"","overlay-type":"","overlay-color":"","overlay-opacity":"","overlay-gradient":""}},"footnotes":""},"class_list":["post-13458","page","type-page","status-publish","hentry"],"yoast_head":"<!-- This site is optimized with the Yoast SEO plugin v27.1.1 - https:\/\/yoast.com\/product\/yoast-seo-wordpress\/ -->\n<title>Brainwave III : \u00c9quipement EEG &amp; Neurofeedback Avanc\u00e9<\/title>\n<meta name=\"description\" content=\"D\u00e9couvrez une technologie avanc\u00e9e EEG et neurofeedback pour une analyse pr\u00e9cise des fr\u00e9quences c\u00e9r\u00e9brales et un apprentissage optimis\u00e9 avec Brainwave III.\" \/>\n<meta name=\"robots\" content=\"index, follow, max-snippet:-1, max-image-preview:large, max-video-preview:-1\" \/>\n<link rel=\"canonical\" href=\"https:\/\/alphalearning.com\/fr\/brainwave\/neurofeedback-par-eeg\/\" \/>\n<meta property=\"og:locale\" content=\"fr_FR\" \/>\n<meta property=\"og:type\" content=\"article\" \/>\n<meta property=\"og:title\" content=\"Brainwave III : \u00c9quipement EEG &amp; Neurofeedback Avanc\u00e9\" \/>\n<meta property=\"og:description\" content=\"D\u00e9couvrez une technologie avanc\u00e9e EEG et neurofeedback pour une analyse pr\u00e9cise des fr\u00e9quences c\u00e9r\u00e9brales et un apprentissage optimis\u00e9 avec Brainwave III.\" \/>\n<meta property=\"og:url\" content=\"https:\/\/alphalearning.com\/fr\/brainwave\/neurofeedback-par-eeg\/\" \/>\n<meta property=\"og:site_name\" content=\"Alphalearning International\" \/>\n<meta property=\"article:modified_time\" content=\"2025-01-30T06:15:44+00:00\" \/>\n<meta property=\"og:image\" content=\"https:\/\/alphalearning.com\/wp-content\/uploads\/2024\/03\/screenset2-1024x508.jpg\" \/>\n<meta name=\"twitter:card\" content=\"summary_large_image\" \/>\n<meta name=\"twitter:label1\" content=\"Est. reading time\" \/>\n\t<meta name=\"twitter:data1\" content=\"2 minutes\" \/>\n<!-- \/ Yoast SEO plugin. -->","yoast_head_json":{"title":"Brainwave III : \u00c9quipement EEG & Neurofeedback Avanc\u00e9","description":"D\u00e9couvrez une technologie avanc\u00e9e EEG et neurofeedback pour une analyse pr\u00e9cise des fr\u00e9quences c\u00e9r\u00e9brales et un apprentissage optimis\u00e9 avec Brainwave III.","robots":{"index":"index","follow":"follow","max-snippet":"max-snippet:-1","max-image-preview":"max-image-preview:large","max-video-preview":"max-video-preview:-1"},"canonical":"https:\/\/alphalearning.com\/fr\/brainwave\/neurofeedback-par-eeg\/","og_locale":"fr_FR","og_type":"article","og_title":"Brainwave III : \u00c9quipement EEG & Neurofeedback Avanc\u00e9","og_description":"D\u00e9couvrez une technologie avanc\u00e9e EEG et neurofeedback pour une analyse pr\u00e9cise des fr\u00e9quences c\u00e9r\u00e9brales et un apprentissage optimis\u00e9 avec Brainwave III.","og_url":"https:\/\/alphalearning.com\/fr\/brainwave\/neurofeedback-par-eeg\/","og_site_name":"Alphalearning International","article_modified_time":"2025-01-30T06:15:44+00:00","og_image":[{"url":"https:\/\/alphalearning.com\/wp-content\/uploads\/2024\/03\/screenset2-1024x508.jpg","type":"","width":"","height":""}],"twitter_card":"summary_large_image","twitter_misc":{"Est. reading time":"2 minutes"},"schema":{"@context":"https:\/\/schema.org","@graph":[{"@type":"WebPage","@id":"https:\/\/alphalearning.com\/fr\/brainwave\/neurofeedback-par-eeg\/","url":"https:\/\/alphalearning.com\/fr\/brainwave\/neurofeedback-par-eeg\/","name":"Brainwave III : \u00c9quipement EEG & Neurofeedback Avanc\u00e9","isPartOf":{"@id":"https:\/\/alphalearning.com\/fr\/#website"},"primaryImageOfPage":{"@id":"https:\/\/alphalearning.com\/fr\/brainwave\/neurofeedback-par-eeg\/#primaryimage"},"image":{"@id":"https:\/\/alphalearning.com\/fr\/brainwave\/neurofeedback-par-eeg\/#primaryimage"},"thumbnailUrl":"https:\/\/alphalearning.com\/wp-content\/uploads\/2024\/03\/screenset2-1024x508.jpg","datePublished":"2024-03-27T16:22:21+00:00","dateModified":"2025-01-30T06:15:44+00:00","description":"D\u00e9couvrez une technologie avanc\u00e9e EEG et neurofeedback pour une analyse pr\u00e9cise des fr\u00e9quences c\u00e9r\u00e9brales et un apprentissage optimis\u00e9 avec Brainwave III.","breadcrumb":{"@id":"https:\/\/alphalearning.com\/fr\/brainwave\/neurofeedback-par-eeg\/#breadcrumb"},"inLanguage":"fr","potentialAction":[{"@type":"ReadAction","target":["https:\/\/alphalearning.com\/fr\/brainwave\/neurofeedback-par-eeg\/"]}]},{"@type":"ImageObject","inLanguage":"fr","@id":"https:\/\/alphalearning.com\/fr\/brainwave\/neurofeedback-par-eeg\/#primaryimage","url":"https:\/\/alphalearning.com\/wp-content\/uploads\/2024\/03\/screenset2-1024x508.jpg","contentUrl":"https:\/\/alphalearning.com\/wp-content\/uploads\/2024\/03\/screenset2-1024x508.jpg"},{"@type":"BreadcrumbList","@id":"https:\/\/alphalearning.com\/fr\/brainwave\/neurofeedback-par-eeg\/#breadcrumb","itemListElement":[{"@type":"ListItem","position":1,"name":"Home","item":"https:\/\/alphalearning.com\/fr\/"},{"@type":"ListItem","position":2,"name":"Syst\u00e8me Brainwave III","item":"https:\/\/alphalearning.com\/fr\/brainwave\/"},{"@type":"ListItem","position":3,"name":"Neurofeedback par EEG"}]},{"@type":"WebSite","@id":"https:\/\/alphalearning.com\/fr\/#website","url":"https:\/\/alphalearning.com\/fr\/","name":"Alphalearning International","description":"the brain training institute","publisher":{"@id":"https:\/\/alphalearning.com\/fr\/#organization"},"potentialAction":[{"@type":"SearchAction","target":{"@type":"EntryPoint","urlTemplate":"https:\/\/alphalearning.com\/fr\/?s={search_term_string}"},"query-input":{"@type":"PropertyValueSpecification","valueRequired":true,"valueName":"search_term_string"}}],"inLanguage":"fr"},{"@type":"Organization","@id":"https:\/\/alphalearning.com\/fr\/#organization","name":"Alphalearning International","url":"https:\/\/alphalearning.com\/fr\/","logo":{"@type":"ImageObject","inLanguage":"fr","@id":"https:\/\/alphalearning.com\/fr\/#\/schema\/logo\/image\/","url":"https:\/\/alphalearning.com\/wp-content\/uploads\/2024\/03\/alphalearning_ico2_512px.png","contentUrl":"https:\/\/alphalearning.com\/wp-content\/uploads\/2024\/03\/alphalearning_ico2_512px.png","width":512,"height":512,"caption":"Alphalearning International"},"image":{"@id":"https:\/\/alphalearning.com\/fr\/#\/schema\/logo\/image\/"}}]}},"uagb_featured_image_src":{"full":false,"thumbnail":false,"medium":false,"medium_large":false,"large":false,"1536x1536":false,"2048x2048":false,"gform-image-choice-sm":false,"gform-image-choice-md":false,"gform-image-choice-lg":false},"uagb_author_info":{"display_name":"Julio Machado","author_link":"https:\/\/alphalearning.com\/fr\/author\/julio-machado\/"},"uagb_comment_info":0,"uagb_excerpt":"Brainwave III \u2013 \u00c9lectroenc\u00e9phalographe et \u00c9quipement de Neurofeedback En tant qu\u2019\u00e9l\u00e9ment essentiel du Syst\u00e8me Brainwave III, notre dispositif EEG Brainwave [&hellip;]","_links":{"self":[{"href":"https:\/\/alphalearning.com\/fr\/wp-json\/wp\/v2\/pages\/13458","targetHints":{"allow":["GET"]}}],"collection":[{"href":"https:\/\/alphalearning.com\/fr\/wp-json\/wp\/v2\/pages"}],"about":[{"href":"https:\/\/alphalearning.com\/fr\/wp-json\/wp\/v2\/types\/page"}],"author":[{"embeddable":true,"href":"https:\/\/alphalearning.com\/fr\/wp-json\/wp\/v2\/users\/2"}],"replies":[{"embeddable":true,"href":"https:\/\/alphalearning.com\/fr\/wp-json\/wp\/v2\/comments?post=13458"}],"version-history":[{"count":5,"href":"https:\/\/alphalearning.com\/fr\/wp-json\/wp\/v2\/pages\/13458\/revisions"}],"predecessor-version":[{"id":14645,"href":"https:\/\/alphalearning.com\/fr\/wp-json\/wp\/v2\/pages\/13458\/revisions\/14645"}],"up":[{"embeddable":true,"href":"https:\/\/alphalearning.com\/fr\/wp-json\/wp\/v2\/pages\/13421"}],"wp:attachment":[{"href":"https:\/\/alphalearning.com\/fr\/wp-json\/wp\/v2\/media?parent=13458"}],"curies":[{"name":"wp","href":"https:\/\/api.w.org\/{rel}","templated":true}]}}