{"id":13421,"date":"2024-03-27T16:21:50","date_gmt":"2024-03-27T16:21:50","guid":{"rendered":"https:\/\/alphalearning.com\/brainwave\/"},"modified":"2025-04-26T12:11:32","modified_gmt":"2025-04-26T11:11:32","slug":"brainwave","status":"publish","type":"page","link":"https:\/\/alphalearning.com\/fr\/brainwave\/","title":{"rendered":"Syst\u00e8me Brainwave III"},"content":{"rendered":"\n<div class=\"wp-block-uagb-advanced-heading uagb-block-7dcebca1\"><h1 class=\"uagb-heading-text\">Syst\u00e8me Brainwave III<\/h1><\/div>\n\n\n\n<p>Le Brainwave III est l\u2019\u00e9volution d\u2019un syst\u00e8me qui r\u00e9volutionne la mani\u00e8re d\u2019atteindre le potentiel humain. Il est compos\u00e9 d\u2019un <a href=\"https:\/\/alphalearning.com\/brainwave\/optical-acoustical-neuron-synergizer\/\">Synergiseur de Neurones Optique-Acoustique<\/a> et d\u2019un <a href=\"https:\/\/alphalearning.com\/brainwave\/neurofeedback-eeg\/\">dispositif d\u2019\u00e9lectroenc\u00e9phalographie et de neurofeedback<\/a>, accompagn\u00e9s de leurs logiciels respectifs.<\/p>\n\n\n\n<div class=\"wp-block-uagb-advanced-heading uagb-block-e0fdadb9\"><h2 class=\"uagb-heading-text\">Synergiseur de Neurones Optique-Acoustique<\/h2><\/div>\n\n\n\n<div class=\"wp-block-uagb-container uagb-block-0dfde346 alignfull uagb-is-root-container\"><div class=\"uagb-container-inner-blocks-wrap\">\n<div class=\"wp-block-uagb-container uagb-block-8dda67ee\">\n<figure class=\"wp-block-image size-full is-resized\"><a href=\"https:\/\/alphalearning.com\/fr\/brainwave\/synergiseur-neurones-optiques-acoustiques\/\"><img loading=\"lazy\" decoding=\"async\" width=\"2560\" height=\"1440\" src=\"https:\/\/alphalearning.com\/wp-content\/uploads\/2024\/03\/brainwave-iii-1-scaled.jpg\" alt=\"\" class=\"wp-image-339\" style=\"width:274px;height:auto\" srcset=\"https:\/\/alphalearning.com\/wp-content\/uploads\/2024\/03\/brainwave-iii-1-scaled.jpg 2560w, https:\/\/alphalearning.com\/wp-content\/uploads\/2024\/03\/brainwave-iii-1-300x169.jpg 300w, https:\/\/alphalearning.com\/wp-content\/uploads\/2024\/03\/brainwave-iii-1-1024x576.jpg 1024w, https:\/\/alphalearning.com\/wp-content\/uploads\/2024\/03\/brainwave-iii-1-768x432.jpg 768w, https:\/\/alphalearning.com\/wp-content\/uploads\/2024\/03\/brainwave-iii-1-1536x864.jpg 1536w, https:\/\/alphalearning.com\/wp-content\/uploads\/2024\/03\/brainwave-iii-1-2048x1152.jpg 2048w\" sizes=\"auto, (max-width: 2560px) 100vw, 2560px\" \/><\/a><\/figure>\n<\/div>\n\n\n\n<div class=\"wp-block-uagb-container uagb-block-2787823e\">\n<p>Le <a href=\"https:\/\/alphalearning.com\/brainwave\/optical-acoustical-neuron-synergizer\/\">Synergiseur de Neurones Optique-Acoustique<\/a> est dot\u00e9 de 32 LED pour maximiser l\u2019effet tout en utilisant un minimum d\u2019\u00e9nergie, garantissant ainsi une s\u00e9curit\u00e9 totale pour les yeux. Le nombre de cycles par seconde (Hertz) est contr\u00f4l\u00e9 par ordinateur, assurant la pr\u00e9cision n\u00e9cessaire pour l\u2019entra\u00eenement et la s\u00e9curit\u00e9 du client. Les r\u00e9glages de fr\u00e9quence sont enti\u00e8rement ajustables pour un confort et une efficacit\u00e9 optimaux.<\/p>\n\n\n\n<p>Le logiciel permet de visualiser l\u2019\u00e9cran tout au long du processus d\u2019entra\u00eenement. Il propose des menus pour contr\u00f4ler les r\u00e9glages d\u2019intensit\u00e9, la mod\u00e9lisation sonore, l\u2019\u00e9quilibrage gauche\/droite, ainsi que diverses autres fonctionnalit\u00e9s afin de mieux r\u00e9pondre aux besoins de chaque client.<\/p>\n\n\n\n<p>En 2019\/2020, Alphalearning a d\u00e9velopp\u00e9 un ordinateur tr\u00e8s sp\u00e9cialis\u00e9 pour piloter le Synergiseur de Neurones Optique-Acoustique. Il est enti\u00e8rement compatible avec toutes les lampes de l\u2019institut Alphalearning fabriqu\u00e9es au cours des 30 derni\u00e8res ann\u00e9es. Il est plus facile \u00e0 transporter que les notebooks IBM Thinkpads habituels et dispose d\u2019un \u00e9cran tactile de 7\u2033. Toutes les fonctionnalit\u00e9s du logiciel Lotus y sont disponibles, et de nouvelles possibilit\u00e9s ont \u00e9t\u00e9 ajout\u00e9es.<br><\/p>\n<\/div>\n<\/div><\/div>\n\n\n\n<div class=\"wp-block-uagb-advanced-heading uagb-block-fef35267\"><h2 class=\"uagb-heading-text\">\u00c9lectroenc\u00e9phalographe et \u00e9quipement de neurofeedback<\/h2><\/div>\n\n\n\n<div class=\"wp-block-uagb-container uagb-block-5bcadbd1 alignfull uagb-is-root-container\"><div class=\"uagb-container-inner-blocks-wrap\">\n<div class=\"wp-block-uagb-container uagb-block-ddd32c49\">\n<div class=\"wp-block-uagb-image uagb-block-c488e743 wp-block-uagb-image--layout-default wp-block-uagb-image--effect-static wp-block-uagb-image--align-none\"><figure class=\"wp-block-uagb-image__figure\"><a class=\"\" href=\"https:\/\/alphalearning.com\/fr\/brainwave\/neurofeedback-par-eeg\/\" target=\"\" rel=\"noopener\"><img decoding=\"async\" srcset=\"https:\/\/alphalearning.com\/wp-content\/uploads\/2024\/03\/screenset2-1024x508.jpg ,https:\/\/alphalearning.com\/wp-content\/uploads\/2024\/03\/screenset2.jpg 780w, https:\/\/alphalearning.com\/wp-content\/uploads\/2024\/03\/screenset2.jpg 360w\" sizes=\"auto, (max-width: 480px) 150px\" src=\"https:\/\/alphalearning.com\/wp-content\/uploads\/2024\/03\/screenset2-1024x508.jpg\" alt=\"\" class=\"uag-image-347\" width=\"1855\" height=\"921\" title=\"\" loading=\"lazy\" role=\"img\"\/><\/a><\/figure><\/div>\n<\/div>\n\n\n\n<div class=\"wp-block-uagb-container uagb-block-735208f1\">\n<p>Fin 2020, Alphalearning s\u2019est lanc\u00e9 dans une d\u00e9marche r\u00e9volutionnaire pour transformer notre analyse EEG et nos capacit\u00e9s de neurofeedback. Apr\u00e8s plus de deux ans de recherche et d\u00e9veloppement intensifs, nous sommes fiers de pr\u00e9senter notre derni\u00e8re nouveaut\u00e9 : le Brainwave III \u2013 \u00c9lectroenc\u00e9phalographe et \u00e9quipement de neurofeedback, ou tout simplement <a href=\"https:\/\/alphalearning.com\/brainwave\/neurofeedback-eeg\/\">Brainwave III EEG<\/a>.<\/p>\n\n\n\n<p>Con\u00e7u avec une pr\u00e9cision m\u00e9ticuleuse, le Brainwave III est \u00e9quip\u00e9 pour enregistrer des EEG en temps r\u00e9el avec une exactitude remarquable. Cette technologie de pointe \u00e9limine tout risque de d\u00e9lai, assurant des r\u00e9ponses imm\u00e9diates et pr\u00e9cises, et am\u00e9liorant ainsi l\u2019exp\u00e9rience utilisateur.<\/p>\n<\/div>\n<\/div><\/div>\n\n\n\n<p>Notre nouveau syst\u00e8me reste fid\u00e8le \u00e0 l\u2019objectif central du Syst\u00e8me Brainwave : guider le cerveau pour apprendre \u00e0 partir du comportement des meilleurs performeurs dans diff\u00e9rents domaines, notamment l\u2019art, le sport, le milieu universitaire, la science et le monde des affaires. Le Syst\u00e8me Brainwave III \u00e9l\u00e8ve cet objectif en offrant un niveau de pr\u00e9cision et de fonctionnalit\u00e9s in\u00e9gal\u00e9.<\/p>\n\n\n\n<p>Ce qui distingue le Brainwave III EEG, ce sont ses fonctionnalit\u00e9s uniques d\u2019analyse post\u00e9rieure. Sp\u00e9cialement d\u00e9velopp\u00e9es en collaboration avec Alphalearning, elles permettent un examen d\u00e9taill\u00e9 des s\u00e9ances d\u2019EEG enregistr\u00e9es, offrant une compr\u00e9hension approfondie de la performance c\u00e9r\u00e9brale. Cet outil d\u2019analyse post\u00e9rieure, exclusif au Syst\u00e8me Alphalearning, garantit \u00e0 nos utilisateurs un service non seulement unique, mais aussi sup\u00e9rieur.<\/p>\n\n\n\n<p>Nous vous invitons \u00e0 explorer les liens ci-dessous afin de d\u00e9couvrir comment le Syst\u00e8me Brainwave III a \u00e9t\u00e9 con\u00e7u, comment il fonctionne concr\u00e8tement et comment il peut enrichir votre parcours d\u2019apprentissage avec Alphalearning. D\u00e9couvrez la prochaine g\u00e9n\u00e9ration d\u2019entra\u00eenement c\u00e9r\u00e9bral, d\u2019analyse EEG et de neurofeedback avec le Syst\u00e8me Brainwave III.<\/p>\n\n\n\n<p class=\"has-text-align-right\"><a href=\"https:\/\/alphalearning.com\/brainwave\/optical-acoustical-neuron-synergizer\/\">Synergiseur de Neurones Optique-Acoustique<\/a><br><a href=\"https:\/\/alphalearning.com\/brainwave\/neurofeedback-eeg\/\">\u00c9lectroenc\u00e9phalographe et \u00e9quipement de neurofeedback<\/a><br><a href=\"https:\/\/alphalearning.com\/brainwave\/introduction-to-brainwave-system\/\">Introduction au Syst\u00e8me Brainwave<\/a><\/p>\n","protected":false},"excerpt":{"rendered":"<p>Syst\u00e8me Brainwave III Le Brainwave III est l\u2019\u00e9volution d\u2019un syst\u00e8me qui r\u00e9volutionne la mani\u00e8re d\u2019atteindre le potentiel humain. Il est [&hellip;]<\/p>\n","protected":false},"author":2,"featured_media":0,"parent":0,"menu_order":400,"comment_status":"closed","ping_status":"closed","template":"","meta":{"_uag_custom_page_level_css":"","site-sidebar-layout":"default","site-content-layout":"","ast-site-content-layout":"default","site-content-style":"default","site-sidebar-style":"default","ast-global-header-display":"","ast-banner-title-visibility":"","ast-main-header-display":"","ast-hfb-above-header-display":"","ast-hfb-below-header-display":"","ast-hfb-mobile-header-display":"","site-post-title":"disabled","ast-breadcrumbs-content":"","ast-featured-img":"","footer-sml-layout":"","ast-disable-related-posts":"","theme-transparent-header-meta":"","adv-header-id-meta":"","stick-header-meta":"","header-above-stick-meta":"","header-main-stick-meta":"","header-below-stick-meta":"","astra-migrate-meta-layouts":"default","ast-page-background-enabled":"default","ast-page-background-meta":{"desktop":{"background-color":"var(--ast-global-color-4)","background-image":"","background-repeat":"repeat","background-position":"center center","background-size":"auto","background-attachment":"scroll","background-type":"","background-media":"","overlay-type":"","overlay-color":"","overlay-opacity":"","overlay-gradient":""},"tablet":{"background-color":"","background-image":"","background-repeat":"repeat","background-position":"center center","background-size":"auto","background-attachment":"scroll","background-type":"","background-media":"","overlay-type":"","overlay-color":"","overlay-opacity":"","overlay-gradient":""},"mobile":{"background-color":"","background-image":"","background-repeat":"repeat","background-position":"center center","background-size":"auto","background-attachment":"scroll","background-type":"","background-media":"","overlay-type":"","overlay-color":"","overlay-opacity":"","overlay-gradient":""}},"ast-content-background-meta":{"desktop":{"background-color":"var(--ast-global-color-5)","background-image":"","background-repeat":"repeat","background-position":"center center","background-size":"auto","background-attachment":"scroll","background-type":"","background-media":"","overlay-type":"","overlay-color":"","overlay-opacity":"","overlay-gradient":""},"tablet":{"background-color":"var(--ast-global-color-5)","background-image":"","background-repeat":"repeat","background-position":"center center","background-size":"auto","background-attachment":"scroll","background-type":"","background-media":"","overlay-type":"","overlay-color":"","overlay-opacity":"","overlay-gradient":""},"mobile":{"background-color":"var(--ast-global-color-5)","background-image":"","background-repeat":"repeat","background-position":"center center","background-size":"auto","background-attachment":"scroll","background-type":"","background-media":"","overlay-type":"","overlay-color":"","overlay-opacity":"","overlay-gradient":""}},"footnotes":""},"class_list":["post-13421","page","type-page","status-publish","hentry"],"yoast_head":"<!-- This site is optimized with the Yoast SEO plugin v27.1.1 - https:\/\/yoast.com\/product\/yoast-seo-wordpress\/ -->\n<title>Brainwave III : Syst\u00e8me avanc\u00e9 de neurofeedback lumi\u00e8re-son<\/title>\n<meta name=\"description\" content=\"D\u00e9couvrez comment Brainwave III d\u2019Alphalearning associe le Synergiseur de Neurones Optique-Acoustique au neurofeedback EEG pour booster vos performances mentales.\" \/>\n<meta name=\"robots\" content=\"index, follow, max-snippet:-1, max-image-preview:large, max-video-preview:-1\" \/>\n<link rel=\"canonical\" href=\"https:\/\/alphalearning.com\/fr\/brainwave\/\" \/>\n<meta property=\"og:locale\" content=\"fr_FR\" \/>\n<meta property=\"og:type\" content=\"article\" \/>\n<meta property=\"og:title\" content=\"Brainwave III : Syst\u00e8me avanc\u00e9 de neurofeedback lumi\u00e8re-son\" \/>\n<meta property=\"og:description\" content=\"D\u00e9couvrez comment Brainwave III d\u2019Alphalearning associe le Synergiseur de Neurones Optique-Acoustique au neurofeedback EEG pour booster vos performances mentales.\" \/>\n<meta property=\"og:url\" content=\"https:\/\/alphalearning.com\/fr\/brainwave\/\" \/>\n<meta property=\"og:site_name\" content=\"Alphalearning International\" \/>\n<meta property=\"article:modified_time\" content=\"2025-04-26T11:11:32+00:00\" \/>\n<meta property=\"og:image\" content=\"https:\/\/alphalearning.com\/wp-content\/uploads\/2024\/03\/brainwave-iii-1-scaled.jpg\" \/>\n\t<meta property=\"og:image:width\" content=\"2560\" \/>\n\t<meta property=\"og:image:height\" content=\"1440\" \/>\n\t<meta property=\"og:image:type\" content=\"image\/jpeg\" \/>\n<meta name=\"twitter:card\" content=\"summary_large_image\" \/>\n<meta name=\"twitter:label1\" content=\"Est. reading time\" \/>\n\t<meta name=\"twitter:data1\" content=\"3 minutes\" \/>\n<!-- \/ Yoast SEO plugin. -->","yoast_head_json":{"title":"Brainwave III : Syst\u00e8me avanc\u00e9 de neurofeedback lumi\u00e8re-son","description":"D\u00e9couvrez comment Brainwave III d\u2019Alphalearning associe le Synergiseur de Neurones Optique-Acoustique au neurofeedback EEG pour booster vos performances mentales.","robots":{"index":"index","follow":"follow","max-snippet":"max-snippet:-1","max-image-preview":"max-image-preview:large","max-video-preview":"max-video-preview:-1"},"canonical":"https:\/\/alphalearning.com\/fr\/brainwave\/","og_locale":"fr_FR","og_type":"article","og_title":"Brainwave III : Syst\u00e8me avanc\u00e9 de neurofeedback lumi\u00e8re-son","og_description":"D\u00e9couvrez comment Brainwave III d\u2019Alphalearning associe le Synergiseur de Neurones Optique-Acoustique au neurofeedback EEG pour booster vos performances mentales.","og_url":"https:\/\/alphalearning.com\/fr\/brainwave\/","og_site_name":"Alphalearning International","article_modified_time":"2025-04-26T11:11:32+00:00","og_image":[{"width":2560,"height":1440,"url":"https:\/\/alphalearning.com\/wp-content\/uploads\/2024\/03\/brainwave-iii-1-scaled.jpg","type":"image\/jpeg"}],"twitter_card":"summary_large_image","twitter_misc":{"Est. reading time":"3 minutes"},"schema":{"@context":"https:\/\/schema.org","@graph":[{"@type":"WebPage","@id":"https:\/\/alphalearning.com\/fr\/brainwave\/","url":"https:\/\/alphalearning.com\/fr\/brainwave\/","name":"Brainwave III : Syst\u00e8me avanc\u00e9 de neurofeedback lumi\u00e8re-son","isPartOf":{"@id":"https:\/\/alphalearning.com\/fr\/#website"},"primaryImageOfPage":{"@id":"https:\/\/alphalearning.com\/fr\/brainwave\/#primaryimage"},"image":{"@id":"https:\/\/alphalearning.com\/fr\/brainwave\/#primaryimage"},"thumbnailUrl":"https:\/\/alphalearning.com\/wp-content\/uploads\/2024\/03\/brainwave-iii-1-scaled.jpg","datePublished":"2024-03-27T16:21:50+00:00","dateModified":"2025-04-26T11:11:32+00:00","description":"D\u00e9couvrez comment Brainwave III d\u2019Alphalearning associe le Synergiseur de Neurones Optique-Acoustique au neurofeedback EEG pour booster vos performances mentales.","breadcrumb":{"@id":"https:\/\/alphalearning.com\/fr\/brainwave\/#breadcrumb"},"inLanguage":"fr","potentialAction":[{"@type":"ReadAction","target":["https:\/\/alphalearning.com\/fr\/brainwave\/"]}]},{"@type":"ImageObject","inLanguage":"fr","@id":"https:\/\/alphalearning.com\/fr\/brainwave\/#primaryimage","url":"https:\/\/alphalearning.com\/wp-content\/uploads\/2024\/03\/brainwave-iii-1-scaled.jpg","contentUrl":"https:\/\/alphalearning.com\/wp-content\/uploads\/2024\/03\/brainwave-iii-1-scaled.jpg"},{"@type":"BreadcrumbList","@id":"https:\/\/alphalearning.com\/fr\/brainwave\/#breadcrumb","itemListElement":[{"@type":"ListItem","position":1,"name":"Home","item":"https:\/\/alphalearning.com\/fr\/"},{"@type":"ListItem","position":2,"name":"Syst\u00e8me Brainwave III"}]},{"@type":"WebSite","@id":"https:\/\/alphalearning.com\/fr\/#website","url":"https:\/\/alphalearning.com\/fr\/","name":"Alphalearning International","description":"the brain training institute","publisher":{"@id":"https:\/\/alphalearning.com\/fr\/#organization"},"potentialAction":[{"@type":"SearchAction","target":{"@type":"EntryPoint","urlTemplate":"https:\/\/alphalearning.com\/fr\/?s={search_term_string}"},"query-input":{"@type":"PropertyValueSpecification","valueRequired":true,"valueName":"search_term_string"}}],"inLanguage":"fr"},{"@type":"Organization","@id":"https:\/\/alphalearning.com\/fr\/#organization","name":"Alphalearning International","url":"https:\/\/alphalearning.com\/fr\/","logo":{"@type":"ImageObject","inLanguage":"fr","@id":"https:\/\/alphalearning.com\/fr\/#\/schema\/logo\/image\/","url":"https:\/\/alphalearning.com\/wp-content\/uploads\/2024\/03\/alphalearning_ico2_512px.png","contentUrl":"https:\/\/alphalearning.com\/wp-content\/uploads\/2024\/03\/alphalearning_ico2_512px.png","width":512,"height":512,"caption":"Alphalearning International"},"image":{"@id":"https:\/\/alphalearning.com\/fr\/#\/schema\/logo\/image\/"}}]}},"uagb_featured_image_src":{"full":false,"thumbnail":false,"medium":false,"medium_large":false,"large":false,"1536x1536":false,"2048x2048":false,"gform-image-choice-sm":false,"gform-image-choice-md":false,"gform-image-choice-lg":false},"uagb_author_info":{"display_name":"Julio Machado","author_link":"https:\/\/alphalearning.com\/fr\/author\/julio-machado\/"},"uagb_comment_info":0,"uagb_excerpt":"Syst\u00e8me Brainwave III Le Brainwave III est l\u2019\u00e9volution d\u2019un syst\u00e8me qui r\u00e9volutionne la mani\u00e8re d\u2019atteindre le potentiel humain. Il est [&hellip;]","_links":{"self":[{"href":"https:\/\/alphalearning.com\/fr\/wp-json\/wp\/v2\/pages\/13421","targetHints":{"allow":["GET"]}}],"collection":[{"href":"https:\/\/alphalearning.com\/fr\/wp-json\/wp\/v2\/pages"}],"about":[{"href":"https:\/\/alphalearning.com\/fr\/wp-json\/wp\/v2\/types\/page"}],"author":[{"embeddable":true,"href":"https:\/\/alphalearning.com\/fr\/wp-json\/wp\/v2\/users\/2"}],"replies":[{"embeddable":true,"href":"https:\/\/alphalearning.com\/fr\/wp-json\/wp\/v2\/comments?post=13421"}],"version-history":[{"count":4,"href":"https:\/\/alphalearning.com\/fr\/wp-json\/wp\/v2\/pages\/13421\/revisions"}],"predecessor-version":[{"id":16120,"href":"https:\/\/alphalearning.com\/fr\/wp-json\/wp\/v2\/pages\/13421\/revisions\/16120"}],"wp:attachment":[{"href":"https:\/\/alphalearning.com\/fr\/wp-json\/wp\/v2\/media?parent=13421"}],"curies":[{"name":"wp","href":"https:\/\/api.w.org\/{rel}","templated":true}]}}