{"id":13410,"date":"2024-03-27T16:21:20","date_gmt":"2024-03-27T16:21:20","guid":{"rendered":"https:\/\/alphalearning.com\/birth-problems\/"},"modified":"2025-03-01T13:01:28","modified_gmt":"2025-03-01T13:01:28","slug":"problemes-naissance-neurofeedback","status":"publish","type":"page","link":"https:\/\/alphalearning.com\/fr\/problemes-naissance-neurofeedback\/","title":{"rendered":"Probl\u00e8mes de Naissance et Neurofeedback"},"content":{"rendered":"\n<div class=\"wp-block-uagb-advanced-heading uagb-block-69c237b4\"><h1 class=\"uagb-heading-text\">Probl\u00e8mes de naissance et Neurofeedback<\/h1><\/div>\n\n\n\n<div class=\"wp-block-uagb-advanced-heading uagb-block-8c4933cf\"><h2 class=\"uagb-heading-text\">Probl\u00e8mes de naissance<\/h2><\/div>\n\n\n\n<div class=\"wp-block-uagb-container uagb-block-c2bc10f8 alignfull uagb-is-root-container\"><div class=\"uagb-container-inner-blocks-wrap\">\n<p>Pour en savoir plus sur ce sujet, nous vous invitons \u00e0 lire la lettre d\u2019une cliente qui a d\u00e9j\u00e0 fait face \u00e0 cette situation.<\/p>\n\n\n\n<p><strong>Mme Wendy Lees \u2013 Angleterre<\/strong><\/p>\n\n\n\n<p>\u00c0 Alphalearning,<\/p>\n\n\n\n<p>Les r\u00e9sultats du Syst\u00e8me Brainwave I ont \u00e9t\u00e9 si extraordinaires que je vous \u00e9cris cette lettre dans l\u2019espoir que d\u2019autres familles puissent b\u00e9n\u00e9ficier de la m\u00eame aide que nous.<\/p>\n\n\n\n<p>Notre deuxi\u00e8me fils, James, est n\u00e9 au Zimbabwe en avril 1963. D\u2019apr\u00e8s le m\u00e9decin, il avait eu un passage tr\u00e8s difficile. \u00c0 tel point qu\u2019il saignait du nez et des oreilles et pr\u00e9sentait une bosse sur le c\u00f4t\u00e9 de la t\u00eate. Son visage \u00e9tait enfl\u00e9 et couvert d\u2019ecchymoses. Il s\u2019\u00e9tait pr\u00e9sent\u00e9 de face et \u00e9tait rest\u00e9 coinc\u00e9 derri\u00e8re mon bassin.<\/p>\n\n\n\n<p>Lorsque j\u2019ai eu notre premier fils, nous vivions au Malawi et j\u2019ai subi une \u00e9pisiotomie n\u00e9cessitant 26 points de suture pour faciliter sa naissance, et il \u00e9tait parfaitement bien. Notre b\u00e9b\u00e9 devait venir au monde par c\u00e9sarienne mais, en raison des troubles dans le pays o\u00f9 il est n\u00e9, il \u00e9tait d\u00e9j\u00e0 trop tard pour que le gyn\u00e9cologue puisse la pratiquer \u00e0 son arriv\u00e9e \u00e0 l\u2019h\u00f4pital.<\/p>\n\n\n\n<p>Mon excellent gyn\u00e9cologue am\u00e9ricain m\u2019a r\u00e9dig\u00e9 une lettre afin que, si la soci\u00e9t\u00e9 de John, mon mari, le mutait avant la venue de notre prochain enfant, le sp\u00e9cialiste sur place puisse la consulter. Nous avons \u00e9t\u00e9 transf\u00e9r\u00e9s au Zimbabwe l\u2019ann\u00e9e pr\u00e9c\u00e9dant la naissance de James et, lorsque je suis tomb\u00e9e enceinte, j\u2019ai pr\u00e9sent\u00e9 la lettre au m\u00e9decin de l\u2019entreprise. Il m\u2019a expliqu\u00e9 que, pour autant qu\u2019il soit concern\u00e9, il avait mis au monde des centaines de b\u00e9b\u00e9s sans difficult\u00e9 et qu\u2019il \u00e9tait donc certain de pouvoir accoucher le mien. J\u2019avais alors 23 ans, je n\u2019ai pas protest\u00e9 et je le regrette depuis.<\/p>\n\n\n\n<p>Lorsque nous sommes rentr\u00e9s en Grande-Bretagne, nous avons emmen\u00e9 James au Wolfson Centre parce qu\u2019il \u00e9tait physiquement faible, tr\u00e8s sensible et semblait pr\u00e9senter un l\u00e9ger retard mental. On nous a inform\u00e9s que la partie motrice de son cerveau avait \u00e9t\u00e9 endommag\u00e9e et qu\u2019il avait eu de la chance de ne pas perdre la vue, la l\u00e9sion \u00e9tant tr\u00e8s proche du nerf optique. L\u2019un des sp\u00e9cialistes a d\u00e9clar\u00e9 qu\u2019un jour, sans savoir quand, quelqu\u2019un finirait par inventer une machine apte \u00e0 corriger ce genre de dommages. Quel visionnaire !<\/p>\n\n\n\n<p>Les ann\u00e9es pass\u00e8rent avec leur lot de difficult\u00e9s, notamment sur le plan \u00e9motionnel. James n\u2019a jamais pu accepter qu\u2019il \u00e9tait handicap\u00e9 et se sentait tr\u00e8s g\u00ean\u00e9 par sa d\u00e9marche quelque peu asym\u00e9trique, son \u00e9locution p\u00e2teuse et son incapacit\u00e9 \u00e0 am\u00e9liorer ses comp\u00e9tences motrices telles que l\u2019\u00e9criture. Il a subi des moqueries pendant des ann\u00e9es et sortait parfois seul, selon la mani\u00e8re dont on le traitait. Comme il \u00e9tait physiquement faible, cela ne l\u2019aidait pas \u00e0 trouver un travail, et tout ce qu\u2019il semblait pouvoir faire relevait du port ou du levage, sans en avoir v\u00e9ritablement la force. Finalement, il a \u00e9t\u00e9 admis dans un centre de jour pour personnes handicap\u00e9es de diff\u00e9rents niveaux et, m\u00eame s\u2019il a appr\u00e9ci\u00e9 certains aspects, il n\u2019y \u00e9tait pas vraiment heureux. Le seul lieu o\u00f9 il fut pleinement accept\u00e9 \u00e9tait une \u00c9glise baptiste, dont plusieurs membres sont devenus ses amis et le restent encore aujourd\u2019hui. Sans eux, sa vie aurait \u00e9t\u00e9 encore plus difficile.<\/p>\n\n\n\n<p>Un jour, le pr\u00e9sident de notre entreprise m\u2019a invit\u00e9e \u00e0 d\u00e9jeuner. Ce fut un repas d\u00e9terminant, car j\u2019y ai rencontr\u00e9 la personne qui, sans le savoir, allait changer nos vies. Elle parlait du traitement que recevait son petit-fils \u00e0 l\u2019Alphalearning Institute pour une l\u00e9g\u00e8re l\u00e9sion c\u00e9r\u00e9brale. Je lui ai demand\u00e9 plus de d\u00e9tails, et elle m\u2019a remis le num\u00e9ro de t\u00e9l\u00e9phone de son fils et de sa belle-fille. Apr\u00e8s de nombreux appels et courriers \u00e9chang\u00e9s avec l\u2019institut Alphalearning, nous avons emmen\u00e9 James dans cet \u00e9tablissement.<\/p>\n\n\n\n<p>\u00c0 l\u2019institut Alphalearning, ils ont invent\u00e9 une machine appel\u00e9e \u00ab Brainwave I \u00bb, dot\u00e9e d\u2019un programme bas\u00e9 sur la lumi\u00e8re et le son pour synchroniser et \u00e9quilibrer le cerveau.<\/p>\n\n\n\n<p>On nous a expliqu\u00e9 que si une am\u00e9lioration se produisait, elle serait perceptible en quelques heures. Le premier jour, nous avons quitt\u00e9 l\u2019Institut en d\u00e9but de soir\u00e9e en observant attentivement James. Plus tard, nous sommes all\u00e9s dans un restaurant avec des amis qui nous accompagnaient au Centre, ainsi que leur fils Nick. Yvonne a fait remarquer qu\u2019elle trouvait la diction de James plus claire. John et moi \u00e9tions du m\u00eame avis et ravis que quelqu\u2019un d\u2019autre l\u2019ait not\u00e9 en premier. Cependant, nous n\u2019avons pas attendu longtemps pour une preuve encore plus flagrante : d\u00e8s le lendemain, apr\u00e8s des s\u00e9ances suppl\u00e9mentaires, alors que nous rentrions chez nous, nous nous sommes retrouv\u00e9s \u00e0 l\u2019a\u00e9roport de Schiphol devant un escalier roulant tr\u00e8s pentu. Comme d\u2019habitude, nous avons voulu soutenir James, mais sans dire un mot, il est mont\u00e9 dessus sans aucune aide, comme s\u2019il en avait toujours eu l\u2019habitude, tout en portant sa valise. John et moi avons failli tomber tant nous \u00e9tions stup\u00e9faits. James a continu\u00e9, puis a descendu un escalier en marbre tr\u00e8s raide, \u00e0 nouveau sans assistance. Nous avons compris \u00e0 ce moment-l\u00e0 que les traitements avaient fonctionn\u00e9. En l\u2019espace d\u2019une semaine environ, notre propre Brainwave 1 est arriv\u00e9 chez nous et, avec un ordinateur compatible, a \u00e9t\u00e9 install\u00e9 dans la chambre de James.<\/p>\n\n\n\n<p>On nous a dit que James avait un QI \u00e9lev\u00e9 et que son cerveau pouvait \u00eatre restaur\u00e9. Cela devient de plus en plus \u00e9vident jour apr\u00e8s jour. Il ne se r\u00e9p\u00e8te plus quand il parle et il g\u00e8re d\u00e9sormais des probl\u00e8mes qui, pour d\u2019autres, semblent simples mais qui, auparavant, lui paraissaient insurmontables. Par exemple, porter un plateau au-dessus d\u2019un obstacle le frustrait et l\u2019angoissait auparavant, alors que maintenant, il y parvient tout simplement.<\/p>\n\n\n\n<p>James vient tout juste d\u2019entrer dans mon bureau avec une boisson fra\u00eeche pour moi et a parcouru ce texte par-dessus mon \u00e9paule. Je lui ai demand\u00e9 comment il se sentait \u00e0 pr\u00e9sent et il m\u2019a r\u00e9pondu qu\u2019il se sentait beaucoup plus alerte et moins craintif \u00e0 l\u2019id\u00e9e de faire les choses par lui-m\u00eame. Il \u00e9tait ravi de pouvoir s\u2019exprimer plus rapidement et constatait que les gens comprenaient ais\u00e9ment ce qu\u2019il disait, si bien qu\u2019il n\u2019avait plus autant besoin de se r\u00e9p\u00e9ter.<\/p>\n\n\n\n<p>Son apparence physique a \u00e9galement chang\u00e9. J\u2019ai demand\u00e9 \u00e0 l\u2019instructeur d\u2019Alphalearning ce qui se passait, car plusieurs personnes avaient remarqu\u00e9 que James changeait physiquement et qu\u2019il avait l\u2019air en pleine forme. Il m\u2019a expliqu\u00e9 que sa circulation sanguine s\u2019\u00e9tait am\u00e9lior\u00e9e et que cela se voyait non seulement au niveau de l\u2019\u00e9clat de sa peau, mais aussi par la disparition des cernes autour de ses yeux.<\/p>\n\n\n\n<p>James a toujours sembl\u00e9 maigre, avec des bras et des mains peu d\u00e9velopp\u00e9s, mais \u00e0 pr\u00e9sent, ces zones se sont nettement am\u00e9lior\u00e9es. Ses orteils, qui \u00e9taient recroquevill\u00e9s, sont en train de se redresser. Auparavant, d\u00e8s qu\u2019il soulevait un poids, son dos le faisait souffrir pendant des heures. Ce n\u2019est plus le cas aujourd\u2019hui, et nous devons nous rappeler qu\u2019il n\u2019a re\u00e7u son premier traitement qu\u2019il y a seulement quelques semaines. James a une courbure de la colonne vert\u00e9brale et a toujours souffert du dos, mais depuis au moins trois semaines, cela ne le g\u00eane plus.<\/p>\n\n\n\n<p>Le p\u00e8re de James, John, est all\u00e9 dans un de nos magasins de quartier, et une vendeuse, qui conna\u00eet James depuis des ann\u00e9es, a dit \u00e0 John que, si elle ne l\u2019avait pas vu de ses propres yeux, elle n\u2019aurait jamais cru qu\u2019un tel changement \u00e9tait possible. Cette invention doit assur\u00e9ment \u00eatre l\u2019une des plus grandes avanc\u00e9es de notre \u00e9poque. Nous en sommes pleinement convaincus.<\/p>\n\n\n\n<p>Le t\u00e9l\u00e9phone vient de sonner : c\u2019\u00e9tait mon amie Yvonne qui disait qu\u2019elle \u00e9tait enthousiasm\u00e9e par les changements observ\u00e9s chez James et que son \u00e9locution s\u2019am\u00e9liorait de jour en jour. Elle a conclu en disant : \u00ab Et en plus, il a vraiment bonne mine. \u00bb<\/p>\n\n\n\n<p>James travaille d\u00e9sormais chaque jour sur son ordinateur et nous sommes persuad\u00e9s qu\u2019avec le temps, il trouvera un emploi. Dans le pass\u00e9, avant le traitement de l\u2019institut Alphalearning, John et moi \u00e9tions constamment inquiets pour James apr\u00e8s notre disparition. Nous n\u2019y pensons plus d\u00e9sormais, car James a un avenir, gr\u00e2ce aux comp\u00e9tences de l\u2019extraordinaire \u00e9quipe Allphalearning. Nous ne saurions trop recommander l\u2019institut Alphalearning.<\/p>\n\n\n\n<p>Wendy Lees, Angleterre<\/p>\n\n\n\n<p class=\"has-text-align-right\"><strong>En savoir plus sur :<\/strong><br><a href=\"https:\/\/alphalearning.com\/fr\/neurofeedback-possibilites-systeme-brainwave\/\">Neurofeedback et les possibilit\u00e9s du Syst\u00e8me Brainwave<\/a><br><a href=\"https:\/\/alphalearning.com\/brainwave\/\">La technologie du Syst\u00e8me Brainwave<\/a><br><a href=\"https:\/\/alphalearning.com\/our-services\/individual-family-course\/\">Cours Apprendre \u00e0 Apprendre Alphalearning<\/a><\/p>\n<\/div><\/div>\n","protected":false},"excerpt":{"rendered":"<p>Probl\u00e8mes de naissance et Neurofeedback Probl\u00e8mes de naissance Pour en savoir plus sur ce sujet, nous vous invitons \u00e0 lire [&hellip;]<\/p>\n","protected":false},"author":2,"featured_media":0,"parent":0,"menu_order":399,"comment_status":"closed","ping_status":"closed","template":"","meta":{"_uag_custom_page_level_css":"","site-sidebar-layout":"default","site-content-layout":"","ast-site-content-layout":"default","site-content-style":"default","site-sidebar-style":"default","ast-global-header-display":"","ast-banner-title-visibility":"","ast-main-header-display":"","ast-hfb-above-header-display":"","ast-hfb-below-header-display":"","ast-hfb-mobile-header-display":"","site-post-title":"disabled","ast-breadcrumbs-content":"","ast-featured-img":"","footer-sml-layout":"","ast-disable-related-posts":"","theme-transparent-header-meta":"","adv-header-id-meta":"","stick-header-meta":"","header-above-stick-meta":"","header-main-stick-meta":"","header-below-stick-meta":"","astra-migrate-meta-layouts":"default","ast-page-background-enabled":"default","ast-page-background-meta":{"desktop":{"background-color":"var(--ast-global-color-4)","background-image":"","background-repeat":"repeat","background-position":"center center","background-size":"auto","background-attachment":"scroll","background-type":"","background-media":"","overlay-type":"","overlay-color":"","overlay-opacity":"","overlay-gradient":""},"tablet":{"background-color":"","background-image":"","background-repeat":"repeat","background-position":"center center","background-size":"auto","background-attachment":"scroll","background-type":"","background-media":"","overlay-type":"","overlay-color":"","overlay-opacity":"","overlay-gradient":""},"mobile":{"background-color":"","background-image":"","background-repeat":"repeat","background-position":"center center","background-size":"auto","background-attachment":"scroll","background-type":"","background-media":"","overlay-type":"","overlay-color":"","overlay-opacity":"","overlay-gradient":""}},"ast-content-background-meta":{"desktop":{"background-color":"var(--ast-global-color-5)","background-image":"","background-repeat":"repeat","background-position":"center center","background-size":"auto","background-attachment":"scroll","background-type":"","background-media":"","overlay-type":"","overlay-color":"","overlay-opacity":"","overlay-gradient":""},"tablet":{"background-color":"var(--ast-global-color-5)","background-image":"","background-repeat":"repeat","background-position":"center center","background-size":"auto","background-attachment":"scroll","background-type":"","background-media":"","overlay-type":"","overlay-color":"","overlay-opacity":"","overlay-gradient":""},"mobile":{"background-color":"var(--ast-global-color-5)","background-image":"","background-repeat":"repeat","background-position":"center center","background-size":"auto","background-attachment":"scroll","background-type":"","background-media":"","overlay-type":"","overlay-color":"","overlay-opacity":"","overlay-gradient":""}},"footnotes":""},"class_list":["post-13410","page","type-page","status-publish","hentry"],"yoast_head":"<!-- This site is optimized with the Yoast SEO plugin v27.1.1 - https:\/\/yoast.com\/product\/yoast-seo-wordpress\/ -->\n<title>Probl\u00e8mes de naissance &amp; Neurofeedback | Alphalearning<\/title>\n<meta name=\"description\" content=\"D\u00e9couvrez comment le syst\u00e8me Brainwave d\u2019Alphalearning aborde les probl\u00e8mes de naissance, am\u00e9liorant motricit\u00e9 et communication gr\u00e2ce au Neurofeedback.\" \/>\n<meta name=\"robots\" content=\"index, follow, max-snippet:-1, max-image-preview:large, max-video-preview:-1\" \/>\n<link rel=\"canonical\" href=\"https:\/\/alphalearning.com\/fr\/problemes-naissance-neurofeedback\/\" \/>\n<meta property=\"og:locale\" content=\"fr_FR\" \/>\n<meta property=\"og:type\" content=\"article\" \/>\n<meta property=\"og:title\" content=\"Probl\u00e8mes de naissance &amp; Neurofeedback | Alphalearning\" \/>\n<meta property=\"og:description\" content=\"D\u00e9couvrez comment le syst\u00e8me Brainwave d\u2019Alphalearning aborde les probl\u00e8mes de naissance, am\u00e9liorant motricit\u00e9 et communication gr\u00e2ce au Neurofeedback.\" \/>\n<meta property=\"og:url\" content=\"https:\/\/alphalearning.com\/fr\/problemes-naissance-neurofeedback\/\" \/>\n<meta property=\"og:site_name\" content=\"Alphalearning International\" \/>\n<meta property=\"article:modified_time\" content=\"2025-03-01T13:01:28+00:00\" \/>\n<meta property=\"og:image\" content=\"https:\/\/alphalearning.com\/wp-content\/uploads\/2024\/04\/alphalearning-logo_red_1200x675px.png\" \/>\n\t<meta property=\"og:image:width\" content=\"1200\" \/>\n\t<meta property=\"og:image:height\" content=\"675\" \/>\n\t<meta property=\"og:image:type\" content=\"image\/png\" \/>\n<meta name=\"twitter:card\" content=\"summary_large_image\" \/>\n<meta name=\"twitter:label1\" content=\"Est. reading time\" \/>\n\t<meta name=\"twitter:data1\" content=\"7 minutes\" \/>\n<!-- \/ Yoast SEO plugin. -->","yoast_head_json":{"title":"Probl\u00e8mes de naissance & Neurofeedback | Alphalearning","description":"D\u00e9couvrez comment le syst\u00e8me Brainwave d\u2019Alphalearning aborde les probl\u00e8mes de naissance, am\u00e9liorant motricit\u00e9 et communication gr\u00e2ce au Neurofeedback.","robots":{"index":"index","follow":"follow","max-snippet":"max-snippet:-1","max-image-preview":"max-image-preview:large","max-video-preview":"max-video-preview:-1"},"canonical":"https:\/\/alphalearning.com\/fr\/problemes-naissance-neurofeedback\/","og_locale":"fr_FR","og_type":"article","og_title":"Probl\u00e8mes de naissance & Neurofeedback | Alphalearning","og_description":"D\u00e9couvrez comment le syst\u00e8me Brainwave d\u2019Alphalearning aborde les probl\u00e8mes de naissance, am\u00e9liorant motricit\u00e9 et communication gr\u00e2ce au Neurofeedback.","og_url":"https:\/\/alphalearning.com\/fr\/problemes-naissance-neurofeedback\/","og_site_name":"Alphalearning International","article_modified_time":"2025-03-01T13:01:28+00:00","og_image":[{"width":1200,"height":675,"url":"https:\/\/alphalearning.com\/wp-content\/uploads\/2024\/04\/alphalearning-logo_red_1200x675px.png","type":"image\/png"}],"twitter_card":"summary_large_image","twitter_misc":{"Est. reading time":"7 minutes"},"schema":{"@context":"https:\/\/schema.org","@graph":[{"@type":"WebPage","@id":"https:\/\/alphalearning.com\/fr\/problemes-naissance-neurofeedback\/","url":"https:\/\/alphalearning.com\/fr\/problemes-naissance-neurofeedback\/","name":"Probl\u00e8mes de naissance & Neurofeedback | Alphalearning","isPartOf":{"@id":"https:\/\/alphalearning.com\/fr\/#website"},"datePublished":"2024-03-27T16:21:20+00:00","dateModified":"2025-03-01T13:01:28+00:00","description":"D\u00e9couvrez comment le syst\u00e8me Brainwave d\u2019Alphalearning aborde les probl\u00e8mes de naissance, am\u00e9liorant motricit\u00e9 et communication gr\u00e2ce au Neurofeedback.","breadcrumb":{"@id":"https:\/\/alphalearning.com\/fr\/problemes-naissance-neurofeedback\/#breadcrumb"},"inLanguage":"fr","potentialAction":[{"@type":"ReadAction","target":["https:\/\/alphalearning.com\/fr\/problemes-naissance-neurofeedback\/"]}]},{"@type":"BreadcrumbList","@id":"https:\/\/alphalearning.com\/fr\/problemes-naissance-neurofeedback\/#breadcrumb","itemListElement":[{"@type":"ListItem","position":1,"name":"Home","item":"https:\/\/alphalearning.com\/fr\/"},{"@type":"ListItem","position":2,"name":"Probl\u00e8mes de Naissance et Neurofeedback"}]},{"@type":"WebSite","@id":"https:\/\/alphalearning.com\/fr\/#website","url":"https:\/\/alphalearning.com\/fr\/","name":"Alphalearning International","description":"the brain training institute","publisher":{"@id":"https:\/\/alphalearning.com\/fr\/#organization"},"potentialAction":[{"@type":"SearchAction","target":{"@type":"EntryPoint","urlTemplate":"https:\/\/alphalearning.com\/fr\/?s={search_term_string}"},"query-input":{"@type":"PropertyValueSpecification","valueRequired":true,"valueName":"search_term_string"}}],"inLanguage":"fr"},{"@type":"Organization","@id":"https:\/\/alphalearning.com\/fr\/#organization","name":"Alphalearning International","url":"https:\/\/alphalearning.com\/fr\/","logo":{"@type":"ImageObject","inLanguage":"fr","@id":"https:\/\/alphalearning.com\/fr\/#\/schema\/logo\/image\/","url":"https:\/\/alphalearning.com\/wp-content\/uploads\/2024\/03\/alphalearning_ico2_512px.png","contentUrl":"https:\/\/alphalearning.com\/wp-content\/uploads\/2024\/03\/alphalearning_ico2_512px.png","width":512,"height":512,"caption":"Alphalearning International"},"image":{"@id":"https:\/\/alphalearning.com\/fr\/#\/schema\/logo\/image\/"}}]}},"uagb_featured_image_src":{"full":false,"thumbnail":false,"medium":false,"medium_large":false,"large":false,"1536x1536":false,"2048x2048":false,"gform-image-choice-sm":false,"gform-image-choice-md":false,"gform-image-choice-lg":false},"uagb_author_info":{"display_name":"Julio Machado","author_link":"https:\/\/alphalearning.com\/fr\/author\/julio-machado\/"},"uagb_comment_info":0,"uagb_excerpt":"Probl\u00e8mes de naissance et Neurofeedback Probl\u00e8mes de naissance Pour en savoir plus sur ce sujet, nous vous invitons \u00e0 lire [&hellip;]","_links":{"self":[{"href":"https:\/\/alphalearning.com\/fr\/wp-json\/wp\/v2\/pages\/13410","targetHints":{"allow":["GET"]}}],"collection":[{"href":"https:\/\/alphalearning.com\/fr\/wp-json\/wp\/v2\/pages"}],"about":[{"href":"https:\/\/alphalearning.com\/fr\/wp-json\/wp\/v2\/types\/page"}],"author":[{"embeddable":true,"href":"https:\/\/alphalearning.com\/fr\/wp-json\/wp\/v2\/users\/2"}],"replies":[{"embeddable":true,"href":"https:\/\/alphalearning.com\/fr\/wp-json\/wp\/v2\/comments?post=13410"}],"version-history":[{"count":4,"href":"https:\/\/alphalearning.com\/fr\/wp-json\/wp\/v2\/pages\/13410\/revisions"}],"predecessor-version":[{"id":15397,"href":"https:\/\/alphalearning.com\/fr\/wp-json\/wp\/v2\/pages\/13410\/revisions\/15397"}],"wp:attachment":[{"href":"https:\/\/alphalearning.com\/fr\/wp-json\/wp\/v2\/media?parent=13410"}],"curies":[{"name":"wp","href":"https:\/\/api.w.org\/{rel}","templated":true}]}}