{"id":13403,"date":"2024-03-27T16:39:38","date_gmt":"2024-03-27T16:39:38","guid":{"rendered":"https:\/\/alphalearning.com\/neurofeedback-athletics-and-sports\/"},"modified":"2025-03-01T12:56:32","modified_gmt":"2025-03-01T12:56:32","slug":"neurofeedback-athletisme-sports","status":"publish","type":"page","link":"https:\/\/alphalearning.com\/fr\/neurofeedback-athletisme-sports\/","title":{"rendered":"Neurofeedback Athl\u00e9tisme et Sports"},"content":{"rendered":"\n<div class=\"wp-block-uagb-advanced-heading uagb-block-04748237\"><h1 class=\"uagb-heading-text\">Neurofeedback dans l\u2019athl\u00e9tisme et le sport<\/h1><\/div>\n\n\n\n<div class=\"wp-block-uagb-container uagb-block-711c43af alignfull uagb-is-root-container\"><div class=\"uagb-container-inner-blocks-wrap\">\n<p><em>Londres, le 24 octobre 2000 :<\/em><\/p>\n\n\n\n<p><strong>La premi\u00e8re fois qu\u2019un m\u00e9daill\u00e9 d\u2019or olympique reconna\u00eet avoir utilis\u00e9 l\u2019\u00e9quipement d\u2019entra\u00eenement des ondes c\u00e9r\u00e9brales de l\u2019institut Alphalearning.<\/strong><\/p>\n\n\n\n<p><a href=\"https:\/\/fr.wikipedia.org\/wiki\/Richard_Faulds\" target=\"_blank\" rel=\"noreferrer noopener\">Richard Faulds<\/a> d\u00e9clare : <em>\u00ab Alphalearning a contribu\u00e9 de mani\u00e8re d\u00e9cisive \u00e0 faire la diff\u00e9rence entre la m\u00e9daille d\u2019or et la m\u00e9daille d\u2019argent \u00e0 Sydney. La capacit\u00e9 de se concentrer, de focaliser son attention et de garder son calme sous pression \u2013 voil\u00e0 les cl\u00e9s de la performance. \u00bb<\/em><\/p>\n\n\n\n<p>Quelques semaines avant les Jeux de Sydney, Richard Faulds a entra\u00een\u00e9 son cerveau \u00e9lectroniquement afin de passer instantan\u00e9ment de l\u2019excitation \u00e0 la concentration, puis \u00e0 la relaxation. Est-ce que cela a fonctionn\u00e9 ? Il affirme :<br><em>\u00ab La technologie Brainwave repr\u00e9sente l\u2019avenir du sport de comp\u00e9tition. \u00bb<\/em><\/p>\n\n\n\n<p>Pourquoi un athl\u00e8te de niveau mondial risquerait-il son cerveau avec un \u00e9quipement \u00e9lectronique seulement quelques semaines avant les Jeux olympiques ? Le stress \u2013 le fl\u00e9au des sports de pr\u00e9cision, un mauvais tir = stress = encore plus de mauvais tirs. En contr\u00f4lant les fr\u00e9quences c\u00e9r\u00e9brales, on peut ma\u00eetriser le stress et r\u00e9initialiser le cerveau entre chaque tir. Qu\u2019il s\u2019agisse d\u2019un fusil de chasse, d\u2019une carabine, d\u2019un club de golf ou d\u2019une raquette de tennis, le d\u00e9nominateur commun est la capacit\u00e9 de r\u00e9cup\u00e9rer, de se reposer et de se concentrer tr\u00e8s rapidement entre les coups.<\/p>\n\n\n\n<p>Le syst\u00e8me Brainwave I est un dispositif sophistiqu\u00e9 de biofeedback EEG qui enregistre l\u2019\u00e9tat et les variations instantan\u00e9es du cerveau, associ\u00e9 \u00e0 un Synergiseur de Neurones Optique-Acoustique qui synchronise la fr\u00e9quence de d\u00e9charge des 300\u202fmilliards de neurones c\u00e9r\u00e9braux tout en \u00e9quilibrant simultan\u00e9ment les h\u00e9misph\u00e8res gauche et droit.<\/p>\n\n\n\n<p>Cet \u00e9quipement a \u00e9t\u00e9 largement utilis\u00e9 pour am\u00e9liorer les performances intellectuelles et est d\u00e9sormais introduit dans le domaine du sport et de l\u2019entra\u00eenement physique \u00e0 haut niveau.<\/p>\n\n\n\n<p><a href=\"https:\/\/fr.wikipedia.org\/wiki\/Dominic_O%27Brien\" target=\"_blank\" rel=\"noreferrer noopener\">Dominic O\u2019Brien<\/a> \u2013 champion du monde de m\u00e9moire (sept fois, et toujours en titre) \u2013 d\u00e9clare :<br><em>\u00ab J\u2019utilise Brainwave I depuis 3 ans et je ne cesse de battre mes propres records. \u00bb<\/em><\/p>\n\n\n\n<p><a href=\"https:\/\/alphalearning.com\/fr\/commentaires-clients-alphalearning\/citations-athletes\/jan-verfaellie\/\">Jan Verfaellie<\/a> \u2013 champion junior de golf de Belgique, d\u00e9clare :<br><em>\u00ab Gr\u00e2ce \u00e0 l\u2019entra\u00eenement Brainwave I, je peux jouer 20\u202fheures de golf en 15\u202fminutes \u2013 dans ma t\u00eate \u2013 parfaitement. \u00bb<\/em><\/p>\n\n\n\n<p><a href=\"https:\/\/alphalearning.com\/fr\/commentaires-clients-alphalearning\/citations-athletes\/paul-verfaellie\/\">Paul Verfaellie<\/a><br><em>\u00ab\u202fAlphalearning am\u00e9liore mon score et, surtout, rend mon golf vraiment \u201cagr\u00e9able\u201d\u202f!\u202f\u00bb<\/em><\/p>\n\n\n\n<p>D\u2019autres applications ont eu lieu en Formule\u202f1 avec <a href=\"https:\/\/fr.wikipedia.org\/wiki\/David_Coulthard\" target=\"_blank\" rel=\"noreferrer noopener\">David Coulthard<\/a>, dans des courses en montgolfi\u00e8re avec <a href=\"https:\/\/fr.wikipedia.org\/wiki\/Richard_Branson\" target=\"_blank\" rel=\"noreferrer noopener\">Sir Richard Branson<\/a>, ainsi que pour des pilotes de jets.<\/p>\n\n\n\n<p>Henry Hopking, le formateur sportif en chef de l\u2019Alphalearning Institute, a r\u00e9cemment entra\u00een\u00e9 le tireur de skeet Ben Brunton, qui d\u00e9clare :<br><strong><em>\u00ab Alphalearning m\u2019a appris \u00e0 me concentrer et \u00e0 focaliser mon attention sous pression. Sans aucun doute, cela m\u2019a aid\u00e9 \u00e0 devenir le plus jeune champion du monde FITASC de tous les temps. \u00bb<\/em><\/strong><\/p>\n\n\n\n<p><strong>Curt Selestam, Oslo, Norway<\/strong><br><em>\u00ab\u202fAlpha fonctionne vraiment pour le golf.<br>Quand je suis stress\u00e9, j\u2019ai maintenant la capacit\u00e9 de me calmer et de me d\u00e9tendre.\u202f\u00bb<\/em><\/p>\n\n\n\n<p><strong>Bert Talhoo, Utrecht, Holland<\/strong><br><em>\u00ab\u202fLe swing de golf marche bien, Alpha me procure une conscience d\u00e9tendue \u2013 \u00e7a ne hurle plus autant \u00e0 l\u2019int\u00e9rieur.\u202f\u00bb<\/em><\/p>\n\n\n\n<p><strong>Cris van Aeken, London, England<\/strong><br><em>\u00ab\u202fAvant Alpha, je ne pouvais pas garder mon bras gauche droit sur le backswing. Maintenant je n\u2019arrive plus \u00e0 le plier. Fantastique.\u202f\u00bb<\/em><\/p>\n\n\n\n<p><strong>Doug Ewing, Louvain, Belgium<\/strong><br><em>\u00ab\u202fJ\u2019ai remport\u00e9 le premier prix d\u2019un tournoi de golf, une semaine apr\u00e8s le cours, en utilisant le syst\u00e8me Alpha.<br>\u201cBall in hole\u201d\u202f: \u00e7a marche\u202f! \u00bb<\/em><\/p>\n\n\n\n<p class=\"has-text-align-center\"><strong>La performance sous pression \u2013 l\u2019\u00e9quipement d\u00e9velopp\u00e9 pour les cadres soumis \u00e0 une forte pression est d\u00e9sormais parfaitement adapt\u00e9 au monde du sport.<\/strong><\/p>\n<\/div><\/div>\n","protected":false},"excerpt":{"rendered":"<p>Neurofeedback dans l\u2019athl\u00e9tisme et le sport Londres, le 24 octobre 2000 : La premi\u00e8re fois qu\u2019un m\u00e9daill\u00e9 d\u2019or olympique reconna\u00eet [&hellip;]<\/p>\n","protected":false},"author":2,"featured_media":0,"parent":0,"menu_order":370,"comment_status":"closed","ping_status":"closed","template":"","meta":{"_uag_custom_page_level_css":"","site-sidebar-layout":"default","site-content-layout":"","ast-site-content-layout":"default","site-content-style":"default","site-sidebar-style":"default","ast-global-header-display":"","ast-banner-title-visibility":"","ast-main-header-display":"","ast-hfb-above-header-display":"","ast-hfb-below-header-display":"","ast-hfb-mobile-header-display":"","site-post-title":"disabled","ast-breadcrumbs-content":"","ast-featured-img":"","footer-sml-layout":"","ast-disable-related-posts":"","theme-transparent-header-meta":"","adv-header-id-meta":"","stick-header-meta":"","header-above-stick-meta":"","header-main-stick-meta":"","header-below-stick-meta":"","astra-migrate-meta-layouts":"default","ast-page-background-enabled":"default","ast-page-background-meta":{"desktop":{"background-color":"var(--ast-global-color-4)","background-image":"","background-repeat":"repeat","background-position":"center center","background-size":"auto","background-attachment":"scroll","background-type":"","background-media":"","overlay-type":"","overlay-color":"","overlay-opacity":"","overlay-gradient":""},"tablet":{"background-color":"","background-image":"","background-repeat":"repeat","background-position":"center center","background-size":"auto","background-attachment":"scroll","background-type":"","background-media":"","overlay-type":"","overlay-color":"","overlay-opacity":"","overlay-gradient":""},"mobile":{"background-color":"","background-image":"","background-repeat":"repeat","background-position":"center center","background-size":"auto","background-attachment":"scroll","background-type":"","background-media":"","overlay-type":"","overlay-color":"","overlay-opacity":"","overlay-gradient":""}},"ast-content-background-meta":{"desktop":{"background-color":"var(--ast-global-color-5)","background-image":"","background-repeat":"repeat","background-position":"center center","background-size":"auto","background-attachment":"scroll","background-type":"","background-media":"","overlay-type":"","overlay-color":"","overlay-opacity":"","overlay-gradient":""},"tablet":{"background-color":"var(--ast-global-color-5)","background-image":"","background-repeat":"repeat","background-position":"center center","background-size":"auto","background-attachment":"scroll","background-type":"","background-media":"","overlay-type":"","overlay-color":"","overlay-opacity":"","overlay-gradient":""},"mobile":{"background-color":"var(--ast-global-color-5)","background-image":"","background-repeat":"repeat","background-position":"center center","background-size":"auto","background-attachment":"scroll","background-type":"","background-media":"","overlay-type":"","overlay-color":"","overlay-opacity":"","overlay-gradient":""}},"footnotes":""},"class_list":["post-13403","page","type-page","status-publish","hentry"],"yoast_head":"<!-- This site is optimized with the Yoast SEO plugin v27.1.1 - https:\/\/yoast.com\/product\/yoast-seo-wordpress\/ -->\n<title>Neurofeedback et performance sportive \u2013 Alphalearning<\/title>\n<meta name=\"description\" content=\"Richard Faulds, m\u00e9daill\u00e9 d\u2019or olympique, et d\u2019autres champions utilisent le neurofeedback d\u2019Alphalearning pour aff\u00fbter concentration et performance.\" \/>\n<meta name=\"robots\" content=\"index, follow, max-snippet:-1, max-image-preview:large, max-video-preview:-1\" \/>\n<link rel=\"canonical\" href=\"https:\/\/alphalearning.com\/fr\/neurofeedback-athletisme-sports\/\" \/>\n<meta property=\"og:locale\" content=\"fr_FR\" \/>\n<meta property=\"og:type\" content=\"article\" \/>\n<meta property=\"og:title\" content=\"Neurofeedback et performance sportive \u2013 Alphalearning\" \/>\n<meta property=\"og:description\" content=\"Richard Faulds, m\u00e9daill\u00e9 d\u2019or olympique, et d\u2019autres champions utilisent le neurofeedback d\u2019Alphalearning pour aff\u00fbter concentration et performance.\" \/>\n<meta property=\"og:url\" content=\"https:\/\/alphalearning.com\/fr\/neurofeedback-athletisme-sports\/\" \/>\n<meta property=\"og:site_name\" content=\"Alphalearning International\" \/>\n<meta property=\"article:modified_time\" content=\"2025-03-01T12:56:32+00:00\" \/>\n<meta property=\"og:image\" content=\"https:\/\/alphalearning.com\/wp-content\/uploads\/2024\/04\/alphalearning-logo_red_1200x675px.png\" \/>\n\t<meta property=\"og:image:width\" content=\"1200\" \/>\n\t<meta property=\"og:image:height\" content=\"675\" \/>\n\t<meta property=\"og:image:type\" content=\"image\/png\" \/>\n<meta name=\"twitter:card\" content=\"summary_large_image\" \/>\n<meta name=\"twitter:label1\" content=\"Est. reading time\" \/>\n\t<meta name=\"twitter:data1\" content=\"3 minutes\" \/>\n<!-- \/ Yoast SEO plugin. -->","yoast_head_json":{"title":"Neurofeedback et performance sportive \u2013 Alphalearning","description":"Richard Faulds, m\u00e9daill\u00e9 d\u2019or olympique, et d\u2019autres champions utilisent le neurofeedback d\u2019Alphalearning pour aff\u00fbter concentration et performance.","robots":{"index":"index","follow":"follow","max-snippet":"max-snippet:-1","max-image-preview":"max-image-preview:large","max-video-preview":"max-video-preview:-1"},"canonical":"https:\/\/alphalearning.com\/fr\/neurofeedback-athletisme-sports\/","og_locale":"fr_FR","og_type":"article","og_title":"Neurofeedback et performance sportive \u2013 Alphalearning","og_description":"Richard Faulds, m\u00e9daill\u00e9 d\u2019or olympique, et d\u2019autres champions utilisent le neurofeedback d\u2019Alphalearning pour aff\u00fbter concentration et performance.","og_url":"https:\/\/alphalearning.com\/fr\/neurofeedback-athletisme-sports\/","og_site_name":"Alphalearning International","article_modified_time":"2025-03-01T12:56:32+00:00","og_image":[{"width":1200,"height":675,"url":"https:\/\/alphalearning.com\/wp-content\/uploads\/2024\/04\/alphalearning-logo_red_1200x675px.png","type":"image\/png"}],"twitter_card":"summary_large_image","twitter_misc":{"Est. reading time":"3 minutes"},"schema":{"@context":"https:\/\/schema.org","@graph":[{"@type":"WebPage","@id":"https:\/\/alphalearning.com\/fr\/neurofeedback-athletisme-sports\/","url":"https:\/\/alphalearning.com\/fr\/neurofeedback-athletisme-sports\/","name":"Neurofeedback et performance sportive \u2013 Alphalearning","isPartOf":{"@id":"https:\/\/alphalearning.com\/fr\/#website"},"datePublished":"2024-03-27T16:39:38+00:00","dateModified":"2025-03-01T12:56:32+00:00","description":"Richard Faulds, m\u00e9daill\u00e9 d\u2019or olympique, et d\u2019autres champions utilisent le neurofeedback d\u2019Alphalearning pour aff\u00fbter concentration et performance.","breadcrumb":{"@id":"https:\/\/alphalearning.com\/fr\/neurofeedback-athletisme-sports\/#breadcrumb"},"inLanguage":"fr","potentialAction":[{"@type":"ReadAction","target":["https:\/\/alphalearning.com\/fr\/neurofeedback-athletisme-sports\/"]}]},{"@type":"BreadcrumbList","@id":"https:\/\/alphalearning.com\/fr\/neurofeedback-athletisme-sports\/#breadcrumb","itemListElement":[{"@type":"ListItem","position":1,"name":"Home","item":"https:\/\/alphalearning.com\/fr\/"},{"@type":"ListItem","position":2,"name":"Neurofeedback Athl\u00e9tisme et Sports"}]},{"@type":"WebSite","@id":"https:\/\/alphalearning.com\/fr\/#website","url":"https:\/\/alphalearning.com\/fr\/","name":"Alphalearning International","description":"the brain training institute","publisher":{"@id":"https:\/\/alphalearning.com\/fr\/#organization"},"potentialAction":[{"@type":"SearchAction","target":{"@type":"EntryPoint","urlTemplate":"https:\/\/alphalearning.com\/fr\/?s={search_term_string}"},"query-input":{"@type":"PropertyValueSpecification","valueRequired":true,"valueName":"search_term_string"}}],"inLanguage":"fr"},{"@type":"Organization","@id":"https:\/\/alphalearning.com\/fr\/#organization","name":"Alphalearning International","url":"https:\/\/alphalearning.com\/fr\/","logo":{"@type":"ImageObject","inLanguage":"fr","@id":"https:\/\/alphalearning.com\/fr\/#\/schema\/logo\/image\/","url":"https:\/\/alphalearning.com\/wp-content\/uploads\/2024\/03\/alphalearning_ico2_512px.png","contentUrl":"https:\/\/alphalearning.com\/wp-content\/uploads\/2024\/03\/alphalearning_ico2_512px.png","width":512,"height":512,"caption":"Alphalearning International"},"image":{"@id":"https:\/\/alphalearning.com\/fr\/#\/schema\/logo\/image\/"}}]}},"uagb_featured_image_src":{"full":false,"thumbnail":false,"medium":false,"medium_large":false,"large":false,"1536x1536":false,"2048x2048":false,"gform-image-choice-sm":false,"gform-image-choice-md":false,"gform-image-choice-lg":false},"uagb_author_info":{"display_name":"Julio Machado","author_link":"https:\/\/alphalearning.com\/fr\/author\/julio-machado\/"},"uagb_comment_info":0,"uagb_excerpt":"Neurofeedback dans l\u2019athl\u00e9tisme et le sport Londres, le 24 octobre 2000 : La premi\u00e8re fois qu\u2019un m\u00e9daill\u00e9 d\u2019or olympique reconna\u00eet [&hellip;]","_links":{"self":[{"href":"https:\/\/alphalearning.com\/fr\/wp-json\/wp\/v2\/pages\/13403","targetHints":{"allow":["GET"]}}],"collection":[{"href":"https:\/\/alphalearning.com\/fr\/wp-json\/wp\/v2\/pages"}],"about":[{"href":"https:\/\/alphalearning.com\/fr\/wp-json\/wp\/v2\/types\/page"}],"author":[{"embeddable":true,"href":"https:\/\/alphalearning.com\/fr\/wp-json\/wp\/v2\/users\/2"}],"replies":[{"embeddable":true,"href":"https:\/\/alphalearning.com\/fr\/wp-json\/wp\/v2\/comments?post=13403"}],"version-history":[{"count":4,"href":"https:\/\/alphalearning.com\/fr\/wp-json\/wp\/v2\/pages\/13403\/revisions"}],"predecessor-version":[{"id":15393,"href":"https:\/\/alphalearning.com\/fr\/wp-json\/wp\/v2\/pages\/13403\/revisions\/15393"}],"wp:attachment":[{"href":"https:\/\/alphalearning.com\/fr\/wp-json\/wp\/v2\/media?parent=13403"}],"curies":[{"name":"wp","href":"https:\/\/api.w.org\/{rel}","templated":true}]}}