{"id":13362,"date":"2024-03-27T16:42:10","date_gmt":"2024-03-27T16:42:10","guid":{"rendered":"https:\/\/alphalearning.com\/retroaction-neurologique-meditation-soulagement-stress\/meditation-experience-is-associated-with-increased-cortical-thickness\/"},"modified":"2025-01-29T14:35:15","modified_gmt":"2025-01-29T14:35:15","slug":"meditation-long-terme-augmentation-epaisseur-cortex","status":"publish","type":"page","link":"https:\/\/alphalearning.com\/fr\/neurofeedback-meditation-soulagement-stress\/meditation-long-terme-augmentation-epaisseur-cortex\/","title":{"rendered":"M\u00e9ditation \u00e0 Long Terme associ\u00e9e \u00e0 une Augmentation de l&#8217;\u00c9paisseur du Cortex"},"content":{"rendered":"\n<div class=\"wp-block-uagb-advanced-heading uagb-block-27ffd304\"><h1 class=\"uagb-heading-text\">L&#8217;exp\u00e9rience de la m\u00e9ditation est associ\u00e9e \u00e0 une augmentation de l&#8217;\u00e9paisseur corticale<\/h1><\/div>\n\n\n\n<p>Ces donn\u00e9es fournissent la premi\u00e8re preuve structurelle de la plasticit\u00e9 corticale d\u00e9pendante de l\u2019exp\u00e9rience, associ\u00e9e \u00e0 la pratique de la m\u00e9ditation. Les r\u00e9gions c\u00e9r\u00e9brales li\u00e9es \u00e0 l\u2019attention, \u00e0 l\u2019interoception et au traitement sensoriel \u00e9taient plus \u00e9paisses chez les participants pratiquant la m\u00e9ditation que chez les t\u00e9moins appari\u00e9s, y compris le cortex pr\u00e9frontal et l\u2019insula ant\u00e9rieure droite.<\/p>\n\n\n\n<div class=\"wp-block-uagb-image aligncenter uagb-block-b753d378 wp-block-uagb-image--layout-default wp-block-uagb-image--effect-static wp-block-uagb-image--align-center\"><figure class=\"wp-block-uagb-image__figure\"><img decoding=\"async\" srcset=\"https:\/\/alphalearning.com\/wp-content\/uploads\/2024\/04\/brain-cortical-thickness-both.jpg ,https:\/\/alphalearning.com\/wp-content\/uploads\/2024\/04\/brain-cortical-thickness-both.jpg 780w, https:\/\/alphalearning.com\/wp-content\/uploads\/2024\/04\/brain-cortical-thickness-both.jpg 360w\" sizes=\"auto, (max-width: 480px) 150px\" src=\"https:\/\/alphalearning.com\/wp-content\/uploads\/2024\/04\/brain-cortical-thickness-both.jpg\" alt=\"\" class=\"uag-image-730\" width=\"420\" height=\"161\" title=\"\" loading=\"lazy\" role=\"img\"\/><figcaption class=\"uagb-image-caption\"><em>Ci-dessus : Les r\u00e9gions corticales plus \u00e9paisses chez les m\u00e9ditants que chez les t\u00e9moins dans les deux h\u00e9misph\u00e8res.<br>Cette carte statistique illustre les diff\u00e9rences d\u2019\u00e9paisseur entre les groupes \u00e0 chaque point de la surface corticale.<\/em><\/figcaption><\/figure><\/div>\n\n\n\n<p>Les diff\u00e9rences entre les groupes concernant l\u2019\u00e9paisseur du cortex pr\u00e9frontal \u00e9taient les plus marqu\u00e9es chez les participants plus \u00e2g\u00e9s, ce qui sugg\u00e8re que la m\u00e9ditation pourrait compenser l\u2019amincissement cortical li\u00e9 \u00e0 l\u2019\u00e2ge.<\/p>\n\n\n\n<figure class=\"wp-block-image alignleft size-full\"><img loading=\"lazy\" decoding=\"async\" width=\"522\" height=\"180\" src=\"https:\/\/alphalearning.com\/wp-content\/uploads\/2024\/04\/increased-cortical-thickness-en.png\" alt=\"\" class=\"wp-image-731\" srcset=\"https:\/\/alphalearning.com\/wp-content\/uploads\/2024\/04\/increased-cortical-thickness-en.png 522w, https:\/\/alphalearning.com\/wp-content\/uploads\/2024\/04\/increased-cortical-thickness-en-300x103.png 300w\" sizes=\"auto, (max-width: 522px) 100vw, 522px\" \/><\/figure>\n\n\n\n<p>Sur ces graphiques, l\u2019\u00e9paisseur corticale moyenne de chaque participant est repr\u00e9sent\u00e9e pour la r\u00e9gion de l\u2019insula (\u00e0 gauche) et pour la zone BA 9\/10 (\u00e0 droite), trac\u00e9e en fonction de l\u2019\u00e2ge. Les m\u00e9ditants sont repr\u00e9sent\u00e9s par des <span style=\"color: #0000ff;\">cercles bleus<\/span> et les t\u00e9moins par des <span style=\"color: #ff0000;\">carr\u00e9s rouges<\/span>. Notez que les m\u00e9ditants ont pu conserver leur \u00e9paisseur corticale tout au long de leur vie, tandis que le groupe t\u00e9moin a connu une diminution dans ces r\u00e9gions.<\/p>\n\n\n\n<p>Au fil des ans, Alphalearning a constat\u00e9, gr\u00e2ce \u00e0 son approche unique du Neurofeedback et de l\u2019entra\u00eenement c\u00e9r\u00e9bral, que le contr\u00f4le et l\u2019\u00e9quilibre des ondes c\u00e9r\u00e9brales sont la cl\u00e9 de la r\u00e9solution de divers dysfonctionnements li\u00e9s au champ bio\u00e9lectrique du cerveau. La <a href=\"https:\/\/alphalearning.com\/fr\/peut-on-guerir-dyslexie\/\">dyslexie<\/a> et le <a href=\"https:\/\/alphalearning.com\/neurofeedback-and-adhd\/\">TDAH<\/a>, <a href=\"https:\/\/alphalearning.com\/birth-problems\/\">troubles d\u00e9coulant de probl\u00e8mes de naissance<\/a>, la r\u00e9solution de la fibromyalgie et la <a href=\"https:\/\/alphalearning.com\/fr\/trouble-spectre-autistique\/application-neurofeedback-trouble-spectre-autisme\/\">r\u00e9duction des sympt\u00f4mes li\u00e9s au spectre de l\u2019autisme<\/a> ne sont que quelques exemples parmi tant d\u2019autres.<\/p>\n\n\n\n<p><a href=\"https:\/\/alphalearning.com\/fr\/neurofeedback-meditation-soulagement-stress\/#stress-relief-through-eeg-guided-meditation\">D\u00e9couvrez comment atteindre ces r\u00e9sultats gr\u00e2ce au cours Alphalearning International<\/a><\/p>\n\n\n\n<p class=\"has-text-align-right\"><a href=\"https:\/\/alphalearning.com\/servepdf.php?year=2024&amp;month=04&amp;file=alphalearning-meditation-experience-is-associated-with-increased-cortical-thickness.pdf\" target=\"_blank\" rel=\"noreferrer noopener nofollow\">T\u00e9l\u00e9chargez l\u2019article complet au format PDF<\/a><\/p>\n","protected":false},"excerpt":{"rendered":"<p>L&#8217;exp\u00e9rience de la m\u00e9ditation est associ\u00e9e \u00e0 une augmentation de l&#8217;\u00e9paisseur corticale Ces donn\u00e9es fournissent la premi\u00e8re preuve structurelle de [&hellip;]<\/p>\n","protected":false},"author":2,"featured_media":0,"parent":13316,"menu_order":0,"comment_status":"closed","ping_status":"closed","template":"","meta":{"_uag_custom_page_level_css":"","site-sidebar-layout":"default","site-content-layout":"","ast-site-content-layout":"default","site-content-style":"default","site-sidebar-style":"default","ast-global-header-display":"","ast-banner-title-visibility":"","ast-main-header-display":"","ast-hfb-above-header-display":"","ast-hfb-below-header-display":"","ast-hfb-mobile-header-display":"","site-post-title":"disabled","ast-breadcrumbs-content":"","ast-featured-img":"","footer-sml-layout":"","ast-disable-related-posts":"","theme-transparent-header-meta":"","adv-header-id-meta":"","stick-header-meta":"","header-above-stick-meta":"","header-main-stick-meta":"","header-below-stick-meta":"","astra-migrate-meta-layouts":"default","ast-page-background-enabled":"default","ast-page-background-meta":{"desktop":{"background-color":"var(--ast-global-color-4)","background-image":"","background-repeat":"repeat","background-position":"center center","background-size":"auto","background-attachment":"scroll","background-type":"","background-media":"","overlay-type":"","overlay-color":"","overlay-opacity":"","overlay-gradient":""},"tablet":{"background-color":"","background-image":"","background-repeat":"repeat","background-position":"center center","background-size":"auto","background-attachment":"scroll","background-type":"","background-media":"","overlay-type":"","overlay-color":"","overlay-opacity":"","overlay-gradient":""},"mobile":{"background-color":"","background-image":"","background-repeat":"repeat","background-position":"center center","background-size":"auto","background-attachment":"scroll","background-type":"","background-media":"","overlay-type":"","overlay-color":"","overlay-opacity":"","overlay-gradient":""}},"ast-content-background-meta":{"desktop":{"background-color":"var(--ast-global-color-5)","background-image":"","background-repeat":"repeat","background-position":"center center","background-size":"auto","background-attachment":"scroll","background-type":"","background-media":"","overlay-type":"","overlay-color":"","overlay-opacity":"","overlay-gradient":""},"tablet":{"background-color":"var(--ast-global-color-5)","background-image":"","background-repeat":"repeat","background-position":"center center","background-size":"auto","background-attachment":"scroll","background-type":"","background-media":"","overlay-type":"","overlay-color":"","overlay-opacity":"","overlay-gradient":""},"mobile":{"background-color":"var(--ast-global-color-5)","background-image":"","background-repeat":"repeat","background-position":"center center","background-size":"auto","background-attachment":"scroll","background-type":"","background-media":"","overlay-type":"","overlay-color":"","overlay-opacity":"","overlay-gradient":""}},"footnotes":""},"class_list":["post-13362","page","type-page","status-publish","hentry"],"yoast_head":"<!-- This site is optimized with the Yoast SEO plugin v27.1.1 - https:\/\/yoast.com\/product\/yoast-seo-wordpress\/ -->\n<title>M\u00e9ditation &amp; cortex plus \u00e9pais \u2013 Alphalearning International<\/title>\n<meta name=\"description\" content=\"D\u00e9couvrez comment la m\u00e9ditation renforce l&#039;\u00e9paisseur corticale, compensant l&#039;amincissement li\u00e9 \u00e0 l&#039;\u00e2ge, avec l&#039;approche Brainwave d&#039;Alphalearning International.\" \/>\n<meta name=\"robots\" content=\"index, follow, max-snippet:-1, max-image-preview:large, max-video-preview:-1\" \/>\n<link rel=\"canonical\" href=\"https:\/\/alphalearning.com\/fr\/neurofeedback-meditation-soulagement-stress\/meditation-long-terme-augmentation-epaisseur-cortex\/\" \/>\n<meta property=\"og:locale\" content=\"fr_FR\" \/>\n<meta property=\"og:type\" content=\"article\" \/>\n<meta property=\"og:title\" content=\"M\u00e9ditation &amp; cortex plus \u00e9pais \u2013 Alphalearning International\" \/>\n<meta property=\"og:description\" content=\"D\u00e9couvrez comment la m\u00e9ditation renforce l&#039;\u00e9paisseur corticale, compensant l&#039;amincissement li\u00e9 \u00e0 l&#039;\u00e2ge, avec l&#039;approche Brainwave d&#039;Alphalearning International.\" \/>\n<meta property=\"og:url\" content=\"https:\/\/alphalearning.com\/fr\/neurofeedback-meditation-soulagement-stress\/meditation-long-terme-augmentation-epaisseur-cortex\/\" \/>\n<meta property=\"og:site_name\" content=\"Alphalearning International\" \/>\n<meta property=\"article:modified_time\" content=\"2025-01-29T14:35:15+00:00\" \/>\n<meta property=\"og:image\" content=\"https:\/\/alphalearning.com\/wp-content\/uploads\/2024\/04\/brain-cortical-thickness-both.jpg\" \/>\n<meta name=\"twitter:card\" content=\"summary_large_image\" \/>\n<meta name=\"twitter:label1\" content=\"Est. reading time\" \/>\n\t<meta name=\"twitter:data1\" content=\"2 minutes\" \/>\n<!-- \/ Yoast SEO plugin. -->","yoast_head_json":{"title":"M\u00e9ditation & cortex plus \u00e9pais \u2013 Alphalearning International","description":"D\u00e9couvrez comment la m\u00e9ditation renforce l'\u00e9paisseur corticale, compensant l'amincissement li\u00e9 \u00e0 l'\u00e2ge, avec l'approche Brainwave d'Alphalearning International.","robots":{"index":"index","follow":"follow","max-snippet":"max-snippet:-1","max-image-preview":"max-image-preview:large","max-video-preview":"max-video-preview:-1"},"canonical":"https:\/\/alphalearning.com\/fr\/neurofeedback-meditation-soulagement-stress\/meditation-long-terme-augmentation-epaisseur-cortex\/","og_locale":"fr_FR","og_type":"article","og_title":"M\u00e9ditation & cortex plus \u00e9pais \u2013 Alphalearning International","og_description":"D\u00e9couvrez comment la m\u00e9ditation renforce l'\u00e9paisseur corticale, compensant l'amincissement li\u00e9 \u00e0 l'\u00e2ge, avec l'approche Brainwave d'Alphalearning International.","og_url":"https:\/\/alphalearning.com\/fr\/neurofeedback-meditation-soulagement-stress\/meditation-long-terme-augmentation-epaisseur-cortex\/","og_site_name":"Alphalearning International","article_modified_time":"2025-01-29T14:35:15+00:00","og_image":[{"url":"https:\/\/alphalearning.com\/wp-content\/uploads\/2024\/04\/brain-cortical-thickness-both.jpg","type":"","width":"","height":""}],"twitter_card":"summary_large_image","twitter_misc":{"Est. reading time":"2 minutes"},"schema":{"@context":"https:\/\/schema.org","@graph":[{"@type":"WebPage","@id":"https:\/\/alphalearning.com\/fr\/neurofeedback-meditation-soulagement-stress\/meditation-long-terme-augmentation-epaisseur-cortex\/","url":"https:\/\/alphalearning.com\/fr\/neurofeedback-meditation-soulagement-stress\/meditation-long-terme-augmentation-epaisseur-cortex\/","name":"M\u00e9ditation & cortex plus \u00e9pais \u2013 Alphalearning International","isPartOf":{"@id":"https:\/\/alphalearning.com\/fr\/#website"},"primaryImageOfPage":{"@id":"https:\/\/alphalearning.com\/fr\/neurofeedback-meditation-soulagement-stress\/meditation-long-terme-augmentation-epaisseur-cortex\/#primaryimage"},"image":{"@id":"https:\/\/alphalearning.com\/fr\/neurofeedback-meditation-soulagement-stress\/meditation-long-terme-augmentation-epaisseur-cortex\/#primaryimage"},"thumbnailUrl":"https:\/\/alphalearning.com\/wp-content\/uploads\/2024\/04\/brain-cortical-thickness-both.jpg","datePublished":"2024-03-27T16:42:10+00:00","dateModified":"2025-01-29T14:35:15+00:00","description":"D\u00e9couvrez comment la m\u00e9ditation renforce l'\u00e9paisseur corticale, compensant l'amincissement li\u00e9 \u00e0 l'\u00e2ge, avec l'approche Brainwave d'Alphalearning International.","breadcrumb":{"@id":"https:\/\/alphalearning.com\/fr\/neurofeedback-meditation-soulagement-stress\/meditation-long-terme-augmentation-epaisseur-cortex\/#breadcrumb"},"inLanguage":"fr","potentialAction":[{"@type":"ReadAction","target":["https:\/\/alphalearning.com\/fr\/neurofeedback-meditation-soulagement-stress\/meditation-long-terme-augmentation-epaisseur-cortex\/"]}]},{"@type":"ImageObject","inLanguage":"fr","@id":"https:\/\/alphalearning.com\/fr\/neurofeedback-meditation-soulagement-stress\/meditation-long-terme-augmentation-epaisseur-cortex\/#primaryimage","url":"https:\/\/alphalearning.com\/wp-content\/uploads\/2024\/04\/brain-cortical-thickness-both.jpg","contentUrl":"https:\/\/alphalearning.com\/wp-content\/uploads\/2024\/04\/brain-cortical-thickness-both.jpg"},{"@type":"BreadcrumbList","@id":"https:\/\/alphalearning.com\/fr\/neurofeedback-meditation-soulagement-stress\/meditation-long-terme-augmentation-epaisseur-cortex\/#breadcrumb","itemListElement":[{"@type":"ListItem","position":1,"name":"Home","item":"https:\/\/alphalearning.com\/fr\/"},{"@type":"ListItem","position":2,"name":"M\u00e9ditation et Soulagement du Stress gr\u00e2ce au Neurofeedback","item":"https:\/\/alphalearning.com\/fr\/neurofeedback-meditation-soulagement-stress\/"},{"@type":"ListItem","position":3,"name":"M\u00e9ditation \u00e0 Long Terme associ\u00e9e \u00e0 une Augmentation de l&#8217;\u00c9paisseur du Cortex"}]},{"@type":"WebSite","@id":"https:\/\/alphalearning.com\/fr\/#website","url":"https:\/\/alphalearning.com\/fr\/","name":"Alphalearning International","description":"the brain training institute","publisher":{"@id":"https:\/\/alphalearning.com\/fr\/#organization"},"potentialAction":[{"@type":"SearchAction","target":{"@type":"EntryPoint","urlTemplate":"https:\/\/alphalearning.com\/fr\/?s={search_term_string}"},"query-input":{"@type":"PropertyValueSpecification","valueRequired":true,"valueName":"search_term_string"}}],"inLanguage":"fr"},{"@type":"Organization","@id":"https:\/\/alphalearning.com\/fr\/#organization","name":"Alphalearning International","url":"https:\/\/alphalearning.com\/fr\/","logo":{"@type":"ImageObject","inLanguage":"fr","@id":"https:\/\/alphalearning.com\/fr\/#\/schema\/logo\/image\/","url":"https:\/\/alphalearning.com\/wp-content\/uploads\/2024\/03\/alphalearning_ico2_512px.png","contentUrl":"https:\/\/alphalearning.com\/wp-content\/uploads\/2024\/03\/alphalearning_ico2_512px.png","width":512,"height":512,"caption":"Alphalearning International"},"image":{"@id":"https:\/\/alphalearning.com\/fr\/#\/schema\/logo\/image\/"}}]}},"uagb_featured_image_src":{"full":false,"thumbnail":false,"medium":false,"medium_large":false,"large":false,"1536x1536":false,"2048x2048":false,"gform-image-choice-sm":false,"gform-image-choice-md":false,"gform-image-choice-lg":false},"uagb_author_info":{"display_name":"Julio Machado","author_link":"https:\/\/alphalearning.com\/fr\/author\/julio-machado\/"},"uagb_comment_info":0,"uagb_excerpt":"L&#8217;exp\u00e9rience de la m\u00e9ditation est associ\u00e9e \u00e0 une augmentation de l&#8217;\u00e9paisseur corticale Ces donn\u00e9es fournissent la premi\u00e8re preuve structurelle de [&hellip;]","_links":{"self":[{"href":"https:\/\/alphalearning.com\/fr\/wp-json\/wp\/v2\/pages\/13362","targetHints":{"allow":["GET"]}}],"collection":[{"href":"https:\/\/alphalearning.com\/fr\/wp-json\/wp\/v2\/pages"}],"about":[{"href":"https:\/\/alphalearning.com\/fr\/wp-json\/wp\/v2\/types\/page"}],"author":[{"embeddable":true,"href":"https:\/\/alphalearning.com\/fr\/wp-json\/wp\/v2\/users\/2"}],"replies":[{"embeddable":true,"href":"https:\/\/alphalearning.com\/fr\/wp-json\/wp\/v2\/comments?post=13362"}],"version-history":[{"count":2,"href":"https:\/\/alphalearning.com\/fr\/wp-json\/wp\/v2\/pages\/13362\/revisions"}],"predecessor-version":[{"id":14604,"href":"https:\/\/alphalearning.com\/fr\/wp-json\/wp\/v2\/pages\/13362\/revisions\/14604"}],"up":[{"embeddable":true,"href":"https:\/\/alphalearning.com\/fr\/wp-json\/wp\/v2\/pages\/13316"}],"wp:attachment":[{"href":"https:\/\/alphalearning.com\/fr\/wp-json\/wp\/v2\/media?parent=13362"}],"curies":[{"name":"wp","href":"https:\/\/api.w.org\/{rel}","templated":true}]}}