{"id":13346,"date":"2024-03-27T16:41:34","date_gmt":"2024-03-27T16:41:34","guid":{"rendered":"https:\/\/alphalearning.com\/retroaction-neurologique-meditation-soulagement-stress\/mechanisms-of-white-matter-changes-induced-by-meditation\/"},"modified":"2025-03-01T13:21:49","modified_gmt":"2025-03-01T13:21:49","slug":"mechanismes-modification-substance-blanche-induite-meditation","status":"publish","type":"page","link":"https:\/\/alphalearning.com\/fr\/neurofeedback-meditation-soulagement-stress\/mechanismes-modification-substance-blanche-induite-meditation\/","title":{"rendered":"M\u00e9canismes des Modifications de la Substance Blanche induites par la M\u00e9ditation"},"content":{"rendered":"\n<div class=\"wp-block-uagb-advanced-heading uagb-block-1872136c\"><h1 class=\"uagb-heading-text\">M\u00e9canismes des modifications de la substance blanche induites par la m\u00e9ditation<\/h1><\/div>\n\n\n\n<div class=\"wp-block-uagb-container uagb-block-11d06147 alignfull uagb-is-root-container\"><div class=\"uagb-container-inner-blocks-wrap\">\n<p>\u00c0 l&#8217;aide de l\u2019imagerie par tenseur de diffusion, plusieurs \u00e9tudes r\u00e9centes ont montr\u00e9 que l\u2019entra\u00eenement cr\u00e9e des modifications de l\u2019efficacit\u00e9 de la substance blanche, telles que mesur\u00e9es par l\u2019anisotropie fractionnaire (FA). Dans nos travaux, nous avons constat\u00e9 qu\u2019une forme de m\u00e9ditation de pleine conscience, l\u2019entra\u00eenement corps-esprit int\u00e9gratif (IBMT), am\u00e9liorait davantage la FA dans les zones entourant le cortex cingulaire ant\u00e9rieur apr\u00e8s 4 semaines d\u2019entra\u00eenement, comparativement aux t\u00e9moins ayant re\u00e7u un entra\u00eenement de relaxation. La diminution de la diffusivit\u00e9 radiale (RD) a \u00e9t\u00e9 interpr\u00e9t\u00e9e comme une am\u00e9lioration de la my\u00e9line, tandis que la diminution de la diffusivit\u00e9 axiale (AD) implique d\u2019autres m\u00e9canismes, tels que la densit\u00e9 axonale. Nous rapportons \u00e0 pr\u00e9sent qu\u2019apr\u00e8s 4 semaines d\u2019entra\u00eenement avec l\u2019IBMT, \u00e0 la fois la RD et l\u2019AD diminuent, accompagn\u00e9es d\u2019une augmentation de la FA, indiquant que l\u2019am\u00e9lioration de l\u2019efficacit\u00e9 de la substance blanche inclut une augmentation de la my\u00e9line ainsi que d\u2019autres modifications axonales. Cependant, 2 semaines d\u2019IBMT ont r\u00e9duit l\u2019AD, mais pas la RD ni la FA, et ont am\u00e9lior\u00e9 l\u2019humeur. Nos r\u00e9sultats illustrent l\u2019\u00e9volution dans le temps de la neuroplasticit\u00e9 de la substance blanche au cours d\u2019une m\u00e9ditation de courte dur\u00e9e. Ce sch\u00e9ma dynamique de modifications de la substance blanche, impliquant le cortex cingulaire ant\u00e9rieur \u2014 partie du r\u00e9seau c\u00e9r\u00e9bral associ\u00e9 \u00e0 l\u2019autor\u00e9gulation \u2014, pourrait constituer un moyen d\u2019intervenir pour am\u00e9liorer ou pr\u00e9venir les troubles mentaux.<\/p>\n\n\n\n<p><a href=\"https:\/\/alphalearning.com\/fr\/neurofeedback-meditation-soulagement-stress\/#stress-relief-through-eeg-guided-meditation\">D\u00e9couvrez comment obtenir ces r\u00e9sultats gr\u00e2ce au cours Alphalearning International<\/a><\/p>\n\n\n\n<p class=\"has-text-align-right\"><a href=\"https:\/\/alphalearning.com\/wp-content\/uploads\/2024\/04\/alphalearning-mechanisms-of-white-matter-changes-induced-by-meditation.pdf\" target=\"_blank\" rel=\"noreferrer noopener nofollow\">T\u00e9l\u00e9chargez l\u2019article complet au format PDF<\/a><\/p>\n<\/div><\/div>\n","protected":false},"excerpt":{"rendered":"<p>M\u00e9canismes des modifications de la substance blanche induites par la m\u00e9ditation \u00c0 l&#8217;aide de l\u2019imagerie par tenseur de diffusion, plusieurs [&hellip;]<\/p>\n","protected":false},"author":2,"featured_media":0,"parent":13316,"menu_order":0,"comment_status":"closed","ping_status":"closed","template":"","meta":{"_uag_custom_page_level_css":"","site-sidebar-layout":"default","site-content-layout":"","ast-site-content-layout":"default","site-content-style":"default","site-sidebar-style":"default","ast-global-header-display":"","ast-banner-title-visibility":"","ast-main-header-display":"","ast-hfb-above-header-display":"","ast-hfb-below-header-display":"","ast-hfb-mobile-header-display":"","site-post-title":"disabled","ast-breadcrumbs-content":"","ast-featured-img":"","footer-sml-layout":"","ast-disable-related-posts":"","theme-transparent-header-meta":"","adv-header-id-meta":"","stick-header-meta":"","header-above-stick-meta":"","header-main-stick-meta":"","header-below-stick-meta":"","astra-migrate-meta-layouts":"default","ast-page-background-enabled":"default","ast-page-background-meta":{"desktop":{"background-color":"var(--ast-global-color-4)","background-image":"","background-repeat":"repeat","background-position":"center center","background-size":"auto","background-attachment":"scroll","background-type":"","background-media":"","overlay-type":"","overlay-color":"","overlay-opacity":"","overlay-gradient":""},"tablet":{"background-color":"","background-image":"","background-repeat":"repeat","background-position":"center center","background-size":"auto","background-attachment":"scroll","background-type":"","background-media":"","overlay-type":"","overlay-color":"","overlay-opacity":"","overlay-gradient":""},"mobile":{"background-color":"","background-image":"","background-repeat":"repeat","background-position":"center center","background-size":"auto","background-attachment":"scroll","background-type":"","background-media":"","overlay-type":"","overlay-color":"","overlay-opacity":"","overlay-gradient":""}},"ast-content-background-meta":{"desktop":{"background-color":"var(--ast-global-color-5)","background-image":"","background-repeat":"repeat","background-position":"center center","background-size":"auto","background-attachment":"scroll","background-type":"","background-media":"","overlay-type":"","overlay-color":"","overlay-opacity":"","overlay-gradient":""},"tablet":{"background-color":"var(--ast-global-color-5)","background-image":"","background-repeat":"repeat","background-position":"center center","background-size":"auto","background-attachment":"scroll","background-type":"","background-media":"","overlay-type":"","overlay-color":"","overlay-opacity":"","overlay-gradient":""},"mobile":{"background-color":"var(--ast-global-color-5)","background-image":"","background-repeat":"repeat","background-position":"center center","background-size":"auto","background-attachment":"scroll","background-type":"","background-media":"","overlay-type":"","overlay-color":"","overlay-opacity":"","overlay-gradient":""}},"footnotes":""},"class_list":["post-13346","page","type-page","status-publish","hentry"],"yoast_head":"<!-- This site is optimized with the Yoast SEO plugin v27.1.1 - https:\/\/yoast.com\/product\/yoast-seo-wordpress\/ -->\n<title>Substance blanche et m\u00e9ditation : exploration scientifique<\/title>\n<meta name=\"description\" content=\"D\u00e9couvrez comment un entra\u00eenement de pleine conscience de courte dur\u00e9e renforce l\u2019efficacit\u00e9 de la substance blanche et pr\u00e9vient les troubles mentaux.\" \/>\n<meta name=\"robots\" content=\"index, follow, max-snippet:-1, max-image-preview:large, max-video-preview:-1\" \/>\n<link rel=\"canonical\" href=\"https:\/\/alphalearning.com\/fr\/neurofeedback-meditation-soulagement-stress\/mechanismes-modification-substance-blanche-induite-meditation\/\" \/>\n<meta property=\"og:locale\" content=\"fr_FR\" \/>\n<meta property=\"og:type\" content=\"article\" \/>\n<meta property=\"og:title\" content=\"Substance blanche et m\u00e9ditation : exploration scientifique\" \/>\n<meta property=\"og:description\" content=\"D\u00e9couvrez comment un entra\u00eenement de pleine conscience de courte dur\u00e9e renforce l\u2019efficacit\u00e9 de la substance blanche et pr\u00e9vient les troubles mentaux.\" \/>\n<meta property=\"og:url\" content=\"https:\/\/alphalearning.com\/fr\/neurofeedback-meditation-soulagement-stress\/mechanismes-modification-substance-blanche-induite-meditation\/\" \/>\n<meta property=\"og:site_name\" content=\"Alphalearning International\" \/>\n<meta property=\"article:modified_time\" content=\"2025-03-01T13:21:49+00:00\" \/>\n<meta property=\"og:image\" content=\"https:\/\/alphalearning.com\/wp-content\/uploads\/2024\/04\/alphalearning-logo_red_1200x675px.png\" \/>\n\t<meta property=\"og:image:width\" content=\"1200\" \/>\n\t<meta property=\"og:image:height\" content=\"675\" \/>\n\t<meta property=\"og:image:type\" content=\"image\/png\" \/>\n<meta name=\"twitter:card\" content=\"summary_large_image\" \/>\n<meta name=\"twitter:label1\" content=\"Est. reading time\" \/>\n\t<meta name=\"twitter:data1\" content=\"2 minutes\" \/>\n<!-- \/ Yoast SEO plugin. -->","yoast_head_json":{"title":"Substance blanche et m\u00e9ditation : exploration scientifique","description":"D\u00e9couvrez comment un entra\u00eenement de pleine conscience de courte dur\u00e9e renforce l\u2019efficacit\u00e9 de la substance blanche et pr\u00e9vient les troubles mentaux.","robots":{"index":"index","follow":"follow","max-snippet":"max-snippet:-1","max-image-preview":"max-image-preview:large","max-video-preview":"max-video-preview:-1"},"canonical":"https:\/\/alphalearning.com\/fr\/neurofeedback-meditation-soulagement-stress\/mechanismes-modification-substance-blanche-induite-meditation\/","og_locale":"fr_FR","og_type":"article","og_title":"Substance blanche et m\u00e9ditation : exploration scientifique","og_description":"D\u00e9couvrez comment un entra\u00eenement de pleine conscience de courte dur\u00e9e renforce l\u2019efficacit\u00e9 de la substance blanche et pr\u00e9vient les troubles mentaux.","og_url":"https:\/\/alphalearning.com\/fr\/neurofeedback-meditation-soulagement-stress\/mechanismes-modification-substance-blanche-induite-meditation\/","og_site_name":"Alphalearning International","article_modified_time":"2025-03-01T13:21:49+00:00","og_image":[{"width":1200,"height":675,"url":"https:\/\/alphalearning.com\/wp-content\/uploads\/2024\/04\/alphalearning-logo_red_1200x675px.png","type":"image\/png"}],"twitter_card":"summary_large_image","twitter_misc":{"Est. reading time":"2 minutes"},"schema":{"@context":"https:\/\/schema.org","@graph":[{"@type":"WebPage","@id":"https:\/\/alphalearning.com\/fr\/neurofeedback-meditation-soulagement-stress\/mechanismes-modification-substance-blanche-induite-meditation\/","url":"https:\/\/alphalearning.com\/fr\/neurofeedback-meditation-soulagement-stress\/mechanismes-modification-substance-blanche-induite-meditation\/","name":"Substance blanche et m\u00e9ditation : exploration scientifique","isPartOf":{"@id":"https:\/\/alphalearning.com\/fr\/#website"},"datePublished":"2024-03-27T16:41:34+00:00","dateModified":"2025-03-01T13:21:49+00:00","description":"D\u00e9couvrez comment un entra\u00eenement de pleine conscience de courte dur\u00e9e renforce l\u2019efficacit\u00e9 de la substance blanche et pr\u00e9vient les troubles mentaux.","breadcrumb":{"@id":"https:\/\/alphalearning.com\/fr\/neurofeedback-meditation-soulagement-stress\/mechanismes-modification-substance-blanche-induite-meditation\/#breadcrumb"},"inLanguage":"fr","potentialAction":[{"@type":"ReadAction","target":["https:\/\/alphalearning.com\/fr\/neurofeedback-meditation-soulagement-stress\/mechanismes-modification-substance-blanche-induite-meditation\/"]}]},{"@type":"BreadcrumbList","@id":"https:\/\/alphalearning.com\/fr\/neurofeedback-meditation-soulagement-stress\/mechanismes-modification-substance-blanche-induite-meditation\/#breadcrumb","itemListElement":[{"@type":"ListItem","position":1,"name":"Home","item":"https:\/\/alphalearning.com\/fr\/"},{"@type":"ListItem","position":2,"name":"M\u00e9ditation et Soulagement du Stress gr\u00e2ce au Neurofeedback","item":"https:\/\/alphalearning.com\/fr\/neurofeedback-meditation-soulagement-stress\/"},{"@type":"ListItem","position":3,"name":"M\u00e9canismes des Modifications de la Substance Blanche induites par la M\u00e9ditation"}]},{"@type":"WebSite","@id":"https:\/\/alphalearning.com\/fr\/#website","url":"https:\/\/alphalearning.com\/fr\/","name":"Alphalearning International","description":"the brain training institute","publisher":{"@id":"https:\/\/alphalearning.com\/fr\/#organization"},"potentialAction":[{"@type":"SearchAction","target":{"@type":"EntryPoint","urlTemplate":"https:\/\/alphalearning.com\/fr\/?s={search_term_string}"},"query-input":{"@type":"PropertyValueSpecification","valueRequired":true,"valueName":"search_term_string"}}],"inLanguage":"fr"},{"@type":"Organization","@id":"https:\/\/alphalearning.com\/fr\/#organization","name":"Alphalearning International","url":"https:\/\/alphalearning.com\/fr\/","logo":{"@type":"ImageObject","inLanguage":"fr","@id":"https:\/\/alphalearning.com\/fr\/#\/schema\/logo\/image\/","url":"https:\/\/alphalearning.com\/wp-content\/uploads\/2024\/03\/alphalearning_ico2_512px.png","contentUrl":"https:\/\/alphalearning.com\/wp-content\/uploads\/2024\/03\/alphalearning_ico2_512px.png","width":512,"height":512,"caption":"Alphalearning International"},"image":{"@id":"https:\/\/alphalearning.com\/fr\/#\/schema\/logo\/image\/"}}]}},"uagb_featured_image_src":{"full":false,"thumbnail":false,"medium":false,"medium_large":false,"large":false,"1536x1536":false,"2048x2048":false,"gform-image-choice-sm":false,"gform-image-choice-md":false,"gform-image-choice-lg":false},"uagb_author_info":{"display_name":"Julio Machado","author_link":"https:\/\/alphalearning.com\/fr\/author\/julio-machado\/"},"uagb_comment_info":0,"uagb_excerpt":"M\u00e9canismes des modifications de la substance blanche induites par la m\u00e9ditation \u00c0 l&#8217;aide de l\u2019imagerie par tenseur de diffusion, plusieurs [&hellip;]","_links":{"self":[{"href":"https:\/\/alphalearning.com\/fr\/wp-json\/wp\/v2\/pages\/13346","targetHints":{"allow":["GET"]}}],"collection":[{"href":"https:\/\/alphalearning.com\/fr\/wp-json\/wp\/v2\/pages"}],"about":[{"href":"https:\/\/alphalearning.com\/fr\/wp-json\/wp\/v2\/types\/page"}],"author":[{"embeddable":true,"href":"https:\/\/alphalearning.com\/fr\/wp-json\/wp\/v2\/users\/2"}],"replies":[{"embeddable":true,"href":"https:\/\/alphalearning.com\/fr\/wp-json\/wp\/v2\/comments?post=13346"}],"version-history":[{"count":4,"href":"https:\/\/alphalearning.com\/fr\/wp-json\/wp\/v2\/pages\/13346\/revisions"}],"predecessor-version":[{"id":15403,"href":"https:\/\/alphalearning.com\/fr\/wp-json\/wp\/v2\/pages\/13346\/revisions\/15403"}],"up":[{"embeddable":true,"href":"https:\/\/alphalearning.com\/fr\/wp-json\/wp\/v2\/pages\/13316"}],"wp:attachment":[{"href":"https:\/\/alphalearning.com\/fr\/wp-json\/wp\/v2\/media?parent=13346"}],"curies":[{"name":"wp","href":"https:\/\/api.w.org\/{rel}","templated":true}]}}