{"id":13329,"date":"2024-03-27T16:40:53","date_gmt":"2024-03-27T16:40:53","guid":{"rendered":"https:\/\/alphalearning.com\/retroaction-neurologique-meditation-soulagement-stress\/age-defying-effects-of-long-term-meditation-on-gray-matter-atrophy\/"},"modified":"2025-01-29T14:00:31","modified_gmt":"2025-01-29T14:00:31","slug":"effets-anti-vieillissement-meditation-long-terme-matiere-grise","status":"publish","type":"page","link":"https:\/\/alphalearning.com\/fr\/neurofeedback-meditation-soulagement-stress\/effets-anti-vieillissement-meditation-long-terme-matiere-grise\/","title":{"rendered":"Effets Anti-Vieillissement de la M\u00e9ditation \u00e0 Long Terme sur l&#8217;Atrophie de la Mati\u00e8re Grise"},"content":{"rendered":"\n<div class=\"wp-block-uagb-advanced-heading uagb-block-45bc08c7\"><h1 class=\"uagb-heading-text\">Forever Young(er) : effets potentiels anti-\u00e2ge de la m\u00e9ditation \u00e0 long terme sur l\u2019atrophie de la mati\u00e8re grise<\/h1><\/div>\n\n\n\n<div class=\"wp-block-uagb-container uagb-block-bf846846 alignfull uagb-is-root-container\"><div class=\"uagb-container-inner-blocks-wrap\">\n<p>Depuis 1970, l\u2019esp\u00e9rance de vie dans le monde a augment\u00e9 de fa\u00e7on spectaculaire, les gens vivant plus de dix ans de plus. C\u2019est la bonne nouvelle.<\/p>\n\n\n\n<p>La mauvaise nouvelle est qu\u2019\u00e0 partir du milieu ou de la fin de la vingtaine, le cerveau commence \u00e0 s\u2019atrophier \u2014 son volume et son poids se mettent \u00e0 diminuer. Au fur et \u00e0 mesure, le cerveau peut commencer \u00e0 perdre certaines de ses capacit\u00e9s fonctionnelles.<\/p>\n\n\n\n<p>Par cons\u00e9quent, bien que les gens vivent plus longtemps, les ann\u00e9es gagn\u00e9es s\u2019accompagnent souvent d\u2019un risque accru de maladies mentales et de maladies neurod\u00e9g\u00e9n\u00e9ratives.<\/p>\n\n\n\n<p>Heureusement, une nouvelle \u00e9tude montre que la m\u00e9ditation pourrait \u00eatre un moyen de minimiser ces risques.<\/p>\n\n\n\n<p>En s\u2019appuyant sur leurs travaux ant\u00e9rieurs, qui sugg\u00e9raient que les personnes qui m\u00e9ditent pr\u00e9sentent moins d\u2019atrophie li\u00e9e \u00e0 l\u2019\u00e2ge dans la substance blanche du cerveau, cette nouvelle \u00e9tude men\u00e9e par des chercheurs de l\u2019Universit\u00e9 de Californie \u00e0 Los Angeles (UCLA) a r\u00e9v\u00e9l\u00e9 que la m\u00e9ditation semblait contribuer \u00e0 pr\u00e9server la mati\u00e8re grise du cerveau, qui contient les neurones.<\/p>\n\n\n\n<p>Les scientifiques se sont pench\u00e9s sp\u00e9cifiquement sur le lien entre l\u2019\u00e2ge et la mati\u00e8re grise. Ils ont compar\u00e9 50 personnes qui m\u00e9ditaient depuis des ann\u00e9es et 50 autres qui ne le faisaient pas. Dans les deux groupes, on a constat\u00e9 une diminution de la mati\u00e8re grise au fil du temps. Toutefois, les chercheurs ont observ\u00e9 que, chez les m\u00e9ditants, le volume de mati\u00e8re grise ne diminuait pas autant que chez ceux qui ne m\u00e9ditaient pas.<\/p>\n\n\n\n<p>Le Dr Florian Kurth, co-auteur de l\u2019\u00e9tude et chercheur postdoctoral au UCLA Brain Mapping Center, a d\u00e9clar\u00e9 que les chercheurs avaient \u00e9t\u00e9 surpris par l\u2019ampleur de la diff\u00e9rence. <\/p>\n\n\n\n<p><em>\u00ab Nous nous attendions plut\u00f4t \u00e0 de petits effets, limit\u00e9s \u00e0 certaines r\u00e9gions qui avaient d\u00e9j\u00e0 \u00e9t\u00e9 associ\u00e9es \u00e0 la m\u00e9ditation \u00bb<\/em>, a-t-il expliqu\u00e9. <em>\u00ab Au lieu de cela, nous avons observ\u00e9 un effet beaucoup plus \u00e9tendu de la m\u00e9ditation, qui englobait des r\u00e9gions dans l\u2019ensemble du cerveau. \u00bb<\/em><\/p>\n\n\n\n<div class=\"wp-block-uagb-image aligncenter uagb-block-cb1a058b wp-block-uagb-image--layout-default wp-block-uagb-image--effect-static wp-block-uagb-image--align-center\"><figure class=\"wp-block-uagb-image__figure\"><img decoding=\"async\" srcset=\"https:\/\/alphalearning.com\/wp-content\/uploads\/2024\/04\/group-by-age-interactions-gray-matter.jpg ,https:\/\/alphalearning.com\/wp-content\/uploads\/2024\/04\/group-by-age-interactions-gray-matter.jpg 780w, https:\/\/alphalearning.com\/wp-content\/uploads\/2024\/04\/group-by-age-interactions-gray-matter.jpg 360w\" sizes=\"auto, (max-width: 480px) 150px\" src=\"https:\/\/alphalearning.com\/wp-content\/uploads\/2024\/04\/group-by-age-interactions-gray-matter.jpg\" alt=\"\" class=\"uag-image-713\" width=\"586\" height=\"102\" title=\"\" loading=\"lazy\" role=\"img\"\/><figcaption class=\"uagb-image-caption\"><em>Zones o\u00f9 les corr\u00e9lations entre la mati\u00e8re grise locale et l\u2019\u00e2ge diff\u00e8rent de mani\u00e8re significative entre les m\u00e9ditants et les t\u00e9moins.<\/em><\/figcaption><\/figure><\/div>\n\n\n\n<p>Au fil des ann\u00e9es, Alphalearning a constat\u00e9, gr\u00e2ce \u00e0 son approche unique du Neurofeedback et de l\u2019entra\u00eenement c\u00e9r\u00e9bral, que la ma\u00eetrise et l\u2019\u00e9quilibre des ondes c\u00e9r\u00e9brales sont la cl\u00e9 de la r\u00e9solution de divers dysfonctionnements li\u00e9s au champ bio\u00e9lectrique du cerveau. La <a href=\"https:\/\/alphalearning.com\/fr\/peut-on-guerir-dyslexie\/\">dyslexie<\/a> et le <a href=\"https:\/\/alphalearning.com\/neurofeedback-and-adhd\/\">TDAH<\/a>, <a href=\"https:\/\/alphalearning.com\/birth-problems\/\">troubles d\u00e9coulant de probl\u00e8mes \u00e0 la naissance<\/a>, la fibromyalgie ainsi que la <a href=\"https:\/\/alphalearning.com\/fr\/trouble-spectre-autistique\/application-neurofeedback-trouble-spectre-autisme\/\">r\u00e9duction des sympt\u00f4mes associ\u00e9s au spectre de l\u2019autisme<\/a> ne sont que quelques exemples parmi tant d\u2019autres.<\/p>\n\n\n\n<p><a href=\"https:\/\/alphalearning.com\/fr\/neurofeedback-meditation-soulagement-stress\/#stress-relief-through-eeg-guided-meditation\">D\u00e9couvrez comment parvenir \u00e0 ces r\u00e9sultats gr\u00e2ce au Cours Apprendre \u00e0 Apprendre d\u2019Alphalearning International.<\/a><\/p>\n\n\n\n<p class=\"has-text-align-right\"><a href=\"https:\/\/alphalearning.com\/servepdf.php?year=2024&amp;month=04&amp;file=alphalearning-forever-younger-potential-age-defying-effects-of-long-term-meditation-on-gray-matter-atrophy.pdf\" target=\"_blank\" rel=\"noreferrer noopener nofollow\">T\u00e9l\u00e9chargez l\u2019int\u00e9gralit\u00e9 de l\u2019article au format PDF.<\/a><\/p>\n<\/div><\/div>\n","protected":false},"excerpt":{"rendered":"<p>Forever Young(er) : effets potentiels anti-\u00e2ge de la m\u00e9ditation \u00e0 long terme sur l\u2019atrophie de la mati\u00e8re grise Depuis 1970, [&hellip;]<\/p>\n","protected":false},"author":2,"featured_media":0,"parent":13316,"menu_order":341,"comment_status":"closed","ping_status":"closed","template":"","meta":{"_uag_custom_page_level_css":"","site-sidebar-layout":"default","site-content-layout":"","ast-site-content-layout":"default","site-content-style":"default","site-sidebar-style":"default","ast-global-header-display":"","ast-banner-title-visibility":"","ast-main-header-display":"","ast-hfb-above-header-display":"","ast-hfb-below-header-display":"","ast-hfb-mobile-header-display":"","site-post-title":"disabled","ast-breadcrumbs-content":"","ast-featured-img":"","footer-sml-layout":"","ast-disable-related-posts":"","theme-transparent-header-meta":"","adv-header-id-meta":"","stick-header-meta":"","header-above-stick-meta":"","header-main-stick-meta":"","header-below-stick-meta":"","astra-migrate-meta-layouts":"default","ast-page-background-enabled":"default","ast-page-background-meta":{"desktop":{"background-color":"var(--ast-global-color-4)","background-image":"","background-repeat":"repeat","background-position":"center center","background-size":"auto","background-attachment":"scroll","background-type":"","background-media":"","overlay-type":"","overlay-color":"","overlay-opacity":"","overlay-gradient":""},"tablet":{"background-color":"","background-image":"","background-repeat":"repeat","background-position":"center center","background-size":"auto","background-attachment":"scroll","background-type":"","background-media":"","overlay-type":"","overlay-color":"","overlay-opacity":"","overlay-gradient":""},"mobile":{"background-color":"","background-image":"","background-repeat":"repeat","background-position":"center center","background-size":"auto","background-attachment":"scroll","background-type":"","background-media":"","overlay-type":"","overlay-color":"","overlay-opacity":"","overlay-gradient":""}},"ast-content-background-meta":{"desktop":{"background-color":"var(--ast-global-color-5)","background-image":"","background-repeat":"repeat","background-position":"center center","background-size":"auto","background-attachment":"scroll","background-type":"","background-media":"","overlay-type":"","overlay-color":"","overlay-opacity":"","overlay-gradient":""},"tablet":{"background-color":"var(--ast-global-color-5)","background-image":"","background-repeat":"repeat","background-position":"center center","background-size":"auto","background-attachment":"scroll","background-type":"","background-media":"","overlay-type":"","overlay-color":"","overlay-opacity":"","overlay-gradient":""},"mobile":{"background-color":"var(--ast-global-color-5)","background-image":"","background-repeat":"repeat","background-position":"center center","background-size":"auto","background-attachment":"scroll","background-type":"","background-media":"","overlay-type":"","overlay-color":"","overlay-opacity":"","overlay-gradient":""}},"footnotes":""},"class_list":["post-13329","page","type-page","status-publish","hentry"],"yoast_head":"<!-- This site is optimized with the Yoast SEO plugin v27.1.1 - https:\/\/yoast.com\/product\/yoast-seo-wordpress\/ -->\n<title>Pouvoir anti-\u00e2ge: la m\u00e9ditation \u00e0 long terme | Alphalearning<\/title>\n<meta name=\"description\" content=\"D\u00e9couvrez comment la m\u00e9ditation \u00e0 long terme pr\u00e9serve la mati\u00e8re grise et combat le vieillissement. En savoir plus avec l\u2019entra\u00eenement avanc\u00e9 d\u2019Alphalearning.\" \/>\n<meta name=\"robots\" content=\"index, follow, max-snippet:-1, max-image-preview:large, max-video-preview:-1\" \/>\n<link rel=\"canonical\" href=\"https:\/\/alphalearning.com\/fr\/neurofeedback-meditation-soulagement-stress\/effets-anti-vieillissement-meditation-long-terme-matiere-grise\/\" \/>\n<meta property=\"og:locale\" content=\"fr_FR\" \/>\n<meta property=\"og:type\" content=\"article\" \/>\n<meta property=\"og:title\" content=\"Pouvoir anti-\u00e2ge: la m\u00e9ditation \u00e0 long terme | Alphalearning\" \/>\n<meta property=\"og:description\" content=\"D\u00e9couvrez comment la m\u00e9ditation \u00e0 long terme pr\u00e9serve la mati\u00e8re grise et combat le vieillissement. En savoir plus avec l\u2019entra\u00eenement avanc\u00e9 d\u2019Alphalearning.\" \/>\n<meta property=\"og:url\" content=\"https:\/\/alphalearning.com\/fr\/neurofeedback-meditation-soulagement-stress\/effets-anti-vieillissement-meditation-long-terme-matiere-grise\/\" \/>\n<meta property=\"og:site_name\" content=\"Alphalearning International\" \/>\n<meta property=\"article:modified_time\" content=\"2025-01-29T14:00:31+00:00\" \/>\n<meta property=\"og:image\" content=\"https:\/\/alphalearning.com\/wp-content\/uploads\/2024\/04\/group-by-age-interactions-gray-matter.jpg\" \/>\n<meta name=\"twitter:card\" content=\"summary_large_image\" \/>\n<meta name=\"twitter:label1\" content=\"Est. reading time\" \/>\n\t<meta name=\"twitter:data1\" content=\"3 minutes\" \/>\n<!-- \/ Yoast SEO plugin. -->","yoast_head_json":{"title":"Pouvoir anti-\u00e2ge: la m\u00e9ditation \u00e0 long terme | Alphalearning","description":"D\u00e9couvrez comment la m\u00e9ditation \u00e0 long terme pr\u00e9serve la mati\u00e8re grise et combat le vieillissement. En savoir plus avec l\u2019entra\u00eenement avanc\u00e9 d\u2019Alphalearning.","robots":{"index":"index","follow":"follow","max-snippet":"max-snippet:-1","max-image-preview":"max-image-preview:large","max-video-preview":"max-video-preview:-1"},"canonical":"https:\/\/alphalearning.com\/fr\/neurofeedback-meditation-soulagement-stress\/effets-anti-vieillissement-meditation-long-terme-matiere-grise\/","og_locale":"fr_FR","og_type":"article","og_title":"Pouvoir anti-\u00e2ge: la m\u00e9ditation \u00e0 long terme | Alphalearning","og_description":"D\u00e9couvrez comment la m\u00e9ditation \u00e0 long terme pr\u00e9serve la mati\u00e8re grise et combat le vieillissement. En savoir plus avec l\u2019entra\u00eenement avanc\u00e9 d\u2019Alphalearning.","og_url":"https:\/\/alphalearning.com\/fr\/neurofeedback-meditation-soulagement-stress\/effets-anti-vieillissement-meditation-long-terme-matiere-grise\/","og_site_name":"Alphalearning International","article_modified_time":"2025-01-29T14:00:31+00:00","og_image":[{"url":"https:\/\/alphalearning.com\/wp-content\/uploads\/2024\/04\/group-by-age-interactions-gray-matter.jpg","type":"","width":"","height":""}],"twitter_card":"summary_large_image","twitter_misc":{"Est. reading time":"3 minutes"},"schema":{"@context":"https:\/\/schema.org","@graph":[{"@type":"WebPage","@id":"https:\/\/alphalearning.com\/fr\/neurofeedback-meditation-soulagement-stress\/effets-anti-vieillissement-meditation-long-terme-matiere-grise\/","url":"https:\/\/alphalearning.com\/fr\/neurofeedback-meditation-soulagement-stress\/effets-anti-vieillissement-meditation-long-terme-matiere-grise\/","name":"Pouvoir anti-\u00e2ge: la m\u00e9ditation \u00e0 long terme | Alphalearning","isPartOf":{"@id":"https:\/\/alphalearning.com\/fr\/#website"},"primaryImageOfPage":{"@id":"https:\/\/alphalearning.com\/fr\/neurofeedback-meditation-soulagement-stress\/effets-anti-vieillissement-meditation-long-terme-matiere-grise\/#primaryimage"},"image":{"@id":"https:\/\/alphalearning.com\/fr\/neurofeedback-meditation-soulagement-stress\/effets-anti-vieillissement-meditation-long-terme-matiere-grise\/#primaryimage"},"thumbnailUrl":"https:\/\/alphalearning.com\/wp-content\/uploads\/2024\/04\/group-by-age-interactions-gray-matter.jpg","datePublished":"2024-03-27T16:40:53+00:00","dateModified":"2025-01-29T14:00:31+00:00","description":"D\u00e9couvrez comment la m\u00e9ditation \u00e0 long terme pr\u00e9serve la mati\u00e8re grise et combat le vieillissement. En savoir plus avec l\u2019entra\u00eenement avanc\u00e9 d\u2019Alphalearning.","breadcrumb":{"@id":"https:\/\/alphalearning.com\/fr\/neurofeedback-meditation-soulagement-stress\/effets-anti-vieillissement-meditation-long-terme-matiere-grise\/#breadcrumb"},"inLanguage":"fr","potentialAction":[{"@type":"ReadAction","target":["https:\/\/alphalearning.com\/fr\/neurofeedback-meditation-soulagement-stress\/effets-anti-vieillissement-meditation-long-terme-matiere-grise\/"]}]},{"@type":"ImageObject","inLanguage":"fr","@id":"https:\/\/alphalearning.com\/fr\/neurofeedback-meditation-soulagement-stress\/effets-anti-vieillissement-meditation-long-terme-matiere-grise\/#primaryimage","url":"https:\/\/alphalearning.com\/wp-content\/uploads\/2024\/04\/group-by-age-interactions-gray-matter.jpg","contentUrl":"https:\/\/alphalearning.com\/wp-content\/uploads\/2024\/04\/group-by-age-interactions-gray-matter.jpg"},{"@type":"BreadcrumbList","@id":"https:\/\/alphalearning.com\/fr\/neurofeedback-meditation-soulagement-stress\/effets-anti-vieillissement-meditation-long-terme-matiere-grise\/#breadcrumb","itemListElement":[{"@type":"ListItem","position":1,"name":"Home","item":"https:\/\/alphalearning.com\/fr\/"},{"@type":"ListItem","position":2,"name":"M\u00e9ditation et Soulagement du Stress gr\u00e2ce au Neurofeedback","item":"https:\/\/alphalearning.com\/fr\/neurofeedback-meditation-soulagement-stress\/"},{"@type":"ListItem","position":3,"name":"Effets Anti-Vieillissement de la M\u00e9ditation \u00e0 Long Terme sur l&#8217;Atrophie de la Mati\u00e8re Grise"}]},{"@type":"WebSite","@id":"https:\/\/alphalearning.com\/fr\/#website","url":"https:\/\/alphalearning.com\/fr\/","name":"Alphalearning International","description":"the brain training institute","publisher":{"@id":"https:\/\/alphalearning.com\/fr\/#organization"},"potentialAction":[{"@type":"SearchAction","target":{"@type":"EntryPoint","urlTemplate":"https:\/\/alphalearning.com\/fr\/?s={search_term_string}"},"query-input":{"@type":"PropertyValueSpecification","valueRequired":true,"valueName":"search_term_string"}}],"inLanguage":"fr"},{"@type":"Organization","@id":"https:\/\/alphalearning.com\/fr\/#organization","name":"Alphalearning International","url":"https:\/\/alphalearning.com\/fr\/","logo":{"@type":"ImageObject","inLanguage":"fr","@id":"https:\/\/alphalearning.com\/fr\/#\/schema\/logo\/image\/","url":"https:\/\/alphalearning.com\/wp-content\/uploads\/2024\/03\/alphalearning_ico2_512px.png","contentUrl":"https:\/\/alphalearning.com\/wp-content\/uploads\/2024\/03\/alphalearning_ico2_512px.png","width":512,"height":512,"caption":"Alphalearning International"},"image":{"@id":"https:\/\/alphalearning.com\/fr\/#\/schema\/logo\/image\/"}}]}},"uagb_featured_image_src":{"full":false,"thumbnail":false,"medium":false,"medium_large":false,"large":false,"1536x1536":false,"2048x2048":false,"gform-image-choice-sm":false,"gform-image-choice-md":false,"gform-image-choice-lg":false},"uagb_author_info":{"display_name":"Julio Machado","author_link":"https:\/\/alphalearning.com\/fr\/author\/julio-machado\/"},"uagb_comment_info":0,"uagb_excerpt":"Forever Young(er) : effets potentiels anti-\u00e2ge de la m\u00e9ditation \u00e0 long terme sur l\u2019atrophie de la mati\u00e8re grise Depuis 1970, [&hellip;]","_links":{"self":[{"href":"https:\/\/alphalearning.com\/fr\/wp-json\/wp\/v2\/pages\/13329","targetHints":{"allow":["GET"]}}],"collection":[{"href":"https:\/\/alphalearning.com\/fr\/wp-json\/wp\/v2\/pages"}],"about":[{"href":"https:\/\/alphalearning.com\/fr\/wp-json\/wp\/v2\/types\/page"}],"author":[{"embeddable":true,"href":"https:\/\/alphalearning.com\/fr\/wp-json\/wp\/v2\/users\/2"}],"replies":[{"embeddable":true,"href":"https:\/\/alphalearning.com\/fr\/wp-json\/wp\/v2\/comments?post=13329"}],"version-history":[{"count":2,"href":"https:\/\/alphalearning.com\/fr\/wp-json\/wp\/v2\/pages\/13329\/revisions"}],"predecessor-version":[{"id":14595,"href":"https:\/\/alphalearning.com\/fr\/wp-json\/wp\/v2\/pages\/13329\/revisions\/14595"}],"up":[{"embeddable":true,"href":"https:\/\/alphalearning.com\/fr\/wp-json\/wp\/v2\/pages\/13316"}],"wp:attachment":[{"href":"https:\/\/alphalearning.com\/fr\/wp-json\/wp\/v2\/media?parent=13329"}],"curies":[{"name":"wp","href":"https:\/\/api.w.org\/{rel}","templated":true}]}}