{"id":13308,"date":"2024-03-27T16:39:26","date_gmt":"2024-03-27T16:39:26","guid":{"rendered":"https:\/\/alphalearning.com\/neurofeedback-and-brainwave-system-possibilities\/"},"modified":"2025-03-01T13:36:03","modified_gmt":"2025-03-01T13:36:03","slug":"neurofeedback-possibilites-systeme-brainwave","status":"publish","type":"page","link":"https:\/\/alphalearning.com\/fr\/neurofeedback-possibilites-systeme-brainwave\/","title":{"rendered":"Neurofeedback et Possibilit\u00e9s du Syst\u00e8me Brainwave"},"content":{"rendered":"\n<div class=\"wp-block-uagb-advanced-heading uagb-block-aaf832f1\"><h1 class=\"uagb-heading-text\">Possibilit\u00e9s du Neurofeedback et du Syst\u00e8me Brainwave III<\/h1><\/div>\n\n\n\n<div class=\"wp-block-uagb-container uagb-block-0af584cd alignfull uagb-is-root-container\"><div class=\"uagb-container-inner-blocks-wrap\">\n<div class=\"wp-block-uagb-container uagb-block-8c8ed38f\">\n<div class=\"wp-block-uagb-advanced-heading uagb-block-c6e92ffa\"><h4 class=\"uagb-heading-text\">Solution pour la Dyslexie<\/h4><\/div>\n\n\n\n<p>Apr\u00e8s avoir test\u00e9 le syst\u00e8me sur 500 sujets, il a \u00e9t\u00e9 possible de d\u00e9clarer publiquement en 1995 que la dyslexie est un probl\u00e8me qui a une solution. Cela n\u00e9cessite de 10 \u00e0 30 heures de formation.<br>\u00c0 travers les liens ci-dessous, vous pouvez vous informer et comprendre comment la dyslexie peut \u00eatre soign\u00e9e de mani\u00e8re permanente en 5 jours, sans m\u00e9dicaments et avec de nombreux avantages suppl\u00e9mentaires.<\/p>\n\n\n\n<ul class=\"wp-block-list\">\n<li><a href=\"https:\/\/alphalearning.com\/fr\/peut-on-guerir-dyslexie\/neurofeedback-et-dyslexie\/\">D\u00e9roulement d&#8217;un cours<\/a><\/li>\n\n\n\n<li><a href=\"https:\/\/alphalearning.com\/fr\/peut-on-guerir-dyslexie\/dyslexie-essai-double-aveugle\/\">\u00c9tude en double aveugle<\/a><\/li>\n\n\n\n<li><a href=\"https:\/\/alphalearning.com\/fr\/peut-on-guerir-dyslexie\/dyslexie-etude-cas\/\">\u00c9tude de cas<\/a><\/li>\n\n\n\n<li><a href=\"https:\/\/alphalearning.com\/fr\/commentaires-clients-alphalearning\/citations-de-familles\/julia-lowes\/\">Julia Lowes \u2013 L&#8217;histoire d&#8217;une ancienne dyslexique<\/a><\/li>\n\n\n\n<li><a href=\"https:\/\/alphalearning.com\/fr\/commentaires-clients-alphalearning\/citations-de-familles\/james-douglas\/\">James Douglas (Dyslexie et TDAH)<\/a><\/li>\n\n\n\n<li><a href=\"https:\/\/alphalearning.com\/fr\/commentaires-clients-alphalearning\/citations-de-familles\/dr-h-j-h-richards\/\">H. J. H. Richards, BA, MA (Ed), Ph.D. (Dyslexie et TDAH)<\/a><\/li>\n<\/ul>\n<\/div>\n\n\n\n<div class=\"wp-block-uagb-container uagb-block-7e58f84d\">\n<p>Ma\u00eetriser la capacit\u00e9 de contr\u00f4ler les fr\u00e9quences c\u00e9r\u00e9brales est le meilleur moyen d\u2019atteindre ses propres objectifs dans la vie personnelle, familiale et professionnelle. Les possibilit\u00e9s qu\u2019offrent le neurofeedback et le Syst\u00e8me Brainwave III mentionn\u00e9es ci-dessous ne sont qu\u2019un aper\u00e7u d\u00e9j\u00e0 bien document\u00e9 de ce qu\u2019Alphalearning peut vous aider \u00e0 r\u00e9aliser. Durant le Cours Apprendre \u00e0 Apprendre, le client apprend comment appliquer toutes les techniques abord\u00e9es sur des th\u00e8mes tels que :<\/p>\n\n\n\n<ul class=\"wp-block-list\">\n<li><a href=\"https:\/\/alphalearning.com\/fr\/trouble-spectre-autistique\/\">Trouble du spectre autistique<\/a><\/li>\n\n\n\n<li><a href=\"https:\/\/alphalearning.com\/fr\/peut-on-guerir-dyslexie\/\">Solution de la dyslexie<\/a>&nbsp;(voir plus de liens dans la barre lat\u00e9rale)<\/li>\n\n\n\n<li><a href=\"https:\/\/alphalearning.com\/neurofeedback-meditation-stress-relief\/\">M\u00e9ditation et r\u00e9duction du stress gr\u00e2ce au neurofeedback<\/a><\/li>\n\n\n\n<li><a href=\"https:\/\/alphalearning.com\/neurofeedback\/\">Neurofeedback<\/a><\/li>\n\n\n\n<li><a href=\"https:\/\/alphalearning.com\/fr\/performance-academique\/\">Performance acad\u00e9mique<\/a><\/li>\n\n\n\n<li><a href=\"https:\/\/alphalearning.com\/neurofeedback-and-adhd\/\">Solution du TDAH<\/a><\/li>\n\n\n\n<li>Am\u00e9lioration de la m\u00e9moire et de la concentration<\/li>\n\n\n\n<li>Prise de d\u00e9cision et r\u00e9solution de conflits<\/li>\n\n\n\n<li>Lecture rapide et prise de notes neuronale<\/li>\n\n\n\n<li>Performance artistique<\/li>\n\n\n\n<li><a href=\"https:\/\/alphalearning.com\/neurofeedback-athletics-and-sports\/\">Athl\u00e9tisme et sports<\/a><\/li>\n\n\n\n<li>Gestion du stress<\/li>\n\n\n\n<li>Fibromyalgie, contr\u00f4le de la douleur et relaxation physique<\/li>\n\n\n\n<li>\u00c9quilibre physique et mental<\/li>\n\n\n\n<li>Expansion du r\u00e9seau neuronal (plus grande perspicacit\u00e9 et cr\u00e9ativit\u00e9)<\/li>\n\n\n\n<li><a href=\"https:\/\/alphalearning.com\/birth-problems\/\">R\u00e9solution de troubles li\u00e9s \u00e0 des probl\u00e8mes de naissance<\/a><\/li>\n\n\n\n<li>Correction de handicaps intellectuels pour am\u00e9liorer le QI \u00e0 son v\u00e9ritable potentiel<\/li>\n<\/ul>\n\n\n\n<p>De nombreuses autres activit\u00e9s sont am\u00e9lior\u00e9es et bien des situations sont r\u00e9solues gr\u00e2ce au contr\u00f4le des fr\u00e9quences c\u00e9r\u00e9brales. Si vous n\u2019avez pas trouv\u00e9 votre objectif dans la liste ci-dessus ou si vous n\u2019\u00eates pas certain(e) que cette formation vous convienne, <a href=\"https:\/\/alphalearning.com\/fr\/contact\/\">veuillez nous contacter<\/a> pour confirmer si nous pouvons vous aider ou non.<\/p>\n<\/div>\n<\/div><\/div>\n","protected":false},"excerpt":{"rendered":"<p>Possibilit\u00e9s du Neurofeedback et du Syst\u00e8me Brainwave III Solution pour la Dyslexie Apr\u00e8s avoir test\u00e9 le syst\u00e8me sur 500 sujets, [&hellip;]<\/p>\n","protected":false},"author":2,"featured_media":0,"parent":0,"menu_order":300,"comment_status":"closed","ping_status":"closed","template":"","meta":{"_uag_custom_page_level_css":"","site-sidebar-layout":"default","site-content-layout":"","ast-site-content-layout":"default","site-content-style":"default","site-sidebar-style":"default","ast-global-header-display":"","ast-banner-title-visibility":"","ast-main-header-display":"","ast-hfb-above-header-display":"","ast-hfb-below-header-display":"","ast-hfb-mobile-header-display":"","site-post-title":"disabled","ast-breadcrumbs-content":"","ast-featured-img":"","footer-sml-layout":"","ast-disable-related-posts":"","theme-transparent-header-meta":"","adv-header-id-meta":"","stick-header-meta":"","header-above-stick-meta":"","header-main-stick-meta":"","header-below-stick-meta":"","astra-migrate-meta-layouts":"default","ast-page-background-enabled":"default","ast-page-background-meta":{"desktop":{"background-color":"var(--ast-global-color-4)","background-image":"","background-repeat":"repeat","background-position":"center center","background-size":"auto","background-attachment":"scroll","background-type":"","background-media":"","overlay-type":"","overlay-color":"","overlay-opacity":"","overlay-gradient":""},"tablet":{"background-color":"","background-image":"","background-repeat":"repeat","background-position":"center center","background-size":"auto","background-attachment":"scroll","background-type":"","background-media":"","overlay-type":"","overlay-color":"","overlay-opacity":"","overlay-gradient":""},"mobile":{"background-color":"","background-image":"","background-repeat":"repeat","background-position":"center center","background-size":"auto","background-attachment":"scroll","background-type":"","background-media":"","overlay-type":"","overlay-color":"","overlay-opacity":"","overlay-gradient":""}},"ast-content-background-meta":{"desktop":{"background-color":"var(--ast-global-color-5)","background-image":"","background-repeat":"repeat","background-position":"center center","background-size":"auto","background-attachment":"scroll","background-type":"","background-media":"","overlay-type":"","overlay-color":"","overlay-opacity":"","overlay-gradient":""},"tablet":{"background-color":"var(--ast-global-color-5)","background-image":"","background-repeat":"repeat","background-position":"center center","background-size":"auto","background-attachment":"scroll","background-type":"","background-media":"","overlay-type":"","overlay-color":"","overlay-opacity":"","overlay-gradient":""},"mobile":{"background-color":"var(--ast-global-color-5)","background-image":"","background-repeat":"repeat","background-position":"center center","background-size":"auto","background-attachment":"scroll","background-type":"","background-media":"","overlay-type":"","overlay-color":"","overlay-opacity":"","overlay-gradient":""}},"footnotes":""},"class_list":["post-13308","page","type-page","status-publish","hentry"],"yoast_head":"<!-- This site is optimized with the Yoast SEO plugin v27.1.1 - https:\/\/yoast.com\/product\/yoast-seo-wordpress\/ -->\n<title>Neurofeedback &amp; Brainwave : Dyslexie et TDAH | Alphalearning<\/title>\n<meta name=\"description\" content=\"Lib\u00e9rez votre potentiel avec le Neurofeedback et le Syst\u00e8me Brainwave d\u2019Alphalearning. Surmontez la dyslexie, le TDAH, le stress et am\u00e9liorez vos performances.\" \/>\n<meta name=\"robots\" content=\"index, follow, max-snippet:-1, max-image-preview:large, max-video-preview:-1\" \/>\n<link rel=\"canonical\" href=\"https:\/\/alphalearning.com\/fr\/neurofeedback-possibilites-systeme-brainwave\/\" \/>\n<meta property=\"og:locale\" content=\"fr_FR\" \/>\n<meta property=\"og:type\" content=\"article\" \/>\n<meta property=\"og:title\" content=\"Neurofeedback &amp; Brainwave : Dyslexie et TDAH | Alphalearning\" \/>\n<meta property=\"og:description\" content=\"Lib\u00e9rez votre potentiel avec le Neurofeedback et le Syst\u00e8me Brainwave d\u2019Alphalearning. Surmontez la dyslexie, le TDAH, le stress et am\u00e9liorez vos performances.\" \/>\n<meta property=\"og:url\" content=\"https:\/\/alphalearning.com\/fr\/neurofeedback-possibilites-systeme-brainwave\/\" \/>\n<meta property=\"og:site_name\" content=\"Alphalearning International\" \/>\n<meta property=\"article:modified_time\" content=\"2025-03-01T13:36:03+00:00\" \/>\n<meta property=\"og:image\" content=\"https:\/\/alphalearning.com\/wp-content\/uploads\/2024\/04\/alphalearning-logo_red_1200x675px.png\" \/>\n\t<meta property=\"og:image:width\" content=\"1200\" \/>\n\t<meta property=\"og:image:height\" content=\"675\" \/>\n\t<meta property=\"og:image:type\" content=\"image\/png\" \/>\n<meta name=\"twitter:card\" content=\"summary_large_image\" \/>\n<meta name=\"twitter:label1\" content=\"Est. reading time\" \/>\n\t<meta name=\"twitter:data1\" content=\"2 minutes\" \/>\n<!-- \/ Yoast SEO plugin. -->","yoast_head_json":{"title":"Neurofeedback & Brainwave : Dyslexie et TDAH | Alphalearning","description":"Lib\u00e9rez votre potentiel avec le Neurofeedback et le Syst\u00e8me Brainwave d\u2019Alphalearning. Surmontez la dyslexie, le TDAH, le stress et am\u00e9liorez vos performances.","robots":{"index":"index","follow":"follow","max-snippet":"max-snippet:-1","max-image-preview":"max-image-preview:large","max-video-preview":"max-video-preview:-1"},"canonical":"https:\/\/alphalearning.com\/fr\/neurofeedback-possibilites-systeme-brainwave\/","og_locale":"fr_FR","og_type":"article","og_title":"Neurofeedback & Brainwave : Dyslexie et TDAH | Alphalearning","og_description":"Lib\u00e9rez votre potentiel avec le Neurofeedback et le Syst\u00e8me Brainwave d\u2019Alphalearning. Surmontez la dyslexie, le TDAH, le stress et am\u00e9liorez vos performances.","og_url":"https:\/\/alphalearning.com\/fr\/neurofeedback-possibilites-systeme-brainwave\/","og_site_name":"Alphalearning International","article_modified_time":"2025-03-01T13:36:03+00:00","og_image":[{"width":1200,"height":675,"url":"https:\/\/alphalearning.com\/wp-content\/uploads\/2024\/04\/alphalearning-logo_red_1200x675px.png","type":"image\/png"}],"twitter_card":"summary_large_image","twitter_misc":{"Est. reading time":"2 minutes"},"schema":{"@context":"https:\/\/schema.org","@graph":[{"@type":"WebPage","@id":"https:\/\/alphalearning.com\/fr\/neurofeedback-possibilites-systeme-brainwave\/","url":"https:\/\/alphalearning.com\/fr\/neurofeedback-possibilites-systeme-brainwave\/","name":"Neurofeedback & Brainwave : Dyslexie et TDAH | Alphalearning","isPartOf":{"@id":"https:\/\/alphalearning.com\/fr\/#website"},"datePublished":"2024-03-27T16:39:26+00:00","dateModified":"2025-03-01T13:36:03+00:00","description":"Lib\u00e9rez votre potentiel avec le Neurofeedback et le Syst\u00e8me Brainwave d\u2019Alphalearning. Surmontez la dyslexie, le TDAH, le stress et am\u00e9liorez vos performances.","breadcrumb":{"@id":"https:\/\/alphalearning.com\/fr\/neurofeedback-possibilites-systeme-brainwave\/#breadcrumb"},"inLanguage":"fr","potentialAction":[{"@type":"ReadAction","target":["https:\/\/alphalearning.com\/fr\/neurofeedback-possibilites-systeme-brainwave\/"]}]},{"@type":"BreadcrumbList","@id":"https:\/\/alphalearning.com\/fr\/neurofeedback-possibilites-systeme-brainwave\/#breadcrumb","itemListElement":[{"@type":"ListItem","position":1,"name":"Home","item":"https:\/\/alphalearning.com\/fr\/"},{"@type":"ListItem","position":2,"name":"Neurofeedback et Possibilit\u00e9s du Syst\u00e8me Brainwave"}]},{"@type":"WebSite","@id":"https:\/\/alphalearning.com\/fr\/#website","url":"https:\/\/alphalearning.com\/fr\/","name":"Alphalearning International","description":"the brain training institute","publisher":{"@id":"https:\/\/alphalearning.com\/fr\/#organization"},"potentialAction":[{"@type":"SearchAction","target":{"@type":"EntryPoint","urlTemplate":"https:\/\/alphalearning.com\/fr\/?s={search_term_string}"},"query-input":{"@type":"PropertyValueSpecification","valueRequired":true,"valueName":"search_term_string"}}],"inLanguage":"fr"},{"@type":"Organization","@id":"https:\/\/alphalearning.com\/fr\/#organization","name":"Alphalearning International","url":"https:\/\/alphalearning.com\/fr\/","logo":{"@type":"ImageObject","inLanguage":"fr","@id":"https:\/\/alphalearning.com\/fr\/#\/schema\/logo\/image\/","url":"https:\/\/alphalearning.com\/wp-content\/uploads\/2024\/03\/alphalearning_ico2_512px.png","contentUrl":"https:\/\/alphalearning.com\/wp-content\/uploads\/2024\/03\/alphalearning_ico2_512px.png","width":512,"height":512,"caption":"Alphalearning International"},"image":{"@id":"https:\/\/alphalearning.com\/fr\/#\/schema\/logo\/image\/"}}]}},"uagb_featured_image_src":{"full":false,"thumbnail":false,"medium":false,"medium_large":false,"large":false,"1536x1536":false,"2048x2048":false,"gform-image-choice-sm":false,"gform-image-choice-md":false,"gform-image-choice-lg":false},"uagb_author_info":{"display_name":"Julio Machado","author_link":"https:\/\/alphalearning.com\/fr\/author\/julio-machado\/"},"uagb_comment_info":0,"uagb_excerpt":"Possibilit\u00e9s du Neurofeedback et du Syst\u00e8me Brainwave III Solution pour la Dyslexie Apr\u00e8s avoir test\u00e9 le syst\u00e8me sur 500 sujets, [&hellip;]","_links":{"self":[{"href":"https:\/\/alphalearning.com\/fr\/wp-json\/wp\/v2\/pages\/13308","targetHints":{"allow":["GET"]}}],"collection":[{"href":"https:\/\/alphalearning.com\/fr\/wp-json\/wp\/v2\/pages"}],"about":[{"href":"https:\/\/alphalearning.com\/fr\/wp-json\/wp\/v2\/types\/page"}],"author":[{"embeddable":true,"href":"https:\/\/alphalearning.com\/fr\/wp-json\/wp\/v2\/users\/2"}],"replies":[{"embeddable":true,"href":"https:\/\/alphalearning.com\/fr\/wp-json\/wp\/v2\/comments?post=13308"}],"version-history":[{"count":4,"href":"https:\/\/alphalearning.com\/fr\/wp-json\/wp\/v2\/pages\/13308\/revisions"}],"predecessor-version":[{"id":15407,"href":"https:\/\/alphalearning.com\/fr\/wp-json\/wp\/v2\/pages\/13308\/revisions\/15407"}],"wp:attachment":[{"href":"https:\/\/alphalearning.com\/fr\/wp-json\/wp\/v2\/media?parent=13308"}],"curies":[{"name":"wp","href":"https:\/\/api.w.org\/{rel}","templated":true}]}}