{"id":13295,"date":"2024-03-27T16:38:47","date_gmt":"2024-03-27T16:38:47","guid":{"rendered":"https:\/\/alphalearning.com\/ormus\/what-is-monatomic-gold\/"},"modified":"2025-04-29T07:06:26","modified_gmt":"2025-04-29T06:06:26","slug":"quest-or-monatomique","status":"publish","type":"page","link":"https:\/\/alphalearning.com\/fr\/ormus\/quest-or-monatomique\/","title":{"rendered":"Qu&#8217;est l&#8217;Or Monatomique"},"content":{"rendered":"\n<div class=\"wp-block-uagb-advanced-heading uagb-block-465c3b9c\"><h1 class=\"uagb-heading-text\">Qu\u2019est-ce que l\u2019Or Monatomique ?<\/h1><\/div>\n\n\n\n<div class=\"wp-block-uagb-container uagb-block-be02c777 alignfull uagb-is-root-container\"><div class=\"uagb-container-inner-blocks-wrap\">\n<p>L\u2019Or Monatomique, \u00e9galement connu sous le nom d\u2019Etherium Gold ou d\u2019Ormus Gold, est un oligo-\u00e9l\u00e9ment que l\u2019on trouve dans la nature. Remarqu\u00e9 pour son potentiel \u00e0 optimiser les fonctions c\u00e9r\u00e9brales, les capacit\u00e9s d\u2019apprentissage et le neurofeedback, il suscite un int\u00e9r\u00eat de plus en plus grand dans la recherche.<\/p>\n\n\n\n<div class=\"wp-block-uagb-advanced-heading uagb-block-06ef66b2\"><h2 class=\"uagb-heading-text\">Comprendre l\u2019Or Monatomique<\/h2><\/div>\n\n\n\n<p>L\u2019Or Monatomique, qui fait partie de la famille des ORME (Orbitally Rearranged Monoatomic Element), se compose d\u2019atomes qui ne sont pas reli\u00e9s par une configuration mol\u00e9culaire, permettant \u00e0 chaque atome d\u2019or d\u2019exister de mani\u00e8re ind\u00e9pendante. On pense que ces atomes isol\u00e9s stimulent des r\u00e9actions \u00e9lectrochimiques uniques dans le cerveau, favorisant un \u00e9quilibre renforc\u00e9 entre les h\u00e9misph\u00e8res c\u00e9r\u00e9braux. Les effets qui en d\u00e9coulent incluent une intelligence accrue, une cr\u00e9ativit\u00e9 amplifi\u00e9e, une meilleure coordination corps-esprit et une r\u00e9duction du niveau de stress.<\/p>\n\n\n\n<div class=\"wp-block-uagb-advanced-heading uagb-block-17bdbce4\"><h2 class=\"uagb-heading-text\">L\u2019Histoire de l\u2019Or Monatomique<\/h2><\/div>\n\n\n\n<p>En remontant jusqu\u2019aux civilisations anciennes, l\u2019histoire de l\u2019Or Monatomique ou Ormus Gold s\u2019enracine dans diff\u00e9rentes cultures et \u00e9poques. Les anciens \u00c9gyptiens l\u2019appelaient \u00ab\u202fMfkzt\u202f\u00bb (Mufkuzt), lui reconnaissant la capacit\u00e9 d\u2019intensifier les exp\u00e9riences spirituelles et la connexion au divin. D\u2019autres textes historiques y font r\u00e9f\u00e9rence en parlant de la \u00ab\u202fPierre Philosophale\u202f\u00bb, de la \u00ab\u202fPoudre d\u2019Or Blanche\u202f\u00bb ou de \u00ab\u202fL\u2019\u00c9lixir de Vie\u202f\u00bb.<\/p>\n\n\n\n<p>Dans les ann\u00e9es 1970, David Radius Hudson, un agriculteur de l\u2019Arizona, a remis cette substance unique sous le feu des projecteurs lorsqu\u2019il l\u2019a d\u00e9couverte par hasard pendant l\u2019extraction d\u2019or et d\u2019argent. En baptisant ces \u00e9l\u00e9ments ORMEs, Hudson a lanc\u00e9 une vague de recherches continues sur cette mati\u00e8re potentiellement transformative.<\/p>\n\n\n\n<div class=\"wp-block-uagb-advanced-heading uagb-block-8df4cb3a\"><h2 class=\"uagb-heading-text\">L\u2019Impact de l\u2019Or Monatomique sur le Cerveau<\/h2><\/div>\n\n\n\n<p>Des recherches men\u00e9es \u00e0 l\u2019insitut Alphalearning soutiennent l\u2019id\u00e9e que l\u2019Or Monatomique peut contribuer \u00e0 l\u2019\u00e9quilibre c\u00e9r\u00e9bral et aux capacit\u00e9s cognitives. Une fois isol\u00e9s, ces \u00e9l\u00e9ments affichent des propri\u00e9t\u00e9s qui pourraient influencer le fonctionnement du cerveau. Par exemple, il est rapport\u00e9 que l\u2019Ormus Gold \u00e9l\u00e8ve la vibration spirituelle de l\u2019utilisateur, activant souvent l\u2019\u00e9nergie kundalini. Gr\u00e2ce \u00e0 sa structure monoatomique, il p\u00e9n\u00e8tre chaque cellule du corps humain, en augmentant sa fr\u00e9quence. Ce processus pourrait entra\u00eener des exp\u00e9riences sensorielles plus intenses, comme la t\u00e9l\u00e9pathie involontaire, la visualisation d\u2019auras et de champs \u00e9nerg\u00e9tiques, le r\u00eave lucide et la manifestation instantan\u00e9e.<\/p>\n\n\n\n<div class=\"wp-block-uagb-advanced-heading uagb-block-977bd8ff\"><h2 class=\"uagb-heading-text\">L\u2019Or Monatomique dans le Neurofeedback<\/h2><\/div>\n\n\n\n<p>Le neurofeedback, une forme de biofeedback, recourt \u00e0 des mesures en temps r\u00e9el de l\u2019activit\u00e9 c\u00e9r\u00e9brale pour enseigner l\u2019autor\u00e9gulation du fonctionnement du cerveau. L\u2019Or Monatomique a d\u00e9montr\u00e9 son potentiel dans ce domaine, des \u00e9tudes sugg\u00e9rant qu\u2019il pourrait aider le cerveau \u00e0 atteindre un \u00e9tat d\u2019hom\u00e9ostasie ou d\u2019\u00e9quilibre. De plus, la d\u00e9couverte des ORMEs, dont l\u2019Or Monatomique, \u00e9largit les possibilit\u00e9s d\u2019application dans le neurofeedback. Certains utilisateurs soulignent que l\u2019Ormus Gold peut engendrer un sentiment de s\u00e9r\u00e9nit\u00e9 et de clart\u00e9, favorisant l\u2019acc\u00e8s aux ondes c\u00e9r\u00e9brales th\u00eata, ce qui renforce l\u2019intuition. Il s\u2019agit d\u2019\u00e9tats g\u00e9n\u00e9ralement atteints apr\u00e8s une m\u00e9ditation profonde, et bon nombre de personnes disent pouvoir les atteindre presque imm\u00e9diatement apr\u00e8s avoir ing\u00e9r\u00e9 de l\u2019Ormus Gold.<\/p>\n\n\n\n<div class=\"wp-block-uagb-advanced-heading uagb-block-9152629b\"><h2 class=\"uagb-heading-text\">L\u2019Or Monatomique et le Bien-\u00catre<\/h2><\/div>\n\n\n\n<p>Au-del\u00e0 de ses avantages potentiels pour la fonction c\u00e9r\u00e9brale et l\u2019apprentissage, l\u2019Or Monatomique et d\u2019autres ORMEs sont r\u00e9put\u00e9s pour renforcer les capacit\u00e9s de gu\u00e9rison inn\u00e9es du corps et favoriser un bien-\u00eatre global. Sur le plan physique, l\u2019Ormus Gold serait capable de stimuler le syst\u00e8me immunitaire, de r\u00e9parer les dommages de l\u2019ADN et d\u2019acc\u00e9l\u00e9rer la gu\u00e9rison. Des utilisateurs ont m\u00eame rapport\u00e9 une r\u00e9paration spontan\u00e9e de probl\u00e8mes dentaires et une cicatrisation rapide apr\u00e8s en avoir consomm\u00e9. En outre, gr\u00e2ce \u00e0 son r\u00f4le essentiel dans l\u2019organisme, l\u2019ingestion de l\u2019Ormus Gold aurait un effet rajeunissant ou anti-\u00e2ge sur la peau, les cheveux et les ongles. Enfin, on l\u2019associe \u00e9galement \u00e0 des exp\u00e9riences spirituelles et mystiques\u202f: beaucoup d\u00e9crivent une intuition d\u00e9cupl\u00e9e, des facult\u00e9s psychiques accrues et un sentiment d\u2019illumination.<\/p>\n\n\n\n<p class=\"has-text-align-right\">En savoir plus sur l\u2019Or Monatomique :<br><a href=\"https:\/\/alphalearning.com\/fr\/ormus\/recherche\/\">Recherche sur l\u2019Or Monatomique<\/a><br><a href=\"https:\/\/alphalearning.com\/fr\/ormus\/recherche\/etude-or-monatomique\/\">\u00c9tude de l\u2019Alphalearning Institute<\/a><br><a href=\"https:\/\/alphalearning.com\/fr\/ormus\/recherche\/effets-or-monatomique\/\">Effets biologiques et neurophysiologiques de l\u2019Etherium Gold<\/a><br><a href=\"https:\/\/alphalearning.com\/fr\/ormus\/recherche\/benefices\/\">Bienfaits de l\u2019Or Monatomique<\/a><\/p>\n<\/div><\/div>\n\n\n\n<p><\/p>\n","protected":false},"excerpt":{"rendered":"<p>Qu\u2019est-ce que l\u2019Or Monatomique ? L\u2019Or Monatomique, \u00e9galement connu sous le nom d\u2019Etherium Gold ou d\u2019Ormus Gold, est un oligo-\u00e9l\u00e9ment [&hellip;]<\/p>\n","protected":false},"author":2,"featured_media":0,"parent":13190,"menu_order":469,"comment_status":"closed","ping_status":"closed","template":"","meta":{"_uag_custom_page_level_css":"","site-sidebar-layout":"default","site-content-layout":"","ast-site-content-layout":"default","site-content-style":"default","site-sidebar-style":"default","ast-global-header-display":"","ast-banner-title-visibility":"","ast-main-header-display":"","ast-hfb-above-header-display":"","ast-hfb-below-header-display":"","ast-hfb-mobile-header-display":"","site-post-title":"disabled","ast-breadcrumbs-content":"","ast-featured-img":"","footer-sml-layout":"","ast-disable-related-posts":"","theme-transparent-header-meta":"","adv-header-id-meta":"","stick-header-meta":"","header-above-stick-meta":"","header-main-stick-meta":"","header-below-stick-meta":"","astra-migrate-meta-layouts":"default","ast-page-background-enabled":"default","ast-page-background-meta":{"desktop":{"background-color":"var(--ast-global-color-4)","background-image":"","background-repeat":"repeat","background-position":"center center","background-size":"auto","background-attachment":"scroll","background-type":"","background-media":"","overlay-type":"","overlay-color":"","overlay-opacity":"","overlay-gradient":""},"tablet":{"background-color":"","background-image":"","background-repeat":"repeat","background-position":"center center","background-size":"auto","background-attachment":"scroll","background-type":"","background-media":"","overlay-type":"","overlay-color":"","overlay-opacity":"","overlay-gradient":""},"mobile":{"background-color":"","background-image":"","background-repeat":"repeat","background-position":"center center","background-size":"auto","background-attachment":"scroll","background-type":"","background-media":"","overlay-type":"","overlay-color":"","overlay-opacity":"","overlay-gradient":""}},"ast-content-background-meta":{"desktop":{"background-color":"var(--ast-global-color-5)","background-image":"","background-repeat":"repeat","background-position":"center center","background-size":"auto","background-attachment":"scroll","background-type":"","background-media":"","overlay-type":"","overlay-color":"","overlay-opacity":"","overlay-gradient":""},"tablet":{"background-color":"var(--ast-global-color-5)","background-image":"","background-repeat":"repeat","background-position":"center center","background-size":"auto","background-attachment":"scroll","background-type":"","background-media":"","overlay-type":"","overlay-color":"","overlay-opacity":"","overlay-gradient":""},"mobile":{"background-color":"var(--ast-global-color-5)","background-image":"","background-repeat":"repeat","background-position":"center center","background-size":"auto","background-attachment":"scroll","background-type":"","background-media":"","overlay-type":"","overlay-color":"","overlay-opacity":"","overlay-gradient":""}},"footnotes":""},"class_list":["post-13295","page","type-page","status-publish","hentry"],"yoast_head":"<!-- This site is optimized with the Yoast SEO plugin v27.1.1 - https:\/\/yoast.com\/product\/yoast-seo-wordpress\/ -->\n<title>Qu\u2019est-ce que l\u2019Or Monatomique\u202f? Myst\u00e8re d\u00e9voil\u00e9 | Alphalearning<\/title>\n<meta name=\"description\" content=\"D\u00e9couvrez les propri\u00e9t\u00e9s uniques de l\u2019Or Monatomique, ses effets sur le fonctionnement c\u00e9r\u00e9bral et ses bienfaits potentiels pour le bien-\u00eatre chez Alphalearning\" \/>\n<meta name=\"robots\" content=\"index, follow, max-snippet:-1, max-image-preview:large, max-video-preview:-1\" \/>\n<link rel=\"canonical\" href=\"https:\/\/alphalearning.com\/fr\/ormus\/quest-or-monatomique\/\" \/>\n<meta property=\"og:locale\" content=\"fr_FR\" \/>\n<meta property=\"og:type\" content=\"article\" \/>\n<meta property=\"og:title\" content=\"Qu\u2019est-ce que l\u2019Or Monatomique\u202f? Myst\u00e8re d\u00e9voil\u00e9 | Alphalearning\" \/>\n<meta property=\"og:description\" content=\"D\u00e9couvrez les propri\u00e9t\u00e9s uniques de l\u2019Or Monatomique, ses effets sur le fonctionnement c\u00e9r\u00e9bral et ses bienfaits potentiels pour le bien-\u00eatre chez Alphalearning\" \/>\n<meta property=\"og:url\" content=\"https:\/\/alphalearning.com\/fr\/ormus\/quest-or-monatomique\/\" \/>\n<meta property=\"og:site_name\" content=\"Alphalearning International\" \/>\n<meta property=\"article:modified_time\" content=\"2025-04-29T06:06:26+00:00\" \/>\n<meta property=\"og:image\" content=\"https:\/\/alphalearning.com\/wp-content\/uploads\/2024\/04\/alphalearning-logo_red_1200x675px.png\" \/>\n\t<meta property=\"og:image:width\" content=\"1200\" \/>\n\t<meta property=\"og:image:height\" content=\"675\" \/>\n\t<meta property=\"og:image:type\" content=\"image\/png\" \/>\n<meta name=\"twitter:card\" content=\"summary_large_image\" \/>\n<meta name=\"twitter:label1\" content=\"Est. reading time\" \/>\n\t<meta name=\"twitter:data1\" content=\"3 minutes\" \/>\n<!-- \/ Yoast SEO plugin. -->","yoast_head_json":{"title":"Qu\u2019est-ce que l\u2019Or Monatomique\u202f? Myst\u00e8re d\u00e9voil\u00e9 | Alphalearning","description":"D\u00e9couvrez les propri\u00e9t\u00e9s uniques de l\u2019Or Monatomique, ses effets sur le fonctionnement c\u00e9r\u00e9bral et ses bienfaits potentiels pour le bien-\u00eatre chez Alphalearning","robots":{"index":"index","follow":"follow","max-snippet":"max-snippet:-1","max-image-preview":"max-image-preview:large","max-video-preview":"max-video-preview:-1"},"canonical":"https:\/\/alphalearning.com\/fr\/ormus\/quest-or-monatomique\/","og_locale":"fr_FR","og_type":"article","og_title":"Qu\u2019est-ce que l\u2019Or Monatomique\u202f? Myst\u00e8re d\u00e9voil\u00e9 | Alphalearning","og_description":"D\u00e9couvrez les propri\u00e9t\u00e9s uniques de l\u2019Or Monatomique, ses effets sur le fonctionnement c\u00e9r\u00e9bral et ses bienfaits potentiels pour le bien-\u00eatre chez Alphalearning","og_url":"https:\/\/alphalearning.com\/fr\/ormus\/quest-or-monatomique\/","og_site_name":"Alphalearning International","article_modified_time":"2025-04-29T06:06:26+00:00","og_image":[{"width":1200,"height":675,"url":"https:\/\/alphalearning.com\/wp-content\/uploads\/2024\/04\/alphalearning-logo_red_1200x675px.png","type":"image\/png"}],"twitter_card":"summary_large_image","twitter_misc":{"Est. reading time":"3 minutes"},"schema":{"@context":"https:\/\/schema.org","@graph":[{"@type":"WebPage","@id":"https:\/\/alphalearning.com\/fr\/ormus\/quest-or-monatomique\/","url":"https:\/\/alphalearning.com\/fr\/ormus\/quest-or-monatomique\/","name":"Qu\u2019est-ce que l\u2019Or Monatomique\u202f? Myst\u00e8re d\u00e9voil\u00e9 | Alphalearning","isPartOf":{"@id":"https:\/\/alphalearning.com\/fr\/#website"},"datePublished":"2024-03-27T16:38:47+00:00","dateModified":"2025-04-29T06:06:26+00:00","description":"D\u00e9couvrez les propri\u00e9t\u00e9s uniques de l\u2019Or Monatomique, ses effets sur le fonctionnement c\u00e9r\u00e9bral et ses bienfaits potentiels pour le bien-\u00eatre chez Alphalearning","breadcrumb":{"@id":"https:\/\/alphalearning.com\/fr\/ormus\/quest-or-monatomique\/#breadcrumb"},"inLanguage":"fr","potentialAction":[{"@type":"ReadAction","target":["https:\/\/alphalearning.com\/fr\/ormus\/quest-or-monatomique\/"]}]},{"@type":"BreadcrumbList","@id":"https:\/\/alphalearning.com\/fr\/ormus\/quest-or-monatomique\/#breadcrumb","itemListElement":[{"@type":"ListItem","position":1,"name":"Home","item":"https:\/\/alphalearning.com\/fr\/"},{"@type":"ListItem","position":2,"name":"Ormus","item":"https:\/\/alphalearning.com\/fr\/ormus\/"},{"@type":"ListItem","position":3,"name":"Qu&#8217;est l&#8217;Or Monatomique"}]},{"@type":"WebSite","@id":"https:\/\/alphalearning.com\/fr\/#website","url":"https:\/\/alphalearning.com\/fr\/","name":"Alphalearning International","description":"the brain training institute","publisher":{"@id":"https:\/\/alphalearning.com\/fr\/#organization"},"potentialAction":[{"@type":"SearchAction","target":{"@type":"EntryPoint","urlTemplate":"https:\/\/alphalearning.com\/fr\/?s={search_term_string}"},"query-input":{"@type":"PropertyValueSpecification","valueRequired":true,"valueName":"search_term_string"}}],"inLanguage":"fr"},{"@type":"Organization","@id":"https:\/\/alphalearning.com\/fr\/#organization","name":"Alphalearning International","url":"https:\/\/alphalearning.com\/fr\/","logo":{"@type":"ImageObject","inLanguage":"fr","@id":"https:\/\/alphalearning.com\/fr\/#\/schema\/logo\/image\/","url":"https:\/\/alphalearning.com\/wp-content\/uploads\/2024\/03\/alphalearning_ico2_512px.png","contentUrl":"https:\/\/alphalearning.com\/wp-content\/uploads\/2024\/03\/alphalearning_ico2_512px.png","width":512,"height":512,"caption":"Alphalearning International"},"image":{"@id":"https:\/\/alphalearning.com\/fr\/#\/schema\/logo\/image\/"}}]}},"uagb_featured_image_src":{"full":false,"thumbnail":false,"medium":false,"medium_large":false,"large":false,"1536x1536":false,"2048x2048":false,"gform-image-choice-sm":false,"gform-image-choice-md":false,"gform-image-choice-lg":false},"uagb_author_info":{"display_name":"Julio Machado","author_link":"https:\/\/alphalearning.com\/fr\/author\/julio-machado\/"},"uagb_comment_info":0,"uagb_excerpt":"Qu\u2019est-ce que l\u2019Or Monatomique ? L\u2019Or Monatomique, \u00e9galement connu sous le nom d\u2019Etherium Gold ou d\u2019Ormus Gold, est un oligo-\u00e9l\u00e9ment [&hellip;]","_links":{"self":[{"href":"https:\/\/alphalearning.com\/fr\/wp-json\/wp\/v2\/pages\/13295","targetHints":{"allow":["GET"]}}],"collection":[{"href":"https:\/\/alphalearning.com\/fr\/wp-json\/wp\/v2\/pages"}],"about":[{"href":"https:\/\/alphalearning.com\/fr\/wp-json\/wp\/v2\/types\/page"}],"author":[{"embeddable":true,"href":"https:\/\/alphalearning.com\/fr\/wp-json\/wp\/v2\/users\/2"}],"replies":[{"embeddable":true,"href":"https:\/\/alphalearning.com\/fr\/wp-json\/wp\/v2\/comments?post=13295"}],"version-history":[{"count":4,"href":"https:\/\/alphalearning.com\/fr\/wp-json\/wp\/v2\/pages\/13295\/revisions"}],"predecessor-version":[{"id":15304,"href":"https:\/\/alphalearning.com\/fr\/wp-json\/wp\/v2\/pages\/13295\/revisions\/15304"}],"up":[{"embeddable":true,"href":"https:\/\/alphalearning.com\/fr\/wp-json\/wp\/v2\/pages\/13190"}],"wp:attachment":[{"href":"https:\/\/alphalearning.com\/fr\/wp-json\/wp\/v2\/media?parent=13295"}],"curies":[{"name":"wp","href":"https:\/\/api.w.org\/{rel}","templated":true}]}}