{"id":13213,"date":"2024-03-27T16:38:06","date_gmt":"2024-03-27T16:38:06","guid":{"rendered":"https:\/\/alphalearning.com\/ormus\/recherche\/bio-neurological-effects-etherium-gold\/"},"modified":"2025-01-30T19:54:53","modified_gmt":"2025-01-30T19:54:53","slug":"effets-or-monatomique","status":"publish","type":"page","link":"https:\/\/alphalearning.com\/fr\/ormus\/recherche\/effets-or-monatomique\/","title":{"rendered":"Effets Biologiques et Neurophysiologiques de l&#8217;Or Monatomique"},"content":{"rendered":"\n<div class=\"wp-block-uagb-advanced-heading uagb-block-a32129a8\"><h1 class=\"uagb-heading-text\">Une \u00e9tude pr\u00e9liminaire sur les effets biologiques et neurophysiologiques de l\u2019Etherium Gold<\/h1><\/div>\n\n\n\n<div class=\"wp-block-uagb-container uagb-block-1362439c alignfull uagb-is-root-container\"><div class=\"uagb-container-inner-blocks-wrap\">\n<div class=\"wp-block-uagb-advanced-heading uagb-block-8351fb54\"><h2 class=\"uagb-heading-text\">Etherium Gold<\/h2><\/div>\n\n\n\n<p>Une \u00e9tude de biofeedback et de neurofeedback portant sur les effets biologiques et neurophysiologiques de la prise sublinguale de poudre d\u2019Etherium Gold\u202f; il s\u2019agit d\u2019un d\u00e9p\u00f4t naturel de min\u00e9raux \u00e0 l\u2019\u00e9tat de trace, distribu\u00e9 par Harmonic Innerprizes, P.O. Box 530455, Henderson, NV 89053.<\/p>\n\n\n\n<div class=\"wp-block-uagb-advanced-heading uagb-block-ca5f3d5a\"><h2 class=\"uagb-heading-text\">Sujets<\/h2><\/div>\n\n\n\n<p>Cette \u00e9tude initiale a port\u00e9 sur dix personnes, cinq hommes et cinq femmes, \u00e2g\u00e9es de 17 \u00e0 52 ans. Aucun de ces sujets ne pr\u00e9sentait de probl\u00e8mes physiques, \u00e9motionnels ou mentaux connus au moment de l\u2019\u00e9tude. Tous ont re\u00e7u une explication g\u00e9n\u00e9rale de la proc\u00e9dure de test et de la nature de l\u2019Etherium Gold. Aucun r\u00e9sultat attendu n\u2019a \u00e9t\u00e9 discut\u00e9 avec les sujets, et l\u2019exp\u00e9rimentateur n\u2019a \u00e9mis aucune hypoth\u00e8se quant aux r\u00e9sultats ni expliqu\u00e9 les objectifs avant la fin de la proc\u00e9dure.<\/p>\n\n\n\n<div class=\"wp-block-uagb-advanced-heading uagb-block-06c8c0cb\"><h2 class=\"uagb-heading-text\">\u00c9quipement<\/h2><\/div>\n\n\n\n<p>Un appareil de biofeedback J&amp;J I-410, associ\u00e9 \u00e0 un logiciel con\u00e7u par Physiodata Corporation, a \u00e9t\u00e9 utilis\u00e9 pour enregistrer et compl\u00e9ter les donn\u00e9es. Cet \u00e9quipement permettait \u00e0 l\u2019exp\u00e9rimentateur de surveiller en continu les ondes c\u00e9r\u00e9brales, la fr\u00e9quence cardiaque, la pression sanguine, la conductance de la peau (GSR) et la temp\u00e9rature cutan\u00e9e pendant toute la session exp\u00e9rimentale. Les sujets \u00e9taient confortablement install\u00e9s dans un fauteuil inclinable standard, de sorte que la fatigue ou l\u2019inconfort physique ne soient pas un facteur durant l\u2019exp\u00e9rience. Des \u00e9lectrodes et de la p\u00e2te neuves ont \u00e9t\u00e9 utilis\u00e9es pour chaque participant. Un flacon neuf d\u2019Etherium Gold, fourni par Etherium Technology, a \u00e9t\u00e9 utilis\u00e9 pour l\u2019administration du produit.<\/p>\n\n\n\n<div class=\"wp-block-uagb-advanced-heading uagb-block-43705af2\"><h2 class=\"uagb-heading-text\">Proc\u00e9dure<\/h2><\/div>\n\n\n\n<p>Des donn\u00e9es ont \u00e9t\u00e9 recueillies sur chaque sujet au cours de deux sessions distinctes. La premi\u00e8re session servait \u00e0 \u00e9tablir des donn\u00e9es de r\u00e9f\u00e9rence. Chaque sujet, \u00e0 tour de r\u00f4le, a \u00e9t\u00e9 reli\u00e9 aux dispositifs de biofeedback et de neurofeedback. Des enregistrements ont \u00e9t\u00e9 effectu\u00e9s pour documenter leurs principaux profils d\u2019ondes c\u00e9r\u00e9brales, leur fr\u00e9quence cardiaque, leur GSR et leur temp\u00e9rature cutan\u00e9e. Le GSR mesure la variation du potentiel \u00e9lectrique de la peau. Une production d\u2019humidit\u00e9 plus \u00e9lev\u00e9e (signe d\u2019une activation \u00e9motionnelle accrue) se manifeste par une hausse de ce potentiel \u00e9lectrique. Ces variations sont repr\u00e9sent\u00e9es sous forme de graphiques \u00e0 l\u2019\u00e9cran de l\u2019ordinateur. Des mesures ont \u00e9t\u00e9 prises pour s\u2019assurer qu\u2019il s\u2019agissait d\u2019un relev\u00e9 \u00ab\u202ftypique\u202f\u00bb, c\u2019est-\u00e0-dire exempt de toute influence inhabituelle sur l\u2019\u00e9tat mental, \u00e9motionnel ou physique des sujets.<\/p>\n\n\n\n<p>La deuxi\u00e8me session a eu lieu une semaine apr\u00e8s l\u2019enregistrement des premi\u00e8res r\u00e9f\u00e9rences. Les sujets ont \u00e9t\u00e9 reli\u00e9s dans les m\u00eames conditions, et de nouvelles valeurs de r\u00e9f\u00e9rence ont \u00e9t\u00e9 enregistr\u00e9es, puis compar\u00e9es aux premi\u00e8res collect\u00e9es lors de la premi\u00e8re session.<\/p>\n\n\n\n<p>Dans tous les cas, la deuxi\u00e8me r\u00e9f\u00e9rence correspondait presque exactement \u00e0 la premi\u00e8re. Le sujet \u00e9tant toujours branch\u00e9 au moniteur et les donn\u00e9es \u00e9tant enregistr\u00e9es en continu, environ 1\/8 de cuill\u00e8re \u00e0 caf\u00e9 d\u2019Etherium Gold a \u00e9t\u00e9 administr\u00e9 par voie sublinguale. Le recueil de donn\u00e9es de biofeedback et de neurofeedback s\u2019est poursuivi pendant encore 15\u202fminutes. Le logiciel permet d\u2019examiner les informations collect\u00e9es sur une p\u00e9riode donn\u00e9e sous forme de tableaux r\u00e9capitulatifs. Les donn\u00e9es recueillies ont \u00e9t\u00e9 analys\u00e9es afin de d\u00e9terminer les changements, le cas \u00e9ch\u00e9ant, tant sur le plan biologique que neurologique, en comparant les r\u00e9sultats avant et apr\u00e8s l\u2019administration de l\u2019Etherium Gold.<\/p>\n\n\n\n<div class=\"wp-block-uagb-advanced-heading uagb-block-727f2ea5\"><h2 class=\"uagb-heading-text\">R\u00e9sultats<\/h2><\/div>\n\n\n\n<p>Dans cinq cas sur dix, les signaux biologiques se sont r\u00e9v\u00e9l\u00e9s diff\u00e9rents avant et apr\u00e8s l\u2019administration de l\u2019Etherium Gold. Dans neuf cas sur dix, les sch\u00e9mas d\u2019ondes c\u00e9r\u00e9brales ont \u00e9t\u00e9 jug\u00e9s sensiblement diff\u00e9rents apr\u00e8s l\u2019administration de l\u2019Etherium Gold. Dans presque tous les cas, cette diff\u00e9rence est apparue entre 30\u202fsecondes et 3\u202fminutes apr\u00e8s l\u2019administration et est rest\u00e9e observable pendant le reste de la session d\u2019enregistrement, soit entre 10 et 15\u202fminutes.<\/p>\n\n\n\n<p>Dans les cinq cas pr\u00e9sentant des variations des signaux biologiques\u202f:<\/p>\n\n\n\n<ul class=\"wp-block-list\">\n<li>Deux sujets ont affich\u00e9 des fluctuations importantes dans les mesures de GSR. Dans ces deux cas, les signaux de GSR se sont r\u00e9v\u00e9l\u00e9s beaucoup plus r\u00e9guliers apr\u00e8s l\u2019administration.<\/li>\n\n\n\n<li>Deux sujets ont manifest\u00e9 une hausse de la temp\u00e9rature, mesur\u00e9e au niveau du bout des doigts, d\u2019environ 4\u202fdegr\u00e9s en moyenne.<\/li>\n\n\n\n<li>Un sujet dont les relev\u00e9s de r\u00e9f\u00e9rence montraient un rythme cardiaque \u00e9lev\u00e9, compte tenu de son \u00e2ge et de son poids, a atteint des valeurs consid\u00e9r\u00e9es comme normales.<\/li>\n<\/ul>\n\n\n\n<p>Les changements neurologiques \u00e9taient nettement distincts dans chaque cas, tout en pr\u00e9sentant des tendances communes. Les sujets se r\u00e9partissaient en trois grandes cat\u00e9gories d\u2019activit\u00e9 c\u00e9r\u00e9brale dominante, selon les mesures de r\u00e9f\u00e9rence\u202f:<\/p>\n\n\n\n<ul class=\"wp-block-list\">\n<li>Theta \u00e9lev\u00e9 \u2013 Beta faible<\/li>\n\n\n\n<li>Beta \u00e9lev\u00e9 \u2013 Theta faible<\/li>\n\n\n\n<li>\u00c9quilibre entre Theta et Beta<\/li>\n<\/ul>\n\n\n\n<p>Dans ces trois cat\u00e9gories\u202f:<\/p>\n\n\n\n<ul class=\"wp-block-list\">\n<li>Quatre sujets pr\u00e9sentant un Theta \u00e9lev\u00e9 et un Beta faible ont eu tendance \u00e0 s\u2019\u00e9quilibrer apr\u00e8s l\u2019administration, avec une diminution du Theta et une augmentation du Beta. L\u2019activit\u00e9 Alpha a \u00e9galement augment\u00e9.<\/li>\n\n\n\n<li>Un sujet avec Theta \u00e9lev\u00e9 et Beta faible n\u2019a montr\u00e9 aucun changement.<\/li>\n\n\n\n<li>Deux sujets affichant un Beta \u00e9lev\u00e9 et un Theta faible ont eu tendance \u00e0 s\u2019\u00e9quilibrer apr\u00e8s l\u2019administration, avec une baisse du Beta et une hausse du Theta. L\u2019activit\u00e9 Alpha a \u00e9galement augment\u00e9.<\/li>\n\n\n\n<li>Trois sujets qui pr\u00e9sentaient un \u00e9quilibre Beta-Theta ont montr\u00e9 une hausse de l\u2019activit\u00e9 Alpha.<\/li>\n<\/ul>\n\n\n\n<p>Dans les neuf cas o\u00f9 un changement a \u00e9t\u00e9 constat\u00e9, on a observ\u00e9 une nette tendance vers un renforcement de l\u2019activit\u00e9 dans toutes les bandes de fr\u00e9quences.<\/p>\n\n\n\n<div class=\"wp-block-uagb-advanced-heading uagb-block-c5d81373\"><h2 class=\"uagb-heading-text\">Discussion<\/h2><\/div>\n\n\n\n<p>Il s\u2019agit d\u2019un examen pr\u00e9liminaire de l\u2019impact de l\u2019Etherium Gold sur les \u00e9tats biologiques et neurologiques chez l\u2019\u00eatre humain. Les r\u00e9sultats indiquent clairement qu\u2019il existe un besoin de recherche dans ce domaine, car un effet est ind\u00e9niablement pr\u00e9sent. Cet effet semble moins marqu\u00e9 dans les mesures biologiques que dans les mesures neurologiques, du moins chez les sujets examin\u00e9s. Dans l\u2019ensemble, tout porte \u00e0 croire que les individus deviennent plus \u00e9quilibr\u00e9s et plus calmes apr\u00e8s l\u2019administration de l\u2019Etherium Gold. Les modifications du GSR (galvanic skin response) sugg\u00e8rent une diminution de la r\u00e9activit\u00e9 \u00e9motionnelle. L\u2019augmentation de la temp\u00e9rature au niveau des doigts signale une am\u00e9lioration de la circulation p\u00e9riph\u00e9rique, indice d\u2019une d\u00e9tente accrue.<\/p>\n\n\n\n<p>Les r\u00e9sultats les plus \u00e9vidents et constants sont apparus dans les mesures EEG\u202f:<\/p>\n\n\n\n<ul class=\"wp-block-list\">\n<li>Les fr\u00e9quences d\u2019ondes c\u00e9r\u00e9brales avaient tendance \u00e0 s\u2019\u00e9quilibrer.<\/li>\n\n\n\n<li>Toutes les bandes de fr\u00e9quences montraient une plus grande activation.<\/li>\n<\/ul>\n\n\n\n<p>Sur un plan plus informel, on peut dire que les personnes ayant une activit\u00e9 theta \u00e9lev\u00e9e (par rapport \u00e0 l\u2019activit\u00e9 beta) sont consid\u00e9r\u00e9es comme \u00ab\u202fcerveau droit\u202f\u00bb (cr\u00e9atives, m\u00e9ditatives, artistiques et \u00e0 dominante spatiale). \u00c0 l\u2019inverse, celles dont l\u2019activit\u00e9 beta pr\u00e9domine sur l\u2019activit\u00e9 theta sont per\u00e7ues comme \u00ab\u202fcerveau gauche\u202f\u00bb (logiques, port\u00e9es sur les math\u00e9matiques et le raisonnement lin\u00e9aire). Etherium Gold semble harmoniser la diff\u00e9rence d\u2019intensit\u00e9 entre ces gammes de fr\u00e9quences. Nous pourrions donc conclure qu\u2019Etherium Gold tend \u00e0 aider les gens \u00e0 devenir davantage \u00ab\u202fcerveau global\u202f\u00bb.<\/p>\n\n\n\n<p>Il faudrait d\u2019autres \u00e9tudes plus approfondies pour d\u00e9terminer la constance de ces r\u00e9sultats, ainsi que la dur\u00e9e des effets et l\u2019\u00e9ventuelle existence d\u2019effets cumulatifs li\u00e9s \u00e0 une administration r\u00e9p\u00e9t\u00e9e. Un effet surprenant, mais clairement dominant, de la prise d\u2019Etherium Gold a \u00e9t\u00e9 l\u2019augmentation de \u00ab\u202fl\u2019\u00e9nergie neurologique\u202f\u00bb relative sur toutes les bandes de fr\u00e9quences. Apparemment, l\u2019Etherium Gold, d\u2019une certaine mani\u00e8re, dynamise ou ouvre les voies neuronales. Cette \u00e9tude pr\u00e9liminaire fournit une preuve \u00e9vidente d\u2019un impact neurologique positif, au moins de fa\u00e7on temporaire, \u00e0 la suite de l\u2019administration d\u2019Etherium Gold. Les r\u00e9sultats sugg\u00e8rent qu\u2019il cr\u00e9e un environnement o\u00f9 le cerveau progresse vers un \u00e9tat d\u2019hom\u00e9ostasie. Des \u00e9tudes neurologiques ant\u00e9rieures ont montr\u00e9 que, lorsque le cerveau rel\u00e2che le contr\u00f4le de son propre sch\u00e9ma, notamment via des techniques comme l\u2019entra\u00eenement des ondes c\u00e9r\u00e9brales, il tend spontan\u00e9ment \u00e0 revenir \u00e0 un \u00e9tat d\u2019\u00e9quilibre. Cette \u00e9tude indique qu\u2019Etherium Gold pourrait contribuer \u00e0 instaurer cet environnement. Que les effets de l\u2019Etherium Gold sur les processus neurologiques perdurent ou non dans le temps, il offre l\u2019occasion au cerveau de \u00ab\u202fcomprendre\u202f\u00bb la nature de cet \u00e9tat d\u2019\u00e9quilibre.<\/p>\n\n\n\n<p>De l\u2019avis de ce chercheur, les r\u00e9sultats montrent clairement que la prise d\u2019Etherium Gold provoque une r\u00e9action neurologique positive, et probablement aussi physiologique. Il est \u00e9vident que de nouvelles recherches sont n\u00e9cessaires, en particulier pour savoir dans quelle mesure ces changements se maintiennent sur la dur\u00e9e.<\/p>\n\n\n\n<p><strong>Robert E. Dallas, Ph.D.<br>Directeur clinique<br>The Mind Spa<br>2\u202fjuin\u202f1998<\/strong><\/p>\n<\/div><\/div>\n","protected":false},"excerpt":{"rendered":"<p>Une \u00e9tude pr\u00e9liminaire sur les effets biologiques et neurophysiologiques de l\u2019Etherium Gold Etherium Gold Une \u00e9tude de biofeedback et de [&hellip;]<\/p>\n","protected":false},"author":2,"featured_media":0,"parent":13198,"menu_order":466,"comment_status":"closed","ping_status":"closed","template":"","meta":{"_uag_custom_page_level_css":"","site-sidebar-layout":"default","site-content-layout":"","ast-site-content-layout":"default","site-content-style":"default","site-sidebar-style":"default","ast-global-header-display":"","ast-banner-title-visibility":"","ast-main-header-display":"","ast-hfb-above-header-display":"","ast-hfb-below-header-display":"","ast-hfb-mobile-header-display":"","site-post-title":"disabled","ast-breadcrumbs-content":"","ast-featured-img":"","footer-sml-layout":"","ast-disable-related-posts":"","theme-transparent-header-meta":"","adv-header-id-meta":"","stick-header-meta":"","header-above-stick-meta":"","header-main-stick-meta":"","header-below-stick-meta":"","astra-migrate-meta-layouts":"default","ast-page-background-enabled":"default","ast-page-background-meta":{"desktop":{"background-color":"var(--ast-global-color-4)","background-image":"","background-repeat":"repeat","background-position":"center center","background-size":"auto","background-attachment":"scroll","background-type":"","background-media":"","overlay-type":"","overlay-color":"","overlay-opacity":"","overlay-gradient":""},"tablet":{"background-color":"","background-image":"","background-repeat":"repeat","background-position":"center center","background-size":"auto","background-attachment":"scroll","background-type":"","background-media":"","overlay-type":"","overlay-color":"","overlay-opacity":"","overlay-gradient":""},"mobile":{"background-color":"","background-image":"","background-repeat":"repeat","background-position":"center center","background-size":"auto","background-attachment":"scroll","background-type":"","background-media":"","overlay-type":"","overlay-color":"","overlay-opacity":"","overlay-gradient":""}},"ast-content-background-meta":{"desktop":{"background-color":"var(--ast-global-color-5)","background-image":"","background-repeat":"repeat","background-position":"center center","background-size":"auto","background-attachment":"scroll","background-type":"","background-media":"","overlay-type":"","overlay-color":"","overlay-opacity":"","overlay-gradient":""},"tablet":{"background-color":"var(--ast-global-color-5)","background-image":"","background-repeat":"repeat","background-position":"center center","background-size":"auto","background-attachment":"scroll","background-type":"","background-media":"","overlay-type":"","overlay-color":"","overlay-opacity":"","overlay-gradient":""},"mobile":{"background-color":"var(--ast-global-color-5)","background-image":"","background-repeat":"repeat","background-position":"center center","background-size":"auto","background-attachment":"scroll","background-type":"","background-media":"","overlay-type":"","overlay-color":"","overlay-opacity":"","overlay-gradient":""}},"footnotes":""},"class_list":["post-13213","page","type-page","status-publish","hentry"],"yoast_head":"<!-- This site is optimized with the Yoast SEO plugin v27.1.1 - https:\/\/yoast.com\/product\/yoast-seo-wordpress\/ -->\n<title>\u00c9tude Pr\u00e9liminaire : Etherium Gold \u2013 Effets Bio &amp; Neuro<\/title>\n<meta name=\"description\" content=\"D\u00e9couvrez comment l\u2019Etherium Gold agit sur les ondes c\u00e9r\u00e9brales, le GSR et l\u2019\u00e9quilibre gr\u00e2ce \u00e0 une \u00e9tude pr\u00e9liminaire de ses effets biologiques, neurologiques.\" \/>\n<meta name=\"robots\" content=\"index, follow, max-snippet:-1, max-image-preview:large, max-video-preview:-1\" \/>\n<link rel=\"canonical\" href=\"https:\/\/alphalearning.com\/fr\/ormus\/recherche\/effets-or-monatomique\/\" \/>\n<meta property=\"og:locale\" content=\"fr_FR\" \/>\n<meta property=\"og:type\" content=\"article\" \/>\n<meta property=\"og:title\" content=\"\u00c9tude Pr\u00e9liminaire : Etherium Gold \u2013 Effets Bio &amp; Neuro\" \/>\n<meta property=\"og:description\" content=\"D\u00e9couvrez comment l\u2019Etherium Gold agit sur les ondes c\u00e9r\u00e9brales, le GSR et l\u2019\u00e9quilibre gr\u00e2ce \u00e0 une \u00e9tude pr\u00e9liminaire de ses effets biologiques, neurologiques.\" \/>\n<meta property=\"og:url\" content=\"https:\/\/alphalearning.com\/fr\/ormus\/recherche\/effets-or-monatomique\/\" \/>\n<meta property=\"og:site_name\" content=\"Alphalearning International\" \/>\n<meta property=\"article:modified_time\" content=\"2025-01-30T19:54:53+00:00\" \/>\n<meta property=\"og:image\" content=\"https:\/\/alphalearning.com\/wp-content\/uploads\/2024\/04\/alphalearning-logo_red_1200x675px.png\" \/>\n\t<meta property=\"og:image:width\" content=\"1200\" \/>\n\t<meta property=\"og:image:height\" content=\"675\" \/>\n\t<meta property=\"og:image:type\" content=\"image\/png\" \/>\n<meta name=\"twitter:card\" content=\"summary_large_image\" \/>\n<meta name=\"twitter:label1\" content=\"Est. reading time\" \/>\n\t<meta name=\"twitter:data1\" content=\"6 minutes\" \/>\n<!-- \/ Yoast SEO plugin. -->","yoast_head_json":{"title":"\u00c9tude Pr\u00e9liminaire : Etherium Gold \u2013 Effets Bio & Neuro","description":"D\u00e9couvrez comment l\u2019Etherium Gold agit sur les ondes c\u00e9r\u00e9brales, le GSR et l\u2019\u00e9quilibre gr\u00e2ce \u00e0 une \u00e9tude pr\u00e9liminaire de ses effets biologiques, neurologiques.","robots":{"index":"index","follow":"follow","max-snippet":"max-snippet:-1","max-image-preview":"max-image-preview:large","max-video-preview":"max-video-preview:-1"},"canonical":"https:\/\/alphalearning.com\/fr\/ormus\/recherche\/effets-or-monatomique\/","og_locale":"fr_FR","og_type":"article","og_title":"\u00c9tude Pr\u00e9liminaire : Etherium Gold \u2013 Effets Bio & Neuro","og_description":"D\u00e9couvrez comment l\u2019Etherium Gold agit sur les ondes c\u00e9r\u00e9brales, le GSR et l\u2019\u00e9quilibre gr\u00e2ce \u00e0 une \u00e9tude pr\u00e9liminaire de ses effets biologiques, neurologiques.","og_url":"https:\/\/alphalearning.com\/fr\/ormus\/recherche\/effets-or-monatomique\/","og_site_name":"Alphalearning International","article_modified_time":"2025-01-30T19:54:53+00:00","og_image":[{"width":1200,"height":675,"url":"https:\/\/alphalearning.com\/wp-content\/uploads\/2024\/04\/alphalearning-logo_red_1200x675px.png","type":"image\/png"}],"twitter_card":"summary_large_image","twitter_misc":{"Est. reading time":"6 minutes"},"schema":{"@context":"https:\/\/schema.org","@graph":[{"@type":"WebPage","@id":"https:\/\/alphalearning.com\/fr\/ormus\/recherche\/effets-or-monatomique\/","url":"https:\/\/alphalearning.com\/fr\/ormus\/recherche\/effets-or-monatomique\/","name":"\u00c9tude Pr\u00e9liminaire : Etherium Gold \u2013 Effets Bio & Neuro","isPartOf":{"@id":"https:\/\/alphalearning.com\/fr\/#website"},"datePublished":"2024-03-27T16:38:06+00:00","dateModified":"2025-01-30T19:54:53+00:00","description":"D\u00e9couvrez comment l\u2019Etherium Gold agit sur les ondes c\u00e9r\u00e9brales, le GSR et l\u2019\u00e9quilibre gr\u00e2ce \u00e0 une \u00e9tude pr\u00e9liminaire de ses effets biologiques, neurologiques.","breadcrumb":{"@id":"https:\/\/alphalearning.com\/fr\/ormus\/recherche\/effets-or-monatomique\/#breadcrumb"},"inLanguage":"fr","potentialAction":[{"@type":"ReadAction","target":["https:\/\/alphalearning.com\/fr\/ormus\/recherche\/effets-or-monatomique\/"]}]},{"@type":"BreadcrumbList","@id":"https:\/\/alphalearning.com\/fr\/ormus\/recherche\/effets-or-monatomique\/#breadcrumb","itemListElement":[{"@type":"ListItem","position":1,"name":"Home","item":"https:\/\/alphalearning.com\/fr\/"},{"@type":"ListItem","position":2,"name":"Ormus","item":"https:\/\/alphalearning.com\/fr\/ormus\/"},{"@type":"ListItem","position":3,"name":"Recherche sur l&#8217;Or Monatomique","item":"https:\/\/alphalearning.com\/fr\/ormus\/recherche\/"},{"@type":"ListItem","position":4,"name":"Effets Biologiques et Neurophysiologiques de l&#8217;Or Monatomique"}]},{"@type":"WebSite","@id":"https:\/\/alphalearning.com\/fr\/#website","url":"https:\/\/alphalearning.com\/fr\/","name":"Alphalearning International","description":"the brain training institute","publisher":{"@id":"https:\/\/alphalearning.com\/fr\/#organization"},"potentialAction":[{"@type":"SearchAction","target":{"@type":"EntryPoint","urlTemplate":"https:\/\/alphalearning.com\/fr\/?s={search_term_string}"},"query-input":{"@type":"PropertyValueSpecification","valueRequired":true,"valueName":"search_term_string"}}],"inLanguage":"fr"},{"@type":"Organization","@id":"https:\/\/alphalearning.com\/fr\/#organization","name":"Alphalearning International","url":"https:\/\/alphalearning.com\/fr\/","logo":{"@type":"ImageObject","inLanguage":"fr","@id":"https:\/\/alphalearning.com\/fr\/#\/schema\/logo\/image\/","url":"https:\/\/alphalearning.com\/wp-content\/uploads\/2024\/03\/alphalearning_ico2_512px.png","contentUrl":"https:\/\/alphalearning.com\/wp-content\/uploads\/2024\/03\/alphalearning_ico2_512px.png","width":512,"height":512,"caption":"Alphalearning International"},"image":{"@id":"https:\/\/alphalearning.com\/fr\/#\/schema\/logo\/image\/"}}]}},"uagb_featured_image_src":{"full":false,"thumbnail":false,"medium":false,"medium_large":false,"large":false,"1536x1536":false,"2048x2048":false,"gform-image-choice-sm":false,"gform-image-choice-md":false,"gform-image-choice-lg":false},"uagb_author_info":{"display_name":"Julio Machado","author_link":"https:\/\/alphalearning.com\/fr\/author\/julio-machado\/"},"uagb_comment_info":0,"uagb_excerpt":"Une \u00e9tude pr\u00e9liminaire sur les effets biologiques et neurophysiologiques de l\u2019Etherium Gold Etherium Gold Une \u00e9tude de biofeedback et de [&hellip;]","_links":{"self":[{"href":"https:\/\/alphalearning.com\/fr\/wp-json\/wp\/v2\/pages\/13213","targetHints":{"allow":["GET"]}}],"collection":[{"href":"https:\/\/alphalearning.com\/fr\/wp-json\/wp\/v2\/pages"}],"about":[{"href":"https:\/\/alphalearning.com\/fr\/wp-json\/wp\/v2\/types\/page"}],"author":[{"embeddable":true,"href":"https:\/\/alphalearning.com\/fr\/wp-json\/wp\/v2\/users\/2"}],"replies":[{"embeddable":true,"href":"https:\/\/alphalearning.com\/fr\/wp-json\/wp\/v2\/comments?post=13213"}],"version-history":[{"count":3,"href":"https:\/\/alphalearning.com\/fr\/wp-json\/wp\/v2\/pages\/13213\/revisions"}],"predecessor-version":[{"id":14739,"href":"https:\/\/alphalearning.com\/fr\/wp-json\/wp\/v2\/pages\/13213\/revisions\/14739"}],"up":[{"embeddable":true,"href":"https:\/\/alphalearning.com\/fr\/wp-json\/wp\/v2\/pages\/13198"}],"wp:attachment":[{"href":"https:\/\/alphalearning.com\/fr\/wp-json\/wp\/v2\/media?parent=13213"}],"curies":[{"name":"wp","href":"https:\/\/api.w.org\/{rel}","templated":true}]}}