{"id":13206,"date":"2024-03-27T16:37:05","date_gmt":"2024-03-27T16:37:05","guid":{"rendered":"https:\/\/alphalearning.com\/ormus\/recherche\/benefits\/"},"modified":"2025-04-27T18:02:21","modified_gmt":"2025-04-27T17:02:21","slug":"benefices","status":"publish","type":"page","link":"https:\/\/alphalearning.com\/fr\/ormus\/recherche\/benefices\/","title":{"rendered":"B\u00e9n\u00e9fices de l&#8217;Or Monatomique"},"content":{"rendered":"\n<div class=\"wp-block-uagb-advanced-heading uagb-block-2e0eb4bb\"><h1 class=\"uagb-heading-text\">Bienfaits de l\u2019Or Monatomique<\/h1><\/div>\n\n\n\n<p>L\u2019Or Monatomique, \u00e9galement connu sous le nom d\u2019Etherium Gold ou Ormus, a fait l\u2019objet de diverses \u00e9tudes en raison de son potentiel \u00e0 am\u00e9liorer l\u2019apprentissage, la performance, le neurofeedback, le bien-\u00eatre et la spiritualit\u00e9. Nous vous pr\u00e9sentons ici les bienfaits de l\u2019Or Monatomique dans ces domaines.<\/p>\n\n\n\n<div class=\"wp-block-uagb-container uagb-block-65c2c7ad alignfull uagb-is-root-container\"><div class=\"uagb-container-inner-blocks-wrap\">\n<div class=\"wp-block-uagb-advanced-heading uagb-block-b947b7b0\"><h2 class=\"uagb-heading-text\">Or Monatomique et Apprentissage<\/h2><\/div>\n\n\n\n<p>Des recherches men\u00e9es \u00e0 l\u2019Alphalearning Institute ont montr\u00e9 que l\u2019Or Monatomique pouvait am\u00e9liorer l\u2019\u00e9quilibre c\u00e9r\u00e9bral et les capacit\u00e9s d\u2019apprentissage. On estime qu\u2019il stimule les r\u00e9actions \u00e9lectrochimiques dans le cerveau, favorisant un \u00e9quilibre entre les h\u00e9misph\u00e8res gauche et droit. Cet \u00e9quilibre est associ\u00e9 \u00e0 une facilitation de l\u2019apprentissage, \u00e0 une am\u00e9lioration de la m\u00e9moire et au maintien d\u2019un corps en meilleure sant\u00e9. L\u2019ingestion d\u2019Or Monatomique aurait \u00e9galement un lien avec la manifestation instantan\u00e9e et une compr\u00e9hension plus profonde de la fa\u00e7on dont nos pens\u00e9es influencent la r\u00e9alit\u00e9.<\/p>\n\n\n\n<p>Nos \u00e9tudes ont r\u00e9v\u00e9l\u00e9 que les effets de l\u2019Or Monatomique sur l\u2019apprentissage sont quasiment instantan\u00e9s et identiques sur tous les sujets. Les principaux r\u00e9sultats incluent un \u00e9quilibre accru entre l\u2019h\u00e9misph\u00e8re gauche et l\u2019h\u00e9misph\u00e8re droit du cerveau, ainsi qu\u2019une tendance \u00e0 se rapprocher des ondes c\u00e9r\u00e9brales alpha, fr\u00e9quences associ\u00e9es \u00e0 de meilleures aptitudes d\u2019apprentissage.<\/p>\n\n\n\n<div class=\"wp-block-uagb-advanced-heading uagb-block-a593e525\"><h2 class=\"uagb-heading-text\">Or Monatomique et Haute Performance<\/h2><\/div>\n\n\n\n<p>L\u2019Or Monatomique n\u2019est pas seulement b\u00e9n\u00e9fique pour l\u2019apprentissage\u202f; il pr\u00e9sente \u00e9galement des avantages potentiels pour la haute performance. L\u2019\u00e9quilibre qu\u2019il cr\u00e9e dans le cerveau peut se traduire par une meilleure coordination corps\/esprit, atout essentiel dans de nombreux domaines, qu\u2019il s\u2019agisse du sport, de l\u2019enseignement sup\u00e9rieur ou de la cr\u00e9ation artistique.<\/p>\n\n\n\n<p>De plus, la capacit\u00e9 de l\u2019Or Monatomique \u00e0 stimuler les ondes c\u00e9r\u00e9brales alpha est associ\u00e9e \u00e0 une plus grande cr\u00e9ativit\u00e9 et \u00e0 une r\u00e9duction du stress. Cela peut aboutir \u00e0 une am\u00e9lioration des performances dans un large \u00e9ventail d\u2019activit\u00e9s, faisant de l\u2019Or Monatomique un atout potentiel pour toute personne souhaitant optimiser ses r\u00e9sultats.<\/p>\n\n\n\n<p>En plus d&#8217;augmenter la vitesse de gu\u00e9rison corporelle et de renforcer la force physique, l&#8217;Or Monatomique est \u00e9galement associ\u00e9 \u00e0 un d\u00e9veloppement de l\u2019intuition et de l\u2019intelligence.<\/p>\n\n\n\n<div class=\"wp-block-uagb-advanced-heading uagb-block-f4c7a539\"><h2 class=\"uagb-heading-text\">Or Monatomique, Bien-\u00eatre et R\u00e9paration de l\u2019ADN<\/h2><\/div>\n\n\n\n<p>Au-del\u00e0 de ses bienfaits cognitifs, l\u2019Or Monatomique est aussi associ\u00e9 \u00e0 la promotion d\u2019un bien-\u00eatre global. On pense qu\u2019il contribue au processus de r\u00e9g\u00e9n\u00e9ration cellulaire et am\u00e9liore les capacit\u00e9s naturelles de gu\u00e9rison du corps. L\u2019Or Monatomique renforce le syst\u00e8me immunitaire et serait capable de r\u00e9parer les dommages subis par l\u2019ADN. Il produit un effet anti-\u00e2ge sur la peau, les cheveux et les ongles, raison pour laquelle on le qualifie parfois d\u2019\u00ab\u202f\u00c9lixir de Vie\u202f\u00bb. Bien que des recherches suppl\u00e9mentaires soient n\u00e9cessaires pour comprendre pleinement ces bienfaits, les premi\u00e8res conclusions sugg\u00e8rent que l\u2019Or Monatomique pourrait enrichir une approche holistique de la sant\u00e9 et du bien-\u00eatre.<\/p>\n\n\n\n<div class=\"wp-block-uagb-advanced-heading uagb-block-d974ca42\"><h2 class=\"uagb-heading-text\">Or Monatomique, Neurofeedback et Spiritualit\u00e9<\/h2><\/div>\n\n\n\n<p>L\u2019Or Monatomique a montr\u00e9 des r\u00e9sultats prometteurs dans le domaine du neurofeedback, une forme de biofeedback qui utilise l\u2019affichage en temps r\u00e9el de l\u2019activit\u00e9 c\u00e9r\u00e9brale pour enseigner la r\u00e9gulation autonome du fonctionnement du cerveau. Les \u00e9tudes indiquent que l\u2019Or Monatomique peut aider le cerveau \u00e0 tendre vers un \u00e9tat d\u2019hom\u00e9ostasie ou d\u2019\u00e9quilibre, en stimulant des fr\u00e9quences c\u00e9r\u00e9brales b\u00e9n\u00e9fiques et en am\u00e9liorant potentiellement l\u2019efficacit\u00e9 des s\u00e9ances de neurofeedback.<\/p>\n\n\n\n<p>Sur le plan spirituel, l\u2019Or Monatomique est utilis\u00e9 depuis l\u2019Antiquit\u00e9\u202f; diverses cultures anciennes croyaient en sa capacit\u00e9 \u00e0 \u00e9lever la conscience spirituelle et \u00e0 favoriser l\u2019illumination. Ormus \u00e9l\u00e8ve la vibration de la personne qui le consomme, activant souvent la kundalini et donnant lieu \u00e0 des exp\u00e9riences de t\u00e9l\u00e9pathie involontaire, de perception d\u2019aura et de champs \u00e9nerg\u00e9tiques, ainsi qu\u2019\u00e0 des r\u00eaves lucides. Les utilisateurs rapportent souvent un sentiment accru de paix, une intuition plus d\u00e9velopp\u00e9e et un lien spirituel plus profond.<\/p>\n\n\n\n<p><strong>En conclusion<\/strong>, l\u2019Or Monatomique est une substance unique offrant un large \u00e9ventail de bienfaits potentiels dans les domaines de l\u2019apprentissage, de la haute performance, du bien-\u00eatre, du neurofeedback et de la spiritualit\u00e9. Ses propri\u00e9t\u00e9s singuli\u00e8res et ses effets sur le cerveau font l\u2019objet de recherches continues. De surcro\u00eet, ses possibles avantages pour le bien-\u00eatre g\u00e9n\u00e9ral et la spiritualit\u00e9 contribuent \u00e0 nourrir l\u2019int\u00e9r\u00eat et l\u2019attrait qu\u2019il suscite.<\/p>\n\n\n\n<p class=\"has-text-align-right\"><strong>En savoir plus sur l\u2019Or Monatomique :<\/strong><br><a href=\"https:\/\/alphalearning.com\/monatomic-gold\/what-is-monatomic-gold\/\">Qu\u2019est-ce que l\u2019Or Monatomique ?<\/a><br><a href=\"https:\/\/alphalearning.com\/fr\/ormus\/recherche\/\">Recherches sur l\u2019Or Monatomique<\/a><br><a href=\"https:\/\/alphalearning.com\/monatomic-gold\/research\/etherium-gold-study\/\">\u00c9tude de l\u2019Alphalearning Institute<\/a><br><a href=\"https:\/\/alphalearning.com\/monatomic-gold\/research\/bio-neurological-effects-etherium-gold\/\">Effets biologiques et neurophysiologiques de l\u2019Etherium Gold<\/a><\/p>\n<\/div><\/div>\n\n\n\n<p><\/p>\n","protected":false},"excerpt":{"rendered":"<p>Bienfaits de l\u2019Or Monatomique L\u2019Or Monatomique, \u00e9galement connu sous le nom d\u2019Etherium Gold ou Ormus, a fait l\u2019objet de diverses [&hellip;]<\/p>\n","protected":false},"author":2,"featured_media":0,"parent":13198,"menu_order":464,"comment_status":"closed","ping_status":"closed","template":"","meta":{"_uag_custom_page_level_css":"","site-sidebar-layout":"default","site-content-layout":"","ast-site-content-layout":"default","site-content-style":"default","site-sidebar-style":"default","ast-global-header-display":"","ast-banner-title-visibility":"","ast-main-header-display":"","ast-hfb-above-header-display":"","ast-hfb-below-header-display":"","ast-hfb-mobile-header-display":"","site-post-title":"disabled","ast-breadcrumbs-content":"","ast-featured-img":"","footer-sml-layout":"","ast-disable-related-posts":"","theme-transparent-header-meta":"","adv-header-id-meta":"","stick-header-meta":"","header-above-stick-meta":"","header-main-stick-meta":"","header-below-stick-meta":"","astra-migrate-meta-layouts":"default","ast-page-background-enabled":"default","ast-page-background-meta":{"desktop":{"background-color":"var(--ast-global-color-4)","background-image":"","background-repeat":"repeat","background-position":"center center","background-size":"auto","background-attachment":"scroll","background-type":"","background-media":"","overlay-type":"","overlay-color":"","overlay-opacity":"","overlay-gradient":""},"tablet":{"background-color":"","background-image":"","background-repeat":"repeat","background-position":"center center","background-size":"auto","background-attachment":"scroll","background-type":"","background-media":"","overlay-type":"","overlay-color":"","overlay-opacity":"","overlay-gradient":""},"mobile":{"background-color":"","background-image":"","background-repeat":"repeat","background-position":"center center","background-size":"auto","background-attachment":"scroll","background-type":"","background-media":"","overlay-type":"","overlay-color":"","overlay-opacity":"","overlay-gradient":""}},"ast-content-background-meta":{"desktop":{"background-color":"var(--ast-global-color-5)","background-image":"","background-repeat":"repeat","background-position":"center center","background-size":"auto","background-attachment":"scroll","background-type":"","background-media":"","overlay-type":"","overlay-color":"","overlay-opacity":"","overlay-gradient":""},"tablet":{"background-color":"var(--ast-global-color-5)","background-image":"","background-repeat":"repeat","background-position":"center center","background-size":"auto","background-attachment":"scroll","background-type":"","background-media":"","overlay-type":"","overlay-color":"","overlay-opacity":"","overlay-gradient":""},"mobile":{"background-color":"var(--ast-global-color-5)","background-image":"","background-repeat":"repeat","background-position":"center center","background-size":"auto","background-attachment":"scroll","background-type":"","background-media":"","overlay-type":"","overlay-color":"","overlay-opacity":"","overlay-gradient":""}},"footnotes":""},"class_list":["post-13206","page","type-page","status-publish","hentry"],"yoast_head":"<!-- This site is optimized with the Yoast SEO plugin v27.1.1 - https:\/\/yoast.com\/product\/yoast-seo-wordpress\/ -->\n<title>Apprentissage &amp; Bien-\u00catre : Bienfaits de l\u2019Or Monatomique<\/title>\n<meta name=\"description\" content=\"D\u00e9couvrez le potentiel de l\u2019Or Monatomique pour l\u2019\u00e9quilibre c\u00e9r\u00e9bral, la haute performance, le bien-\u00eatre et l\u2019\u00e9veil spirituel. Informez-vous sur son r\u00f4le d\u00e9terminant dans le bien-\u00eatre global.\" \/>\n<meta name=\"robots\" content=\"index, follow, max-snippet:-1, max-image-preview:large, max-video-preview:-1\" \/>\n<link rel=\"canonical\" href=\"https:\/\/alphalearning.com\/fr\/ormus\/recherche\/benefices\/\" \/>\n<meta property=\"og:locale\" content=\"fr_FR\" \/>\n<meta property=\"og:type\" content=\"article\" \/>\n<meta property=\"og:title\" content=\"Apprentissage &amp; Bien-\u00catre : Bienfaits de l\u2019Or Monatomique\" \/>\n<meta property=\"og:description\" content=\"D\u00e9couvrez le potentiel de l\u2019Or Monatomique pour l\u2019\u00e9quilibre c\u00e9r\u00e9bral, la haute performance, le bien-\u00eatre et l\u2019\u00e9veil spirituel. Informez-vous sur son r\u00f4le d\u00e9terminant dans le bien-\u00eatre global.\" \/>\n<meta property=\"og:url\" content=\"https:\/\/alphalearning.com\/fr\/ormus\/recherche\/benefices\/\" \/>\n<meta property=\"og:site_name\" content=\"Alphalearning International\" \/>\n<meta property=\"article:modified_time\" content=\"2025-04-27T17:02:21+00:00\" \/>\n<meta property=\"og:image\" content=\"https:\/\/alphalearning.com\/wp-content\/uploads\/2024\/04\/alphalearning-logo_red_1200x675px.png\" \/>\n\t<meta property=\"og:image:width\" content=\"1200\" \/>\n\t<meta property=\"og:image:height\" content=\"675\" \/>\n\t<meta property=\"og:image:type\" content=\"image\/png\" \/>\n<meta name=\"twitter:card\" content=\"summary_large_image\" \/>\n<meta name=\"twitter:label1\" content=\"Est. reading time\" \/>\n\t<meta name=\"twitter:data1\" content=\"3 minutes\" \/>\n<!-- \/ Yoast SEO plugin. -->","yoast_head_json":{"title":"Apprentissage & Bien-\u00catre : Bienfaits de l\u2019Or Monatomique","description":"D\u00e9couvrez le potentiel de l\u2019Or Monatomique pour l\u2019\u00e9quilibre c\u00e9r\u00e9bral, la haute performance, le bien-\u00eatre et l\u2019\u00e9veil spirituel. Informez-vous sur son r\u00f4le d\u00e9terminant dans le bien-\u00eatre global.","robots":{"index":"index","follow":"follow","max-snippet":"max-snippet:-1","max-image-preview":"max-image-preview:large","max-video-preview":"max-video-preview:-1"},"canonical":"https:\/\/alphalearning.com\/fr\/ormus\/recherche\/benefices\/","og_locale":"fr_FR","og_type":"article","og_title":"Apprentissage & Bien-\u00catre : Bienfaits de l\u2019Or Monatomique","og_description":"D\u00e9couvrez le potentiel de l\u2019Or Monatomique pour l\u2019\u00e9quilibre c\u00e9r\u00e9bral, la haute performance, le bien-\u00eatre et l\u2019\u00e9veil spirituel. Informez-vous sur son r\u00f4le d\u00e9terminant dans le bien-\u00eatre global.","og_url":"https:\/\/alphalearning.com\/fr\/ormus\/recherche\/benefices\/","og_site_name":"Alphalearning International","article_modified_time":"2025-04-27T17:02:21+00:00","og_image":[{"width":1200,"height":675,"url":"https:\/\/alphalearning.com\/wp-content\/uploads\/2024\/04\/alphalearning-logo_red_1200x675px.png","type":"image\/png"}],"twitter_card":"summary_large_image","twitter_misc":{"Est. reading time":"3 minutes"},"schema":{"@context":"https:\/\/schema.org","@graph":[{"@type":"WebPage","@id":"https:\/\/alphalearning.com\/fr\/ormus\/recherche\/benefices\/","url":"https:\/\/alphalearning.com\/fr\/ormus\/recherche\/benefices\/","name":"Apprentissage & Bien-\u00catre : Bienfaits de l\u2019Or Monatomique","isPartOf":{"@id":"https:\/\/alphalearning.com\/fr\/#website"},"datePublished":"2024-03-27T16:37:05+00:00","dateModified":"2025-04-27T17:02:21+00:00","description":"D\u00e9couvrez le potentiel de l\u2019Or Monatomique pour l\u2019\u00e9quilibre c\u00e9r\u00e9bral, la haute performance, le bien-\u00eatre et l\u2019\u00e9veil spirituel. Informez-vous sur son r\u00f4le d\u00e9terminant dans le bien-\u00eatre global.","breadcrumb":{"@id":"https:\/\/alphalearning.com\/fr\/ormus\/recherche\/benefices\/#breadcrumb"},"inLanguage":"fr","potentialAction":[{"@type":"ReadAction","target":["https:\/\/alphalearning.com\/fr\/ormus\/recherche\/benefices\/"]}]},{"@type":"BreadcrumbList","@id":"https:\/\/alphalearning.com\/fr\/ormus\/recherche\/benefices\/#breadcrumb","itemListElement":[{"@type":"ListItem","position":1,"name":"Home","item":"https:\/\/alphalearning.com\/fr\/"},{"@type":"ListItem","position":2,"name":"Ormus","item":"https:\/\/alphalearning.com\/fr\/ormus\/"},{"@type":"ListItem","position":3,"name":"Recherche sur l&#8217;Or Monatomique","item":"https:\/\/alphalearning.com\/fr\/ormus\/recherche\/"},{"@type":"ListItem","position":4,"name":"B\u00e9n\u00e9fices de l&#8217;Or Monatomique"}]},{"@type":"WebSite","@id":"https:\/\/alphalearning.com\/fr\/#website","url":"https:\/\/alphalearning.com\/fr\/","name":"Alphalearning International","description":"the brain training institute","publisher":{"@id":"https:\/\/alphalearning.com\/fr\/#organization"},"potentialAction":[{"@type":"SearchAction","target":{"@type":"EntryPoint","urlTemplate":"https:\/\/alphalearning.com\/fr\/?s={search_term_string}"},"query-input":{"@type":"PropertyValueSpecification","valueRequired":true,"valueName":"search_term_string"}}],"inLanguage":"fr"},{"@type":"Organization","@id":"https:\/\/alphalearning.com\/fr\/#organization","name":"Alphalearning International","url":"https:\/\/alphalearning.com\/fr\/","logo":{"@type":"ImageObject","inLanguage":"fr","@id":"https:\/\/alphalearning.com\/fr\/#\/schema\/logo\/image\/","url":"https:\/\/alphalearning.com\/wp-content\/uploads\/2024\/03\/alphalearning_ico2_512px.png","contentUrl":"https:\/\/alphalearning.com\/wp-content\/uploads\/2024\/03\/alphalearning_ico2_512px.png","width":512,"height":512,"caption":"Alphalearning International"},"image":{"@id":"https:\/\/alphalearning.com\/fr\/#\/schema\/logo\/image\/"}}]}},"uagb_featured_image_src":{"full":false,"thumbnail":false,"medium":false,"medium_large":false,"large":false,"1536x1536":false,"2048x2048":false,"gform-image-choice-sm":false,"gform-image-choice-md":false,"gform-image-choice-lg":false},"uagb_author_info":{"display_name":"Julio Machado","author_link":"https:\/\/alphalearning.com\/fr\/author\/julio-machado\/"},"uagb_comment_info":0,"uagb_excerpt":"Bienfaits de l\u2019Or Monatomique L\u2019Or Monatomique, \u00e9galement connu sous le nom d\u2019Etherium Gold ou Ormus, a fait l\u2019objet de diverses [&hellip;]","_links":{"self":[{"href":"https:\/\/alphalearning.com\/fr\/wp-json\/wp\/v2\/pages\/13206","targetHints":{"allow":["GET"]}}],"collection":[{"href":"https:\/\/alphalearning.com\/fr\/wp-json\/wp\/v2\/pages"}],"about":[{"href":"https:\/\/alphalearning.com\/fr\/wp-json\/wp\/v2\/types\/page"}],"author":[{"embeddable":true,"href":"https:\/\/alphalearning.com\/fr\/wp-json\/wp\/v2\/users\/2"}],"replies":[{"embeddable":true,"href":"https:\/\/alphalearning.com\/fr\/wp-json\/wp\/v2\/comments?post=13206"}],"version-history":[{"count":5,"href":"https:\/\/alphalearning.com\/fr\/wp-json\/wp\/v2\/pages\/13206\/revisions"}],"predecessor-version":[{"id":15309,"href":"https:\/\/alphalearning.com\/fr\/wp-json\/wp\/v2\/pages\/13206\/revisions\/15309"}],"up":[{"embeddable":true,"href":"https:\/\/alphalearning.com\/fr\/wp-json\/wp\/v2\/pages\/13198"}],"wp:attachment":[{"href":"https:\/\/alphalearning.com\/fr\/wp-json\/wp\/v2\/media?parent=13206"}],"curies":[{"name":"wp","href":"https:\/\/api.w.org\/{rel}","templated":true}]}}