{"id":13198,"date":"2024-03-27T16:36:03","date_gmt":"2024-03-27T16:36:03","guid":{"rendered":"https:\/\/alphalearning.com\/ormus\/research\/"},"modified":"2025-04-27T17:29:41","modified_gmt":"2025-04-27T16:29:41","slug":"recherche","status":"publish","type":"page","link":"https:\/\/alphalearning.com\/fr\/ormus\/recherche\/","title":{"rendered":"Recherche sur l&#8217;Or Monatomique"},"content":{"rendered":"\n<div class=\"wp-block-uagb-advanced-heading uagb-block-e7f27043\"><h1 class=\"uagb-heading-text\">Recherche sur l\u2019Or Monatomique<\/h1><\/div>\n\n\n\n<div class=\"wp-block-uagb-container uagb-block-59bdf78c alignfull uagb-is-root-container\"><div class=\"uagb-container-inner-blocks-wrap\">\n<p>L\u2019Or Monatomique, \u00e9galement connu sous le nom d\u2019Etherium Gold, a fait l\u2019objet de diverses \u00e9tudes en raison de son potentiel \u00e0 am\u00e9liorer l\u2019apprentissage, les performances et le neurofeedback. Cette page propose un aper\u00e7u des principales recherches men\u00e9es sur l\u2019Or Monatomique.<\/p>\n\n\n\n<div class=\"wp-block-uagb-advanced-heading uagb-block-27a280f0\"><h2 class=\"uagb-heading-text\">\u00c9tude de l\u2019Alphalearning Institute<\/h2><\/div>\n\n\n\n<p>L\u2019Alphalearning Institute a men\u00e9 une \u00e9tude sur l\u2019Etherium Gold, portant principalement sur ses effets sur l\u2019\u00e9quilibre c\u00e9r\u00e9bral et la capacit\u00e9 d\u2019apprentissage. L\u2019\u00e9tude a r\u00e9v\u00e9l\u00e9 que l\u2019Etherium Gold stimule des r\u00e9actions \u00e9lectrochimiques dans le cerveau, menant \u00e0 un \u00e9quilibre entre les h\u00e9misph\u00e8res gauche et droit. Cet \u00e9quilibre est associ\u00e9 \u00e0 une facilit\u00e9 d\u2019apprentissage accrue, une am\u00e9lioration de la m\u00e9moire et un maintien d\u2019une meilleure sant\u00e9 g\u00e9n\u00e9rale.<\/p>\n\n\n\n<p>Les effets de l\u2019Etherium Gold sur l\u2019apprentissage se sont av\u00e9r\u00e9s pratiquement instantan\u00e9s et identiques chez tous les sujets. Les principaux effets comprennent un \u00e9quilibre accru entre les h\u00e9misph\u00e8res gauche et droit du cerveau, ainsi qu\u2019une tendance \u00e0 adopter des fr\u00e9quences d\u2019ondes alpha, associ\u00e9es \u00e0 une meilleure capacit\u00e9 d\u2019apprentissage.<\/p>\n\n\n\n<p>Pour plus de d\u00e9tails sur cette \u00e9tude, visitez la page <a href=\"https:\/\/alphalearning.com\/monatomic-gold\/research\/etherium-gold-study\/\">Alphalearning Institute Study<\/a>.<\/p>\n\n\n\n<div class=\"wp-block-uagb-advanced-heading uagb-block-d33b7db0\"><h2 class=\"uagb-heading-text\">Une enqu\u00eate pr\u00e9liminaire sur les effets biologiques et neurophysiologiques de l\u2019Etherium Gold<\/h2><\/div>\n\n\n\n<p>Cette \u00e9tude a examin\u00e9 les effets biologiques et neurophysiologiques de la prise sublinguale de poudre d\u2019Etherium Gold. Les r\u00e9sultats ont indiqu\u00e9 que l\u2019Etherium Gold suscitait une r\u00e9ponse neurologique positive, et probablement physiologique. La prise d\u2019Etherium Gold contribuerait \u00e0 cr\u00e9er un environnement dans lequel le cerveau tend vers un \u00e9tat d\u2019hom\u00e9ostasie, ou d\u2019\u00e9quilibre.<\/p>\n\n\n\n<p>En outre, l\u2019\u00e9tude a d\u00e9montr\u00e9 que l\u2019Etherium Gold a tendance \u00e0 \u00e9quilibrer les diff\u00e9rences d\u2019intensit\u00e9 entre les diverses gammes de fr\u00e9quences c\u00e9r\u00e9brales, aidant ainsi les individus \u00e0 adopter un fonctionnement plus \u00ab global \u00bb du cerveau.<\/p>\n\n\n\n<p>Pour plus de d\u00e9tails sur cette \u00e9tude, visitez la page<br><a href=\"https:\/\/alphalearning.com\/monatomic-gold\/research\/bio-neurological-effects-etherium-gold\/\">A Preliminary Inquiry into the Biological and Neurophysiological Effects of Etherium Gold<\/a>.<\/p>\n\n\n\n<div class=\"wp-block-uagb-advanced-heading uagb-block-274b0621\"><h2 class=\"uagb-heading-text\">L\u2019Or Monatomique dans les cultures anciennes<\/h2><\/div>\n\n\n\n<p>Des textes historiques et des preuves arch\u00e9ologiques indiquent que l\u2019Or Monatomique \u00e9tait connu et utilis\u00e9 par les civilisations anciennes, notamment les \u00c9gyptiens et les Sum\u00e9riens. Ces cultures croyaient en les bienfaits spirituels et physiques de l\u2019Or Monatomique, l\u2019utilisant pour l\u2019illumination, la long\u00e9vit\u00e9 et le bien-\u00eatre g\u00e9n\u00e9ral. Bien que ces usages historiques ne constituent pas en soi des recherches scientifiques, ils offrent un aper\u00e7u int\u00e9ressant de l\u2019int\u00e9r\u00eat de longue date pour l\u2019Or Monatomique.<\/p>\n\n\n\n<div class=\"wp-block-uagb-advanced-heading uagb-block-63cceaad\"><h2 class=\"uagb-heading-text\">Pistes de recherche futures<\/h2><\/div>\n\n\n\n<p>Bien que les recherches actuelles sur l\u2019Or Monatomique s\u2019av\u00e8rent prometteuses, il reste encore beaucoup \u00e0 d\u00e9couvrir. De futures \u00e9tudes pourraient porter sur les effets \u00e0 long terme de l\u2019Or Monatomique, ses b\u00e9n\u00e9fices potentiels pour des affections ou des populations sp\u00e9cifiques, ainsi que ses m\u00e9canismes d\u2019action. Comprendre ces aspects pourrait aider \u00e0 optimiser les bienfaits de l\u2019Or Monatomique et \u00e0 en \u00e9largir les applications.<\/p>\n\n\n\n<p>En conclusion, les recherches men\u00e9es \u00e0 ce jour sur l\u2019Or Monatomique ont montr\u00e9 des r\u00e9sultats prometteurs en ce qui concerne ses effets sur l\u2019apprentissage, les performances et le neurofeedback. Toutefois, davantage de recherches sont n\u00e9cessaires pour mieux comprendre l\u2019ensemble des avantages et des applications potentielles de cette substance unique.<\/p>\n\n\n\n<p class=\"has-text-align-right\"><strong>Pour en savoir plus sur l\u2019Or Monatomique :<\/strong><br><a href=\"https:\/\/alphalearning.com\/monatomic-gold\/what-is-monatomic-gold\/\">Qu\u2019est-ce que l\u2019Or Monatomique ?<\/a><br><a href=\"https:\/\/alphalearning.com\/monatomic-gold\/research\/etherium-gold-study\/\">\u00c9tude de l\u2019Alphalearning Institute<\/a><br><a href=\"https:\/\/alphalearning.com\/monatomic-gold\/research\/bio-neurological-effects-etherium-gold\/\">Effets biologiques et neurophysiologiques de l\u2019Etherium Gold<\/a><br><a href=\"https:\/\/alphalearning.com\/monatomic-gold\/research\/benefits\/\">Les bienfaits de l\u2019Or Monatomique<\/a><\/p>\n<\/div><\/div>\n","protected":false},"excerpt":{"rendered":"<p>Recherche sur l\u2019Or Monatomique L\u2019Or Monatomique, \u00e9galement connu sous le nom d\u2019Etherium Gold, a fait l\u2019objet de diverses \u00e9tudes en [&hellip;]<\/p>\n","protected":false},"author":2,"featured_media":0,"parent":13190,"menu_order":462,"comment_status":"closed","ping_status":"closed","template":"","meta":{"_uag_custom_page_level_css":"","site-sidebar-layout":"default","site-content-layout":"","ast-site-content-layout":"default","site-content-style":"default","site-sidebar-style":"default","ast-global-header-display":"","ast-banner-title-visibility":"","ast-main-header-display":"","ast-hfb-above-header-display":"","ast-hfb-below-header-display":"","ast-hfb-mobile-header-display":"","site-post-title":"disabled","ast-breadcrumbs-content":"","ast-featured-img":"","footer-sml-layout":"","ast-disable-related-posts":"","theme-transparent-header-meta":"","adv-header-id-meta":"","stick-header-meta":"","header-above-stick-meta":"","header-main-stick-meta":"","header-below-stick-meta":"","astra-migrate-meta-layouts":"default","ast-page-background-enabled":"default","ast-page-background-meta":{"desktop":{"background-color":"var(--ast-global-color-4)","background-image":"","background-repeat":"repeat","background-position":"center center","background-size":"auto","background-attachment":"scroll","background-type":"","background-media":"","overlay-type":"","overlay-color":"","overlay-opacity":"","overlay-gradient":""},"tablet":{"background-color":"","background-image":"","background-repeat":"repeat","background-position":"center center","background-size":"auto","background-attachment":"scroll","background-type":"","background-media":"","overlay-type":"","overlay-color":"","overlay-opacity":"","overlay-gradient":""},"mobile":{"background-color":"","background-image":"","background-repeat":"repeat","background-position":"center center","background-size":"auto","background-attachment":"scroll","background-type":"","background-media":"","overlay-type":"","overlay-color":"","overlay-opacity":"","overlay-gradient":""}},"ast-content-background-meta":{"desktop":{"background-color":"var(--ast-global-color-5)","background-image":"","background-repeat":"repeat","background-position":"center center","background-size":"auto","background-attachment":"scroll","background-type":"","background-media":"","overlay-type":"","overlay-color":"","overlay-opacity":"","overlay-gradient":""},"tablet":{"background-color":"var(--ast-global-color-5)","background-image":"","background-repeat":"repeat","background-position":"center center","background-size":"auto","background-attachment":"scroll","background-type":"","background-media":"","overlay-type":"","overlay-color":"","overlay-opacity":"","overlay-gradient":""},"mobile":{"background-color":"var(--ast-global-color-5)","background-image":"","background-repeat":"repeat","background-position":"center center","background-size":"auto","background-attachment":"scroll","background-type":"","background-media":"","overlay-type":"","overlay-color":"","overlay-opacity":"","overlay-gradient":""}},"footnotes":""},"class_list":["post-13198","page","type-page","status-publish","hentry"],"yoast_head":"<!-- This site is optimized with the Yoast SEO plugin v27.1.1 - https:\/\/yoast.com\/product\/yoast-seo-wordpress\/ -->\n<title>Recherche de pointe: Or Monatomique, cerveau et performance<\/title>\n<meta name=\"description\" content=\"D\u00e9couvrez les derni\u00e8res d\u00e9couvertes sur l\u2019impact de l\u2019Or Monatomique sur l\u2019apprentissage, l\u2019\u00e9quilibre c\u00e9r\u00e9bral et la performance.\" \/>\n<meta name=\"robots\" content=\"index, follow, max-snippet:-1, max-image-preview:large, max-video-preview:-1\" \/>\n<link rel=\"canonical\" href=\"https:\/\/alphalearning.com\/fr\/ormus\/recherche\/\" \/>\n<meta property=\"og:locale\" content=\"fr_FR\" \/>\n<meta property=\"og:type\" content=\"article\" \/>\n<meta property=\"og:title\" content=\"Recherche de pointe: Or Monatomique, cerveau et performance\" \/>\n<meta property=\"og:description\" content=\"D\u00e9couvrez les derni\u00e8res d\u00e9couvertes sur l\u2019impact de l\u2019Or Monatomique sur l\u2019apprentissage, l\u2019\u00e9quilibre c\u00e9r\u00e9bral et la performance.\" \/>\n<meta property=\"og:url\" content=\"https:\/\/alphalearning.com\/fr\/ormus\/recherche\/\" \/>\n<meta property=\"og:site_name\" content=\"Alphalearning International\" \/>\n<meta property=\"article:modified_time\" content=\"2025-04-27T16:29:41+00:00\" \/>\n<meta property=\"og:image\" content=\"https:\/\/alphalearning.com\/wp-content\/uploads\/2024\/04\/alphalearning-logo_red_1200x675px.png\" \/>\n\t<meta property=\"og:image:width\" content=\"1200\" \/>\n\t<meta property=\"og:image:height\" content=\"675\" \/>\n\t<meta property=\"og:image:type\" content=\"image\/png\" \/>\n<meta name=\"twitter:card\" content=\"summary_large_image\" \/>\n<meta name=\"twitter:label1\" content=\"Est. reading time\" \/>\n\t<meta name=\"twitter:data1\" content=\"3 minutes\" \/>\n<!-- \/ Yoast SEO plugin. -->","yoast_head_json":{"title":"Recherche de pointe: Or Monatomique, cerveau et performance","description":"D\u00e9couvrez les derni\u00e8res d\u00e9couvertes sur l\u2019impact de l\u2019Or Monatomique sur l\u2019apprentissage, l\u2019\u00e9quilibre c\u00e9r\u00e9bral et la performance.","robots":{"index":"index","follow":"follow","max-snippet":"max-snippet:-1","max-image-preview":"max-image-preview:large","max-video-preview":"max-video-preview:-1"},"canonical":"https:\/\/alphalearning.com\/fr\/ormus\/recherche\/","og_locale":"fr_FR","og_type":"article","og_title":"Recherche de pointe: Or Monatomique, cerveau et performance","og_description":"D\u00e9couvrez les derni\u00e8res d\u00e9couvertes sur l\u2019impact de l\u2019Or Monatomique sur l\u2019apprentissage, l\u2019\u00e9quilibre c\u00e9r\u00e9bral et la performance.","og_url":"https:\/\/alphalearning.com\/fr\/ormus\/recherche\/","og_site_name":"Alphalearning International","article_modified_time":"2025-04-27T16:29:41+00:00","og_image":[{"width":1200,"height":675,"url":"https:\/\/alphalearning.com\/wp-content\/uploads\/2024\/04\/alphalearning-logo_red_1200x675px.png","type":"image\/png"}],"twitter_card":"summary_large_image","twitter_misc":{"Est. reading time":"3 minutes"},"schema":{"@context":"https:\/\/schema.org","@graph":[{"@type":"WebPage","@id":"https:\/\/alphalearning.com\/fr\/ormus\/recherche\/","url":"https:\/\/alphalearning.com\/fr\/ormus\/recherche\/","name":"Recherche de pointe: Or Monatomique, cerveau et performance","isPartOf":{"@id":"https:\/\/alphalearning.com\/fr\/#website"},"datePublished":"2024-03-27T16:36:03+00:00","dateModified":"2025-04-27T16:29:41+00:00","description":"D\u00e9couvrez les derni\u00e8res d\u00e9couvertes sur l\u2019impact de l\u2019Or Monatomique sur l\u2019apprentissage, l\u2019\u00e9quilibre c\u00e9r\u00e9bral et la performance.","breadcrumb":{"@id":"https:\/\/alphalearning.com\/fr\/ormus\/recherche\/#breadcrumb"},"inLanguage":"fr","potentialAction":[{"@type":"ReadAction","target":["https:\/\/alphalearning.com\/fr\/ormus\/recherche\/"]}]},{"@type":"BreadcrumbList","@id":"https:\/\/alphalearning.com\/fr\/ormus\/recherche\/#breadcrumb","itemListElement":[{"@type":"ListItem","position":1,"name":"Home","item":"https:\/\/alphalearning.com\/fr\/"},{"@type":"ListItem","position":2,"name":"Ormus","item":"https:\/\/alphalearning.com\/fr\/ormus\/"},{"@type":"ListItem","position":3,"name":"Recherche sur l&#8217;Or Monatomique"}]},{"@type":"WebSite","@id":"https:\/\/alphalearning.com\/fr\/#website","url":"https:\/\/alphalearning.com\/fr\/","name":"Alphalearning International","description":"the brain training institute","publisher":{"@id":"https:\/\/alphalearning.com\/fr\/#organization"},"potentialAction":[{"@type":"SearchAction","target":{"@type":"EntryPoint","urlTemplate":"https:\/\/alphalearning.com\/fr\/?s={search_term_string}"},"query-input":{"@type":"PropertyValueSpecification","valueRequired":true,"valueName":"search_term_string"}}],"inLanguage":"fr"},{"@type":"Organization","@id":"https:\/\/alphalearning.com\/fr\/#organization","name":"Alphalearning International","url":"https:\/\/alphalearning.com\/fr\/","logo":{"@type":"ImageObject","inLanguage":"fr","@id":"https:\/\/alphalearning.com\/fr\/#\/schema\/logo\/image\/","url":"https:\/\/alphalearning.com\/wp-content\/uploads\/2024\/03\/alphalearning_ico2_512px.png","contentUrl":"https:\/\/alphalearning.com\/wp-content\/uploads\/2024\/03\/alphalearning_ico2_512px.png","width":512,"height":512,"caption":"Alphalearning International"},"image":{"@id":"https:\/\/alphalearning.com\/fr\/#\/schema\/logo\/image\/"}}]}},"uagb_featured_image_src":{"full":false,"thumbnail":false,"medium":false,"medium_large":false,"large":false,"1536x1536":false,"2048x2048":false,"gform-image-choice-sm":false,"gform-image-choice-md":false,"gform-image-choice-lg":false},"uagb_author_info":{"display_name":"Julio Machado","author_link":"https:\/\/alphalearning.com\/fr\/author\/julio-machado\/"},"uagb_comment_info":0,"uagb_excerpt":"Recherche sur l\u2019Or Monatomique L\u2019Or Monatomique, \u00e9galement connu sous le nom d\u2019Etherium Gold, a fait l\u2019objet de diverses \u00e9tudes en [&hellip;]","_links":{"self":[{"href":"https:\/\/alphalearning.com\/fr\/wp-json\/wp\/v2\/pages\/13198","targetHints":{"allow":["GET"]}}],"collection":[{"href":"https:\/\/alphalearning.com\/fr\/wp-json\/wp\/v2\/pages"}],"about":[{"href":"https:\/\/alphalearning.com\/fr\/wp-json\/wp\/v2\/types\/page"}],"author":[{"embeddable":true,"href":"https:\/\/alphalearning.com\/fr\/wp-json\/wp\/v2\/users\/2"}],"replies":[{"embeddable":true,"href":"https:\/\/alphalearning.com\/fr\/wp-json\/wp\/v2\/comments?post=13198"}],"version-history":[{"count":2,"href":"https:\/\/alphalearning.com\/fr\/wp-json\/wp\/v2\/pages\/13198\/revisions"}],"predecessor-version":[{"id":14720,"href":"https:\/\/alphalearning.com\/fr\/wp-json\/wp\/v2\/pages\/13198\/revisions\/14720"}],"up":[{"embeddable":true,"href":"https:\/\/alphalearning.com\/fr\/wp-json\/wp\/v2\/pages\/13190"}],"wp:attachment":[{"href":"https:\/\/alphalearning.com\/fr\/wp-json\/wp\/v2\/media?parent=13198"}],"curies":[{"name":"wp","href":"https:\/\/api.w.org\/{rel}","templated":true}]}}