{"id":13190,"date":"2024-03-27T16:35:41","date_gmt":"2024-03-27T16:35:41","guid":{"rendered":"https:\/\/alphalearning.com\/monatomic-gold\/"},"modified":"2025-04-27T16:46:13","modified_gmt":"2025-04-27T15:46:13","slug":"ormus","status":"publish","type":"page","link":"https:\/\/alphalearning.com\/fr\/ormus\/","title":{"rendered":"Ormus"},"content":{"rendered":"\n<div class=\"wp-block-uagb-advanced-heading uagb-block-523d4e69\"><h1 class=\"uagb-heading-text\">L\u2019Or Monatomique : am\u00e9liorer l\u2019apprentissage, la performance et le neurofeedback<\/h1><\/div>\n\n\n\n<div class=\"wp-block-uagb-container uagb-block-7cbabe30 alignfull uagb-is-root-container\"><div class=\"uagb-container-inner-blocks-wrap\">\n<p>Bienvenue dans notre section compl\u00e8te consacr\u00e9e \u00e0 l\u2019Or Monatomique, une substance fascinante qui a fait l\u2019objet de nombreuses \u00e9tudes et recherches dans les domaines de l\u2019apprentissage, de la haute performance, et du neurofeedback.<\/p>\n\n\n\n<p>L\u2019Or Monatomique, \u00e9galement connu sous le nom d\u2019Etherium Gold, est un d\u00e9p\u00f4t naturel d\u2019oligo-\u00e9l\u00e9ments. Il a \u00e9t\u00e9 d\u00e9montr\u00e9 qu\u2019il stimule les r\u00e9actions \u00e9lectrochimiques dans le cerveau, entra\u00eenant un \u00e9quilibre entre les h\u00e9misph\u00e8res gauche et droit. Cet \u00e9quilibre est associ\u00e9 \u00e0 une intelligence accrue, une meilleure coordination corps\/esprit, une cr\u00e9ativit\u00e9 renforc\u00e9e et un stress r\u00e9duit.<\/p>\n\n\n\n<div class=\"wp-block-uagb-advanced-heading uagb-block-892924a8\"><h2 class=\"uagb-heading-text\">La puissance de l\u2019Or Monatomique<\/h2><\/div>\n\n\n\n<p>Nos recherches \u00e0 l\u2019institut Alphalearning ont montr\u00e9 que l\u2019Or Monatomique peut am\u00e9liorer l\u2019\u00e9quilibre c\u00e9r\u00e9bral et les capacit\u00e9s d\u2019apprentissage. Dans nos \u00e9tudes, nous avons observ\u00e9 que les effets de l\u2019Or Monatomique se manifestaient pratiquement de mani\u00e8re instantan\u00e9e et identique chez tous les sujets. Les principaux effets comprenaient un \u00e9quilibre accru entre les h\u00e9misph\u00e8res gauche et droit du cerveau, ainsi qu\u2019une pr\u00e9dominance des ondes alpha \u2014 fr\u00e9quences associ\u00e9es \u00e0 de meilleures capacit\u00e9s d\u2019apprentissage.<\/p>\n\n\n\n<p>De plus, on pense que l\u2019Or Monatomique renforce les capacit\u00e9s naturelles de gu\u00e9rison du corps et contribue \u00e0 un bien-\u00eatre global. Il est \u00e9galement associ\u00e9 \u00e0 des exp\u00e9riences spirituelles et mystiques, certains utilisateurs rapportant une intuition accrue, des capacit\u00e9s psychiques amplifi\u00e9es et un sentiment d\u2019illumination.<\/p>\n\n\n\n<div class=\"wp-block-uagb-advanced-heading uagb-block-bb85af54\"><h2 class=\"uagb-heading-text\">L\u2019Or Monatomique et le neurofeedback<\/h2><\/div>\n\n\n\n<p>Le neurofeedback est un type de biofeedback qui utilise des affichages en temps r\u00e9el de l\u2019activit\u00e9 c\u00e9r\u00e9brale pour enseigner l\u2019autor\u00e9gulation des fonctions du cerveau. L\u2019Or Monatomique a d\u00e9montr\u00e9 des r\u00e9sultats prometteurs dans ce domaine, des \u00e9tudes indiquant qu\u2019il peut aider le cerveau \u00e0 progresser vers un \u00e9tat d\u2019hom\u00e9ostasie, ou d\u2019\u00e9quilibre.<\/p>\n\n\n\n<p>Gr\u00e2ce \u00e0 l\u2019utilisation de l\u2019Or Monatomique, les individus peuvent \u00eatre en mesure de mieux contr\u00f4ler leurs \u00e9tats mentaux, ce qui entra\u00eene des am\u00e9liorations dans l\u2019apprentissage, la performance et le bien-\u00eatre mental global. Cela en fait un outil pr\u00e9cieux dans le domaine du neurofeedback.<\/p>\n\n\n\n<div class=\"wp-block-uagb-advanced-heading uagb-block-a46719dd\"><h2 class=\"uagb-heading-text\">Pour aller plus loin<\/h2><\/div>\n\n\n\n<p>Dans cette section, vous trouverez des informations d\u00e9taill\u00e9es sur l\u2019Or Monatomique, ses b\u00e9n\u00e9fices potentiels et son r\u00f4le dans nos recherches.<br>Nous vous invitons \u00e0 explorer les pages suivantes :<\/p>\n\n\n\n<ul class=\"wp-block-list\">\n<li><a href=\"https:\/\/alphalearning.com\/monatomic-gold\/what-is-monatomic-gold\/\">Qu\u2019est-ce que l\u2019Or Monatomique ?<\/a><\/li>\n\n\n\n<li><a href=\"https:\/\/alphalearning.com\/monatomic-gold\/research\/\">Recherches sur l\u2019Or Monatomique<\/a><ul class=\"wp-block-list\"><li><a href=\"https:\/\/alphalearning.com\/monatomic-gold\/research\/etherium-gold-study\/\">\u00c9tude de l\u2019institut Alphalearning<\/a><a href=\"https:\/\/alphalearning.com\/monatomic-gold\/research\/bio-neurological-effects-etherium-gold\/\">Effets biologiques et neurophysiologiques de l\u2019Etherium Gold<\/a><\/li><\/ul><\/li>\n\n\n\n<li><a href=\"https:\/\/alphalearning.com\/monatomic-gold\/research\/benefits\/\">Avantages de l\u2019Or Monatomique<\/a><\/li>\n<\/ul>\n\n\n\n<p>Rejoignez-nous dans cette aventure passionnante tandis que nous explorons le monde de l\u2019Or Monatomique et son potentiel \u00e0 am\u00e9liorer l\u2019apprentissage, la performance et le neurofeedback.<\/p>\n<\/div><\/div>\n\n\n\n<p><\/p>\n","protected":false},"excerpt":{"rendered":"<p>L\u2019Or Monatomique : am\u00e9liorer l\u2019apprentissage, la performance et le neurofeedback Bienvenue dans notre section compl\u00e8te consacr\u00e9e \u00e0 l\u2019Or Monatomique, une [&hellip;]<\/p>\n","protected":false},"author":2,"featured_media":0,"parent":0,"menu_order":460,"comment_status":"closed","ping_status":"closed","template":"","meta":{"_uag_custom_page_level_css":"","site-sidebar-layout":"default","site-content-layout":"","ast-site-content-layout":"default","site-content-style":"default","site-sidebar-style":"default","ast-global-header-display":"","ast-banner-title-visibility":"","ast-main-header-display":"","ast-hfb-above-header-display":"","ast-hfb-below-header-display":"","ast-hfb-mobile-header-display":"","site-post-title":"disabled","ast-breadcrumbs-content":"","ast-featured-img":"","footer-sml-layout":"","ast-disable-related-posts":"","theme-transparent-header-meta":"","adv-header-id-meta":"","stick-header-meta":"","header-above-stick-meta":"","header-main-stick-meta":"","header-below-stick-meta":"","astra-migrate-meta-layouts":"default","ast-page-background-enabled":"default","ast-page-background-meta":{"desktop":{"background-color":"var(--ast-global-color-4)","background-image":"","background-repeat":"repeat","background-position":"center center","background-size":"auto","background-attachment":"scroll","background-type":"","background-media":"","overlay-type":"","overlay-color":"","overlay-opacity":"","overlay-gradient":""},"tablet":{"background-color":"","background-image":"","background-repeat":"repeat","background-position":"center center","background-size":"auto","background-attachment":"scroll","background-type":"","background-media":"","overlay-type":"","overlay-color":"","overlay-opacity":"","overlay-gradient":""},"mobile":{"background-color":"","background-image":"","background-repeat":"repeat","background-position":"center center","background-size":"auto","background-attachment":"scroll","background-type":"","background-media":"","overlay-type":"","overlay-color":"","overlay-opacity":"","overlay-gradient":""}},"ast-content-background-meta":{"desktop":{"background-color":"var(--ast-global-color-5)","background-image":"","background-repeat":"repeat","background-position":"center center","background-size":"auto","background-attachment":"scroll","background-type":"","background-media":"","overlay-type":"","overlay-color":"","overlay-opacity":"","overlay-gradient":""},"tablet":{"background-color":"var(--ast-global-color-5)","background-image":"","background-repeat":"repeat","background-position":"center center","background-size":"auto","background-attachment":"scroll","background-type":"","background-media":"","overlay-type":"","overlay-color":"","overlay-opacity":"","overlay-gradient":""},"mobile":{"background-color":"var(--ast-global-color-5)","background-image":"","background-repeat":"repeat","background-position":"center center","background-size":"auto","background-attachment":"scroll","background-type":"","background-media":"","overlay-type":"","overlay-color":"","overlay-opacity":"","overlay-gradient":""}},"footnotes":""},"class_list":["post-13190","page","type-page","status-publish","hentry"],"yoast_head":"<!-- This site is optimized with the Yoast SEO plugin v27.1.1 - https:\/\/yoast.com\/product\/yoast-seo-wordpress\/ -->\n<title>Le guide d\u2019Alphalearning sur l\u2019Or Monatomique &amp; le Neurofeedback<\/title>\n<meta name=\"description\" content=\"D\u00e9couvrez la puissance de l\u2019Or Monatomique chez Alphalearning. Apprenez comment cet \u00e9l\u00e9ment am\u00e9liore l\u2019apprentissage, l\u2019\u00e9quilibre c\u00e9r\u00e9bral et le bien-\u00eatre global.\" \/>\n<meta name=\"robots\" content=\"index, follow, max-snippet:-1, max-image-preview:large, max-video-preview:-1\" \/>\n<link rel=\"canonical\" href=\"https:\/\/alphalearning.com\/fr\/ormus\/\" \/>\n<meta property=\"og:locale\" content=\"fr_FR\" \/>\n<meta property=\"og:type\" content=\"article\" \/>\n<meta property=\"og:title\" content=\"Le guide d\u2019Alphalearning sur l\u2019Or Monatomique &amp; le Neurofeedback\" \/>\n<meta property=\"og:description\" content=\"D\u00e9couvrez la puissance de l\u2019Or Monatomique chez Alphalearning. Apprenez comment cet \u00e9l\u00e9ment am\u00e9liore l\u2019apprentissage, l\u2019\u00e9quilibre c\u00e9r\u00e9bral et le bien-\u00eatre global.\" \/>\n<meta property=\"og:url\" content=\"https:\/\/alphalearning.com\/fr\/ormus\/\" \/>\n<meta property=\"og:site_name\" content=\"Alphalearning International\" \/>\n<meta property=\"article:modified_time\" content=\"2025-04-27T15:46:13+00:00\" \/>\n<meta property=\"og:image\" content=\"https:\/\/alphalearning.com\/wp-content\/uploads\/2024\/04\/alphalearning-logo_red_1200x675px.png\" \/>\n\t<meta property=\"og:image:width\" content=\"1200\" \/>\n\t<meta property=\"og:image:height\" content=\"675\" \/>\n\t<meta property=\"og:image:type\" content=\"image\/png\" \/>\n<meta name=\"twitter:card\" content=\"summary_large_image\" \/>\n<meta name=\"twitter:label1\" content=\"Est. reading time\" \/>\n\t<meta name=\"twitter:data1\" content=\"2 minutes\" \/>\n<!-- \/ Yoast SEO plugin. -->","yoast_head_json":{"title":"Le guide d\u2019Alphalearning sur l\u2019Or Monatomique & le Neurofeedback","description":"D\u00e9couvrez la puissance de l\u2019Or Monatomique chez Alphalearning. Apprenez comment cet \u00e9l\u00e9ment am\u00e9liore l\u2019apprentissage, l\u2019\u00e9quilibre c\u00e9r\u00e9bral et le bien-\u00eatre global.","robots":{"index":"index","follow":"follow","max-snippet":"max-snippet:-1","max-image-preview":"max-image-preview:large","max-video-preview":"max-video-preview:-1"},"canonical":"https:\/\/alphalearning.com\/fr\/ormus\/","og_locale":"fr_FR","og_type":"article","og_title":"Le guide d\u2019Alphalearning sur l\u2019Or Monatomique & le Neurofeedback","og_description":"D\u00e9couvrez la puissance de l\u2019Or Monatomique chez Alphalearning. Apprenez comment cet \u00e9l\u00e9ment am\u00e9liore l\u2019apprentissage, l\u2019\u00e9quilibre c\u00e9r\u00e9bral et le bien-\u00eatre global.","og_url":"https:\/\/alphalearning.com\/fr\/ormus\/","og_site_name":"Alphalearning International","article_modified_time":"2025-04-27T15:46:13+00:00","og_image":[{"width":1200,"height":675,"url":"https:\/\/alphalearning.com\/wp-content\/uploads\/2024\/04\/alphalearning-logo_red_1200x675px.png","type":"image\/png"}],"twitter_card":"summary_large_image","twitter_misc":{"Est. reading time":"2 minutes"},"schema":{"@context":"https:\/\/schema.org","@graph":[{"@type":"WebPage","@id":"https:\/\/alphalearning.com\/fr\/ormus\/","url":"https:\/\/alphalearning.com\/fr\/ormus\/","name":"Le guide d\u2019Alphalearning sur l\u2019Or Monatomique & le Neurofeedback","isPartOf":{"@id":"https:\/\/alphalearning.com\/fr\/#website"},"datePublished":"2024-03-27T16:35:41+00:00","dateModified":"2025-04-27T15:46:13+00:00","description":"D\u00e9couvrez la puissance de l\u2019Or Monatomique chez Alphalearning. Apprenez comment cet \u00e9l\u00e9ment am\u00e9liore l\u2019apprentissage, l\u2019\u00e9quilibre c\u00e9r\u00e9bral et le bien-\u00eatre global.","breadcrumb":{"@id":"https:\/\/alphalearning.com\/fr\/ormus\/#breadcrumb"},"inLanguage":"fr","potentialAction":[{"@type":"ReadAction","target":["https:\/\/alphalearning.com\/fr\/ormus\/"]}]},{"@type":"BreadcrumbList","@id":"https:\/\/alphalearning.com\/fr\/ormus\/#breadcrumb","itemListElement":[{"@type":"ListItem","position":1,"name":"Home","item":"https:\/\/alphalearning.com\/fr\/"},{"@type":"ListItem","position":2,"name":"Ormus"}]},{"@type":"WebSite","@id":"https:\/\/alphalearning.com\/fr\/#website","url":"https:\/\/alphalearning.com\/fr\/","name":"Alphalearning International","description":"the brain training institute","publisher":{"@id":"https:\/\/alphalearning.com\/fr\/#organization"},"potentialAction":[{"@type":"SearchAction","target":{"@type":"EntryPoint","urlTemplate":"https:\/\/alphalearning.com\/fr\/?s={search_term_string}"},"query-input":{"@type":"PropertyValueSpecification","valueRequired":true,"valueName":"search_term_string"}}],"inLanguage":"fr"},{"@type":"Organization","@id":"https:\/\/alphalearning.com\/fr\/#organization","name":"Alphalearning International","url":"https:\/\/alphalearning.com\/fr\/","logo":{"@type":"ImageObject","inLanguage":"fr","@id":"https:\/\/alphalearning.com\/fr\/#\/schema\/logo\/image\/","url":"https:\/\/alphalearning.com\/wp-content\/uploads\/2024\/03\/alphalearning_ico2_512px.png","contentUrl":"https:\/\/alphalearning.com\/wp-content\/uploads\/2024\/03\/alphalearning_ico2_512px.png","width":512,"height":512,"caption":"Alphalearning International"},"image":{"@id":"https:\/\/alphalearning.com\/fr\/#\/schema\/logo\/image\/"}}]}},"uagb_featured_image_src":{"full":false,"thumbnail":false,"medium":false,"medium_large":false,"large":false,"1536x1536":false,"2048x2048":false,"gform-image-choice-sm":false,"gform-image-choice-md":false,"gform-image-choice-lg":false},"uagb_author_info":{"display_name":"Julio Machado","author_link":"https:\/\/alphalearning.com\/fr\/author\/julio-machado\/"},"uagb_comment_info":0,"uagb_excerpt":"L\u2019Or Monatomique : am\u00e9liorer l\u2019apprentissage, la performance et le neurofeedback Bienvenue dans notre section compl\u00e8te consacr\u00e9e \u00e0 l\u2019Or Monatomique, une [&hellip;]","_links":{"self":[{"href":"https:\/\/alphalearning.com\/fr\/wp-json\/wp\/v2\/pages\/13190","targetHints":{"allow":["GET"]}}],"collection":[{"href":"https:\/\/alphalearning.com\/fr\/wp-json\/wp\/v2\/pages"}],"about":[{"href":"https:\/\/alphalearning.com\/fr\/wp-json\/wp\/v2\/types\/page"}],"author":[{"embeddable":true,"href":"https:\/\/alphalearning.com\/fr\/wp-json\/wp\/v2\/users\/2"}],"replies":[{"embeddable":true,"href":"https:\/\/alphalearning.com\/fr\/wp-json\/wp\/v2\/comments?post=13190"}],"version-history":[{"count":6,"href":"https:\/\/alphalearning.com\/fr\/wp-json\/wp\/v2\/pages\/13190\/revisions"}],"predecessor-version":[{"id":15301,"href":"https:\/\/alphalearning.com\/fr\/wp-json\/wp\/v2\/pages\/13190\/revisions\/15301"}],"wp:attachment":[{"href":"https:\/\/alphalearning.com\/fr\/wp-json\/wp\/v2\/media?parent=13190"}],"curies":[{"name":"wp","href":"https:\/\/api.w.org\/{rel}","templated":true}]}}