{"id":13178,"date":"2024-03-27T16:34:13","date_gmt":"2024-03-27T16:34:13","guid":{"rendered":"https:\/\/alphalearning.com\/introduction-to-brain-balance\/"},"modified":"2025-02-26T09:20:45","modified_gmt":"2025-02-26T09:20:45","slug":"introduction-equilibre-cerebral","status":"publish","type":"page","link":"https:\/\/alphalearning.com\/fr\/introduction-equilibre-cerebral\/","title":{"rendered":"Introduction \u00e0 l&#8217;\u00c9quilibre C\u00e9r\u00e9bral"},"content":{"rendered":"\n<div class=\"wp-block-uagb-advanced-heading uagb-block-a27d8860\"><h1 class=\"uagb-heading-text\">Introduction \u00e0 l\u2019\u00e9quilibre c\u00e9r\u00e9bral<\/h1><\/div>\n\n\n\n<div class=\"wp-block-uagb-container uagb-block-f8732ec0 alignfull uagb-is-root-container\"><div class=\"uagb-container-inner-blocks-wrap\">\n<p><strong>Introduction \u00e0 l\u2019\u00e9quilibre c\u00e9r\u00e9bral<\/strong><\/p>\n\n\n\n<p>Depuis au moins 5 400 ans, l\u2019objectif des pratiques religieuses, des arts martiaux et des gu\u00e9risseurs est de parvenir \u00e0 un \u00e9quilibre du cerveau. L\u2019id\u00e9e repose sur la conviction que le cerveau, le corps, l\u2019esprit et les \u00e9motions sont tous interconnect\u00e9s et que, si l\u2019on \u00e9quilibre l\u2019un d\u2019entre eux, tous les autres tendent \u00e9galement vers un meilleur \u00e9quilibre.<\/p>\n\n\n\n<p>Au fil du temps, diverses techniques (certains ouvrages en recensent plus d\u2019une centaine) ont \u00e9t\u00e9 d\u00e9velopp\u00e9es et enseign\u00e9es. Le Tai Chi en est un exemple embl\u00e9matique : en se concentrant sur l\u2019\u00e9quilibre du corps, on atteint une harmonie \u00e0 la fois physique et mentale.<\/p>\n<\/div><\/div>\n\n\n\n<figure class=\"wp-block-image alignleft size-full\"><img loading=\"lazy\" decoding=\"async\" width=\"192\" height=\"179\" src=\"https:\/\/alphalearning.com\/wp-content\/uploads\/2024\/04\/introbalance.jpg\" alt=\"\" class=\"wp-image-622\"\/><\/figure>\n\n\n\n<p>Gr\u00e2ce \u00e0 Brainwave III, un d\u00e9butant en Tai Chi peut accomplir l\u2019\u00e9quivalent de trois mois de progr\u00e8s en seulement trois jours. L\u2019A\u00efkido illustre \u00e9galement l\u2019association de comp\u00e9tences physiques et d\u2019une intention mentale, l\u2019objectif premier \u00e9tant l\u00e0 aussi l\u2019\u00e9quilibre, d\u2019abord physique, puis mental et \u00e9motionnel.<\/p>\n\n\n\n<p>D\u2019autres techniques se sont d\u00e9velopp\u00e9es, comme les mantras (la r\u00e9p\u00e9tition d\u2019un son) ou le m\u00e9lange de couleurs (sous forme de mandalas, fixes ou en mouvement). Des variantes de ces m\u00e9thodes fondamentales sont utilis\u00e9es \u00e0 travers le monde, g\u00e9n\u00e9ralement associ\u00e9es aux coutumes et croyances religieuses locales.<\/p>\n\n\n\n<p>Ainsi, le concept selon lequel un cerveau \u00e9quilibr\u00e9 et un corps \u00e9quilibr\u00e9 s\u2019influencent mutuellement remonte \u00e0 plus de 5 000 ans. Au fil des si\u00e8cles, des milliers de \u00ab nouvelles id\u00e9es \u00bb ont \u00e9t\u00e9 test\u00e9es avec des degr\u00e9s de succ\u00e8s tr\u00e8s variables. Un livre indien en r\u00e9pertorie 108, tandis que les nonnes du Wisconsin en utilisaient entre 10 et 15. Devant une telle diversit\u00e9, chacun peut choisir la ou les techniques qui lui conviennent : qu\u2019il s\u2019agisse d\u2019une approche dynamique (et tr\u00e8s efficace) comme l\u2019A\u00efkido ou le Tai Chi, ou d\u2019une m\u00e9ditation mantra plus passive, toutes sont valables.<\/p>\n\n\n\n<p>Toutes ces m\u00e9thodes visent \u00e0 guider la relation cerveau\/corps vers plus d\u2019\u00e9quilibre et de stabilit\u00e9. C\u2019est pourquoi, depuis des mill\u00e9naires, les bienfaits d\u2019exercices visant l\u2019\u00e9quilibre c\u00e9r\u00e9bral sont reconnus.<\/p>\n\n\n\n<p>Cependant, plusieurs questions se posaient :<\/p>\n\n\n\n<div class=\"wp-block-uagb-container uagb-block-e7a363a4 alignfull uagb-is-root-container\"><div class=\"uagb-container-inner-blocks-wrap\">\n<ul class=\"wp-block-list\">\n<li>Comment ces techniques fonctionnaient-elles ?<\/li>\n\n\n\n<li>Pourquoi ces techniques fonctionnaient-elles ?<\/li>\n\n\n\n<li>Quelle en \u00e9tait la th\u00e9orie ?<\/li>\n\n\n\n<li>Que se passait-il r\u00e9ellement ?<\/li>\n<\/ul>\n\n\n\n<p>Personne ne le savait.<\/p>\n\n\n\n<p>En 1992, Alphalearning a entrepris des exp\u00e9riences avec un nouveau type d\u2019EEG, des dizaines de milliers de fois plus sensible que les ondes non amplifi\u00e9es. Le syst\u00e8me pouvait ainsi \u00e9valuer l\u2019\u00e9quilibre (le degr\u00e9 de coop\u00e9ration) entre les h\u00e9misph\u00e8res gauche et droit du cerveau pendant que la personne effectuait diverses t\u00e2ches mentales et physiques. Une exp\u00e9rience a donc \u00e9t\u00e9 organis\u00e9e pour tester au moins 100 cadres dirigeants confirm\u00e9s, des personnes dont la r\u00e9ussite \u00e9tait av\u00e9r\u00e9e, afin de voir si leurs fonctions EEG pr\u00e9sentaient des diff\u00e9rences notables. Au final, 147 cadres ont \u00e9t\u00e9 test\u00e9s.<\/p>\n\n\n\n<p>Les r\u00e9sultats ont \u00e9t\u00e9 absolument concluants : plus le cerveau \u00e9tait \u00e9quilibr\u00e9, plus le cadre r\u00e9ussissait \u2013 \u00e0 tous points de vue. Poste plus \u00e9lev\u00e9, responsabilit\u00e9s accrues, loyaut\u00e9 du personnel : autant de signes de r\u00e9ussite, tous associ\u00e9s \u00e0 un cerveau plus \u00e9quilibr\u00e9. Depuis 1976, le professeur Mintzberg \u00e0 Harvard \u00e9mettait d\u00e9j\u00e0 l\u2019hypoth\u00e8se selon laquelle la distinction entre l\u2019h\u00e9misph\u00e8re gauche et l\u2019h\u00e9misph\u00e8re droit \u00e9tait fond\u00e9e.<\/p>\n\n\n\n<p>L\u2019\u00e9tude d\u2019Alphalearning l\u2019a prouv\u00e9 sans \u00e9quivoque. Les avocats et les comptables sont r\u00e9ellement \u00ab left-brained \u00bb (centr\u00e9s sur l\u2019h\u00e9misph\u00e8re gauche) et les directeurs de recherche sont r\u00e9ellement \u00ab right-brained \u00bb (centr\u00e9s sur l\u2019h\u00e9misph\u00e8re droit). Les PDG, les responsables marketing, les commerciaux, etc., poss\u00e8dent davantage un usage \u00e9quilibr\u00e9 des deux h\u00e9misph\u00e8res.<\/p>\n\n\n\n<p>Ensuite, Alphalearning a test\u00e9 l\u2019EEG sur des sportifs : d\u00e9butants, interm\u00e9diaires et professionnels. Les r\u00e9sultats furent similaires : plus ils pr\u00e9servaient un \u00e9quilibre (cerveau et corps) pendant l\u2019effort, meilleures \u00e9taient leurs performances.<\/p>\n\n\n\n<p>On retrouve m\u00eame cette notion dans le langage courant : \u00ab il est vraiment d\u00e9s\u00e9quilibr\u00e9 \u00bb, \u00ab voil\u00e0 quelqu\u2019un d\u2019\u00e9quilibr\u00e9 \u00bb.<\/p>\n\n\n\n<p>La preuve est r\u00e9ellement apparue en 1994, lorsque Scientific American a publi\u00e9 les premi\u00e8res photos en couleur de l\u2019activit\u00e9 c\u00e9r\u00e9brale. Il est alors devenu \u00e9vident de localiser o\u00f9 la pens\u00e9e prenait forme dans le cerveau. Les principaux experts estiment que la science occidentale pourrait tirer profit de l\u2019introspection orientale, ou de techniques de m\u00e9ditation, afin d\u2019approfondir sa compr\u00e9hension du fonctionnement c\u00e9r\u00e9bral et d\u2019apporter une aide concr\u00e8te aux personnes en d\u00e9tresse. Dans de nombreux domaines, les pratiques tib\u00e9taines se sont r\u00e9v\u00e9l\u00e9es valides lorsque la science a enfin d\u00e9velopp\u00e9 une technologie suffisamment sophistiqu\u00e9e pour les \u00e9valuer.<\/p>\n\n\n\n<p>Alphalearning a finalement d\u00e9velopp\u00e9 et test\u00e9 ces syst\u00e8mes ancestraux, constatant leur efficacit\u00e9, mais \u00e9galement leur extr\u00eame lenteur. Il faut souvent des ann\u00e9es, voire des d\u00e9cennies, pour parvenir \u00e0 un v\u00e9ritable \u00e9quilibre. Il fallait donc une m\u00e9thode plus rapide. Les cadres dirigeants ne voulaient pas s\u2019asseoir sur un rocher dur en chantant pendant 15 ou 20 ans, ni passer 3 ou 4 heures par semaine \u00e0 transpirer et s\u2019\u00e9poumoner dans un dojo d\u2019A\u00efkido pendant 3 ou 4 ans.<\/p>\n\n\n\n<p>Ils souhaitaient une solution \u00e9lectronique, ultra-rapide. Apr\u00e8s un investissement de 5 millions de dollars am\u00e9ricains et 3 ann\u00e9es de d\u00e9veloppement, Alphalearning a mis au point le Brainwave I : un syst\u00e8me associant EEG et conditionnement optique-acoustique, permettant d\u2019acqu\u00e9rir un \u00e9quilibre c\u00e9r\u00e9bral en 30 \u00e0 35 heures.<\/p>\n\n\n\n<p>Le client b\u00e9n\u00e9ficie aussi d\u2019avantages annexes, comme la ma\u00eetrise des ondes Alpha et Theta, une am\u00e9lioration de la lecture, de la m\u00e9moire, etc. Cependant, l\u2019objectif reste d\u2019atteindre l\u2019\u00e9quilibre c\u00e9r\u00e9bral, d\u00e9sormais r\u00e9alisable en quelques jours plut\u00f4t qu\u2019en plusieurs ann\u00e9es. Les r\u00e9sultats sont identiques, seul le temps n\u00e9cessaire pour y parvenir change.<\/p>\n\n\n\n<p class=\"has-text-align-right\"><a href=\"https:\/\/alphalearning.com\/what-are-alpha-and-theta-brain-waves\/\">Qu\u2019est-ce que les ondes Alpha et Theta ?<\/a><\/p>\n<\/div><\/div>\n","protected":false},"excerpt":{"rendered":"<p>Introduction \u00e0 l\u2019\u00e9quilibre c\u00e9r\u00e9bral Introduction \u00e0 l\u2019\u00e9quilibre c\u00e9r\u00e9bral Depuis au moins 5 400 ans, l\u2019objectif des pratiques religieuses, des arts [&hellip;]<\/p>\n","protected":false},"author":2,"featured_media":0,"parent":0,"menu_order":452,"comment_status":"closed","ping_status":"closed","template":"","meta":{"_uag_custom_page_level_css":"","site-sidebar-layout":"default","site-content-layout":"","ast-site-content-layout":"default","site-content-style":"default","site-sidebar-style":"default","ast-global-header-display":"","ast-banner-title-visibility":"","ast-main-header-display":"","ast-hfb-above-header-display":"","ast-hfb-below-header-display":"","ast-hfb-mobile-header-display":"","site-post-title":"disabled","ast-breadcrumbs-content":"","ast-featured-img":"","footer-sml-layout":"","ast-disable-related-posts":"","theme-transparent-header-meta":"","adv-header-id-meta":"","stick-header-meta":"","header-above-stick-meta":"","header-main-stick-meta":"","header-below-stick-meta":"","astra-migrate-meta-layouts":"default","ast-page-background-enabled":"default","ast-page-background-meta":{"desktop":{"background-color":"var(--ast-global-color-4)","background-image":"","background-repeat":"repeat","background-position":"center center","background-size":"auto","background-attachment":"scroll","background-type":"","background-media":"","overlay-type":"","overlay-color":"","overlay-opacity":"","overlay-gradient":""},"tablet":{"background-color":"","background-image":"","background-repeat":"repeat","background-position":"center center","background-size":"auto","background-attachment":"scroll","background-type":"","background-media":"","overlay-type":"","overlay-color":"","overlay-opacity":"","overlay-gradient":""},"mobile":{"background-color":"","background-image":"","background-repeat":"repeat","background-position":"center center","background-size":"auto","background-attachment":"scroll","background-type":"","background-media":"","overlay-type":"","overlay-color":"","overlay-opacity":"","overlay-gradient":""}},"ast-content-background-meta":{"desktop":{"background-color":"var(--ast-global-color-5)","background-image":"","background-repeat":"repeat","background-position":"center center","background-size":"auto","background-attachment":"scroll","background-type":"","background-media":"","overlay-type":"","overlay-color":"","overlay-opacity":"","overlay-gradient":""},"tablet":{"background-color":"var(--ast-global-color-5)","background-image":"","background-repeat":"repeat","background-position":"center center","background-size":"auto","background-attachment":"scroll","background-type":"","background-media":"","overlay-type":"","overlay-color":"","overlay-opacity":"","overlay-gradient":""},"mobile":{"background-color":"var(--ast-global-color-5)","background-image":"","background-repeat":"repeat","background-position":"center center","background-size":"auto","background-attachment":"scroll","background-type":"","background-media":"","overlay-type":"","overlay-color":"","overlay-opacity":"","overlay-gradient":""}},"footnotes":""},"class_list":["post-13178","page","type-page","status-publish","hentry"],"yoast_head":"<!-- This site is optimized with the Yoast SEO plugin v27.1.1 - https:\/\/yoast.com\/product\/yoast-seo-wordpress\/ -->\n<title>\u00c9quilibre c\u00e9r\u00e9bral\u202f: la m\u00e9thode ultra-rapide d\u2019Alphalearning<\/title>\n<meta name=\"description\" content=\"La technologie EEG et Brainwave avanc\u00e9e d\u2019Alphalearning acc\u00e9l\u00e8re l\u2019\u00e9quilibre c\u00e9r\u00e9bral et booste la r\u00e9ussite des cadres et sportifs.\" \/>\n<meta name=\"robots\" content=\"index, follow, max-snippet:-1, max-image-preview:large, max-video-preview:-1\" \/>\n<link rel=\"canonical\" href=\"https:\/\/alphalearning.com\/fr\/introduction-equilibre-cerebral\/\" \/>\n<meta property=\"og:locale\" content=\"fr_FR\" \/>\n<meta property=\"og:type\" content=\"article\" \/>\n<meta property=\"og:title\" content=\"\u00c9quilibre c\u00e9r\u00e9bral\u202f: la m\u00e9thode ultra-rapide d\u2019Alphalearning\" \/>\n<meta property=\"og:description\" content=\"La technologie EEG et Brainwave avanc\u00e9e d\u2019Alphalearning acc\u00e9l\u00e8re l\u2019\u00e9quilibre c\u00e9r\u00e9bral et booste la r\u00e9ussite des cadres et sportifs.\" \/>\n<meta property=\"og:url\" content=\"https:\/\/alphalearning.com\/fr\/introduction-equilibre-cerebral\/\" \/>\n<meta property=\"og:site_name\" content=\"Alphalearning International\" \/>\n<meta property=\"article:modified_time\" content=\"2025-02-26T09:20:45+00:00\" \/>\n<meta property=\"og:image\" content=\"https:\/\/alphalearning.com\/wp-content\/uploads\/2024\/04\/introbalance.jpg\" \/>\n\t<meta property=\"og:image:width\" content=\"192\" \/>\n\t<meta property=\"og:image:height\" content=\"179\" \/>\n\t<meta property=\"og:image:type\" content=\"image\/jpeg\" \/>\n<meta name=\"twitter:card\" content=\"summary_large_image\" \/>\n<meta name=\"twitter:label1\" content=\"Est. reading time\" \/>\n\t<meta name=\"twitter:data1\" content=\"4 minutes\" \/>\n<!-- \/ Yoast SEO plugin. -->","yoast_head_json":{"title":"\u00c9quilibre c\u00e9r\u00e9bral\u202f: la m\u00e9thode ultra-rapide d\u2019Alphalearning","description":"La technologie EEG et Brainwave avanc\u00e9e d\u2019Alphalearning acc\u00e9l\u00e8re l\u2019\u00e9quilibre c\u00e9r\u00e9bral et booste la r\u00e9ussite des cadres et sportifs.","robots":{"index":"index","follow":"follow","max-snippet":"max-snippet:-1","max-image-preview":"max-image-preview:large","max-video-preview":"max-video-preview:-1"},"canonical":"https:\/\/alphalearning.com\/fr\/introduction-equilibre-cerebral\/","og_locale":"fr_FR","og_type":"article","og_title":"\u00c9quilibre c\u00e9r\u00e9bral\u202f: la m\u00e9thode ultra-rapide d\u2019Alphalearning","og_description":"La technologie EEG et Brainwave avanc\u00e9e d\u2019Alphalearning acc\u00e9l\u00e8re l\u2019\u00e9quilibre c\u00e9r\u00e9bral et booste la r\u00e9ussite des cadres et sportifs.","og_url":"https:\/\/alphalearning.com\/fr\/introduction-equilibre-cerebral\/","og_site_name":"Alphalearning International","article_modified_time":"2025-02-26T09:20:45+00:00","og_image":[{"width":192,"height":179,"url":"https:\/\/alphalearning.com\/wp-content\/uploads\/2024\/04\/introbalance.jpg","type":"image\/jpeg"}],"twitter_card":"summary_large_image","twitter_misc":{"Est. reading time":"4 minutes"},"schema":{"@context":"https:\/\/schema.org","@graph":[{"@type":"WebPage","@id":"https:\/\/alphalearning.com\/fr\/introduction-equilibre-cerebral\/","url":"https:\/\/alphalearning.com\/fr\/introduction-equilibre-cerebral\/","name":"\u00c9quilibre c\u00e9r\u00e9bral\u202f: la m\u00e9thode ultra-rapide d\u2019Alphalearning","isPartOf":{"@id":"https:\/\/alphalearning.com\/fr\/#website"},"primaryImageOfPage":{"@id":"https:\/\/alphalearning.com\/fr\/introduction-equilibre-cerebral\/#primaryimage"},"image":{"@id":"https:\/\/alphalearning.com\/fr\/introduction-equilibre-cerebral\/#primaryimage"},"thumbnailUrl":"https:\/\/alphalearning.com\/wp-content\/uploads\/2024\/04\/introbalance.jpg","datePublished":"2024-03-27T16:34:13+00:00","dateModified":"2025-02-26T09:20:45+00:00","description":"La technologie EEG et Brainwave avanc\u00e9e d\u2019Alphalearning acc\u00e9l\u00e8re l\u2019\u00e9quilibre c\u00e9r\u00e9bral et booste la r\u00e9ussite des cadres et sportifs.","breadcrumb":{"@id":"https:\/\/alphalearning.com\/fr\/introduction-equilibre-cerebral\/#breadcrumb"},"inLanguage":"fr","potentialAction":[{"@type":"ReadAction","target":["https:\/\/alphalearning.com\/fr\/introduction-equilibre-cerebral\/"]}]},{"@type":"ImageObject","inLanguage":"fr","@id":"https:\/\/alphalearning.com\/fr\/introduction-equilibre-cerebral\/#primaryimage","url":"https:\/\/alphalearning.com\/wp-content\/uploads\/2024\/04\/introbalance.jpg","contentUrl":"https:\/\/alphalearning.com\/wp-content\/uploads\/2024\/04\/introbalance.jpg"},{"@type":"BreadcrumbList","@id":"https:\/\/alphalearning.com\/fr\/introduction-equilibre-cerebral\/#breadcrumb","itemListElement":[{"@type":"ListItem","position":1,"name":"Home","item":"https:\/\/alphalearning.com\/fr\/"},{"@type":"ListItem","position":2,"name":"Introduction \u00e0 l&#8217;\u00c9quilibre C\u00e9r\u00e9bral"}]},{"@type":"WebSite","@id":"https:\/\/alphalearning.com\/fr\/#website","url":"https:\/\/alphalearning.com\/fr\/","name":"Alphalearning International","description":"the brain training institute","publisher":{"@id":"https:\/\/alphalearning.com\/fr\/#organization"},"potentialAction":[{"@type":"SearchAction","target":{"@type":"EntryPoint","urlTemplate":"https:\/\/alphalearning.com\/fr\/?s={search_term_string}"},"query-input":{"@type":"PropertyValueSpecification","valueRequired":true,"valueName":"search_term_string"}}],"inLanguage":"fr"},{"@type":"Organization","@id":"https:\/\/alphalearning.com\/fr\/#organization","name":"Alphalearning International","url":"https:\/\/alphalearning.com\/fr\/","logo":{"@type":"ImageObject","inLanguage":"fr","@id":"https:\/\/alphalearning.com\/fr\/#\/schema\/logo\/image\/","url":"https:\/\/alphalearning.com\/wp-content\/uploads\/2024\/03\/alphalearning_ico2_512px.png","contentUrl":"https:\/\/alphalearning.com\/wp-content\/uploads\/2024\/03\/alphalearning_ico2_512px.png","width":512,"height":512,"caption":"Alphalearning International"},"image":{"@id":"https:\/\/alphalearning.com\/fr\/#\/schema\/logo\/image\/"}}]}},"uagb_featured_image_src":{"full":false,"thumbnail":false,"medium":false,"medium_large":false,"large":false,"1536x1536":false,"2048x2048":false,"gform-image-choice-sm":false,"gform-image-choice-md":false,"gform-image-choice-lg":false},"uagb_author_info":{"display_name":"Julio Machado","author_link":"https:\/\/alphalearning.com\/fr\/author\/julio-machado\/"},"uagb_comment_info":0,"uagb_excerpt":"Introduction \u00e0 l\u2019\u00e9quilibre c\u00e9r\u00e9bral Introduction \u00e0 l\u2019\u00e9quilibre c\u00e9r\u00e9bral Depuis au moins 5 400 ans, l\u2019objectif des pratiques religieuses, des arts [&hellip;]","_links":{"self":[{"href":"https:\/\/alphalearning.com\/fr\/wp-json\/wp\/v2\/pages\/13178","targetHints":{"allow":["GET"]}}],"collection":[{"href":"https:\/\/alphalearning.com\/fr\/wp-json\/wp\/v2\/pages"}],"about":[{"href":"https:\/\/alphalearning.com\/fr\/wp-json\/wp\/v2\/types\/page"}],"author":[{"embeddable":true,"href":"https:\/\/alphalearning.com\/fr\/wp-json\/wp\/v2\/users\/2"}],"replies":[{"embeddable":true,"href":"https:\/\/alphalearning.com\/fr\/wp-json\/wp\/v2\/comments?post=13178"}],"version-history":[{"count":2,"href":"https:\/\/alphalearning.com\/fr\/wp-json\/wp\/v2\/pages\/13178\/revisions"}],"predecessor-version":[{"id":14731,"href":"https:\/\/alphalearning.com\/fr\/wp-json\/wp\/v2\/pages\/13178\/revisions\/14731"}],"wp:attachment":[{"href":"https:\/\/alphalearning.com\/fr\/wp-json\/wp\/v2\/media?parent=13178"}],"curies":[{"name":"wp","href":"https:\/\/api.w.org\/{rel}","templated":true}]}}