{"id":13116,"date":"2024-03-27T16:32:36","date_gmt":"2024-03-27T16:32:36","guid":{"rendered":"https:\/\/alphalearning.com\/commentaires-clients-alphalearning\/citations-de-familles\/veronica-newton\/"},"modified":"2025-01-26T11:44:32","modified_gmt":"2025-01-26T11:44:32","slug":"veronica-newton","status":"publish","type":"page","link":"https:\/\/alphalearning.com\/fr\/commentaires-clients-alphalearning\/citations-de-familles\/veronica-newton\/","title":{"rendered":"Veronica Newton"},"content":{"rendered":"\n<div class=\"wp-block-uagb-advanced-heading uagb-block-2564667e\"><h1 class=\"uagb-heading-text\">T\u00e9moignage de Veronica Newton pour Alphalearning<\/h1><\/div>\n\n\n\n<div class=\"wp-block-uagb-container uagb-block-3ee8cfe9 alignfull uagb-is-root-container\"><div class=\"uagb-container-inner-blocks-wrap\">\n<p>\u00c0 Alphalearning,<\/p>\n\n\n\n<p>Voici le r\u00e9sum\u00e9 de mon \u00e9tat ant\u00e9rieur et de votre fabuleuse gu\u00e9rison !<\/p>\n\n\n\n<p>Il y a plusieurs ann\u00e9es, je travaillais dans un foyer pour des personnes pr\u00e9sentant de graves probl\u00e8mes de comportement et des difficult\u00e9s d\u2019apprentissage.<\/p>\n\n\n\n<p>Alors que je g\u00e9rais un incident entre deux r\u00e9sidents, j\u2019ai re\u00e7u un coup de pied au genou gauche. J\u2019ai continu\u00e9 \u00e0 travailler, puis me suis repos\u00e9e pendant mon jour de cong\u00e9. Finalement, je suis all\u00e9e consulter un m\u00e9decin et un chiropracteur : on m\u2019a expliqu\u00e9 que mon genou s\u2019\u00e9tait d\u00e9plac\u00e9, ainsi que mon bassin et mon dos, en raison de manipulations effectu\u00e9es alors que mon genou \u00e9tait d\u00e9j\u00e0 d\u00e9plac\u00e9. J\u2019ai suivi un traitement et on m\u2019a conseill\u00e9 de me reposer. J\u2019ai ensuite d\u00e9velopp\u00e9 une TVP (thrombose veineuse profonde) \u00e0 la jambe gauche et j\u2019ai \u00e9t\u00e9 hospitalis\u00e9e. Pendant ce traitement, j\u2019ai eu une r\u00e9action s\u00e9v\u00e8re \u00e0 l\u2019h\u00e9parine.<\/p>\n\n\n\n<p>Pendant environ cinq mois, je ne pouvais ni me tenir debout ni marcher sans grande difficult\u00e9. J\u2019\u00e9tais alors suivie par le Dr Wallington \u00e0 Bristol, qui m\u2019a diagnostiqu\u00e9 une vasculite et un Rynard Syndrome. \u00c0 ce stade, mes mains et mes bras \u00e9taient touch\u00e9s, mais gr\u00e2ce \u00e0 des doses de plus en plus fortes d\u2019antidouleurs et d\u2019anti-inflammatoires, j\u2019ai pu me d\u00e9placer.<\/p>\n\n\n\n<p>J\u2019ai essay\u00e9 de nombreuses approches alternatives, dont un r\u00e9gime strict : suppression de tous les acides, sucres, produits laitiers, c\u00e9r\u00e9ales et la plupart des fruits ; l\u2019aromath\u00e9rapie, la gu\u00e9rison des chakras, l\u2019imposition des mains, la psychoth\u00e9rapie, la m\u00e9ditation, la visualisation, etc. Certaines m\u2019ont apport\u00e9 un bref soulagement, mais aucun n\u2019a dur\u00e9.<\/p>\n\n\n\n<p>Lors d\u2019une conf\u00e9rence des instructeurs d\u2019Alphalearning, j\u2019ai \u00e9t\u00e9 captiv\u00e9e par leurs propos : \u00ab Si un cerveau est d\u00e9s\u00e9quilibr\u00e9, cela affecte le corps. \u00bb Je me suis demand\u00e9 : si c\u2019est vrai dans ce sens, l\u2019inverse l\u2019est-il aussi ? Autrement dit, si mon corps \u00e9tait d\u00e9s\u00e9quilibr\u00e9, est-ce que cela se refl\u00e9tait dans mon cerveau ? Les tests sur l\u2019\u00e9lectroenc\u00e9phalographe d\u2019Alphalearning ont montr\u00e9 que j\u2019avais un niveau \u00e9lev\u00e9 de conflit int\u00e9rieur. Gr\u00e2ce au Brainwave I et \u00e0 une technique de visualisation, j\u2019ai atteint un point d\u2019\u00e9quilibre dans mon corps que je n\u2019avais jusqu\u2019alors obtenu qu\u2019apr\u00e8s de longues heures de m\u00e9ditation. En me concentrant ainsi, j\u2019ai pu exprimer mon exp\u00e9rience en mots et en images.<\/p>\n\n\n\n<p>Cette prise de distance m\u2019a permis de faire des choix. Je d\u00e9place maintenant mon attention de ma maladie vers ma vie, et cela fait vraiment du bien.<\/p>\n\n\n\n<p>Veuillez consulter la carte mentale ci-jointe pour voir l\u2019explosion de cr\u00e9ativit\u00e9 qui a suivi le lendemain.<\/p>\n\n\n\n<p>Avec mes salutations chaleureuses et mes profonds remerciements,<\/p>\n\n\n\n<p>Veronica Newton, Angleterre<\/p>\n<\/div><\/div>\n","protected":false},"excerpt":{"rendered":"<p>T\u00e9moignage de Veronica Newton pour Alphalearning \u00c0 Alphalearning, Voici le r\u00e9sum\u00e9 de mon \u00e9tat ant\u00e9rieur et de votre fabuleuse gu\u00e9rison [&hellip;]<\/p>\n","protected":false},"author":2,"featured_media":0,"parent":13061,"menu_order":0,"comment_status":"closed","ping_status":"closed","template":"","meta":{"_uag_custom_page_level_css":"","site-sidebar-layout":"default","site-content-layout":"","ast-site-content-layout":"default","site-content-style":"default","site-sidebar-style":"default","ast-global-header-display":"","ast-banner-title-visibility":"","ast-main-header-display":"","ast-hfb-above-header-display":"","ast-hfb-below-header-display":"","ast-hfb-mobile-header-display":"","site-post-title":"disabled","ast-breadcrumbs-content":"","ast-featured-img":"","footer-sml-layout":"","ast-disable-related-posts":"","theme-transparent-header-meta":"","adv-header-id-meta":"","stick-header-meta":"","header-above-stick-meta":"","header-main-stick-meta":"","header-below-stick-meta":"","astra-migrate-meta-layouts":"default","ast-page-background-enabled":"default","ast-page-background-meta":{"desktop":{"background-color":"var(--ast-global-color-4)","background-image":"","background-repeat":"repeat","background-position":"center center","background-size":"auto","background-attachment":"scroll","background-type":"","background-media":"","overlay-type":"","overlay-color":"","overlay-opacity":"","overlay-gradient":""},"tablet":{"background-color":"","background-image":"","background-repeat":"repeat","background-position":"center center","background-size":"auto","background-attachment":"scroll","background-type":"","background-media":"","overlay-type":"","overlay-color":"","overlay-opacity":"","overlay-gradient":""},"mobile":{"background-color":"","background-image":"","background-repeat":"repeat","background-position":"center center","background-size":"auto","background-attachment":"scroll","background-type":"","background-media":"","overlay-type":"","overlay-color":"","overlay-opacity":"","overlay-gradient":""}},"ast-content-background-meta":{"desktop":{"background-color":"var(--ast-global-color-5)","background-image":"","background-repeat":"repeat","background-position":"center center","background-size":"auto","background-attachment":"scroll","background-type":"","background-media":"","overlay-type":"","overlay-color":"","overlay-opacity":"","overlay-gradient":""},"tablet":{"background-color":"var(--ast-global-color-5)","background-image":"","background-repeat":"repeat","background-position":"center center","background-size":"auto","background-attachment":"scroll","background-type":"","background-media":"","overlay-type":"","overlay-color":"","overlay-opacity":"","overlay-gradient":""},"mobile":{"background-color":"var(--ast-global-color-5)","background-image":"","background-repeat":"repeat","background-position":"center center","background-size":"auto","background-attachment":"scroll","background-type":"","background-media":"","overlay-type":"","overlay-color":"","overlay-opacity":"","overlay-gradient":""}},"footnotes":""},"class_list":["post-13116","page","type-page","status-publish","hentry"],"yoast_head":"<!-- This site is optimized with the Yoast SEO plugin v27.1.1 - https:\/\/yoast.com\/product\/yoast-seo-wordpress\/ -->\n<title>Retour \u00e0 l\u2019\u00e9quilibre \u2013 t\u00e9moignage de Veronica, Alphalearning<\/title>\n<meta name=\"description\" content=\"Un accident mena Veronica \u00e0 Alphalearning, o\u00f9 Brainwave et la visualisation l\u2019ont aid\u00e9e \u00e0 retrouver un \u00e9quilibre corporel qu\u2019elle croyait perdu.\" \/>\n<meta name=\"robots\" content=\"index, follow, max-snippet:-1, max-image-preview:large, max-video-preview:-1\" \/>\n<link rel=\"canonical\" href=\"https:\/\/alphalearning.com\/fr\/commentaires-clients-alphalearning\/citations-de-familles\/veronica-newton\/\" \/>\n<meta property=\"og:locale\" content=\"fr_FR\" \/>\n<meta property=\"og:type\" content=\"article\" \/>\n<meta property=\"og:title\" content=\"Retour \u00e0 l\u2019\u00e9quilibre \u2013 t\u00e9moignage de Veronica, Alphalearning\" \/>\n<meta property=\"og:description\" content=\"Un accident mena Veronica \u00e0 Alphalearning, o\u00f9 Brainwave et la visualisation l\u2019ont aid\u00e9e \u00e0 retrouver un \u00e9quilibre corporel qu\u2019elle croyait perdu.\" \/>\n<meta property=\"og:url\" content=\"https:\/\/alphalearning.com\/fr\/commentaires-clients-alphalearning\/citations-de-familles\/veronica-newton\/\" \/>\n<meta property=\"og:site_name\" content=\"Alphalearning International\" \/>\n<meta property=\"article:modified_time\" content=\"2025-01-26T11:44:32+00:00\" \/>\n<meta property=\"og:image\" content=\"https:\/\/alphalearning.com\/wp-content\/uploads\/2024\/04\/alphalearning-logo_red_1200x675px.png\" \/>\n\t<meta property=\"og:image:width\" content=\"1200\" \/>\n\t<meta property=\"og:image:height\" content=\"675\" \/>\n\t<meta property=\"og:image:type\" content=\"image\/png\" \/>\n<meta name=\"twitter:card\" content=\"summary_large_image\" \/>\n<meta name=\"twitter:label1\" content=\"Est. reading time\" \/>\n\t<meta name=\"twitter:data1\" content=\"2 minutes\" \/>\n<!-- \/ Yoast SEO plugin. -->","yoast_head_json":{"title":"Retour \u00e0 l\u2019\u00e9quilibre \u2013 t\u00e9moignage de Veronica, Alphalearning","description":"Un accident mena Veronica \u00e0 Alphalearning, o\u00f9 Brainwave et la visualisation l\u2019ont aid\u00e9e \u00e0 retrouver un \u00e9quilibre corporel qu\u2019elle croyait perdu.","robots":{"index":"index","follow":"follow","max-snippet":"max-snippet:-1","max-image-preview":"max-image-preview:large","max-video-preview":"max-video-preview:-1"},"canonical":"https:\/\/alphalearning.com\/fr\/commentaires-clients-alphalearning\/citations-de-familles\/veronica-newton\/","og_locale":"fr_FR","og_type":"article","og_title":"Retour \u00e0 l\u2019\u00e9quilibre \u2013 t\u00e9moignage de Veronica, Alphalearning","og_description":"Un accident mena Veronica \u00e0 Alphalearning, o\u00f9 Brainwave et la visualisation l\u2019ont aid\u00e9e \u00e0 retrouver un \u00e9quilibre corporel qu\u2019elle croyait perdu.","og_url":"https:\/\/alphalearning.com\/fr\/commentaires-clients-alphalearning\/citations-de-familles\/veronica-newton\/","og_site_name":"Alphalearning International","article_modified_time":"2025-01-26T11:44:32+00:00","og_image":[{"width":1200,"height":675,"url":"https:\/\/alphalearning.com\/wp-content\/uploads\/2024\/04\/alphalearning-logo_red_1200x675px.png","type":"image\/png"}],"twitter_card":"summary_large_image","twitter_misc":{"Est. reading time":"2 minutes"},"schema":{"@context":"https:\/\/schema.org","@graph":[{"@type":"WebPage","@id":"https:\/\/alphalearning.com\/fr\/commentaires-clients-alphalearning\/citations-de-familles\/veronica-newton\/","url":"https:\/\/alphalearning.com\/fr\/commentaires-clients-alphalearning\/citations-de-familles\/veronica-newton\/","name":"Retour \u00e0 l\u2019\u00e9quilibre \u2013 t\u00e9moignage de Veronica, Alphalearning","isPartOf":{"@id":"https:\/\/alphalearning.com\/fr\/#website"},"datePublished":"2024-03-27T16:32:36+00:00","dateModified":"2025-01-26T11:44:32+00:00","description":"Un accident mena Veronica \u00e0 Alphalearning, o\u00f9 Brainwave et la visualisation l\u2019ont aid\u00e9e \u00e0 retrouver un \u00e9quilibre corporel qu\u2019elle croyait perdu.","breadcrumb":{"@id":"https:\/\/alphalearning.com\/fr\/commentaires-clients-alphalearning\/citations-de-familles\/veronica-newton\/#breadcrumb"},"inLanguage":"fr","potentialAction":[{"@type":"ReadAction","target":["https:\/\/alphalearning.com\/fr\/commentaires-clients-alphalearning\/citations-de-familles\/veronica-newton\/"]}]},{"@type":"BreadcrumbList","@id":"https:\/\/alphalearning.com\/fr\/commentaires-clients-alphalearning\/citations-de-familles\/veronica-newton\/#breadcrumb","itemListElement":[{"@type":"ListItem","position":1,"name":"Home","item":"https:\/\/alphalearning.com\/fr\/"},{"@type":"ListItem","position":2,"name":"Commentaires de Clients Alphalearning","item":"https:\/\/alphalearning.com\/fr\/commentaires-clients-alphalearning\/"},{"@type":"ListItem","position":3,"name":"Familles","item":"https:\/\/alphalearning.com\/fr\/commentaires-clients-alphalearning\/citations-de-familles\/"},{"@type":"ListItem","position":4,"name":"Veronica Newton"}]},{"@type":"WebSite","@id":"https:\/\/alphalearning.com\/fr\/#website","url":"https:\/\/alphalearning.com\/fr\/","name":"Alphalearning International","description":"the brain training institute","publisher":{"@id":"https:\/\/alphalearning.com\/fr\/#organization"},"potentialAction":[{"@type":"SearchAction","target":{"@type":"EntryPoint","urlTemplate":"https:\/\/alphalearning.com\/fr\/?s={search_term_string}"},"query-input":{"@type":"PropertyValueSpecification","valueRequired":true,"valueName":"search_term_string"}}],"inLanguage":"fr"},{"@type":"Organization","@id":"https:\/\/alphalearning.com\/fr\/#organization","name":"Alphalearning International","url":"https:\/\/alphalearning.com\/fr\/","logo":{"@type":"ImageObject","inLanguage":"fr","@id":"https:\/\/alphalearning.com\/fr\/#\/schema\/logo\/image\/","url":"https:\/\/alphalearning.com\/wp-content\/uploads\/2024\/03\/alphalearning_ico2_512px.png","contentUrl":"https:\/\/alphalearning.com\/wp-content\/uploads\/2024\/03\/alphalearning_ico2_512px.png","width":512,"height":512,"caption":"Alphalearning International"},"image":{"@id":"https:\/\/alphalearning.com\/fr\/#\/schema\/logo\/image\/"}}]}},"uagb_featured_image_src":{"full":false,"thumbnail":false,"medium":false,"medium_large":false,"large":false,"1536x1536":false,"2048x2048":false,"gform-image-choice-sm":false,"gform-image-choice-md":false,"gform-image-choice-lg":false},"uagb_author_info":{"display_name":"Julio Machado","author_link":"https:\/\/alphalearning.com\/fr\/author\/julio-machado\/"},"uagb_comment_info":0,"uagb_excerpt":"T\u00e9moignage de Veronica Newton pour Alphalearning \u00c0 Alphalearning, Voici le r\u00e9sum\u00e9 de mon \u00e9tat ant\u00e9rieur et de votre fabuleuse gu\u00e9rison [&hellip;]","_links":{"self":[{"href":"https:\/\/alphalearning.com\/fr\/wp-json\/wp\/v2\/pages\/13116","targetHints":{"allow":["GET"]}}],"collection":[{"href":"https:\/\/alphalearning.com\/fr\/wp-json\/wp\/v2\/pages"}],"about":[{"href":"https:\/\/alphalearning.com\/fr\/wp-json\/wp\/v2\/types\/page"}],"author":[{"embeddable":true,"href":"https:\/\/alphalearning.com\/fr\/wp-json\/wp\/v2\/users\/2"}],"replies":[{"embeddable":true,"href":"https:\/\/alphalearning.com\/fr\/wp-json\/wp\/v2\/comments?post=13116"}],"version-history":[{"count":2,"href":"https:\/\/alphalearning.com\/fr\/wp-json\/wp\/v2\/pages\/13116\/revisions"}],"predecessor-version":[{"id":14398,"href":"https:\/\/alphalearning.com\/fr\/wp-json\/wp\/v2\/pages\/13116\/revisions\/14398"}],"up":[{"embeddable":true,"href":"https:\/\/alphalearning.com\/fr\/wp-json\/wp\/v2\/pages\/13061"}],"wp:attachment":[{"href":"https:\/\/alphalearning.com\/fr\/wp-json\/wp\/v2\/media?parent=13116"}],"curies":[{"name":"wp","href":"https:\/\/api.w.org\/{rel}","templated":true}]}}