{"id":13112,"date":"2024-03-27T16:32:15","date_gmt":"2024-03-27T16:32:15","guid":{"rendered":"https:\/\/alphalearning.com\/commentaires-clients-alphalearning\/citations-de-familles\/richard-hanbury\/"},"modified":"2025-03-02T10:55:10","modified_gmt":"2025-03-02T10:55:10","slug":"richard-hanbury","status":"publish","type":"page","link":"https:\/\/alphalearning.com\/fr\/commentaires-clients-alphalearning\/citations-de-familles\/richard-hanbury\/","title":{"rendered":"Richard Hanbury"},"content":{"rendered":"\n<div class=\"wp-block-uagb-advanced-heading uagb-block-acc30e3e\"><h1 class=\"uagb-heading-text\">T\u00e9moignage de Richard Hanbury pour Alphalearning<\/h1><\/div>\n\n\n\n<div class=\"wp-block-uagb-container uagb-block-ff820d71 alignfull uagb-is-root-container\"><div class=\"uagb-container-inner-blocks-wrap\">\n<p>\u00c0 Alphalearning,<\/p>\n\n\n\n<p>Ceci est une lettre de remerciement pour tout ce que j\u2019ai acquis gr\u00e2ce \u00e0 ce que vous m\u2019avez enseign\u00e9 et gr\u00e2ce au syst\u00e8me Alphalearning. La seule fa\u00e7on convenable de remercier pour une aide aussi inestimable est de l\u2019utiliser, alors voici quelques d\u00e9tails sur ce dont j\u2019ai b\u00e9n\u00e9fici\u00e9.<\/p>\n\n\n\n<p>Mon objectif initial en me rendant \u00e0 l\u2019institut Alphalearning \u00e9tait l\u2019attrait de \u00ab l\u2019entra\u00eenement de l\u2019activit\u00e9 Brainwave \u00bb. Je croyais que cela offrait une r\u00e9elle possibilit\u00e9 d\u2019obtenir un contr\u00f4le de la douleur \u00ab d\u2019une simple pression sur un bouton \u00bb. Lorsque j\u2019ai finalement eu mon propre ensemble d\u2019\u00e9quipements op\u00e9rationnel, j\u2019ai effectivement pu en b\u00e9n\u00e9ficier. Avant d\u2019utiliser Lotus pour lutter contre la douleur, je perdais en moyenne un jour et demi par semaine. Bien s\u00fbr, cela me faisait douter de mon employabilit\u00e9, et c\u2019\u00e9tait probablement la cons\u00e9quence la plus \u00ab invalidante \u00bb de mon accident de voiture du 22.1.92 au Y\u00e9men, qui a entra\u00een\u00e9 une parapl\u00e9gie. En temps normal, dix minutes de \u00ab delta 4-ways \u00bb sur le logiciel Lotus me procurent un soulagement pouvant durer jusqu\u2019\u00e0 six heures. Cela varie selon les conditions de stress ambiantes et a \u00e9t\u00e9 moins efficace \u00e0 l\u2019approche de mes examens, mais cela reste toujours d\u2019un immense avantage psychologique puisque j\u2019ai en permanence cette option \u00e0 port\u00e9e de main.<\/p>\n\n\n\n<p>La vitesse de ma lecture s\u2019est am\u00e9lior\u00e9e de 300 % comme promis, et cela m\u2019a \u00e9norm\u00e9ment aid\u00e9. Au cours de ces derni\u00e8res ann\u00e9es, j\u2019ai d\u00fb r\u00e9aliser l\u2019essentiel des quatre ann\u00e9es de travail pour mon cursus universitaire en arabe. La derni\u00e8re ann\u00e9e, celle de fin d\u2019\u00e9tudes, m\u2019a permis de rattraper la plupart de ce retard, ce qui aurait \u00e9t\u00e9 impossible sans les techniques que j\u2019ai apprises \u00e0 l\u2019institut Alphalearning et tout ce que vous m\u2019avez enseign\u00e9 depuis. Mon ultime r\u00e9vision pour mes examens de langue a consist\u00e9 \u00e0 lire l\u2019int\u00e9gralit\u00e9 du dictionnaire et toutes mes notes\u202f; avec ma vitesse de lecture d\u2019avant le cours, cela aurait \u00e9t\u00e9 impossible. Cet exercice s\u2019est r\u00e9v\u00e9l\u00e9 tr\u00e8s utile lorsque j\u2019ai finalement pass\u00e9 mon \u00e9preuve.<\/p>\n\n\n\n<p>La rapidit\u00e9 de ma lecture et de mon assimilation d\u2019informations m\u2019a \u00e9galement permis de me concentrer sur mes cours ax\u00e9s sur la langue (mon point faible) et de reporter tous mes cours de sciences sociales (politique, histoire, etc.) aux tout derniers jours, en \u00e9tant certain de pouvoir couvrir toute la mati\u00e8re n\u00e9cessaire dans le temps que je m\u2019\u00e9tais imparti. En ce qui concerne la vitesse de ma r\u00e9flexion, j\u2019ai l\u2019impression d\u2019avoir effectu\u00e9 l\u2019\u00e9quivalent mental du passage d\u2019un PC de bureau 386 \u00e0 un processeur Pentium. Je passerai un autre test de QI pour confirmer ce que je ressens. Gr\u00e2ce \u00e0 l\u2019application de techniques d\u2019entra\u00eenement Brainwave, je suis incontestablement capable de r\u00e9soudre les probl\u00e8mes plus rapidement, et un autre signe de cet accroissement de vitesse est que mon corps br\u00fble le sucre plus rapidement pendant mes exercices mentaux qu\u2019auparavant.<\/p>\n\n\n\n<p>Avec l\u2019utilisation de l\u2019EEG, j\u2019ai d\u00e9couvert que lorsque je ressens une douleur d\u2019un c\u00f4t\u00e9 de l\u2019estomac, cela peut d\u00e9s\u00e9quilibrer mon cerveau, un effet qui semble durer plus longtemps que la douleur elle-m\u00eame. Mon utilisation quotidienne du programme Wavemeter y rem\u00e9die \u00e9galement. J\u2019ai aussi utilis\u00e9 le logiciel Lotus lorsque j\u2019ai des difficult\u00e9s \u00e0 m\u2019endormir, tout comme ma s\u0153ur, et j\u2019ai trouv\u00e9 cela extr\u00eamement utile.<\/p>\n\n\n\n<p>Le dernier usage, et potentiellement le plus passionnant, que je fais du logiciel Lotus consiste \u00e0 encourager la r\u00e9g\u00e9n\u00e9ration des nerfs de ma moelle \u00e9pini\u00e8re. J\u2019ai obtenu quelques premiers succ\u00e8s en r\u00e9activant deux tr\u00e8s petits muscles, ce qui a surpris et ravi mon neurologue. Aujourd\u2019hui, je continue \u00e0 m\u2019attaquer au probl\u00e8me, ce qui comporte des avantages secondaires\u202f: j\u2019augmente ma capacit\u00e9 \u00e0 visualiser de mani\u00e8re vive et je suis convaincu que lorsque je pourrai rendre l\u2019environnement autour de mon site de l\u00e9sion moins hostile \u00e0 la croissance nerveuse, je progresserai beaucoup plus rapidement.<\/p>\n\n\n\n<p>Tous les b\u00e9n\u00e9fices futurs ne seront bien s\u00fbr que des bonus suppl\u00e9mentaires, mais d\u00e9j\u00e0, ce que j\u2019ai appris jusqu\u2019\u00e0 pr\u00e9sent a am\u00e9lior\u00e9 ma vie de fa\u00e7on incommensurable. J\u2019ai toujours cru avoir un cerveau puissant et j\u2019\u00e9tais \u00e9galement conscient de mon ignorance quant \u00e0 la mani\u00e8re de l\u2019utiliser. \u00c0 pr\u00e9sent, j\u2019apprends en permanence, et le contr\u00f4le accru que j\u2019ai d\u00e9sormais est d\u2019une valeur inestimable pour moi\u202f; que puis-je dire d\u2019autre que Merci\u202f!<\/p>\n\n\n\n<p>Sinc\u00e8rement,<\/p>\n\n\n\n<p>Richard Hanbury, Angleterre<\/p>\n<\/div><\/div>\n","protected":false},"excerpt":{"rendered":"<p>T\u00e9moignage de Richard Hanbury pour Alphalearning \u00c0 Alphalearning, Ceci est une lettre de remerciement pour tout ce que j\u2019ai acquis [&hellip;]<\/p>\n","protected":false},"author":2,"featured_media":0,"parent":13061,"menu_order":0,"comment_status":"closed","ping_status":"closed","template":"","meta":{"_uag_custom_page_level_css":"","site-sidebar-layout":"default","site-content-layout":"","ast-site-content-layout":"default","site-content-style":"default","site-sidebar-style":"default","ast-global-header-display":"","ast-banner-title-visibility":"","ast-main-header-display":"","ast-hfb-above-header-display":"","ast-hfb-below-header-display":"","ast-hfb-mobile-header-display":"","site-post-title":"disabled","ast-breadcrumbs-content":"","ast-featured-img":"","footer-sml-layout":"","ast-disable-related-posts":"","theme-transparent-header-meta":"","adv-header-id-meta":"","stick-header-meta":"","header-above-stick-meta":"","header-main-stick-meta":"","header-below-stick-meta":"","astra-migrate-meta-layouts":"default","ast-page-background-enabled":"default","ast-page-background-meta":{"desktop":{"background-color":"var(--ast-global-color-4)","background-image":"","background-repeat":"repeat","background-position":"center center","background-size":"auto","background-attachment":"scroll","background-type":"","background-media":"","overlay-type":"","overlay-color":"","overlay-opacity":"","overlay-gradient":""},"tablet":{"background-color":"","background-image":"","background-repeat":"repeat","background-position":"center center","background-size":"auto","background-attachment":"scroll","background-type":"","background-media":"","overlay-type":"","overlay-color":"","overlay-opacity":"","overlay-gradient":""},"mobile":{"background-color":"","background-image":"","background-repeat":"repeat","background-position":"center center","background-size":"auto","background-attachment":"scroll","background-type":"","background-media":"","overlay-type":"","overlay-color":"","overlay-opacity":"","overlay-gradient":""}},"ast-content-background-meta":{"desktop":{"background-color":"var(--ast-global-color-5)","background-image":"","background-repeat":"repeat","background-position":"center center","background-size":"auto","background-attachment":"scroll","background-type":"","background-media":"","overlay-type":"","overlay-color":"","overlay-opacity":"","overlay-gradient":""},"tablet":{"background-color":"var(--ast-global-color-5)","background-image":"","background-repeat":"repeat","background-position":"center center","background-size":"auto","background-attachment":"scroll","background-type":"","background-media":"","overlay-type":"","overlay-color":"","overlay-opacity":"","overlay-gradient":""},"mobile":{"background-color":"var(--ast-global-color-5)","background-image":"","background-repeat":"repeat","background-position":"center center","background-size":"auto","background-attachment":"scroll","background-type":"","background-media":"","overlay-type":"","overlay-color":"","overlay-opacity":"","overlay-gradient":""}},"footnotes":""},"class_list":["post-13112","page","type-page","status-publish","hentry"],"yoast_head":"<!-- This site is optimized with the Yoast SEO plugin v27.1.1 - https:\/\/yoast.com\/product\/yoast-seo-wordpress\/ -->\n<title>R. Hanbury &amp; Alphalearning : Douleur soulag\u00e9e, lecture acc\u00e9l\u00e9r\u00e9e<\/title>\n<meta name=\"description\" content=\"D\u00e9couvrez comment Alphalearning a aid\u00e9 Richard Hanbury \u00e0 soulager sa douleur chronique en minutes et \u00e0 augmenter sa vitesse de lecture de 300 %.\" \/>\n<meta name=\"robots\" content=\"index, follow, max-snippet:-1, max-image-preview:large, max-video-preview:-1\" \/>\n<link rel=\"canonical\" href=\"https:\/\/alphalearning.com\/fr\/commentaires-clients-alphalearning\/citations-de-familles\/richard-hanbury\/\" \/>\n<meta property=\"og:locale\" content=\"fr_FR\" \/>\n<meta property=\"og:type\" content=\"article\" \/>\n<meta property=\"og:title\" content=\"R. Hanbury &amp; Alphalearning : Douleur soulag\u00e9e, lecture acc\u00e9l\u00e9r\u00e9e\" \/>\n<meta property=\"og:description\" content=\"D\u00e9couvrez comment Alphalearning a aid\u00e9 Richard Hanbury \u00e0 soulager sa douleur chronique en minutes et \u00e0 augmenter sa vitesse de lecture de 300 %.\" \/>\n<meta property=\"og:url\" content=\"https:\/\/alphalearning.com\/fr\/commentaires-clients-alphalearning\/citations-de-familles\/richard-hanbury\/\" \/>\n<meta property=\"og:site_name\" content=\"Alphalearning International\" \/>\n<meta property=\"article:modified_time\" content=\"2025-03-02T10:55:10+00:00\" \/>\n<meta property=\"og:image\" content=\"https:\/\/alphalearning.com\/wp-content\/uploads\/2024\/04\/alphalearning-logo_red_1200x675px.png\" \/>\n\t<meta property=\"og:image:width\" content=\"1200\" \/>\n\t<meta property=\"og:image:height\" content=\"675\" \/>\n\t<meta property=\"og:image:type\" content=\"image\/png\" \/>\n<meta name=\"twitter:card\" content=\"summary_large_image\" \/>\n<meta name=\"twitter:label1\" content=\"Est. reading time\" \/>\n\t<meta name=\"twitter:data1\" content=\"4 minutes\" \/>\n<!-- \/ Yoast SEO plugin. -->","yoast_head_json":{"title":"R. Hanbury & Alphalearning : Douleur soulag\u00e9e, lecture acc\u00e9l\u00e9r\u00e9e","description":"D\u00e9couvrez comment Alphalearning a aid\u00e9 Richard Hanbury \u00e0 soulager sa douleur chronique en minutes et \u00e0 augmenter sa vitesse de lecture de 300 %.","robots":{"index":"index","follow":"follow","max-snippet":"max-snippet:-1","max-image-preview":"max-image-preview:large","max-video-preview":"max-video-preview:-1"},"canonical":"https:\/\/alphalearning.com\/fr\/commentaires-clients-alphalearning\/citations-de-familles\/richard-hanbury\/","og_locale":"fr_FR","og_type":"article","og_title":"R. Hanbury & Alphalearning : Douleur soulag\u00e9e, lecture acc\u00e9l\u00e9r\u00e9e","og_description":"D\u00e9couvrez comment Alphalearning a aid\u00e9 Richard Hanbury \u00e0 soulager sa douleur chronique en minutes et \u00e0 augmenter sa vitesse de lecture de 300 %.","og_url":"https:\/\/alphalearning.com\/fr\/commentaires-clients-alphalearning\/citations-de-familles\/richard-hanbury\/","og_site_name":"Alphalearning International","article_modified_time":"2025-03-02T10:55:10+00:00","og_image":[{"width":1200,"height":675,"url":"https:\/\/alphalearning.com\/wp-content\/uploads\/2024\/04\/alphalearning-logo_red_1200x675px.png","type":"image\/png"}],"twitter_card":"summary_large_image","twitter_misc":{"Est. reading time":"4 minutes"},"schema":{"@context":"https:\/\/schema.org","@graph":[{"@type":"WebPage","@id":"https:\/\/alphalearning.com\/fr\/commentaires-clients-alphalearning\/citations-de-familles\/richard-hanbury\/","url":"https:\/\/alphalearning.com\/fr\/commentaires-clients-alphalearning\/citations-de-familles\/richard-hanbury\/","name":"R. Hanbury & Alphalearning : Douleur soulag\u00e9e, lecture acc\u00e9l\u00e9r\u00e9e","isPartOf":{"@id":"https:\/\/alphalearning.com\/fr\/#website"},"datePublished":"2024-03-27T16:32:15+00:00","dateModified":"2025-03-02T10:55:10+00:00","description":"D\u00e9couvrez comment Alphalearning a aid\u00e9 Richard Hanbury \u00e0 soulager sa douleur chronique en minutes et \u00e0 augmenter sa vitesse de lecture de 300 %.","breadcrumb":{"@id":"https:\/\/alphalearning.com\/fr\/commentaires-clients-alphalearning\/citations-de-familles\/richard-hanbury\/#breadcrumb"},"inLanguage":"fr","potentialAction":[{"@type":"ReadAction","target":["https:\/\/alphalearning.com\/fr\/commentaires-clients-alphalearning\/citations-de-familles\/richard-hanbury\/"]}]},{"@type":"BreadcrumbList","@id":"https:\/\/alphalearning.com\/fr\/commentaires-clients-alphalearning\/citations-de-familles\/richard-hanbury\/#breadcrumb","itemListElement":[{"@type":"ListItem","position":1,"name":"Home","item":"https:\/\/alphalearning.com\/fr\/"},{"@type":"ListItem","position":2,"name":"Commentaires de Clients Alphalearning","item":"https:\/\/alphalearning.com\/fr\/commentaires-clients-alphalearning\/"},{"@type":"ListItem","position":3,"name":"Familles","item":"https:\/\/alphalearning.com\/fr\/commentaires-clients-alphalearning\/citations-de-familles\/"},{"@type":"ListItem","position":4,"name":"Richard Hanbury"}]},{"@type":"WebSite","@id":"https:\/\/alphalearning.com\/fr\/#website","url":"https:\/\/alphalearning.com\/fr\/","name":"Alphalearning International","description":"the brain training institute","publisher":{"@id":"https:\/\/alphalearning.com\/fr\/#organization"},"potentialAction":[{"@type":"SearchAction","target":{"@type":"EntryPoint","urlTemplate":"https:\/\/alphalearning.com\/fr\/?s={search_term_string}"},"query-input":{"@type":"PropertyValueSpecification","valueRequired":true,"valueName":"search_term_string"}}],"inLanguage":"fr"},{"@type":"Organization","@id":"https:\/\/alphalearning.com\/fr\/#organization","name":"Alphalearning International","url":"https:\/\/alphalearning.com\/fr\/","logo":{"@type":"ImageObject","inLanguage":"fr","@id":"https:\/\/alphalearning.com\/fr\/#\/schema\/logo\/image\/","url":"https:\/\/alphalearning.com\/wp-content\/uploads\/2024\/03\/alphalearning_ico2_512px.png","contentUrl":"https:\/\/alphalearning.com\/wp-content\/uploads\/2024\/03\/alphalearning_ico2_512px.png","width":512,"height":512,"caption":"Alphalearning International"},"image":{"@id":"https:\/\/alphalearning.com\/fr\/#\/schema\/logo\/image\/"}}]}},"uagb_featured_image_src":{"full":false,"thumbnail":false,"medium":false,"medium_large":false,"large":false,"1536x1536":false,"2048x2048":false,"gform-image-choice-sm":false,"gform-image-choice-md":false,"gform-image-choice-lg":false},"uagb_author_info":{"display_name":"Julio Machado","author_link":"https:\/\/alphalearning.com\/fr\/author\/julio-machado\/"},"uagb_comment_info":0,"uagb_excerpt":"T\u00e9moignage de Richard Hanbury pour Alphalearning \u00c0 Alphalearning, Ceci est une lettre de remerciement pour tout ce que j\u2019ai acquis [&hellip;]","_links":{"self":[{"href":"https:\/\/alphalearning.com\/fr\/wp-json\/wp\/v2\/pages\/13112","targetHints":{"allow":["GET"]}}],"collection":[{"href":"https:\/\/alphalearning.com\/fr\/wp-json\/wp\/v2\/pages"}],"about":[{"href":"https:\/\/alphalearning.com\/fr\/wp-json\/wp\/v2\/types\/page"}],"author":[{"embeddable":true,"href":"https:\/\/alphalearning.com\/fr\/wp-json\/wp\/v2\/users\/2"}],"replies":[{"embeddable":true,"href":"https:\/\/alphalearning.com\/fr\/wp-json\/wp\/v2\/comments?post=13112"}],"version-history":[{"count":6,"href":"https:\/\/alphalearning.com\/fr\/wp-json\/wp\/v2\/pages\/13112\/revisions"}],"predecessor-version":[{"id":15478,"href":"https:\/\/alphalearning.com\/fr\/wp-json\/wp\/v2\/pages\/13112\/revisions\/15478"}],"up":[{"embeddable":true,"href":"https:\/\/alphalearning.com\/fr\/wp-json\/wp\/v2\/pages\/13061"}],"wp:attachment":[{"href":"https:\/\/alphalearning.com\/fr\/wp-json\/wp\/v2\/media?parent=13112"}],"curies":[{"name":"wp","href":"https:\/\/api.w.org\/{rel}","templated":true}]}}