{"id":13104,"date":"2024-03-27T16:31:37","date_gmt":"2024-03-27T16:31:37","guid":{"rendered":"https:\/\/alphalearning.com\/commentaires-clients-alphalearning\/citations-de-familles\/mrs-p-douglas\/"},"modified":"2025-01-26T11:04:32","modified_gmt":"2025-01-26T11:04:32","slug":"mrs-p-douglas","status":"publish","type":"page","link":"https:\/\/alphalearning.com\/fr\/commentaires-clients-alphalearning\/citations-de-familles\/mrs-p-douglas\/","title":{"rendered":"Mrs. P. Douglas"},"content":{"rendered":"\n<div class=\"wp-block-uagb-advanced-heading uagb-block-dcd4f789\"><h1 class=\"uagb-heading-text\">T\u00e9moignage de Mme P. Douglas \u00e0 Alphalearning<\/h1><\/div>\n\n\n\n<div class=\"wp-block-uagb-container uagb-block-c0c1152b alignfull uagb-is-root-container\"><div class=\"uagb-container-inner-blocks-wrap\">\n<p>\u00c0 l\u2019attention d\u2019Alphalearning,<\/p>\n\n\n\n<p>Voici le r\u00e9cit de mon exp\u00e9rience avec Alphalearning et Brainwave I lundi. Il est d\u00e9sormais mercredi, 21h30, et je suis toujours totalement lib\u00e9r\u00e9e de toute douleur.<\/p>\n\n\n\n<p>La douleur sourde au niveau de l\u2019hyperextension de ma colonne vert\u00e9brale a disparu. J\u2019ai encore une raideur dans la r\u00e9gion lombaire, mais les spasmes musculaires n\u2019ont pas refait surface. Je consid\u00e8re chaque heure sans douleur comme une b\u00e9n\u00e9diction. J\u2019ai pu dormir deux nuits compl\u00e8tes. J\u2019ai abandonn\u00e9 le corset tr\u00e8s rigide que je portais jour et nuit et ma colonne se soutient d\u00e9sormais d\u2019elle-m\u00eame. C\u2019est merveilleux.<\/p>\n\n\n\n<p>Je souffre d\u2019une affection appel\u00e9e <a href=\"https:\/\/fr.wikipedia.org\/wiki\/Spondylolisth%C3%A9sis\" target=\"_blank\" rel=\"noreferrer noopener\">spondylolisth\u00e9sis<\/a>. C\u2019est un trouble cong\u00e9nital qui, malgr\u00e9 une fracture de la colonne \u00e0 l\u2019adolescence et des probl\u00e8mes de dos r\u00e9p\u00e9t\u00e9s, n\u2019a \u00e9t\u00e9 diagnostiqu\u00e9 qu\u2019en 1992. Les facettes des vert\u00e8bres au niveau lombaire L4 et L5 \u00e9taient fractur\u00e9es. Ma colonne a alors pu bouger librement, usant ainsi les deux disques. Cela a provoqu\u00e9 des spasmes musculaires constants, et j\u2019en suis arriv\u00e9e au point de presque ne plus pouvoir marcher, la douleur devenant quasiment insupportable. Sous la supervision d\u2019un chirurgien de renom, j\u2019ai subi une op\u00e9ration majeure, \u00e0 la fois par voie ant\u00e9rieure et post\u00e9rieure, visant non seulement \u00e0 fusionner les vert\u00e8bres, mais aussi \u00e0 placer un \u00ab\u202fcage\u202f\u00bb de vis en titane autour de la colonne pour la stabiliser. Malgr\u00e9 la lourdeur de l\u2019intervention, ce fut un grand succ\u00e8s\u202f: six mois plus tard, j\u2019avais retrouv\u00e9 une vie normale, sans douleur ni m\u00e9dicaments antalgiques.<\/p>\n\n\n\n<p>Un an plus tard, une voiture a percut\u00e9 l\u2019arri\u00e8re de la mienne \u00e0 grande vitesse. C\u2019\u00e9tait un accident mineur, mais le choc violent a ab\u00eem\u00e9 la vert\u00e8bre L3. Les muscles sont imm\u00e9diatement entr\u00e9s en spasme, provoquant des douleurs constantes non seulement dans ma colonne, mais aussi dans mes jambes et mes bras. Au fil des mois, mon dos a commenc\u00e9 \u00e0 s\u2019hypercambrer et la courbure au-dessus de la zone fusionn\u00e9e est tr\u00e8s visible. Je refuse de reprendre des antidouleurs et je ne peux pas faire de kin\u00e9. Je g\u00e8re la douleur par la volont\u00e9 et je soutiens ma colonne affaiblie en portant un corset jour et nuit. Je suis physiquement \u00e9puis\u00e9e, mais je dois tenir bon pour mes quatre enfants. Je suis constamment fatigu\u00e9e et ne parviens pas \u00e0 accomplir grand-chose.<\/p>\n\n\n\n<p>Je ferais n\u2019importe quoi pour \u00e9viter une autre op\u00e9ration, d\u2019autant qu\u2019il m\u2019est impossible de pr\u00e9voir les six mois de convalescence n\u00e9cessaires pour le moment. J\u2019ai besoin de Brainwave I et de beaucoup de Delta\u202f! <strong>Je me sens formidable et j\u2019ai fait plus en deux jours que je n\u2019avais fait depuis longtemps.<\/strong><\/p>\n\n\n\n<p>Aujourd\u2019hui, j\u2019ai appel\u00e9 le psychologue scolaire de James. Je pensais qu\u2019il serait sceptique, mais au contraire, il s\u2019est montr\u00e9 tr\u00e8s int\u00e9ress\u00e9 et encourageant.<\/p>\n\n\n\n<p>Je vous recontacterai d\u00e8s que j\u2019observerai de nouveaux changements. En attendant, recevez mes remerciements les plus sinc\u00e8res.<\/p>\n\n\n\n<p>Mme P. Douglas, Angleterre<\/p>\n<\/div><\/div>\n","protected":false},"excerpt":{"rendered":"<p>T\u00e9moignage de Mme P. Douglas \u00e0 Alphalearning \u00c0 l\u2019attention d\u2019Alphalearning, Voici le r\u00e9cit de mon exp\u00e9rience avec Alphalearning et Brainwave [&hellip;]<\/p>\n","protected":false},"author":2,"featured_media":0,"parent":13061,"menu_order":0,"comment_status":"closed","ping_status":"closed","template":"","meta":{"_uag_custom_page_level_css":"","site-sidebar-layout":"default","site-content-layout":"","ast-site-content-layout":"default","site-content-style":"default","site-sidebar-style":"default","ast-global-header-display":"","ast-banner-title-visibility":"","ast-main-header-display":"","ast-hfb-above-header-display":"","ast-hfb-below-header-display":"","ast-hfb-mobile-header-display":"","site-post-title":"disabled","ast-breadcrumbs-content":"","ast-featured-img":"","footer-sml-layout":"","ast-disable-related-posts":"","theme-transparent-header-meta":"","adv-header-id-meta":"","stick-header-meta":"","header-above-stick-meta":"","header-main-stick-meta":"","header-below-stick-meta":"","astra-migrate-meta-layouts":"default","ast-page-background-enabled":"default","ast-page-background-meta":{"desktop":{"background-color":"var(--ast-global-color-4)","background-image":"","background-repeat":"repeat","background-position":"center center","background-size":"auto","background-attachment":"scroll","background-type":"","background-media":"","overlay-type":"","overlay-color":"","overlay-opacity":"","overlay-gradient":""},"tablet":{"background-color":"","background-image":"","background-repeat":"repeat","background-position":"center center","background-size":"auto","background-attachment":"scroll","background-type":"","background-media":"","overlay-type":"","overlay-color":"","overlay-opacity":"","overlay-gradient":""},"mobile":{"background-color":"","background-image":"","background-repeat":"repeat","background-position":"center center","background-size":"auto","background-attachment":"scroll","background-type":"","background-media":"","overlay-type":"","overlay-color":"","overlay-opacity":"","overlay-gradient":""}},"ast-content-background-meta":{"desktop":{"background-color":"var(--ast-global-color-5)","background-image":"","background-repeat":"repeat","background-position":"center center","background-size":"auto","background-attachment":"scroll","background-type":"","background-media":"","overlay-type":"","overlay-color":"","overlay-opacity":"","overlay-gradient":""},"tablet":{"background-color":"var(--ast-global-color-5)","background-image":"","background-repeat":"repeat","background-position":"center center","background-size":"auto","background-attachment":"scroll","background-type":"","background-media":"","overlay-type":"","overlay-color":"","overlay-opacity":"","overlay-gradient":""},"mobile":{"background-color":"var(--ast-global-color-5)","background-image":"","background-repeat":"repeat","background-position":"center center","background-size":"auto","background-attachment":"scroll","background-type":"","background-media":"","overlay-type":"","overlay-color":"","overlay-opacity":"","overlay-gradient":""}},"footnotes":""},"class_list":["post-13104","page","type-page","status-publish","hentry"],"yoast_head":"<!-- This site is optimized with the Yoast SEO plugin v27.1.1 - https:\/\/yoast.com\/product\/yoast-seo-wordpress\/ -->\n<title>Mme P. Douglas : Soulagement du dos et spondylolisth\u00e9sis<\/title>\n<meta name=\"description\" content=\"D\u00e9couvrez comment Mme Douglas a vaincu ses douleurs dorsales et son spondylolisth\u00e9sis, retrouvant \u00e9nergie et soulagement gr\u00e2ce \u00e0 Alphalearning.\" \/>\n<meta name=\"robots\" content=\"index, follow, max-snippet:-1, max-image-preview:large, max-video-preview:-1\" \/>\n<link rel=\"canonical\" href=\"https:\/\/alphalearning.com\/fr\/commentaires-clients-alphalearning\/citations-de-familles\/mrs-p-douglas\/\" \/>\n<meta property=\"og:locale\" content=\"fr_FR\" \/>\n<meta property=\"og:type\" content=\"article\" \/>\n<meta property=\"og:title\" content=\"Mme P. Douglas : Soulagement du dos et spondylolisth\u00e9sis\" \/>\n<meta property=\"og:description\" content=\"D\u00e9couvrez comment Mme Douglas a vaincu ses douleurs dorsales et son spondylolisth\u00e9sis, retrouvant \u00e9nergie et soulagement gr\u00e2ce \u00e0 Alphalearning.\" \/>\n<meta property=\"og:url\" content=\"https:\/\/alphalearning.com\/fr\/commentaires-clients-alphalearning\/citations-de-familles\/mrs-p-douglas\/\" \/>\n<meta property=\"og:site_name\" content=\"Alphalearning International\" \/>\n<meta property=\"article:modified_time\" content=\"2025-01-26T11:04:32+00:00\" \/>\n<meta property=\"og:image\" content=\"https:\/\/alphalearning.com\/wp-content\/uploads\/2024\/04\/alphalearning-logo_red_1200x675px.png\" \/>\n\t<meta property=\"og:image:width\" content=\"1200\" \/>\n\t<meta property=\"og:image:height\" content=\"675\" \/>\n\t<meta property=\"og:image:type\" content=\"image\/png\" \/>\n<meta name=\"twitter:card\" content=\"summary_large_image\" \/>\n<meta name=\"twitter:label1\" content=\"Est. reading time\" \/>\n\t<meta name=\"twitter:data1\" content=\"3 minutes\" \/>\n<!-- \/ Yoast SEO plugin. -->","yoast_head_json":{"title":"Mme P. Douglas : Soulagement du dos et spondylolisth\u00e9sis","description":"D\u00e9couvrez comment Mme Douglas a vaincu ses douleurs dorsales et son spondylolisth\u00e9sis, retrouvant \u00e9nergie et soulagement gr\u00e2ce \u00e0 Alphalearning.","robots":{"index":"index","follow":"follow","max-snippet":"max-snippet:-1","max-image-preview":"max-image-preview:large","max-video-preview":"max-video-preview:-1"},"canonical":"https:\/\/alphalearning.com\/fr\/commentaires-clients-alphalearning\/citations-de-familles\/mrs-p-douglas\/","og_locale":"fr_FR","og_type":"article","og_title":"Mme P. Douglas : Soulagement du dos et spondylolisth\u00e9sis","og_description":"D\u00e9couvrez comment Mme Douglas a vaincu ses douleurs dorsales et son spondylolisth\u00e9sis, retrouvant \u00e9nergie et soulagement gr\u00e2ce \u00e0 Alphalearning.","og_url":"https:\/\/alphalearning.com\/fr\/commentaires-clients-alphalearning\/citations-de-familles\/mrs-p-douglas\/","og_site_name":"Alphalearning International","article_modified_time":"2025-01-26T11:04:32+00:00","og_image":[{"width":1200,"height":675,"url":"https:\/\/alphalearning.com\/wp-content\/uploads\/2024\/04\/alphalearning-logo_red_1200x675px.png","type":"image\/png"}],"twitter_card":"summary_large_image","twitter_misc":{"Est. reading time":"3 minutes"},"schema":{"@context":"https:\/\/schema.org","@graph":[{"@type":"WebPage","@id":"https:\/\/alphalearning.com\/fr\/commentaires-clients-alphalearning\/citations-de-familles\/mrs-p-douglas\/","url":"https:\/\/alphalearning.com\/fr\/commentaires-clients-alphalearning\/citations-de-familles\/mrs-p-douglas\/","name":"Mme P. Douglas : Soulagement du dos et spondylolisth\u00e9sis","isPartOf":{"@id":"https:\/\/alphalearning.com\/fr\/#website"},"datePublished":"2024-03-27T16:31:37+00:00","dateModified":"2025-01-26T11:04:32+00:00","description":"D\u00e9couvrez comment Mme Douglas a vaincu ses douleurs dorsales et son spondylolisth\u00e9sis, retrouvant \u00e9nergie et soulagement gr\u00e2ce \u00e0 Alphalearning.","breadcrumb":{"@id":"https:\/\/alphalearning.com\/fr\/commentaires-clients-alphalearning\/citations-de-familles\/mrs-p-douglas\/#breadcrumb"},"inLanguage":"fr","potentialAction":[{"@type":"ReadAction","target":["https:\/\/alphalearning.com\/fr\/commentaires-clients-alphalearning\/citations-de-familles\/mrs-p-douglas\/"]}]},{"@type":"BreadcrumbList","@id":"https:\/\/alphalearning.com\/fr\/commentaires-clients-alphalearning\/citations-de-familles\/mrs-p-douglas\/#breadcrumb","itemListElement":[{"@type":"ListItem","position":1,"name":"Home","item":"https:\/\/alphalearning.com\/fr\/"},{"@type":"ListItem","position":2,"name":"Commentaires de Clients Alphalearning","item":"https:\/\/alphalearning.com\/fr\/commentaires-clients-alphalearning\/"},{"@type":"ListItem","position":3,"name":"Familles","item":"https:\/\/alphalearning.com\/fr\/commentaires-clients-alphalearning\/citations-de-familles\/"},{"@type":"ListItem","position":4,"name":"Mrs. P. Douglas"}]},{"@type":"WebSite","@id":"https:\/\/alphalearning.com\/fr\/#website","url":"https:\/\/alphalearning.com\/fr\/","name":"Alphalearning International","description":"the brain training institute","publisher":{"@id":"https:\/\/alphalearning.com\/fr\/#organization"},"potentialAction":[{"@type":"SearchAction","target":{"@type":"EntryPoint","urlTemplate":"https:\/\/alphalearning.com\/fr\/?s={search_term_string}"},"query-input":{"@type":"PropertyValueSpecification","valueRequired":true,"valueName":"search_term_string"}}],"inLanguage":"fr"},{"@type":"Organization","@id":"https:\/\/alphalearning.com\/fr\/#organization","name":"Alphalearning International","url":"https:\/\/alphalearning.com\/fr\/","logo":{"@type":"ImageObject","inLanguage":"fr","@id":"https:\/\/alphalearning.com\/fr\/#\/schema\/logo\/image\/","url":"https:\/\/alphalearning.com\/wp-content\/uploads\/2024\/03\/alphalearning_ico2_512px.png","contentUrl":"https:\/\/alphalearning.com\/wp-content\/uploads\/2024\/03\/alphalearning_ico2_512px.png","width":512,"height":512,"caption":"Alphalearning International"},"image":{"@id":"https:\/\/alphalearning.com\/fr\/#\/schema\/logo\/image\/"}}]}},"uagb_featured_image_src":{"full":false,"thumbnail":false,"medium":false,"medium_large":false,"large":false,"1536x1536":false,"2048x2048":false,"gform-image-choice-sm":false,"gform-image-choice-md":false,"gform-image-choice-lg":false},"uagb_author_info":{"display_name":"Julio Machado","author_link":"https:\/\/alphalearning.com\/fr\/author\/julio-machado\/"},"uagb_comment_info":0,"uagb_excerpt":"T\u00e9moignage de Mme P. Douglas \u00e0 Alphalearning \u00c0 l\u2019attention d\u2019Alphalearning, Voici le r\u00e9cit de mon exp\u00e9rience avec Alphalearning et Brainwave [&hellip;]","_links":{"self":[{"href":"https:\/\/alphalearning.com\/fr\/wp-json\/wp\/v2\/pages\/13104","targetHints":{"allow":["GET"]}}],"collection":[{"href":"https:\/\/alphalearning.com\/fr\/wp-json\/wp\/v2\/pages"}],"about":[{"href":"https:\/\/alphalearning.com\/fr\/wp-json\/wp\/v2\/types\/page"}],"author":[{"embeddable":true,"href":"https:\/\/alphalearning.com\/fr\/wp-json\/wp\/v2\/users\/2"}],"replies":[{"embeddable":true,"href":"https:\/\/alphalearning.com\/fr\/wp-json\/wp\/v2\/comments?post=13104"}],"version-history":[{"count":2,"href":"https:\/\/alphalearning.com\/fr\/wp-json\/wp\/v2\/pages\/13104\/revisions"}],"predecessor-version":[{"id":14381,"href":"https:\/\/alphalearning.com\/fr\/wp-json\/wp\/v2\/pages\/13104\/revisions\/14381"}],"up":[{"embeddable":true,"href":"https:\/\/alphalearning.com\/fr\/wp-json\/wp\/v2\/pages\/13061"}],"wp:attachment":[{"href":"https:\/\/alphalearning.com\/fr\/wp-json\/wp\/v2\/media?parent=13104"}],"curies":[{"name":"wp","href":"https:\/\/api.w.org\/{rel}","templated":true}]}}