{"id":13100,"date":"2024-03-27T16:31:18","date_gmt":"2024-03-27T16:31:18","guid":{"rendered":"https:\/\/alphalearning.com\/commentaires-clients-alphalearning\/citations-de-familles\/lindsay-lambert\/"},"modified":"2025-01-26T10:50:05","modified_gmt":"2025-01-26T10:50:05","slug":"lindsay-lambert","status":"publish","type":"page","link":"https:\/\/alphalearning.com\/fr\/commentaires-clients-alphalearning\/citations-de-familles\/lindsay-lambert\/","title":{"rendered":"Lindsay Lambert"},"content":{"rendered":"\n<div class=\"wp-block-uagb-advanced-heading uagb-block-8a4b9885\"><h1 class=\"uagb-heading-text\">T\u00e9moignage de Lindsay Lambert \u00e0 Alphalearning<\/h1><\/div>\n\n\n\n<div class=\"wp-block-uagb-container uagb-block-d32c66f5 alignfull uagb-is-root-container\"><div class=\"uagb-container-inner-blocks-wrap\">\n<p>\u00c0 l\u2019attention d\u2019Alphalearning,<\/p>\n\n\n\n<p>Merci pour la magnifique layette que vous avez offerte \u00e0 Tristan, c\u2019\u00e9tait une d\u00e9licate attention. C\u2019est un b\u00e9b\u00e9 tr\u00e8s sage, du moins pour l\u2019instant, mais ce n\u2019est encore que le d\u00e9but !<\/p>\n\n\n\n<p>Ben progresse \u00e9norm\u00e9ment avec le \u00ab Wavemeter \u00bb. Nous l\u2019utilisons entre 8 et 12 fois par jour et, au moment de dormir, nous lui donnons 10 minutes de \u00ab Delta 4 ways \u00bb, le tout dans une atmosph\u00e8re tr\u00e8s d\u00e9tendue.<\/p>\n\n\n\n<p>Amy et moi avons remarqu\u00e9 qu\u2019il est beaucoup plus \u00e9veill\u00e9, surtout devant la t\u00e9l\u00e9vision. Il semble plus mobile, roule d\u2019un bout \u00e0 l\u2019autre du sol et reste sur le dos plus longtemps qu\u2019auparavant. Son rythme de sommeil s\u2019est am\u00e9lior\u00e9 : il dort environ 85 % du temps toute la nuit, contre seulement 40 % auparavant.<\/p>\n\n\n\n<p>Ses EEG montrent une nette am\u00e9lioration ; l\u00e0 encore, je pense que c\u2019est li\u00e9 au fait qu\u2019il \u00e9tait calme et d\u00e9tendu, sans pleurer ni se d\u00e9battre. De mani\u00e8re g\u00e9n\u00e9rale, il semble beaucoup plus serein.<\/p>\n\n\n\n<p>Nous vous tiendrons inform\u00e9s de ses progr\u00e8s.<\/p>\n\n\n\n<p>Merci encore pour les adorables tenues de Tristan.<\/p>\n\n\n\n<p>Bien cordialement,<\/p>\n\n\n\n<p>Lindsay, Hong Kong<\/p>\n<\/div><\/div>\n","protected":false},"excerpt":{"rendered":"<p>T\u00e9moignage de Lindsay Lambert \u00e0 Alphalearning \u00c0 l\u2019attention d\u2019Alphalearning, Merci pour la magnifique layette que vous avez offerte \u00e0 Tristan, [&hellip;]<\/p>\n","protected":false},"author":2,"featured_media":0,"parent":13061,"menu_order":0,"comment_status":"closed","ping_status":"closed","template":"","meta":{"_uag_custom_page_level_css":"","site-sidebar-layout":"default","site-content-layout":"","ast-site-content-layout":"default","site-content-style":"default","site-sidebar-style":"default","ast-global-header-display":"","ast-banner-title-visibility":"","ast-main-header-display":"","ast-hfb-above-header-display":"","ast-hfb-below-header-display":"","ast-hfb-mobile-header-display":"","site-post-title":"disabled","ast-breadcrumbs-content":"","ast-featured-img":"","footer-sml-layout":"","ast-disable-related-posts":"","theme-transparent-header-meta":"","adv-header-id-meta":"","stick-header-meta":"","header-above-stick-meta":"","header-main-stick-meta":"","header-below-stick-meta":"","astra-migrate-meta-layouts":"default","ast-page-background-enabled":"default","ast-page-background-meta":{"desktop":{"background-color":"var(--ast-global-color-4)","background-image":"","background-repeat":"repeat","background-position":"center center","background-size":"auto","background-attachment":"scroll","background-type":"","background-media":"","overlay-type":"","overlay-color":"","overlay-opacity":"","overlay-gradient":""},"tablet":{"background-color":"","background-image":"","background-repeat":"repeat","background-position":"center center","background-size":"auto","background-attachment":"scroll","background-type":"","background-media":"","overlay-type":"","overlay-color":"","overlay-opacity":"","overlay-gradient":""},"mobile":{"background-color":"","background-image":"","background-repeat":"repeat","background-position":"center center","background-size":"auto","background-attachment":"scroll","background-type":"","background-media":"","overlay-type":"","overlay-color":"","overlay-opacity":"","overlay-gradient":""}},"ast-content-background-meta":{"desktop":{"background-color":"var(--ast-global-color-5)","background-image":"","background-repeat":"repeat","background-position":"center center","background-size":"auto","background-attachment":"scroll","background-type":"","background-media":"","overlay-type":"","overlay-color":"","overlay-opacity":"","overlay-gradient":""},"tablet":{"background-color":"var(--ast-global-color-5)","background-image":"","background-repeat":"repeat","background-position":"center center","background-size":"auto","background-attachment":"scroll","background-type":"","background-media":"","overlay-type":"","overlay-color":"","overlay-opacity":"","overlay-gradient":""},"mobile":{"background-color":"var(--ast-global-color-5)","background-image":"","background-repeat":"repeat","background-position":"center center","background-size":"auto","background-attachment":"scroll","background-type":"","background-media":"","overlay-type":"","overlay-color":"","overlay-opacity":"","overlay-gradient":""}},"footnotes":""},"class_list":["post-13100","page","type-page","status-publish","hentry"],"yoast_head":"<!-- This site is optimized with the Yoast SEO plugin v27.1.1 - https:\/\/yoast.com\/product\/yoast-seo-wordpress\/ -->\n<title>Sommeil Am\u00e9lior\u00e9 : Lindsay Lambert (Alphalearning)<\/title>\n<meta name=\"description\" content=\"D\u00e9couvrez comment Alphalearning a aid\u00e9 Ben \u00e0 am\u00e9liorer son sommeil, passant de 40 % \u00e0 85 % de nuits r\u00e9paratrices, et renfor\u00e7ant calme et vigilance.\" \/>\n<meta name=\"robots\" content=\"index, follow, max-snippet:-1, max-image-preview:large, max-video-preview:-1\" \/>\n<link rel=\"canonical\" href=\"https:\/\/alphalearning.com\/fr\/commentaires-clients-alphalearning\/citations-de-familles\/lindsay-lambert\/\" \/>\n<meta property=\"og:locale\" content=\"fr_FR\" \/>\n<meta property=\"og:type\" content=\"article\" \/>\n<meta property=\"og:title\" content=\"Sommeil Am\u00e9lior\u00e9 : Lindsay Lambert (Alphalearning)\" \/>\n<meta property=\"og:description\" content=\"D\u00e9couvrez comment Alphalearning a aid\u00e9 Ben \u00e0 am\u00e9liorer son sommeil, passant de 40 % \u00e0 85 % de nuits r\u00e9paratrices, et renfor\u00e7ant calme et vigilance.\" \/>\n<meta property=\"og:url\" content=\"https:\/\/alphalearning.com\/fr\/commentaires-clients-alphalearning\/citations-de-familles\/lindsay-lambert\/\" \/>\n<meta property=\"og:site_name\" content=\"Alphalearning International\" \/>\n<meta property=\"article:modified_time\" content=\"2025-01-26T10:50:05+00:00\" \/>\n<meta property=\"og:image\" content=\"https:\/\/alphalearning.com\/wp-content\/uploads\/2024\/04\/alphalearning-logo_red_1200x675px.png\" \/>\n\t<meta property=\"og:image:width\" content=\"1200\" \/>\n\t<meta property=\"og:image:height\" content=\"675\" \/>\n\t<meta property=\"og:image:type\" content=\"image\/png\" \/>\n<meta name=\"twitter:card\" content=\"summary_large_image\" \/>\n<meta name=\"twitter:label1\" content=\"Est. reading time\" \/>\n\t<meta name=\"twitter:data1\" content=\"1 minute\" \/>\n<!-- \/ Yoast SEO plugin. -->","yoast_head_json":{"title":"Sommeil Am\u00e9lior\u00e9 : Lindsay Lambert (Alphalearning)","description":"D\u00e9couvrez comment Alphalearning a aid\u00e9 Ben \u00e0 am\u00e9liorer son sommeil, passant de 40 % \u00e0 85 % de nuits r\u00e9paratrices, et renfor\u00e7ant calme et vigilance.","robots":{"index":"index","follow":"follow","max-snippet":"max-snippet:-1","max-image-preview":"max-image-preview:large","max-video-preview":"max-video-preview:-1"},"canonical":"https:\/\/alphalearning.com\/fr\/commentaires-clients-alphalearning\/citations-de-familles\/lindsay-lambert\/","og_locale":"fr_FR","og_type":"article","og_title":"Sommeil Am\u00e9lior\u00e9 : Lindsay Lambert (Alphalearning)","og_description":"D\u00e9couvrez comment Alphalearning a aid\u00e9 Ben \u00e0 am\u00e9liorer son sommeil, passant de 40 % \u00e0 85 % de nuits r\u00e9paratrices, et renfor\u00e7ant calme et vigilance.","og_url":"https:\/\/alphalearning.com\/fr\/commentaires-clients-alphalearning\/citations-de-familles\/lindsay-lambert\/","og_site_name":"Alphalearning International","article_modified_time":"2025-01-26T10:50:05+00:00","og_image":[{"width":1200,"height":675,"url":"https:\/\/alphalearning.com\/wp-content\/uploads\/2024\/04\/alphalearning-logo_red_1200x675px.png","type":"image\/png"}],"twitter_card":"summary_large_image","twitter_misc":{"Est. reading time":"1 minute"},"schema":{"@context":"https:\/\/schema.org","@graph":[{"@type":"WebPage","@id":"https:\/\/alphalearning.com\/fr\/commentaires-clients-alphalearning\/citations-de-familles\/lindsay-lambert\/","url":"https:\/\/alphalearning.com\/fr\/commentaires-clients-alphalearning\/citations-de-familles\/lindsay-lambert\/","name":"Sommeil Am\u00e9lior\u00e9 : Lindsay Lambert (Alphalearning)","isPartOf":{"@id":"https:\/\/alphalearning.com\/fr\/#website"},"datePublished":"2024-03-27T16:31:18+00:00","dateModified":"2025-01-26T10:50:05+00:00","description":"D\u00e9couvrez comment Alphalearning a aid\u00e9 Ben \u00e0 am\u00e9liorer son sommeil, passant de 40 % \u00e0 85 % de nuits r\u00e9paratrices, et renfor\u00e7ant calme et vigilance.","breadcrumb":{"@id":"https:\/\/alphalearning.com\/fr\/commentaires-clients-alphalearning\/citations-de-familles\/lindsay-lambert\/#breadcrumb"},"inLanguage":"fr","potentialAction":[{"@type":"ReadAction","target":["https:\/\/alphalearning.com\/fr\/commentaires-clients-alphalearning\/citations-de-familles\/lindsay-lambert\/"]}]},{"@type":"BreadcrumbList","@id":"https:\/\/alphalearning.com\/fr\/commentaires-clients-alphalearning\/citations-de-familles\/lindsay-lambert\/#breadcrumb","itemListElement":[{"@type":"ListItem","position":1,"name":"Home","item":"https:\/\/alphalearning.com\/fr\/"},{"@type":"ListItem","position":2,"name":"Commentaires de Clients Alphalearning","item":"https:\/\/alphalearning.com\/fr\/commentaires-clients-alphalearning\/"},{"@type":"ListItem","position":3,"name":"Familles","item":"https:\/\/alphalearning.com\/fr\/commentaires-clients-alphalearning\/citations-de-familles\/"},{"@type":"ListItem","position":4,"name":"Lindsay Lambert"}]},{"@type":"WebSite","@id":"https:\/\/alphalearning.com\/fr\/#website","url":"https:\/\/alphalearning.com\/fr\/","name":"Alphalearning International","description":"the brain training institute","publisher":{"@id":"https:\/\/alphalearning.com\/fr\/#organization"},"potentialAction":[{"@type":"SearchAction","target":{"@type":"EntryPoint","urlTemplate":"https:\/\/alphalearning.com\/fr\/?s={search_term_string}"},"query-input":{"@type":"PropertyValueSpecification","valueRequired":true,"valueName":"search_term_string"}}],"inLanguage":"fr"},{"@type":"Organization","@id":"https:\/\/alphalearning.com\/fr\/#organization","name":"Alphalearning International","url":"https:\/\/alphalearning.com\/fr\/","logo":{"@type":"ImageObject","inLanguage":"fr","@id":"https:\/\/alphalearning.com\/fr\/#\/schema\/logo\/image\/","url":"https:\/\/alphalearning.com\/wp-content\/uploads\/2024\/03\/alphalearning_ico2_512px.png","contentUrl":"https:\/\/alphalearning.com\/wp-content\/uploads\/2024\/03\/alphalearning_ico2_512px.png","width":512,"height":512,"caption":"Alphalearning International"},"image":{"@id":"https:\/\/alphalearning.com\/fr\/#\/schema\/logo\/image\/"}}]}},"uagb_featured_image_src":{"full":false,"thumbnail":false,"medium":false,"medium_large":false,"large":false,"1536x1536":false,"2048x2048":false,"gform-image-choice-sm":false,"gform-image-choice-md":false,"gform-image-choice-lg":false},"uagb_author_info":{"display_name":"Julio Machado","author_link":"https:\/\/alphalearning.com\/fr\/author\/julio-machado\/"},"uagb_comment_info":0,"uagb_excerpt":"T\u00e9moignage de Lindsay Lambert \u00e0 Alphalearning \u00c0 l\u2019attention d\u2019Alphalearning, Merci pour la magnifique layette que vous avez offerte \u00e0 Tristan, [&hellip;]","_links":{"self":[{"href":"https:\/\/alphalearning.com\/fr\/wp-json\/wp\/v2\/pages\/13100","targetHints":{"allow":["GET"]}}],"collection":[{"href":"https:\/\/alphalearning.com\/fr\/wp-json\/wp\/v2\/pages"}],"about":[{"href":"https:\/\/alphalearning.com\/fr\/wp-json\/wp\/v2\/types\/page"}],"author":[{"embeddable":true,"href":"https:\/\/alphalearning.com\/fr\/wp-json\/wp\/v2\/users\/2"}],"replies":[{"embeddable":true,"href":"https:\/\/alphalearning.com\/fr\/wp-json\/wp\/v2\/comments?post=13100"}],"version-history":[{"count":2,"href":"https:\/\/alphalearning.com\/fr\/wp-json\/wp\/v2\/pages\/13100\/revisions"}],"predecessor-version":[{"id":14376,"href":"https:\/\/alphalearning.com\/fr\/wp-json\/wp\/v2\/pages\/13100\/revisions\/14376"}],"up":[{"embeddable":true,"href":"https:\/\/alphalearning.com\/fr\/wp-json\/wp\/v2\/pages\/13061"}],"wp:attachment":[{"href":"https:\/\/alphalearning.com\/fr\/wp-json\/wp\/v2\/media?parent=13100"}],"curies":[{"name":"wp","href":"https:\/\/api.w.org\/{rel}","templated":true}]}}