{"id":13089,"date":"2024-03-27T16:30:41","date_gmt":"2024-03-27T16:30:41","guid":{"rendered":"https:\/\/alphalearning.com\/commentaires-clients-alphalearning\/citations-de-familles\/jean-deschenes\/"},"modified":"2025-03-02T10:37:43","modified_gmt":"2025-03-02T10:37:43","slug":"jean-deschenes","status":"publish","type":"page","link":"https:\/\/alphalearning.com\/fr\/commentaires-clients-alphalearning\/citations-de-familles\/jean-deschenes\/","title":{"rendered":"Jean Deschenes"},"content":{"rendered":"\n<div class=\"wp-block-uagb-advanced-heading uagb-block-e5b4485c\"><h1 class=\"uagb-heading-text\">T\u00e9moignage de Jean Deschenes \u00e0 Alphalearning<\/h1><\/div>\n\n\n\n<div class=\"wp-block-uagb-container uagb-block-29a18a4d alignfull uagb-is-root-container\"><div class=\"uagb-container-inner-blocks-wrap\">\n<p>Chers amis,<\/p>\n\n\n\n<p>Une br\u00e8ve note pour vous tenir au courant de nos progr\u00e8s. Mais d\u2019abord, permettez-nous de r\u00e9p\u00e9ter \u00e0 quel point nous sommes reconnaissants pour vos enseignements, et surtout pour votre pr\u00e9cieux cadeau d\u2019espoir.<\/p>\n\n\n\n<p>Notre fils Lee a maintenant 3 ans et demi. Diff\u00e9rents diagnostics ont \u00e9t\u00e9 \u00e9mis \u00e0 son sujet, notamment l\u2019autisme, l\u2019autisme atypique, le trouble envahissant du d\u00e9veloppement (TED), le trouble d\u00e9ficitaire de l\u2019attention (TDA) et un trouble de r\u00e9gulation, aucun ne semblant correspondre exactement \u00e0 notre enfant si particulier. Au moment o\u00f9 vous l\u2019avez rencontr\u00e9, alors qu\u2019il avait trois ans, son \u00e2ge de d\u00e9veloppement \u00e9tait \u00e9valu\u00e9 \u00e0 1 an et demi, sans aucune communication ou expression vocale. Nous avons \u00e9t\u00e9 tr\u00e8s proactifs dans la prise en charge de Lee. \u00c9cole sp\u00e9cialis\u00e9e, multiples th\u00e9rapies, traitement de l\u2019audition et une infirmi\u00e8re formidable, Lenee, que vous avez rencontr\u00e9e lors de notre visite. Gr\u00e2ce \u00e0 toute cette aide, Lee a progress\u00e9 dans son d\u00e9veloppement et a m\u00eame fait ses premiers pas vers la parole en r\u00e9p\u00e9tant quelques commandes simples sur demande.<\/p>\n\n\n\n<p>Nous avons commenc\u00e9 les sessions informatiques pendant ses vacances de No\u00ebl, ce qui lui a permis de b\u00e9n\u00e9ficier de deux semaines de s\u00e9ances avant de reprendre l\u2019\u00e9cole. Nous avons d\u00fb r\u00e9aliser les s\u00e9ances pendant que Lee dormait, car il r\u00e9siste toujours \u00e0 porter les accessoires pendant une dur\u00e9e raisonnable.<\/p>\n\n\n\n<p>Le changement a \u00e9t\u00e9 imm\u00e9diat. Lee \u00e9tait plus calme, semblait plus concentr\u00e9, s\u2019endormait plus facilement, \u00e9tait plus coop\u00e9ratif et, de mani\u00e8re g\u00e9n\u00e9rale, il \u00e9tait un enfant plus heureux. Au cours de ces deux semaines de vacances, nous l\u2019avons vu manifester davantage d\u2019int\u00e9r\u00eat pour sa vocalisation et nous avons pu introduire de nouveaux mots.<\/p>\n\n\n\n<p>La rentr\u00e9e \u00e0 l\u2019\u00e9cole a marqu\u00e9 une perc\u00e9e. D\u2019abord, ses th\u00e9rapeutes ne pouvaient pas croire qu\u2019il s\u2019agissait du m\u00eame enfant : autant de progr\u00e8s en si peu de temps ne correspondait tout simplement pas \u00e0 leur cadre de r\u00e9f\u00e9rence habituel. Mais le plus important est que ce rythme de progr\u00e8s semble s\u2019\u00eatre maintenu dans leur environnement bien structur\u00e9. Lee semble maintenant avoir compris la fonction du langage et acquiert r\u00e9guli\u00e8rement de nouveaux mots. Comme pour tout enfant ayant son profil, ces victoires qui paraissent minimes sont en r\u00e9alit\u00e9 des pas de g\u00e9ant dans son d\u00e9veloppement.<\/p>\n\n\n\n<p>Il reste encore beaucoup de travail \u00e0 faire et nous n\u2019avons toujours pas de v\u00e9ritable pronostic, mais nous sommes tr\u00e8s encourag\u00e9s et tr\u00e8s enthousiasm\u00e9s par ces premiers r\u00e9sultats. R\u00e9cemment, nous avons essay\u00e9 les autres programmes que vous avez sugg\u00e9r\u00e9s. Nous n\u2019avons pas remarqu\u00e9 de diff\u00e9rence significative, mais je ne pense pas que cela fait assez longtemps. De plus, nous avons \u00e9t\u00e9 quelque peu irr\u00e9guliers dans les traitements en raison de grippes et d\u2019un long voyage hors de la ville pour la th\u00e9rapie de traitement auditif de Lee. Nous avons h\u00e2te de vous annoncer encore de bonnes nouvelles dans un avenir proche.<\/p>\n\n\n\n<p>Pour ma part, je suis de retour dans le tumulte du quotidien ; les affaires sont toujours tr\u00e8s difficiles et exigeantes ici. Je prends tout de m\u00eame le temps d\u2019utiliser le Wavemeter moi-m\u00eame et j\u2019ai trouv\u00e9 cela tr\u00e8s utile, avec les r\u00e9sultats que vous aviez pr\u00e9dits : meilleure concentration, vitesse de lecture accrue, etc. Lors de mon dernier EEG, j\u2019ai pu produire une onde alpha soutenue. C\u2019est tr\u00e8s enthousiasmant.<\/p>\n\n\n\n<p>Amicalement,<\/p>\n\n\n\n<p>Jean Deschenes, Qu\u00e9bec \u2013 Canada<\/p>\n<\/div><\/div>\n","protected":false},"excerpt":{"rendered":"<p>T\u00e9moignage de Jean Deschenes \u00e0 Alphalearning Chers amis, Une br\u00e8ve note pour vous tenir au courant de nos progr\u00e8s. Mais [&hellip;]<\/p>\n","protected":false},"author":2,"featured_media":0,"parent":13061,"menu_order":0,"comment_status":"closed","ping_status":"closed","template":"","meta":{"_uag_custom_page_level_css":"","site-sidebar-layout":"default","site-content-layout":"","ast-site-content-layout":"default","site-content-style":"default","site-sidebar-style":"default","ast-global-header-display":"","ast-banner-title-visibility":"","ast-main-header-display":"","ast-hfb-above-header-display":"","ast-hfb-below-header-display":"","ast-hfb-mobile-header-display":"","site-post-title":"disabled","ast-breadcrumbs-content":"","ast-featured-img":"","footer-sml-layout":"","ast-disable-related-posts":"","theme-transparent-header-meta":"","adv-header-id-meta":"","stick-header-meta":"","header-above-stick-meta":"","header-main-stick-meta":"","header-below-stick-meta":"","astra-migrate-meta-layouts":"default","ast-page-background-enabled":"default","ast-page-background-meta":{"desktop":{"background-color":"var(--ast-global-color-4)","background-image":"","background-repeat":"repeat","background-position":"center center","background-size":"auto","background-attachment":"scroll","background-type":"","background-media":"","overlay-type":"","overlay-color":"","overlay-opacity":"","overlay-gradient":""},"tablet":{"background-color":"","background-image":"","background-repeat":"repeat","background-position":"center center","background-size":"auto","background-attachment":"scroll","background-type":"","background-media":"","overlay-type":"","overlay-color":"","overlay-opacity":"","overlay-gradient":""},"mobile":{"background-color":"","background-image":"","background-repeat":"repeat","background-position":"center center","background-size":"auto","background-attachment":"scroll","background-type":"","background-media":"","overlay-type":"","overlay-color":"","overlay-opacity":"","overlay-gradient":""}},"ast-content-background-meta":{"desktop":{"background-color":"var(--ast-global-color-5)","background-image":"","background-repeat":"repeat","background-position":"center center","background-size":"auto","background-attachment":"scroll","background-type":"","background-media":"","overlay-type":"","overlay-color":"","overlay-opacity":"","overlay-gradient":""},"tablet":{"background-color":"var(--ast-global-color-5)","background-image":"","background-repeat":"repeat","background-position":"center center","background-size":"auto","background-attachment":"scroll","background-type":"","background-media":"","overlay-type":"","overlay-color":"","overlay-opacity":"","overlay-gradient":""},"mobile":{"background-color":"var(--ast-global-color-5)","background-image":"","background-repeat":"repeat","background-position":"center center","background-size":"auto","background-attachment":"scroll","background-type":"","background-media":"","overlay-type":"","overlay-color":"","overlay-opacity":"","overlay-gradient":""}},"footnotes":""},"class_list":["post-13089","page","type-page","status-publish","hentry"],"yoast_head":"<!-- This site is optimized with the Yoast SEO plugin v27.1.1 - https:\/\/yoast.com\/product\/yoast-seo-wordpress\/ -->\n<title>Perc\u00e9e dans l\u2019autisme : le t\u00e9moignage de Jean Deschenes | Alphalearning<\/title>\n<meta name=\"description\" content=\"D\u00e9couvrez comment Alphalearning a aid\u00e9 un enfant de 3 ans atteint d\u2019autisme \u00e0 faire de grands progr\u00e8s en langage et en d\u00e9veloppement, surprenant ses th\u00e9rapeutes.\" \/>\n<meta name=\"robots\" content=\"index, follow, max-snippet:-1, max-image-preview:large, max-video-preview:-1\" \/>\n<link rel=\"canonical\" href=\"https:\/\/alphalearning.com\/fr\/commentaires-clients-alphalearning\/citations-de-familles\/jean-deschenes\/\" \/>\n<meta property=\"og:locale\" content=\"fr_FR\" \/>\n<meta property=\"og:type\" content=\"article\" \/>\n<meta property=\"og:title\" content=\"Perc\u00e9e dans l\u2019autisme : le t\u00e9moignage de Jean Deschenes | Alphalearning\" \/>\n<meta property=\"og:description\" content=\"D\u00e9couvrez comment Alphalearning a aid\u00e9 un enfant de 3 ans atteint d\u2019autisme \u00e0 faire de grands progr\u00e8s en langage et en d\u00e9veloppement, surprenant ses th\u00e9rapeutes.\" \/>\n<meta property=\"og:url\" content=\"https:\/\/alphalearning.com\/fr\/commentaires-clients-alphalearning\/citations-de-familles\/jean-deschenes\/\" \/>\n<meta property=\"og:site_name\" content=\"Alphalearning International\" \/>\n<meta property=\"article:modified_time\" content=\"2025-03-02T10:37:43+00:00\" \/>\n<meta property=\"og:image\" content=\"https:\/\/alphalearning.com\/wp-content\/uploads\/2024\/04\/alphalearning-logo_red_1200x675px.png\" \/>\n\t<meta property=\"og:image:width\" content=\"1200\" \/>\n\t<meta property=\"og:image:height\" content=\"675\" \/>\n\t<meta property=\"og:image:type\" content=\"image\/png\" \/>\n<meta name=\"twitter:card\" content=\"summary_large_image\" \/>\n<meta name=\"twitter:label1\" content=\"Est. reading time\" \/>\n\t<meta name=\"twitter:data1\" content=\"3 minutes\" \/>\n<!-- \/ Yoast SEO plugin. -->","yoast_head_json":{"title":"Perc\u00e9e dans l\u2019autisme : le t\u00e9moignage de Jean Deschenes | Alphalearning","description":"D\u00e9couvrez comment Alphalearning a aid\u00e9 un enfant de 3 ans atteint d\u2019autisme \u00e0 faire de grands progr\u00e8s en langage et en d\u00e9veloppement, surprenant ses th\u00e9rapeutes.","robots":{"index":"index","follow":"follow","max-snippet":"max-snippet:-1","max-image-preview":"max-image-preview:large","max-video-preview":"max-video-preview:-1"},"canonical":"https:\/\/alphalearning.com\/fr\/commentaires-clients-alphalearning\/citations-de-familles\/jean-deschenes\/","og_locale":"fr_FR","og_type":"article","og_title":"Perc\u00e9e dans l\u2019autisme : le t\u00e9moignage de Jean Deschenes | Alphalearning","og_description":"D\u00e9couvrez comment Alphalearning a aid\u00e9 un enfant de 3 ans atteint d\u2019autisme \u00e0 faire de grands progr\u00e8s en langage et en d\u00e9veloppement, surprenant ses th\u00e9rapeutes.","og_url":"https:\/\/alphalearning.com\/fr\/commentaires-clients-alphalearning\/citations-de-familles\/jean-deschenes\/","og_site_name":"Alphalearning International","article_modified_time":"2025-03-02T10:37:43+00:00","og_image":[{"width":1200,"height":675,"url":"https:\/\/alphalearning.com\/wp-content\/uploads\/2024\/04\/alphalearning-logo_red_1200x675px.png","type":"image\/png"}],"twitter_card":"summary_large_image","twitter_misc":{"Est. reading time":"3 minutes"},"schema":{"@context":"https:\/\/schema.org","@graph":[{"@type":"WebPage","@id":"https:\/\/alphalearning.com\/fr\/commentaires-clients-alphalearning\/citations-de-familles\/jean-deschenes\/","url":"https:\/\/alphalearning.com\/fr\/commentaires-clients-alphalearning\/citations-de-familles\/jean-deschenes\/","name":"Perc\u00e9e dans l\u2019autisme : le t\u00e9moignage de Jean Deschenes | Alphalearning","isPartOf":{"@id":"https:\/\/alphalearning.com\/fr\/#website"},"datePublished":"2024-03-27T16:30:41+00:00","dateModified":"2025-03-02T10:37:43+00:00","description":"D\u00e9couvrez comment Alphalearning a aid\u00e9 un enfant de 3 ans atteint d\u2019autisme \u00e0 faire de grands progr\u00e8s en langage et en d\u00e9veloppement, surprenant ses th\u00e9rapeutes.","breadcrumb":{"@id":"https:\/\/alphalearning.com\/fr\/commentaires-clients-alphalearning\/citations-de-familles\/jean-deschenes\/#breadcrumb"},"inLanguage":"fr","potentialAction":[{"@type":"ReadAction","target":["https:\/\/alphalearning.com\/fr\/commentaires-clients-alphalearning\/citations-de-familles\/jean-deschenes\/"]}]},{"@type":"BreadcrumbList","@id":"https:\/\/alphalearning.com\/fr\/commentaires-clients-alphalearning\/citations-de-familles\/jean-deschenes\/#breadcrumb","itemListElement":[{"@type":"ListItem","position":1,"name":"Home","item":"https:\/\/alphalearning.com\/fr\/"},{"@type":"ListItem","position":2,"name":"Commentaires de Clients Alphalearning","item":"https:\/\/alphalearning.com\/fr\/commentaires-clients-alphalearning\/"},{"@type":"ListItem","position":3,"name":"Familles","item":"https:\/\/alphalearning.com\/fr\/commentaires-clients-alphalearning\/citations-de-familles\/"},{"@type":"ListItem","position":4,"name":"Jean Deschenes"}]},{"@type":"WebSite","@id":"https:\/\/alphalearning.com\/fr\/#website","url":"https:\/\/alphalearning.com\/fr\/","name":"Alphalearning International","description":"the brain training institute","publisher":{"@id":"https:\/\/alphalearning.com\/fr\/#organization"},"potentialAction":[{"@type":"SearchAction","target":{"@type":"EntryPoint","urlTemplate":"https:\/\/alphalearning.com\/fr\/?s={search_term_string}"},"query-input":{"@type":"PropertyValueSpecification","valueRequired":true,"valueName":"search_term_string"}}],"inLanguage":"fr"},{"@type":"Organization","@id":"https:\/\/alphalearning.com\/fr\/#organization","name":"Alphalearning International","url":"https:\/\/alphalearning.com\/fr\/","logo":{"@type":"ImageObject","inLanguage":"fr","@id":"https:\/\/alphalearning.com\/fr\/#\/schema\/logo\/image\/","url":"https:\/\/alphalearning.com\/wp-content\/uploads\/2024\/03\/alphalearning_ico2_512px.png","contentUrl":"https:\/\/alphalearning.com\/wp-content\/uploads\/2024\/03\/alphalearning_ico2_512px.png","width":512,"height":512,"caption":"Alphalearning International"},"image":{"@id":"https:\/\/alphalearning.com\/fr\/#\/schema\/logo\/image\/"}}]}},"uagb_featured_image_src":{"full":false,"thumbnail":false,"medium":false,"medium_large":false,"large":false,"1536x1536":false,"2048x2048":false,"gform-image-choice-sm":false,"gform-image-choice-md":false,"gform-image-choice-lg":false},"uagb_author_info":{"display_name":"Julio Machado","author_link":"https:\/\/alphalearning.com\/fr\/author\/julio-machado\/"},"uagb_comment_info":0,"uagb_excerpt":"T\u00e9moignage de Jean Deschenes \u00e0 Alphalearning Chers amis, Une br\u00e8ve note pour vous tenir au courant de nos progr\u00e8s. Mais [&hellip;]","_links":{"self":[{"href":"https:\/\/alphalearning.com\/fr\/wp-json\/wp\/v2\/pages\/13089","targetHints":{"allow":["GET"]}}],"collection":[{"href":"https:\/\/alphalearning.com\/fr\/wp-json\/wp\/v2\/pages"}],"about":[{"href":"https:\/\/alphalearning.com\/fr\/wp-json\/wp\/v2\/types\/page"}],"author":[{"embeddable":true,"href":"https:\/\/alphalearning.com\/fr\/wp-json\/wp\/v2\/users\/2"}],"replies":[{"embeddable":true,"href":"https:\/\/alphalearning.com\/fr\/wp-json\/wp\/v2\/comments?post=13089"}],"version-history":[{"count":2,"href":"https:\/\/alphalearning.com\/fr\/wp-json\/wp\/v2\/pages\/13089\/revisions"}],"predecessor-version":[{"id":14359,"href":"https:\/\/alphalearning.com\/fr\/wp-json\/wp\/v2\/pages\/13089\/revisions\/14359"}],"up":[{"embeddable":true,"href":"https:\/\/alphalearning.com\/fr\/wp-json\/wp\/v2\/pages\/13061"}],"wp:attachment":[{"href":"https:\/\/alphalearning.com\/fr\/wp-json\/wp\/v2\/media?parent=13089"}],"curies":[{"name":"wp","href":"https:\/\/api.w.org\/{rel}","templated":true}]}}