{"id":13077,"date":"2024-03-27T16:29:11","date_gmt":"2024-03-27T16:29:11","guid":{"rendered":"https:\/\/alphalearning.com\/commentaires-clients-alphalearning\/citations-de-familles\/dra-tania-and-barbara-valery\/"},"modified":"2025-01-25T19:45:01","modified_gmt":"2025-01-25T19:45:01","slug":"dra-tania-and-barbara-valery","status":"publish","type":"page","link":"https:\/\/alphalearning.com\/fr\/commentaires-clients-alphalearning\/citations-de-familles\/dra-tania-and-barbara-valery\/","title":{"rendered":"Dr. Tania and Barbara Valery"},"content":{"rendered":"\n<div class=\"wp-block-uagb-advanced-heading uagb-block-43c14b46\"><h1 class=\"uagb-heading-text\">T\u00e9moignages du Dr Tania et de Barbara Valery<\/h1><\/div>\n\n\n\n<p>Cette vid\u00e9o pr\u00e9sente les t\u00e9moignages du Dr Tania et de Barbara Valery au sujet de la dyslexie apr\u00e8s avoir suivi notre Cours Apprendre \u00e0 Apprendre. Pour le Dr Tania Valery, avocate, et sa fille, Barbara Valery, \u00e9tudiante, rien que pour la lecture, une am\u00e9lioration de la vitesse et de la compr\u00e9hension de l\u2019ordre de 600 % a \u00e9t\u00e9 atteinte. Avec la pratique de l\u2019entra\u00eenement, d\u2019autres comp\u00e9tences \u00e9mergeront, et l\u2019ensemble de ce qui est per\u00e7u comme \u00ab dyslexie \u00bb cesse tout simplement d\u2019exister.<\/p>\n\n\n\n<div style=\"text-align: center;\">\n<iframe loading=\"lazy\" width=\"560\" height=\"315\" src=\"https:\/\/www.youtube.com\/embed\/oIS29XQo7VI?si=xZFZqboY3QSn06-T&#038;cc_lang_pref=fr&#038;cc_load_policy=1&#038;hl=en&#038;rel=0\" title=\"YouTube video player\" frameborder=\"0\" allow=\"accelerometer; autoplay; clipboard-write; encrypted-media; gyroscope; picture-in-picture; web-share\" allowfullscreen><\/iframe>\n<\/div>\n\n\n\n<div class=\"wp-block-uagb-container uagb-block-648b58d7 alignfull uagb-is-root-container\"><div class=\"uagb-container-inner-blocks-wrap\">\n<p><strong>Conclusion<\/strong><\/p>\n\n\n\n<p>\u00ab La lecture est l\u2019apog\u00e9e de ce que l\u2019\u00eatre humain peut accomplir. C\u2019est la fonction la plus complexe de l\u2019\u00eatre humain. \u00bb Ce sont les mots qui concluent les travaux de la neurologue Dr Sally Shaywitz \u00e0 la Facult\u00e9 de m\u00e9decine de l\u2019Universit\u00e9 Yale, aux \u00c9tats-Unis.<\/p>\n\n\n\n<p>En raison de cette complexit\u00e9, la lecture exige une collaboration entre les h\u00e9misph\u00e8res c\u00e9r\u00e9braux gauche et droit. Lorsque ce fragile \u00e9quilibre se modifie, la lecture devient difficile, lente et perd son sens. La station Brainwave, abordant le c\u0153ur du probl\u00e8me de la dyslexie, enseigne au cerveau comment atteindre et maintenir cet \u00e9tat d\u2019\u00e9quilibre.<\/p>\n\n\n\n<p>Bien s\u00fbr, la dyslexie va au-del\u00e0 du seul probl\u00e8me de lecture, mais nous avons propos\u00e9 chez Alphalearning que si nous pouvions am\u00e9liorer la lecture d\u2019une personne, nous pourrions am\u00e9liorer n\u2019importe quel aspect. Et nous y sommes parvenus dans 100 % des cours.<\/p>\n\n\n\n<p>Plusieurs recherches indiquent que le probl\u00e8me de la dyslexie est li\u00e9 \u00e0 un manque de m\u00e9moire \u00e0 court et \u00e0 long terme. C\u2019est certain. Si vous ne pouvez pas assimiler l\u2019information \u2014 qu\u2019elle soit lue, entendue, ressentie ou per\u00e7ue \u2014 vous ne pouvez \u00e9videmment pas la m\u00e9moriser. Il n\u2019y a tout simplement aucune information \u00e0 stocker dans le cerveau. La question des ondes c\u00e9r\u00e9brales intervient ici parce qu\u2019il appartient \u00e0 la personne d\u2019ordonner \u00e0 son cerveau quoi faire : d\u00e9cider et \u00eatre logique, apprendre, \u00eatre cr\u00e9atif, se souvenir, rappeler ou se reposer.<\/p>\n\n\n\n<p>Dans ce cours, rien que pour la lecture, la m\u00e9morisation et la compr\u00e9hension, Barbara est pass\u00e9e de 168 mots par minute (mpm) \u00e0 840 mpm, et Tania, apr\u00e8s le dernier entretien, de 143 mpm \u00e0 1 420 mpm. Le niveau de compr\u00e9hension a \u00e9galement augment\u00e9 et, avec la pratique de cet entra\u00eenement, d\u2019autres comp\u00e9tences se d\u00e9velopperont. Tout cela a \u00e9t\u00e9 accompli en 5 jours.<\/p>\n\n\n\n<p>Tout est une question d\u2019\u00e9quilibre entre les h\u00e9misph\u00e8res et de contr\u00f4le des ondes c\u00e9r\u00e9brales.<\/p>\n\n\n\n<p>Si vous contr\u00f4lez vos ondes c\u00e9r\u00e9brales, vous contr\u00f4lez vos \u00e9motions. En contr\u00f4lant vos \u00e9motions, vous diminuez votre stress et, en diminuant votre stress, vous pouvez mieux lire et mieux apprendre.<\/p>\n\n\n\n<p>C\u2019est la plus grande d\u00e9couverte de tous les temps dans l\u2019histoire de l\u2019apprentissage depuis l\u2019invention de l\u2019\u00e9criture.<\/p>\n\n\n\n<p>Si vous avez la moindre question concernant votre situation sp\u00e9cifique, <a href=\"https:\/\/alphalearning.com\/fr\/contact\/\">veuillez nous contacter<\/a>.<\/p>\n\n\n\n<p class=\"has-text-align-right\"><a href=\"https:\/\/alphalearning.com\/fr\/peut-on-guerir-dyslexie\/neurofeedback-et-dyslexie\/\">EEG et activit\u00e9s quotidiennes et r\u00e9alisations de ce cours<\/a><\/p>\n<\/div><\/div>\n","protected":false},"excerpt":{"rendered":"<p>T\u00e9moignages du Dr Tania et de Barbara Valery Cette vid\u00e9o pr\u00e9sente les t\u00e9moignages du Dr Tania et de Barbara Valery [&hellip;]<\/p>\n","protected":false},"author":2,"featured_media":0,"parent":13061,"menu_order":0,"comment_status":"closed","ping_status":"closed","template":"","meta":{"_uag_custom_page_level_css":"","site-sidebar-layout":"default","site-content-layout":"","ast-site-content-layout":"default","site-content-style":"default","site-sidebar-style":"default","ast-global-header-display":"","ast-banner-title-visibility":"","ast-main-header-display":"","ast-hfb-above-header-display":"","ast-hfb-below-header-display":"","ast-hfb-mobile-header-display":"","site-post-title":"disabled","ast-breadcrumbs-content":"","ast-featured-img":"","footer-sml-layout":"","ast-disable-related-posts":"","theme-transparent-header-meta":"","adv-header-id-meta":"","stick-header-meta":"","header-above-stick-meta":"","header-main-stick-meta":"","header-below-stick-meta":"","astra-migrate-meta-layouts":"default","ast-page-background-enabled":"default","ast-page-background-meta":{"desktop":{"background-color":"var(--ast-global-color-4)","background-image":"","background-repeat":"repeat","background-position":"center center","background-size":"auto","background-attachment":"scroll","background-type":"","background-media":"","overlay-type":"","overlay-color":"","overlay-opacity":"","overlay-gradient":""},"tablet":{"background-color":"","background-image":"","background-repeat":"repeat","background-position":"center center","background-size":"auto","background-attachment":"scroll","background-type":"","background-media":"","overlay-type":"","overlay-color":"","overlay-opacity":"","overlay-gradient":""},"mobile":{"background-color":"","background-image":"","background-repeat":"repeat","background-position":"center center","background-size":"auto","background-attachment":"scroll","background-type":"","background-media":"","overlay-type":"","overlay-color":"","overlay-opacity":"","overlay-gradient":""}},"ast-content-background-meta":{"desktop":{"background-color":"var(--ast-global-color-5)","background-image":"","background-repeat":"repeat","background-position":"center center","background-size":"auto","background-attachment":"scroll","background-type":"","background-media":"","overlay-type":"","overlay-color":"","overlay-opacity":"","overlay-gradient":""},"tablet":{"background-color":"var(--ast-global-color-5)","background-image":"","background-repeat":"repeat","background-position":"center center","background-size":"auto","background-attachment":"scroll","background-type":"","background-media":"","overlay-type":"","overlay-color":"","overlay-opacity":"","overlay-gradient":""},"mobile":{"background-color":"var(--ast-global-color-5)","background-image":"","background-repeat":"repeat","background-position":"center center","background-size":"auto","background-attachment":"scroll","background-type":"","background-media":"","overlay-type":"","overlay-color":"","overlay-opacity":"","overlay-gradient":""}},"footnotes":""},"class_list":["post-13077","page","type-page","status-publish","hentry"],"yoast_head":"<!-- This site is optimized with the Yoast SEO plugin v27.1.1 - https:\/\/yoast.com\/product\/yoast-seo-wordpress\/ -->\n<title>Perc\u00e9e dyslexie : Dr Tania &amp; Barbara chez Alphalearning<\/title>\n<meta name=\"description\" content=\"D\u00e9couvrez comment le Dr Tania et Barbara ont surmont\u00e9 la dyslexie, augmentant leur vitesse de lecture de 600 % en cinq jours \u00e0 Alphalearning.\" \/>\n<meta name=\"robots\" content=\"index, follow, max-snippet:-1, max-image-preview:large, max-video-preview:-1\" \/>\n<link rel=\"canonical\" href=\"https:\/\/alphalearning.com\/fr\/commentaires-clients-alphalearning\/citations-de-familles\/dra-tania-and-barbara-valery\/\" \/>\n<meta property=\"og:locale\" content=\"fr_FR\" \/>\n<meta property=\"og:type\" content=\"article\" \/>\n<meta property=\"og:title\" content=\"Perc\u00e9e dyslexie : Dr Tania &amp; Barbara chez Alphalearning\" \/>\n<meta property=\"og:description\" content=\"D\u00e9couvrez comment le Dr Tania et Barbara ont surmont\u00e9 la dyslexie, augmentant leur vitesse de lecture de 600 % en cinq jours \u00e0 Alphalearning.\" \/>\n<meta property=\"og:url\" content=\"https:\/\/alphalearning.com\/fr\/commentaires-clients-alphalearning\/citations-de-familles\/dra-tania-and-barbara-valery\/\" \/>\n<meta property=\"og:site_name\" content=\"Alphalearning International\" \/>\n<meta property=\"article:modified_time\" content=\"2025-01-25T19:45:01+00:00\" \/>\n<meta property=\"og:image\" content=\"https:\/\/alphalearning.com\/wp-content\/uploads\/2024\/04\/alphalearning-logo_red_1200x675px.png\" \/>\n\t<meta property=\"og:image:width\" content=\"1200\" \/>\n\t<meta property=\"og:image:height\" content=\"675\" \/>\n\t<meta property=\"og:image:type\" content=\"image\/png\" \/>\n<meta name=\"twitter:card\" content=\"summary_large_image\" \/>\n<meta name=\"twitter:label1\" content=\"Est. reading time\" \/>\n\t<meta name=\"twitter:data1\" content=\"3 minutes\" \/>\n<!-- \/ Yoast SEO plugin. -->","yoast_head_json":{"title":"Perc\u00e9e dyslexie : Dr Tania & Barbara chez Alphalearning","description":"D\u00e9couvrez comment le Dr Tania et Barbara ont surmont\u00e9 la dyslexie, augmentant leur vitesse de lecture de 600 % en cinq jours \u00e0 Alphalearning.","robots":{"index":"index","follow":"follow","max-snippet":"max-snippet:-1","max-image-preview":"max-image-preview:large","max-video-preview":"max-video-preview:-1"},"canonical":"https:\/\/alphalearning.com\/fr\/commentaires-clients-alphalearning\/citations-de-familles\/dra-tania-and-barbara-valery\/","og_locale":"fr_FR","og_type":"article","og_title":"Perc\u00e9e dyslexie : Dr Tania & Barbara chez Alphalearning","og_description":"D\u00e9couvrez comment le Dr Tania et Barbara ont surmont\u00e9 la dyslexie, augmentant leur vitesse de lecture de 600 % en cinq jours \u00e0 Alphalearning.","og_url":"https:\/\/alphalearning.com\/fr\/commentaires-clients-alphalearning\/citations-de-familles\/dra-tania-and-barbara-valery\/","og_site_name":"Alphalearning International","article_modified_time":"2025-01-25T19:45:01+00:00","og_image":[{"width":1200,"height":675,"url":"https:\/\/alphalearning.com\/wp-content\/uploads\/2024\/04\/alphalearning-logo_red_1200x675px.png","type":"image\/png"}],"twitter_card":"summary_large_image","twitter_misc":{"Est. reading time":"3 minutes"},"schema":{"@context":"https:\/\/schema.org","@graph":[{"@type":"WebPage","@id":"https:\/\/alphalearning.com\/fr\/commentaires-clients-alphalearning\/citations-de-familles\/dra-tania-and-barbara-valery\/","url":"https:\/\/alphalearning.com\/fr\/commentaires-clients-alphalearning\/citations-de-familles\/dra-tania-and-barbara-valery\/","name":"Perc\u00e9e dyslexie : Dr Tania & Barbara chez Alphalearning","isPartOf":{"@id":"https:\/\/alphalearning.com\/fr\/#website"},"datePublished":"2024-03-27T16:29:11+00:00","dateModified":"2025-01-25T19:45:01+00:00","description":"D\u00e9couvrez comment le Dr Tania et Barbara ont surmont\u00e9 la dyslexie, augmentant leur vitesse de lecture de 600 % en cinq jours \u00e0 Alphalearning.","breadcrumb":{"@id":"https:\/\/alphalearning.com\/fr\/commentaires-clients-alphalearning\/citations-de-familles\/dra-tania-and-barbara-valery\/#breadcrumb"},"inLanguage":"fr","potentialAction":[{"@type":"ReadAction","target":["https:\/\/alphalearning.com\/fr\/commentaires-clients-alphalearning\/citations-de-familles\/dra-tania-and-barbara-valery\/"]}]},{"@type":"BreadcrumbList","@id":"https:\/\/alphalearning.com\/fr\/commentaires-clients-alphalearning\/citations-de-familles\/dra-tania-and-barbara-valery\/#breadcrumb","itemListElement":[{"@type":"ListItem","position":1,"name":"Home","item":"https:\/\/alphalearning.com\/fr\/"},{"@type":"ListItem","position":2,"name":"Commentaires de Clients Alphalearning","item":"https:\/\/alphalearning.com\/fr\/commentaires-clients-alphalearning\/"},{"@type":"ListItem","position":3,"name":"Familles","item":"https:\/\/alphalearning.com\/fr\/commentaires-clients-alphalearning\/citations-de-familles\/"},{"@type":"ListItem","position":4,"name":"Dr. Tania and Barbara Valery"}]},{"@type":"WebSite","@id":"https:\/\/alphalearning.com\/fr\/#website","url":"https:\/\/alphalearning.com\/fr\/","name":"Alphalearning International","description":"the brain training institute","publisher":{"@id":"https:\/\/alphalearning.com\/fr\/#organization"},"potentialAction":[{"@type":"SearchAction","target":{"@type":"EntryPoint","urlTemplate":"https:\/\/alphalearning.com\/fr\/?s={search_term_string}"},"query-input":{"@type":"PropertyValueSpecification","valueRequired":true,"valueName":"search_term_string"}}],"inLanguage":"fr"},{"@type":"Organization","@id":"https:\/\/alphalearning.com\/fr\/#organization","name":"Alphalearning International","url":"https:\/\/alphalearning.com\/fr\/","logo":{"@type":"ImageObject","inLanguage":"fr","@id":"https:\/\/alphalearning.com\/fr\/#\/schema\/logo\/image\/","url":"https:\/\/alphalearning.com\/wp-content\/uploads\/2024\/03\/alphalearning_ico2_512px.png","contentUrl":"https:\/\/alphalearning.com\/wp-content\/uploads\/2024\/03\/alphalearning_ico2_512px.png","width":512,"height":512,"caption":"Alphalearning International"},"image":{"@id":"https:\/\/alphalearning.com\/fr\/#\/schema\/logo\/image\/"}}]}},"uagb_featured_image_src":{"full":false,"thumbnail":false,"medium":false,"medium_large":false,"large":false,"1536x1536":false,"2048x2048":false,"gform-image-choice-sm":false,"gform-image-choice-md":false,"gform-image-choice-lg":false},"uagb_author_info":{"display_name":"Julio Machado","author_link":"https:\/\/alphalearning.com\/fr\/author\/julio-machado\/"},"uagb_comment_info":0,"uagb_excerpt":"T\u00e9moignages du Dr Tania et de Barbara Valery Cette vid\u00e9o pr\u00e9sente les t\u00e9moignages du Dr Tania et de Barbara Valery [&hellip;]","_links":{"self":[{"href":"https:\/\/alphalearning.com\/fr\/wp-json\/wp\/v2\/pages\/13077","targetHints":{"allow":["GET"]}}],"collection":[{"href":"https:\/\/alphalearning.com\/fr\/wp-json\/wp\/v2\/pages"}],"about":[{"href":"https:\/\/alphalearning.com\/fr\/wp-json\/wp\/v2\/types\/page"}],"author":[{"embeddable":true,"href":"https:\/\/alphalearning.com\/fr\/wp-json\/wp\/v2\/users\/2"}],"replies":[{"embeddable":true,"href":"https:\/\/alphalearning.com\/fr\/wp-json\/wp\/v2\/comments?post=13077"}],"version-history":[{"count":2,"href":"https:\/\/alphalearning.com\/fr\/wp-json\/wp\/v2\/pages\/13077\/revisions"}],"predecessor-version":[{"id":14339,"href":"https:\/\/alphalearning.com\/fr\/wp-json\/wp\/v2\/pages\/13077\/revisions\/14339"}],"up":[{"embeddable":true,"href":"https:\/\/alphalearning.com\/fr\/wp-json\/wp\/v2\/pages\/13061"}],"wp:attachment":[{"href":"https:\/\/alphalearning.com\/fr\/wp-json\/wp\/v2\/media?parent=13077"}],"curies":[{"name":"wp","href":"https:\/\/api.w.org\/{rel}","templated":true}]}}