{"id":13073,"date":"2024-03-27T16:29:31","date_gmt":"2024-03-27T16:29:31","guid":{"rendered":"https:\/\/alphalearning.com\/commentaires-clients-alphalearning\/citations-de-familles\/dr-h-j-h-richards\/"},"modified":"2025-04-26T10:25:08","modified_gmt":"2025-04-26T09:25:08","slug":"dr-h-j-h-richards","status":"publish","type":"page","link":"https:\/\/alphalearning.com\/fr\/commentaires-clients-alphalearning\/citations-de-familles\/dr-h-j-h-richards\/","title":{"rendered":"Dr. H. J. H. Richards"},"content":{"rendered":"\n<div class=\"wp-block-uagb-advanced-heading uagb-block-e72c8192\"><h1 class=\"uagb-heading-text\">T\u00e9moignage du Dr H. J. H. Richards \u00e0 Alphalearning<\/h1><\/div>\n\n\n\n<div class=\"wp-block-uagb-container uagb-block-ea88298b alignfull uagb-is-root-container\"><div class=\"uagb-container-inner-blocks-wrap\">\n<p>\u00c0 Alphalearning,<\/p>\n\n\n\n<p>Lors d\u2019une visite \u00e0 ma fille \u00e0 Hong Kong, j\u2019ai \u00e9t\u00e9 impressionn\u00e9 par un <a href=\"https:\/\/alphalearning.com\/fr\/presse-internationale\/sunday-morning-post\/\">article paru dans un magazine du dimanche<\/a>, qui d\u00e9crivait les recherches et les r\u00e9sultats \u00e0 l\u2019origine du succ\u00e8s de votre Alpha Learning Institute.<\/p>\n\n\n\n<p>Mon \u00e9pouse et moi nous sommes inscrits au cours Alpha Learning, dans l\u2019espoir d\u2019apprendre comment nous pourrions aider nos deux petits-fils, \u00e2g\u00e9s de 18 et 15 ans.<\/p>\n\n\n\n<p>Des psychologues pour enfants ont diagnostiqu\u00e9 que les deux gar\u00e7ons \u00e9taient dyslexiques. Le plus \u00e2g\u00e9 \u00e9tait moins d\u00e9savantag\u00e9 que le plus jeune, qui souffrait \u00e9galement d\u2019un TDA (trouble du d\u00e9ficit de l\u2019attention) s\u00e9v\u00e8re, marchait le pied droit tourn\u00e9 vers l\u2019int\u00e9rieur et n\u2019avait quasiment aucune coordination. Bien qu\u2019il soit un jeune homme poli et charmant, il faisait parfois des crises de col\u00e8re, sans doute dues \u00e0 la frustration. \u00c0 la suite d\u2019un traumatisme pr\u00e9natal, il pr\u00e9sentait des l\u00e9sions c\u00e9r\u00e9brales, pour lesquelles il \u00e9tait suivi par un sp\u00e9cialiste \u00e0 l\u2019h\u00f4pital pour enfants de Great Ormond Street \u00e0 Londres.<\/p>\n\n\n\n<p>Un chirurgien orthop\u00e9dique avait s\u00e9rieusement envisag\u00e9 de corriger sa d\u00e9marche \u00e0 l\u2019aide d\u2019un appareil orthop\u00e9dique, avant de finalement renoncer. Les sp\u00e9cialistes m\u00e9dicaux et les psychologues pour enfants n\u2019entrevoyaient aucun espoir de r\u00e9ussite scolaire et avaient conseill\u00e9 \u00e0 ma fille de ne pas envisager qu\u2019il puisse passer un examen acad\u00e9mique.<\/p>\n\n\n\n<p>J\u2019avoue que nous \u00e9tions sceptiques face aux affirmations, qui semblaient presque miraculeuses, dans l\u2019article. En famille, nous avions tout essay\u00e9. Mon gendre avait \u00e9t\u00e9 particuli\u00e8rement pr\u00e9sent pour soutenir ses beaux-fils, n\u2019\u00e9pargnant aucune d\u00e9pense en internats sp\u00e9cialis\u00e9s, cours de soutien, professeurs particuliers, etc. Mon \u00e9pouse et moi nous sommes malgr\u00e9 tout inscrits au cours, pr\u00eats \u00e0 faire un nouvel essai, mais en nous pr\u00e9parant \u00e0 une \u00e9ni\u00e8me d\u00e9ception. Finalement, ce fut une r\u00e9v\u00e9lation. Le b\u00e9n\u00e9fice personnel pour nous deux fut consid\u00e9rable. Quant aux jeunes amen\u00e9s par leurs parents, leurs progr\u00e8s \u00e9taient presque incroyables. Nous avons d\u00e9cid\u00e9 que nos petits-fils devaient avoir la chance de vous rencontrer.<\/p>\n\n\n\n<p>Nos petits-fils sont donc venus avec nous et ont rejoint le cours Alphalearning. Votre charisme et votre style ludique les ont imm\u00e9diatement captiv\u00e9s. D\u00e8s le deuxi\u00e8me jour, le plus jeune marchait parfaitement, sans m\u00eame s\u2019en rendre compte\u202f! Son \u00e9quilibre s\u2019est am\u00e9lior\u00e9 et sa capacit\u00e9 d\u2019attention est devenue extraordinaire. Son enthousiasme \u00e9tait communicatif. Il a fait la connaissance de Sam, une jeune femme adorable qui, gr\u00e2ce \u00e0 votre aide, s\u2019\u00e9tait remise d\u2019une dyslexie s\u00e9v\u00e8re. Elle lui a expliqu\u00e9 \u00e0 quel point vous aviez chang\u00e9 sa vie. Il en a \u00e9t\u00e9 tr\u00e8s impressionn\u00e9\u202f!<\/p>\n\n\n\n<p>\u00c0 la fin du cours, vous avez demand\u00e9 \u00e0 tous les participants de r\u00e9diger leurs commentaires. Il \u00e9tait g\u00ean\u00e9 car, jusque-l\u00e0, m\u00eame ses professeurs, qui le connaissaient bien, n\u2019arrivaient pas \u00e0 d\u00e9chiffrer son \u00e9criture. Il voulait dicter son t\u00e9moignage \u00e0 sa grand-m\u00e8re, qui l\u2019a doucement encourag\u00e9 \u00e0 l\u2019\u00e9crire lui-m\u00eame. Il a \u00e9t\u00e9 stup\u00e9fait et ravi de constater qu\u2019il pouvait \u00e9crire lisiblement, et que nous pouvions le lire sans difficult\u00e9. Cela peut sembler bien peu pour la plupart des gens, mais pour lui, c\u2019\u00e9tait un progr\u00e8s colossal.<\/p>\n\n\n\n<p>De retour en Angleterre, l\u2019\u00e9preuve d\u00e9cisive\u202f: cette am\u00e9lioration n\u2019\u00e9tait-elle que passag\u00e8re\u202f? Absolument pas. Son travail scolaire s\u2019est am\u00e9lior\u00e9 de fa\u00e7on spectaculaire. Lorsqu\u2019il sentait sa concentration faiblir, il se mettait rapidement en \u00ab\u202f\u00e9tat Alpha\u202f\u00bb et retrouvait en quelques secondes toute son attention et son int\u00e9r\u00eat. Son bulletin de fin de trimestre \u00e9tait excellent.<\/p>\n\n\n\n<p>Il a pass\u00e9 trois semaines avec nous dans notre maison en Espagne. De son plein gr\u00e9, il a travaill\u00e9 avec s\u00e9rieux quatre \u00e0 cinq heures par jour, rattrapant le travail qu\u2019il n\u2019avait pas pu terminer ou assimiler auparavant. Pour quelqu\u2019un aussi s\u00e9v\u00e8rement d\u00e9savantag\u00e9, l\u2019am\u00e9lioration de sa concentration, sa capacit\u00e9 \u00e0 apprendre et \u00e0 m\u00e9moriser sont difficiles \u00e0 concevoir. Gr\u00e2ce \u00e0 cette nouvelle confiance en lui et \u00e0 une bien meilleure coordination, ses crises de col\u00e8re appartiennent au pass\u00e9.<\/p>\n\n\n\n<p>L\u2019ampleur de ses progr\u00e8s se mesure aussi \u00e0 ses r\u00e9sultats au G.C.S.E. Pour un gar\u00e7on chez qui on n\u2019attendait aucun succ\u00e8s scolaire, obtenir 2 notes B, 1 note C, 1 note D et 1 note E est tout \u00e0 fait remarquable.<\/p>\n\n\n\n<p>Avant de quitter Hong Kong pour int\u00e9grer sa nouvelle classe de Sixth Form College, il m\u2019a dit : \u00ab\u202fJe peux le faire et je vais le faire. Et c\u2019est gr\u00e2ce \u00e0 ma famille, mais surtout \u00e0 l\u2019Alphalearning Institute qui a rendu tout cela possible.\u202f\u00bb Mon \u00e9pouse et moi ne pouvons qu\u2019approuver\u202f!<\/p>\n\n\n\n<p>Le plus \u00e2g\u00e9 est d\u00e9sormais \u00e0 l\u2019universit\u00e9. Lui aussi pratique quotidiennement les exercices simples que vous nous avez enseign\u00e9s. C\u2019est un jeune homme heureux, bien \u00e9quilibr\u00e9 et plein de potentiel. Il est le premier \u00e0 reconna\u00eetre l\u2019aide qu\u2019il a re\u00e7ue, et qu\u2019il continue de recevoir, de la part d\u2019Alpha Learning.<\/p>\n\n\n\n<p>Pour nous, aider d\u2019autres personnes a \u00e9t\u00e9 un v\u00e9ritable bonus. Nous avons constat\u00e9 de visu comment le syst\u00e8me avait mis fin \u00e0 des col\u00e8res incontr\u00f4lables, ramenant la paix et la tranquillit\u00e9 dans un foyer\u202f; comment il avait soulag\u00e9 des douleurs chroniques\u202f; comment il avait emp\u00each\u00e9 un jeune professionnel de sombrer dans une d\u00e9pression nerveuse\u2026 La liste est longue et s\u2019allonge chaque semaine.<\/p>\n\n\n\n<p>Ayant pris ma retraite apr\u00e8s toute une vie dans l\u2019\u00c9ducation, je regrette profond\u00e9ment que ces recherches n\u2019aient pas \u00e9t\u00e9 disponibles lorsque j\u2019ai obtenu mes premiers dipl\u00f4mes. J\u2019aurais ainsi pu \u00eatre bien plus efficace dans la carri\u00e8re que j\u2019avais choisie. J\u2019aurais veill\u00e9 \u00e0 ce que tous mes enseignants soient form\u00e9s \u00e0 Alpha Learning. Mon exp\u00e9rience personnelle m\u2019a convaincu que le TDA et la dyslexie peuvent \u00eatre surmont\u00e9s facilement et rapidement et ne doivent plus \u00eatre le fl\u00e9au des jeunes g\u00e9n\u00e9rations, comme ils l\u2019ont \u00e9t\u00e9 par le pass\u00e9.<\/p>\n\n\n\n<p>Nous adressons nos plus sinc\u00e8res remerciements \u00e0 l\u2019institut Alphalearning pour cette grande initiative.<\/p>\n\n\n\n<p>Bien sinc\u00e8rement,<\/p>\n\n\n\n<p>H J H Richards, BA, MA (Ed), Ph.D. \u2013 Espagne<\/p>\n\n\n\n<p class=\"has-text-align-right\"><a href=\"https:\/\/alphalearning.com\/fr\/peut-on-guerir-dyslexie\/neurofeedback-et-dyslexie\/\">Neurofeedback et dyslexie \u2013 le quotidien d\u2019un cours<\/a><br><a href=\"https:\/\/alphalearning.com\/fr\/peut-on-guerir-dyslexie\/dyslexie-essai-double-aveugle\/\">\u00c9tude en double aveugle<\/a><br><a href=\"https:\/\/alphalearning.com\/fr\/peut-on-guerir-dyslexie\/dyslexie-etude-cas\/\">\u00c9tude de cas<\/a><br><a href=\"https:\/\/alphalearning.com\/comments-from-alphalearning-clients\/quotes-from-families\/julia-lowes\/\">Julia Lowes \u2013 l\u2019histoire d\u2019une dyslexique<\/a><br><a href=\"https:\/\/alphalearning.com\/comments-from-alphalearning-clients\/quotes-from-families\/james-douglas\/\">James Douglas<\/a><br><a href=\"https:\/\/alphalearning.com\/fr\/peut-on-guerir-dyslexie\/\">La dyslexie peut-elle \u00eatre gu\u00e9rie ?<\/a><\/p>\n<\/div><\/div>\n","protected":false},"excerpt":{"rendered":"<p>T\u00e9moignage du Dr H. J. H. Richards \u00e0 Alphalearning \u00c0 Alphalearning, Lors d\u2019une visite \u00e0 ma fille \u00e0 Hong Kong, [&hellip;]<\/p>\n","protected":false},"author":2,"featured_media":0,"parent":13061,"menu_order":0,"comment_status":"closed","ping_status":"closed","template":"","meta":{"_uag_custom_page_level_css":"","site-sidebar-layout":"default","site-content-layout":"","ast-site-content-layout":"default","site-content-style":"default","site-sidebar-style":"default","ast-global-header-display":"","ast-banner-title-visibility":"","ast-main-header-display":"","ast-hfb-above-header-display":"","ast-hfb-below-header-display":"","ast-hfb-mobile-header-display":"","site-post-title":"disabled","ast-breadcrumbs-content":"","ast-featured-img":"","footer-sml-layout":"","ast-disable-related-posts":"","theme-transparent-header-meta":"","adv-header-id-meta":"","stick-header-meta":"","header-above-stick-meta":"","header-main-stick-meta":"","header-below-stick-meta":"","astra-migrate-meta-layouts":"default","ast-page-background-enabled":"default","ast-page-background-meta":{"desktop":{"background-color":"var(--ast-global-color-4)","background-image":"","background-repeat":"repeat","background-position":"center center","background-size":"auto","background-attachment":"scroll","background-type":"","background-media":"","overlay-type":"","overlay-color":"","overlay-opacity":"","overlay-gradient":""},"tablet":{"background-color":"","background-image":"","background-repeat":"repeat","background-position":"center center","background-size":"auto","background-attachment":"scroll","background-type":"","background-media":"","overlay-type":"","overlay-color":"","overlay-opacity":"","overlay-gradient":""},"mobile":{"background-color":"","background-image":"","background-repeat":"repeat","background-position":"center center","background-size":"auto","background-attachment":"scroll","background-type":"","background-media":"","overlay-type":"","overlay-color":"","overlay-opacity":"","overlay-gradient":""}},"ast-content-background-meta":{"desktop":{"background-color":"var(--ast-global-color-5)","background-image":"","background-repeat":"repeat","background-position":"center center","background-size":"auto","background-attachment":"scroll","background-type":"","background-media":"","overlay-type":"","overlay-color":"","overlay-opacity":"","overlay-gradient":""},"tablet":{"background-color":"var(--ast-global-color-5)","background-image":"","background-repeat":"repeat","background-position":"center center","background-size":"auto","background-attachment":"scroll","background-type":"","background-media":"","overlay-type":"","overlay-color":"","overlay-opacity":"","overlay-gradient":""},"mobile":{"background-color":"var(--ast-global-color-5)","background-image":"","background-repeat":"repeat","background-position":"center center","background-size":"auto","background-attachment":"scroll","background-type":"","background-media":"","overlay-type":"","overlay-color":"","overlay-opacity":"","overlay-gradient":""}},"footnotes":""},"class_list":["post-13073","page","type-page","status-publish","hentry"],"yoast_head":"<!-- This site is optimized with the Yoast SEO plugin v27.1.1 - https:\/\/yoast.com\/product\/yoast-seo-wordpress\/ -->\n<title>Vaincre la dyslexie : Dr Richards et le succ\u00e8s Alphalearning<\/title>\n<meta name=\"description\" content=\"D\u00e9couvrez comment les petits-fils du Dr Richards ont surmont\u00e9 dyslexie et TDA gr\u00e2ce \u00e0 Alphalearning, atteignant des succ\u00e8s scolaires remarquables.\" \/>\n<meta name=\"robots\" content=\"index, follow, max-snippet:-1, max-image-preview:large, max-video-preview:-1\" \/>\n<link rel=\"canonical\" href=\"https:\/\/alphalearning.com\/fr\/neurofeedback-tdah\/\" \/>\n<meta property=\"og:locale\" content=\"fr_FR\" \/>\n<meta property=\"og:type\" content=\"article\" \/>\n<meta property=\"og:title\" content=\"Vaincre la dyslexie : Dr Richards et le succ\u00e8s Alphalearning\" \/>\n<meta property=\"og:description\" content=\"D\u00e9couvrez comment les petits-fils du Dr Richards ont surmont\u00e9 dyslexie et TDA gr\u00e2ce \u00e0 Alphalearning, atteignant des succ\u00e8s scolaires remarquables.\" \/>\n<meta property=\"og:url\" content=\"https:\/\/alphalearning.com\/fr\/neurofeedback-tdah\/\" \/>\n<meta property=\"og:site_name\" content=\"Alphalearning International\" \/>\n<meta property=\"article:modified_time\" content=\"2025-04-26T09:25:08+00:00\" \/>\n<meta property=\"og:image\" content=\"https:\/\/alphalearning.com\/wp-content\/uploads\/2024\/04\/alphalearning-logo_red_1200x675px.png\" \/>\n\t<meta property=\"og:image:width\" content=\"1200\" \/>\n\t<meta property=\"og:image:height\" content=\"675\" \/>\n\t<meta property=\"og:image:type\" content=\"image\/png\" \/>\n<meta name=\"twitter:card\" content=\"summary_large_image\" \/>\n<meta name=\"twitter:label1\" content=\"Est. reading time\" \/>\n\t<meta name=\"twitter:data1\" content=\"5 minutes\" \/>\n<!-- \/ Yoast SEO plugin. -->","yoast_head_json":{"title":"Vaincre la dyslexie : Dr Richards et le succ\u00e8s Alphalearning","description":"D\u00e9couvrez comment les petits-fils du Dr Richards ont surmont\u00e9 dyslexie et TDA gr\u00e2ce \u00e0 Alphalearning, atteignant des succ\u00e8s scolaires remarquables.","robots":{"index":"index","follow":"follow","max-snippet":"max-snippet:-1","max-image-preview":"max-image-preview:large","max-video-preview":"max-video-preview:-1"},"canonical":"https:\/\/alphalearning.com\/fr\/neurofeedback-tdah\/","og_locale":"fr_FR","og_type":"article","og_title":"Vaincre la dyslexie : Dr Richards et le succ\u00e8s Alphalearning","og_description":"D\u00e9couvrez comment les petits-fils du Dr Richards ont surmont\u00e9 dyslexie et TDA gr\u00e2ce \u00e0 Alphalearning, atteignant des succ\u00e8s scolaires remarquables.","og_url":"https:\/\/alphalearning.com\/fr\/neurofeedback-tdah\/","og_site_name":"Alphalearning International","article_modified_time":"2025-04-26T09:25:08+00:00","og_image":[{"width":1200,"height":675,"url":"https:\/\/alphalearning.com\/wp-content\/uploads\/2024\/04\/alphalearning-logo_red_1200x675px.png","type":"image\/png"}],"twitter_card":"summary_large_image","twitter_misc":{"Est. reading time":"5 minutes"},"schema":{"@context":"https:\/\/schema.org","@graph":[{"@type":"WebPage","@id":"https:\/\/alphalearning.com\/fr\/commentaires-clients-alphalearning\/citations-de-familles\/dr-h-j-h-richards\/","url":"https:\/\/alphalearning.com\/fr\/neurofeedback-tdah\/","name":"Vaincre la dyslexie : Dr Richards et le succ\u00e8s Alphalearning","isPartOf":{"@id":"https:\/\/alphalearning.com\/fr\/#website"},"datePublished":"2024-03-27T16:29:31+00:00","dateModified":"2025-04-26T09:25:08+00:00","description":"D\u00e9couvrez comment les petits-fils du Dr Richards ont surmont\u00e9 dyslexie et TDA gr\u00e2ce \u00e0 Alphalearning, atteignant des succ\u00e8s scolaires remarquables.","breadcrumb":{"@id":"https:\/\/alphalearning.com\/fr\/neurofeedback-tdah\/#breadcrumb"},"inLanguage":"fr","potentialAction":[{"@type":"ReadAction","target":["https:\/\/alphalearning.com\/fr\/neurofeedback-tdah\/"]}]},{"@type":"BreadcrumbList","@id":"https:\/\/alphalearning.com\/fr\/neurofeedback-tdah\/#breadcrumb","itemListElement":[{"@type":"ListItem","position":1,"name":"Home","item":"https:\/\/alphalearning.com\/fr\/"},{"@type":"ListItem","position":2,"name":"Commentaires de Clients Alphalearning","item":"https:\/\/alphalearning.com\/fr\/commentaires-clients-alphalearning\/"},{"@type":"ListItem","position":3,"name":"Familles","item":"https:\/\/alphalearning.com\/fr\/commentaires-clients-alphalearning\/citations-de-familles\/"},{"@type":"ListItem","position":4,"name":"Dr. H. J. H. Richards"}]},{"@type":"WebSite","@id":"https:\/\/alphalearning.com\/fr\/#website","url":"https:\/\/alphalearning.com\/fr\/","name":"Alphalearning International","description":"the brain training institute","publisher":{"@id":"https:\/\/alphalearning.com\/fr\/#organization"},"potentialAction":[{"@type":"SearchAction","target":{"@type":"EntryPoint","urlTemplate":"https:\/\/alphalearning.com\/fr\/?s={search_term_string}"},"query-input":{"@type":"PropertyValueSpecification","valueRequired":true,"valueName":"search_term_string"}}],"inLanguage":"fr"},{"@type":"Organization","@id":"https:\/\/alphalearning.com\/fr\/#organization","name":"Alphalearning International","url":"https:\/\/alphalearning.com\/fr\/","logo":{"@type":"ImageObject","inLanguage":"fr","@id":"https:\/\/alphalearning.com\/fr\/#\/schema\/logo\/image\/","url":"https:\/\/alphalearning.com\/wp-content\/uploads\/2024\/03\/alphalearning_ico2_512px.png","contentUrl":"https:\/\/alphalearning.com\/wp-content\/uploads\/2024\/03\/alphalearning_ico2_512px.png","width":512,"height":512,"caption":"Alphalearning International"},"image":{"@id":"https:\/\/alphalearning.com\/fr\/#\/schema\/logo\/image\/"}}]}},"uagb_featured_image_src":{"full":false,"thumbnail":false,"medium":false,"medium_large":false,"large":false,"1536x1536":false,"2048x2048":false,"gform-image-choice-sm":false,"gform-image-choice-md":false,"gform-image-choice-lg":false},"uagb_author_info":{"display_name":"Julio Machado","author_link":"https:\/\/alphalearning.com\/fr\/author\/julio-machado\/"},"uagb_comment_info":0,"uagb_excerpt":"T\u00e9moignage du Dr H. J. H. Richards \u00e0 Alphalearning \u00c0 Alphalearning, Lors d\u2019une visite \u00e0 ma fille \u00e0 Hong Kong, [&hellip;]","_links":{"self":[{"href":"https:\/\/alphalearning.com\/fr\/wp-json\/wp\/v2\/pages\/13073","targetHints":{"allow":["GET"]}}],"collection":[{"href":"https:\/\/alphalearning.com\/fr\/wp-json\/wp\/v2\/pages"}],"about":[{"href":"https:\/\/alphalearning.com\/fr\/wp-json\/wp\/v2\/types\/page"}],"author":[{"embeddable":true,"href":"https:\/\/alphalearning.com\/fr\/wp-json\/wp\/v2\/users\/2"}],"replies":[{"embeddable":true,"href":"https:\/\/alphalearning.com\/fr\/wp-json\/wp\/v2\/comments?post=13073"}],"version-history":[{"count":3,"href":"https:\/\/alphalearning.com\/fr\/wp-json\/wp\/v2\/pages\/13073\/revisions"}],"predecessor-version":[{"id":15456,"href":"https:\/\/alphalearning.com\/fr\/wp-json\/wp\/v2\/pages\/13073\/revisions\/15456"}],"up":[{"embeddable":true,"href":"https:\/\/alphalearning.com\/fr\/wp-json\/wp\/v2\/pages\/13061"}],"wp:attachment":[{"href":"https:\/\/alphalearning.com\/fr\/wp-json\/wp\/v2\/media?parent=13073"}],"curies":[{"name":"wp","href":"https:\/\/api.w.org\/{rel}","templated":true}]}}