{"id":13069,"date":"2024-03-27T16:28:50","date_gmt":"2024-03-27T16:28:50","guid":{"rendered":"https:\/\/alphalearning.com\/commentaires-clients-alphalearning\/citations-de-familles\/daniella-batham\/"},"modified":"2025-04-27T18:33:46","modified_gmt":"2025-04-27T17:33:46","slug":"daniella-batham","status":"publish","type":"page","link":"https:\/\/alphalearning.com\/fr\/commentaires-clients-alphalearning\/citations-de-familles\/daniella-batham\/","title":{"rendered":"Daniella Batham"},"content":{"rendered":"\n<div class=\"wp-block-uagb-advanced-heading uagb-block-6bf8d436\"><h1 class=\"uagb-heading-text\">T\u00e9moignage de Daniella Batham pour Alphalearning<\/h1><\/div>\n\n\n\n<div class=\"wp-block-uagb-container uagb-block-5212cd42 alignfull uagb-is-root-container\"><div class=\"uagb-container-inner-blocks-wrap\">\n<p>Au moment de rassembler mes pens\u00e9es et mes sentiments apr\u00e8s le cours \u00e0 Braga, au Portugal, une phrase me vient \u00e0 l\u2019esprit\u2026 et c\u2019est : Dieu merci, j\u2019ai choisi de suivre ce cours et d\u2019investir en moi.<\/p>\n\n\n\n<p>La pratique quotidienne avec la machine Brainwave me maintient stable, concentr\u00e9e et \u00e9quilibr\u00e9e. En fait, j\u2019ai r\u00e9ussi \u00e0 faire un poirier lors de mon entra\u00eenement de yoga, ce qui ne m\u2019\u00e9tait plus arriv\u00e9 depuis l\u2019enfance, il y a d\u00e9j\u00e0 plusieurs d\u00e9cennies. C\u2019est la preuve que la pratique des ondes c\u00e9r\u00e9brales agit de la mani\u00e8re la plus \u00e9quilibrante et la plus b\u00e9n\u00e9fique pour la vie.<\/p>\n\n\n\n<p>Les 5 jours que j\u2019ai pass\u00e9s en compagnie de Julio ont \u00e9t\u00e9 lumineux et passionnants, car j\u2019apprenais \u00e9norm\u00e9ment. Le cours a \u00e9t\u00e9 men\u00e9 de fa\u00e7on impeccable, avec ponctualit\u00e9, tout en se concentrant sur mes besoins et les raisons de ma venue. Julio s\u2019est montr\u00e9 tr\u00e8s bienveillant, professionnel, dot\u00e9 d\u2019une comp\u00e9tence extraordinaire dans son domaine, et manifestement enti\u00e8rement d\u00e9vou\u00e9 \u00e0 aider les gens \u00e0 surmonter divers probl\u00e8mes li\u00e9s au cerveau et \u00e0 la capacit\u00e9 d\u2019apprentissage. Par exemple, je me consid\u00e8re comme une lectrice lente et, m\u00eame si l\u2019objectif n\u2019\u00e9tait pas la lecture rapide, tout ce que j\u2019ai appris \u00e0 ce sujet me sera tr\u00e8s utile \u00e0 l\u2019avenir. Julio s\u2019est r\u00e9v\u00e9l\u00e9 particuli\u00e8rement attentif et m\u2019a permis d\u2019avoir de nombreux \u00ab Aha! \u00bb, alors que de nombreux \u00e9l\u00e9ments prenaient sens pour moi, comme l\u2019inversion du cortisol et les ondes c\u00e9r\u00e9brales B\u00eata \u00e9lev\u00e9es. Il a identifi\u00e9 chez moi un certain type de l\u00e9sion c\u00e9r\u00e9brale, de d\u00e9s\u00e9quilibre et de dysfonctionnement du cerveau, qui se manifestait par des probl\u00e8mes de sommeil, de m\u00e9moire, etc. La pratique quotidienne est indispensable, et je poursuis ce chemin vers la gu\u00e9rison.<\/p>\n\n\n\n<p>Les entretiens avant le d\u00e9but du cours m\u2019ont \u00e9galement \u00e9t\u00e9 tr\u00e8s utiles. Je me suis sentie \u00e9cout\u00e9e et comprise, et j\u2019avais de grands espoirs que ce cours allait changer ma vie de fa\u00e7on positive. L\u2019invention de la machine Brainwave, ainsi que le travail que Julio et son \u00e9quipe ont fourni au fil des ann\u00e9es, offrent de l\u2019espoir \u00e0 tous ceux qui souhaitent gagner 20 ans pour atteindre des \u00e9tats profonds de m\u00e9ditation.<\/p>\n\n\n\n<p>Je recommande vivement de participer \u00e0 ce cours, car on est presque certain d\u2019apprendre \u00e9norm\u00e9ment, d\u2019\u00e9voluer et de mettre en pratique les connaissances acquises lors du cours Apprendre \u00e0 Apprendre d\u2019Alphalearning. J\u2019adresse mes v\u0153ux les plus sinc\u00e8res \u00e0 Julio et \u00e0 son \u00e9quipe pour toutes leurs futures r\u00e9alisations extraordinaires\u00a0!<\/p>\n\n\n\n<p>Daniella Batham, MA Psychotherapy (Royaume-Uni)<\/p>\n\n\n\n<p class=\"has-text-align-right\"><a href=\"https:\/\/alphalearning.com\/fr\/commentaires-clients-alphalearning\/citations-de-familles\/\">D\u00e9couvrez d\u2019autres t\u00e9moignages inspirants comme celui de Daniella sur notre page t\u00e9moignages<\/a><\/p>\n<\/div><\/div>\n","protected":false},"excerpt":{"rendered":"<p>T\u00e9moignage de Daniella Batham pour Alphalearning Au moment de rassembler mes pens\u00e9es et mes sentiments apr\u00e8s le cours \u00e0 Braga, [&hellip;]<\/p>\n","protected":false},"author":2,"featured_media":0,"parent":13061,"menu_order":0,"comment_status":"closed","ping_status":"closed","template":"","meta":{"_uag_custom_page_level_css":"","site-sidebar-layout":"default","site-content-layout":"","ast-site-content-layout":"default","site-content-style":"default","site-sidebar-style":"default","ast-global-header-display":"","ast-banner-title-visibility":"","ast-main-header-display":"","ast-hfb-above-header-display":"","ast-hfb-below-header-display":"","ast-hfb-mobile-header-display":"","site-post-title":"disabled","ast-breadcrumbs-content":"","ast-featured-img":"","footer-sml-layout":"","ast-disable-related-posts":"","theme-transparent-header-meta":"","adv-header-id-meta":"","stick-header-meta":"","header-above-stick-meta":"","header-main-stick-meta":"","header-below-stick-meta":"","astra-migrate-meta-layouts":"default","ast-page-background-enabled":"default","ast-page-background-meta":{"desktop":{"background-color":"var(--ast-global-color-4)","background-image":"","background-repeat":"repeat","background-position":"center center","background-size":"auto","background-attachment":"scroll","background-type":"","background-media":"","overlay-type":"","overlay-color":"","overlay-opacity":"","overlay-gradient":""},"tablet":{"background-color":"","background-image":"","background-repeat":"repeat","background-position":"center center","background-size":"auto","background-attachment":"scroll","background-type":"","background-media":"","overlay-type":"","overlay-color":"","overlay-opacity":"","overlay-gradient":""},"mobile":{"background-color":"","background-image":"","background-repeat":"repeat","background-position":"center center","background-size":"auto","background-attachment":"scroll","background-type":"","background-media":"","overlay-type":"","overlay-color":"","overlay-opacity":"","overlay-gradient":""}},"ast-content-background-meta":{"desktop":{"background-color":"var(--ast-global-color-5)","background-image":"","background-repeat":"repeat","background-position":"center center","background-size":"auto","background-attachment":"scroll","background-type":"","background-media":"","overlay-type":"","overlay-color":"","overlay-opacity":"","overlay-gradient":""},"tablet":{"background-color":"var(--ast-global-color-5)","background-image":"","background-repeat":"repeat","background-position":"center center","background-size":"auto","background-attachment":"scroll","background-type":"","background-media":"","overlay-type":"","overlay-color":"","overlay-opacity":"","overlay-gradient":""},"mobile":{"background-color":"var(--ast-global-color-5)","background-image":"","background-repeat":"repeat","background-position":"center center","background-size":"auto","background-attachment":"scroll","background-type":"","background-media":"","overlay-type":"","overlay-color":"","overlay-opacity":"","overlay-gradient":""}},"footnotes":""},"class_list":["post-13069","page","type-page","status-publish","hentry"],"yoast_head":"<!-- This site is optimized with the Yoast SEO plugin v27.1.1 - https:\/\/yoast.com\/product\/yoast-seo-wordpress\/ -->\n<title>Succ\u00e8s Alphalearning : t\u00e9moignage transformateur de Daniella<\/title>\n<meta name=\"description\" content=\"Le Cours Apprendre \u00e0 Apprendre d\u2019Alphalearning et la machine Brainwave ont aid\u00e9 Daniella \u00e0 am\u00e9liorer sa concentration, sa m\u00e9moire et son bien-\u00eatre.\" \/>\n<meta name=\"robots\" content=\"index, follow, max-snippet:-1, max-image-preview:large, max-video-preview:-1\" \/>\n<link rel=\"canonical\" href=\"https:\/\/alphalearning.com\/fr\/commentaires-clients-alphalearning\/citations-de-familles\/daniella-batham\/\" \/>\n<meta property=\"og:locale\" content=\"fr_FR\" \/>\n<meta property=\"og:type\" content=\"article\" \/>\n<meta property=\"og:title\" content=\"Succ\u00e8s Alphalearning : t\u00e9moignage transformateur de Daniella\" \/>\n<meta property=\"og:description\" content=\"Le Cours Apprendre \u00e0 Apprendre d\u2019Alphalearning et la machine Brainwave ont aid\u00e9 Daniella \u00e0 am\u00e9liorer sa concentration, sa m\u00e9moire et son bien-\u00eatre.\" \/>\n<meta property=\"og:url\" content=\"https:\/\/alphalearning.com\/fr\/commentaires-clients-alphalearning\/citations-de-familles\/daniella-batham\/\" \/>\n<meta property=\"og:site_name\" content=\"Alphalearning International\" \/>\n<meta property=\"article:modified_time\" content=\"2025-04-27T17:33:46+00:00\" \/>\n<meta property=\"og:image\" content=\"https:\/\/alphalearning.com\/wp-content\/uploads\/2024\/04\/alphalearning-logo_red_1200x675px.png\" \/>\n\t<meta property=\"og:image:width\" content=\"1200\" \/>\n\t<meta property=\"og:image:height\" content=\"675\" \/>\n\t<meta property=\"og:image:type\" content=\"image\/png\" \/>\n<meta name=\"twitter:card\" content=\"summary_large_image\" \/>\n<meta name=\"twitter:label1\" content=\"Est. reading time\" \/>\n\t<meta name=\"twitter:data1\" content=\"2 minutes\" \/>\n<!-- \/ Yoast SEO plugin. -->","yoast_head_json":{"title":"Succ\u00e8s Alphalearning : t\u00e9moignage transformateur de Daniella","description":"Le Cours Apprendre \u00e0 Apprendre d\u2019Alphalearning et la machine Brainwave ont aid\u00e9 Daniella \u00e0 am\u00e9liorer sa concentration, sa m\u00e9moire et son bien-\u00eatre.","robots":{"index":"index","follow":"follow","max-snippet":"max-snippet:-1","max-image-preview":"max-image-preview:large","max-video-preview":"max-video-preview:-1"},"canonical":"https:\/\/alphalearning.com\/fr\/commentaires-clients-alphalearning\/citations-de-familles\/daniella-batham\/","og_locale":"fr_FR","og_type":"article","og_title":"Succ\u00e8s Alphalearning : t\u00e9moignage transformateur de Daniella","og_description":"Le Cours Apprendre \u00e0 Apprendre d\u2019Alphalearning et la machine Brainwave ont aid\u00e9 Daniella \u00e0 am\u00e9liorer sa concentration, sa m\u00e9moire et son bien-\u00eatre.","og_url":"https:\/\/alphalearning.com\/fr\/commentaires-clients-alphalearning\/citations-de-familles\/daniella-batham\/","og_site_name":"Alphalearning International","article_modified_time":"2025-04-27T17:33:46+00:00","og_image":[{"width":1200,"height":675,"url":"https:\/\/alphalearning.com\/wp-content\/uploads\/2024\/04\/alphalearning-logo_red_1200x675px.png","type":"image\/png"}],"twitter_card":"summary_large_image","twitter_misc":{"Est. reading time":"2 minutes"},"schema":{"@context":"https:\/\/schema.org","@graph":[{"@type":"WebPage","@id":"https:\/\/alphalearning.com\/fr\/commentaires-clients-alphalearning\/citations-de-familles\/daniella-batham\/","url":"https:\/\/alphalearning.com\/fr\/commentaires-clients-alphalearning\/citations-de-familles\/daniella-batham\/","name":"Succ\u00e8s Alphalearning : t\u00e9moignage transformateur de Daniella","isPartOf":{"@id":"https:\/\/alphalearning.com\/fr\/#website"},"datePublished":"2024-03-27T16:28:50+00:00","dateModified":"2025-04-27T17:33:46+00:00","description":"Le Cours Apprendre \u00e0 Apprendre d\u2019Alphalearning et la machine Brainwave ont aid\u00e9 Daniella \u00e0 am\u00e9liorer sa concentration, sa m\u00e9moire et son bien-\u00eatre.","breadcrumb":{"@id":"https:\/\/alphalearning.com\/fr\/commentaires-clients-alphalearning\/citations-de-familles\/daniella-batham\/#breadcrumb"},"inLanguage":"fr","potentialAction":[{"@type":"ReadAction","target":["https:\/\/alphalearning.com\/fr\/commentaires-clients-alphalearning\/citations-de-familles\/daniella-batham\/"]}]},{"@type":"BreadcrumbList","@id":"https:\/\/alphalearning.com\/fr\/commentaires-clients-alphalearning\/citations-de-familles\/daniella-batham\/#breadcrumb","itemListElement":[{"@type":"ListItem","position":1,"name":"Home","item":"https:\/\/alphalearning.com\/fr\/"},{"@type":"ListItem","position":2,"name":"Commentaires de Clients Alphalearning","item":"https:\/\/alphalearning.com\/fr\/commentaires-clients-alphalearning\/"},{"@type":"ListItem","position":3,"name":"Familles","item":"https:\/\/alphalearning.com\/fr\/commentaires-clients-alphalearning\/citations-de-familles\/"},{"@type":"ListItem","position":4,"name":"Daniella Batham"}]},{"@type":"WebSite","@id":"https:\/\/alphalearning.com\/fr\/#website","url":"https:\/\/alphalearning.com\/fr\/","name":"Alphalearning International","description":"the brain training institute","publisher":{"@id":"https:\/\/alphalearning.com\/fr\/#organization"},"potentialAction":[{"@type":"SearchAction","target":{"@type":"EntryPoint","urlTemplate":"https:\/\/alphalearning.com\/fr\/?s={search_term_string}"},"query-input":{"@type":"PropertyValueSpecification","valueRequired":true,"valueName":"search_term_string"}}],"inLanguage":"fr"},{"@type":"Organization","@id":"https:\/\/alphalearning.com\/fr\/#organization","name":"Alphalearning International","url":"https:\/\/alphalearning.com\/fr\/","logo":{"@type":"ImageObject","inLanguage":"fr","@id":"https:\/\/alphalearning.com\/fr\/#\/schema\/logo\/image\/","url":"https:\/\/alphalearning.com\/wp-content\/uploads\/2024\/03\/alphalearning_ico2_512px.png","contentUrl":"https:\/\/alphalearning.com\/wp-content\/uploads\/2024\/03\/alphalearning_ico2_512px.png","width":512,"height":512,"caption":"Alphalearning International"},"image":{"@id":"https:\/\/alphalearning.com\/fr\/#\/schema\/logo\/image\/"}}]}},"uagb_featured_image_src":{"full":false,"thumbnail":false,"medium":false,"medium_large":false,"large":false,"1536x1536":false,"2048x2048":false,"gform-image-choice-sm":false,"gform-image-choice-md":false,"gform-image-choice-lg":false},"uagb_author_info":{"display_name":"Julio Machado","author_link":"https:\/\/alphalearning.com\/fr\/author\/julio-machado\/"},"uagb_comment_info":0,"uagb_excerpt":"T\u00e9moignage de Daniella Batham pour Alphalearning Au moment de rassembler mes pens\u00e9es et mes sentiments apr\u00e8s le cours \u00e0 Braga, [&hellip;]","_links":{"self":[{"href":"https:\/\/alphalearning.com\/fr\/wp-json\/wp\/v2\/pages\/13069","targetHints":{"allow":["GET"]}}],"collection":[{"href":"https:\/\/alphalearning.com\/fr\/wp-json\/wp\/v2\/pages"}],"about":[{"href":"https:\/\/alphalearning.com\/fr\/wp-json\/wp\/v2\/types\/page"}],"author":[{"embeddable":true,"href":"https:\/\/alphalearning.com\/fr\/wp-json\/wp\/v2\/users\/2"}],"replies":[{"embeddable":true,"href":"https:\/\/alphalearning.com\/fr\/wp-json\/wp\/v2\/comments?post=13069"}],"version-history":[{"count":3,"href":"https:\/\/alphalearning.com\/fr\/wp-json\/wp\/v2\/pages\/13069\/revisions"}],"predecessor-version":[{"id":15455,"href":"https:\/\/alphalearning.com\/fr\/wp-json\/wp\/v2\/pages\/13069\/revisions\/15455"}],"up":[{"embeddable":true,"href":"https:\/\/alphalearning.com\/fr\/wp-json\/wp\/v2\/pages\/13061"}],"wp:attachment":[{"href":"https:\/\/alphalearning.com\/fr\/wp-json\/wp\/v2\/media?parent=13069"}],"curies":[{"name":"wp","href":"https:\/\/api.w.org\/{rel}","templated":true}]}}