{"id":13061,"date":"2024-03-27T16:28:30","date_gmt":"2024-03-27T16:28:30","guid":{"rendered":"https:\/\/alphalearning.com\/commentaires-clients-alphalearning\/quotes-from-families\/"},"modified":"2025-03-02T10:14:00","modified_gmt":"2025-03-02T10:14:00","slug":"citations-de-familles","status":"publish","type":"page","link":"https:\/\/alphalearning.com\/fr\/commentaires-clients-alphalearning\/citations-de-familles\/","title":{"rendered":"Familles"},"content":{"rendered":"\n<div class=\"wp-block-uagb-advanced-heading uagb-block-40238cd0\"><h1 class=\"uagb-heading-text\">Quelques t\u00e9moignages de clients d\u2019Alphalearning<\/h1><\/div>\n\n\n\n<div class=\"wp-block-uagb-container uagb-block-ffbfd498 alignfull uagb-is-root-container\"><div class=\"uagb-container-inner-blocks-wrap\">\n<p><strong>Des commentaires d\u00e9taill\u00e9s sont disponibles sur les pages suivantes :<\/strong><\/p>\n\n\n\n<ul class=\"wp-block-list\">\n<li><a href=\"https:\/\/alphalearning.com\/comments-from-alphalearning-clients\/quotes-from-families\/daniella-batham\/\">Daniella Batham, MA Psychotherapy<\/a>\n<ul class=\"wp-block-list\">\n<li><em>\u00ab Dieu merci, j\u2019ai choisi de suivre ce cours\u2026 La machine Brainwave me maintient stable, concentr\u00e9e et \u00e9quilibr\u00e9e. \u00bb<\/em><\/li>\n<\/ul>\n<\/li>\n\n\n\n<li><a href=\"https:\/\/alphalearning.com\/comments-from-alphalearning-clients\/quotes-from-families\/dra-tania-and-barbara-valery\/\">Dr. Tania and Barbara Valery<\/a>\n<ul class=\"wp-block-list\">\n<li><em>\u00ab Cette semaine, j\u2019ai beaucoup appris, bien plus qu\u2019en de nombreuses ann\u00e9es d\u2019\u00e9cole et en quelques ann\u00e9es de th\u00e9rapie. \u00bb<\/em><\/li>\n<\/ul>\n<\/li>\n\n\n\n<li><a href=\"https:\/\/alphalearning.com\/comments-from-alphalearning-clients\/quotes-from-families\/richard-hanbury\/\">Richard Hanbury<\/a>\n<ul class=\"wp-block-list\">\n<li><em>\u00ab Les b\u00e9n\u00e9fices futurs seront bien s\u00fbr autant de bonus suppl\u00e9mentaires, mais d\u00e9j\u00e0, ce que j\u2019ai appris jusqu\u2019\u00e0 pr\u00e9sent a incroyablement am\u00e9lior\u00e9 ma vie. \u00bb<\/em><\/li>\n<\/ul>\n<\/li>\n\n\n\n<li><a href=\"https:\/\/alphalearning.com\/comments-from-alphalearning-clients\/quotes-from-families\/julia-lowes\/\">Julia Lowes<\/a>\n<ul class=\"wp-block-list\">\n<li><em>\u00ab J\u2019ai imm\u00e9diatement constat\u00e9, pour la premi\u00e8re fois de ma vie, que je pouvais d\u00e9tendre mon cerveau suffisamment pour voir les mots. \u00bb<\/em><\/li>\n<\/ul>\n<\/li>\n\n\n\n<li><a href=\"https:\/\/alphalearning.com\/comments-from-alphalearning-clients\/quotes-from-families\/inez-de-heer-koots\/\">Inez de Heer Koots<\/a>\n<ul class=\"wp-block-list\">\n<li><em>\u00ab C\u2019est avec stupeur et les larmes aux yeux que je vois Maarten se lever d\u2019un seul coup sur sa jambe gauche \u2013 chose qu\u2019il n\u2019avait jamais pu faire\u2026 \u00bb<\/em><\/li>\n<\/ul>\n<\/li>\n\n\n\n<li><a href=\"https:\/\/alphalearning.com\/comments-from-alphalearning-clients\/quotes-from-families\/james-douglas\/\">James Douglas<\/a>\n<ul class=\"wp-block-list\">\n<li>\u00ab Naturellement, nous \u00e9tions plut\u00f4t sceptiques, mais ce qui s\u2019est pass\u00e9 ensuite fut remarquable. \u00bb<\/li>\n<\/ul>\n<\/li>\n\n\n\n<li><a href=\"https:\/\/alphalearning.com\/comments-from-alphalearning-clients\/quotes-from-families\/veronica-newton\/\">Veronica Newton<\/a>\n<ul class=\"wp-block-list\">\n<li><em>\u00ab On m\u2019a conduite \u00e0 un point d\u2019\u00e9quilibre dans mon corps que je n\u2019avais atteint auparavant qu\u2019apr\u00e8s des heures de m\u00e9ditation. \u00bb<\/em><\/li>\n<\/ul>\n<\/li>\n\n\n\n<li><a href=\"https:\/\/alphalearning.com\/comments-from-alphalearning-clients\/quotes-from-families\/dr-h-j-h-richards\/\">Dr. H. J. H. Richards<\/a>\n<ul class=\"wp-block-list\">\n<li><em>\u00ab Mon exp\u00e9rience personnelle m\u2019a convaincu que le TDA et la dyslexie peuvent \u00eatre surmont\u00e9s facilement et rapidement, et qu\u2019ils ne doivent plus \u00eatre le fl\u00e9au de la jeunesse dans le futur comme ils l\u2019ont \u00e9t\u00e9 par le pass\u00e9. \u00bb<\/em><\/li>\n<\/ul>\n<\/li>\n\n\n\n<li><a href=\"https:\/\/alphalearning.com\/comments-from-alphalearning-clients\/quotes-from-families\/mrs-p-douglas\/\">Mrs. P. Douglas<\/a>\n<ul class=\"wp-block-list\">\n<li><em>\u00ab Je me sens tr\u00e8s bien et j\u2019ai accompli plus ces deux derniers jours que depuis tr\u00e8s longtemps. \u00bb<\/em><\/li>\n<\/ul>\n<\/li>\n\n\n\n<li><a href=\"https:\/\/alphalearning.com\/comments-from-alphalearning-clients\/quotes-from-families\/jean-deschenes\/\">Jean Deschenes<\/a>\n<ul class=\"wp-block-list\">\n<li><em>\u00ab Le retour \u00e0 l\u2019\u00e9cole a \u00e9t\u00e9 une perc\u00e9e. Pour commencer, ses th\u00e9rapeutes n\u2019arrivaient pas \u00e0 croire qu\u2019il s\u2019agissait du m\u00eame enfant ; autant de progr\u00e8s en si peu de temps ne correspondait pas \u00e0 leur cadre de r\u00e9f\u00e9rence habituel. \u00bb<\/em><\/li>\n<\/ul>\n<\/li>\n\n\n\n<li><a href=\"https:\/\/alphalearning.com\/comments-from-alphalearning-clients\/quotes-from-families\/mrs-wendy-lees\/\">Mrs. Wendy Lees<\/a>\n<ul class=\"wp-block-list\">\n<li><em>\u00ab Les r\u00e9sultats du syst\u00e8me Brainwave I ont \u00e9t\u00e9 si stup\u00e9fiants que j\u2019\u00e9cris cette lettre dans l\u2019espoir que davantage de familles puissent \u00eatre aid\u00e9es comme nous l\u2019avons \u00e9t\u00e9. \u00bb<\/em><\/li>\n<\/ul>\n<\/li>\n\n\n\n<li><a href=\"https:\/\/alphalearning.com\/comments-from-alphalearning-clients\/quotes-from-families\/lindsay-lambert\/\">Lindsay Lambert<\/a>\n<ul class=\"wp-block-list\">\n<li><em>\u00ab Son rythme de sommeil s\u2019est am\u00e9lior\u00e9, il dort toute la nuit environ 85 % du temps, au lieu de 40 % auparavant. \u00bb<\/em><\/li>\n<\/ul>\n<\/li>\n<\/ul>\n\n\n\n<p class=\"has-text-align-right\"><a href=\"https:\/\/alphalearning.com\/fr\/commentaires-clients-alphalearning\/citations-chefs-entreprises\/\">Quelques t\u00e9moignages de clients cadres d\u2019entreprise d\u2019Alphalearning<\/a><\/p>\n\n\n\n<p class=\"has-text-align-right\"><a href=\"https:\/\/alphalearning.com\/fr\/commentaires-clients-alphalearning\/citations-athletes\/\">T\u00e9moignages de sportifs qui utilisent le syst\u00e8me Brainwave<\/a><\/p>\n\n\n\n<p><strong>Plus de t\u00e9moignages<\/strong><\/p>\n\n\n\n<p>\u00ab En dehors m\u00eame de la formation pour cadres, les implications de Brainwave I pour enfants ou personnes souffrant de l\u00e9sions c\u00e9r\u00e9brales sont \u00e9normes. J\u2019ai \u00e9t\u00e9 touch\u00e9e et impressionn\u00e9e par l\u2019environnement bienveillant cr\u00e9\u00e9 pour les enfants. Merci pour cette semaine incroyable. \u00bb<\/p>\n\n\n\n<p>\u00ab C\u2019est \u00e9vident une fois qu\u2019on le voit \u2013 tout simplement le meilleur et l\u2019unique syst\u00e8me existant \u00bb<\/p>\n\n\n\n<p>\u00ab Tout le monde devrait suivre ce cours au moins une fois dans sa vie \u00bb<\/p>\n\n\n\n<p>\u00ab A pleinement r\u00e9pondu \u00e0 mes attentes \u2013 j\u2019ai appris \u00e9norm\u00e9ment de choses importantes de mani\u00e8re int\u00e9ressante, ce qui a gard\u00e9 mon attention \u00bb<\/p>\n\n\n\n<p>\u00ab Je suis vraiment tr\u00e8s, tr\u00e8s reconnaissant d\u2019avoir pu participer \u00e0 ce cours. C\u2019est le meilleur que j\u2019aie jamais suivi, et j\u2019en ai suivi pas mal. \u00bb<\/p>\n\n\n\n<p>\u00ab Des outils et des conseils formidables pour gagner en autonomie, je me sens d\u00e9j\u00e0 diff\u00e9rente \u2013 d\u00e9tendue et concentr\u00e9e. \u00bb<\/p>\n\n\n\n<p>\u00ab Tr\u00e8s agr\u00e9able et vari\u00e9, bonnes explications sur le fonctionnement du cerveau, programme dynamique \u2013 intelligent et original \u00bb<\/p>\n\n\n\n<p>\u00ab Int\u00e9ressant de d\u00e9couvrir ce que je ne pouvais pas croire auparavant \u00bb<\/p>\n\n\n\n<p>\u00ab C\u2019est un plaisir d\u2019apprendre en utilisant une technologie moderne \u00bb<\/p>\n\n\n\n<p>\u00ab Plus confiant qu\u2019avant \u00bb<\/p>\n\n\n\n<p>\u00ab \u00c0 aucun moment la conf\u00e9rence n\u2019a \u00e9t\u00e9 ennuyeuse \u00bb<\/p>\n\n\n\n<p>\u00ab L\u2019intervenant est tout simplement excellent \u00bb<\/p>\n\n\n\n<p>\u00ab Tr\u00e8s bien \u2013 je suis heureux\/heureuse d\u2019\u00eatre venue \u00bb<\/p>\n\n\n\n<p>\u00ab \u00c9rudit, plein d\u2019humour, concret, avec un langage facile \u00e0 comprendre \u00bb<\/p>\n\n\n\n<p>\u00ab Tout ce que j\u2019ai vu, entendu et v\u00e9cu me rend aussi enthousiaste qu\u2019avant de suivre la formation \u00bb<\/p>\n\n\n\n<p>\u00ab C\u2019\u00e9tait plus int\u00e9ressant que je ne l\u2019imaginais. C\u2019\u00e9tait pr\u00e9sent\u00e9 d\u2019une fa\u00e7on qui suscite et maintient l\u2019int\u00e9r\u00eat \u00bb<\/p>\n\n\n\n<p>\u00ab J\u2019ai appris quelque chose de nouveau et \u00e7a s\u2019int\u00e8gre bien \u00e0 ce que je connaissais d\u00e9j\u00e0 \u00bb<\/p>\n\n\n\n<p>\u00ab D\u00e9tendu et informel, tout en restant ax\u00e9 sur l\u2019essentiel \u00bb<\/p>\n\n\n\n<p>\u00ab Beaucoup d\u2019informations passionnantes sur le cerveau, conf\u00e9rencier dynamique \u00bb<\/p>\n\n\n\n<p>\u00ab Tr\u00e8s bien document\u00e9 \u00bb<\/p>\n\n\n\n<p>\u00ab Contenu fascinant, tr\u00e8s int\u00e9ressant \u2013 ressources bien r\u00e9f\u00e9renc\u00e9es \u00bb<\/p>\n\n\n\n<p>\u00ab J\u2019appr\u00e9cie \u00e9norm\u00e9ment d\u2019avoir eu la possibilit\u00e9 de participer \u00e0 ce cours \u00bb<\/p>\n\n\n\n<p>\u00ab Approche compl\u00e8te, sujet important \u2013 bien pr\u00e9sent\u00e9 \u2013 l\u2019intervenant avait d\u2019excellentes comp\u00e9tences en communication \u00bb<\/p>\n\n\n\n<p>\u00ab Sur 10 enfants que nous avons trait\u00e9s jusqu\u2019\u00e0 pr\u00e9sent, 8 ont r\u00e9alis\u00e9 d\u2019excellents progr\u00e8s et les 2 autres en ont \u00e9galement fait \u00bb<\/p>\n\n\n\n<p>\u00ab Excellente impression \u2013 le meilleur conf\u00e9rencier que j\u2019aie rencontr\u00e9 \u00bb<\/p>\n\n\n\n<p>\u00ab Pratique et int\u00e9ressant \u2013 excellent pour motiver l\u2019apprentissage \u2013 les enfants vont beaucoup mieux \u00e0 l\u2019\u00e9cole \u00bb<\/p>\n\n\n\n<p>\u00ab Une invention vraiment extraordinaire pour aider toute l\u2019humanit\u00e9 \u00e0 am\u00e9liorer les cerveaux sains et r\u00e9parer les cerveaux endommag\u00e9s \u00bb<\/p>\n\n\n\n<p>\u00ab Le cours \u00e9tait quasiment parfait \u2013 clair et concis \u00bb<\/p>\n\n\n\n<p>\u00ab Excellente mani\u00e8re d\u2019apprendre \u00e0 se d\u00e9tendre tout en travaillant \u00bb<\/p>\n\n\n\n<p>\u00ab Toujours captivant pour l\u2019auditoire, aucun temps mort \u00bb<\/p>\n\n\n\n<p>\u00ab A parfaitement rempli sa mission \u00bb<\/p>\n\n\n\n<p>\u00ab Tr\u00e8s agr\u00e9able et stimulant \u2013 de belles perspectives pour l\u2019avenir \u00bb<\/p>\n\n\n\n<p>\u00ab Effet d\u2019apprentissage maximal \u2013 bien expliqu\u00e9, de fa\u00e7on vivante \u00bb<\/p>\n\n\n\n<p>\u00ab D\u2019abord sceptique, finalement totalement convaincue \u00bb<\/p>\n\n\n\n<p>\u00ab Tr\u00e8s utile pour notre famille, cela nous a redonn\u00e9 espoir et maintenant nous savons quoi faire pour aider les enfants \u2013 le cours est facile \u00e0 comprendre et les messages sont clairs \u00bb<\/p>\n<\/div><\/div>\n","protected":false},"excerpt":{"rendered":"<p>Quelques t\u00e9moignages de clients d\u2019Alphalearning Des commentaires d\u00e9taill\u00e9s sont disponibles sur les pages suivantes : Quelques t\u00e9moignages de clients cadres [&hellip;]<\/p>\n","protected":false},"author":2,"featured_media":0,"parent":12976,"menu_order":230,"comment_status":"closed","ping_status":"closed","template":"","meta":{"_uag_custom_page_level_css":"","site-sidebar-layout":"default","site-content-layout":"","ast-site-content-layout":"default","site-content-style":"default","site-sidebar-style":"default","ast-global-header-display":"","ast-banner-title-visibility":"","ast-main-header-display":"","ast-hfb-above-header-display":"","ast-hfb-below-header-display":"","ast-hfb-mobile-header-display":"","site-post-title":"disabled","ast-breadcrumbs-content":"","ast-featured-img":"","footer-sml-layout":"","ast-disable-related-posts":"","theme-transparent-header-meta":"","adv-header-id-meta":"","stick-header-meta":"","header-above-stick-meta":"","header-main-stick-meta":"","header-below-stick-meta":"","astra-migrate-meta-layouts":"default","ast-page-background-enabled":"default","ast-page-background-meta":{"desktop":{"background-color":"var(--ast-global-color-4)","background-image":"","background-repeat":"repeat","background-position":"center center","background-size":"auto","background-attachment":"scroll","background-type":"","background-media":"","overlay-type":"","overlay-color":"","overlay-opacity":"","overlay-gradient":""},"tablet":{"background-color":"","background-image":"","background-repeat":"repeat","background-position":"center center","background-size":"auto","background-attachment":"scroll","background-type":"","background-media":"","overlay-type":"","overlay-color":"","overlay-opacity":"","overlay-gradient":""},"mobile":{"background-color":"","background-image":"","background-repeat":"repeat","background-position":"center center","background-size":"auto","background-attachment":"scroll","background-type":"","background-media":"","overlay-type":"","overlay-color":"","overlay-opacity":"","overlay-gradient":""}},"ast-content-background-meta":{"desktop":{"background-color":"var(--ast-global-color-5)","background-image":"","background-repeat":"repeat","background-position":"center center","background-size":"auto","background-attachment":"scroll","background-type":"","background-media":"","overlay-type":"","overlay-color":"","overlay-opacity":"","overlay-gradient":""},"tablet":{"background-color":"var(--ast-global-color-5)","background-image":"","background-repeat":"repeat","background-position":"center center","background-size":"auto","background-attachment":"scroll","background-type":"","background-media":"","overlay-type":"","overlay-color":"","overlay-opacity":"","overlay-gradient":""},"mobile":{"background-color":"var(--ast-global-color-5)","background-image":"","background-repeat":"repeat","background-position":"center center","background-size":"auto","background-attachment":"scroll","background-type":"","background-media":"","overlay-type":"","overlay-color":"","overlay-opacity":"","overlay-gradient":""}},"footnotes":""},"class_list":["post-13061","page","type-page","status-publish","hentry"],"yoast_head":"<!-- This site is optimized with the Yoast SEO plugin v27.1.1 - https:\/\/yoast.com\/product\/yoast-seo-wordpress\/ -->\n<title>T\u00e9moignages de Familles : Le Syst\u00e8me Brainwave | Alphalearning<\/title>\n<meta name=\"description\" content=\"D\u00e9couvrez comment des familles utilisent le Syst\u00e8me Brainwave d\u2019Alphalearning pour stimuler l\u2019apprentissage, surmonter les difficult\u00e9s et transformer leur vie.\" \/>\n<meta name=\"robots\" content=\"index, follow, max-snippet:-1, max-image-preview:large, max-video-preview:-1\" \/>\n<link rel=\"canonical\" href=\"https:\/\/alphalearning.com\/fr\/commentaires-clients-alphalearning\/citations-de-familles\/\" \/>\n<meta property=\"og:locale\" content=\"fr_FR\" \/>\n<meta property=\"og:type\" content=\"article\" \/>\n<meta property=\"og:title\" content=\"T\u00e9moignages de Familles : Le Syst\u00e8me Brainwave | Alphalearning\" \/>\n<meta property=\"og:description\" content=\"D\u00e9couvrez comment des familles utilisent le Syst\u00e8me Brainwave d\u2019Alphalearning pour stimuler l\u2019apprentissage, surmonter les difficult\u00e9s et transformer leur vie.\" \/>\n<meta property=\"og:url\" content=\"https:\/\/alphalearning.com\/fr\/commentaires-clients-alphalearning\/citations-de-familles\/\" \/>\n<meta property=\"og:site_name\" content=\"Alphalearning International\" \/>\n<meta property=\"article:modified_time\" content=\"2025-03-02T10:14:00+00:00\" \/>\n<meta property=\"og:image\" content=\"https:\/\/alphalearning.com\/wp-content\/uploads\/2024\/04\/alphalearning-logo_red_1200x675px.png\" \/>\n\t<meta property=\"og:image:width\" content=\"1200\" \/>\n\t<meta property=\"og:image:height\" content=\"675\" \/>\n\t<meta property=\"og:image:type\" content=\"image\/png\" \/>\n<meta name=\"twitter:card\" content=\"summary_large_image\" \/>\n<meta name=\"twitter:label1\" content=\"Est. reading time\" \/>\n\t<meta name=\"twitter:data1\" content=\"4 minutes\" \/>\n<!-- \/ Yoast SEO plugin. -->","yoast_head_json":{"title":"T\u00e9moignages de Familles : Le Syst\u00e8me Brainwave | Alphalearning","description":"D\u00e9couvrez comment des familles utilisent le Syst\u00e8me Brainwave d\u2019Alphalearning pour stimuler l\u2019apprentissage, surmonter les difficult\u00e9s et transformer leur vie.","robots":{"index":"index","follow":"follow","max-snippet":"max-snippet:-1","max-image-preview":"max-image-preview:large","max-video-preview":"max-video-preview:-1"},"canonical":"https:\/\/alphalearning.com\/fr\/commentaires-clients-alphalearning\/citations-de-familles\/","og_locale":"fr_FR","og_type":"article","og_title":"T\u00e9moignages de Familles : Le Syst\u00e8me Brainwave | Alphalearning","og_description":"D\u00e9couvrez comment des familles utilisent le Syst\u00e8me Brainwave d\u2019Alphalearning pour stimuler l\u2019apprentissage, surmonter les difficult\u00e9s et transformer leur vie.","og_url":"https:\/\/alphalearning.com\/fr\/commentaires-clients-alphalearning\/citations-de-familles\/","og_site_name":"Alphalearning International","article_modified_time":"2025-03-02T10:14:00+00:00","og_image":[{"width":1200,"height":675,"url":"https:\/\/alphalearning.com\/wp-content\/uploads\/2024\/04\/alphalearning-logo_red_1200x675px.png","type":"image\/png"}],"twitter_card":"summary_large_image","twitter_misc":{"Est. reading time":"4 minutes"},"schema":{"@context":"https:\/\/schema.org","@graph":[{"@type":"WebPage","@id":"https:\/\/alphalearning.com\/fr\/commentaires-clients-alphalearning\/citations-de-familles\/","url":"https:\/\/alphalearning.com\/fr\/commentaires-clients-alphalearning\/citations-de-familles\/","name":"T\u00e9moignages de Familles : Le Syst\u00e8me Brainwave | Alphalearning","isPartOf":{"@id":"https:\/\/alphalearning.com\/fr\/#website"},"datePublished":"2024-03-27T16:28:30+00:00","dateModified":"2025-03-02T10:14:00+00:00","description":"D\u00e9couvrez comment des familles utilisent le Syst\u00e8me Brainwave d\u2019Alphalearning pour stimuler l\u2019apprentissage, surmonter les difficult\u00e9s et transformer leur vie.","breadcrumb":{"@id":"https:\/\/alphalearning.com\/fr\/commentaires-clients-alphalearning\/citations-de-familles\/#breadcrumb"},"inLanguage":"fr","potentialAction":[{"@type":"ReadAction","target":["https:\/\/alphalearning.com\/fr\/commentaires-clients-alphalearning\/citations-de-familles\/"]}]},{"@type":"BreadcrumbList","@id":"https:\/\/alphalearning.com\/fr\/commentaires-clients-alphalearning\/citations-de-familles\/#breadcrumb","itemListElement":[{"@type":"ListItem","position":1,"name":"Home","item":"https:\/\/alphalearning.com\/fr\/"},{"@type":"ListItem","position":2,"name":"Commentaires de Clients Alphalearning","item":"https:\/\/alphalearning.com\/fr\/commentaires-clients-alphalearning\/"},{"@type":"ListItem","position":3,"name":"Familles"}]},{"@type":"WebSite","@id":"https:\/\/alphalearning.com\/fr\/#website","url":"https:\/\/alphalearning.com\/fr\/","name":"Alphalearning International","description":"the brain training institute","publisher":{"@id":"https:\/\/alphalearning.com\/fr\/#organization"},"potentialAction":[{"@type":"SearchAction","target":{"@type":"EntryPoint","urlTemplate":"https:\/\/alphalearning.com\/fr\/?s={search_term_string}"},"query-input":{"@type":"PropertyValueSpecification","valueRequired":true,"valueName":"search_term_string"}}],"inLanguage":"fr"},{"@type":"Organization","@id":"https:\/\/alphalearning.com\/fr\/#organization","name":"Alphalearning International","url":"https:\/\/alphalearning.com\/fr\/","logo":{"@type":"ImageObject","inLanguage":"fr","@id":"https:\/\/alphalearning.com\/fr\/#\/schema\/logo\/image\/","url":"https:\/\/alphalearning.com\/wp-content\/uploads\/2024\/03\/alphalearning_ico2_512px.png","contentUrl":"https:\/\/alphalearning.com\/wp-content\/uploads\/2024\/03\/alphalearning_ico2_512px.png","width":512,"height":512,"caption":"Alphalearning International"},"image":{"@id":"https:\/\/alphalearning.com\/fr\/#\/schema\/logo\/image\/"}}]}},"uagb_featured_image_src":{"full":false,"thumbnail":false,"medium":false,"medium_large":false,"large":false,"1536x1536":false,"2048x2048":false,"gform-image-choice-sm":false,"gform-image-choice-md":false,"gform-image-choice-lg":false},"uagb_author_info":{"display_name":"Julio Machado","author_link":"https:\/\/alphalearning.com\/fr\/author\/julio-machado\/"},"uagb_comment_info":0,"uagb_excerpt":"Quelques t\u00e9moignages de clients d\u2019Alphalearning Des commentaires d\u00e9taill\u00e9s sont disponibles sur les pages suivantes : Quelques t\u00e9moignages de clients cadres [&hellip;]","_links":{"self":[{"href":"https:\/\/alphalearning.com\/fr\/wp-json\/wp\/v2\/pages\/13061","targetHints":{"allow":["GET"]}}],"collection":[{"href":"https:\/\/alphalearning.com\/fr\/wp-json\/wp\/v2\/pages"}],"about":[{"href":"https:\/\/alphalearning.com\/fr\/wp-json\/wp\/v2\/types\/page"}],"author":[{"embeddable":true,"href":"https:\/\/alphalearning.com\/fr\/wp-json\/wp\/v2\/users\/2"}],"replies":[{"embeddable":true,"href":"https:\/\/alphalearning.com\/fr\/wp-json\/wp\/v2\/comments?post=13061"}],"version-history":[{"count":7,"href":"https:\/\/alphalearning.com\/fr\/wp-json\/wp\/v2\/pages\/13061\/revisions"}],"predecessor-version":[{"id":15454,"href":"https:\/\/alphalearning.com\/fr\/wp-json\/wp\/v2\/pages\/13061\/revisions\/15454"}],"up":[{"embeddable":true,"href":"https:\/\/alphalearning.com\/fr\/wp-json\/wp\/v2\/pages\/12976"}],"wp:attachment":[{"href":"https:\/\/alphalearning.com\/fr\/wp-json\/wp\/v2\/media?parent=13061"}],"curies":[{"name":"wp","href":"https:\/\/api.w.org\/{rel}","templated":true}]}}