{"id":13054,"date":"2024-03-27T16:28:02","date_gmt":"2024-03-27T16:28:02","guid":{"rendered":"https:\/\/alphalearning.com\/commentaires-clients-alphalearning\/citations-chefs-entreprises\/raychem\/"},"modified":"2025-03-02T10:09:31","modified_gmt":"2025-03-02T10:09:31","slug":"raychem","status":"publish","type":"page","link":"https:\/\/alphalearning.com\/fr\/commentaires-clients-alphalearning\/citations-chefs-entreprises\/raychem\/","title":{"rendered":"Raychem"},"content":{"rendered":"\n<div class=\"wp-block-uagb-advanced-heading uagb-block-62e91f9c\"><h1 class=\"uagb-heading-text\">Commentaires de Raychem<\/h1><\/div>\n\n\n\n<p class=\"has-text-align-center\"><strong>Raychem GmbH \u2013 Allemagne<\/strong><\/p>\n\n\n\n<div class=\"wp-block-uagb-container uagb-block-7278a794 alignfull uagb-is-root-container\"><div class=\"uagb-container-inner-blocks-wrap\">\n<p>\u00c0 Alphalearning.<\/p>\n\n\n\n<p>Conform\u00e9ment \u00e0 votre demande, voici la citation de Raychem destin\u00e9e \u00e0 l\u2019article qui para\u00eetra dans le magazine Forbes. N\u2019h\u00e9sitez pas \u00e0 me faire savoir si vous avez besoin d\u2019autres informations.<\/p>\n\n\n\n<p><em>\u201cSept cadres dirigeants de l\u2019entreprise Raychem ont particip\u00e9 \u00e0 un s\u00e9minaire intitul\u00e9 \u00ab Cours Apprendre \u00e0 Apprendre \u00bb propos\u00e9 par l\u2019institut Alphalearning.<\/em><\/p>\n\n\n\n<p><em>Une partie du s\u00e9minaire portait sur la \u00ab lecture rapide \u00bb, un atout important pour am\u00e9liorer la productivit\u00e9 \u00e0 un niveau manag\u00e9rial \u2013 tant il est difficile de ma\u00eetriser le flux d\u2019informations imprim\u00e9es. Les r\u00e9sultats obtenus gr\u00e2ce \u00e0 ces exercices sont r\u00e9ellement impressionnants : en moyenne, la vitesse de lecture des participants a tripl\u00e9. En appliquant les m\u00eames techniques, ils ont m\u00eame pu augmenter encore davantage leur vitesse de lecture apr\u00e8s la fin du cours.<\/em><\/p>\n\n\n\n<p><em>Autre aspect impressionnant : la simplicit\u00e9 qui caract\u00e9rise \u00e0 la fois les exercices et les ressources. Pour la lecture rapide, il est essentiel d\u2019adopter une posture ad\u00e9quate, de bien respirer, d\u2019utiliser un feutre comme guide (pendant la lecture), ainsi que de faire une distinction claire entre la r\u00e9ception et le traitement des informations. Des exercices de concentration et un entra\u00eenement des muscles oculaires constituaient \u00e9galement des pr\u00e9requis importants pour cette pratique. Raychem avait entam\u00e9 ce s\u00e9minaire \u00e0 titre exp\u00e9rimental. \u00c0 la lumi\u00e8re de leur exp\u00e9rience, il s\u2019est av\u00e9r\u00e9 \u00eatre une exp\u00e9rience tr\u00e8s positive.\u201d<\/em><\/p>\n\n\n\n<p>Cordialement,<\/p>\n\n\n\n<p><strong>Thomas Jahn \u2013 PDG<br>Raychem Allemagne<\/strong><\/p>\n<\/div><\/div>\n","protected":false},"excerpt":{"rendered":"<p>Commentaires de Raychem Raychem GmbH \u2013 Allemagne \u00c0 Alphalearning. Conform\u00e9ment \u00e0 votre demande, voici la citation de Raychem destin\u00e9e \u00e0 [&hellip;]<\/p>\n","protected":false},"author":2,"featured_media":0,"parent":13016,"menu_order":0,"comment_status":"closed","ping_status":"closed","template":"","meta":{"_uag_custom_page_level_css":"","site-sidebar-layout":"default","site-content-layout":"","ast-site-content-layout":"default","site-content-style":"default","site-sidebar-style":"default","ast-global-header-display":"","ast-banner-title-visibility":"","ast-main-header-display":"","ast-hfb-above-header-display":"","ast-hfb-below-header-display":"","ast-hfb-mobile-header-display":"","site-post-title":"disabled","ast-breadcrumbs-content":"","ast-featured-img":"","footer-sml-layout":"","ast-disable-related-posts":"","theme-transparent-header-meta":"","adv-header-id-meta":"","stick-header-meta":"","header-above-stick-meta":"","header-main-stick-meta":"","header-below-stick-meta":"","astra-migrate-meta-layouts":"default","ast-page-background-enabled":"default","ast-page-background-meta":{"desktop":{"background-color":"var(--ast-global-color-4)","background-image":"","background-repeat":"repeat","background-position":"center center","background-size":"auto","background-attachment":"scroll","background-type":"","background-media":"","overlay-type":"","overlay-color":"","overlay-opacity":"","overlay-gradient":""},"tablet":{"background-color":"","background-image":"","background-repeat":"repeat","background-position":"center center","background-size":"auto","background-attachment":"scroll","background-type":"","background-media":"","overlay-type":"","overlay-color":"","overlay-opacity":"","overlay-gradient":""},"mobile":{"background-color":"","background-image":"","background-repeat":"repeat","background-position":"center center","background-size":"auto","background-attachment":"scroll","background-type":"","background-media":"","overlay-type":"","overlay-color":"","overlay-opacity":"","overlay-gradient":""}},"ast-content-background-meta":{"desktop":{"background-color":"var(--ast-global-color-5)","background-image":"","background-repeat":"repeat","background-position":"center center","background-size":"auto","background-attachment":"scroll","background-type":"","background-media":"","overlay-type":"","overlay-color":"","overlay-opacity":"","overlay-gradient":""},"tablet":{"background-color":"var(--ast-global-color-5)","background-image":"","background-repeat":"repeat","background-position":"center center","background-size":"auto","background-attachment":"scroll","background-type":"","background-media":"","overlay-type":"","overlay-color":"","overlay-opacity":"","overlay-gradient":""},"mobile":{"background-color":"var(--ast-global-color-5)","background-image":"","background-repeat":"repeat","background-position":"center center","background-size":"auto","background-attachment":"scroll","background-type":"","background-media":"","overlay-type":"","overlay-color":"","overlay-opacity":"","overlay-gradient":""}},"footnotes":""},"class_list":["post-13054","page","type-page","status-publish","hentry"],"yoast_head":"<!-- This site is optimized with the Yoast SEO plugin v27.1.1 - https:\/\/yoast.com\/product\/yoast-seo-wordpress\/ -->\n<title>Raychem: succ\u00e8s lecture rapide | Alphalearning International<\/title>\n<meta name=\"description\" content=\"Les cadres de Raychem Allemagne ont tripl\u00e9 leur vitesse de lecture au Cours Apprendre \u00e0 Apprendre d\u2019Alphalearning Institute, gagnant en productivit\u00e9.\" \/>\n<meta name=\"robots\" content=\"index, follow, max-snippet:-1, max-image-preview:large, max-video-preview:-1\" \/>\n<link rel=\"canonical\" href=\"https:\/\/alphalearning.com\/fr\/commentaires-clients-alphalearning\/citations-chefs-entreprises\/raychem\/\" \/>\n<meta property=\"og:locale\" content=\"fr_FR\" \/>\n<meta property=\"og:type\" content=\"article\" \/>\n<meta property=\"og:title\" content=\"Raychem: succ\u00e8s lecture rapide | Alphalearning International\" \/>\n<meta property=\"og:description\" content=\"Les cadres de Raychem Allemagne ont tripl\u00e9 leur vitesse de lecture au Cours Apprendre \u00e0 Apprendre d\u2019Alphalearning Institute, gagnant en productivit\u00e9.\" \/>\n<meta property=\"og:url\" content=\"https:\/\/alphalearning.com\/fr\/commentaires-clients-alphalearning\/citations-chefs-entreprises\/raychem\/\" \/>\n<meta property=\"og:site_name\" content=\"Alphalearning International\" \/>\n<meta property=\"article:modified_time\" content=\"2025-03-02T10:09:31+00:00\" \/>\n<meta property=\"og:image\" content=\"https:\/\/alphalearning.com\/wp-content\/uploads\/2024\/04\/alphalearning-logo_red_1200x675px.png\" \/>\n\t<meta property=\"og:image:width\" content=\"1200\" \/>\n\t<meta property=\"og:image:height\" content=\"675\" \/>\n\t<meta property=\"og:image:type\" content=\"image\/png\" \/>\n<meta name=\"twitter:card\" content=\"summary_large_image\" \/>\n<meta name=\"twitter:label1\" content=\"Est. reading time\" \/>\n\t<meta name=\"twitter:data1\" content=\"1 minute\" \/>\n<!-- \/ Yoast SEO plugin. -->","yoast_head_json":{"title":"Raychem: succ\u00e8s lecture rapide | Alphalearning International","description":"Les cadres de Raychem Allemagne ont tripl\u00e9 leur vitesse de lecture au Cours Apprendre \u00e0 Apprendre d\u2019Alphalearning Institute, gagnant en productivit\u00e9.","robots":{"index":"index","follow":"follow","max-snippet":"max-snippet:-1","max-image-preview":"max-image-preview:large","max-video-preview":"max-video-preview:-1"},"canonical":"https:\/\/alphalearning.com\/fr\/commentaires-clients-alphalearning\/citations-chefs-entreprises\/raychem\/","og_locale":"fr_FR","og_type":"article","og_title":"Raychem: succ\u00e8s lecture rapide | Alphalearning International","og_description":"Les cadres de Raychem Allemagne ont tripl\u00e9 leur vitesse de lecture au Cours Apprendre \u00e0 Apprendre d\u2019Alphalearning Institute, gagnant en productivit\u00e9.","og_url":"https:\/\/alphalearning.com\/fr\/commentaires-clients-alphalearning\/citations-chefs-entreprises\/raychem\/","og_site_name":"Alphalearning International","article_modified_time":"2025-03-02T10:09:31+00:00","og_image":[{"width":1200,"height":675,"url":"https:\/\/alphalearning.com\/wp-content\/uploads\/2024\/04\/alphalearning-logo_red_1200x675px.png","type":"image\/png"}],"twitter_card":"summary_large_image","twitter_misc":{"Est. reading time":"1 minute"},"schema":{"@context":"https:\/\/schema.org","@graph":[{"@type":"WebPage","@id":"https:\/\/alphalearning.com\/fr\/commentaires-clients-alphalearning\/citations-chefs-entreprises\/raychem\/","url":"https:\/\/alphalearning.com\/fr\/commentaires-clients-alphalearning\/citations-chefs-entreprises\/raychem\/","name":"Raychem: succ\u00e8s lecture rapide | Alphalearning International","isPartOf":{"@id":"https:\/\/alphalearning.com\/fr\/#website"},"datePublished":"2024-03-27T16:28:02+00:00","dateModified":"2025-03-02T10:09:31+00:00","description":"Les cadres de Raychem Allemagne ont tripl\u00e9 leur vitesse de lecture au Cours Apprendre \u00e0 Apprendre d\u2019Alphalearning Institute, gagnant en productivit\u00e9.","breadcrumb":{"@id":"https:\/\/alphalearning.com\/fr\/commentaires-clients-alphalearning\/citations-chefs-entreprises\/raychem\/#breadcrumb"},"inLanguage":"fr","potentialAction":[{"@type":"ReadAction","target":["https:\/\/alphalearning.com\/fr\/commentaires-clients-alphalearning\/citations-chefs-entreprises\/raychem\/"]}]},{"@type":"BreadcrumbList","@id":"https:\/\/alphalearning.com\/fr\/commentaires-clients-alphalearning\/citations-chefs-entreprises\/raychem\/#breadcrumb","itemListElement":[{"@type":"ListItem","position":1,"name":"Home","item":"https:\/\/alphalearning.com\/fr\/"},{"@type":"ListItem","position":2,"name":"Commentaires de Clients Alphalearning","item":"https:\/\/alphalearning.com\/fr\/commentaires-clients-alphalearning\/"},{"@type":"ListItem","position":3,"name":"Entreprises","item":"https:\/\/alphalearning.com\/fr\/commentaires-clients-alphalearning\/citations-chefs-entreprises\/"},{"@type":"ListItem","position":4,"name":"Raychem"}]},{"@type":"WebSite","@id":"https:\/\/alphalearning.com\/fr\/#website","url":"https:\/\/alphalearning.com\/fr\/","name":"Alphalearning International","description":"the brain training institute","publisher":{"@id":"https:\/\/alphalearning.com\/fr\/#organization"},"potentialAction":[{"@type":"SearchAction","target":{"@type":"EntryPoint","urlTemplate":"https:\/\/alphalearning.com\/fr\/?s={search_term_string}"},"query-input":{"@type":"PropertyValueSpecification","valueRequired":true,"valueName":"search_term_string"}}],"inLanguage":"fr"},{"@type":"Organization","@id":"https:\/\/alphalearning.com\/fr\/#organization","name":"Alphalearning International","url":"https:\/\/alphalearning.com\/fr\/","logo":{"@type":"ImageObject","inLanguage":"fr","@id":"https:\/\/alphalearning.com\/fr\/#\/schema\/logo\/image\/","url":"https:\/\/alphalearning.com\/wp-content\/uploads\/2024\/03\/alphalearning_ico2_512px.png","contentUrl":"https:\/\/alphalearning.com\/wp-content\/uploads\/2024\/03\/alphalearning_ico2_512px.png","width":512,"height":512,"caption":"Alphalearning International"},"image":{"@id":"https:\/\/alphalearning.com\/fr\/#\/schema\/logo\/image\/"}}]}},"uagb_featured_image_src":{"full":false,"thumbnail":false,"medium":false,"medium_large":false,"large":false,"1536x1536":false,"2048x2048":false,"gform-image-choice-sm":false,"gform-image-choice-md":false,"gform-image-choice-lg":false},"uagb_author_info":{"display_name":"Julio Machado","author_link":"https:\/\/alphalearning.com\/fr\/author\/julio-machado\/"},"uagb_comment_info":0,"uagb_excerpt":"Commentaires de Raychem Raychem GmbH \u2013 Allemagne \u00c0 Alphalearning. Conform\u00e9ment \u00e0 votre demande, voici la citation de Raychem destin\u00e9e \u00e0 [&hellip;]","_links":{"self":[{"href":"https:\/\/alphalearning.com\/fr\/wp-json\/wp\/v2\/pages\/13054","targetHints":{"allow":["GET"]}}],"collection":[{"href":"https:\/\/alphalearning.com\/fr\/wp-json\/wp\/v2\/pages"}],"about":[{"href":"https:\/\/alphalearning.com\/fr\/wp-json\/wp\/v2\/types\/page"}],"author":[{"embeddable":true,"href":"https:\/\/alphalearning.com\/fr\/wp-json\/wp\/v2\/users\/2"}],"replies":[{"embeddable":true,"href":"https:\/\/alphalearning.com\/fr\/wp-json\/wp\/v2\/comments?post=13054"}],"version-history":[{"count":3,"href":"https:\/\/alphalearning.com\/fr\/wp-json\/wp\/v2\/pages\/13054\/revisions"}],"predecessor-version":[{"id":15449,"href":"https:\/\/alphalearning.com\/fr\/wp-json\/wp\/v2\/pages\/13054\/revisions\/15449"}],"up":[{"embeddable":true,"href":"https:\/\/alphalearning.com\/fr\/wp-json\/wp\/v2\/pages\/13016"}],"wp:attachment":[{"href":"https:\/\/alphalearning.com\/fr\/wp-json\/wp\/v2\/media?parent=13054"}],"curies":[{"name":"wp","href":"https:\/\/api.w.org\/{rel}","templated":true}]}}