{"id":13047,"date":"2024-03-27T16:27:44","date_gmt":"2024-03-27T16:27:44","guid":{"rendered":"https:\/\/alphalearning.com\/commentaires-clients-alphalearning\/citations-chefs-entreprises\/icl-fujitsu\/"},"modified":"2025-03-02T10:03:20","modified_gmt":"2025-03-02T10:03:20","slug":"icl-fujitsu","status":"publish","type":"page","link":"https:\/\/alphalearning.com\/fr\/commentaires-clients-alphalearning\/citations-chefs-entreprises\/icl-fujitsu\/","title":{"rendered":"ICL Fujitsu"},"content":{"rendered":"\n<div class=\"wp-block-uagb-advanced-heading uagb-block-7638bd1c\"><h1 class=\"uagb-heading-text\">Commentaires d\u2019ICL Fujitsu<\/h1><\/div>\n\n\n\n<p class=\"has-text-align-center\"><strong>ICL<\/strong><br><strong>International Computers Ltd.<\/strong><br><strong>ICL Benelux B.V.<\/strong><\/p>\n\n\n\n<div class=\"wp-block-uagb-container uagb-block-9615618d alignfull uagb-is-root-container\"><div class=\"uagb-container-inner-blocks-wrap\">\n<p>\u00c0 Alphalearning,<\/p>\n\n\n\n<p>F\u00e9licitations pour votre article dans Forbes.<\/p>\n\n\n\n<p>Veuillez trouver ci-joint la citation destin\u00e9e au magazine Forbes concernant la formation Alphalearning au sein d\u2019ICL :<\/p>\n\n\n\n<p><em>\u00ab\u202fICL croit fermement au d\u00e9veloppement du personnel.<\/em><\/p>\n\n\n\n<p><em>\u00c0 cette fin, des montants consid\u00e9rables sont consacr\u00e9s \u00e0 la formation et \u00e0 l\u2019\u00e9ducation.<\/em><\/p>\n\n\n\n<p><em>Afin d\u2019acc\u00e9l\u00e9rer le processus d\u2019apprentissage, l\u2019institut Alphalearning  a men\u00e9 plusieurs formations pilotes d\u2019entra\u00eenement c\u00e9r\u00e9bral et de lecture rapide au sein de notre entreprise. Toute l\u2019\u00e9quipe de direction, y compris le PDG, a \u00e9t\u00e9 form\u00e9e. Jusqu\u2019\u00e0 pr\u00e9sent, les r\u00e9sultats ont \u00e9t\u00e9 positifs.<\/em><\/p>\n\n\n\n<p><em>Non seulement les formateurs d\u2019Alphalearning d\u00e9tiennent des records de lecture rapide, mais ils ont \u00e9galement mis au point une m\u00e9thode unique de contr\u00f4le des ondes c\u00e9r\u00e9brales. Cela permet d\u2019entra\u00eener le cerveau en vue d\u2019un apprentissage optimal, d\u2019une acc\u00e9l\u00e9ration du traitement de l\u2019information, d\u2019une r\u00e9duction du stress et d\u2019une hausse de la cr\u00e9ativit\u00e9.<\/em><\/p>\n\n\n\n<p><em>Nous pr\u00e9voyons de poursuivre dans cette approche de formation r\u00e9solument diff\u00e9rente.\u202f\u00bb<\/em><\/p>\n\n\n\n<p>Si vous avez besoin d\u2019une aide suppl\u00e9mentaire, n\u2019h\u00e9sitez pas \u00e0 me le faire savoir.<\/p>\n\n\n\n<p>Bien cordialement,<\/p>\n\n\n\n<p><strong>Jan Willem van den Brandhof<\/strong><br><strong>Personnel Manager<\/strong><\/p>\n<\/div><\/div>\n","protected":false},"excerpt":{"rendered":"<p>Commentaires d\u2019ICL Fujitsu ICLInternational Computers Ltd.ICL Benelux B.V. \u00c0 Alphalearning, F\u00e9licitations pour votre article dans Forbes. Veuillez trouver ci-joint la [&hellip;]<\/p>\n","protected":false},"author":2,"featured_media":0,"parent":13016,"menu_order":0,"comment_status":"closed","ping_status":"closed","template":"","meta":{"_uag_custom_page_level_css":"","site-sidebar-layout":"default","site-content-layout":"","ast-site-content-layout":"default","site-content-style":"default","site-sidebar-style":"default","ast-global-header-display":"","ast-banner-title-visibility":"","ast-main-header-display":"","ast-hfb-above-header-display":"","ast-hfb-below-header-display":"","ast-hfb-mobile-header-display":"","site-post-title":"disabled","ast-breadcrumbs-content":"","ast-featured-img":"","footer-sml-layout":"","ast-disable-related-posts":"","theme-transparent-header-meta":"","adv-header-id-meta":"","stick-header-meta":"","header-above-stick-meta":"","header-main-stick-meta":"","header-below-stick-meta":"","astra-migrate-meta-layouts":"default","ast-page-background-enabled":"default","ast-page-background-meta":{"desktop":{"background-color":"var(--ast-global-color-4)","background-image":"","background-repeat":"repeat","background-position":"center center","background-size":"auto","background-attachment":"scroll","background-type":"","background-media":"","overlay-type":"","overlay-color":"","overlay-opacity":"","overlay-gradient":""},"tablet":{"background-color":"","background-image":"","background-repeat":"repeat","background-position":"center center","background-size":"auto","background-attachment":"scroll","background-type":"","background-media":"","overlay-type":"","overlay-color":"","overlay-opacity":"","overlay-gradient":""},"mobile":{"background-color":"","background-image":"","background-repeat":"repeat","background-position":"center center","background-size":"auto","background-attachment":"scroll","background-type":"","background-media":"","overlay-type":"","overlay-color":"","overlay-opacity":"","overlay-gradient":""}},"ast-content-background-meta":{"desktop":{"background-color":"var(--ast-global-color-5)","background-image":"","background-repeat":"repeat","background-position":"center center","background-size":"auto","background-attachment":"scroll","background-type":"","background-media":"","overlay-type":"","overlay-color":"","overlay-opacity":"","overlay-gradient":""},"tablet":{"background-color":"var(--ast-global-color-5)","background-image":"","background-repeat":"repeat","background-position":"center center","background-size":"auto","background-attachment":"scroll","background-type":"","background-media":"","overlay-type":"","overlay-color":"","overlay-opacity":"","overlay-gradient":""},"mobile":{"background-color":"var(--ast-global-color-5)","background-image":"","background-repeat":"repeat","background-position":"center center","background-size":"auto","background-attachment":"scroll","background-type":"","background-media":"","overlay-type":"","overlay-color":"","overlay-opacity":"","overlay-gradient":""}},"footnotes":""},"class_list":["post-13047","page","type-page","status-publish","hentry"],"yoast_head":"<!-- This site is optimized with the Yoast SEO plugin v27.1.1 - https:\/\/yoast.com\/product\/yoast-seo-wordpress\/ -->\n<title>ICL Fujitsu salue l\u2019entra\u00eenement c\u00e9r\u00e9bral d\u2019Alphalearning<\/title>\n<meta name=\"description\" content=\"D\u00e9couvrez comment la m\u00e9thode d\u2019Alphalearning aide ICL Fujitsu \u00e0 acc\u00e9l\u00e9rer l\u2019apprentissage, r\u00e9duire le stress et stimuler la cr\u00e9ativit\u00e9 de son \u00e9quipe dirigeante.\" \/>\n<meta name=\"robots\" content=\"index, follow, max-snippet:-1, max-image-preview:large, max-video-preview:-1\" \/>\n<link rel=\"canonical\" href=\"https:\/\/alphalearning.com\/fr\/commentaires-clients-alphalearning\/citations-chefs-entreprises\/icl-fujitsu\/\" \/>\n<meta property=\"og:locale\" content=\"fr_FR\" \/>\n<meta property=\"og:type\" content=\"article\" \/>\n<meta property=\"og:title\" content=\"ICL Fujitsu salue l\u2019entra\u00eenement c\u00e9r\u00e9bral d\u2019Alphalearning\" \/>\n<meta property=\"og:description\" content=\"D\u00e9couvrez comment la m\u00e9thode d\u2019Alphalearning aide ICL Fujitsu \u00e0 acc\u00e9l\u00e9rer l\u2019apprentissage, r\u00e9duire le stress et stimuler la cr\u00e9ativit\u00e9 de son \u00e9quipe dirigeante.\" \/>\n<meta property=\"og:url\" content=\"https:\/\/alphalearning.com\/fr\/commentaires-clients-alphalearning\/citations-chefs-entreprises\/icl-fujitsu\/\" \/>\n<meta property=\"og:site_name\" content=\"Alphalearning International\" \/>\n<meta property=\"article:modified_time\" content=\"2025-03-02T10:03:20+00:00\" \/>\n<meta property=\"og:image\" content=\"https:\/\/alphalearning.com\/wp-content\/uploads\/2024\/04\/alphalearning-logo_red_1200x675px.png\" \/>\n\t<meta property=\"og:image:width\" content=\"1200\" \/>\n\t<meta property=\"og:image:height\" content=\"675\" \/>\n\t<meta property=\"og:image:type\" content=\"image\/png\" \/>\n<meta name=\"twitter:card\" content=\"summary_large_image\" \/>\n<meta name=\"twitter:label1\" content=\"Est. reading time\" \/>\n\t<meta name=\"twitter:data1\" content=\"1 minute\" \/>\n<!-- \/ Yoast SEO plugin. -->","yoast_head_json":{"title":"ICL Fujitsu salue l\u2019entra\u00eenement c\u00e9r\u00e9bral d\u2019Alphalearning","description":"D\u00e9couvrez comment la m\u00e9thode d\u2019Alphalearning aide ICL Fujitsu \u00e0 acc\u00e9l\u00e9rer l\u2019apprentissage, r\u00e9duire le stress et stimuler la cr\u00e9ativit\u00e9 de son \u00e9quipe dirigeante.","robots":{"index":"index","follow":"follow","max-snippet":"max-snippet:-1","max-image-preview":"max-image-preview:large","max-video-preview":"max-video-preview:-1"},"canonical":"https:\/\/alphalearning.com\/fr\/commentaires-clients-alphalearning\/citations-chefs-entreprises\/icl-fujitsu\/","og_locale":"fr_FR","og_type":"article","og_title":"ICL Fujitsu salue l\u2019entra\u00eenement c\u00e9r\u00e9bral d\u2019Alphalearning","og_description":"D\u00e9couvrez comment la m\u00e9thode d\u2019Alphalearning aide ICL Fujitsu \u00e0 acc\u00e9l\u00e9rer l\u2019apprentissage, r\u00e9duire le stress et stimuler la cr\u00e9ativit\u00e9 de son \u00e9quipe dirigeante.","og_url":"https:\/\/alphalearning.com\/fr\/commentaires-clients-alphalearning\/citations-chefs-entreprises\/icl-fujitsu\/","og_site_name":"Alphalearning International","article_modified_time":"2025-03-02T10:03:20+00:00","og_image":[{"width":1200,"height":675,"url":"https:\/\/alphalearning.com\/wp-content\/uploads\/2024\/04\/alphalearning-logo_red_1200x675px.png","type":"image\/png"}],"twitter_card":"summary_large_image","twitter_misc":{"Est. reading time":"1 minute"},"schema":{"@context":"https:\/\/schema.org","@graph":[{"@type":"WebPage","@id":"https:\/\/alphalearning.com\/fr\/commentaires-clients-alphalearning\/citations-chefs-entreprises\/icl-fujitsu\/","url":"https:\/\/alphalearning.com\/fr\/commentaires-clients-alphalearning\/citations-chefs-entreprises\/icl-fujitsu\/","name":"ICL Fujitsu salue l\u2019entra\u00eenement c\u00e9r\u00e9bral d\u2019Alphalearning","isPartOf":{"@id":"https:\/\/alphalearning.com\/fr\/#website"},"datePublished":"2024-03-27T16:27:44+00:00","dateModified":"2025-03-02T10:03:20+00:00","description":"D\u00e9couvrez comment la m\u00e9thode d\u2019Alphalearning aide ICL Fujitsu \u00e0 acc\u00e9l\u00e9rer l\u2019apprentissage, r\u00e9duire le stress et stimuler la cr\u00e9ativit\u00e9 de son \u00e9quipe dirigeante.","breadcrumb":{"@id":"https:\/\/alphalearning.com\/fr\/commentaires-clients-alphalearning\/citations-chefs-entreprises\/icl-fujitsu\/#breadcrumb"},"inLanguage":"fr","potentialAction":[{"@type":"ReadAction","target":["https:\/\/alphalearning.com\/fr\/commentaires-clients-alphalearning\/citations-chefs-entreprises\/icl-fujitsu\/"]}]},{"@type":"BreadcrumbList","@id":"https:\/\/alphalearning.com\/fr\/commentaires-clients-alphalearning\/citations-chefs-entreprises\/icl-fujitsu\/#breadcrumb","itemListElement":[{"@type":"ListItem","position":1,"name":"Home","item":"https:\/\/alphalearning.com\/fr\/"},{"@type":"ListItem","position":2,"name":"Commentaires de Clients Alphalearning","item":"https:\/\/alphalearning.com\/fr\/commentaires-clients-alphalearning\/"},{"@type":"ListItem","position":3,"name":"Entreprises","item":"https:\/\/alphalearning.com\/fr\/commentaires-clients-alphalearning\/citations-chefs-entreprises\/"},{"@type":"ListItem","position":4,"name":"ICL Fujitsu"}]},{"@type":"WebSite","@id":"https:\/\/alphalearning.com\/fr\/#website","url":"https:\/\/alphalearning.com\/fr\/","name":"Alphalearning International","description":"the brain training institute","publisher":{"@id":"https:\/\/alphalearning.com\/fr\/#organization"},"potentialAction":[{"@type":"SearchAction","target":{"@type":"EntryPoint","urlTemplate":"https:\/\/alphalearning.com\/fr\/?s={search_term_string}"},"query-input":{"@type":"PropertyValueSpecification","valueRequired":true,"valueName":"search_term_string"}}],"inLanguage":"fr"},{"@type":"Organization","@id":"https:\/\/alphalearning.com\/fr\/#organization","name":"Alphalearning International","url":"https:\/\/alphalearning.com\/fr\/","logo":{"@type":"ImageObject","inLanguage":"fr","@id":"https:\/\/alphalearning.com\/fr\/#\/schema\/logo\/image\/","url":"https:\/\/alphalearning.com\/wp-content\/uploads\/2024\/03\/alphalearning_ico2_512px.png","contentUrl":"https:\/\/alphalearning.com\/wp-content\/uploads\/2024\/03\/alphalearning_ico2_512px.png","width":512,"height":512,"caption":"Alphalearning International"},"image":{"@id":"https:\/\/alphalearning.com\/fr\/#\/schema\/logo\/image\/"}}]}},"uagb_featured_image_src":{"full":false,"thumbnail":false,"medium":false,"medium_large":false,"large":false,"1536x1536":false,"2048x2048":false,"gform-image-choice-sm":false,"gform-image-choice-md":false,"gform-image-choice-lg":false},"uagb_author_info":{"display_name":"Julio Machado","author_link":"https:\/\/alphalearning.com\/fr\/author\/julio-machado\/"},"uagb_comment_info":0,"uagb_excerpt":"Commentaires d\u2019ICL Fujitsu ICLInternational Computers Ltd.ICL Benelux B.V. \u00c0 Alphalearning, F\u00e9licitations pour votre article dans Forbes. Veuillez trouver ci-joint la [&hellip;]","_links":{"self":[{"href":"https:\/\/alphalearning.com\/fr\/wp-json\/wp\/v2\/pages\/13047","targetHints":{"allow":["GET"]}}],"collection":[{"href":"https:\/\/alphalearning.com\/fr\/wp-json\/wp\/v2\/pages"}],"about":[{"href":"https:\/\/alphalearning.com\/fr\/wp-json\/wp\/v2\/types\/page"}],"author":[{"embeddable":true,"href":"https:\/\/alphalearning.com\/fr\/wp-json\/wp\/v2\/users\/2"}],"replies":[{"embeddable":true,"href":"https:\/\/alphalearning.com\/fr\/wp-json\/wp\/v2\/comments?post=13047"}],"version-history":[{"count":3,"href":"https:\/\/alphalearning.com\/fr\/wp-json\/wp\/v2\/pages\/13047\/revisions"}],"predecessor-version":[{"id":15445,"href":"https:\/\/alphalearning.com\/fr\/wp-json\/wp\/v2\/pages\/13047\/revisions\/15445"}],"up":[{"embeddable":true,"href":"https:\/\/alphalearning.com\/fr\/wp-json\/wp\/v2\/pages\/13016"}],"wp:attachment":[{"href":"https:\/\/alphalearning.com\/fr\/wp-json\/wp\/v2\/media?parent=13047"}],"curies":[{"name":"wp","href":"https:\/\/api.w.org\/{rel}","templated":true}]}}