{"id":13039,"date":"2024-03-27T16:27:25","date_gmt":"2024-03-27T16:27:25","guid":{"rendered":"https:\/\/alphalearning.com\/commentaires-clients-alphalearning\/citations-chefs-entreprises\/holland-parliament\/"},"modified":"2025-03-02T10:07:58","modified_gmt":"2025-03-02T10:07:58","slug":"parlement-pays-bas","status":"publish","type":"page","link":"https:\/\/alphalearning.com\/fr\/commentaires-clients-alphalearning\/citations-chefs-entreprises\/parlement-pays-bas\/","title":{"rendered":"Parlement Pays-Bas"},"content":{"rendered":"\n<div class=\"wp-block-uagb-advanced-heading uagb-block-134b8a78\"><h1 class=\"uagb-heading-text\">Commentaires du Parlement des Pays-Bas<\/h1><\/div>\n\n\n\n<p class=\"has-text-align-center\"><strong>Mme Monique Quint \u2013 Membre du Parlement<\/strong><br><strong>Seconde Chambre des \u00c9tats g\u00e9n\u00e9raux<\/strong><br><strong>Pays-Bas<\/strong><\/p>\n\n\n\n<div class=\"wp-block-uagb-container uagb-block-8da828a7 alignfull uagb-is-root-container\"><div class=\"uagb-container-inner-blocks-wrap\">\n<p>\u00c0 Alphalearning,<\/p>\n\n\n\n<p>Voici mon point de vue sur la mani\u00e8re d\u2019aborder le gouvernement afin de susciter un r\u00e9el int\u00e9r\u00eat pour les comp\u00e9tences d\u2019apprentissage :<br><\/p>\n\n\n\n<p><em>\u00ab Pour aller droit au but : les connaissances et les comp\u00e9tences de l\u2019instut Alphalearning rev\u00eatent une importance consid\u00e9rable pour notre soci\u00e9t\u00e9 et doivent \u00eatre largement diffus\u00e9es.<\/em><\/p>\n\n\n\n<p><em>G\u00e9rer efficacement ses capacit\u00e9s c\u00e9r\u00e9brales durant l\u2019\u00e9tude et l\u2019apprentissage est d\u00e9sormais \u00e0 la port\u00e9e de tous \u2013 gr\u00e2ce \u00e0 la m\u00e9thode d\u00e9velopp\u00e9e par l\u2019Institut. Le cerveau, en tant qu\u2019organe central du corps, peut \u00eatre entra\u00een\u00e9 afin d\u2019am\u00e9liorer ses performances et sa capacit\u00e9. Gr\u00e2ce \u00e0 l\u2019entra\u00eenement Brainwave \u2013 pour lequel l\u2019Institut a mis au point des logiciels et des \u00e9quipements techniques \u2013, chacun peut am\u00e9liorer son fonctionnement, aussi bien au travail que dans la vie priv\u00e9e.<\/em><\/p>\n\n\n\n<p><em>Au cours de la formation, j\u2019ai pu constater \u00e0 quel point cela \u00e9tait possible, \u00e0 travers quelques exemples touchant aussi bien des adultes que des enfants. Le potentiel d\u2019apprentissage et les capacit\u00e9s de communication peuvent \u00eatre sensiblement d\u00e9velopp\u00e9s gr\u00e2ce \u00e0 la m\u00e9thode Alphalearning. Les troubles dus \u00e0 des l\u00e9sions c\u00e9r\u00e9brales (ainsi que les blocages \u00e9motionnels entra\u00eenant de graves dysfonctionnements physiques) peuvent \u00eatre visualis\u00e9s et contr\u00f4l\u00e9s gr\u00e2ce aux connaissances et \u00e0 l\u2019\u00e9quipement technique de l\u2019Institut. Ainsi, on apprend \u00e0 surmonter certains d\u00e9ficits physiques en entra\u00eenant le cerveau et en g\u00e9rant les fonctions c\u00e9r\u00e9brales concern\u00e9es, ce qui r\u00e9duit consid\u00e9rablement la souffrance habituelle.<\/em><\/p>\n\n\n\n<p><em>Les personnes ayant la responsabilit\u00e9 d\u2019autrui peuvent am\u00e9liorer leurs performances en tirant profit de la connaissance du corps et du cerveau en tant qu\u2019organe central. Les enfants dont les r\u00e9sultats scolaires d\u00e9clinent, ou ceux atteints d\u2019un handicap mental, peuvent d\u00e9sormais \u2013 gr\u00e2ce au savoir-faire sp\u00e9cifique de l\u2019Institut \u2013 \u00eatre examin\u00e9s et diagnostiqu\u00e9s selon une m\u00e9thode enti\u00e8rement nouvelle.<\/em><\/p>\n\n\n\n<p><em>L\u2019Institut utilise d\u2019autres approches que les traitements et m\u00e9thodes de diagnostic conventionnels \u2013 j\u2019en ai moi-m\u00eame constat\u00e9 quelques exemples marquants durant la formation. Le fait de pouvoir rendre les ondes c\u00e9r\u00e9brales visibles et perceptibles est tout aussi impressionnant. Par la pratique et l\u2019entra\u00eenement, l\u2019\u00e9tudiant apprend \u00e0 les ma\u00eetriser.<\/em><\/p>\n\n\n\n<p><em>Il est grand temps d\u2019\u00e9valuer comment ce savoir peut \u00eatre utilis\u00e9 aupr\u00e8s de personnes souffrant des cons\u00e9quences de l\u00e9sions c\u00e9r\u00e9brales ou de troubles susceptibles d\u2019affecter les capacit\u00e9s mentales avec l\u2019\u00e2ge. Je pense qu\u2019il serait judicieux d\u2019entreprendre une \u00e9tude approfondie sur la question.<\/em><\/p>\n\n\n\n<p><em>La conception \u00e9tay\u00e9e de l\u2019Institut, selon laquelle le cerveau peut \u00eatre entra\u00een\u00e9 et d\u00e9velopp\u00e9 comme n\u2019importe quel autre organe du corps humain, ouvre de nouvelles perspectives pour beaucoup d\u2019entre nous, pourvu que l\u2019on s\u2019entra\u00eene efficacement. L\u2019impact qu\u2019une m\u00e9thode d\u2019apprentissage in\u00e9dite peut avoir sur l\u2019\u00e9ducation et son efficacit\u00e9 est immense.<\/em><\/p>\n\n\n\n<p><em>Gr\u00e2ce aux connaissances de l\u2019Institut, aussi bien les \u00e9tudiants que les enseignants peuvent d\u00e9sormais d\u00e9couvrir la meilleure mani\u00e8re d\u2019\u00e9tudier, de se concentrer et d\u2019acqu\u00e9rir puis de retenir efficacement des connaissances. Toute personne impliqu\u00e9e dans l\u2019\u00e9ducation devrait disposer de ce savoir. \u00bb<\/em><\/p>\n\n\n\n<p><strong>Monique Quint, Membre de la Seconde Chambre des \u00c9tats g\u00e9n\u00e9raux \u2013 Hollande<\/strong><\/p>\n<\/div><\/div>\n","protected":false},"excerpt":{"rendered":"<p>Commentaires du Parlement des Pays-Bas Mme Monique Quint \u2013 Membre du ParlementSeconde Chambre des \u00c9tats g\u00e9n\u00e9rauxPays-Bas \u00c0 Alphalearning, Voici mon [&hellip;]<\/p>\n","protected":false},"author":2,"featured_media":0,"parent":13016,"menu_order":0,"comment_status":"closed","ping_status":"closed","template":"","meta":{"_uag_custom_page_level_css":"","site-sidebar-layout":"default","site-content-layout":"","ast-site-content-layout":"default","site-content-style":"default","site-sidebar-style":"default","ast-global-header-display":"","ast-banner-title-visibility":"","ast-main-header-display":"","ast-hfb-above-header-display":"","ast-hfb-below-header-display":"","ast-hfb-mobile-header-display":"","site-post-title":"disabled","ast-breadcrumbs-content":"","ast-featured-img":"","footer-sml-layout":"","ast-disable-related-posts":"","theme-transparent-header-meta":"","adv-header-id-meta":"","stick-header-meta":"","header-above-stick-meta":"","header-main-stick-meta":"","header-below-stick-meta":"","astra-migrate-meta-layouts":"default","ast-page-background-enabled":"default","ast-page-background-meta":{"desktop":{"background-color":"var(--ast-global-color-4)","background-image":"","background-repeat":"repeat","background-position":"center center","background-size":"auto","background-attachment":"scroll","background-type":"","background-media":"","overlay-type":"","overlay-color":"","overlay-opacity":"","overlay-gradient":""},"tablet":{"background-color":"","background-image":"","background-repeat":"repeat","background-position":"center center","background-size":"auto","background-attachment":"scroll","background-type":"","background-media":"","overlay-type":"","overlay-color":"","overlay-opacity":"","overlay-gradient":""},"mobile":{"background-color":"","background-image":"","background-repeat":"repeat","background-position":"center center","background-size":"auto","background-attachment":"scroll","background-type":"","background-media":"","overlay-type":"","overlay-color":"","overlay-opacity":"","overlay-gradient":""}},"ast-content-background-meta":{"desktop":{"background-color":"var(--ast-global-color-5)","background-image":"","background-repeat":"repeat","background-position":"center center","background-size":"auto","background-attachment":"scroll","background-type":"","background-media":"","overlay-type":"","overlay-color":"","overlay-opacity":"","overlay-gradient":""},"tablet":{"background-color":"var(--ast-global-color-5)","background-image":"","background-repeat":"repeat","background-position":"center center","background-size":"auto","background-attachment":"scroll","background-type":"","background-media":"","overlay-type":"","overlay-color":"","overlay-opacity":"","overlay-gradient":""},"mobile":{"background-color":"var(--ast-global-color-5)","background-image":"","background-repeat":"repeat","background-position":"center center","background-size":"auto","background-attachment":"scroll","background-type":"","background-media":"","overlay-type":"","overlay-color":"","overlay-opacity":"","overlay-gradient":""}},"footnotes":""},"class_list":["post-13039","page","type-page","status-publish","hentry"],"yoast_head":"<!-- This site is optimized with the Yoast SEO plugin v27.1.1 - https:\/\/yoast.com\/product\/yoast-seo-wordpress\/ -->\n<title>Le Parlement n\u00e9erlandais salue l\u2019entra\u00eenement Alphalearning<\/title>\n<meta name=\"description\" content=\"D\u00e9couvrez pourquoi le Parlement n\u00e9erlandais salue l\u2019approche novatrice d\u2019Alphalearning en mati\u00e8re d\u2019entra\u00eenement c\u00e9r\u00e9bral et son impact sur l\u2019\u00e9ducation et le d\u00e9veloppement personnel.\" \/>\n<meta name=\"robots\" content=\"index, follow, max-snippet:-1, max-image-preview:large, max-video-preview:-1\" \/>\n<link rel=\"canonical\" href=\"https:\/\/alphalearning.com\/fr\/commentaires-clients-alphalearning\/citations-chefs-entreprises\/parlement-pays-bas\/\" \/>\n<meta property=\"og:locale\" content=\"fr_FR\" \/>\n<meta property=\"og:type\" content=\"article\" \/>\n<meta property=\"og:title\" content=\"Le Parlement n\u00e9erlandais salue l\u2019entra\u00eenement Alphalearning\" \/>\n<meta property=\"og:description\" content=\"D\u00e9couvrez pourquoi le Parlement n\u00e9erlandais salue l\u2019approche novatrice d\u2019Alphalearning en mati\u00e8re d\u2019entra\u00eenement c\u00e9r\u00e9bral et son impact sur l\u2019\u00e9ducation et le d\u00e9veloppement personnel.\" \/>\n<meta property=\"og:url\" content=\"https:\/\/alphalearning.com\/fr\/commentaires-clients-alphalearning\/citations-chefs-entreprises\/parlement-pays-bas\/\" \/>\n<meta property=\"og:site_name\" content=\"Alphalearning International\" \/>\n<meta property=\"article:modified_time\" content=\"2025-03-02T10:07:58+00:00\" \/>\n<meta property=\"og:image\" content=\"https:\/\/alphalearning.com\/wp-content\/uploads\/2024\/04\/alphalearning-logo_red_1200x675px.png\" \/>\n\t<meta property=\"og:image:width\" content=\"1200\" \/>\n\t<meta property=\"og:image:height\" content=\"675\" \/>\n\t<meta property=\"og:image:type\" content=\"image\/png\" \/>\n<meta name=\"twitter:card\" content=\"summary_large_image\" \/>\n<meta name=\"twitter:label1\" content=\"Est. reading time\" \/>\n\t<meta name=\"twitter:data1\" content=\"3 minutes\" \/>\n<!-- \/ Yoast SEO plugin. -->","yoast_head_json":{"title":"Le Parlement n\u00e9erlandais salue l\u2019entra\u00eenement Alphalearning","description":"D\u00e9couvrez pourquoi le Parlement n\u00e9erlandais salue l\u2019approche novatrice d\u2019Alphalearning en mati\u00e8re d\u2019entra\u00eenement c\u00e9r\u00e9bral et son impact sur l\u2019\u00e9ducation et le d\u00e9veloppement personnel.","robots":{"index":"index","follow":"follow","max-snippet":"max-snippet:-1","max-image-preview":"max-image-preview:large","max-video-preview":"max-video-preview:-1"},"canonical":"https:\/\/alphalearning.com\/fr\/commentaires-clients-alphalearning\/citations-chefs-entreprises\/parlement-pays-bas\/","og_locale":"fr_FR","og_type":"article","og_title":"Le Parlement n\u00e9erlandais salue l\u2019entra\u00eenement Alphalearning","og_description":"D\u00e9couvrez pourquoi le Parlement n\u00e9erlandais salue l\u2019approche novatrice d\u2019Alphalearning en mati\u00e8re d\u2019entra\u00eenement c\u00e9r\u00e9bral et son impact sur l\u2019\u00e9ducation et le d\u00e9veloppement personnel.","og_url":"https:\/\/alphalearning.com\/fr\/commentaires-clients-alphalearning\/citations-chefs-entreprises\/parlement-pays-bas\/","og_site_name":"Alphalearning International","article_modified_time":"2025-03-02T10:07:58+00:00","og_image":[{"width":1200,"height":675,"url":"https:\/\/alphalearning.com\/wp-content\/uploads\/2024\/04\/alphalearning-logo_red_1200x675px.png","type":"image\/png"}],"twitter_card":"summary_large_image","twitter_misc":{"Est. reading time":"3 minutes"},"schema":{"@context":"https:\/\/schema.org","@graph":[{"@type":"WebPage","@id":"https:\/\/alphalearning.com\/fr\/commentaires-clients-alphalearning\/citations-chefs-entreprises\/parlement-pays-bas\/","url":"https:\/\/alphalearning.com\/fr\/commentaires-clients-alphalearning\/citations-chefs-entreprises\/parlement-pays-bas\/","name":"Le Parlement n\u00e9erlandais salue l\u2019entra\u00eenement Alphalearning","isPartOf":{"@id":"https:\/\/alphalearning.com\/fr\/#website"},"datePublished":"2024-03-27T16:27:25+00:00","dateModified":"2025-03-02T10:07:58+00:00","description":"D\u00e9couvrez pourquoi le Parlement n\u00e9erlandais salue l\u2019approche novatrice d\u2019Alphalearning en mati\u00e8re d\u2019entra\u00eenement c\u00e9r\u00e9bral et son impact sur l\u2019\u00e9ducation et le d\u00e9veloppement personnel.","breadcrumb":{"@id":"https:\/\/alphalearning.com\/fr\/commentaires-clients-alphalearning\/citations-chefs-entreprises\/parlement-pays-bas\/#breadcrumb"},"inLanguage":"fr","potentialAction":[{"@type":"ReadAction","target":["https:\/\/alphalearning.com\/fr\/commentaires-clients-alphalearning\/citations-chefs-entreprises\/parlement-pays-bas\/"]}]},{"@type":"BreadcrumbList","@id":"https:\/\/alphalearning.com\/fr\/commentaires-clients-alphalearning\/citations-chefs-entreprises\/parlement-pays-bas\/#breadcrumb","itemListElement":[{"@type":"ListItem","position":1,"name":"Home","item":"https:\/\/alphalearning.com\/fr\/"},{"@type":"ListItem","position":2,"name":"Commentaires de Clients Alphalearning","item":"https:\/\/alphalearning.com\/fr\/commentaires-clients-alphalearning\/"},{"@type":"ListItem","position":3,"name":"Entreprises","item":"https:\/\/alphalearning.com\/fr\/commentaires-clients-alphalearning\/citations-chefs-entreprises\/"},{"@type":"ListItem","position":4,"name":"Parlement Pays-Bas"}]},{"@type":"WebSite","@id":"https:\/\/alphalearning.com\/fr\/#website","url":"https:\/\/alphalearning.com\/fr\/","name":"Alphalearning International","description":"the brain training institute","publisher":{"@id":"https:\/\/alphalearning.com\/fr\/#organization"},"potentialAction":[{"@type":"SearchAction","target":{"@type":"EntryPoint","urlTemplate":"https:\/\/alphalearning.com\/fr\/?s={search_term_string}"},"query-input":{"@type":"PropertyValueSpecification","valueRequired":true,"valueName":"search_term_string"}}],"inLanguage":"fr"},{"@type":"Organization","@id":"https:\/\/alphalearning.com\/fr\/#organization","name":"Alphalearning International","url":"https:\/\/alphalearning.com\/fr\/","logo":{"@type":"ImageObject","inLanguage":"fr","@id":"https:\/\/alphalearning.com\/fr\/#\/schema\/logo\/image\/","url":"https:\/\/alphalearning.com\/wp-content\/uploads\/2024\/03\/alphalearning_ico2_512px.png","contentUrl":"https:\/\/alphalearning.com\/wp-content\/uploads\/2024\/03\/alphalearning_ico2_512px.png","width":512,"height":512,"caption":"Alphalearning International"},"image":{"@id":"https:\/\/alphalearning.com\/fr\/#\/schema\/logo\/image\/"}}]}},"uagb_featured_image_src":{"full":false,"thumbnail":false,"medium":false,"medium_large":false,"large":false,"1536x1536":false,"2048x2048":false,"gform-image-choice-sm":false,"gform-image-choice-md":false,"gform-image-choice-lg":false},"uagb_author_info":{"display_name":"Julio Machado","author_link":"https:\/\/alphalearning.com\/fr\/author\/julio-machado\/"},"uagb_comment_info":0,"uagb_excerpt":"Commentaires du Parlement des Pays-Bas Mme Monique Quint \u2013 Membre du ParlementSeconde Chambre des \u00c9tats g\u00e9n\u00e9rauxPays-Bas \u00c0 Alphalearning, Voici mon [&hellip;]","_links":{"self":[{"href":"https:\/\/alphalearning.com\/fr\/wp-json\/wp\/v2\/pages\/13039","targetHints":{"allow":["GET"]}}],"collection":[{"href":"https:\/\/alphalearning.com\/fr\/wp-json\/wp\/v2\/pages"}],"about":[{"href":"https:\/\/alphalearning.com\/fr\/wp-json\/wp\/v2\/types\/page"}],"author":[{"embeddable":true,"href":"https:\/\/alphalearning.com\/fr\/wp-json\/wp\/v2\/users\/2"}],"replies":[{"embeddable":true,"href":"https:\/\/alphalearning.com\/fr\/wp-json\/wp\/v2\/comments?post=13039"}],"version-history":[{"count":4,"href":"https:\/\/alphalearning.com\/fr\/wp-json\/wp\/v2\/pages\/13039\/revisions"}],"predecessor-version":[{"id":15448,"href":"https:\/\/alphalearning.com\/fr\/wp-json\/wp\/v2\/pages\/13039\/revisions\/15448"}],"up":[{"embeddable":true,"href":"https:\/\/alphalearning.com\/fr\/wp-json\/wp\/v2\/pages\/13016"}],"wp:attachment":[{"href":"https:\/\/alphalearning.com\/fr\/wp-json\/wp\/v2\/media?parent=13039"}],"curies":[{"name":"wp","href":"https:\/\/api.w.org\/{rel}","templated":true}]}}