{"id":13032,"date":"2024-03-27T16:27:07","date_gmt":"2024-03-27T16:27:07","guid":{"rendered":"https:\/\/alphalearning.com\/commentaires-clients-alphalearning\/citations-chefs-entreprises\/henkel\/"},"modified":"2025-03-02T10:00:57","modified_gmt":"2025-03-02T10:00:57","slug":"henkel","status":"publish","type":"page","link":"https:\/\/alphalearning.com\/fr\/commentaires-clients-alphalearning\/citations-chefs-entreprises\/henkel\/","title":{"rendered":"Henkel"},"content":{"rendered":"\n<div class=\"wp-block-uagb-advanced-heading uagb-block-837d31b9\"><h1 class=\"uagb-heading-text\">Commentaires de Henkel<\/h1><\/div>\n\n\n\n<p class=\"has-text-align-center\"><strong>Henkel KGaA<\/strong><br><strong>Formation en Management International<\/strong><br><strong>Allemagne<\/strong><\/p>\n\n\n\n<div class=\"wp-block-uagb-container uagb-block-f0158ee3 alignfull uagb-is-root-container\"><div class=\"uagb-container-inner-blocks-wrap\">\n<p>\u00c0 Alphalearning,<\/p>\n\n\n\n<p>La citation suivante a \u00e9t\u00e9 transmise au magazine Forbes pour son prochain article sur le syst\u00e8me de formation Alphalearning et sur notre exp\u00e9rience chez Henkel.<\/p>\n\n\n\n<p>J\u2019esp\u00e8re qu\u2019elle recevra votre approbation.<\/p>\n\n\n\n<p><em>\u00ab\u202fNous avons invit\u00e9 l\u2019institut Alphalearning \u00e0 pr\u00e9senter une d\u00e9monstration de sa m\u00e9thode.<\/em><\/p>\n\n\n\n<p><em>Cette initiative est n\u00e9e d\u2019un retour exceptionnellement positif de la part de deux managers qui avaient particip\u00e9 \u00e0 leur formation.<\/em><\/p>\n\n\n\n<p><em>Nous avions l\u2019impression qu\u2019il s\u2019agissait d\u2019une m\u00e9thode prometteuse pour augmenter consid\u00e9rablement la vitesse de lecture des managers.<\/em><\/p>\n\n\n\n<p><em>De cette mani\u00e8re, nous pouvions contribuer \u00e0 une meilleure gestion du temps, \u00e0 une r\u00e9duction du stress et \u00e0 un gain d\u2019efficacit\u00e9.<\/em><\/p>\n\n\n\n<p><em>Dans cette optique, nous avons organis\u00e9 avec succ\u00e8s un s\u00e9minaire pilote, ainsi que plusieurs autres s\u00e9minaires.<\/em><\/p>\n\n\n\n<p><em>Les participants ont pu accro\u00eetre leur vitesse de lecture, parfois de mani\u00e8re significative, souvent de 300% ou plus.<\/em><\/p>\n\n\n\n<p>Et il ne s\u2019agissait pas d\u2019un succ\u00e8s \u00e0 court terme. Les s\u00e9minaires se poursuivront.\u202f\u00bb<\/p>\n\n\n\n<p>Merci pour votre aide pass\u00e9e, et nous vous souhaitons plein succ\u00e8s pour l\u2019article de Forbes.<\/p>\n\n\n\n<p>Sinc\u00e8res salutations,<\/p>\n\n\n\n<p><strong>Vijay Kothari \u2013 Director of training<\/strong><\/p>\n<\/div><\/div>\n","protected":false},"excerpt":{"rendered":"<p>Commentaires de Henkel Henkel KGaAFormation en Management InternationalAllemagne \u00c0 Alphalearning, La citation suivante a \u00e9t\u00e9 transmise au magazine Forbes pour [&hellip;]<\/p>\n","protected":false},"author":2,"featured_media":0,"parent":13016,"menu_order":0,"comment_status":"closed","ping_status":"closed","template":"","meta":{"_uag_custom_page_level_css":"","site-sidebar-layout":"default","site-content-layout":"","ast-site-content-layout":"default","site-content-style":"default","site-sidebar-style":"default","ast-global-header-display":"","ast-banner-title-visibility":"","ast-main-header-display":"","ast-hfb-above-header-display":"","ast-hfb-below-header-display":"","ast-hfb-mobile-header-display":"","site-post-title":"disabled","ast-breadcrumbs-content":"","ast-featured-img":"","footer-sml-layout":"","ast-disable-related-posts":"","theme-transparent-header-meta":"","adv-header-id-meta":"","stick-header-meta":"","header-above-stick-meta":"","header-main-stick-meta":"","header-below-stick-meta":"","astra-migrate-meta-layouts":"default","ast-page-background-enabled":"default","ast-page-background-meta":{"desktop":{"background-color":"var(--ast-global-color-4)","background-image":"","background-repeat":"repeat","background-position":"center center","background-size":"auto","background-attachment":"scroll","background-type":"","background-media":"","overlay-type":"","overlay-color":"","overlay-opacity":"","overlay-gradient":""},"tablet":{"background-color":"","background-image":"","background-repeat":"repeat","background-position":"center center","background-size":"auto","background-attachment":"scroll","background-type":"","background-media":"","overlay-type":"","overlay-color":"","overlay-opacity":"","overlay-gradient":""},"mobile":{"background-color":"","background-image":"","background-repeat":"repeat","background-position":"center center","background-size":"auto","background-attachment":"scroll","background-type":"","background-media":"","overlay-type":"","overlay-color":"","overlay-opacity":"","overlay-gradient":""}},"ast-content-background-meta":{"desktop":{"background-color":"var(--ast-global-color-5)","background-image":"","background-repeat":"repeat","background-position":"center center","background-size":"auto","background-attachment":"scroll","background-type":"","background-media":"","overlay-type":"","overlay-color":"","overlay-opacity":"","overlay-gradient":""},"tablet":{"background-color":"var(--ast-global-color-5)","background-image":"","background-repeat":"repeat","background-position":"center center","background-size":"auto","background-attachment":"scroll","background-type":"","background-media":"","overlay-type":"","overlay-color":"","overlay-opacity":"","overlay-gradient":""},"mobile":{"background-color":"var(--ast-global-color-5)","background-image":"","background-repeat":"repeat","background-position":"center center","background-size":"auto","background-attachment":"scroll","background-type":"","background-media":"","overlay-type":"","overlay-color":"","overlay-opacity":"","overlay-gradient":""}},"footnotes":""},"class_list":["post-13032","page","type-page","status-publish","hentry"],"yoast_head":"<!-- This site is optimized with the Yoast SEO plugin v27.1.1 - https:\/\/yoast.com\/product\/yoast-seo-wordpress\/ -->\n<title>Henkel &amp; Alphalearning : jusqu\u2019\u00e0 300 % de vitesse de lecture<\/title>\n<meta name=\"description\" content=\"D\u00e9couvrez comment les managers de Henkel ont augment\u00e9 leur vitesse de lecture de 300 % ou plus gr\u00e2ce \u00e0 la formation Alphalearning, avec des r\u00e9sultats durables.\" \/>\n<meta name=\"robots\" content=\"index, follow, max-snippet:-1, max-image-preview:large, max-video-preview:-1\" \/>\n<link rel=\"canonical\" href=\"https:\/\/alphalearning.com\/fr\/commentaires-clients-alphalearning\/citations-chefs-entreprises\/henkel\/\" \/>\n<meta property=\"og:locale\" content=\"fr_FR\" \/>\n<meta property=\"og:type\" content=\"article\" \/>\n<meta property=\"og:title\" content=\"Henkel &amp; Alphalearning : jusqu\u2019\u00e0 300 % de vitesse de lecture\" \/>\n<meta property=\"og:description\" content=\"D\u00e9couvrez comment les managers de Henkel ont augment\u00e9 leur vitesse de lecture de 300 % ou plus gr\u00e2ce \u00e0 la formation Alphalearning, avec des r\u00e9sultats durables.\" \/>\n<meta property=\"og:url\" content=\"https:\/\/alphalearning.com\/fr\/commentaires-clients-alphalearning\/citations-chefs-entreprises\/henkel\/\" \/>\n<meta property=\"og:site_name\" content=\"Alphalearning International\" \/>\n<meta property=\"article:modified_time\" content=\"2025-03-02T10:00:57+00:00\" \/>\n<meta property=\"og:image\" content=\"https:\/\/alphalearning.com\/wp-content\/uploads\/2024\/04\/alphalearning-logo_red_1200x675px.png\" \/>\n\t<meta property=\"og:image:width\" content=\"1200\" \/>\n\t<meta property=\"og:image:height\" content=\"675\" \/>\n\t<meta property=\"og:image:type\" content=\"image\/png\" \/>\n<meta name=\"twitter:card\" content=\"summary_large_image\" \/>\n<meta name=\"twitter:label1\" content=\"Est. reading time\" \/>\n\t<meta name=\"twitter:data1\" content=\"1 minute\" \/>\n<!-- \/ Yoast SEO plugin. -->","yoast_head_json":{"title":"Henkel & Alphalearning : jusqu\u2019\u00e0 300 % de vitesse de lecture","description":"D\u00e9couvrez comment les managers de Henkel ont augment\u00e9 leur vitesse de lecture de 300 % ou plus gr\u00e2ce \u00e0 la formation Alphalearning, avec des r\u00e9sultats durables.","robots":{"index":"index","follow":"follow","max-snippet":"max-snippet:-1","max-image-preview":"max-image-preview:large","max-video-preview":"max-video-preview:-1"},"canonical":"https:\/\/alphalearning.com\/fr\/commentaires-clients-alphalearning\/citations-chefs-entreprises\/henkel\/","og_locale":"fr_FR","og_type":"article","og_title":"Henkel & Alphalearning : jusqu\u2019\u00e0 300 % de vitesse de lecture","og_description":"D\u00e9couvrez comment les managers de Henkel ont augment\u00e9 leur vitesse de lecture de 300 % ou plus gr\u00e2ce \u00e0 la formation Alphalearning, avec des r\u00e9sultats durables.","og_url":"https:\/\/alphalearning.com\/fr\/commentaires-clients-alphalearning\/citations-chefs-entreprises\/henkel\/","og_site_name":"Alphalearning International","article_modified_time":"2025-03-02T10:00:57+00:00","og_image":[{"width":1200,"height":675,"url":"https:\/\/alphalearning.com\/wp-content\/uploads\/2024\/04\/alphalearning-logo_red_1200x675px.png","type":"image\/png"}],"twitter_card":"summary_large_image","twitter_misc":{"Est. reading time":"1 minute"},"schema":{"@context":"https:\/\/schema.org","@graph":[{"@type":"WebPage","@id":"https:\/\/alphalearning.com\/fr\/commentaires-clients-alphalearning\/citations-chefs-entreprises\/henkel\/","url":"https:\/\/alphalearning.com\/fr\/commentaires-clients-alphalearning\/citations-chefs-entreprises\/henkel\/","name":"Henkel & Alphalearning : jusqu\u2019\u00e0 300 % de vitesse de lecture","isPartOf":{"@id":"https:\/\/alphalearning.com\/fr\/#website"},"datePublished":"2024-03-27T16:27:07+00:00","dateModified":"2025-03-02T10:00:57+00:00","description":"D\u00e9couvrez comment les managers de Henkel ont augment\u00e9 leur vitesse de lecture de 300 % ou plus gr\u00e2ce \u00e0 la formation Alphalearning, avec des r\u00e9sultats durables.","breadcrumb":{"@id":"https:\/\/alphalearning.com\/fr\/commentaires-clients-alphalearning\/citations-chefs-entreprises\/henkel\/#breadcrumb"},"inLanguage":"fr","potentialAction":[{"@type":"ReadAction","target":["https:\/\/alphalearning.com\/fr\/commentaires-clients-alphalearning\/citations-chefs-entreprises\/henkel\/"]}]},{"@type":"BreadcrumbList","@id":"https:\/\/alphalearning.com\/fr\/commentaires-clients-alphalearning\/citations-chefs-entreprises\/henkel\/#breadcrumb","itemListElement":[{"@type":"ListItem","position":1,"name":"Home","item":"https:\/\/alphalearning.com\/fr\/"},{"@type":"ListItem","position":2,"name":"Commentaires de Clients Alphalearning","item":"https:\/\/alphalearning.com\/fr\/commentaires-clients-alphalearning\/"},{"@type":"ListItem","position":3,"name":"Entreprises","item":"https:\/\/alphalearning.com\/fr\/commentaires-clients-alphalearning\/citations-chefs-entreprises\/"},{"@type":"ListItem","position":4,"name":"Henkel"}]},{"@type":"WebSite","@id":"https:\/\/alphalearning.com\/fr\/#website","url":"https:\/\/alphalearning.com\/fr\/","name":"Alphalearning International","description":"the brain training institute","publisher":{"@id":"https:\/\/alphalearning.com\/fr\/#organization"},"potentialAction":[{"@type":"SearchAction","target":{"@type":"EntryPoint","urlTemplate":"https:\/\/alphalearning.com\/fr\/?s={search_term_string}"},"query-input":{"@type":"PropertyValueSpecification","valueRequired":true,"valueName":"search_term_string"}}],"inLanguage":"fr"},{"@type":"Organization","@id":"https:\/\/alphalearning.com\/fr\/#organization","name":"Alphalearning International","url":"https:\/\/alphalearning.com\/fr\/","logo":{"@type":"ImageObject","inLanguage":"fr","@id":"https:\/\/alphalearning.com\/fr\/#\/schema\/logo\/image\/","url":"https:\/\/alphalearning.com\/wp-content\/uploads\/2024\/03\/alphalearning_ico2_512px.png","contentUrl":"https:\/\/alphalearning.com\/wp-content\/uploads\/2024\/03\/alphalearning_ico2_512px.png","width":512,"height":512,"caption":"Alphalearning International"},"image":{"@id":"https:\/\/alphalearning.com\/fr\/#\/schema\/logo\/image\/"}}]}},"uagb_featured_image_src":{"full":false,"thumbnail":false,"medium":false,"medium_large":false,"large":false,"1536x1536":false,"2048x2048":false,"gform-image-choice-sm":false,"gform-image-choice-md":false,"gform-image-choice-lg":false},"uagb_author_info":{"display_name":"Julio Machado","author_link":"https:\/\/alphalearning.com\/fr\/author\/julio-machado\/"},"uagb_comment_info":0,"uagb_excerpt":"Commentaires de Henkel Henkel KGaAFormation en Management InternationalAllemagne \u00c0 Alphalearning, La citation suivante a \u00e9t\u00e9 transmise au magazine Forbes pour [&hellip;]","_links":{"self":[{"href":"https:\/\/alphalearning.com\/fr\/wp-json\/wp\/v2\/pages\/13032","targetHints":{"allow":["GET"]}}],"collection":[{"href":"https:\/\/alphalearning.com\/fr\/wp-json\/wp\/v2\/pages"}],"about":[{"href":"https:\/\/alphalearning.com\/fr\/wp-json\/wp\/v2\/types\/page"}],"author":[{"embeddable":true,"href":"https:\/\/alphalearning.com\/fr\/wp-json\/wp\/v2\/users\/2"}],"replies":[{"embeddable":true,"href":"https:\/\/alphalearning.com\/fr\/wp-json\/wp\/v2\/comments?post=13032"}],"version-history":[{"count":3,"href":"https:\/\/alphalearning.com\/fr\/wp-json\/wp\/v2\/pages\/13032\/revisions"}],"predecessor-version":[{"id":15444,"href":"https:\/\/alphalearning.com\/fr\/wp-json\/wp\/v2\/pages\/13032\/revisions\/15444"}],"up":[{"embeddable":true,"href":"https:\/\/alphalearning.com\/fr\/wp-json\/wp\/v2\/pages\/13016"}],"wp:attachment":[{"href":"https:\/\/alphalearning.com\/fr\/wp-json\/wp\/v2\/media?parent=13032"}],"curies":[{"name":"wp","href":"https:\/\/api.w.org\/{rel}","templated":true}]}}