{"id":13024,"date":"2024-03-27T16:26:51","date_gmt":"2024-03-27T16:26:51","guid":{"rendered":"https:\/\/alphalearning.com\/commentaires-clients-alphalearning\/citations-chefs-entreprises\/abp-pension-fund\/"},"modified":"2025-03-02T09:57:51","modified_gmt":"2025-03-02T09:57:51","slug":"fonds-pensions-apb","status":"publish","type":"page","link":"https:\/\/alphalearning.com\/fr\/commentaires-clients-alphalearning\/citations-chefs-entreprises\/fonds-pensions-apb\/","title":{"rendered":"Fonds de Pensions ABP"},"content":{"rendered":"\n<div class=\"wp-block-uagb-advanced-heading uagb-block-2f65ddc0\"><h1 class=\"uagb-heading-text\">Commentaires du Fonds de pension ABP<\/h1><\/div>\n\n\n\n<p class=\"has-text-align-center\"><strong>Algemeen Burgerijk Pensioenfonds<\/strong><br><strong>Pays-Bas<\/strong><\/p>\n\n\n\n<div class=\"wp-block-uagb-container uagb-block-9a87dc0b alignfull uagb-is-root-container\"><div class=\"uagb-container-inner-blocks-wrap\">\n<p>\u00c0 Alphalearning,<\/p>\n\n\n\n<p>Voici le texte de ma lettre propos\u00e9e aux parties int\u00e9ress\u00e9es afin de mettre en place un syst\u00e8me de formation n\u00e9erlandais pour l\u2019institut Alphalearning.<br><\/p>\n\n\n\n<p>L\u2019ann\u00e9e derni\u00e8re, l\u2019un de mes coll\u00e8gues belges m\u2019a invit\u00e9 \u00e0 une r\u00e9union de la VOV (Flemish Training Specialists\u2019 Society) \u00e0 Gand, portant sur le contr\u00f4le des ondes c\u00e9r\u00e9brales. Ce jour-l\u00e0, l\u2019institut Alphalearning a r\u00e9alis\u00e9 une d\u00e9monstration \u00e9clair montrant comment les individus pouvaient r\u00e9ellement contr\u00f4ler leurs propres ondes c\u00e9r\u00e9brales afin d\u2019am\u00e9liorer leur capacit\u00e9 d\u2019\u00e9tude et d\u2019augmenter consid\u00e9rablement leur absorption d\u2019informations.<\/p>\n\n\n\n<p>Il \u00e9tait remarquable de voir qu\u2019un certain nombre de participants \u00e9taient reli\u00e9s \u00e0 un \u00e9lectroenc\u00e9phalographe (EEG) pour projeter leurs ondes c\u00e9r\u00e9brales (via un PC sur un \u00e9cran de projection), et de constater la rapidit\u00e9 avec laquelle ils ont appris \u00e0 utiliser cette m\u00e9thode de \u00ab\u202fprojection-feedback\u202f\u00bb pour \u00e9quilibrer l\u2019activit\u00e9 de leurs h\u00e9misph\u00e8res c\u00e9r\u00e9braux gauche et droit. Il \u00e9tait ensuite tout \u00e0 fait \u00e9tonnant de voir que les participants \u00e9taient connect\u00e9s non seulement \u00e0 un EEG, mais aussi \u00e0 une \u00ab\u202fmachine c\u00e9r\u00e9brale\u202f\u00bb (un stimulateur audio-acoustique).<\/p>\n\n\n\n<p>Au cours de cette d\u00e9monstration, la fr\u00e9quence des ondes c\u00e9r\u00e9brales a \u00e9t\u00e9 r\u00e9duite du niveau B\u00eata \u00ab\u202falerte\u202f\u00bb (14 Hz) au niveau Alpha \u00ab\u202fapprentissage\u202f\u00bb et d\u00e9tente (7 Hz), puis jusqu\u2019au niveau Th\u00eata \u00ab\u202fcr\u00e9atif\u202f\u00bb et apaisant (4 Hz) et enfin au niveau Delta \u00ab\u202fsommeil\u202f\u00bb (2 Hz). On a ensuite augment\u00e9 \u00e0 nouveau la fr\u00e9quence c\u00e9r\u00e9brale pour ramener le sujet au niveau B\u00eata. La d\u00e9monstration s\u2019appuyait sur une multitude de donn\u00e9es scientifiques r\u00e9centes dans les domaines de la physiologie c\u00e9r\u00e9brale, de la neurologie et de la psychologie. Le tout \u00e9tait tr\u00e8s impressionnant et a \u00e9veill\u00e9 ma curiosit\u00e9 \u2014 d\u2019autant plus que l\u2019institut Alphalearning garantissait que chaque participant serait capable de contr\u00f4ler ses ondes c\u00e9r\u00e9brales de fa\u00e7on permanente apr\u00e8s les cinq jours de formation.<\/p>\n\n\n\n<p>Lorsque j\u2019ai appris par la suite que la m\u00e9thode de formation reposait \u00e9galement sur les travaux de Tony Buzan (\u00ab\u202fUse your brain\u202f\u00bb), Edward DeBono (\u00ab\u202fThinking Laterally\u202f\u00bb) et John Grinder (\u00ab\u202fNeurolinguistic Programming\u202f\u00bb), mon int\u00e9r\u00eat s\u2019est encore accru. J\u2019ai abord\u00e9 cette exp\u00e9rience avec beaucoup de curiosit\u00e9, mais aussi un certain scepticisme, lorsque je me suis rendu \u00e0 Maastricht pour suivre le Cours Apprendre \u00e0 Apprendre Alphalearning.<\/p>\n\n\n\n<p>Le cours a \u00e9t\u00e9 passionnant et int\u00e9ressant \u2013 aucun doute l\u00e0-dessus. Par moments, il \u00e9tait d\u00e9routant et surprenant, mais il en valait toujours la peine. Maintenant que j\u2019y ai particip\u00e9 et que je l\u2019ai \u00ab\u202fdig\u00e9r\u00e9\u202f\u00bb, je suis fermement convaincu que tout participant sera en mesure d\u2019apprendre \u00e0\u202f:<\/p>\n\n\n\n<ul class=\"wp-block-list\">\n<li>Augmenter sa vitesse de lecture de 300\u202f% de mani\u00e8re durable.<\/li>\n\n\n\n<li>Contr\u00f4ler et r\u00e9guler ses ondes c\u00e9r\u00e9brales.<\/li>\n\n\n\n<li>Prendre des notes plus rapidement et plus efficacement (mind mapping).<\/li>\n\n\n\n<li>Assimiler les informations plus vite et de mani\u00e8re plus efficace.<\/li>\n\n\n\n<li>Communiquer de fa\u00e7on plus efficiente et plus percutante.<\/li>\n<\/ul>\n\n\n\n<p>En bref, chacun peut apprendre \u00e0 \u00e9tudier plus rapidement, avec plus de souplesse et moins de stress.<\/p>\n\n\n\n<p>Et ce n\u2019est pas simplement la derni\u00e8re mode ou une sorte de conte de f\u00e9es racont\u00e9 par un gourou. Cette approche s\u2019appuie sur de nouvelles d\u00e9couvertes scientifiques mises en avant par les \u00e9minents scientifiques mentionn\u00e9s pr\u00e9c\u00e9demment. On peut consid\u00e9rer cette approche comme une \u00ab\u202ftransition de phase\u202f\u00bb dans l\u2019\u00e9volution de l\u2019\u00e9ducation et de la psychologie de l\u2019\u00e9ducation. Il y a juste un petit b\u00e9mol\u202f: selon moi, Alphalearning reste encore trop \u00e9litiste. Seuls quelques privil\u00e9gi\u00e9s peuvent se permettre d\u2019assister aux sessions. Cela doit changer. En modifiant la structure des cours et la strat\u00e9gie de diffusion, il devrait \u00eatre possible de rendre les m\u00e9thodes Alphalearning accessibles \u00e0 tous, aux Pays-Bas et \u00e0 l\u2019\u00e9tranger, qui souhaitent \u00ab\u202fapprendre \u00e0 apprendre\u202f\u00bb. Alphalearning doit devenir un mouvement, il doit devenir une \u00e9cole.<\/p>\n\n\n\n<p>Merci encore pour cette semaine merveilleuse.<\/p>\n\n\n\n<p>Bien \u00e0 vous,<\/p>\n\n\n\n<p><strong>Rene Broekmeulen<\/strong><\/p>\n<\/div><\/div>\n","protected":false},"excerpt":{"rendered":"<p>Commentaires du Fonds de pension ABP Algemeen Burgerijk PensioenfondsPays-Bas \u00c0 Alphalearning, Voici le texte de ma lettre propos\u00e9e aux parties [&hellip;]<\/p>\n","protected":false},"author":2,"featured_media":0,"parent":13016,"menu_order":0,"comment_status":"closed","ping_status":"closed","template":"","meta":{"_uag_custom_page_level_css":"","site-sidebar-layout":"default","site-content-layout":"","ast-site-content-layout":"default","site-content-style":"default","site-sidebar-style":"default","ast-global-header-display":"","ast-banner-title-visibility":"","ast-main-header-display":"","ast-hfb-above-header-display":"","ast-hfb-below-header-display":"","ast-hfb-mobile-header-display":"","site-post-title":"disabled","ast-breadcrumbs-content":"","ast-featured-img":"","footer-sml-layout":"","ast-disable-related-posts":"","theme-transparent-header-meta":"","adv-header-id-meta":"","stick-header-meta":"","header-above-stick-meta":"","header-main-stick-meta":"","header-below-stick-meta":"","astra-migrate-meta-layouts":"default","ast-page-background-enabled":"default","ast-page-background-meta":{"desktop":{"background-color":"var(--ast-global-color-4)","background-image":"","background-repeat":"repeat","background-position":"center center","background-size":"auto","background-attachment":"scroll","background-type":"","background-media":"","overlay-type":"","overlay-color":"","overlay-opacity":"","overlay-gradient":""},"tablet":{"background-color":"","background-image":"","background-repeat":"repeat","background-position":"center center","background-size":"auto","background-attachment":"scroll","background-type":"","background-media":"","overlay-type":"","overlay-color":"","overlay-opacity":"","overlay-gradient":""},"mobile":{"background-color":"","background-image":"","background-repeat":"repeat","background-position":"center center","background-size":"auto","background-attachment":"scroll","background-type":"","background-media":"","overlay-type":"","overlay-color":"","overlay-opacity":"","overlay-gradient":""}},"ast-content-background-meta":{"desktop":{"background-color":"var(--ast-global-color-5)","background-image":"","background-repeat":"repeat","background-position":"center center","background-size":"auto","background-attachment":"scroll","background-type":"","background-media":"","overlay-type":"","overlay-color":"","overlay-opacity":"","overlay-gradient":""},"tablet":{"background-color":"var(--ast-global-color-5)","background-image":"","background-repeat":"repeat","background-position":"center center","background-size":"auto","background-attachment":"scroll","background-type":"","background-media":"","overlay-type":"","overlay-color":"","overlay-opacity":"","overlay-gradient":""},"mobile":{"background-color":"var(--ast-global-color-5)","background-image":"","background-repeat":"repeat","background-position":"center center","background-size":"auto","background-attachment":"scroll","background-type":"","background-media":"","overlay-type":"","overlay-color":"","overlay-opacity":"","overlay-gradient":""}},"footnotes":""},"class_list":["post-13024","page","type-page","status-publish","hentry"],"yoast_head":"<!-- This site is optimized with the Yoast SEO plugin v27.1.1 - https:\/\/yoast.com\/product\/yoast-seo-wordpress\/ -->\n<title>T\u00e9moignage d\u2019ABP Pension Fund \u2013 Alphalearning International<\/title>\n<meta name=\"description\" content=\"D\u00e9couvrez comment ABP Pension Fund a am\u00e9lior\u00e9 sa vitesse de lecture, \u00e9quilibr\u00e9 ses ondes c\u00e9r\u00e9brales et lib\u00e9r\u00e9 un nouveau potentiel d\u2019apprentissage gr\u00e2ce \u00e0 Alphalearning International.\" \/>\n<meta name=\"robots\" content=\"index, follow, max-snippet:-1, max-image-preview:large, max-video-preview:-1\" \/>\n<link rel=\"canonical\" href=\"https:\/\/alphalearning.com\/fr\/commentaires-clients-alphalearning\/citations-chefs-entreprises\/fonds-pensions-apb\/\" \/>\n<meta property=\"og:locale\" content=\"fr_FR\" \/>\n<meta property=\"og:type\" content=\"article\" \/>\n<meta property=\"og:title\" content=\"T\u00e9moignage d\u2019ABP Pension Fund \u2013 Alphalearning International\" \/>\n<meta property=\"og:description\" content=\"D\u00e9couvrez comment ABP Pension Fund a am\u00e9lior\u00e9 sa vitesse de lecture, \u00e9quilibr\u00e9 ses ondes c\u00e9r\u00e9brales et lib\u00e9r\u00e9 un nouveau potentiel d\u2019apprentissage gr\u00e2ce \u00e0 Alphalearning International.\" \/>\n<meta property=\"og:url\" content=\"https:\/\/alphalearning.com\/fr\/commentaires-clients-alphalearning\/citations-chefs-entreprises\/fonds-pensions-apb\/\" \/>\n<meta property=\"og:site_name\" content=\"Alphalearning International\" \/>\n<meta property=\"article:modified_time\" content=\"2025-03-02T09:57:51+00:00\" \/>\n<meta property=\"og:image\" content=\"https:\/\/alphalearning.com\/wp-content\/uploads\/2024\/04\/alphalearning-logo_red_1200x675px.png\" \/>\n\t<meta property=\"og:image:width\" content=\"1200\" \/>\n\t<meta property=\"og:image:height\" content=\"675\" \/>\n\t<meta property=\"og:image:type\" content=\"image\/png\" \/>\n<meta name=\"twitter:card\" content=\"summary_large_image\" \/>\n<meta name=\"twitter:label1\" content=\"Est. reading time\" \/>\n\t<meta name=\"twitter:data1\" content=\"3 minutes\" \/>\n<!-- \/ Yoast SEO plugin. -->","yoast_head_json":{"title":"T\u00e9moignage d\u2019ABP Pension Fund \u2013 Alphalearning International","description":"D\u00e9couvrez comment ABP Pension Fund a am\u00e9lior\u00e9 sa vitesse de lecture, \u00e9quilibr\u00e9 ses ondes c\u00e9r\u00e9brales et lib\u00e9r\u00e9 un nouveau potentiel d\u2019apprentissage gr\u00e2ce \u00e0 Alphalearning International.","robots":{"index":"index","follow":"follow","max-snippet":"max-snippet:-1","max-image-preview":"max-image-preview:large","max-video-preview":"max-video-preview:-1"},"canonical":"https:\/\/alphalearning.com\/fr\/commentaires-clients-alphalearning\/citations-chefs-entreprises\/fonds-pensions-apb\/","og_locale":"fr_FR","og_type":"article","og_title":"T\u00e9moignage d\u2019ABP Pension Fund \u2013 Alphalearning International","og_description":"D\u00e9couvrez comment ABP Pension Fund a am\u00e9lior\u00e9 sa vitesse de lecture, \u00e9quilibr\u00e9 ses ondes c\u00e9r\u00e9brales et lib\u00e9r\u00e9 un nouveau potentiel d\u2019apprentissage gr\u00e2ce \u00e0 Alphalearning International.","og_url":"https:\/\/alphalearning.com\/fr\/commentaires-clients-alphalearning\/citations-chefs-entreprises\/fonds-pensions-apb\/","og_site_name":"Alphalearning International","article_modified_time":"2025-03-02T09:57:51+00:00","og_image":[{"width":1200,"height":675,"url":"https:\/\/alphalearning.com\/wp-content\/uploads\/2024\/04\/alphalearning-logo_red_1200x675px.png","type":"image\/png"}],"twitter_card":"summary_large_image","twitter_misc":{"Est. reading time":"3 minutes"},"schema":{"@context":"https:\/\/schema.org","@graph":[{"@type":"WebPage","@id":"https:\/\/alphalearning.com\/fr\/commentaires-clients-alphalearning\/citations-chefs-entreprises\/fonds-pensions-apb\/","url":"https:\/\/alphalearning.com\/fr\/commentaires-clients-alphalearning\/citations-chefs-entreprises\/fonds-pensions-apb\/","name":"T\u00e9moignage d\u2019ABP Pension Fund \u2013 Alphalearning International","isPartOf":{"@id":"https:\/\/alphalearning.com\/fr\/#website"},"datePublished":"2024-03-27T16:26:51+00:00","dateModified":"2025-03-02T09:57:51+00:00","description":"D\u00e9couvrez comment ABP Pension Fund a am\u00e9lior\u00e9 sa vitesse de lecture, \u00e9quilibr\u00e9 ses ondes c\u00e9r\u00e9brales et lib\u00e9r\u00e9 un nouveau potentiel d\u2019apprentissage gr\u00e2ce \u00e0 Alphalearning International.","breadcrumb":{"@id":"https:\/\/alphalearning.com\/fr\/commentaires-clients-alphalearning\/citations-chefs-entreprises\/fonds-pensions-apb\/#breadcrumb"},"inLanguage":"fr","potentialAction":[{"@type":"ReadAction","target":["https:\/\/alphalearning.com\/fr\/commentaires-clients-alphalearning\/citations-chefs-entreprises\/fonds-pensions-apb\/"]}]},{"@type":"BreadcrumbList","@id":"https:\/\/alphalearning.com\/fr\/commentaires-clients-alphalearning\/citations-chefs-entreprises\/fonds-pensions-apb\/#breadcrumb","itemListElement":[{"@type":"ListItem","position":1,"name":"Home","item":"https:\/\/alphalearning.com\/fr\/"},{"@type":"ListItem","position":2,"name":"Commentaires de Clients Alphalearning","item":"https:\/\/alphalearning.com\/fr\/commentaires-clients-alphalearning\/"},{"@type":"ListItem","position":3,"name":"Entreprises","item":"https:\/\/alphalearning.com\/fr\/commentaires-clients-alphalearning\/citations-chefs-entreprises\/"},{"@type":"ListItem","position":4,"name":"Fonds de Pensions ABP"}]},{"@type":"WebSite","@id":"https:\/\/alphalearning.com\/fr\/#website","url":"https:\/\/alphalearning.com\/fr\/","name":"Alphalearning International","description":"the brain training institute","publisher":{"@id":"https:\/\/alphalearning.com\/fr\/#organization"},"potentialAction":[{"@type":"SearchAction","target":{"@type":"EntryPoint","urlTemplate":"https:\/\/alphalearning.com\/fr\/?s={search_term_string}"},"query-input":{"@type":"PropertyValueSpecification","valueRequired":true,"valueName":"search_term_string"}}],"inLanguage":"fr"},{"@type":"Organization","@id":"https:\/\/alphalearning.com\/fr\/#organization","name":"Alphalearning International","url":"https:\/\/alphalearning.com\/fr\/","logo":{"@type":"ImageObject","inLanguage":"fr","@id":"https:\/\/alphalearning.com\/fr\/#\/schema\/logo\/image\/","url":"https:\/\/alphalearning.com\/wp-content\/uploads\/2024\/03\/alphalearning_ico2_512px.png","contentUrl":"https:\/\/alphalearning.com\/wp-content\/uploads\/2024\/03\/alphalearning_ico2_512px.png","width":512,"height":512,"caption":"Alphalearning International"},"image":{"@id":"https:\/\/alphalearning.com\/fr\/#\/schema\/logo\/image\/"}}]}},"uagb_featured_image_src":{"full":false,"thumbnail":false,"medium":false,"medium_large":false,"large":false,"1536x1536":false,"2048x2048":false,"gform-image-choice-sm":false,"gform-image-choice-md":false,"gform-image-choice-lg":false},"uagb_author_info":{"display_name":"Julio Machado","author_link":"https:\/\/alphalearning.com\/fr\/author\/julio-machado\/"},"uagb_comment_info":0,"uagb_excerpt":"Commentaires du Fonds de pension ABP Algemeen Burgerijk PensioenfondsPays-Bas \u00c0 Alphalearning, Voici le texte de ma lettre propos\u00e9e aux parties [&hellip;]","_links":{"self":[{"href":"https:\/\/alphalearning.com\/fr\/wp-json\/wp\/v2\/pages\/13024","targetHints":{"allow":["GET"]}}],"collection":[{"href":"https:\/\/alphalearning.com\/fr\/wp-json\/wp\/v2\/pages"}],"about":[{"href":"https:\/\/alphalearning.com\/fr\/wp-json\/wp\/v2\/types\/page"}],"author":[{"embeddable":true,"href":"https:\/\/alphalearning.com\/fr\/wp-json\/wp\/v2\/users\/2"}],"replies":[{"embeddable":true,"href":"https:\/\/alphalearning.com\/fr\/wp-json\/wp\/v2\/comments?post=13024"}],"version-history":[{"count":4,"href":"https:\/\/alphalearning.com\/fr\/wp-json\/wp\/v2\/pages\/13024\/revisions"}],"predecessor-version":[{"id":15442,"href":"https:\/\/alphalearning.com\/fr\/wp-json\/wp\/v2\/pages\/13024\/revisions\/15442"}],"up":[{"embeddable":true,"href":"https:\/\/alphalearning.com\/fr\/wp-json\/wp\/v2\/pages\/13016"}],"wp:attachment":[{"href":"https:\/\/alphalearning.com\/fr\/wp-json\/wp\/v2\/media?parent=13024"}],"curies":[{"name":"wp","href":"https:\/\/api.w.org\/{rel}","templated":true}]}}