{"id":13016,"date":"2024-03-27T16:26:30","date_gmt":"2024-03-27T16:26:30","guid":{"rendered":"https:\/\/alphalearning.com\/commentaires-clients-alphalearning\/quotes-from-corporate-executives\/"},"modified":"2025-03-02T09:27:27","modified_gmt":"2025-03-02T09:27:27","slug":"citations-chefs-entreprises","status":"publish","type":"page","link":"https:\/\/alphalearning.com\/fr\/commentaires-clients-alphalearning\/citations-chefs-entreprises\/","title":{"rendered":"Entreprises"},"content":{"rendered":"\n<div class=\"wp-block-uagb-advanced-heading uagb-block-ba5b6fa0\"><h1 class=\"uagb-heading-text\">Quelques t\u00e9moignages de cadres dirigeants d\u2019entreprise clients d\u2019Alphalearning<\/h1><\/div>\n\n\n\n<div class=\"wp-block-uagb-container uagb-block-57137a1c alignfull uagb-is-root-container\"><div class=\"uagb-container-inner-blocks-wrap\">\n<p><strong>Des commentaires d\u00e9taill\u00e9s sont disponibles sur les pages suivantes :<\/strong><\/p>\n\n\n\n<ul class=\"wp-block-list\">\n<li><a href=\"https:\/\/alphalearning.com\/comments-from-alphalearning-clients\/quotes-from-corporate-executives\/icl-fujitsu\/\">ICL Fujitsu<\/a>\n<ul class=\"wp-block-list\">\n<li><em>\u00ab Nous pr\u00e9voyons de poursuivre avec cette m\u00e9thode de formation radicalement diff\u00e9rente. \u00bb<\/em><\/li>\n<\/ul>\n<\/li>\n\n\n\n<li><a href=\"https:\/\/alphalearning.com\/comments-from-alphalearning-clients\/quotes-from-corporate-executives\/henkel\/\">Henkel<\/a>\n<ul class=\"wp-block-list\">\n<li><em>\u00ab (\u2026) Et il ne s\u2019agissait pas d\u2019un succ\u00e8s \u00e0 court terme. Les s\u00e9minaires se poursuivront. \u00bb<\/em><\/li>\n<\/ul>\n<\/li>\n\n\n\n<li><a href=\"https:\/\/alphalearning.com\/comments-from-alphalearning-clients\/quotes-from-corporate-executives\/raychem\/\">Raychem<\/a>\n<ul class=\"wp-block-list\">\n<li>\u00ab Raychem a lanc\u00e9 ce s\u00e9minaire \u00e0 titre d\u2019exp\u00e9rience. Apr\u00e8s leurs observations, ce fut une exp\u00e9rience tr\u00e8s positive. \u00bb<\/li>\n<\/ul>\n<\/li>\n\n\n\n<li><a href=\"https:\/\/alphalearning.com\/fr\/commentaires-clients-alphalearning\/citations-chefs-entreprises\/fonds-pensions-apb\/\">Fonds de pension ABP<\/a>\n<ul class=\"wp-block-list\">\n<li><em>La d\u00e9monstration s\u2019appuyait sur une multitude de donn\u00e9es scientifiques r\u00e9centes dans les domaines de la physiologie c\u00e9r\u00e9brale, de la neurologie et de la psychologie.<\/em><\/li>\n<\/ul>\n<\/li>\n\n\n\n<li><a href=\"https:\/\/alphalearning.com\/comments-from-alphalearning-clients\/quotes-from-corporate-executives\/holland-parliament\/\">Parlement des Pays-Bas<\/a>\n<ul class=\"wp-block-list\">\n<li><em>\u00ab Pour aller droit au but : les connaissances et les comp\u00e9tences de l\u2019Alphalearning Institute rev\u00eatent une importance consid\u00e9rable pour notre soci\u00e9t\u00e9 et doivent \u00eatre largement reconnues. \u00bb<\/em><\/li>\n<\/ul>\n<\/li>\n<\/ul>\n\n\n\n<p class=\"has-text-align-right\"><a href=\"https:\/\/alphalearning.com\/comments-from-alphalearning-clients\/quotes-from-families\/\">Quelques t\u00e9moignages de clients d\u2019Alphalearning<\/a><\/p>\n\n\n\n<p class=\"has-text-align-right\"><a href=\"https:\/\/alphalearning.com\/fr\/commentaires-clients-alphalearning\/citations-athletes\/\">T\u00e9moignages d\u2019athl\u00e8tes qui utilisent le syst\u00e8me Brainwave<\/a><\/p>\n\n\n\n<p class=\"has-text-align-center\"><strong>Une liste d&#8217;entreprises clientes est fournie apr\u00e8s les citations ci-dessous<\/strong><\/p>\n\n\n\n<p>\u00ab Merci pour cette session vraiment \u00e9nergique. \u00bb<\/p>\n\n\n\n<p>\u00ab J\u2019ai trouv\u00e9 le sujet tellement int\u00e9ressant que j\u2019\u00e9tais impatient d\u2019en d\u00e9couvrir le point suivant. \u00bb<\/p>\n\n\n\n<p>\u00ab Renversant ! \u00bb<\/p>\n\n\n\n<p>\u00ab Une exp\u00e9rience vraiment extraordinaire. \u00bb<\/p>\n\n\n\n<p>\u00ab Beaucoup de perspectives sur le fonctionnement du cerveau. \u00bb<\/p>\n\n\n\n<p>\u00ab J\u2019esp\u00e8re continuer \u00e0 suivre votre travail. \u00bb<\/p>\n\n\n\n<p>\u00ab Des r\u00e9sultats positifs. \u00bb<\/p>\n\n\n\n<p>\u00ab Nous a ouvert l\u2019esprit \u00e0 des am\u00e9liorations en nous-m\u00eames dont nous doutions peut-\u00eatre auparavant. \u00bb<\/p>\n\n\n\n<p>\u00ab L\u2019exp\u00e9rience a \u00e9t\u00e9 positive. \u00bb<\/p>\n\n\n\n<p>\u00ab Un coup de pouce pour la confiance, quand on prend conscience de la capacit\u00e9 de changer d\u2019avis. \u00bb<\/p>\n\n\n\n<p>\u00ab Transmis de mani\u00e8re efficace. \u00bb<\/p>\n\n\n\n<p>\u00ab Excellent, dans l\u2019ensemble. \u00bb<\/p>\n\n\n\n<p>\u00ab Pourrait trouver des applications dans les techniques de formation. \u00bb<\/p>\n\n\n\n<p>\u00ab J\u2019ai doubl\u00e9 ma vitesse de lecture en quelques minutes. Exceptionnel ! \u00bb<\/p>\n\n\n\n<p>\u00ab Excellent. Un contenu merveilleux. \u00bb<\/p>\n\n\n\n<p>\u00ab Je me suis clairement familiaris\u00e9 avec votre style. \u00bb<\/p>\n\n\n\n<p>\u00ab A ouvert de nombreuses nouvelles perspectives. \u00bb<\/p>\n\n\n\n<p>\u00ab Le sujet me fascine et me stimule. \u00bb<\/p>\n\n\n\n<p>\u00ab Tr\u00e8s bon et interactif. \u00bb<\/p>\n\n\n\n<p>\u00ab Captivant, et aussi dr\u00f4le. \u00bb<\/p>\n\n\n\n<p>\u00ab Un v\u00e9ritable voyage dans l\u2019inconnu. \u00bb<\/p>\n\n\n\n<p>\u00ab Divertissant, utile et fascinant. \u00bb<\/p>\n\n\n\n<p>\u00ab Fascinant. \u00bb<\/p>\n\n\n\n<p>\u00ab Agr\u00e9able et amusant. \u00bb<\/p>\n\n\n\n<p>\u00ab Incroyablement inspirant. \u00bb<\/p>\n\n\n\n<p>\u00ab Tr\u00e8s int\u00e9ressant. \u00bb<\/p>\n\n\n\n<p>\u00ab Excellente pr\u00e9sentation, tr\u00e8s directe et claire. \u00bb<\/p>\n\n\n\n<p>\u00ab Bien pr\u00e9sent\u00e9 et facile \u00e0 suivre. \u00bb<\/p>\n\n\n\n<p>\u00ab Tr\u00e8s participatif. \u00bb<\/p>\n\n\n\n<p>\u00ab Extr\u00eamement utile. \u00bb<\/p>\n\n\n\n<p>\u00ab Solide et clair. \u00bb<\/p>\n\n\n\n<p>\u00ab J\u2019aurais facilement pu \u00e9couter et appr\u00e9cier bien plus. \u00bb<\/p>\n\n\n\n<p>\u00ab Tr\u00e8s reconnaissant envers lui pour les astuces et m\u00e9thodes permettant de lire plus rapidement et de d\u00e9composer les informations. \u00bb<\/p>\n\n\n\n<p>\u00ab Tr\u00e8s dou\u00e9 pour conqu\u00e9rir l\u2019auditoire. \u00bb<\/p>\n\n\n\n<p>\u00ab Excellente pr\u00e9sentation. \u00bb<\/p>\n\n\n\n<p>\u00ab Un syst\u00e8me de formation pr\u00e9cieux. \u00bb<\/p>\n\n\n\n<p>\u00ab Valeur personnelle directe. \u00bb<\/p>\n\n\n\n<p>\u00ab Je serais int\u00e9ress\u00e9 par d\u2019autres conf\u00e9rences. \u00bb<\/p>\n\n\n\n<p>\u00ab Je vais certainement utiliser l\u2019\u00e9tat Alpha. \u00bb<\/p>\n\n\n\n<p>\u00ab Dieu merci ! \u00bb<br><\/p>\n\n\n\n<p class=\"has-text-align-center\">\u2013<br><strong>Certaines des entreprises ayant suivi les programmes d\u2019Alphalearning comprennent<\/strong><\/p>\n\n\n\n<p>ABB ASEA BROWN BOVERI LTD.<\/p>\n\n\n\n<p>ABB TRANSPORTATION GMBH<\/p>\n\n\n\n<p>ABBEY LIFE ASSURANCE IRELAND<\/p>\n\n\n\n<p>ABBEY NAT \u2018L PLC<\/p>\n\n\n\n<p>AER LINGUS<\/p>\n\n\n\n<p>AIB ALLIED IRISH BANK PLS<\/p>\n\n\n\n<p>AMDAHL UK LTD.<\/p>\n\n\n\n<p>APOTEKSBOLAGET AB<\/p>\n\n\n\n<p>APPLE EUROPE<\/p>\n\n\n\n<p>ARCS ASTRA RESEARCH CENTRE<\/p>\n\n\n\n<p>ASCOM HASLER<\/p>\n\n\n\n<p>AVANT<\/p>\n\n\n\n<p>AZZAWIYA OIL REFINING CO.<\/p>\n\n\n\n<p>BALTICA<\/p>\n\n\n\n<p>BANCA D\u2019AMERICA E D\u2019ITALIA<\/p>\n\n\n\n<p>BANCO SANTANDER<\/p>\n\n\n\n<p>BANK OF IRELAND<\/p>\n\n\n\n<p>BAC GASES<\/p>\n\n\n\n<p>BOFORS ELECTRONICS<\/p>\n\n\n\n<p>BRISTOL MYERS SQUIBB<\/p>\n\n\n\n<p>BRISTOL MYERS SQUIBB SPA<\/p>\n\n\n\n<p>BRITISH AIRWAYS<\/p>\n\n\n\n<p>BRITISH TELECOM INT\u2019 L<\/p>\n\n\n\n<p>BUSINESS COACHING EUROPE NV<\/p>\n\n\n\n<p>CAJA DE PENSIONES LA CAIXA<\/p>\n\n\n\n<p>CAPITAL HOUSE INVESTMENT MGMT.<\/p>\n\n\n\n<p>CATERPILLAR OVERSEAS SA<\/p>\n\n\n\n<p>CHRISTIANA BANK OG<\/p>\n\n\n\n<p>CIN MANAGEMENT LTD.<\/p>\n\n\n\n<p>CRH SA<\/p>\n\n\n\n<p>DANMARKS APOTEKERFORENING<\/p>\n\n\n\n<p>DE BAAK<\/p>\n\n\n\n<p>DEN DANSKE BANK<\/p>\n\n\n\n<p>DIGITAL EQUIPMENT CORP AG<\/p>\n\n\n\n<p>DOVEUROPE<\/p>\n\n\n\n<p>DOW EUROPE SA<\/p>\n\n\n\n<p>D.H.L. HEADQUARTERS<\/p>\n\n\n\n<p>EAGLE STAR<\/p>\n\n\n\n<p>EDF<\/p>\n\n\n\n<p>EIB-BEI EUROPEAN INVESTM. BANK<\/p>\n\n\n\n<p>EISAI EUROPE LTD.<\/p>\n\n\n\n<p>EMPREENDIMENTO AMOREIRAS<\/p>\n\n\n\n<p>ESA-ESRIN<\/p>\n\n\n\n<p>ESOC-EUROPEAN SPACE AGENCY<\/p>\n\n\n\n<p>ESTEC<\/p>\n\n\n\n<p>EUROPEAN PARLIMENT<\/p>\n\n\n\n<p>EVC INTERNATIONAL<\/p>\n\n\n\n<p>F. HOFFMANN-LA ROCHE LTD.<\/p>\n\n\n\n<p>FEDERAL EXPRESS<\/p>\n\n\n\n<p>FINNBOARD<\/p>\n\n\n\n<p>FIRST SAVINGS BANK<\/p>\n\n\n\n<p>FISONS PLC<\/p>\n\n\n\n<p>FORD MOTOR COMPANY<\/p>\n\n\n\n<p>FORD WERKE AG<\/p>\n\n\n\n<p>GENERAL MOTORS ESPANA<\/p>\n\n\n\n<p>GENERALE BANK<\/p>\n\n\n\n<p>GKN AUTOMOTIVE<\/p>\n\n\n\n<p>GLAXO GROUP RESEARCH LTD.<\/p>\n\n\n\n<p>GLAXO HOLDINGS PLC<\/p>\n\n\n\n<p>GRUPPO SYSTEMI SPAZIALI<\/p>\n\n\n\n<p>HARRISONS &amp; CROSFIELD PLC<\/p>\n\n\n\n<p>HAY MANAGEMENT CONSULTANTS<\/p>\n\n\n\n<p>HENKEL<\/p>\n\n\n\n<p>HONEYWELL EUROPE S A<\/p>\n\n\n\n<p>IBM NEDERLAND SA<\/p>\n\n\n\n<p>ICI FIBRES<\/p>\n\n\n\n<p>ICL<\/p>\n\n\n\n<p>IHG KG KHALID NATL GUARD HOSP<\/p>\n\n\n\n<p>INTERNATIONAL STOCK EXCHANGE<\/p>\n\n\n\n<p>INTL MOTORS LTD<\/p>\n\n\n\n<p>INTERMEDICS<\/p>\n\n\n\n<p>IRISH PEAT BOARD<\/p>\n\n\n\n<p>JOHNSON WAX SA<\/p>\n\n\n\n<p>KLM ROYAL DUTCH AIRLINES<\/p>\n\n\n\n<p>KPMG PEAT MARWICK MCLINTOCK<\/p>\n\n\n\n<p>KRAFT EUROPE GMBH<\/p>\n\n\n\n<p>LABORATOIRES SANDOZ SARL<\/p>\n\n\n\n<p>LEICA PLC<\/p>\n\n\n\n<p>LHOIST<\/p>\n\n\n\n<p>MANAGEMENT + RESOURCES<\/p>\n\n\n\n<p>MOBIL OIL AG<\/p>\n\n\n\n<p>MONSANTO EUROPE SA<\/p>\n\n\n\n<p>MONSANTO SERVICES INT L SA<\/p>\n\n\n\n<p>MOTOROLA INC<\/p>\n\n\n\n<p>MOTOROLA SA<\/p>\n\n\n\n<p>NATL WESTMINSTER BANK PLC<\/p>\n\n\n\n<p>NESTE CHEMICALS INT L<\/p>\n\n\n\n<p>NESTE CHEMICALS NV<\/p>\n\n\n\n<p>NESTLE SA<\/p>\n\n\n\n<p>NOFO<\/p>\n\n\n\n<p>NORSK HYDRO A S<\/p>\n\n\n\n<p>NORSKE SHELL<\/p>\n\n\n\n<p>NOVO-NORDISK A S<\/p>\n\n\n\n<p>NV SIDAL<\/p>\n\n\n\n<p>OCE NEDERLAND BV<\/p>\n\n\n\n<p>OEMV AKTIENGESELLSCHAFT<\/p>\n\n\n\n<p>OLIVETTI INT L EDUCATION CTR<\/p>\n\n\n\n<p>OSCO GROUP<\/p>\n\n\n\n<p>OWENS CORNING FIBERGLAS<\/p>\n\n\n\n<p>OXFORD MEDICAL LTD<\/p>\n\n\n\n<p>PA HARTMARK-IRAS<\/p>\n\n\n\n<p>PARTEK CORPORATION<\/p>\n\n\n\n<p>PHILIP MORRIS GMBH<\/p>\n\n\n\n<p>PHILIPS<\/p>\n\n\n\n<p>POHJOLA GROUP, THE<\/p>\n\n\n\n<p>PRICE WATERHOUSE<\/p>\n\n\n\n<p>PRICE WATERHOUSE EUROPE<\/p>\n\n\n\n<p>RAUFOSS A S<\/p>\n\n\n\n<p>RAYCHEM<\/p>\n\n\n\n<p>SANDOZ-WANDER PHARMA LTD<\/p>\n\n\n\n<p>SANOMA CORPORATION<\/p>\n\n\n\n<p>SCHLUMBERGER INDUSTRIES<\/p>\n\n\n\n<p>SIDAL NV<\/p>\n\n\n\n<p>SIFCO TURBINE COMPONENTS LTD<\/p>\n\n\n\n<p>SKOPBANK<\/p>\n\n\n\n<p>SMEETS<\/p>\n\n\n\n<p>SOGENAL<\/p>\n\n\n\n<p>STERLING-WINTHROP GROUP LGD<\/p>\n\n\n\n<p>STS BANK<\/p>\n\n\n\n<p>SWIFT SC<\/p>\n\n\n\n<p>TELERATE<\/p>\n\n\n\n<p>TETRA PAK INT L SA<\/p>\n\n\n\n<p>TEXAS INSTRUMENTS<\/p>\n\n\n\n<p>TEXAS INSTRUMENTS FRANCE<\/p>\n\n\n\n<p>TRUSTHOUSE FORTE CATERING<\/p>\n\n\n\n<p>UNION CARBIDE COATINGS<\/p>\n\n\n\n<p>UNITED DISTILLERS<\/p>\n\n\n\n<p>W H SMITH INC<\/p>\n\n\n\n<p>WELLCOME<\/p>\n\n\n\n<p>WOOLWORTHS PLC<\/p>\n<\/div><\/div>\n","protected":false},"excerpt":{"rendered":"<p>Quelques t\u00e9moignages de cadres dirigeants d\u2019entreprise clients d\u2019Alphalearning Des commentaires d\u00e9taill\u00e9s sont disponibles sur les pages suivantes : Quelques t\u00e9moignages [&hellip;]<\/p>\n","protected":false},"author":2,"featured_media":0,"parent":12976,"menu_order":220,"comment_status":"closed","ping_status":"closed","template":"","meta":{"_uag_custom_page_level_css":"","site-sidebar-layout":"default","site-content-layout":"","ast-site-content-layout":"default","site-content-style":"default","site-sidebar-style":"default","ast-global-header-display":"","ast-banner-title-visibility":"","ast-main-header-display":"","ast-hfb-above-header-display":"","ast-hfb-below-header-display":"","ast-hfb-mobile-header-display":"","site-post-title":"disabled","ast-breadcrumbs-content":"","ast-featured-img":"","footer-sml-layout":"","ast-disable-related-posts":"","theme-transparent-header-meta":"","adv-header-id-meta":"","stick-header-meta":"","header-above-stick-meta":"","header-main-stick-meta":"","header-below-stick-meta":"","astra-migrate-meta-layouts":"default","ast-page-background-enabled":"default","ast-page-background-meta":{"desktop":{"background-color":"var(--ast-global-color-4)","background-image":"","background-repeat":"repeat","background-position":"center center","background-size":"auto","background-attachment":"scroll","background-type":"","background-media":"","overlay-type":"","overlay-color":"","overlay-opacity":"","overlay-gradient":""},"tablet":{"background-color":"","background-image":"","background-repeat":"repeat","background-position":"center center","background-size":"auto","background-attachment":"scroll","background-type":"","background-media":"","overlay-type":"","overlay-color":"","overlay-opacity":"","overlay-gradient":""},"mobile":{"background-color":"","background-image":"","background-repeat":"repeat","background-position":"center center","background-size":"auto","background-attachment":"scroll","background-type":"","background-media":"","overlay-type":"","overlay-color":"","overlay-opacity":"","overlay-gradient":""}},"ast-content-background-meta":{"desktop":{"background-color":"var(--ast-global-color-5)","background-image":"","background-repeat":"repeat","background-position":"center center","background-size":"auto","background-attachment":"scroll","background-type":"","background-media":"","overlay-type":"","overlay-color":"","overlay-opacity":"","overlay-gradient":""},"tablet":{"background-color":"var(--ast-global-color-5)","background-image":"","background-repeat":"repeat","background-position":"center center","background-size":"auto","background-attachment":"scroll","background-type":"","background-media":"","overlay-type":"","overlay-color":"","overlay-opacity":"","overlay-gradient":""},"mobile":{"background-color":"var(--ast-global-color-5)","background-image":"","background-repeat":"repeat","background-position":"center center","background-size":"auto","background-attachment":"scroll","background-type":"","background-media":"","overlay-type":"","overlay-color":"","overlay-opacity":"","overlay-gradient":""}},"footnotes":""},"class_list":["post-13016","page","type-page","status-publish","hentry"],"yoast_head":"<!-- This site is optimized with the Yoast SEO plugin v27.1.1 - https:\/\/yoast.com\/product\/yoast-seo-wordpress\/ -->\n<title>Des cadres dirigeants saluent Alphalearning | T\u00e9moignages<\/title>\n<meta name=\"description\" content=\"Les cadres d\u00e9couvrent une lecture acc\u00e9l\u00e9r\u00e9e, un regain de confiance et une meilleure compr\u00e9hension du cerveau gr\u00e2ce aux m\u00e9thodes innovantes d\u2019Alphalearning.\" \/>\n<meta name=\"robots\" content=\"index, follow, max-snippet:-1, max-image-preview:large, max-video-preview:-1\" \/>\n<link rel=\"canonical\" href=\"https:\/\/alphalearning.com\/fr\/commentaires-clients-alphalearning\/citations-chefs-entreprises\/\" \/>\n<meta property=\"og:locale\" content=\"fr_FR\" \/>\n<meta property=\"og:type\" content=\"article\" \/>\n<meta property=\"og:title\" content=\"Des cadres dirigeants saluent Alphalearning | T\u00e9moignages\" \/>\n<meta property=\"og:description\" content=\"Les cadres d\u00e9couvrent une lecture acc\u00e9l\u00e9r\u00e9e, un regain de confiance et une meilleure compr\u00e9hension du cerveau gr\u00e2ce aux m\u00e9thodes innovantes d\u2019Alphalearning.\" \/>\n<meta property=\"og:url\" content=\"https:\/\/alphalearning.com\/fr\/commentaires-clients-alphalearning\/citations-chefs-entreprises\/\" \/>\n<meta property=\"og:site_name\" content=\"Alphalearning International\" \/>\n<meta property=\"article:modified_time\" content=\"2025-03-02T09:27:27+00:00\" \/>\n<meta property=\"og:image\" content=\"https:\/\/alphalearning.com\/wp-content\/uploads\/2024\/04\/alphalearning-logo_red_1200x675px.png\" \/>\n\t<meta property=\"og:image:width\" content=\"1200\" \/>\n\t<meta property=\"og:image:height\" content=\"675\" \/>\n\t<meta property=\"og:image:type\" content=\"image\/png\" \/>\n<meta name=\"twitter:card\" content=\"summary_large_image\" \/>\n<meta name=\"twitter:label1\" content=\"Est. reading time\" \/>\n\t<meta name=\"twitter:data1\" content=\"4 minutes\" \/>\n<!-- \/ Yoast SEO plugin. -->","yoast_head_json":{"title":"Des cadres dirigeants saluent Alphalearning | T\u00e9moignages","description":"Les cadres d\u00e9couvrent une lecture acc\u00e9l\u00e9r\u00e9e, un regain de confiance et une meilleure compr\u00e9hension du cerveau gr\u00e2ce aux m\u00e9thodes innovantes d\u2019Alphalearning.","robots":{"index":"index","follow":"follow","max-snippet":"max-snippet:-1","max-image-preview":"max-image-preview:large","max-video-preview":"max-video-preview:-1"},"canonical":"https:\/\/alphalearning.com\/fr\/commentaires-clients-alphalearning\/citations-chefs-entreprises\/","og_locale":"fr_FR","og_type":"article","og_title":"Des cadres dirigeants saluent Alphalearning | T\u00e9moignages","og_description":"Les cadres d\u00e9couvrent une lecture acc\u00e9l\u00e9r\u00e9e, un regain de confiance et une meilleure compr\u00e9hension du cerveau gr\u00e2ce aux m\u00e9thodes innovantes d\u2019Alphalearning.","og_url":"https:\/\/alphalearning.com\/fr\/commentaires-clients-alphalearning\/citations-chefs-entreprises\/","og_site_name":"Alphalearning International","article_modified_time":"2025-03-02T09:27:27+00:00","og_image":[{"width":1200,"height":675,"url":"https:\/\/alphalearning.com\/wp-content\/uploads\/2024\/04\/alphalearning-logo_red_1200x675px.png","type":"image\/png"}],"twitter_card":"summary_large_image","twitter_misc":{"Est. reading time":"4 minutes"},"schema":{"@context":"https:\/\/schema.org","@graph":[{"@type":"WebPage","@id":"https:\/\/alphalearning.com\/fr\/commentaires-clients-alphalearning\/citations-chefs-entreprises\/","url":"https:\/\/alphalearning.com\/fr\/commentaires-clients-alphalearning\/citations-chefs-entreprises\/","name":"Des cadres dirigeants saluent Alphalearning | T\u00e9moignages","isPartOf":{"@id":"https:\/\/alphalearning.com\/fr\/#website"},"datePublished":"2024-03-27T16:26:30+00:00","dateModified":"2025-03-02T09:27:27+00:00","description":"Les cadres d\u00e9couvrent une lecture acc\u00e9l\u00e9r\u00e9e, un regain de confiance et une meilleure compr\u00e9hension du cerveau gr\u00e2ce aux m\u00e9thodes innovantes d\u2019Alphalearning.","breadcrumb":{"@id":"https:\/\/alphalearning.com\/fr\/commentaires-clients-alphalearning\/citations-chefs-entreprises\/#breadcrumb"},"inLanguage":"fr","potentialAction":[{"@type":"ReadAction","target":["https:\/\/alphalearning.com\/fr\/commentaires-clients-alphalearning\/citations-chefs-entreprises\/"]}]},{"@type":"BreadcrumbList","@id":"https:\/\/alphalearning.com\/fr\/commentaires-clients-alphalearning\/citations-chefs-entreprises\/#breadcrumb","itemListElement":[{"@type":"ListItem","position":1,"name":"Home","item":"https:\/\/alphalearning.com\/fr\/"},{"@type":"ListItem","position":2,"name":"Commentaires de Clients Alphalearning","item":"https:\/\/alphalearning.com\/fr\/commentaires-clients-alphalearning\/"},{"@type":"ListItem","position":3,"name":"Entreprises"}]},{"@type":"WebSite","@id":"https:\/\/alphalearning.com\/fr\/#website","url":"https:\/\/alphalearning.com\/fr\/","name":"Alphalearning International","description":"the brain training institute","publisher":{"@id":"https:\/\/alphalearning.com\/fr\/#organization"},"potentialAction":[{"@type":"SearchAction","target":{"@type":"EntryPoint","urlTemplate":"https:\/\/alphalearning.com\/fr\/?s={search_term_string}"},"query-input":{"@type":"PropertyValueSpecification","valueRequired":true,"valueName":"search_term_string"}}],"inLanguage":"fr"},{"@type":"Organization","@id":"https:\/\/alphalearning.com\/fr\/#organization","name":"Alphalearning International","url":"https:\/\/alphalearning.com\/fr\/","logo":{"@type":"ImageObject","inLanguage":"fr","@id":"https:\/\/alphalearning.com\/fr\/#\/schema\/logo\/image\/","url":"https:\/\/alphalearning.com\/wp-content\/uploads\/2024\/03\/alphalearning_ico2_512px.png","contentUrl":"https:\/\/alphalearning.com\/wp-content\/uploads\/2024\/03\/alphalearning_ico2_512px.png","width":512,"height":512,"caption":"Alphalearning International"},"image":{"@id":"https:\/\/alphalearning.com\/fr\/#\/schema\/logo\/image\/"}}]}},"uagb_featured_image_src":{"full":false,"thumbnail":false,"medium":false,"medium_large":false,"large":false,"1536x1536":false,"2048x2048":false,"gform-image-choice-sm":false,"gform-image-choice-md":false,"gform-image-choice-lg":false},"uagb_author_info":{"display_name":"Julio Machado","author_link":"https:\/\/alphalearning.com\/fr\/author\/julio-machado\/"},"uagb_comment_info":0,"uagb_excerpt":"Quelques t\u00e9moignages de cadres dirigeants d\u2019entreprise clients d\u2019Alphalearning Des commentaires d\u00e9taill\u00e9s sont disponibles sur les pages suivantes : Quelques t\u00e9moignages [&hellip;]","_links":{"self":[{"href":"https:\/\/alphalearning.com\/fr\/wp-json\/wp\/v2\/pages\/13016","targetHints":{"allow":["GET"]}}],"collection":[{"href":"https:\/\/alphalearning.com\/fr\/wp-json\/wp\/v2\/pages"}],"about":[{"href":"https:\/\/alphalearning.com\/fr\/wp-json\/wp\/v2\/types\/page"}],"author":[{"embeddable":true,"href":"https:\/\/alphalearning.com\/fr\/wp-json\/wp\/v2\/users\/2"}],"replies":[{"embeddable":true,"href":"https:\/\/alphalearning.com\/fr\/wp-json\/wp\/v2\/comments?post=13016"}],"version-history":[{"count":5,"href":"https:\/\/alphalearning.com\/fr\/wp-json\/wp\/v2\/pages\/13016\/revisions"}],"predecessor-version":[{"id":15439,"href":"https:\/\/alphalearning.com\/fr\/wp-json\/wp\/v2\/pages\/13016\/revisions\/15439"}],"up":[{"embeddable":true,"href":"https:\/\/alphalearning.com\/fr\/wp-json\/wp\/v2\/pages\/12976"}],"wp:attachment":[{"href":"https:\/\/alphalearning.com\/fr\/wp-json\/wp\/v2\/media?parent=13016"}],"curies":[{"name":"wp","href":"https:\/\/api.w.org\/{rel}","templated":true}]}}