{"id":13002,"date":"2024-03-27T16:25:35","date_gmt":"2024-03-27T16:25:35","guid":{"rendered":"https:\/\/alphalearning.com\/commentaires-clients-alphalearning\/citations-athletes\/jan-verfaellie\/"},"modified":"2025-03-02T09:20:01","modified_gmt":"2025-03-02T09:20:01","slug":"jan-verfaellie","status":"publish","type":"page","link":"https:\/\/alphalearning.com\/fr\/commentaires-clients-alphalearning\/citations-athletes\/jan-verfaellie\/","title":{"rendered":"Jan Verfaellie"},"content":{"rendered":"\n<div class=\"wp-block-uagb-advanced-heading uagb-block-372334f6\"><h1 class=\"uagb-heading-text\">T\u00e9moignage de Jan Verfaellie pour Alphalearning<\/h1><\/div>\n\n\n\n<div class=\"wp-block-uagb-container uagb-block-3a017e33 alignfull uagb-is-root-container\"><div class=\"uagb-container-inner-blocks-wrap\">\n<p>\u00c0 Alphalearning<\/p>\n\n\n\n<p>Le texte suivant est destin\u00e9 \u00e0 un article dans le magazine Belgian Golf. Merci de commenter comme vous le souhaitez.<\/p>\n\n\n\n<p>Le syst\u00e8me Alphalearning fonctionne pour tout ce que l\u2019on fait dans la vie.<\/p>\n\n\n\n<p>J\u2019ai 18 ans et mon hobby est le golf. Gr\u00e2ce au syst\u00e8me Alphalearning, mon niveau de golf s\u2019est rapidement am\u00e9lior\u00e9.<\/p>\n\n\n\n<p>Avant le cours Alphalearning, mon handicap \u00e9tait de 14,2. Maintenant, il est de 7 et continue de baisser apr\u00e8s 3 mois de pratique avec les techniques de l\u2019institut Alphalearning. Tout golfeur sait que ce n\u2019est pas si mal. Le syst\u00e8me Alphalearning ne m\u2019a pas appris un meilleur swing, il m\u2019a appris comment assimiler les le\u00e7ons de mon pro. Il m\u2019a aussi appris \u00e0 mieux me contr\u00f4ler. Alphalearning m\u2019a enseign\u00e9 que le cerveau ne peut faire que deux choses \u00e0 la fois. Maintenant, voil\u00e0 ce qui se passe lors d\u2019une le\u00e7on de golf\u202f: le pro observe votre swing, vous indique ce qui ne va pas et corrige vos erreurs. Il peut y avoir plusieurs d\u00e9fauts dans un swing. Par exemple : \u00e9cartez un peu plus les jambes, ne serrez pas autant le grip, bougez davantage la main de par les genoux\u2026 Les premiers jours apr\u00e8s la le\u00e7on, vous jouez peut-\u00eatre mieux, puis vous oubliez et revenez \u00e0 votre ancien swing. Le seul r\u00e9sultat, c\u2019est de l\u2019argent et du temps perdus. Je ne pense pas que ce soit l\u2019objectif d\u2019une le\u00e7on de golf.<\/p>\n\n\n\n<p>Voici ce que je fais quand je prends un cours : je retiens deux d\u00e9fauts majeurs dans mon swing et je me programme pour ne plus les reproduire. Ensuite, je m\u2019entra\u00eene jusqu\u2019\u00e0 ne plus commettre ces erreurs. Et seulement \u00e0 ce moment-l\u00e0, je prends une nouvelle le\u00e7on.<\/p>\n\n\n\n<p>Un autre avantage pour le golf\u202f: jouer sous son handicap m\u00eame avec des coups dont on ne serait pas satisfait en temps normal. On m\u2019a appris \u00e0 me d\u00e9tendre apr\u00e8s un mauvais coup ou un mauvais trou. Par exemple, cette ann\u00e9e, alors que le championnat approchait, je visais le titre de champion du club. Tout le monde trouvait \u00e7a un peu fou. Que pouvais-je faire avec mon handicap de 14 face \u00e0 des joueurs class\u00e9s 4 ou 5\u202f? M\u00eame mon p\u00e8re a ri quand je lui ai dit que je deviendrai champion. Je les ai laiss\u00e9s rire parce que j\u2019avais quelque chose qu\u2019ils n\u2019avaient pas : j\u2019\u00e9tais form\u00e9 en Alpha.<\/p>\n\n\n\n<p>Le jour du championnat, j\u2019ai mal jou\u00e9 mes premiers 18 trous\u202f: 14 au-dessus du par. Je jouais avec deux bons amis, nous avons beaucoup ri et bien profit\u00e9\u202f; je pense que c\u2019est pour cela que j\u2019ai mal jou\u00e9. Je sais qu\u2019un bon golfeur doit savoir se ma\u00eetriser. Eh bien, c\u2019est ce que j\u2019ai fait pour les 18 trous suivants. Je suis parti en affirmant que j\u2019allais gagner, m\u00eame en sachant que j\u2019avais 6 coups de retard sur le leader. Mes deuxi\u00e8mes 18 trous ont \u00e9t\u00e9 magnifiques\u202f: j\u2019ai jou\u00e9 4 au-dessus du par et, en raison du mauvais temps, de la pluie et des conditions d\u00e9favorables du parcours, le SSS est pass\u00e9 \u00e0 74. Donc, en r\u00e9alit\u00e9, j\u2019ai jou\u00e9 au niveau scratch, soit 11 coups sous mon handicap. Maintenant, la question est : comment ai-je fait\u202f?<\/p>\n\n\n\n<p>Eh bien, pendant une semaine, j\u2019ai jou\u00e9 mentalement cinq fois par jour les 18 trous du parcours. En quinze minutes, j\u2019ai ainsi \u00ab\u202fjou\u00e9\u202f\u00bb l\u2019\u00e9quivalent de 20 heures de golf. Je visualisais chaque coup comme \u00e9tant parfait, chaque fer atterrissant sur le green et chaque putt tombant dans le trou.<\/p>\n\n\n\n<p>Je suis convaincu d\u2019avoir gagn\u00e9 gr\u00e2ce \u00e0 cela. Ce petit exercice m\u2019a rendu tellement s\u00fbr de moi que j\u2019\u00e9tais persuad\u00e9 de devoir gagner\u202f!<\/p>\n\n\n\n<p>Mon p\u00e8re m\u2019a ensuite avou\u00e9 qu\u2019il n\u2019aurait jamais imagin\u00e9 me voir remporter la victoire \u00e0 17 ans avec si peu d\u2019exp\u00e9rience en golf.<br>Il a aussi ajout\u00e9 : \u00ab\u202fTu ferais mieux d\u2019appeler l\u2019institut Alphalearning pour les remercier.\u202f\u00bb<\/p>\n\n\n\n<p>Un autre progr\u00e8s r\u00e9alis\u00e9 au golf gr\u00e2ce \u00e0 Alphalearning concerne le match play. Cette ann\u00e9e, j\u2019ai fait partie d\u2019une \u00e9quipe de notre club qui affrontait d\u2019autres clubs en match play. Au total, j\u2019ai jou\u00e9 quatre fois, parfois contre des golfeurs plus exp\u00e9riment\u00e9s ou avec un meilleur handicap. Pourtant, je les ai tous gagn\u00e9s simplement parce que je sais garder mon calme et me d\u00e9tendre. Avant, quand je ratais un trou ou un coup, j\u2019avais 90\u202f% de chances de terminer ma partie sur un mauvais score. D\u00e9sormais, cela n\u2019arrive plus.<\/p>\n\n\n\n<p>Rappelez-vous le championnat du club\u202f: j\u2019ai commenc\u00e9 avec un 7 sur un par 4, donc d\u00e9j\u00e0 3 au-dessus du par sur le premier trou, et j\u2019ai boucl\u00e9 mes 18 trous \u00e0 seulement 2 au-dessus. Cela signifie que sur les 17 derniers trous, j\u2019ai jou\u00e9 un sous le par. Je suis persuad\u00e9 que cela n\u2019aurait jamais \u00e9t\u00e9 possible sans Alphalearning.<\/p>\n\n\n\n<p>Quelques jours avant le match play, j\u2019ai contact\u00e9 Alphalearning pour demander s\u2019il \u00e9tait envisageable d\u2019\u00ab\u202faugmenter\u202f\u00bb les ondes c\u00e9r\u00e9brales de mon adversaire afin qu\u2019il soit moins d\u00e9tendu et que j\u2019aie ainsi plus de facilit\u00e9 \u00e0 le battre. Ils m\u2019ont parl\u00e9 de la \u00ab\u202froue du karma\u202f\u00bb\u202f: ce qu\u2019on fait aux autres finit toujours par se retourner contre soi-m\u00eame.<\/p>\n\n\n\n<p>Par exemple, j\u2019ai r\u00e9cemment jou\u00e9 un grand tournoi aux Pays-Bas, appel\u00e9 Tonandria. J\u2019y ai disput\u00e9 un match play contre un autre joueur, et je sentais qu\u2019il souhaitait que je sorte la balle. Je n\u2019ai rien fait. Au 6\u1d49 trou, nous \u00e9tions \u00e0 \u00e9galit\u00e9. C\u2019est pr\u00e9cis\u00e9ment au moment o\u00f9 il entame son downswing qu\u2019un \u00e9norme tracteur-tondeuse se met en marche sur le trou voisin. D\u00e9rang\u00e9, il rate son coup et perd m\u00eame le trou. Vous penserez peut-\u00eatre \u00e0 une co\u00efncidence, mais je vous assure que si vous faites attention, vous constaterez que ce genre de chose arrive souvent.<\/p>\n\n\n\n<p>J\u2019ai aussi remarqu\u00e9 que je reste maintenant concentr\u00e9 pendant l\u2019int\u00e9gralit\u00e9 des 18 trous. Avant, il m\u2019arrivait souvent de g\u00e2cher quelques trous alors que j\u2019\u00e9tais en dessous de mon handicap. Aujourd\u2019hui, apr\u00e8s avoir d\u00e9couvert tous ces avantages, je suis certain que le syst\u00e8me Alphalearning fonctionne pour le golf. Je sais que personne n\u2019aime attendre au d\u00e9part de chaque trou lors d\u2019une comp\u00e9tition, parce que certains jouent trop lentement. Je n\u2019aime pas \u00e7a non plus, mais d\u00e9sormais je profite de ces moments pour rejouer mentalement les 18 trous \u00e0 toute vitesse. Ainsi, je gagne encore plus en assurance, comme si je venais de parcourir le parcours quelques minutes auparavant, ce qui me d\u00e9tend encore davantage.<\/p>\n\n\n\n<p>Il y a une chose dont il faut se souvenir\u202f: je ne peux pas vous promettre que vous jouerez bien chaque jour. Cela m\u2019arrive aussi de mal jouer, et je pense que cela arrive \u00e0 tout le monde, m\u00eame Faldo ne performe pas parfaitement tous les jours. En revanche, je peux affirmer que si vous comparez votre moyenne de score avant et apr\u00e8s la formation Alphalearning, vous serez impressionn\u00e9.<\/p>\n\n\n\n<p>Jan Verfaellie, Belgique<\/p>\n\n\n\n<p>P.S. D\u00e9sol\u00e9 pour mon anglais un peu bancal, j\u2019ai fait de mon mieux pour le traduire depuis le flamand.<br><\/p>\n<\/div><\/div>\n","protected":false},"excerpt":{"rendered":"<p>T\u00e9moignage de Jan Verfaellie pour Alphalearning \u00c0 Alphalearning Le texte suivant est destin\u00e9 \u00e0 un article dans le magazine Belgian [&hellip;]<\/p>\n","protected":false},"author":2,"featured_media":0,"parent":12995,"menu_order":0,"comment_status":"closed","ping_status":"closed","template":"","meta":{"_uag_custom_page_level_css":"","site-sidebar-layout":"default","site-content-layout":"","ast-site-content-layout":"default","site-content-style":"default","site-sidebar-style":"default","ast-global-header-display":"","ast-banner-title-visibility":"","ast-main-header-display":"","ast-hfb-above-header-display":"","ast-hfb-below-header-display":"","ast-hfb-mobile-header-display":"","site-post-title":"disabled","ast-breadcrumbs-content":"","ast-featured-img":"","footer-sml-layout":"","ast-disable-related-posts":"","theme-transparent-header-meta":"","adv-header-id-meta":"","stick-header-meta":"","header-above-stick-meta":"","header-main-stick-meta":"","header-below-stick-meta":"","astra-migrate-meta-layouts":"default","ast-page-background-enabled":"default","ast-page-background-meta":{"desktop":{"background-color":"var(--ast-global-color-4)","background-image":"","background-repeat":"repeat","background-position":"center center","background-size":"auto","background-attachment":"scroll","background-type":"","background-media":"","overlay-type":"","overlay-color":"","overlay-opacity":"","overlay-gradient":""},"tablet":{"background-color":"","background-image":"","background-repeat":"repeat","background-position":"center center","background-size":"auto","background-attachment":"scroll","background-type":"","background-media":"","overlay-type":"","overlay-color":"","overlay-opacity":"","overlay-gradient":""},"mobile":{"background-color":"","background-image":"","background-repeat":"repeat","background-position":"center center","background-size":"auto","background-attachment":"scroll","background-type":"","background-media":"","overlay-type":"","overlay-color":"","overlay-opacity":"","overlay-gradient":""}},"ast-content-background-meta":{"desktop":{"background-color":"var(--ast-global-color-5)","background-image":"","background-repeat":"repeat","background-position":"center center","background-size":"auto","background-attachment":"scroll","background-type":"","background-media":"","overlay-type":"","overlay-color":"","overlay-opacity":"","overlay-gradient":""},"tablet":{"background-color":"var(--ast-global-color-5)","background-image":"","background-repeat":"repeat","background-position":"center center","background-size":"auto","background-attachment":"scroll","background-type":"","background-media":"","overlay-type":"","overlay-color":"","overlay-opacity":"","overlay-gradient":""},"mobile":{"background-color":"var(--ast-global-color-5)","background-image":"","background-repeat":"repeat","background-position":"center center","background-size":"auto","background-attachment":"scroll","background-type":"","background-media":"","overlay-type":"","overlay-color":"","overlay-opacity":"","overlay-gradient":""}},"footnotes":""},"class_list":["post-13002","page","type-page","status-publish","hentry"],"yoast_head":"<!-- This site is optimized with the Yoast SEO plugin v27.1.1 - https:\/\/yoast.com\/product\/yoast-seo-wordpress\/ -->\n<title>Alphalearning : Jan Verfaellie a r\u00e9duit son handicap au golf<\/title>\n<meta name=\"description\" content=\"D\u00e9couvrez comment Jan Verfaellie est pass\u00e9 d\u2019un handicap de 14,2 \u00e0 7 en seulement trois mois gr\u00e2ce \u00e0 la formation d\u2019Alphalearning International.\" \/>\n<meta name=\"robots\" content=\"index, follow, max-snippet:-1, max-image-preview:large, max-video-preview:-1\" \/>\n<link rel=\"canonical\" href=\"https:\/\/alphalearning.com\/fr\/commentaires-clients-alphalearning\/citations-athletes\/jan-verfaellie\/\" \/>\n<meta property=\"og:locale\" content=\"fr_FR\" \/>\n<meta property=\"og:type\" content=\"article\" \/>\n<meta property=\"og:title\" content=\"Alphalearning : Jan Verfaellie a r\u00e9duit son handicap au golf\" \/>\n<meta property=\"og:description\" content=\"D\u00e9couvrez comment Jan Verfaellie est pass\u00e9 d\u2019un handicap de 14,2 \u00e0 7 en seulement trois mois gr\u00e2ce \u00e0 la formation d\u2019Alphalearning International.\" \/>\n<meta property=\"og:url\" content=\"https:\/\/alphalearning.com\/fr\/commentaires-clients-alphalearning\/citations-athletes\/jan-verfaellie\/\" \/>\n<meta property=\"og:site_name\" content=\"Alphalearning International\" \/>\n<meta property=\"article:modified_time\" content=\"2025-03-02T09:20:01+00:00\" \/>\n<meta property=\"og:image\" content=\"https:\/\/alphalearning.com\/wp-content\/uploads\/2024\/04\/alphalearning-logo_red_1200x675px.png\" \/>\n\t<meta property=\"og:image:width\" content=\"1200\" \/>\n\t<meta property=\"og:image:height\" content=\"675\" \/>\n\t<meta property=\"og:image:type\" content=\"image\/png\" \/>\n<meta name=\"twitter:card\" content=\"summary_large_image\" \/>\n<meta name=\"twitter:label1\" content=\"Est. reading time\" \/>\n\t<meta name=\"twitter:data1\" content=\"6 minutes\" \/>\n<!-- \/ Yoast SEO plugin. -->","yoast_head_json":{"title":"Alphalearning : Jan Verfaellie a r\u00e9duit son handicap au golf","description":"D\u00e9couvrez comment Jan Verfaellie est pass\u00e9 d\u2019un handicap de 14,2 \u00e0 7 en seulement trois mois gr\u00e2ce \u00e0 la formation d\u2019Alphalearning International.","robots":{"index":"index","follow":"follow","max-snippet":"max-snippet:-1","max-image-preview":"max-image-preview:large","max-video-preview":"max-video-preview:-1"},"canonical":"https:\/\/alphalearning.com\/fr\/commentaires-clients-alphalearning\/citations-athletes\/jan-verfaellie\/","og_locale":"fr_FR","og_type":"article","og_title":"Alphalearning : Jan Verfaellie a r\u00e9duit son handicap au golf","og_description":"D\u00e9couvrez comment Jan Verfaellie est pass\u00e9 d\u2019un handicap de 14,2 \u00e0 7 en seulement trois mois gr\u00e2ce \u00e0 la formation d\u2019Alphalearning International.","og_url":"https:\/\/alphalearning.com\/fr\/commentaires-clients-alphalearning\/citations-athletes\/jan-verfaellie\/","og_site_name":"Alphalearning International","article_modified_time":"2025-03-02T09:20:01+00:00","og_image":[{"width":1200,"height":675,"url":"https:\/\/alphalearning.com\/wp-content\/uploads\/2024\/04\/alphalearning-logo_red_1200x675px.png","type":"image\/png"}],"twitter_card":"summary_large_image","twitter_misc":{"Est. reading time":"6 minutes"},"schema":{"@context":"https:\/\/schema.org","@graph":[{"@type":"WebPage","@id":"https:\/\/alphalearning.com\/fr\/commentaires-clients-alphalearning\/citations-athletes\/jan-verfaellie\/","url":"https:\/\/alphalearning.com\/fr\/commentaires-clients-alphalearning\/citations-athletes\/jan-verfaellie\/","name":"Alphalearning : Jan Verfaellie a r\u00e9duit son handicap au golf","isPartOf":{"@id":"https:\/\/alphalearning.com\/fr\/#website"},"datePublished":"2024-03-27T16:25:35+00:00","dateModified":"2025-03-02T09:20:01+00:00","description":"D\u00e9couvrez comment Jan Verfaellie est pass\u00e9 d\u2019un handicap de 14,2 \u00e0 7 en seulement trois mois gr\u00e2ce \u00e0 la formation d\u2019Alphalearning International.","breadcrumb":{"@id":"https:\/\/alphalearning.com\/fr\/commentaires-clients-alphalearning\/citations-athletes\/jan-verfaellie\/#breadcrumb"},"inLanguage":"fr","potentialAction":[{"@type":"ReadAction","target":["https:\/\/alphalearning.com\/fr\/commentaires-clients-alphalearning\/citations-athletes\/jan-verfaellie\/"]}]},{"@type":"BreadcrumbList","@id":"https:\/\/alphalearning.com\/fr\/commentaires-clients-alphalearning\/citations-athletes\/jan-verfaellie\/#breadcrumb","itemListElement":[{"@type":"ListItem","position":1,"name":"Home","item":"https:\/\/alphalearning.com\/fr\/"},{"@type":"ListItem","position":2,"name":"Commentaires de Clients Alphalearning","item":"https:\/\/alphalearning.com\/fr\/commentaires-clients-alphalearning\/"},{"@type":"ListItem","position":3,"name":"Athl\u00e8tes","item":"https:\/\/alphalearning.com\/fr\/commentaires-clients-alphalearning\/citations-athletes\/"},{"@type":"ListItem","position":4,"name":"Jan Verfaellie"}]},{"@type":"WebSite","@id":"https:\/\/alphalearning.com\/fr\/#website","url":"https:\/\/alphalearning.com\/fr\/","name":"Alphalearning International","description":"the brain training institute","publisher":{"@id":"https:\/\/alphalearning.com\/fr\/#organization"},"potentialAction":[{"@type":"SearchAction","target":{"@type":"EntryPoint","urlTemplate":"https:\/\/alphalearning.com\/fr\/?s={search_term_string}"},"query-input":{"@type":"PropertyValueSpecification","valueRequired":true,"valueName":"search_term_string"}}],"inLanguage":"fr"},{"@type":"Organization","@id":"https:\/\/alphalearning.com\/fr\/#organization","name":"Alphalearning International","url":"https:\/\/alphalearning.com\/fr\/","logo":{"@type":"ImageObject","inLanguage":"fr","@id":"https:\/\/alphalearning.com\/fr\/#\/schema\/logo\/image\/","url":"https:\/\/alphalearning.com\/wp-content\/uploads\/2024\/03\/alphalearning_ico2_512px.png","contentUrl":"https:\/\/alphalearning.com\/wp-content\/uploads\/2024\/03\/alphalearning_ico2_512px.png","width":512,"height":512,"caption":"Alphalearning International"},"image":{"@id":"https:\/\/alphalearning.com\/fr\/#\/schema\/logo\/image\/"}}]}},"uagb_featured_image_src":{"full":false,"thumbnail":false,"medium":false,"medium_large":false,"large":false,"1536x1536":false,"2048x2048":false,"gform-image-choice-sm":false,"gform-image-choice-md":false,"gform-image-choice-lg":false},"uagb_author_info":{"display_name":"Julio Machado","author_link":"https:\/\/alphalearning.com\/fr\/author\/julio-machado\/"},"uagb_comment_info":0,"uagb_excerpt":"T\u00e9moignage de Jan Verfaellie pour Alphalearning \u00c0 Alphalearning Le texte suivant est destin\u00e9 \u00e0 un article dans le magazine Belgian [&hellip;]","_links":{"self":[{"href":"https:\/\/alphalearning.com\/fr\/wp-json\/wp\/v2\/pages\/13002","targetHints":{"allow":["GET"]}}],"collection":[{"href":"https:\/\/alphalearning.com\/fr\/wp-json\/wp\/v2\/pages"}],"about":[{"href":"https:\/\/alphalearning.com\/fr\/wp-json\/wp\/v2\/types\/page"}],"author":[{"embeddable":true,"href":"https:\/\/alphalearning.com\/fr\/wp-json\/wp\/v2\/users\/2"}],"replies":[{"embeddable":true,"href":"https:\/\/alphalearning.com\/fr\/wp-json\/wp\/v2\/comments?post=13002"}],"version-history":[{"count":7,"href":"https:\/\/alphalearning.com\/fr\/wp-json\/wp\/v2\/pages\/13002\/revisions"}],"predecessor-version":[{"id":15435,"href":"https:\/\/alphalearning.com\/fr\/wp-json\/wp\/v2\/pages\/13002\/revisions\/15435"}],"up":[{"embeddable":true,"href":"https:\/\/alphalearning.com\/fr\/wp-json\/wp\/v2\/pages\/12995"}],"wp:attachment":[{"href":"https:\/\/alphalearning.com\/fr\/wp-json\/wp\/v2\/media?parent=13002"}],"curies":[{"name":"wp","href":"https:\/\/api.w.org\/{rel}","templated":true}]}}