{"id":12995,"date":"2024-03-27T16:25:19","date_gmt":"2024-03-27T16:25:19","guid":{"rendered":"https:\/\/alphalearning.com\/commentaires-clients-alphalearning\/quotes-from-athletes\/"},"modified":"2025-03-02T09:10:50","modified_gmt":"2025-03-02T09:10:50","slug":"citations-athletes","status":"publish","type":"page","link":"https:\/\/alphalearning.com\/fr\/commentaires-clients-alphalearning\/citations-athletes\/","title":{"rendered":"Athl\u00e8tes"},"content":{"rendered":"\n<div class=\"wp-block-uagb-advanced-heading uagb-block-73e390ad\"><h1 class=\"uagb-heading-text\">T\u00e9moignages d\u2019athl\u00e8tes utilisant le syst\u00e8me Brainwave<\/h1><\/div>\n\n\n\n<div class=\"wp-block-uagb-container uagb-block-ebba9b0a alignfull uagb-is-root-container\"><div class=\"uagb-container-inner-blocks-wrap\">\n<p><em>Londres, le 24\u202foctobre\u202f2000\u202f:<\/em><\/p>\n\n\n\n<p><strong>La premi\u00e8re personne m\u00e9daill\u00e9e d\u2019or olympique \u00e0 admettre avoir utilis\u00e9 les \u00e9quipements d\u2019entra\u00eenement Brainwave de l\u2019Alphalearning Institute.<\/strong><\/p>\n\n\n\n<p><a href=\"https:\/\/fr.wikipedia.org\/wiki\/Richard_Faulds\" target=\"_blank\" rel=\"noreferrer noopener\">Richard Faulds<\/a>&nbsp;d\u00e9clare : \u00ab Alphalearning a contribu\u00e9 \u00e0 faire la diff\u00e9rence essentielle entre la m\u00e9daille d\u2019or et la m\u00e9daille d\u2019argent \u00e0 Sydney. La capacit\u00e9 de se concentrer, de focaliser et de garder son sang-froid sous pression \u2013 cl\u00e9s de la performance. \u00bb Quelques semaines avant Sydney, Richard Faulds a fait entra\u00eener \u00e9lectroniquement son cerveau pour passer instantan\u00e9ment de l\u2019excitation \u00e0 la concentration, puis \u00e0 la relaxation. Cela a-t-il fonctionn\u00e9 ? Il r\u00e9pond : \u00ab La <a href=\"https:\/\/alphalearning.com\/brainwave\/\">technologie Brainwave<\/a> est l\u2019avenir des sports de comp\u00e9tition. \u00bb<\/p>\n\n\n\n<p>D\u2019autres applications se retrouvent en <strong>Formule 1<\/strong> (<a href=\"https:\/\/fr.wikipedia.org\/wiki\/David_Coulthard\">David Coulthard<\/a>), dans les courses en montgolfi\u00e8re (<a href=\"https:\/\/fr.wikipedia.org\/wiki\/Richard_Branson\">Sir Richard Branson<\/a>), ainsi que chez des pilotes de chasse.<\/p>\n\n\n\n<p>Henry Hopking, l\u2019entra\u00eeneur sportif principal d\u2019Alphalearning, a r\u00e9cemment aussi form\u00e9 le tireur de skeet Ben Brunton, qui d\u00e9clare : \u00ab Alphalearning m\u2019a appris \u00e0 me concentrer et \u00e0 garder mon calme sous pression. Sans aucun doute, cela m\u2019a aid\u00e9 \u00e0 devenir le plus jeune champion du monde FITASC de l\u2019histoire. \u00bb<\/p>\n\n\n\n<p><a href=\"https:\/\/alphalearning.com\/comments-from-alphalearning-clients\/quotes-from-athletes\/jan-verfaellie\/\">Jan Verfaellie<\/a><br>Champion junior de golf de Belgique, \u00ab\u202fGr\u00e2ce \u00e0 la formation <a href=\"https:\/\/alphalearning.com\/brainwave\/\">Brainwave I<\/a>, je peux jouer 20\u202fheures de golf en 15\u202fminutes \u2013 dans ma t\u00eate \u2013 parfaitement.\u202f\u00bb<\/p>\n\n\n\n<p><a href=\"https:\/\/alphalearning.com\/comments-from-alphalearning-clients\/quotes-from-athletes\/paul-verfaellie\/\">Paul Verfaellie<\/a><br>\u00ab\u202fAlphalearning am\u00e9liore mon score et, surtout, rend mon golf vraiment \u201cagr\u00e9able\u201d\u202f!\u202f\u00bb<\/p>\n\n\n\n<p><strong>Curt Selestam, Oslo, Norway<\/strong><br>\u00ab\u202fAlpha fonctionne vraiment pour le golf.<br>Quand je suis stress\u00e9, j\u2019ai maintenant la capacit\u00e9 de me calmer et de me d\u00e9tendre.\u202f\u00bb<\/p>\n\n\n\n<p><strong>Bert Talhoo, Utrecht, Holland<\/strong><br>\u00ab\u202fLe swing de golf marche bien, Alpha me procure une conscience d\u00e9tendue \u2013 \u00e7a ne hurle plus autant \u00e0 l\u2019int\u00e9rieur.\u202f\u00bb<\/p>\n\n\n\n<p><strong>Cris van Aeken, London, England<\/strong><br>\u00ab\u202fAvant Alpha, je ne pouvais pas garder mon bras gauche droit sur le backswing. Maintenant je n\u2019arrive plus \u00e0 le plier. Fantastique.\u202f\u00bb<\/p>\n\n\n\n<p><strong>Doug Ewing, Louvain, Belgium<\/strong><br>\u00ab\u202fJ\u2019ai remport\u00e9 le premier prix d\u2019un tournoi de golf, une semaine apr\u00e8s le cours, en utilisant le syst\u00e8me Alpha.<br>\u201cBall in hole\u201d\u202f: \u00e7a marche\u202f! \u00bb<\/p>\n<\/div><\/div>\n","protected":false},"excerpt":{"rendered":"<p>T\u00e9moignages d\u2019athl\u00e8tes utilisant le syst\u00e8me Brainwave Londres, le 24\u202foctobre\u202f2000\u202f: La premi\u00e8re personne m\u00e9daill\u00e9e d\u2019or olympique \u00e0 admettre avoir utilis\u00e9 les [&hellip;]<\/p>\n","protected":false},"author":2,"featured_media":0,"parent":12976,"menu_order":210,"comment_status":"closed","ping_status":"closed","template":"","meta":{"_uag_custom_page_level_css":"","site-sidebar-layout":"default","site-content-layout":"","ast-site-content-layout":"default","site-content-style":"default","site-sidebar-style":"default","ast-global-header-display":"","ast-banner-title-visibility":"","ast-main-header-display":"","ast-hfb-above-header-display":"","ast-hfb-below-header-display":"","ast-hfb-mobile-header-display":"","site-post-title":"disabled","ast-breadcrumbs-content":"","ast-featured-img":"","footer-sml-layout":"","ast-disable-related-posts":"","theme-transparent-header-meta":"","adv-header-id-meta":"","stick-header-meta":"","header-above-stick-meta":"","header-main-stick-meta":"","header-below-stick-meta":"","astra-migrate-meta-layouts":"default","ast-page-background-enabled":"default","ast-page-background-meta":{"desktop":{"background-color":"var(--ast-global-color-4)","background-image":"","background-repeat":"repeat","background-position":"center center","background-size":"auto","background-attachment":"scroll","background-type":"","background-media":"","overlay-type":"","overlay-color":"","overlay-opacity":"","overlay-gradient":""},"tablet":{"background-color":"","background-image":"","background-repeat":"repeat","background-position":"center center","background-size":"auto","background-attachment":"scroll","background-type":"","background-media":"","overlay-type":"","overlay-color":"","overlay-opacity":"","overlay-gradient":""},"mobile":{"background-color":"","background-image":"","background-repeat":"repeat","background-position":"center center","background-size":"auto","background-attachment":"scroll","background-type":"","background-media":"","overlay-type":"","overlay-color":"","overlay-opacity":"","overlay-gradient":""}},"ast-content-background-meta":{"desktop":{"background-color":"var(--ast-global-color-5)","background-image":"","background-repeat":"repeat","background-position":"center center","background-size":"auto","background-attachment":"scroll","background-type":"","background-media":"","overlay-type":"","overlay-color":"","overlay-opacity":"","overlay-gradient":""},"tablet":{"background-color":"var(--ast-global-color-5)","background-image":"","background-repeat":"repeat","background-position":"center center","background-size":"auto","background-attachment":"scroll","background-type":"","background-media":"","overlay-type":"","overlay-color":"","overlay-opacity":"","overlay-gradient":""},"mobile":{"background-color":"var(--ast-global-color-5)","background-image":"","background-repeat":"repeat","background-position":"center center","background-size":"auto","background-attachment":"scroll","background-type":"","background-media":"","overlay-type":"","overlay-color":"","overlay-opacity":"","overlay-gradient":""}},"footnotes":""},"class_list":["post-12995","page","type-page","status-publish","hentry"],"yoast_head":"<!-- This site is optimized with the Yoast SEO plugin v27.1.1 - https:\/\/yoast.com\/product\/yoast-seo-wordpress\/ -->\n<title>Comment le Brainwave System stimule la r\u00e9ussite sportive | Alphalearning<\/title>\n<meta name=\"description\" content=\"Richard Faulds, David Coulthard et d\u2019autres prouvent l\u2019efficacit\u00e9 de la formation Brainwave d\u2019Alphalearning, boostant concentration et performances sportives.\" \/>\n<meta name=\"robots\" content=\"index, follow, max-snippet:-1, max-image-preview:large, max-video-preview:-1\" \/>\n<link rel=\"canonical\" href=\"https:\/\/alphalearning.com\/fr\/commentaires-clients-alphalearning\/citations-athletes\/\" \/>\n<meta property=\"og:locale\" content=\"fr_FR\" \/>\n<meta property=\"og:type\" content=\"article\" \/>\n<meta property=\"og:title\" content=\"Comment le Brainwave System stimule la r\u00e9ussite sportive | Alphalearning\" \/>\n<meta property=\"og:description\" content=\"Richard Faulds, David Coulthard et d\u2019autres prouvent l\u2019efficacit\u00e9 de la formation Brainwave d\u2019Alphalearning, boostant concentration et performances sportives.\" \/>\n<meta property=\"og:url\" content=\"https:\/\/alphalearning.com\/fr\/commentaires-clients-alphalearning\/citations-athletes\/\" \/>\n<meta property=\"og:site_name\" content=\"Alphalearning International\" \/>\n<meta property=\"article:modified_time\" content=\"2025-03-02T09:10:50+00:00\" \/>\n<meta property=\"og:image\" content=\"https:\/\/alphalearning.com\/wp-content\/uploads\/2024\/04\/alphalearning-logo_red_1200x675px.png\" \/>\n\t<meta property=\"og:image:width\" content=\"1200\" \/>\n\t<meta property=\"og:image:height\" content=\"675\" \/>\n\t<meta property=\"og:image:type\" content=\"image\/png\" \/>\n<meta name=\"twitter:card\" content=\"summary_large_image\" \/>\n<meta name=\"twitter:label1\" content=\"Est. reading time\" \/>\n\t<meta name=\"twitter:data1\" content=\"2 minutes\" \/>\n<!-- \/ Yoast SEO plugin. -->","yoast_head_json":{"title":"Comment le Brainwave System stimule la r\u00e9ussite sportive | Alphalearning","description":"Richard Faulds, David Coulthard et d\u2019autres prouvent l\u2019efficacit\u00e9 de la formation Brainwave d\u2019Alphalearning, boostant concentration et performances sportives.","robots":{"index":"index","follow":"follow","max-snippet":"max-snippet:-1","max-image-preview":"max-image-preview:large","max-video-preview":"max-video-preview:-1"},"canonical":"https:\/\/alphalearning.com\/fr\/commentaires-clients-alphalearning\/citations-athletes\/","og_locale":"fr_FR","og_type":"article","og_title":"Comment le Brainwave System stimule la r\u00e9ussite sportive | Alphalearning","og_description":"Richard Faulds, David Coulthard et d\u2019autres prouvent l\u2019efficacit\u00e9 de la formation Brainwave d\u2019Alphalearning, boostant concentration et performances sportives.","og_url":"https:\/\/alphalearning.com\/fr\/commentaires-clients-alphalearning\/citations-athletes\/","og_site_name":"Alphalearning International","article_modified_time":"2025-03-02T09:10:50+00:00","og_image":[{"width":1200,"height":675,"url":"https:\/\/alphalearning.com\/wp-content\/uploads\/2024\/04\/alphalearning-logo_red_1200x675px.png","type":"image\/png"}],"twitter_card":"summary_large_image","twitter_misc":{"Est. reading time":"2 minutes"},"schema":{"@context":"https:\/\/schema.org","@graph":[{"@type":"WebPage","@id":"https:\/\/alphalearning.com\/fr\/commentaires-clients-alphalearning\/citations-athletes\/","url":"https:\/\/alphalearning.com\/fr\/commentaires-clients-alphalearning\/citations-athletes\/","name":"Comment le Brainwave System stimule la r\u00e9ussite sportive | Alphalearning","isPartOf":{"@id":"https:\/\/alphalearning.com\/fr\/#website"},"datePublished":"2024-03-27T16:25:19+00:00","dateModified":"2025-03-02T09:10:50+00:00","description":"Richard Faulds, David Coulthard et d\u2019autres prouvent l\u2019efficacit\u00e9 de la formation Brainwave d\u2019Alphalearning, boostant concentration et performances sportives.","breadcrumb":{"@id":"https:\/\/alphalearning.com\/fr\/commentaires-clients-alphalearning\/citations-athletes\/#breadcrumb"},"inLanguage":"fr","potentialAction":[{"@type":"ReadAction","target":["https:\/\/alphalearning.com\/fr\/commentaires-clients-alphalearning\/citations-athletes\/"]}]},{"@type":"BreadcrumbList","@id":"https:\/\/alphalearning.com\/fr\/commentaires-clients-alphalearning\/citations-athletes\/#breadcrumb","itemListElement":[{"@type":"ListItem","position":1,"name":"Home","item":"https:\/\/alphalearning.com\/fr\/"},{"@type":"ListItem","position":2,"name":"Commentaires de Clients Alphalearning","item":"https:\/\/alphalearning.com\/fr\/commentaires-clients-alphalearning\/"},{"@type":"ListItem","position":3,"name":"Athl\u00e8tes"}]},{"@type":"WebSite","@id":"https:\/\/alphalearning.com\/fr\/#website","url":"https:\/\/alphalearning.com\/fr\/","name":"Alphalearning International","description":"the brain training institute","publisher":{"@id":"https:\/\/alphalearning.com\/fr\/#organization"},"potentialAction":[{"@type":"SearchAction","target":{"@type":"EntryPoint","urlTemplate":"https:\/\/alphalearning.com\/fr\/?s={search_term_string}"},"query-input":{"@type":"PropertyValueSpecification","valueRequired":true,"valueName":"search_term_string"}}],"inLanguage":"fr"},{"@type":"Organization","@id":"https:\/\/alphalearning.com\/fr\/#organization","name":"Alphalearning International","url":"https:\/\/alphalearning.com\/fr\/","logo":{"@type":"ImageObject","inLanguage":"fr","@id":"https:\/\/alphalearning.com\/fr\/#\/schema\/logo\/image\/","url":"https:\/\/alphalearning.com\/wp-content\/uploads\/2024\/03\/alphalearning_ico2_512px.png","contentUrl":"https:\/\/alphalearning.com\/wp-content\/uploads\/2024\/03\/alphalearning_ico2_512px.png","width":512,"height":512,"caption":"Alphalearning International"},"image":{"@id":"https:\/\/alphalearning.com\/fr\/#\/schema\/logo\/image\/"}}]}},"uagb_featured_image_src":{"full":false,"thumbnail":false,"medium":false,"medium_large":false,"large":false,"1536x1536":false,"2048x2048":false,"gform-image-choice-sm":false,"gform-image-choice-md":false,"gform-image-choice-lg":false},"uagb_author_info":{"display_name":"Julio Machado","author_link":"https:\/\/alphalearning.com\/fr\/author\/julio-machado\/"},"uagb_comment_info":0,"uagb_excerpt":"T\u00e9moignages d\u2019athl\u00e8tes utilisant le syst\u00e8me Brainwave Londres, le 24\u202foctobre\u202f2000\u202f: La premi\u00e8re personne m\u00e9daill\u00e9e d\u2019or olympique \u00e0 admettre avoir utilis\u00e9 les [&hellip;]","_links":{"self":[{"href":"https:\/\/alphalearning.com\/fr\/wp-json\/wp\/v2\/pages\/12995","targetHints":{"allow":["GET"]}}],"collection":[{"href":"https:\/\/alphalearning.com\/fr\/wp-json\/wp\/v2\/pages"}],"about":[{"href":"https:\/\/alphalearning.com\/fr\/wp-json\/wp\/v2\/types\/page"}],"author":[{"embeddable":true,"href":"https:\/\/alphalearning.com\/fr\/wp-json\/wp\/v2\/users\/2"}],"replies":[{"embeddable":true,"href":"https:\/\/alphalearning.com\/fr\/wp-json\/wp\/v2\/comments?post=12995"}],"version-history":[{"count":4,"href":"https:\/\/alphalearning.com\/fr\/wp-json\/wp\/v2\/pages\/12995\/revisions"}],"predecessor-version":[{"id":15430,"href":"https:\/\/alphalearning.com\/fr\/wp-json\/wp\/v2\/pages\/12995\/revisions\/15430"}],"up":[{"embeddable":true,"href":"https:\/\/alphalearning.com\/fr\/wp-json\/wp\/v2\/pages\/12976"}],"wp:attachment":[{"href":"https:\/\/alphalearning.com\/fr\/wp-json\/wp\/v2\/media?parent=12995"}],"curies":[{"name":"wp","href":"https:\/\/api.w.org\/{rel}","templated":true}]}}