{"id":12953,"date":"2024-03-27T16:50:16","date_gmt":"2024-03-27T16:50:16","guid":{"rendered":"https:\/\/alphalearning.com\/presse-internationale\/sunday-morning-post\/"},"modified":"2025-01-25T07:22:51","modified_gmt":"2025-01-25T07:22:51","slug":"sunday-morning-post","status":"publish","type":"page","link":"https:\/\/alphalearning.com\/fr\/presse-internationale\/sunday-morning-post\/","title":{"rendered":"Sunday Morning Post"},"content":{"rendered":"\n<div class=\"wp-block-uagb-advanced-heading uagb-block-ed1c614b\"><h1 class=\"uagb-heading-text\">Alphalearning dans le Sunday Morning Post Magazine<\/h1><\/div>\n\n\n\n<div class=\"wp-block-uagb-advanced-heading uagb-block-5fd4cf22\"><h3 class=\"uagb-heading-text\">\u00ab\u202fCe \u00e0 quoi nous venons d\u2019assister ressemblait \u00e0 une op\u00e9ration du cerveau \u00e0 l\u2019aide de la lumi\u00e8re et du son.<br>Et ce n\u2019est qu\u2019une des choses qu\u2019il fait.\u202f\u00bb<\/h3><\/div>\n\n\n\n<div style=\"height:25px\" aria-hidden=\"true\" class=\"wp-block-spacer\"><\/div>\n\n\n\n<p>\u00ab\u202fUne machine peut-elle vraiment vous rendre plus intelligent\u202f? Alphalearning aurait peut-\u00eatre trouv\u00e9 la r\u00e9ponse gr\u00e2ce \u00e0 une machine capable de tout soigner, des l\u00e9sions c\u00e9r\u00e9brales \u00e0 la dyslexie en passant par un mauvais handicap au golf.\u202f\u00bb<\/p>\n\n\n\n<div style=\"height:25px\" aria-hidden=\"true\" class=\"wp-block-spacer\"><\/div>\n\n\n\n<div class=\"wp-block-file\">\n    <object class=\"wp-block-file__embed\" \n            data=\"https:\/\/alphalearning.com\/servepdf.php?year=2024&#038;month=04&#038;file=alphalearning-hongkong-post.pdf\" \n            type=\"application\/pdf\" \n            style=\"width:100%;height:600px\" \n            aria-label=\"Hongkong Post - Alphalearning\">\n    <\/object>\n    <a id=\"wp-block-file--media-e094d7a3-1969-488f-b2d7-356f9f8e4c50\" href=\"https:\/\/alphalearning.com\/servepdf.php?year=2024&#038;month=04&#038;file=alphalearning-hongkong-post.pdf\" target=\"_blank\" rel=\"noopener\">\n        Hongkong Post &#8211; Alphalearning\n    <\/a>\n<\/div>\n","protected":false},"excerpt":{"rendered":"<p>Alphalearning dans le Sunday Morning Post Magazine \u00ab\u202fCe \u00e0 quoi nous venons d\u2019assister ressemblait \u00e0 une op\u00e9ration du cerveau \u00e0 [&hellip;]<\/p>\n","protected":false},"author":2,"featured_media":0,"parent":12854,"menu_order":140,"comment_status":"closed","ping_status":"closed","template":"","meta":{"_uag_custom_page_level_css":"","site-sidebar-layout":"default","site-content-layout":"","ast-site-content-layout":"default","site-content-style":"default","site-sidebar-style":"default","ast-global-header-display":"","ast-banner-title-visibility":"","ast-main-header-display":"","ast-hfb-above-header-display":"","ast-hfb-below-header-display":"","ast-hfb-mobile-header-display":"","site-post-title":"disabled","ast-breadcrumbs-content":"","ast-featured-img":"","footer-sml-layout":"","ast-disable-related-posts":"","theme-transparent-header-meta":"","adv-header-id-meta":"","stick-header-meta":"","header-above-stick-meta":"","header-main-stick-meta":"","header-below-stick-meta":"","astra-migrate-meta-layouts":"default","ast-page-background-enabled":"default","ast-page-background-meta":{"desktop":{"background-color":"var(--ast-global-color-4)","background-image":"","background-repeat":"repeat","background-position":"center center","background-size":"auto","background-attachment":"scroll","background-type":"","background-media":"","overlay-type":"","overlay-color":"","overlay-opacity":"","overlay-gradient":""},"tablet":{"background-color":"","background-image":"","background-repeat":"repeat","background-position":"center center","background-size":"auto","background-attachment":"scroll","background-type":"","background-media":"","overlay-type":"","overlay-color":"","overlay-opacity":"","overlay-gradient":""},"mobile":{"background-color":"","background-image":"","background-repeat":"repeat","background-position":"center center","background-size":"auto","background-attachment":"scroll","background-type":"","background-media":"","overlay-type":"","overlay-color":"","overlay-opacity":"","overlay-gradient":""}},"ast-content-background-meta":{"desktop":{"background-color":"var(--ast-global-color-5)","background-image":"","background-repeat":"repeat","background-position":"center center","background-size":"auto","background-attachment":"scroll","background-type":"","background-media":"","overlay-type":"","overlay-color":"","overlay-opacity":"","overlay-gradient":""},"tablet":{"background-color":"var(--ast-global-color-5)","background-image":"","background-repeat":"repeat","background-position":"center center","background-size":"auto","background-attachment":"scroll","background-type":"","background-media":"","overlay-type":"","overlay-color":"","overlay-opacity":"","overlay-gradient":""},"mobile":{"background-color":"var(--ast-global-color-5)","background-image":"","background-repeat":"repeat","background-position":"center center","background-size":"auto","background-attachment":"scroll","background-type":"","background-media":"","overlay-type":"","overlay-color":"","overlay-opacity":"","overlay-gradient":""}},"footnotes":""},"class_list":["post-12953","page","type-page","status-publish","hentry"],"yoast_head":"<!-- This site is optimized with the Yoast SEO plugin v27.1.1 - https:\/\/yoast.com\/product\/yoast-seo-wordpress\/ -->\n<title>Ondes c\u00e9r\u00e9brales\u202f: Alphalearning dans le Sunday Morning Post<\/title>\n<meta name=\"description\" content=\"D\u00e9couvrez comment la technologie lumi\u00e8re et son d\u2019Alphalearning, pr\u00e9sent\u00e9e dans le Sunday Morning Post Magazine, ouvre perspectives en cognition et performance.\" \/>\n<meta name=\"robots\" content=\"index, follow, max-snippet:-1, max-image-preview:large, max-video-preview:-1\" \/>\n<link rel=\"canonical\" href=\"https:\/\/alphalearning.com\/fr\/presse-internationale\/sunday-morning-post\/\" \/>\n<meta property=\"og:locale\" content=\"fr_FR\" \/>\n<meta property=\"og:type\" content=\"article\" \/>\n<meta property=\"og:title\" content=\"Ondes c\u00e9r\u00e9brales\u202f: Alphalearning dans le Sunday Morning Post\" \/>\n<meta property=\"og:description\" content=\"D\u00e9couvrez comment la technologie lumi\u00e8re et son d\u2019Alphalearning, pr\u00e9sent\u00e9e dans le Sunday Morning Post Magazine, ouvre perspectives en cognition et performance.\" \/>\n<meta property=\"og:url\" content=\"https:\/\/alphalearning.com\/fr\/presse-internationale\/sunday-morning-post\/\" \/>\n<meta property=\"og:site_name\" content=\"Alphalearning International\" \/>\n<meta property=\"article:modified_time\" content=\"2025-01-25T07:22:51+00:00\" \/>\n<meta property=\"og:image\" content=\"https:\/\/alphalearning.com\/wp-content\/uploads\/2024\/04\/alphalearning-logo_red_1200x675px.png\" \/>\n\t<meta property=\"og:image:width\" content=\"1200\" \/>\n\t<meta property=\"og:image:height\" content=\"675\" \/>\n\t<meta property=\"og:image:type\" content=\"image\/png\" \/>\n<meta name=\"twitter:card\" content=\"summary_large_image\" \/>\n<meta name=\"twitter:label1\" content=\"Est. reading time\" \/>\n\t<meta name=\"twitter:data1\" content=\"1 minute\" \/>\n<!-- \/ Yoast SEO plugin. -->","yoast_head_json":{"title":"Ondes c\u00e9r\u00e9brales\u202f: Alphalearning dans le Sunday Morning Post","description":"D\u00e9couvrez comment la technologie lumi\u00e8re et son d\u2019Alphalearning, pr\u00e9sent\u00e9e dans le Sunday Morning Post Magazine, ouvre perspectives en cognition et performance.","robots":{"index":"index","follow":"follow","max-snippet":"max-snippet:-1","max-image-preview":"max-image-preview:large","max-video-preview":"max-video-preview:-1"},"canonical":"https:\/\/alphalearning.com\/fr\/presse-internationale\/sunday-morning-post\/","og_locale":"fr_FR","og_type":"article","og_title":"Ondes c\u00e9r\u00e9brales\u202f: Alphalearning dans le Sunday Morning Post","og_description":"D\u00e9couvrez comment la technologie lumi\u00e8re et son d\u2019Alphalearning, pr\u00e9sent\u00e9e dans le Sunday Morning Post Magazine, ouvre perspectives en cognition et performance.","og_url":"https:\/\/alphalearning.com\/fr\/presse-internationale\/sunday-morning-post\/","og_site_name":"Alphalearning International","article_modified_time":"2025-01-25T07:22:51+00:00","og_image":[{"width":1200,"height":675,"url":"https:\/\/alphalearning.com\/wp-content\/uploads\/2024\/04\/alphalearning-logo_red_1200x675px.png","type":"image\/png"}],"twitter_card":"summary_large_image","twitter_misc":{"Est. reading time":"1 minute"},"schema":{"@context":"https:\/\/schema.org","@graph":[{"@type":"WebPage","@id":"https:\/\/alphalearning.com\/fr\/presse-internationale\/sunday-morning-post\/","url":"https:\/\/alphalearning.com\/fr\/presse-internationale\/sunday-morning-post\/","name":"Ondes c\u00e9r\u00e9brales\u202f: Alphalearning dans le Sunday Morning Post","isPartOf":{"@id":"https:\/\/alphalearning.com\/fr\/#website"},"datePublished":"2024-03-27T16:50:16+00:00","dateModified":"2025-01-25T07:22:51+00:00","description":"D\u00e9couvrez comment la technologie lumi\u00e8re et son d\u2019Alphalearning, pr\u00e9sent\u00e9e dans le Sunday Morning Post Magazine, ouvre perspectives en cognition et performance.","breadcrumb":{"@id":"https:\/\/alphalearning.com\/fr\/presse-internationale\/sunday-morning-post\/#breadcrumb"},"inLanguage":"fr","potentialAction":[{"@type":"ReadAction","target":["https:\/\/alphalearning.com\/fr\/presse-internationale\/sunday-morning-post\/"]}]},{"@type":"BreadcrumbList","@id":"https:\/\/alphalearning.com\/fr\/presse-internationale\/sunday-morning-post\/#breadcrumb","itemListElement":[{"@type":"ListItem","position":1,"name":"Home","item":"https:\/\/alphalearning.com\/fr\/"},{"@type":"ListItem","position":2,"name":"Presse Internationale","item":"https:\/\/alphalearning.com\/fr\/presse-internationale\/"},{"@type":"ListItem","position":3,"name":"Sunday Morning Post"}]},{"@type":"WebSite","@id":"https:\/\/alphalearning.com\/fr\/#website","url":"https:\/\/alphalearning.com\/fr\/","name":"Alphalearning International","description":"the brain training institute","publisher":{"@id":"https:\/\/alphalearning.com\/fr\/#organization"},"potentialAction":[{"@type":"SearchAction","target":{"@type":"EntryPoint","urlTemplate":"https:\/\/alphalearning.com\/fr\/?s={search_term_string}"},"query-input":{"@type":"PropertyValueSpecification","valueRequired":true,"valueName":"search_term_string"}}],"inLanguage":"fr"},{"@type":"Organization","@id":"https:\/\/alphalearning.com\/fr\/#organization","name":"Alphalearning International","url":"https:\/\/alphalearning.com\/fr\/","logo":{"@type":"ImageObject","inLanguage":"fr","@id":"https:\/\/alphalearning.com\/fr\/#\/schema\/logo\/image\/","url":"https:\/\/alphalearning.com\/wp-content\/uploads\/2024\/03\/alphalearning_ico2_512px.png","contentUrl":"https:\/\/alphalearning.com\/wp-content\/uploads\/2024\/03\/alphalearning_ico2_512px.png","width":512,"height":512,"caption":"Alphalearning International"},"image":{"@id":"https:\/\/alphalearning.com\/fr\/#\/schema\/logo\/image\/"}}]}},"uagb_featured_image_src":{"full":false,"thumbnail":false,"medium":false,"medium_large":false,"large":false,"1536x1536":false,"2048x2048":false,"gform-image-choice-sm":false,"gform-image-choice-md":false,"gform-image-choice-lg":false},"uagb_author_info":{"display_name":"Julio Machado","author_link":"https:\/\/alphalearning.com\/fr\/author\/julio-machado\/"},"uagb_comment_info":0,"uagb_excerpt":"Alphalearning dans le Sunday Morning Post Magazine \u00ab\u202fCe \u00e0 quoi nous venons d\u2019assister ressemblait \u00e0 une op\u00e9ration du cerveau \u00e0 [&hellip;]","_links":{"self":[{"href":"https:\/\/alphalearning.com\/fr\/wp-json\/wp\/v2\/pages\/12953","targetHints":{"allow":["GET"]}}],"collection":[{"href":"https:\/\/alphalearning.com\/fr\/wp-json\/wp\/v2\/pages"}],"about":[{"href":"https:\/\/alphalearning.com\/fr\/wp-json\/wp\/v2\/types\/page"}],"author":[{"embeddable":true,"href":"https:\/\/alphalearning.com\/fr\/wp-json\/wp\/v2\/users\/2"}],"replies":[{"embeddable":true,"href":"https:\/\/alphalearning.com\/fr\/wp-json\/wp\/v2\/comments?post=12953"}],"version-history":[{"count":2,"href":"https:\/\/alphalearning.com\/fr\/wp-json\/wp\/v2\/pages\/12953\/revisions"}],"predecessor-version":[{"id":14216,"href":"https:\/\/alphalearning.com\/fr\/wp-json\/wp\/v2\/pages\/12953\/revisions\/14216"}],"up":[{"embeddable":true,"href":"https:\/\/alphalearning.com\/fr\/wp-json\/wp\/v2\/pages\/12854"}],"wp:attachment":[{"href":"https:\/\/alphalearning.com\/fr\/wp-json\/wp\/v2\/media?parent=12953"}],"curies":[{"name":"wp","href":"https:\/\/api.w.org\/{rel}","templated":true}]}}