{"id":12918,"date":"2024-03-27T16:48:58","date_gmt":"2024-03-27T16:48:58","guid":{"rendered":"https:\/\/alphalearning.com\/presse-internationale\/ego-2000\/"},"modified":"2025-03-02T11:56:25","modified_gmt":"2025-03-02T11:56:25","slug":"ego-2000","status":"publish","type":"page","link":"https:\/\/alphalearning.com\/fr\/presse-internationale\/ego-2000\/","title":{"rendered":"EGO 2000"},"content":{"rendered":"\n<div class=\"wp-block-uagb-advanced-heading uagb-block-d17a94a3\"><h1 class=\"uagb-heading-text\">Alphalearning dans EGO 2000<\/h1><\/div>\n\n\n\n<div class=\"wp-block-uagb-container uagb-block-fde1c1e7 alignfull uagb-is-root-container\"><div class=\"uagb-container-inner-blocks-wrap\">\n<p class=\"has-text-align-center\"><strong>EGO 2000<\/strong><\/p>\n\n\n\n<p class=\"has-text-align-center\"><strong>(Le principal magazine n\u00e9erlandais d\u00e9di\u00e9 au cerveau)<\/strong><\/p>\n\n\n\n<p class=\"has-text-align-center\"><strong>Des performances de pointe gr\u00e2ce aux ondes c\u00e9r\u00e9brales alpha<\/strong><\/p>\n\n\n\n<p class=\"has-text-align-center\"><strong>Am\u00e9lioration de la concentration et de la m\u00e9moire gr\u00e2ce \u00e0 l\u2019utilisation d\u2019une machine c\u00e9r\u00e9brale<\/strong><\/p>\n\n\n\n<p>En combinant une machine c\u00e9r\u00e9brale et du biofeedback, on obtient des r\u00e9sultats surprenants. Le Brainwave I est un dispositif qui fonctionne en conjonction avec un PC. Il a \u00e9t\u00e9 d\u00e9velopp\u00e9 par l\u2019institut Alphalearning, qui poss\u00e8de un centre de recherche en Suisse. L\u2019Institut organise des cours et fournit \u00e9galement l\u2019\u00e9quipement aux entreprises et aux \u00e9coles. Les r\u00e9sultats de cette technologie incluent un niveau de concentration plus \u00e9lev\u00e9, un QI am\u00e9lior\u00e9 et de meilleures performances sportives. L\u2019Institut affirme m\u00eame qu\u2019il est possible de restaurer des l\u00e9sions c\u00e9r\u00e9brales.<\/p>\n\n\n\n<div class=\"wp-block-uagb-advanced-heading uagb-block-0c5594a1\"><h2 class=\"uagb-heading-text\">Cours Apprendre \u00e0 Apprendre<\/h2><\/div>\n\n\n\n<p>La devise de l\u2019institut Alphalearning est \u00ab\u202fCours Apprendre \u00e0 Apprendre\u202f\u00bb, une activit\u00e9 qu\u2019il consid\u00e8re comme largement sous-estim\u00e9e dans notre soci\u00e9t\u00e9. \u00ab\u202fDans les \u00e9coles et les universit\u00e9s, nous accumulons d\u2019innombrables informations, mais personne ne nous enseigne vraiment la meilleure m\u00e9thode pour apprendre, encore moins comment d\u00e9velopper nos \u201ccomp\u00e9tences mentales\u201d.\u202f\u00bb<\/p>\n\n\n\n<p>Les personnes qui participent aux s\u00e9minaires de l\u2019institut Alphalearning n\u2019am\u00e9liorent pas seulement leur m\u00e9moire et leur capacit\u00e9 de concentration \u2013 en moyenne, leur vitesse de lecture augmente de 300\u202f% \u2013 elles d\u00e9veloppent \u00e9galement une plus grande flexibilit\u00e9 mentale. Ainsi, le cours Apprendre \u00e0 Apprendre ne s\u2019adresse pas uniquement aux \u00e9tudiants\u202f: la plupart des participants viennent du monde de l\u2019entreprise. Pour de nombreuses grandes soci\u00e9t\u00e9s, il est extr\u00eamement pr\u00e9cieux de voir leurs d\u00e9cideurs accro\u00eetre leurs performances.<\/p>\n\n\n\n<p>La lecture rapide, tout en m\u00e9morisant le contenu, est consid\u00e9r\u00e9e comme un avantage dans de nombreux domaines professionnels. De plus, le participant moyen \u00e0 ce cours constate une hausse de son QI variant de 10 \u00e0 30\u202f%, et le stress mental s\u2019en trouve \u00e9galement r\u00e9duit.<\/p>\n\n\n\n<div class=\"wp-block-uagb-advanced-heading uagb-block-f84d29f2\"><h2 class=\"uagb-heading-text\">M\u00e9ditation<\/h2><\/div>\n\n\n\n<p>Un dispositif remarquable, ce Brainwave I. C\u2019est la combinaison qui fait toute la diff\u00e9rence\u202f: d\u2019abord, on mesure les ondes c\u00e9r\u00e9brales \u00e0 l\u2019aide d\u2019un \u00e9lectroenc\u00e9phalographe, puis on stimule le cerveau avec le Brainwave I. C\u2019est une approche plus pr\u00e9cise que celle des machines c\u00e9r\u00e9brales conventionnelles actuellement sur le march\u00e9, qui se contentent d\u2019utiliser un programme standard.<\/p>\n\n\n\n<p>Des r\u00e9sultats spectaculaires ont d\u00e9j\u00e0 \u00e9t\u00e9 obtenus gr\u00e2ce \u00e0 l\u2019utilisation de machines c\u00e9r\u00e9brales et\/ou de bio-feedback (par exemple pour traiter l\u2019alcoolisme, am\u00e9liorer la m\u00e9moire ou soulager la douleur), et gr\u00e2ce pr\u00e9cis\u00e9ment \u00e0 cette combinaison de machine c\u00e9r\u00e9brale et de bio-feedback, le Brainwave I semble acc\u00e9l\u00e9rer le processus de contr\u00f4le du cerveau et l\u2019harmonisation des deux h\u00e9misph\u00e8res.<\/p>\n\n\n\n<p>Au c\u0153ur de nombreuses m\u00e9thodes d\u2019am\u00e9lioration personnelle, de m\u00e9ditation et de relaxation contr\u00f4l\u00e9e se trouve l\u2019\u00e9tat Alpha. Ceux qui utilisent la technologie c\u00e9r\u00e9brale connaissent bien ce concept\u202f: il d\u00e9signe l\u2019\u00e9tat mental dans lequel le corps est d\u00e9tendu alors que l\u2019esprit demeure \u00e9veill\u00e9. Lorsque les ondes c\u00e9r\u00e9brales d\u2019une personne dans cet \u00e9tat m\u00e9ditatif mais mentalement concentr\u00e9 sont mesur\u00e9es, l\u2019\u00e9cran affiche les ondes c\u00e9r\u00e9brales Alpha, relativement lentes.<\/p>\n\n\n\n<div class=\"wp-block-uagb-advanced-heading uagb-block-c4f69fe1\"><h2 class=\"uagb-heading-text\">Alpha<\/h2><\/div>\n\n\n\n<p>Cet \u00e9tat Alpha est depuis longtemps associ\u00e9 \u00e0 une meilleure concentration, \u00e0 des capacit\u00e9s d\u2019apprentissage accrues et \u00e0 une plus grande r\u00e9sistance au stress. Au cours des ann\u00e9es 60 et 70 \u2013 l\u2019\u00e2ge d\u2019or de la recherche sur les ondes c\u00e9r\u00e9brales \u2013, on a d\u00e9couvert les avantages li\u00e9s au fait de produire r\u00e9guli\u00e8rement des ondes Alpha. Il est plus facile de se d\u00e9barrasser de mauvaises habitudes et d\u2019en acqu\u00e9rir de nouvelles lorsque l\u2019on se trouve en \u00e9tat Alpha plut\u00f4t qu\u2019en situation normale.<\/p>\n\n\n\n<p>En outre, le cerveau r\u00e9cup\u00e8re plus rapidement de la fatigue et des dommages caus\u00e9s par le stress mental, ou par l\u2019usage d\u2019alcool ou de drogues. Cela contribue \u00e9galement \u00e0 accro\u00eetre la r\u00e9sistance et l\u2019ing\u00e9niosit\u00e9. Les personnes qui m\u00e9ditent r\u00e9guli\u00e8rement parviennent assez facilement \u00e0 produire elles-m\u00eames ces ondes Alpha. Cela a men\u00e9 \u00e0 la conclusion que les b\u00e9n\u00e9fices de la m\u00e9ditation \u00e9taient \u00e9troitement li\u00e9s \u00e0 l\u2019\u00e9tat Alpha.<\/p>\n\n\n\n<div class=\"wp-block-uagb-advanced-heading uagb-block-626ef020\"><h2 class=\"uagb-heading-text\">Synchronisation<\/h2><\/div>\n\n\n\n<p>Outre l\u2019\u00e9tat Alpha, la synchronisation du cerveau joue un r\u00f4le cl\u00e9. L\u2019activit\u00e9 dans l\u2019h\u00e9misph\u00e8re gauche et dans l\u2019h\u00e9misph\u00e8re droit est rarement \u00e9quivalente. Cela indique en g\u00e9n\u00e9ral que les deux composantes centrales du cerveau \u2013 l\u2019une abritant le centre du langage et de la logique, l\u2019autre celui de l\u2019intuition et des \u00e9motions \u2013 ne sont pas correctement interconnect\u00e9es. Lorsque les deux moiti\u00e9s du cerveau sont harmonis\u00e9es gr\u00e2ce au bon type de stimulation, on observe une synchronisation accrue\u202f: les ondes c\u00e9r\u00e9brales dans les deux moiti\u00e9s se mettent alors \u00e0 correspondre. Le cerveau fonctionne ainsi comme un tout, et non plus comme deux entit\u00e9s distinctes. Il s\u2019agit d\u2019une situation id\u00e9ale qui conduit \u00e0 des performances de pointe, y compris dans le domaine sportif.<\/p>\n\n\n\n<p>En plus des h\u00e9misph\u00e8res gauche et droit, on peut \u00e9galement distinguer les parties ant\u00e9rieure et post\u00e9rieure du cerveau. La partie arri\u00e8re contr\u00f4le la perception visuelle (reconnaissance des formes, dimensions et mouvements), tandis que la partie avant g\u00e8re les autres sens (sons, go\u00fbt, etc.). Ces deux sections peuvent elles aussi se trouver \u00ab\u202fd\u00e9synchronis\u00e9es\u202f\u00bb, ce qui peut engendrer des perturbations de l\u2019\u00e9quilibre et de la coordination motrice\u202f; on ne peut alors corriger ce ph\u00e9nom\u00e8ne qu\u2019en recourant au type ad\u00e9quat de stimulation \u00e9lectronique optique et acoustique.<\/p>\n\n\n\n<div class=\"wp-block-uagb-advanced-heading uagb-block-10bb9224\"><h2 class=\"uagb-heading-text\">Gu\u00e9rison miraculeuse<\/h2><\/div>\n\n\n\n<p>Outre la \u00ab\u202fmusculation mentale\u202f\u00bb destin\u00e9e aux managers, le syst\u00e8me Brainwave est de plus en plus utilis\u00e9 dans les h\u00f4pitaux pour le traitement des l\u00e9sions c\u00e9r\u00e9brales. Dans une certaine mesure, presque tout le monde souffre de l\u00e9sions c\u00e9r\u00e9brales, qu\u2019elles soient dues \u00e0 un manque d\u2019oxyg\u00e8ne ou \u00e0 un choc \u00e0 la t\u00eate. Cela peut avoir, surtout \u00e0 un jeune \u00e2ge, de graves cons\u00e9quences sur l\u2019apprentissage, la lecture ou l\u2019\u00e9quilibre du corps. Avec la stimulation ad\u00e9quate \u2013 possible uniquement apr\u00e8s un examen approfondi du scanner c\u00e9r\u00e9bral de la personne \u2013 il est envisageable de soigner ces troubles, parfois d\u00e8s la premi\u00e8re s\u00e9ance.<\/p>\n\n\n\n<p>Les r\u00e9cits de ceux qui ont particip\u00e9 \u00e0 ces sessions de formation pourraient ais\u00e9ment \u00eatre confondus avec ceux d\u00e9crivant l\u2019une des gu\u00e9risons miraculeuses de Jomanda.<\/p>\n\n\n\n<p>Il y a toutefois une diff\u00e9rence\u202f: la m\u00e9thode d\u2019Alphalearning n\u2019a rien \u00e0 voir avec un miracle, elle repose sur des bases scientifiques solides.<\/p>\n\n\n\n<p>L\u2019institut Alphalearning qualifie cette m\u00e9thode de nouvelle forme de neurochirurgie. Dans les situations o\u00f9 m\u00e9dicaments ou interventions chirurgicales \u00e9taient auparavant les seules solutions, on peut d\u00e9sormais recourir au Brainwave I. C\u2019est une option plus propre et probablement plus saine, en outre.<\/p>\n\n\n\n<p>L\u2019avenir dans ce domaine s\u2019annonce tr\u00e8s prometteur. Des id\u00e9es sur la combinaison du biofeedback et des machines c\u00e9r\u00e9brales circulent depuis un certain temps, mais c\u2019est gr\u00e2ce aux activit\u00e9s de l\u2019institut Alphalearning qu\u2019elles trouvent aujourd\u2019hui une v\u00e9ritable confirmation.<\/p>\n\n\n\n<p>Il est r\u00e9confortant de constater que ce n\u2019est pas simplement l\u2019appareil \u00e9lectronique en lui-m\u00eame, mais bien la fa\u00e7on dont il est mis en \u0153uvre par un personnel comp\u00e9tent, qui fait la diff\u00e9rence. Apr\u00e8s tout, la stimulation fournie par la machine c\u00e9r\u00e9brale est soigneusement ajust\u00e9e en fonction de l\u2019activit\u00e9 c\u00e9r\u00e9brale de la personne. La machine c\u00e9r\u00e9brale n\u2019est, en d\u00e9finitive, que le v\u00e9hicule dirig\u00e9 par ceux qui la pilotent.<\/p>\n<\/div><\/div>\n\n\n\n<p><\/p>\n","protected":false},"excerpt":{"rendered":"<p>Alphalearning dans EGO 2000 EGO 2000 (Le principal magazine n\u00e9erlandais d\u00e9di\u00e9 au cerveau) Des performances de pointe gr\u00e2ce aux ondes [&hellip;]<\/p>\n","protected":false},"author":2,"featured_media":0,"parent":12854,"menu_order":115,"comment_status":"closed","ping_status":"closed","template":"","meta":{"_uag_custom_page_level_css":"","site-sidebar-layout":"default","site-content-layout":"","ast-site-content-layout":"default","site-content-style":"default","site-sidebar-style":"default","ast-global-header-display":"","ast-banner-title-visibility":"","ast-main-header-display":"","ast-hfb-above-header-display":"","ast-hfb-below-header-display":"","ast-hfb-mobile-header-display":"","site-post-title":"disabled","ast-breadcrumbs-content":"","ast-featured-img":"","footer-sml-layout":"","ast-disable-related-posts":"","theme-transparent-header-meta":"","adv-header-id-meta":"","stick-header-meta":"","header-above-stick-meta":"","header-main-stick-meta":"","header-below-stick-meta":"","astra-migrate-meta-layouts":"default","ast-page-background-enabled":"default","ast-page-background-meta":{"desktop":{"background-color":"var(--ast-global-color-4)","background-image":"","background-repeat":"repeat","background-position":"center center","background-size":"auto","background-attachment":"scroll","background-type":"","background-media":"","overlay-type":"","overlay-color":"","overlay-opacity":"","overlay-gradient":""},"tablet":{"background-color":"","background-image":"","background-repeat":"repeat","background-position":"center center","background-size":"auto","background-attachment":"scroll","background-type":"","background-media":"","overlay-type":"","overlay-color":"","overlay-opacity":"","overlay-gradient":""},"mobile":{"background-color":"","background-image":"","background-repeat":"repeat","background-position":"center center","background-size":"auto","background-attachment":"scroll","background-type":"","background-media":"","overlay-type":"","overlay-color":"","overlay-opacity":"","overlay-gradient":""}},"ast-content-background-meta":{"desktop":{"background-color":"var(--ast-global-color-5)","background-image":"","background-repeat":"repeat","background-position":"center center","background-size":"auto","background-attachment":"scroll","background-type":"","background-media":"","overlay-type":"","overlay-color":"","overlay-opacity":"","overlay-gradient":""},"tablet":{"background-color":"var(--ast-global-color-5)","background-image":"","background-repeat":"repeat","background-position":"center center","background-size":"auto","background-attachment":"scroll","background-type":"","background-media":"","overlay-type":"","overlay-color":"","overlay-opacity":"","overlay-gradient":""},"mobile":{"background-color":"var(--ast-global-color-5)","background-image":"","background-repeat":"repeat","background-position":"center center","background-size":"auto","background-attachment":"scroll","background-type":"","background-media":"","overlay-type":"","overlay-color":"","overlay-opacity":"","overlay-gradient":""}},"footnotes":""},"class_list":["post-12918","page","type-page","status-publish","hentry"],"yoast_head":"<!-- This site is optimized with the Yoast SEO plugin v27.1.1 - https:\/\/yoast.com\/product\/yoast-seo-wordpress\/ -->\n<title>Alphalearning EGO 2000: ondes alpha, performances de pointe<\/title>\n<meta name=\"description\" content=\"D\u00e9couvrez Brainwave I d\u2019Alphalearning dans EGO 2000\u202f: exploitez les ondes alpha pour booster vos performances, votre m\u00e9moire, votre lecture, votre cerveau.\" \/>\n<meta name=\"robots\" content=\"index, follow, max-snippet:-1, max-image-preview:large, max-video-preview:-1\" \/>\n<link rel=\"canonical\" href=\"https:\/\/alphalearning.com\/fr\/presse-internationale\/ego-2000\/\" \/>\n<meta property=\"og:locale\" content=\"fr_FR\" \/>\n<meta property=\"og:type\" content=\"article\" \/>\n<meta property=\"og:title\" content=\"Alphalearning EGO 2000: ondes alpha, performances de pointe\" \/>\n<meta property=\"og:description\" content=\"D\u00e9couvrez Brainwave I d\u2019Alphalearning dans EGO 2000\u202f: exploitez les ondes alpha pour booster vos performances, votre m\u00e9moire, votre lecture, votre cerveau.\" \/>\n<meta property=\"og:url\" content=\"https:\/\/alphalearning.com\/fr\/presse-internationale\/ego-2000\/\" \/>\n<meta property=\"og:site_name\" content=\"Alphalearning International\" \/>\n<meta property=\"article:modified_time\" content=\"2025-03-02T11:56:25+00:00\" \/>\n<meta property=\"og:image\" content=\"https:\/\/alphalearning.com\/wp-content\/uploads\/2024\/04\/alphalearning-logo_red_1200x675px.png\" \/>\n\t<meta property=\"og:image:width\" content=\"1200\" \/>\n\t<meta property=\"og:image:height\" content=\"675\" \/>\n\t<meta property=\"og:image:type\" content=\"image\/png\" \/>\n<meta name=\"twitter:card\" content=\"summary_large_image\" \/>\n<meta name=\"twitter:label1\" content=\"Est. reading time\" \/>\n\t<meta name=\"twitter:data1\" content=\"5 minutes\" \/>\n<!-- \/ Yoast SEO plugin. -->","yoast_head_json":{"title":"Alphalearning EGO 2000: ondes alpha, performances de pointe","description":"D\u00e9couvrez Brainwave I d\u2019Alphalearning dans EGO 2000\u202f: exploitez les ondes alpha pour booster vos performances, votre m\u00e9moire, votre lecture, votre cerveau.","robots":{"index":"index","follow":"follow","max-snippet":"max-snippet:-1","max-image-preview":"max-image-preview:large","max-video-preview":"max-video-preview:-1"},"canonical":"https:\/\/alphalearning.com\/fr\/presse-internationale\/ego-2000\/","og_locale":"fr_FR","og_type":"article","og_title":"Alphalearning EGO 2000: ondes alpha, performances de pointe","og_description":"D\u00e9couvrez Brainwave I d\u2019Alphalearning dans EGO 2000\u202f: exploitez les ondes alpha pour booster vos performances, votre m\u00e9moire, votre lecture, votre cerveau.","og_url":"https:\/\/alphalearning.com\/fr\/presse-internationale\/ego-2000\/","og_site_name":"Alphalearning International","article_modified_time":"2025-03-02T11:56:25+00:00","og_image":[{"width":1200,"height":675,"url":"https:\/\/alphalearning.com\/wp-content\/uploads\/2024\/04\/alphalearning-logo_red_1200x675px.png","type":"image\/png"}],"twitter_card":"summary_large_image","twitter_misc":{"Est. reading time":"5 minutes"},"schema":{"@context":"https:\/\/schema.org","@graph":[{"@type":"WebPage","@id":"https:\/\/alphalearning.com\/fr\/presse-internationale\/ego-2000\/","url":"https:\/\/alphalearning.com\/fr\/presse-internationale\/ego-2000\/","name":"Alphalearning EGO 2000: ondes alpha, performances de pointe","isPartOf":{"@id":"https:\/\/alphalearning.com\/fr\/#website"},"datePublished":"2024-03-27T16:48:58+00:00","dateModified":"2025-03-02T11:56:25+00:00","description":"D\u00e9couvrez Brainwave I d\u2019Alphalearning dans EGO 2000\u202f: exploitez les ondes alpha pour booster vos performances, votre m\u00e9moire, votre lecture, votre cerveau.","breadcrumb":{"@id":"https:\/\/alphalearning.com\/fr\/presse-internationale\/ego-2000\/#breadcrumb"},"inLanguage":"fr","potentialAction":[{"@type":"ReadAction","target":["https:\/\/alphalearning.com\/fr\/presse-internationale\/ego-2000\/"]}]},{"@type":"BreadcrumbList","@id":"https:\/\/alphalearning.com\/fr\/presse-internationale\/ego-2000\/#breadcrumb","itemListElement":[{"@type":"ListItem","position":1,"name":"Home","item":"https:\/\/alphalearning.com\/fr\/"},{"@type":"ListItem","position":2,"name":"Presse Internationale","item":"https:\/\/alphalearning.com\/fr\/presse-internationale\/"},{"@type":"ListItem","position":3,"name":"EGO 2000"}]},{"@type":"WebSite","@id":"https:\/\/alphalearning.com\/fr\/#website","url":"https:\/\/alphalearning.com\/fr\/","name":"Alphalearning International","description":"the brain training institute","publisher":{"@id":"https:\/\/alphalearning.com\/fr\/#organization"},"potentialAction":[{"@type":"SearchAction","target":{"@type":"EntryPoint","urlTemplate":"https:\/\/alphalearning.com\/fr\/?s={search_term_string}"},"query-input":{"@type":"PropertyValueSpecification","valueRequired":true,"valueName":"search_term_string"}}],"inLanguage":"fr"},{"@type":"Organization","@id":"https:\/\/alphalearning.com\/fr\/#organization","name":"Alphalearning International","url":"https:\/\/alphalearning.com\/fr\/","logo":{"@type":"ImageObject","inLanguage":"fr","@id":"https:\/\/alphalearning.com\/fr\/#\/schema\/logo\/image\/","url":"https:\/\/alphalearning.com\/wp-content\/uploads\/2024\/03\/alphalearning_ico2_512px.png","contentUrl":"https:\/\/alphalearning.com\/wp-content\/uploads\/2024\/03\/alphalearning_ico2_512px.png","width":512,"height":512,"caption":"Alphalearning International"},"image":{"@id":"https:\/\/alphalearning.com\/fr\/#\/schema\/logo\/image\/"}}]}},"uagb_featured_image_src":{"full":false,"thumbnail":false,"medium":false,"medium_large":false,"large":false,"1536x1536":false,"2048x2048":false,"gform-image-choice-sm":false,"gform-image-choice-md":false,"gform-image-choice-lg":false},"uagb_author_info":{"display_name":"Julio Machado","author_link":"https:\/\/alphalearning.com\/fr\/author\/julio-machado\/"},"uagb_comment_info":0,"uagb_excerpt":"Alphalearning dans EGO 2000 EGO 2000 (Le principal magazine n\u00e9erlandais d\u00e9di\u00e9 au cerveau) Des performances de pointe gr\u00e2ce aux ondes [&hellip;]","_links":{"self":[{"href":"https:\/\/alphalearning.com\/fr\/wp-json\/wp\/v2\/pages\/12918","targetHints":{"allow":["GET"]}}],"collection":[{"href":"https:\/\/alphalearning.com\/fr\/wp-json\/wp\/v2\/pages"}],"about":[{"href":"https:\/\/alphalearning.com\/fr\/wp-json\/wp\/v2\/types\/page"}],"author":[{"embeddable":true,"href":"https:\/\/alphalearning.com\/fr\/wp-json\/wp\/v2\/users\/2"}],"replies":[{"embeddable":true,"href":"https:\/\/alphalearning.com\/fr\/wp-json\/wp\/v2\/comments?post=12918"}],"version-history":[{"count":12,"href":"https:\/\/alphalearning.com\/fr\/wp-json\/wp\/v2\/pages\/12918\/revisions"}],"predecessor-version":[{"id":15484,"href":"https:\/\/alphalearning.com\/fr\/wp-json\/wp\/v2\/pages\/12918\/revisions\/15484"}],"up":[{"embeddable":true,"href":"https:\/\/alphalearning.com\/fr\/wp-json\/wp\/v2\/pages\/12854"}],"wp:attachment":[{"href":"https:\/\/alphalearning.com\/fr\/wp-json\/wp\/v2\/media?parent=12918"}],"curies":[{"name":"wp","href":"https:\/\/api.w.org\/{rel}","templated":true}]}}