{"id":12837,"date":"2024-03-27T16:20:48","date_gmt":"2024-03-27T16:20:48","guid":{"rendered":"https:\/\/alphalearning.com\/trouble-spectre-autistique\/long-term-effects-of-neurofeedback-treatment-in-autism\/"},"modified":"2025-01-27T10:25:28","modified_gmt":"2025-01-27T10:25:28","slug":"effets-long-terme-traitement-neurofeedback-autisme","status":"publish","type":"page","link":"https:\/\/alphalearning.com\/fr\/trouble-spectre-autistique\/effets-long-terme-traitement-neurofeedback-autisme\/","title":{"rendered":"Effets sur le Long-terme du Traitement Neurofeedback pour l&#8217;Autisme"},"content":{"rendered":"\n<div class=\"wp-block-uagb-advanced-heading uagb-block-27def308\"><h1 class=\"uagb-heading-text\">Effets \u00e0 long terme du traitement par neurofeedback dans l\u2019autisme<\/h1><\/div>\n\n\n\n<p>R\u00e9sum\u00e9.<\/p>\n\n\n\n<p>Auparavant, nous avions d\u00e9montr\u00e9 une am\u00e9lioration significative des fonctions ex\u00e9cutives et du comportement social chez des enfants atteints de troubles du spectre autistique (TSA) ayant suivi 40 s\u00e9ances de neurofeedback EEG dans le cadre d\u2019une \u00e9tude avec groupe t\u00e9moin en liste d\u2019attente non randomis\u00e9e. Dans cet article, nous prolongeons ces r\u00e9sultats en pr\u00e9sentant les effets \u00e0 long terme du traitement par neurofeedback chez le m\u00eame groupe d\u2019enfants atteints de TSA, 12 mois plus tard. La pr\u00e9sente \u00e9tude indique le maintien de l\u2019am\u00e9lioration des fonctions ex\u00e9cutives et du comportement social apr\u00e8s 12 mois, comparativement aux r\u00e9sultats imm\u00e9diats. On suppose que la suppression de la puissance theta, induite par le neurofeedback, favorise un fonctionnement plus flexible du cerveau en renfor\u00e7ant l\u2019activation du cortex pr\u00e9frontal m\u00e9dian et en am\u00e9liorant la flexibilit\u00e9 de l\u2019activation dans le r\u00e9seau du mode par d\u00e9faut. Cette am\u00e9lioration soutient le d\u00e9veloppement des fonctions ex\u00e9cutives et de la th\u00e9orie de l\u2019esprit chez les enfants atteints de TSA.<\/p>\n\n\n\n<p><a href=\"https:\/\/alphalearning.com\/fr\/trouble-spectre-autistique\/#NeurofeedbackTraining\">D\u00e9couvrez comment obtenir ces r\u00e9sultats gr\u00e2ce au cours Alphalearning International.<\/a>.<\/p>\n\n\n\n<p class=\"has-text-align-right\"><a href=\"https:\/\/alphalearning.com\/servepdf.php?year=2024&amp;month=03&amp;file=alphalearning-long-term-effects-of-neurofeedback-treatment-in-autism.pdf\" target=\"_blank\" rel=\"noreferrer noopener nofollow\">T\u00e9l\u00e9chargez l\u2019article complet au format PDF.<\/a><\/p>\n","protected":false},"excerpt":{"rendered":"<p>Effets \u00e0 long terme du traitement par neurofeedback dans l\u2019autisme R\u00e9sum\u00e9. Auparavant, nous avions d\u00e9montr\u00e9 une am\u00e9lioration significative des fonctions [&hellip;]<\/p>\n","protected":false},"author":2,"featured_media":0,"parent":12772,"menu_order":314,"comment_status":"closed","ping_status":"closed","template":"","meta":{"_uag_custom_page_level_css":"","site-sidebar-layout":"default","site-content-layout":"","ast-site-content-layout":"default","site-content-style":"default","site-sidebar-style":"default","ast-global-header-display":"","ast-banner-title-visibility":"","ast-main-header-display":"","ast-hfb-above-header-display":"","ast-hfb-below-header-display":"","ast-hfb-mobile-header-display":"","site-post-title":"disabled","ast-breadcrumbs-content":"","ast-featured-img":"","footer-sml-layout":"","ast-disable-related-posts":"","theme-transparent-header-meta":"","adv-header-id-meta":"","stick-header-meta":"","header-above-stick-meta":"","header-main-stick-meta":"","header-below-stick-meta":"","astra-migrate-meta-layouts":"default","ast-page-background-enabled":"default","ast-page-background-meta":{"desktop":{"background-color":"var(--ast-global-color-4)","background-image":"","background-repeat":"repeat","background-position":"center center","background-size":"auto","background-attachment":"scroll","background-type":"","background-media":"","overlay-type":"","overlay-color":"","overlay-opacity":"","overlay-gradient":""},"tablet":{"background-color":"","background-image":"","background-repeat":"repeat","background-position":"center center","background-size":"auto","background-attachment":"scroll","background-type":"","background-media":"","overlay-type":"","overlay-color":"","overlay-opacity":"","overlay-gradient":""},"mobile":{"background-color":"","background-image":"","background-repeat":"repeat","background-position":"center center","background-size":"auto","background-attachment":"scroll","background-type":"","background-media":"","overlay-type":"","overlay-color":"","overlay-opacity":"","overlay-gradient":""}},"ast-content-background-meta":{"desktop":{"background-color":"var(--ast-global-color-5)","background-image":"","background-repeat":"repeat","background-position":"center center","background-size":"auto","background-attachment":"scroll","background-type":"","background-media":"","overlay-type":"","overlay-color":"","overlay-opacity":"","overlay-gradient":""},"tablet":{"background-color":"var(--ast-global-color-5)","background-image":"","background-repeat":"repeat","background-position":"center center","background-size":"auto","background-attachment":"scroll","background-type":"","background-media":"","overlay-type":"","overlay-color":"","overlay-opacity":"","overlay-gradient":""},"mobile":{"background-color":"var(--ast-global-color-5)","background-image":"","background-repeat":"repeat","background-position":"center center","background-size":"auto","background-attachment":"scroll","background-type":"","background-media":"","overlay-type":"","overlay-color":"","overlay-opacity":"","overlay-gradient":""}},"footnotes":""},"class_list":["post-12837","page","type-page","status-publish","hentry"],"yoast_head":"<!-- This site is optimized with the Yoast SEO plugin v27.1.1 - https:\/\/yoast.com\/product\/yoast-seo-wordpress\/ -->\n<title>Neurofeedback \u00e0 long terme pour l\u2019autisme \u2013 Alphalearning<\/title>\n<meta name=\"description\" content=\"D\u00e9couvrez comment le neurofeedback am\u00e9liore les fonctions ex\u00e9cutives et le comportement social dans l\u2019autisme, avec des r\u00e9sultats maintenus apr\u00e8s 12 mois.\" \/>\n<meta name=\"robots\" content=\"index, follow, max-snippet:-1, max-image-preview:large, max-video-preview:-1\" \/>\n<link rel=\"canonical\" href=\"https:\/\/alphalearning.com\/fr\/trouble-spectre-autistique\/effets-long-terme-traitement-neurofeedback-autisme\/\" \/>\n<meta property=\"og:locale\" content=\"fr_FR\" \/>\n<meta property=\"og:type\" content=\"article\" \/>\n<meta property=\"og:title\" content=\"Neurofeedback \u00e0 long terme pour l\u2019autisme \u2013 Alphalearning\" \/>\n<meta property=\"og:description\" content=\"D\u00e9couvrez comment le neurofeedback am\u00e9liore les fonctions ex\u00e9cutives et le comportement social dans l\u2019autisme, avec des r\u00e9sultats maintenus apr\u00e8s 12 mois.\" \/>\n<meta property=\"og:url\" content=\"https:\/\/alphalearning.com\/fr\/trouble-spectre-autistique\/effets-long-terme-traitement-neurofeedback-autisme\/\" \/>\n<meta property=\"og:site_name\" content=\"Alphalearning International\" \/>\n<meta property=\"article:modified_time\" content=\"2025-01-27T10:25:28+00:00\" \/>\n<meta property=\"og:image\" content=\"https:\/\/alphalearning.com\/wp-content\/uploads\/2024\/04\/alphalearning-logo_red_1200x675px.png\" \/>\n\t<meta property=\"og:image:width\" content=\"1200\" \/>\n\t<meta property=\"og:image:height\" content=\"675\" \/>\n\t<meta property=\"og:image:type\" content=\"image\/png\" \/>\n<meta name=\"twitter:card\" content=\"summary_large_image\" \/>\n<meta name=\"twitter:label1\" content=\"Est. reading time\" \/>\n\t<meta name=\"twitter:data1\" content=\"1 minute\" \/>\n<!-- \/ Yoast SEO plugin. -->","yoast_head_json":{"title":"Neurofeedback \u00e0 long terme pour l\u2019autisme \u2013 Alphalearning","description":"D\u00e9couvrez comment le neurofeedback am\u00e9liore les fonctions ex\u00e9cutives et le comportement social dans l\u2019autisme, avec des r\u00e9sultats maintenus apr\u00e8s 12 mois.","robots":{"index":"index","follow":"follow","max-snippet":"max-snippet:-1","max-image-preview":"max-image-preview:large","max-video-preview":"max-video-preview:-1"},"canonical":"https:\/\/alphalearning.com\/fr\/trouble-spectre-autistique\/effets-long-terme-traitement-neurofeedback-autisme\/","og_locale":"fr_FR","og_type":"article","og_title":"Neurofeedback \u00e0 long terme pour l\u2019autisme \u2013 Alphalearning","og_description":"D\u00e9couvrez comment le neurofeedback am\u00e9liore les fonctions ex\u00e9cutives et le comportement social dans l\u2019autisme, avec des r\u00e9sultats maintenus apr\u00e8s 12 mois.","og_url":"https:\/\/alphalearning.com\/fr\/trouble-spectre-autistique\/effets-long-terme-traitement-neurofeedback-autisme\/","og_site_name":"Alphalearning International","article_modified_time":"2025-01-27T10:25:28+00:00","og_image":[{"width":1200,"height":675,"url":"https:\/\/alphalearning.com\/wp-content\/uploads\/2024\/04\/alphalearning-logo_red_1200x675px.png","type":"image\/png"}],"twitter_card":"summary_large_image","twitter_misc":{"Est. reading time":"1 minute"},"schema":{"@context":"https:\/\/schema.org","@graph":[{"@type":"WebPage","@id":"https:\/\/alphalearning.com\/fr\/trouble-spectre-autistique\/effets-long-terme-traitement-neurofeedback-autisme\/","url":"https:\/\/alphalearning.com\/fr\/trouble-spectre-autistique\/effets-long-terme-traitement-neurofeedback-autisme\/","name":"Neurofeedback \u00e0 long terme pour l\u2019autisme \u2013 Alphalearning","isPartOf":{"@id":"https:\/\/alphalearning.com\/fr\/#website"},"datePublished":"2024-03-27T16:20:48+00:00","dateModified":"2025-01-27T10:25:28+00:00","description":"D\u00e9couvrez comment le neurofeedback am\u00e9liore les fonctions ex\u00e9cutives et le comportement social dans l\u2019autisme, avec des r\u00e9sultats maintenus apr\u00e8s 12 mois.","breadcrumb":{"@id":"https:\/\/alphalearning.com\/fr\/trouble-spectre-autistique\/effets-long-terme-traitement-neurofeedback-autisme\/#breadcrumb"},"inLanguage":"fr","potentialAction":[{"@type":"ReadAction","target":["https:\/\/alphalearning.com\/fr\/trouble-spectre-autistique\/effets-long-terme-traitement-neurofeedback-autisme\/"]}]},{"@type":"BreadcrumbList","@id":"https:\/\/alphalearning.com\/fr\/trouble-spectre-autistique\/effets-long-terme-traitement-neurofeedback-autisme\/#breadcrumb","itemListElement":[{"@type":"ListItem","position":1,"name":"Home","item":"https:\/\/alphalearning.com\/fr\/"},{"@type":"ListItem","position":2,"name":"Trouble du Spectre Autistique","item":"https:\/\/alphalearning.com\/fr\/trouble-spectre-autistique\/"},{"@type":"ListItem","position":3,"name":"Effets sur le Long-terme du Traitement Neurofeedback pour l&#8217;Autisme"}]},{"@type":"WebSite","@id":"https:\/\/alphalearning.com\/fr\/#website","url":"https:\/\/alphalearning.com\/fr\/","name":"Alphalearning International","description":"the brain training institute","publisher":{"@id":"https:\/\/alphalearning.com\/fr\/#organization"},"potentialAction":[{"@type":"SearchAction","target":{"@type":"EntryPoint","urlTemplate":"https:\/\/alphalearning.com\/fr\/?s={search_term_string}"},"query-input":{"@type":"PropertyValueSpecification","valueRequired":true,"valueName":"search_term_string"}}],"inLanguage":"fr"},{"@type":"Organization","@id":"https:\/\/alphalearning.com\/fr\/#organization","name":"Alphalearning International","url":"https:\/\/alphalearning.com\/fr\/","logo":{"@type":"ImageObject","inLanguage":"fr","@id":"https:\/\/alphalearning.com\/fr\/#\/schema\/logo\/image\/","url":"https:\/\/alphalearning.com\/wp-content\/uploads\/2024\/03\/alphalearning_ico2_512px.png","contentUrl":"https:\/\/alphalearning.com\/wp-content\/uploads\/2024\/03\/alphalearning_ico2_512px.png","width":512,"height":512,"caption":"Alphalearning International"},"image":{"@id":"https:\/\/alphalearning.com\/fr\/#\/schema\/logo\/image\/"}}]}},"uagb_featured_image_src":{"full":false,"thumbnail":false,"medium":false,"medium_large":false,"large":false,"1536x1536":false,"2048x2048":false,"gform-image-choice-sm":false,"gform-image-choice-md":false,"gform-image-choice-lg":false},"uagb_author_info":{"display_name":"Julio Machado","author_link":"https:\/\/alphalearning.com\/fr\/author\/julio-machado\/"},"uagb_comment_info":0,"uagb_excerpt":"Effets \u00e0 long terme du traitement par neurofeedback dans l\u2019autisme R\u00e9sum\u00e9. Auparavant, nous avions d\u00e9montr\u00e9 une am\u00e9lioration significative des fonctions [&hellip;]","_links":{"self":[{"href":"https:\/\/alphalearning.com\/fr\/wp-json\/wp\/v2\/pages\/12837","targetHints":{"allow":["GET"]}}],"collection":[{"href":"https:\/\/alphalearning.com\/fr\/wp-json\/wp\/v2\/pages"}],"about":[{"href":"https:\/\/alphalearning.com\/fr\/wp-json\/wp\/v2\/types\/page"}],"author":[{"embeddable":true,"href":"https:\/\/alphalearning.com\/fr\/wp-json\/wp\/v2\/users\/2"}],"replies":[{"embeddable":true,"href":"https:\/\/alphalearning.com\/fr\/wp-json\/wp\/v2\/comments?post=12837"}],"version-history":[{"count":2,"href":"https:\/\/alphalearning.com\/fr\/wp-json\/wp\/v2\/pages\/12837\/revisions"}],"predecessor-version":[{"id":14430,"href":"https:\/\/alphalearning.com\/fr\/wp-json\/wp\/v2\/pages\/12837\/revisions\/14430"}],"up":[{"embeddable":true,"href":"https:\/\/alphalearning.com\/fr\/wp-json\/wp\/v2\/pages\/12772"}],"wp:attachment":[{"href":"https:\/\/alphalearning.com\/fr\/wp-json\/wp\/v2\/media?parent=12837"}],"curies":[{"name":"wp","href":"https:\/\/api.w.org\/{rel}","templated":true}]}}