{"id":12827,"date":"2024-03-27T16:20:25","date_gmt":"2024-03-27T16:20:25","guid":{"rendered":"https:\/\/alphalearning.com\/trouble-spectre-autistique\/application-of-neurofeedback-for-autism-spectrum\/"},"modified":"2025-01-27T11:10:18","modified_gmt":"2025-01-27T11:10:18","slug":"application-neurofeedback-trouble-spectre-autisme","status":"publish","type":"page","link":"https:\/\/alphalearning.com\/fr\/trouble-spectre-autistique\/application-neurofeedback-trouble-spectre-autisme\/","title":{"rendered":"Application du Neurofeedback pour Trouble du Spectre Austistique"},"content":{"rendered":"\n<div class=\"wp-block-uagb-advanced-heading uagb-block-5d5307e5\"><h1 class=\"uagb-heading-text\">Application du neurofeedback pour le spectre de l\u2019autisme<\/h1><\/div>\n\n\n\n<div class=\"wp-block-uagb-advanced-heading uagb-block-8de368b3\"><h3 class=\"uagb-heading-text\">Neurofeedback guid\u00e9 par l\u2019\u00e9valuation pour le trouble du spectre de l\u2019autisme (TSA)<\/h3><\/div>\n\n\n\n<p>La recherche portant sur l\u2019\u00e9pid\u00e9miologie de l\u2019autisme (Medical Research Council, 2001) a indiqu\u00e9 qu\u2019environ 60 enfants sur 10 000 (1\/166) re\u00e7oivent un diagnostic de trouble du spectre de l\u2019autisme (TSA). Jarusiewicz (2002) a publi\u00e9 la seule \u00e9tude contr\u00f4l\u00e9e documentant l\u2019efficacit\u00e9 du neurofeedback pour l\u2019autisme sur la base d\u2019une seule mesure de r\u00e9sultat. La pr\u00e9sente \u00e9tude a \u00e9tendu ces conclusions gr\u00e2ce \u00e0 un \u00e9chantillon plus important, un \u00e9ventail plus large d\u2019\u00e9valuations et des mesures physiologiques du fonctionnement c\u00e9r\u00e9bral.<\/p>\n\n\n\n<div class=\"wp-block-uagb-container uagb-block-669697d5 alignfull uagb-is-root-container\"><div class=\"uagb-container-inner-blocks-wrap\">\n<div class=\"wp-block-uagb-container uagb-block-2ed806c5\">\n<table id=\"tablepress-11\" class=\"tablepress tablepress-id-11\">\n<thead>\n<tr class=\"row-1\">\n\t<th class=\"column-1\">Traitements<\/th><th class=\"column-2\">Ratios<\/th>\n<\/tr>\n<\/thead>\n<tbody class=\"row-striping row-hover\">\n<tr class=\"row-2\">\n\t<td class=\"column-1\">Neurofeedback<\/td><td class=\"column-2\">89:1<\/td>\n<\/tr>\n<tr class=\"row-3\">\n\t<td class=\"column-1\">Ch\u00e9lation<\/td><td class=\"column-2\">35:1<\/td>\n<\/tr>\n<tr class=\"row-4\">\n\t<td class=\"column-1\">R\u00e9gime sans gluten et sans cas\u00e9ine<\/td><td class=\"column-2\">20:1<\/td>\n<\/tr>\n<tr class=\"row-5\">\n\t<td class=\"column-1\">Enzymes digestives<\/td><td class=\"column-2\">20:1<\/td>\n<\/tr>\n<tr class=\"row-6\">\n\t<td class=\"column-1\">Vitamine B6 avec magn\u00e9sium<\/td><td class=\"column-2\">10:1<\/td>\n<\/tr>\n<tr class=\"row-7\">\n\t<td class=\"column-1\">S\u00e9cr\u00e9tine par voie intraveineuse<\/td><td class=\"column-2\">6.7:1<\/td>\n<\/tr>\n<tr class=\"row-8\">\n\t<td class=\"column-1\">Risperdal<\/td><td class=\"column-2\">3.0:1<\/td>\n<\/tr>\n<tr class=\"row-9\">\n\t<td class=\"column-1\">Haldol<\/td><td class=\"column-2\">0.9:1<\/td>\n<\/tr>\n<tr class=\"row-10\">\n\t<td class=\"column-1\">Ritaline<\/td><td class=\"column-2\">0.7:1<\/td>\n<\/tr>\n<tr class=\"row-11\">\n\t<td class=\"column-1\">Largactil<\/td><td class=\"column-2\">0.7:1<\/td>\n<\/tr>\n<\/tbody>\n<tfoot>\n<tr class=\"row-12\">\n\t<th colspan=\"2\" class=\"column-1\">Les ratios b\u00e9n\u00e9fices\/risques sont tir\u00e9s de Rimland (2005) et de la pr\u00e9sente \u00e9tude.<\/th>\n<\/tr>\n<\/tfoot>\n<\/table>\n<!-- #tablepress-11 from cache --><\/div>\n\n\n\n<div class=\"wp-block-uagb-container uagb-block-aa063186\">\n<p>Les principaux r\u00e9sultats de cette \u00e9tude incluent un taux de r\u00e9ussite de 89 % avec une r\u00e9duction de 40 % des sympt\u00f4mes centraux du TSA, gr\u00e2ce \u00e0 un entra\u00eenement de neurofeedback guid\u00e9 par l\u2019\u00e9valuation sur 20 sessions. Une am\u00e9lioration significative a \u00e9t\u00e9 constat\u00e9e dans le groupe exp\u00e9rimental sur les mesures d\u2019attention, de fonctions ex\u00e9cutives, de perception visuelle et de langage. L\u2019imagerie infrarouge (IR) a confirm\u00e9 une activit\u00e9 m\u00e9tabolique \u00e9lev\u00e9e d\u00e8s la premi\u00e8re session de traitement. Des changements durables ont \u00e9t\u00e9 mis en \u00e9vidence par une activit\u00e9 m\u00e9tabolique accrue, une meilleure r\u00e9gulation de la production et le maintien des changements au cours de la 20e session de traitement et au-del\u00e0. Le ratio b\u00e9n\u00e9fice\/risque de 89:1 d\u00e9passait toutes les approches de traitement actuelles pour le TSA \u00e9tudi\u00e9es par Rimland (2005). Soixante-seize pour cent du groupe exp\u00e9rimental ont pr\u00e9sent\u00e9 une diminution des sch\u00e9mas d\u2019hyperconnectivit\u00e9. La r\u00e9duction de l\u2019hyperconnectivit\u00e9, ainsi que la p\u00e9rennit\u00e9 du changement dans l\u2019activit\u00e9 m\u00e9tabolique, ont confirm\u00e9 la modification neurophysiologique apr\u00e8s le neurofeedback.<\/p>\n\n\n\n<p>Des preuves issues de multiples mesures ont montr\u00e9 que le neurofeedback peut \u00eatre un traitement efficace pour le TSA. Pour cette population, un facteur crucial expliquant l\u2019am\u00e9lioration des r\u00e9sultats cliniques dans le groupe exp\u00e9rimental pourrait \u00eatre l\u2019utilisation du neurofeedback guid\u00e9 par l\u2019\u00e9valuation afin de r\u00e9duire l\u2019hyperconnectivit\u00e9 c\u00e9r\u00e9brale. Les implications de ces r\u00e9sultats sont discut\u00e9es.<\/p>\n\n\n\n<p><a href=\"https:\/\/alphalearning.com\/fr\/trouble-spectre-autistique\/#NeurofeedbackTraining\">D\u00e9couvrez comment obtenir ces r\u00e9sultats gr\u00e2ce au cours d\u2019Alphalearning International<\/a><\/p>\n\n\n\n<p class=\"has-text-align-right\"><a href=\"https:\/\/alphalearning.com\/servepdf.php?year=2024&amp;month=03&amp;file=alphalearning-assessment-guided_neurofeedback_autism_journal_neuropathy.pdf\" target=\"_blank\" rel=\"noreferrer noopener nofollow\">T\u00e9l\u00e9chargez l\u2019article complet au format PDF<\/a><\/p>\n<\/div>\n<\/div><\/div>\n","protected":false},"excerpt":{"rendered":"<p>Application du neurofeedback pour le spectre de l\u2019autisme Neurofeedback guid\u00e9 par l\u2019\u00e9valuation pour le trouble du spectre de l\u2019autisme (TSA) [&hellip;]<\/p>\n","protected":false},"author":2,"featured_media":0,"parent":12772,"menu_order":312,"comment_status":"closed","ping_status":"closed","template":"","meta":{"_uag_custom_page_level_css":"","site-sidebar-layout":"default","site-content-layout":"","ast-site-content-layout":"default","site-content-style":"default","site-sidebar-style":"default","ast-global-header-display":"","ast-banner-title-visibility":"","ast-main-header-display":"","ast-hfb-above-header-display":"","ast-hfb-below-header-display":"","ast-hfb-mobile-header-display":"","site-post-title":"disabled","ast-breadcrumbs-content":"","ast-featured-img":"","footer-sml-layout":"","ast-disable-related-posts":"","theme-transparent-header-meta":"","adv-header-id-meta":"","stick-header-meta":"","header-above-stick-meta":"","header-main-stick-meta":"","header-below-stick-meta":"","astra-migrate-meta-layouts":"default","ast-page-background-enabled":"default","ast-page-background-meta":{"desktop":{"background-color":"var(--ast-global-color-4)","background-image":"","background-repeat":"repeat","background-position":"center center","background-size":"auto","background-attachment":"scroll","background-type":"","background-media":"","overlay-type":"","overlay-color":"","overlay-opacity":"","overlay-gradient":""},"tablet":{"background-color":"","background-image":"","background-repeat":"repeat","background-position":"center center","background-size":"auto","background-attachment":"scroll","background-type":"","background-media":"","overlay-type":"","overlay-color":"","overlay-opacity":"","overlay-gradient":""},"mobile":{"background-color":"","background-image":"","background-repeat":"repeat","background-position":"center center","background-size":"auto","background-attachment":"scroll","background-type":"","background-media":"","overlay-type":"","overlay-color":"","overlay-opacity":"","overlay-gradient":""}},"ast-content-background-meta":{"desktop":{"background-color":"var(--ast-global-color-5)","background-image":"","background-repeat":"repeat","background-position":"center center","background-size":"auto","background-attachment":"scroll","background-type":"","background-media":"","overlay-type":"","overlay-color":"","overlay-opacity":"","overlay-gradient":""},"tablet":{"background-color":"var(--ast-global-color-5)","background-image":"","background-repeat":"repeat","background-position":"center center","background-size":"auto","background-attachment":"scroll","background-type":"","background-media":"","overlay-type":"","overlay-color":"","overlay-opacity":"","overlay-gradient":""},"mobile":{"background-color":"var(--ast-global-color-5)","background-image":"","background-repeat":"repeat","background-position":"center center","background-size":"auto","background-attachment":"scroll","background-type":"","background-media":"","overlay-type":"","overlay-color":"","overlay-opacity":"","overlay-gradient":""}},"footnotes":""},"class_list":["post-12827","page","type-page","status-publish","hentry"],"yoast_head":"<!-- This site is optimized with the Yoast SEO plugin v27.1.1 - https:\/\/yoast.com\/product\/yoast-seo-wordpress\/ -->\n<title>Neurofeedback pour l\u2019autisme : ratio 89:1 - Alphalearning<\/title>\n<meta name=\"description\" content=\"D\u00e9couvrez comment le neurofeedback guid\u00e9 par l\u2019\u00e9valuation obtient un ratio b\u00e9n\u00e9fice-risque de 89:1, surpassant tous les traitements actuels de l\u2019autisme.\" \/>\n<meta name=\"robots\" content=\"index, follow, max-snippet:-1, max-image-preview:large, max-video-preview:-1\" \/>\n<link rel=\"canonical\" href=\"https:\/\/alphalearning.com\/fr\/trouble-spectre-autistique\/application-neurofeedback-trouble-spectre-autisme\/\" \/>\n<meta property=\"og:locale\" content=\"fr_FR\" \/>\n<meta property=\"og:type\" content=\"article\" \/>\n<meta property=\"og:title\" content=\"Neurofeedback pour l\u2019autisme : ratio 89:1 - Alphalearning\" \/>\n<meta property=\"og:description\" content=\"D\u00e9couvrez comment le neurofeedback guid\u00e9 par l\u2019\u00e9valuation obtient un ratio b\u00e9n\u00e9fice-risque de 89:1, surpassant tous les traitements actuels de l\u2019autisme.\" \/>\n<meta property=\"og:url\" content=\"https:\/\/alphalearning.com\/fr\/trouble-spectre-autistique\/application-neurofeedback-trouble-spectre-autisme\/\" \/>\n<meta property=\"og:site_name\" content=\"Alphalearning International\" \/>\n<meta property=\"article:modified_time\" content=\"2025-01-27T11:10:18+00:00\" \/>\n<meta property=\"og:image\" content=\"https:\/\/alphalearning.com\/wp-content\/uploads\/2024\/04\/alphalearning-logo_red_1200x675px.png\" \/>\n\t<meta property=\"og:image:width\" content=\"1200\" \/>\n\t<meta property=\"og:image:height\" content=\"675\" \/>\n\t<meta property=\"og:image:type\" content=\"image\/png\" \/>\n<meta name=\"twitter:card\" content=\"summary_large_image\" \/>\n<meta name=\"twitter:label1\" content=\"Est. reading time\" \/>\n\t<meta name=\"twitter:data1\" content=\"2 minutes\" \/>\n<!-- \/ Yoast SEO plugin. -->","yoast_head_json":{"title":"Neurofeedback pour l\u2019autisme : ratio 89:1 - Alphalearning","description":"D\u00e9couvrez comment le neurofeedback guid\u00e9 par l\u2019\u00e9valuation obtient un ratio b\u00e9n\u00e9fice-risque de 89:1, surpassant tous les traitements actuels de l\u2019autisme.","robots":{"index":"index","follow":"follow","max-snippet":"max-snippet:-1","max-image-preview":"max-image-preview:large","max-video-preview":"max-video-preview:-1"},"canonical":"https:\/\/alphalearning.com\/fr\/trouble-spectre-autistique\/application-neurofeedback-trouble-spectre-autisme\/","og_locale":"fr_FR","og_type":"article","og_title":"Neurofeedback pour l\u2019autisme : ratio 89:1 - Alphalearning","og_description":"D\u00e9couvrez comment le neurofeedback guid\u00e9 par l\u2019\u00e9valuation obtient un ratio b\u00e9n\u00e9fice-risque de 89:1, surpassant tous les traitements actuels de l\u2019autisme.","og_url":"https:\/\/alphalearning.com\/fr\/trouble-spectre-autistique\/application-neurofeedback-trouble-spectre-autisme\/","og_site_name":"Alphalearning International","article_modified_time":"2025-01-27T11:10:18+00:00","og_image":[{"width":1200,"height":675,"url":"https:\/\/alphalearning.com\/wp-content\/uploads\/2024\/04\/alphalearning-logo_red_1200x675px.png","type":"image\/png"}],"twitter_card":"summary_large_image","twitter_misc":{"Est. reading time":"2 minutes"},"schema":{"@context":"https:\/\/schema.org","@graph":[{"@type":"WebPage","@id":"https:\/\/alphalearning.com\/fr\/trouble-spectre-autistique\/application-neurofeedback-trouble-spectre-autisme\/","url":"https:\/\/alphalearning.com\/fr\/trouble-spectre-autistique\/application-neurofeedback-trouble-spectre-autisme\/","name":"Neurofeedback pour l\u2019autisme : ratio 89:1 - Alphalearning","isPartOf":{"@id":"https:\/\/alphalearning.com\/fr\/#website"},"datePublished":"2024-03-27T16:20:25+00:00","dateModified":"2025-01-27T11:10:18+00:00","description":"D\u00e9couvrez comment le neurofeedback guid\u00e9 par l\u2019\u00e9valuation obtient un ratio b\u00e9n\u00e9fice-risque de 89:1, surpassant tous les traitements actuels de l\u2019autisme.","breadcrumb":{"@id":"https:\/\/alphalearning.com\/fr\/trouble-spectre-autistique\/application-neurofeedback-trouble-spectre-autisme\/#breadcrumb"},"inLanguage":"fr","potentialAction":[{"@type":"ReadAction","target":["https:\/\/alphalearning.com\/fr\/trouble-spectre-autistique\/application-neurofeedback-trouble-spectre-autisme\/"]}]},{"@type":"BreadcrumbList","@id":"https:\/\/alphalearning.com\/fr\/trouble-spectre-autistique\/application-neurofeedback-trouble-spectre-autisme\/#breadcrumb","itemListElement":[{"@type":"ListItem","position":1,"name":"Home","item":"https:\/\/alphalearning.com\/fr\/"},{"@type":"ListItem","position":2,"name":"Trouble du Spectre Autistique","item":"https:\/\/alphalearning.com\/fr\/trouble-spectre-autistique\/"},{"@type":"ListItem","position":3,"name":"Application du Neurofeedback pour Trouble du Spectre Austistique"}]},{"@type":"WebSite","@id":"https:\/\/alphalearning.com\/fr\/#website","url":"https:\/\/alphalearning.com\/fr\/","name":"Alphalearning International","description":"the brain training institute","publisher":{"@id":"https:\/\/alphalearning.com\/fr\/#organization"},"potentialAction":[{"@type":"SearchAction","target":{"@type":"EntryPoint","urlTemplate":"https:\/\/alphalearning.com\/fr\/?s={search_term_string}"},"query-input":{"@type":"PropertyValueSpecification","valueRequired":true,"valueName":"search_term_string"}}],"inLanguage":"fr"},{"@type":"Organization","@id":"https:\/\/alphalearning.com\/fr\/#organization","name":"Alphalearning International","url":"https:\/\/alphalearning.com\/fr\/","logo":{"@type":"ImageObject","inLanguage":"fr","@id":"https:\/\/alphalearning.com\/fr\/#\/schema\/logo\/image\/","url":"https:\/\/alphalearning.com\/wp-content\/uploads\/2024\/03\/alphalearning_ico2_512px.png","contentUrl":"https:\/\/alphalearning.com\/wp-content\/uploads\/2024\/03\/alphalearning_ico2_512px.png","width":512,"height":512,"caption":"Alphalearning International"},"image":{"@id":"https:\/\/alphalearning.com\/fr\/#\/schema\/logo\/image\/"}}]}},"uagb_featured_image_src":{"full":false,"thumbnail":false,"medium":false,"medium_large":false,"large":false,"1536x1536":false,"2048x2048":false,"gform-image-choice-sm":false,"gform-image-choice-md":false,"gform-image-choice-lg":false},"uagb_author_info":{"display_name":"Julio Machado","author_link":"https:\/\/alphalearning.com\/fr\/author\/julio-machado\/"},"uagb_comment_info":0,"uagb_excerpt":"Application du neurofeedback pour le spectre de l\u2019autisme Neurofeedback guid\u00e9 par l\u2019\u00e9valuation pour le trouble du spectre de l\u2019autisme (TSA) [&hellip;]","_links":{"self":[{"href":"https:\/\/alphalearning.com\/fr\/wp-json\/wp\/v2\/pages\/12827","targetHints":{"allow":["GET"]}}],"collection":[{"href":"https:\/\/alphalearning.com\/fr\/wp-json\/wp\/v2\/pages"}],"about":[{"href":"https:\/\/alphalearning.com\/fr\/wp-json\/wp\/v2\/types\/page"}],"author":[{"embeddable":true,"href":"https:\/\/alphalearning.com\/fr\/wp-json\/wp\/v2\/users\/2"}],"replies":[{"embeddable":true,"href":"https:\/\/alphalearning.com\/fr\/wp-json\/wp\/v2\/comments?post=12827"}],"version-history":[{"count":3,"href":"https:\/\/alphalearning.com\/fr\/wp-json\/wp\/v2\/pages\/12827\/revisions"}],"predecessor-version":[{"id":14476,"href":"https:\/\/alphalearning.com\/fr\/wp-json\/wp\/v2\/pages\/12827\/revisions\/14476"}],"up":[{"embeddable":true,"href":"https:\/\/alphalearning.com\/fr\/wp-json\/wp\/v2\/pages\/12772"}],"wp:attachment":[{"href":"https:\/\/alphalearning.com\/fr\/wp-json\/wp\/v2\/media?parent=12827"}],"curies":[{"name":"wp","href":"https:\/\/api.w.org\/{rel}","templated":true}]}}