{"id":12760,"date":"2024-03-27T16:19:43","date_gmt":"2024-03-27T16:19:43","guid":{"rendered":"https:\/\/alphalearning.com\/academic-performance\/"},"modified":"2025-08-11T09:55:55","modified_gmt":"2025-08-11T08:55:55","slug":"performance-academique","status":"publish","type":"page","link":"https:\/\/alphalearning.com\/fr\/performance-academique\/","title":{"rendered":"Performance Acad\u00e9mique"},"content":{"rendered":"\n<div class=\"wp-block-uagb-advanced-heading uagb-block-fdb4404c\"><h1 class=\"uagb-heading-text\">Apprentissage rapide et performances acad\u00e9miques<\/h1><\/div>\n\n\n\n<p>Pour en savoir plus sur ce sujet, nous vous invitons \u00e0 lire un extrait du livre \u00ab\u202fHow to pass exams\u202f\u00bb, \u00e9crit par <a href=\"https:\/\/fr.wikipedia.org\/wiki\/Dominic_O%27Brien\" target=\"_blank\" rel=\"noreferrer noopener\">Dominic O\u2019Brien<\/a>, Champion du Monde de la M\u00e9moire et dipl\u00f4m\u00e9 de l\u2019institut Alphalearning.<\/p>\n\n\n\n<div class=\"wp-block-uagb-container uagb-block-ae15e6f3 alignfull uagb-is-root-container\"><div class=\"uagb-container-inner-blocks-wrap\">\n<p class=\"has-text-align-center\"><strong>\u00ab\u202fHOW TO PASS EXAMS\u202f\u00bb<\/strong><\/p>\n\n\n\n<p class=\"has-text-align-center\"><strong>par <a href=\"https:\/\/en.wikipedia.org\/wiki\/Dominic_O%27Brien\" target=\"_blank\" rel=\"noreferrer noopener\">Dominic O\u2019Brien<\/a> (Champion du monde de la m\u00e9moire)<br>Dipl\u00f4m\u00e9 de l\u2019Alphalearning Institute<\/strong><\/p>\n\n\n\n<p class=\"has-text-align-center\"><strong>Copyright 1995 Dominic O\u2019Brien<\/strong><\/p>\n\n\n\n<p class=\"has-text-align-center\"><strong>Publi\u00e9 pour la premi\u00e8re fois en 1995 par HEADLINE BOOK PUBLISHING<\/strong><\/p>\n\n\n\n<div class=\"wp-block-uagb-advanced-heading uagb-block-8942d832\"><h2 class=\"uagb-heading-text\">Le travail passionnant de l&#8217;institut Alphalearning<\/h2><\/div>\n\n\n\n<p>Les implications de la technologie d\u00e9velopp\u00e9e par l\u2019institut Alphalearning en Suisse sont consid\u00e9rables.<\/p>\n\n\n\n<p>Je crois que leurs travaux constituent une avanc\u00e9e majeure dans l\u2019\u00e9volution de l\u2019intelligence humaine. Et je pr\u00e9dis qu\u2019\u00e0 l\u2019aube du prochain si\u00e8cle, chaque \u00e9cole, coll\u00e8ge et universit\u00e9 du monde d\u00e9velopp\u00e9 aura acc\u00e8s \u00e0 cette technologie, et que l\u2019industrie exigera de son personnel qu\u2019il l\u2019utilise.<\/p>\n\n\n\n<div class=\"wp-block-uagb-advanced-heading uagb-block-1ae9bcc8\"><h2 class=\"uagb-heading-text\">The Lawnmower Man Cometh<\/h2><\/div>\n\n\n\n<p>Que ceux qui consid\u00e8rent le film The Lawnmower Man comme une simple fiction de science-fiction se m\u00e9fient. Dans ce film, un jeune homme ayant des difficult\u00e9s d\u2019apprentissage devient le sujet d\u2019une exp\u00e9rience visant \u00e0 augmenter son niveau d\u2019intelligence gr\u00e2ce \u00e0 l\u2019utilisation d\u2019une machine de r\u00e9alit\u00e9 virtuelle. La technologie est si efficace que cet homme, dont le seul talent jusque-l\u00e0 se limitait \u00e0 tondre la pelouse, devient si intelligent qu\u2019il se transforme en un v\u00e9ritable demi-dieu, semant le chaos \u00e0 l\u2019\u00e9chelle mondiale.<\/p>\n\n\n\n<p>Pendant que les spectateurs d\u00e9couvraient le film en avant-premi\u00e8re, les instructeurs de l\u2019institut Alphalearning finalisaient d\u00e9j\u00e0 Brainwave I, surnomm\u00e9e la Mind Machine. Il s\u2019agit d\u2019un bo\u00eetier noir connect\u00e9 \u00e0 un ordinateur personnel, qui \u00e9met des impulsions lumineuses et sonores via des lunettes \u00e0 LED et un casque port\u00e9s par la personne. Un \u00e9lectroenc\u00e9phalographe sp\u00e9cial est \u00e9galement employ\u00e9 pour lire les ondes c\u00e9r\u00e9brales de l\u2019individu. Gr\u00e2ce \u00e0 un programme informatique particulier, le cerveau est accord\u00e9 \u00e0 l\u2019\u00e9tat de profonde relaxation requis pour l\u2019\u00e9tude.<\/p>\n\n\n\n<p>Les r\u00e9sultats suivants, recueillis aupr\u00e8s de plus de 500 participants, sont stup\u00e9fiants\u2026<\/p>\n\n\n\n<ol class=\"wp-block-list\">\n<li>La vitesse d\u2019apprentissage est augment\u00e9e de 300\u202f% \u2013 dans n\u2019importe quelle mati\u00e8re.<\/li>\n\n\n\n<li>La m\u00e9moire s\u2019am\u00e9liore de 300\u202f% \u2013 par exemple pour l\u2019apprentissage des langues.<\/li>\n\n\n\n<li>Stress r\u00e9duit, tension art\u00e9rielle en baisse.<\/li>\n\n\n\n<li>QI augment\u00e9 de 10 \u00e0 30\u202f%.<\/li>\n\n\n\n<li>Vitesse de lecture port\u00e9e de 250 \u00e0 750 mots\/minute.<\/li>\n\n\n\n<li>Les notes d\u2019examen augmentent de deux niveaux, par exemple de C \u00e0 A.<\/li>\n<\/ol>\n\n\n\n<p>L\u2019Institut propose un \u00ab\u202fbrain training\u202f\u00bb qui apprend \u00e0 l\u2019\u00e9tudiant \u00e0 se caler sur les ondes alpha et th\u00eata du cerveau, les fr\u00e9quences id\u00e9ales pour l\u2019apprentissage.<\/p>\n\n\n\n<p>Normalement, atteindre une fr\u00e9quence alpha de neuf hertz n\u00e9cessiterait entre deux et cinq ans de pratique de la m\u00e9ditation. Pour arriver \u00e0 sept hertz, il faut parfois jusqu\u2019\u00e0 vingt ans. Gr\u00e2ce \u00e0 Brainwave I, cependant, un \u00e9tudiant peut atteindre neuf Hz ou moins en seulement douze minutes, et sept Hz en cinq \u00e0 dix heures. Comme on le dit chez Alphalearning\u202f: \u00ab\u202fVous n\u2019avez plus besoin de laisser pousser vos cheveux, de porter des robes, de vous asseoir sur des rochers durs ou d\u2019engager un gourou\u202f; l\u2019ordinateur est le nouveau gourou.\u202f\u00bb Fait encore plus remarquable, chaque dipl\u00f4m\u00e9 a conserv\u00e9, et dans la plupart des cas am\u00e9lior\u00e9, sa capacit\u00e9 de contr\u00f4le c\u00e9r\u00e9bral lorsqu\u2019il a \u00e9t\u00e9 test\u00e9 un an plus tard.<\/p>\n\n\n\n<p>Brainwave I a \u00e9t\u00e9 d\u00e9crite comme le nec plus ultra de l\u2019\u00e9quipement d\u2019exercice et d\u2019entra\u00eenement pour le cerveau, et comme une \u00ab\u202fneurochirurgie avec ondes lumineuses et sonores\u202f\u00bb. Pourtant, ce n\u2019est pas une invention apparue du jour au lendemain. Il a fallu dix-neuf ann\u00e9es de recherche et 5\u202fmillions de dollars d\u2019investissement pour d\u00e9couvrir que l\u2019on pouvait entra\u00eener les gens \u00e0 contr\u00f4ler leurs propres ondes c\u00e9r\u00e9brales, puis quatre ann\u00e9es suppl\u00e9mentaires pour peaufiner le logiciel de formation de mani\u00e8re \u00e0 permettre l\u2019obtention rapide de ce contr\u00f4le.<\/p>\n\n\n\n<p>Mis \u00e0 part les avantages \u00e9vidents que cette technologie offre en mati\u00e8re d\u2019am\u00e9lioration des capacit\u00e9s d\u2019apprentissage, un effet inattendu est apparu chez plusieurs victimes de l\u00e9sions c\u00e9r\u00e9brales. Bien qu\u2019il soit pr\u00e9matur\u00e9 de sugg\u00e9rer que Brainwave I constitue une panac\u00e9e universelle, il existe des preuves saisissantes de son potentiel \u00e0 inverser ce que l\u2019on croyait jusqu\u2019alors \u00eatre des l\u00e9sions c\u00e9r\u00e9brales irr\u00e9versibles. <a href=\"https:\/\/alphalearning.com\/fr\/presse-internationale\/synapsia\/\">Prenons l\u2019exemple de Sofie\u202f<\/a>: deux jours apr\u00e8s sa naissance, elle a subi un affaissement pulmonaire et un manque d\u2019oxyg\u00e8ne dans la partie droite de son cerveau. R\u00e9sultat, son c\u00f4t\u00e9 gauche est devenu paralys\u00e9, et des convulsions se sont d\u00e9velopp\u00e9es dans son bras gauche. Elle est rest\u00e9e seize ans en fauteuil roulant. Son p\u00e8re, ayant entendu parler du traitement Alphalearning avec Pyotr, a d\u00e9cid\u00e9 de tenter l\u2019exp\u00e9rience de Brainwave I sur Sofie.<\/p>\n\n\n\n<p>Apr\u00e8s la premi\u00e8re s\u00e9ance de douze minutes, les convulsions \u00e9taient sous contr\u00f4le. En l\u2019espace d\u2019un mois, elle pouvait quitter son fauteuil roulant et y retourner seule, et elle \u00e9tait capable d\u2019aller aux toilettes pour la premi\u00e8re fois de sa vie. Un an plus tard, elle progresse toujours. <a href=\"https:\/\/alphalearning.com\/fr\/presse-internationale\/synapsia\/\">Fait incroyable, ce n\u2019est pas seulement sa force physique qui s\u2019am\u00e9liore\u202f: son QI est pass\u00e9 de 85 \u00e0 135\u202f!<\/a><\/p>\n<\/div><\/div>\n","protected":false},"excerpt":{"rendered":"<p>Apprentissage rapide et performances acad\u00e9miques Pour en savoir plus sur ce sujet, nous vous invitons \u00e0 lire un extrait du [&hellip;]<\/p>\n","protected":false},"author":2,"featured_media":0,"parent":0,"menu_order":350,"comment_status":"closed","ping_status":"closed","template":"","meta":{"_uag_custom_page_level_css":"","site-sidebar-layout":"default","site-content-layout":"","ast-site-content-layout":"default","site-content-style":"default","site-sidebar-style":"default","ast-global-header-display":"","ast-banner-title-visibility":"","ast-main-header-display":"","ast-hfb-above-header-display":"","ast-hfb-below-header-display":"","ast-hfb-mobile-header-display":"","site-post-title":"disabled","ast-breadcrumbs-content":"","ast-featured-img":"","footer-sml-layout":"","ast-disable-related-posts":"","theme-transparent-header-meta":"","adv-header-id-meta":"","stick-header-meta":"","header-above-stick-meta":"","header-main-stick-meta":"","header-below-stick-meta":"","astra-migrate-meta-layouts":"default","ast-page-background-enabled":"default","ast-page-background-meta":{"desktop":{"background-color":"var(--ast-global-color-4)","background-image":"","background-repeat":"repeat","background-position":"center center","background-size":"auto","background-attachment":"scroll","background-type":"","background-media":"","overlay-type":"","overlay-color":"","overlay-opacity":"","overlay-gradient":""},"tablet":{"background-color":"","background-image":"","background-repeat":"repeat","background-position":"center center","background-size":"auto","background-attachment":"scroll","background-type":"","background-media":"","overlay-type":"","overlay-color":"","overlay-opacity":"","overlay-gradient":""},"mobile":{"background-color":"","background-image":"","background-repeat":"repeat","background-position":"center center","background-size":"auto","background-attachment":"scroll","background-type":"","background-media":"","overlay-type":"","overlay-color":"","overlay-opacity":"","overlay-gradient":""}},"ast-content-background-meta":{"desktop":{"background-color":"var(--ast-global-color-5)","background-image":"","background-repeat":"repeat","background-position":"center center","background-size":"auto","background-attachment":"scroll","background-type":"","background-media":"","overlay-type":"","overlay-color":"","overlay-opacity":"","overlay-gradient":""},"tablet":{"background-color":"var(--ast-global-color-5)","background-image":"","background-repeat":"repeat","background-position":"center center","background-size":"auto","background-attachment":"scroll","background-type":"","background-media":"","overlay-type":"","overlay-color":"","overlay-opacity":"","overlay-gradient":""},"mobile":{"background-color":"var(--ast-global-color-5)","background-image":"","background-repeat":"repeat","background-position":"center center","background-size":"auto","background-attachment":"scroll","background-type":"","background-media":"","overlay-type":"","overlay-color":"","overlay-opacity":"","overlay-gradient":""}},"footnotes":""},"class_list":["post-12760","page","type-page","status-publish","hentry"],"yoast_head":"<!-- This site is optimized with the Yoast SEO plugin v27.1.1 - https:\/\/yoast.com\/product\/yoast-seo-wordpress\/ -->\n<title>Apprentissage Rapide, Performance Acad\u00e9mique | Alphalearning<\/title>\n<meta name=\"description\" content=\"D\u00e9couvrez une perc\u00e9e pour l\u2019intelligence. Le succ\u00e8s de Dominic O\u2019Brien avec la technologie Brainwave d\u2019Alphalearning booste vos performances acad\u00e9miques.\" \/>\n<meta name=\"robots\" content=\"index, follow, max-snippet:-1, max-image-preview:large, max-video-preview:-1\" \/>\n<link rel=\"canonical\" href=\"https:\/\/alphalearning.com\/fr\/presse-internationale\/how-to-pass-exams\/\" \/>\n<meta property=\"og:locale\" content=\"fr_FR\" \/>\n<meta property=\"og:type\" content=\"article\" \/>\n<meta property=\"og:title\" content=\"Apprentissage Rapide, Performance Acad\u00e9mique | Alphalearning\" \/>\n<meta property=\"og:description\" content=\"D\u00e9couvrez une perc\u00e9e pour l\u2019intelligence. Le succ\u00e8s de Dominic O\u2019Brien avec la technologie Brainwave d\u2019Alphalearning booste vos performances acad\u00e9miques.\" \/>\n<meta property=\"og:url\" content=\"https:\/\/alphalearning.com\/fr\/presse-internationale\/how-to-pass-exams\/\" \/>\n<meta property=\"og:site_name\" content=\"Alphalearning International\" \/>\n<meta property=\"article:modified_time\" content=\"2025-08-11T08:55:55+00:00\" \/>\n<meta property=\"og:image\" content=\"https:\/\/alphalearning.com\/wp-content\/uploads\/2024\/04\/alphalearning-logo_red_1200x675px.png\" \/>\n\t<meta property=\"og:image:width\" content=\"1200\" \/>\n\t<meta property=\"og:image:height\" content=\"675\" \/>\n\t<meta property=\"og:image:type\" content=\"image\/png\" \/>\n<meta name=\"twitter:card\" content=\"summary_large_image\" \/>\n<meta name=\"twitter:label1\" content=\"Est. reading time\" \/>\n\t<meta name=\"twitter:data1\" content=\"4 minutes\" \/>\n<!-- \/ Yoast SEO plugin. -->","yoast_head_json":{"title":"Apprentissage Rapide, Performance Acad\u00e9mique | Alphalearning","description":"D\u00e9couvrez une perc\u00e9e pour l\u2019intelligence. Le succ\u00e8s de Dominic O\u2019Brien avec la technologie Brainwave d\u2019Alphalearning booste vos performances acad\u00e9miques.","robots":{"index":"index","follow":"follow","max-snippet":"max-snippet:-1","max-image-preview":"max-image-preview:large","max-video-preview":"max-video-preview:-1"},"canonical":"https:\/\/alphalearning.com\/fr\/presse-internationale\/how-to-pass-exams\/","og_locale":"fr_FR","og_type":"article","og_title":"Apprentissage Rapide, Performance Acad\u00e9mique | Alphalearning","og_description":"D\u00e9couvrez une perc\u00e9e pour l\u2019intelligence. Le succ\u00e8s de Dominic O\u2019Brien avec la technologie Brainwave d\u2019Alphalearning booste vos performances acad\u00e9miques.","og_url":"https:\/\/alphalearning.com\/fr\/presse-internationale\/how-to-pass-exams\/","og_site_name":"Alphalearning International","article_modified_time":"2025-08-11T08:55:55+00:00","og_image":[{"width":1200,"height":675,"url":"https:\/\/alphalearning.com\/wp-content\/uploads\/2024\/04\/alphalearning-logo_red_1200x675px.png","type":"image\/png"}],"twitter_card":"summary_large_image","twitter_misc":{"Est. reading time":"4 minutes"},"schema":{"@context":"https:\/\/schema.org","@graph":[{"@type":"WebPage","@id":"https:\/\/alphalearning.com\/fr\/performance-academique\/","url":"https:\/\/alphalearning.com\/fr\/presse-internationale\/how-to-pass-exams\/","name":"Apprentissage Rapide, Performance Acad\u00e9mique | Alphalearning","isPartOf":{"@id":"https:\/\/alphalearning.com\/fr\/#website"},"datePublished":"2024-03-27T16:19:43+00:00","dateModified":"2025-08-11T08:55:55+00:00","description":"D\u00e9couvrez une perc\u00e9e pour l\u2019intelligence. Le succ\u00e8s de Dominic O\u2019Brien avec la technologie Brainwave d\u2019Alphalearning booste vos performances acad\u00e9miques.","breadcrumb":{"@id":"https:\/\/alphalearning.com\/fr\/presse-internationale\/how-to-pass-exams\/#breadcrumb"},"inLanguage":"fr","potentialAction":[{"@type":"ReadAction","target":["https:\/\/alphalearning.com\/fr\/presse-internationale\/how-to-pass-exams\/"]}]},{"@type":"BreadcrumbList","@id":"https:\/\/alphalearning.com\/fr\/presse-internationale\/how-to-pass-exams\/#breadcrumb","itemListElement":[{"@type":"ListItem","position":1,"name":"Home","item":"https:\/\/alphalearning.com\/fr\/"},{"@type":"ListItem","position":2,"name":"Performance Acad\u00e9mique"}]},{"@type":"WebSite","@id":"https:\/\/alphalearning.com\/fr\/#website","url":"https:\/\/alphalearning.com\/fr\/","name":"Alphalearning International","description":"the brain training institute","publisher":{"@id":"https:\/\/alphalearning.com\/fr\/#organization"},"potentialAction":[{"@type":"SearchAction","target":{"@type":"EntryPoint","urlTemplate":"https:\/\/alphalearning.com\/fr\/?s={search_term_string}"},"query-input":{"@type":"PropertyValueSpecification","valueRequired":true,"valueName":"search_term_string"}}],"inLanguage":"fr"},{"@type":"Organization","@id":"https:\/\/alphalearning.com\/fr\/#organization","name":"Alphalearning International","url":"https:\/\/alphalearning.com\/fr\/","logo":{"@type":"ImageObject","inLanguage":"fr","@id":"https:\/\/alphalearning.com\/fr\/#\/schema\/logo\/image\/","url":"https:\/\/alphalearning.com\/wp-content\/uploads\/2024\/03\/alphalearning_ico2_512px.png","contentUrl":"https:\/\/alphalearning.com\/wp-content\/uploads\/2024\/03\/alphalearning_ico2_512px.png","width":512,"height":512,"caption":"Alphalearning International"},"image":{"@id":"https:\/\/alphalearning.com\/fr\/#\/schema\/logo\/image\/"}}]}},"uagb_featured_image_src":{"full":false,"thumbnail":false,"medium":false,"medium_large":false,"large":false,"1536x1536":false,"2048x2048":false,"gform-image-choice-sm":false,"gform-image-choice-md":false,"gform-image-choice-lg":false},"uagb_author_info":{"display_name":"Julio Machado","author_link":"https:\/\/alphalearning.com\/fr\/author\/julio-machado\/"},"uagb_comment_info":0,"uagb_excerpt":"Apprentissage rapide et performances acad\u00e9miques Pour en savoir plus sur ce sujet, nous vous invitons \u00e0 lire un extrait du [&hellip;]","_links":{"self":[{"href":"https:\/\/alphalearning.com\/fr\/wp-json\/wp\/v2\/pages\/12760","targetHints":{"allow":["GET"]}}],"collection":[{"href":"https:\/\/alphalearning.com\/fr\/wp-json\/wp\/v2\/pages"}],"about":[{"href":"https:\/\/alphalearning.com\/fr\/wp-json\/wp\/v2\/types\/page"}],"author":[{"embeddable":true,"href":"https:\/\/alphalearning.com\/fr\/wp-json\/wp\/v2\/users\/2"}],"replies":[{"embeddable":true,"href":"https:\/\/alphalearning.com\/fr\/wp-json\/wp\/v2\/comments?post=12760"}],"version-history":[{"count":7,"href":"https:\/\/alphalearning.com\/fr\/wp-json\/wp\/v2\/pages\/12760\/revisions"}],"predecessor-version":[{"id":16882,"href":"https:\/\/alphalearning.com\/fr\/wp-json\/wp\/v2\/pages\/12760\/revisions\/16882"}],"wp:attachment":[{"href":"https:\/\/alphalearning.com\/fr\/wp-json\/wp\/v2\/media?parent=12760"}],"curies":[{"name":"wp","href":"https:\/\/api.w.org\/{rel}","templated":true}]}}