{"id":12683,"date":"2024-03-27T16:23:09","date_gmt":"2024-03-27T16:23:09","guid":{"rendered":"https:\/\/alphalearning.com\/peut-on-guerir-dyslexie\/dyslexia-case-study\/"},"modified":"2025-02-25T09:39:07","modified_gmt":"2025-02-25T09:39:07","slug":"dyslexie-etude-cas","status":"publish","type":"page","link":"https:\/\/alphalearning.com\/fr\/peut-on-guerir-dyslexie\/dyslexie-etude-cas\/","title":{"rendered":"Dyslexie: \u00c9tude de Cas"},"content":{"rendered":"\n<div class=\"wp-block-uagb-advanced-heading uagb-block-ef06fcf6\"><h1 class=\"uagb-heading-text\">\u00c9tude de cas sur la dyslexie<\/h1><\/div>\n\n\n\n<p><strong>E.A.U. Printemps 2001<\/strong><\/p>\n\n\n\n<p>Une \u00e9tude de cas sur la dyslexie a \u00e9t\u00e9 men\u00e9e aupr\u00e8s d\u2019un groupe de 17 gar\u00e7ons \u00e2g\u00e9s de 14 \u00e0 16 ans, s\u00e9lectionn\u00e9s pour suivre le cours de 5 jours d\u2019Alphalearning ax\u00e9 sur l\u2019entra\u00eenement c\u00e9r\u00e9bral, les techniques d\u2019apprentissage et le neurofeedback. Ils ont \u00e9t\u00e9 \u00e9troitement encadr\u00e9s par leurs professeurs habituels, et le cours a \u00e9t\u00e9 dispens\u00e9 simultan\u00e9ment en anglais et en arabe.<\/p>\n\n\n\n<p>En moyenne, le groupe a enregistr\u00e9 une am\u00e9lioration de 563 % de la vitesse de lecture. Le niveau de compr\u00e9hension moyen a augment\u00e9 de 385 %. Les r\u00e9sultats sont pr\u00e9sent\u00e9s ci-dessous.<\/p>\n\n\n\n<div class=\"wp-block-uagb-container uagb-block-287649df alignfull uagb-is-root-container\"><div class=\"uagb-container-inner-blocks-wrap\">\n<div class=\"wp-block-uagb-container uagb-block-26f09f6c\"><\/div>\n\n\n\n<div class=\"wp-block-uagb-container uagb-block-f372ec8d\">\n<table id=\"tablepress-19\" class=\"tablepress tablepress-id-19\">\n<thead>\n<tr class=\"row-1\">\n\t<td class=\"column-1\"><\/td><th class=\"column-2\"><strong>Vitesse de lecture<\/strong><\/th><td class=\"column-3\"><\/td><th class=\"column-4\"><strong>Vitesse de mouvement oculaire<\/strong><\/th><td class=\"column-5\"><\/td><th class=\"column-6\"><strong>Compr\u00e9hension<\/strong><\/th><td class=\"column-7\"><\/td>\n<\/tr>\n<\/thead>\n<tbody class=\"row-striping row-hover\">\n<tr class=\"row-2\">\n\t<td class=\"column-1\"><\/td><td class=\"column-2\">Avant<\/td><td class=\"column-3\">Apr\u00e8s<\/td><td class=\"column-4\">Avant<\/td><td class=\"column-5\">Apr\u00e8s<\/td><td class=\"column-6\">Avant<\/td><td class=\"column-7\">Apr\u00e8s<\/td>\n<\/tr>\n<tr class=\"row-3\">\n\t<td class=\"column-1\"><strong>1er cours<\/strong><\/td><td class=\"column-2\"><\/td><td class=\"column-3\"><\/td><td class=\"column-4\"><\/td><td class=\"column-5\"><\/td><td class=\"column-6\"><\/td><td class=\"column-7\"><\/td>\n<\/tr>\n<tr class=\"row-4\">\n\t<td class=\"column-1\">Jaber<\/td><td class=\"column-2\">50<\/td><td class=\"column-3\">224<\/td><td class=\"column-4\">840<\/td><td class=\"column-5\">1112<\/td><td class=\"column-6\">30<\/td><td class=\"column-7\">90<\/td>\n<\/tr>\n<tr class=\"row-5\">\n\t<td class=\"column-1\">Fiasal<\/td><td class=\"column-2\">138<\/td><td class=\"column-3\">1053<\/td><td class=\"column-4\">780<\/td><td class=\"column-5\">1012<\/td><td class=\"column-6\">30<\/td><td class=\"column-7\">80<\/td>\n<\/tr>\n<tr class=\"row-6\">\n\t<td class=\"column-1\">Tariq<\/td><td class=\"column-2\">109<\/td><td class=\"column-3\">1181<\/td><td class=\"column-4\">840<\/td><td class=\"column-5\">1600<\/td><td class=\"column-6\">45<\/td><td class=\"column-7\">80<\/td>\n<\/tr>\n<tr class=\"row-7\">\n\t<td class=\"column-1\">Sultan<\/td><td class=\"column-2\">45<\/td><td class=\"column-3\">1022<\/td><td class=\"column-4\">900<\/td><td class=\"column-5\">1680<\/td><td class=\"column-6\">25<\/td><td class=\"column-7\">75<\/td>\n<\/tr>\n<tr class=\"row-8\">\n\t<td class=\"column-1\">Aziz<\/td><td class=\"column-2\">52<\/td><td class=\"column-3\">184<\/td><td class=\"column-4\">800<\/td><td class=\"column-5\">1000<\/td><td class=\"column-6\">7<\/td><td class=\"column-7\">70<\/td>\n<\/tr>\n<tr class=\"row-9\">\n\t<td class=\"column-1\">Khaled<\/td><td class=\"column-2\">84<\/td><td class=\"column-3\">188<\/td><td class=\"column-4\">720<\/td><td class=\"column-5\">760<\/td><td class=\"column-6\">7<\/td><td class=\"column-7\">65<\/td>\n<\/tr>\n<tr class=\"row-10\">\n\t<td class=\"column-1\">Mohammed<\/td><td class=\"column-2\">137<\/td><td class=\"column-3\">240<\/td><td class=\"column-4\">1440<\/td><td class=\"column-5\">1600<\/td><td class=\"column-6\">15<\/td><td class=\"column-7\">65<\/td>\n<\/tr>\n<tr class=\"row-11\">\n\t<td class=\"column-1\"><\/td><td class=\"column-2\"><\/td><td class=\"column-3\"><\/td><td class=\"column-4\"><\/td><td class=\"column-5\"><\/td><td class=\"column-6\"><\/td><td class=\"column-7\"><\/td>\n<\/tr>\n<tr class=\"row-12\">\n\t<td class=\"column-1\"><strong>2e cours<\/strong><\/td><td class=\"column-2\"><\/td><td class=\"column-3\"><\/td><td class=\"column-4\"><\/td><td class=\"column-5\"><\/td><td class=\"column-6\"><\/td><td class=\"column-7\"><\/td>\n<\/tr>\n<tr class=\"row-13\">\n\t<td class=\"column-1\">Mohammed Nooman<\/td><td class=\"column-2\">64<\/td><td class=\"column-3\">960<\/td><td class=\"column-4\">1008<\/td><td class=\"column-5\">1430<\/td><td class=\"column-6\">30<\/td><td class=\"column-7\">75<\/td>\n<\/tr>\n<tr class=\"row-14\">\n\t<td class=\"column-1\">Hassan<\/td><td class=\"column-2\">52<\/td><td class=\"column-3\">784<\/td><td class=\"column-4\">920<\/td><td class=\"column-5\">1112<\/td><td class=\"column-6\">30<\/td><td class=\"column-7\">85<\/td>\n<\/tr>\n<tr class=\"row-15\">\n\t<td class=\"column-1\">Mahfooz<\/td><td class=\"column-2\">80<\/td><td class=\"column-3\">186<\/td><td class=\"column-4\">960<\/td><td class=\"column-5\">1116<\/td><td class=\"column-6\">35<\/td><td class=\"column-7\">80<\/td>\n<\/tr>\n<tr class=\"row-16\">\n\t<td class=\"column-1\">Khalifa<\/td><td class=\"column-2\">161<\/td><td class=\"column-3\">300<\/td><td class=\"column-4\">800<\/td><td class=\"column-5\">1116<\/td><td class=\"column-6\">50<\/td><td class=\"column-7\">90<\/td>\n<\/tr>\n<tr class=\"row-17\">\n\t<td class=\"column-1\">Yesser<\/td><td class=\"column-2\">183<\/td><td class=\"column-3\">778<\/td><td class=\"column-4\">920<\/td><td class=\"column-5\">1112<\/td><td class=\"column-6\">10<\/td><td class=\"column-7\">90<\/td>\n<\/tr>\n<tr class=\"row-18\">\n\t<td class=\"column-1\"><\/td><td class=\"column-2\"><\/td><td class=\"column-3\"><\/td><td class=\"column-4\"><\/td><td class=\"column-5\"><\/td><td class=\"column-6\"><\/td><td class=\"column-7\"><\/td>\n<\/tr>\n<tr class=\"row-19\">\n\t<td class=\"column-1\"><strong>3e cours<\/strong><\/td><td class=\"column-2\"><\/td><td class=\"column-3\"><\/td><td class=\"column-4\"><\/td><td class=\"column-5\"><\/td><td class=\"column-6\"><\/td><td class=\"column-7\"><\/td>\n<\/tr>\n<tr class=\"row-20\">\n\t<td class=\"column-1\">Dahi<\/td><td class=\"column-2\">102<\/td><td class=\"column-3\">385<\/td><td class=\"column-4\">1380<\/td><td class=\"column-5\">1320<\/td><td class=\"column-6\">9<\/td><td class=\"column-7\">75<\/td>\n<\/tr>\n<tr class=\"row-21\">\n\t<td class=\"column-1\">Saeed<\/td><td class=\"column-2\">76<\/td><td class=\"column-3\">700<\/td><td class=\"column-4\">1000<\/td><td class=\"column-5\">1116<\/td><td class=\"column-6\">7<\/td><td class=\"column-7\">75<\/td>\n<\/tr>\n<tr class=\"row-22\">\n\t<td class=\"column-1\">Mahdi<\/td><td class=\"column-2\">128<\/td><td class=\"column-3\">585<\/td><td class=\"column-4\">920<\/td><td class=\"column-5\">1116<\/td><td class=\"column-6\">0<\/td><td class=\"column-7\">70<\/td>\n<\/tr>\n<tr class=\"row-23\">\n\t<td class=\"column-1\">Hamdan<\/td><td class=\"column-2\">142<\/td><td class=\"column-3\">341<\/td><td class=\"column-4\">1008<\/td><td class=\"column-5\">1380<\/td><td class=\"column-6\">10<\/td><td class=\"column-7\">80<\/td>\n<\/tr>\n<tr class=\"row-24\">\n\t<td class=\"column-1\">Ali<\/td><td class=\"column-2\">64<\/td><td class=\"column-3\">282<\/td><td class=\"column-4\">1008<\/td><td class=\"column-5\">1320<\/td><td class=\"column-6\">0<\/td><td class=\"column-7\">65<\/td>\n<\/tr>\n<tr class=\"row-25\">\n\t<td class=\"column-1\"><\/td><td class=\"column-2\"><\/td><td class=\"column-3\"><\/td><td class=\"column-4\"><\/td><td class=\"column-5\"><\/td><td class=\"column-6\"><\/td><td class=\"column-7\"><\/td>\n<\/tr>\n<tr class=\"row-26\">\n\t<td class=\"column-1\"><strong>Somme<\/strong><\/td><td class=\"column-2\">1667<\/td><td class=\"column-3\">9393<\/td><td class=\"column-4\">16244<\/td><td class=\"column-5\">20902<\/td><td class=\"column-6\">340<\/td><td class=\"column-7\">1310<\/td>\n<\/tr>\n<tr class=\"row-27\">\n\t<td class=\"column-1\"><strong>\u00c9l\u00e8ves<\/strong><\/td><td class=\"column-2\">17<\/td><td class=\"column-3\">17<\/td><td class=\"column-4\">17<\/td><td class=\"column-5\">17<\/td><td class=\"column-6\">17<\/td><td class=\"column-7\">17<\/td>\n<\/tr>\n<tr class=\"row-28\">\n\t<td class=\"column-1\"><\/td><td class=\"column-2\"><\/td><td class=\"column-3\"><\/td><td class=\"column-4\"><\/td><td class=\"column-5\"><\/td><td class=\"column-6\"><\/td><td class=\"column-7\"><\/td>\n<\/tr>\n<tr class=\"row-29\">\n\t<td class=\"column-1\"><strong>Moyennes<\/strong><\/td><td class=\"column-2\">98<\/td><td class=\"column-3\">553<\/td><td class=\"column-4\">956<\/td><td class=\"column-5\">1230<\/td><td class=\"column-6\">20<\/td><td class=\"column-7\">77<\/td>\n<\/tr>\n<tr class=\"row-30\">\n\t<td class=\"column-1\"><\/td><td class=\"column-2\"><\/td><td class=\"column-3\"><\/td><td class=\"column-4\"><\/td><td class=\"column-5\"><\/td><td class=\"column-6\"><\/td><td class=\"column-7\"><\/td>\n<\/tr>\n<tr class=\"row-31\">\n\t<td class=\"column-1\"><strong>Variation en %<\/strong><\/td><td class=\"column-2\"><\/td><td class=\"column-3\">563%<\/td><td class=\"column-4\"><\/td><td class=\"column-5\">129%<\/td><td class=\"column-6\"><\/td><td class=\"column-7\">385%<\/td>\n<\/tr>\n<\/tbody>\n<\/table>\n<!-- #tablepress-19 from cache --><\/div>\n\n\n\n<div class=\"wp-block-uagb-container uagb-block-37b8c05d\"><\/div>\n<\/div><\/div>\n\n\n\n<p class=\"has-text-align-right\"><a href=\"https:\/\/alphalearning.com\/can-dyslexia-be-cured\/neurofeedback-and-dyslexia\/\">Neurofeedback et dyslexie \u2013 le d\u00e9roulement au quotidien d\u2019un cours<\/a><br><a href=\"https:\/\/alphalearning.com\/can-dyslexia-be-cured\/dyslexia-double-blind-study\/\">\u00c9tude en double aveugle<\/a><br><a href=\"https:\/\/alphalearning.com\/comments-from-alphalearning-clients\/quotes-from-families\/julia-lowes\/\">Julia Lowes \u2013 L\u2019histoire d\u2019une dyslexique<\/a><br><a href=\"https:\/\/alphalearning.com\/comments-from-alphalearning-clients\/quotes-from-families\/james-douglas\/\">James Douglas<\/a><br><a href=\"https:\/\/alphalearning.com\/comments-from-alphalearning-clients\/quotes-from-families\/dr-h-j-h-richards\/\">Dr H. J. H. Richards<\/a><br><a href=\"https:\/\/alphalearning.com\/fr\/peut-on-guerir-dyslexie\/\">La dyslexie peut-elle \u00eatre gu\u00e9rie&nbsp;?<\/a><\/p>\n","protected":false},"excerpt":{"rendered":"<p>\u00c9tude de cas sur la dyslexie E.A.U. Printemps 2001 Une \u00e9tude de cas sur la dyslexie a \u00e9t\u00e9 men\u00e9e aupr\u00e8s [&hellip;]<\/p>\n","protected":false},"author":2,"featured_media":0,"parent":12677,"menu_order":332,"comment_status":"closed","ping_status":"closed","template":"","meta":{"_uag_custom_page_level_css":"","site-sidebar-layout":"default","site-content-layout":"","ast-site-content-layout":"default","site-content-style":"default","site-sidebar-style":"default","ast-global-header-display":"","ast-banner-title-visibility":"","ast-main-header-display":"","ast-hfb-above-header-display":"","ast-hfb-below-header-display":"","ast-hfb-mobile-header-display":"","site-post-title":"disabled","ast-breadcrumbs-content":"","ast-featured-img":"","footer-sml-layout":"","ast-disable-related-posts":"","theme-transparent-header-meta":"","adv-header-id-meta":"","stick-header-meta":"","header-above-stick-meta":"","header-main-stick-meta":"","header-below-stick-meta":"","astra-migrate-meta-layouts":"default","ast-page-background-enabled":"default","ast-page-background-meta":{"desktop":{"background-color":"var(--ast-global-color-4)","background-image":"","background-repeat":"repeat","background-position":"center center","background-size":"auto","background-attachment":"scroll","background-type":"","background-media":"","overlay-type":"","overlay-color":"","overlay-opacity":"","overlay-gradient":""},"tablet":{"background-color":"","background-image":"","background-repeat":"repeat","background-position":"center center","background-size":"auto","background-attachment":"scroll","background-type":"","background-media":"","overlay-type":"","overlay-color":"","overlay-opacity":"","overlay-gradient":""},"mobile":{"background-color":"","background-image":"","background-repeat":"repeat","background-position":"center center","background-size":"auto","background-attachment":"scroll","background-type":"","background-media":"","overlay-type":"","overlay-color":"","overlay-opacity":"","overlay-gradient":""}},"ast-content-background-meta":{"desktop":{"background-color":"var(--ast-global-color-5)","background-image":"","background-repeat":"repeat","background-position":"center center","background-size":"auto","background-attachment":"scroll","background-type":"","background-media":"","overlay-type":"","overlay-color":"","overlay-opacity":"","overlay-gradient":""},"tablet":{"background-color":"var(--ast-global-color-5)","background-image":"","background-repeat":"repeat","background-position":"center center","background-size":"auto","background-attachment":"scroll","background-type":"","background-media":"","overlay-type":"","overlay-color":"","overlay-opacity":"","overlay-gradient":""},"mobile":{"background-color":"var(--ast-global-color-5)","background-image":"","background-repeat":"repeat","background-position":"center center","background-size":"auto","background-attachment":"scroll","background-type":"","background-media":"","overlay-type":"","overlay-color":"","overlay-opacity":"","overlay-gradient":""}},"footnotes":""},"class_list":["post-12683","page","type-page","status-publish","hentry"],"yoast_head":"<!-- This site is optimized with the Yoast SEO plugin v27.1.1 - https:\/\/yoast.com\/product\/yoast-seo-wordpress\/ -->\n<title>Dyslexie\u00a0: 563\u00a0% de lecture plus rapide avec Alphalearning<\/title>\n<meta name=\"description\" content=\"17 adolescents dyslexiques ont vu leur vitesse de lecture acc\u00e9ler\u00e9e par 563% et leur compr\u00e9hension par 385% apr\u00e8s 5 jours de programme Alphalearning.\" \/>\n<meta name=\"robots\" content=\"index, follow, max-snippet:-1, max-image-preview:large, max-video-preview:-1\" \/>\n<link rel=\"canonical\" href=\"https:\/\/alphalearning.com\/fr\/peut-on-guerir-dyslexie\/dyslexie-etude-cas\/\" \/>\n<meta property=\"og:locale\" content=\"fr_FR\" \/>\n<meta property=\"og:type\" content=\"article\" \/>\n<meta property=\"og:title\" content=\"Dyslexie\u00a0: 563\u00a0% de lecture plus rapide avec Alphalearning\" \/>\n<meta property=\"og:description\" content=\"17 adolescents dyslexiques ont vu leur vitesse de lecture acc\u00e9ler\u00e9e par 563% et leur compr\u00e9hension par 385% apr\u00e8s 5 jours de programme Alphalearning.\" \/>\n<meta property=\"og:url\" content=\"https:\/\/alphalearning.com\/fr\/peut-on-guerir-dyslexie\/dyslexie-etude-cas\/\" \/>\n<meta property=\"og:site_name\" content=\"Alphalearning International\" \/>\n<meta property=\"article:modified_time\" content=\"2025-02-25T09:39:07+00:00\" \/>\n<meta property=\"og:image\" content=\"https:\/\/alphalearning.com\/wp-content\/uploads\/2024\/04\/alphalearning-logo_red_1200x675px.png\" \/>\n\t<meta property=\"og:image:width\" content=\"1200\" \/>\n\t<meta property=\"og:image:height\" content=\"675\" \/>\n\t<meta property=\"og:image:type\" content=\"image\/png\" \/>\n<meta name=\"twitter:card\" content=\"summary_large_image\" \/>\n<meta name=\"twitter:label1\" content=\"Est. reading time\" \/>\n\t<meta name=\"twitter:data1\" content=\"1 minute\" \/>\n<!-- \/ Yoast SEO plugin. -->","yoast_head_json":{"title":"Dyslexie\u00a0: 563\u00a0% de lecture plus rapide avec Alphalearning","description":"17 adolescents dyslexiques ont vu leur vitesse de lecture acc\u00e9ler\u00e9e par 563% et leur compr\u00e9hension par 385% apr\u00e8s 5 jours de programme Alphalearning.","robots":{"index":"index","follow":"follow","max-snippet":"max-snippet:-1","max-image-preview":"max-image-preview:large","max-video-preview":"max-video-preview:-1"},"canonical":"https:\/\/alphalearning.com\/fr\/peut-on-guerir-dyslexie\/dyslexie-etude-cas\/","og_locale":"fr_FR","og_type":"article","og_title":"Dyslexie\u00a0: 563\u00a0% de lecture plus rapide avec Alphalearning","og_description":"17 adolescents dyslexiques ont vu leur vitesse de lecture acc\u00e9ler\u00e9e par 563% et leur compr\u00e9hension par 385% apr\u00e8s 5 jours de programme Alphalearning.","og_url":"https:\/\/alphalearning.com\/fr\/peut-on-guerir-dyslexie\/dyslexie-etude-cas\/","og_site_name":"Alphalearning International","article_modified_time":"2025-02-25T09:39:07+00:00","og_image":[{"width":1200,"height":675,"url":"https:\/\/alphalearning.com\/wp-content\/uploads\/2024\/04\/alphalearning-logo_red_1200x675px.png","type":"image\/png"}],"twitter_card":"summary_large_image","twitter_misc":{"Est. reading time":"1 minute"},"schema":{"@context":"https:\/\/schema.org","@graph":[{"@type":"WebPage","@id":"https:\/\/alphalearning.com\/fr\/peut-on-guerir-dyslexie\/dyslexie-etude-cas\/","url":"https:\/\/alphalearning.com\/fr\/peut-on-guerir-dyslexie\/dyslexie-etude-cas\/","name":"Dyslexie\u00a0: 563\u00a0% de lecture plus rapide avec Alphalearning","isPartOf":{"@id":"https:\/\/alphalearning.com\/fr\/#website"},"datePublished":"2024-03-27T16:23:09+00:00","dateModified":"2025-02-25T09:39:07+00:00","description":"17 adolescents dyslexiques ont vu leur vitesse de lecture acc\u00e9ler\u00e9e par 563% et leur compr\u00e9hension par 385% apr\u00e8s 5 jours de programme Alphalearning.","breadcrumb":{"@id":"https:\/\/alphalearning.com\/fr\/peut-on-guerir-dyslexie\/dyslexie-etude-cas\/#breadcrumb"},"inLanguage":"fr","potentialAction":[{"@type":"ReadAction","target":["https:\/\/alphalearning.com\/fr\/peut-on-guerir-dyslexie\/dyslexie-etude-cas\/"]}]},{"@type":"BreadcrumbList","@id":"https:\/\/alphalearning.com\/fr\/peut-on-guerir-dyslexie\/dyslexie-etude-cas\/#breadcrumb","itemListElement":[{"@type":"ListItem","position":1,"name":"Home","item":"https:\/\/alphalearning.com\/fr\/"},{"@type":"ListItem","position":2,"name":"Peut-on Gu\u00e9rir la Dyslexie","item":"https:\/\/alphalearning.com\/fr\/peut-on-guerir-dyslexie\/"},{"@type":"ListItem","position":3,"name":"Dyslexie: \u00c9tude de Cas"}]},{"@type":"WebSite","@id":"https:\/\/alphalearning.com\/fr\/#website","url":"https:\/\/alphalearning.com\/fr\/","name":"Alphalearning International","description":"the brain training institute","publisher":{"@id":"https:\/\/alphalearning.com\/fr\/#organization"},"potentialAction":[{"@type":"SearchAction","target":{"@type":"EntryPoint","urlTemplate":"https:\/\/alphalearning.com\/fr\/?s={search_term_string}"},"query-input":{"@type":"PropertyValueSpecification","valueRequired":true,"valueName":"search_term_string"}}],"inLanguage":"fr"},{"@type":"Organization","@id":"https:\/\/alphalearning.com\/fr\/#organization","name":"Alphalearning International","url":"https:\/\/alphalearning.com\/fr\/","logo":{"@type":"ImageObject","inLanguage":"fr","@id":"https:\/\/alphalearning.com\/fr\/#\/schema\/logo\/image\/","url":"https:\/\/alphalearning.com\/wp-content\/uploads\/2024\/03\/alphalearning_ico2_512px.png","contentUrl":"https:\/\/alphalearning.com\/wp-content\/uploads\/2024\/03\/alphalearning_ico2_512px.png","width":512,"height":512,"caption":"Alphalearning International"},"image":{"@id":"https:\/\/alphalearning.com\/fr\/#\/schema\/logo\/image\/"}}]}},"uagb_featured_image_src":{"full":false,"thumbnail":false,"medium":false,"medium_large":false,"large":false,"1536x1536":false,"2048x2048":false,"gform-image-choice-sm":false,"gform-image-choice-md":false,"gform-image-choice-lg":false},"uagb_author_info":{"display_name":"Julio Machado","author_link":"https:\/\/alphalearning.com\/fr\/author\/julio-machado\/"},"uagb_comment_info":0,"uagb_excerpt":"\u00c9tude de cas sur la dyslexie E.A.U. Printemps 2001 Une \u00e9tude de cas sur la dyslexie a \u00e9t\u00e9 men\u00e9e aupr\u00e8s [&hellip;]","_links":{"self":[{"href":"https:\/\/alphalearning.com\/fr\/wp-json\/wp\/v2\/pages\/12683","targetHints":{"allow":["GET"]}}],"collection":[{"href":"https:\/\/alphalearning.com\/fr\/wp-json\/wp\/v2\/pages"}],"about":[{"href":"https:\/\/alphalearning.com\/fr\/wp-json\/wp\/v2\/types\/page"}],"author":[{"embeddable":true,"href":"https:\/\/alphalearning.com\/fr\/wp-json\/wp\/v2\/users\/2"}],"replies":[{"embeddable":true,"href":"https:\/\/alphalearning.com\/fr\/wp-json\/wp\/v2\/comments?post=12683"}],"version-history":[{"count":4,"href":"https:\/\/alphalearning.com\/fr\/wp-json\/wp\/v2\/pages\/12683\/revisions"}],"predecessor-version":[{"id":15322,"href":"https:\/\/alphalearning.com\/fr\/wp-json\/wp\/v2\/pages\/12683\/revisions\/15322"}],"up":[{"embeddable":true,"href":"https:\/\/alphalearning.com\/fr\/wp-json\/wp\/v2\/pages\/12677"}],"wp:attachment":[{"href":"https:\/\/alphalearning.com\/fr\/wp-json\/wp\/v2\/media?parent=12683"}],"curies":[{"name":"wp","href":"https:\/\/api.w.org\/{rel}","templated":true}]}}