{"id":12677,"date":"2024-03-27T16:22:52","date_gmt":"2024-03-27T16:22:52","guid":{"rendered":"https:\/\/alphalearning.com\/can-dyslexia-be-cured\/"},"modified":"2025-02-25T09:30:55","modified_gmt":"2025-02-25T09:30:55","slug":"peut-on-guerir-dyslexie","status":"publish","type":"page","link":"https:\/\/alphalearning.com\/fr\/peut-on-guerir-dyslexie\/","title":{"rendered":"Peut-on Gu\u00e9rir la Dyslexie"},"content":{"rendered":"\n<div class=\"wp-block-uagb-advanced-heading uagb-block-e58a12a6\"><h1 class=\"uagb-heading-text\">La dyslexie peut-elle \u00eatre gu\u00e9rie ?<\/h1><\/div>\n\n\n\n<p>Cet extrait est tir\u00e9 de l\u2019article \u00ab\u202fAlphalearning Revolution\u202f\u00bb, de Jules Marshall, apr\u00e8s trois ans d\u2019entretiens avec des clients chez Alphalearning.<\/p>\n\n\n\n<p><em>\u00ab\u202f(\u2026) \u00c0 mesure qu\u2019il devenait clair que ce qui, au d\u00e9part, n\u2019\u00e9tait qu\u2019un simple moyen d\u2019apprendre aux dirigeants \u00e0 lire plus vite se transformait en une v\u00e9ritable r\u00e9volution m\u00e9dicale, Alphalearning a d\u00fb d\u00e9cider quel \u00e9tait l\u2019objectif de son activit\u00e9. \u201cIl y a 200\u202f000 personnes qui travaillent dans le domaine de la dyslexie rien qu\u2019aux \u00c9tats-Unis,\u201d disent-ils. \u201cQue vont-ils dire quand nous leur annoncerons que cela n\u2019existe pas\u202f?\u201d Apr\u00e8s avoir pr\u00e9sent\u00e9 un premier compte rendu de certaines de ses d\u00e9couvertes lors d\u2019une r\u00e9union \u00e0 huis clos de psychologues sp\u00e9cialis\u00e9s dans la transe, en Am\u00e9rique, en 1990, ils ont \u00e9t\u00e9 avertis qu\u2019ils devraient prouver leurs affirmations avant de les rendre publiques, \u201cou \u00eatre crucifi\u00e9s.\u201d\u202f\u00bb<\/em><\/p>\n\n\n\n<p>Alphalearning s\u2019est engag\u00e9 \u00e0 tester le syst\u00e8me sur plus de 500 sujets, avec au moins 1\u202f000 EEG, avant de faire la moindre d\u00e9claration. Le 500\u1d49 sujet a \u00e9t\u00e9 \u00e9valu\u00e9 \u00e0 l\u2019\u00e9t\u00e9 1995, juste avant qu\u2019Alphalearning ne \u00ab\u202frende publique\u202f\u00bb son approche.<\/p>\n\n\n\n<p>En 1996, alors qu\u2019Alphalearning donnait une conf\u00e9rence lors du Congr\u00e8s international de l\u2019EEG et du Neurofeedback, une preuve concluante a d\u00e9montr\u00e9 que la dyslexie pouvait \u00eatre gu\u00e9rie en 10 \u00e0 30\u202fheures de formation.<\/p>\n\n\n\n<p>Gr\u00e2ce aux liens ci-dessous, vous pouvez vous informer et comprendre comment et pourquoi la dyslexie peut \u00eatre gu\u00e9rie en cinq jours, sans aucun m\u00e9dicament et avec des effets b\u00e9n\u00e9fiques :<\/p>\n\n\n\n<ul class=\"wp-block-list\">\n<li><a href=\"https:\/\/alphalearning.com\/can-dyslexia-be-cured\/neurofeedback-and-dyslexia\/\">Neurofeedback et Dyslexie \u2013 Au quotidien d\u2019un cours<\/a><\/li>\n\n\n\n<li><a href=\"https:\/\/alphalearning.com\/can-dyslexia-be-cured\/dyslexia-double-blind-study\/\">\u00c9tude en double aveugle<\/a><\/li>\n\n\n\n<li><a href=\"https:\/\/alphalearning.com\/can-dyslexia-be-cured\/dyslexia-case-study\/\">\u00c9tude de cas<\/a><\/li>\n\n\n\n<li><a href=\"https:\/\/alphalearning.com\/comments-from-alphalearning-clients\/quotes-from-families\/julia-lowes\/\">Julia Lowes<\/a><\/li>\n\n\n\n<li><a href=\"https:\/\/alphalearning.com\/comments-from-alphalearning-clients\/quotes-from-families\/james-douglas\/\">James Douglas<\/a><\/li>\n\n\n\n<li><a href=\"https:\/\/alphalearning.com\/comments-from-alphalearning-clients\/quotes-from-families\/dr-h-j-h-richards\/\">Dr H. J. H. Richards<\/a><\/li>\n<\/ul>\n\n\n\n<p>Si vous avez des questions concernant votre cas particulier, <a href=\"https:\/\/alphalearning.com\/fr\/contact\/\">veuillez nous contacter<\/a>.<\/p>\n","protected":false},"excerpt":{"rendered":"<p>La dyslexie peut-elle \u00eatre gu\u00e9rie ? Cet extrait est tir\u00e9 de l\u2019article \u00ab\u202fAlphalearning Revolution\u202f\u00bb, de Jules Marshall, apr\u00e8s trois ans [&hellip;]<\/p>\n","protected":false},"author":2,"featured_media":0,"parent":0,"menu_order":330,"comment_status":"closed","ping_status":"closed","template":"","meta":{"_uag_custom_page_level_css":"","site-sidebar-layout":"default","site-content-layout":"","ast-site-content-layout":"default","site-content-style":"default","site-sidebar-style":"default","ast-global-header-display":"","ast-banner-title-visibility":"","ast-main-header-display":"","ast-hfb-above-header-display":"","ast-hfb-below-header-display":"","ast-hfb-mobile-header-display":"","site-post-title":"disabled","ast-breadcrumbs-content":"","ast-featured-img":"","footer-sml-layout":"","ast-disable-related-posts":"","theme-transparent-header-meta":"","adv-header-id-meta":"","stick-header-meta":"","header-above-stick-meta":"","header-main-stick-meta":"","header-below-stick-meta":"","astra-migrate-meta-layouts":"default","ast-page-background-enabled":"default","ast-page-background-meta":{"desktop":{"background-color":"var(--ast-global-color-4)","background-image":"","background-repeat":"repeat","background-position":"center center","background-size":"auto","background-attachment":"scroll","background-type":"","background-media":"","overlay-type":"","overlay-color":"","overlay-opacity":"","overlay-gradient":""},"tablet":{"background-color":"","background-image":"","background-repeat":"repeat","background-position":"center center","background-size":"auto","background-attachment":"scroll","background-type":"","background-media":"","overlay-type":"","overlay-color":"","overlay-opacity":"","overlay-gradient":""},"mobile":{"background-color":"","background-image":"","background-repeat":"repeat","background-position":"center center","background-size":"auto","background-attachment":"scroll","background-type":"","background-media":"","overlay-type":"","overlay-color":"","overlay-opacity":"","overlay-gradient":""}},"ast-content-background-meta":{"desktop":{"background-color":"var(--ast-global-color-5)","background-image":"","background-repeat":"repeat","background-position":"center center","background-size":"auto","background-attachment":"scroll","background-type":"","background-media":"","overlay-type":"","overlay-color":"","overlay-opacity":"","overlay-gradient":""},"tablet":{"background-color":"var(--ast-global-color-5)","background-image":"","background-repeat":"repeat","background-position":"center center","background-size":"auto","background-attachment":"scroll","background-type":"","background-media":"","overlay-type":"","overlay-color":"","overlay-opacity":"","overlay-gradient":""},"mobile":{"background-color":"var(--ast-global-color-5)","background-image":"","background-repeat":"repeat","background-position":"center center","background-size":"auto","background-attachment":"scroll","background-type":"","background-media":"","overlay-type":"","overlay-color":"","overlay-opacity":"","overlay-gradient":""}},"footnotes":""},"class_list":["post-12677","page","type-page","status-publish","hentry"],"yoast_head":"<!-- This site is optimized with the Yoast SEO plugin v27.1.1 - https:\/\/yoast.com\/product\/yoast-seo-wordpress\/ -->\n<title>La dyslexie peut-elle \u00eatre gu\u00e9rie\u202f? Preuve en 10-30\u202fheures<\/title>\n<meta name=\"description\" content=\"D\u00e9couvrez comment Alphalearning a prouv\u00e9 que la dyslexie se gu\u00e9rit en 10 \u00e0 30\u202fheures lors du Congr\u00e8s international EEG et Neurofeedback.\" \/>\n<meta name=\"robots\" content=\"index, follow, max-snippet:-1, max-image-preview:large, max-video-preview:-1\" \/>\n<link rel=\"canonical\" href=\"https:\/\/alphalearning.com\/fr\/peut-on-guerir-dyslexie\/\" \/>\n<meta property=\"og:locale\" content=\"fr_FR\" \/>\n<meta property=\"og:type\" content=\"article\" \/>\n<meta property=\"og:title\" content=\"La dyslexie peut-elle \u00eatre gu\u00e9rie\u202f? Preuve en 10-30\u202fheures\" \/>\n<meta property=\"og:description\" content=\"D\u00e9couvrez comment Alphalearning a prouv\u00e9 que la dyslexie se gu\u00e9rit en 10 \u00e0 30\u202fheures lors du Congr\u00e8s international EEG et Neurofeedback.\" \/>\n<meta property=\"og:url\" content=\"https:\/\/alphalearning.com\/fr\/peut-on-guerir-dyslexie\/\" \/>\n<meta property=\"og:site_name\" content=\"Alphalearning International\" \/>\n<meta property=\"article:modified_time\" content=\"2025-02-25T09:30:55+00:00\" \/>\n<meta property=\"og:image\" content=\"https:\/\/alphalearning.com\/wp-content\/uploads\/2024\/04\/alphalearning-logo_red_1200x675px.png\" \/>\n\t<meta property=\"og:image:width\" content=\"1200\" \/>\n\t<meta property=\"og:image:height\" content=\"675\" \/>\n\t<meta property=\"og:image:type\" content=\"image\/png\" \/>\n<meta name=\"twitter:card\" content=\"summary_large_image\" \/>\n<meta name=\"twitter:label1\" content=\"Est. reading time\" \/>\n\t<meta name=\"twitter:data1\" content=\"2 minutes\" \/>\n<!-- \/ Yoast SEO plugin. -->","yoast_head_json":{"title":"La dyslexie peut-elle \u00eatre gu\u00e9rie\u202f? Preuve en 10-30\u202fheures","description":"D\u00e9couvrez comment Alphalearning a prouv\u00e9 que la dyslexie se gu\u00e9rit en 10 \u00e0 30\u202fheures lors du Congr\u00e8s international EEG et Neurofeedback.","robots":{"index":"index","follow":"follow","max-snippet":"max-snippet:-1","max-image-preview":"max-image-preview:large","max-video-preview":"max-video-preview:-1"},"canonical":"https:\/\/alphalearning.com\/fr\/peut-on-guerir-dyslexie\/","og_locale":"fr_FR","og_type":"article","og_title":"La dyslexie peut-elle \u00eatre gu\u00e9rie\u202f? Preuve en 10-30\u202fheures","og_description":"D\u00e9couvrez comment Alphalearning a prouv\u00e9 que la dyslexie se gu\u00e9rit en 10 \u00e0 30\u202fheures lors du Congr\u00e8s international EEG et Neurofeedback.","og_url":"https:\/\/alphalearning.com\/fr\/peut-on-guerir-dyslexie\/","og_site_name":"Alphalearning International","article_modified_time":"2025-02-25T09:30:55+00:00","og_image":[{"width":1200,"height":675,"url":"https:\/\/alphalearning.com\/wp-content\/uploads\/2024\/04\/alphalearning-logo_red_1200x675px.png","type":"image\/png"}],"twitter_card":"summary_large_image","twitter_misc":{"Est. reading time":"2 minutes"},"schema":{"@context":"https:\/\/schema.org","@graph":[{"@type":"WebPage","@id":"https:\/\/alphalearning.com\/fr\/peut-on-guerir-dyslexie\/","url":"https:\/\/alphalearning.com\/fr\/peut-on-guerir-dyslexie\/","name":"La dyslexie peut-elle \u00eatre gu\u00e9rie\u202f? Preuve en 10-30\u202fheures","isPartOf":{"@id":"https:\/\/alphalearning.com\/fr\/#website"},"datePublished":"2024-03-27T16:22:52+00:00","dateModified":"2025-02-25T09:30:55+00:00","description":"D\u00e9couvrez comment Alphalearning a prouv\u00e9 que la dyslexie se gu\u00e9rit en 10 \u00e0 30\u202fheures lors du Congr\u00e8s international EEG et Neurofeedback.","breadcrumb":{"@id":"https:\/\/alphalearning.com\/fr\/peut-on-guerir-dyslexie\/#breadcrumb"},"inLanguage":"fr","potentialAction":[{"@type":"ReadAction","target":["https:\/\/alphalearning.com\/fr\/peut-on-guerir-dyslexie\/"]}]},{"@type":"BreadcrumbList","@id":"https:\/\/alphalearning.com\/fr\/peut-on-guerir-dyslexie\/#breadcrumb","itemListElement":[{"@type":"ListItem","position":1,"name":"Home","item":"https:\/\/alphalearning.com\/fr\/"},{"@type":"ListItem","position":2,"name":"Peut-on Gu\u00e9rir la Dyslexie"}]},{"@type":"WebSite","@id":"https:\/\/alphalearning.com\/fr\/#website","url":"https:\/\/alphalearning.com\/fr\/","name":"Alphalearning International","description":"the brain training institute","publisher":{"@id":"https:\/\/alphalearning.com\/fr\/#organization"},"potentialAction":[{"@type":"SearchAction","target":{"@type":"EntryPoint","urlTemplate":"https:\/\/alphalearning.com\/fr\/?s={search_term_string}"},"query-input":{"@type":"PropertyValueSpecification","valueRequired":true,"valueName":"search_term_string"}}],"inLanguage":"fr"},{"@type":"Organization","@id":"https:\/\/alphalearning.com\/fr\/#organization","name":"Alphalearning International","url":"https:\/\/alphalearning.com\/fr\/","logo":{"@type":"ImageObject","inLanguage":"fr","@id":"https:\/\/alphalearning.com\/fr\/#\/schema\/logo\/image\/","url":"https:\/\/alphalearning.com\/wp-content\/uploads\/2024\/03\/alphalearning_ico2_512px.png","contentUrl":"https:\/\/alphalearning.com\/wp-content\/uploads\/2024\/03\/alphalearning_ico2_512px.png","width":512,"height":512,"caption":"Alphalearning International"},"image":{"@id":"https:\/\/alphalearning.com\/fr\/#\/schema\/logo\/image\/"}}]}},"uagb_featured_image_src":{"full":false,"thumbnail":false,"medium":false,"medium_large":false,"large":false,"1536x1536":false,"2048x2048":false,"gform-image-choice-sm":false,"gform-image-choice-md":false,"gform-image-choice-lg":false},"uagb_author_info":{"display_name":"Julio Machado","author_link":"https:\/\/alphalearning.com\/fr\/author\/julio-machado\/"},"uagb_comment_info":0,"uagb_excerpt":"La dyslexie peut-elle \u00eatre gu\u00e9rie ? Cet extrait est tir\u00e9 de l\u2019article \u00ab\u202fAlphalearning Revolution\u202f\u00bb, de Jules Marshall, apr\u00e8s trois ans [&hellip;]","_links":{"self":[{"href":"https:\/\/alphalearning.com\/fr\/wp-json\/wp\/v2\/pages\/12677","targetHints":{"allow":["GET"]}}],"collection":[{"href":"https:\/\/alphalearning.com\/fr\/wp-json\/wp\/v2\/pages"}],"about":[{"href":"https:\/\/alphalearning.com\/fr\/wp-json\/wp\/v2\/types\/page"}],"author":[{"embeddable":true,"href":"https:\/\/alphalearning.com\/fr\/wp-json\/wp\/v2\/users\/2"}],"replies":[{"embeddable":true,"href":"https:\/\/alphalearning.com\/fr\/wp-json\/wp\/v2\/comments?post=12677"}],"version-history":[{"count":3,"href":"https:\/\/alphalearning.com\/fr\/wp-json\/wp\/v2\/pages\/12677\/revisions"}],"predecessor-version":[{"id":14481,"href":"https:\/\/alphalearning.com\/fr\/wp-json\/wp\/v2\/pages\/12677\/revisions\/14481"}],"wp:attachment":[{"href":"https:\/\/alphalearning.com\/fr\/wp-json\/wp\/v2\/media?parent=12677"}],"curies":[{"name":"wp","href":"https:\/\/api.w.org\/{rel}","templated":true}]}}