{"id":12675,"date":"2024-03-27T16:19:14","date_gmt":"2024-03-27T16:19:14","guid":{"rendered":"https:\/\/alphalearning.com\/about\/"},"modified":"2025-02-26T08:56:09","modified_gmt":"2025-02-26T08:56:09","slug":"a-propos","status":"publish","type":"page","link":"https:\/\/alphalearning.com\/fr\/a-propos\/","title":{"rendered":"\u00c0 Propos"},"content":{"rendered":"\n<div class=\"wp-block-uagb-container uagb-block-aaf393b5 alignfull uagb-is-root-container\"><div class=\"uagb-container-inner-blocks-wrap\">\n<div class=\"wp-block-uagb-container uagb-block-eb10d365\"><\/div>\n\n\n\n<div class=\"wp-block-uagb-container uagb-block-504b4bc0\">\n<div class=\"wp-block-uagb-advanced-heading uagb-block-30b4c75d\"><h1 class=\"uagb-heading-text\">Histoire d\u2019Alphalearning International<\/h1><\/div>\n<\/div>\n<\/div><\/div>\n\n\n\n<div class=\"wp-block-uagb-container uagb-block-13fbed97 alignfull uagb-is-root-container\"><div class=\"uagb-container-inner-blocks-wrap\">\n<div class=\"wp-block-uagb-container uagb-block-3182611c\">\n<div class=\"wp-block-uagb-advanced-heading uagb-block-c6fa4740\"><h3 class=\"uagb-heading-text\">Alphalearning dans la<br>Presse Internationale<\/h3><\/div>\n\n\n\n<ul class=\"wp-block-list\">\n<li><a href=\"https:\/\/alphalearning.com\/world-press\/alphalearning-revolution\/\">Alphalearning Revolution<\/a>, par Jules Marshall. Texte r\u00e9dig\u00e9 apr\u00e8s trois ans d\u2019entretiens avec des cadres, des scientifiques et des familles ayant particip\u00e9 au cours.<\/li>\n\n\n\n<li><a href=\"https:\/\/alphalearning.com\/world-press\/alphalearning-revolution-ii\/\">Alphalearning Revolution II<\/a>, par Jules Marshall. Deuxi\u00e8me \u00e9dition du texte apr\u00e8s dix ans de recherches et d\u2019entretiens.<\/li>\n\n\n\n<li><a href=\"https:\/\/alphalearning.com\/world-press\/synapsia\/\">Synapsia<\/a> \u2013 \u00ab\u202f\u2026 La neurochirurgie par la lumi\u00e8re et le son est d\u00e9sormais une r\u00e9alit\u00e9.\u202f\u00bb<\/li>\n\n\n\n<li><a href=\"https:\/\/alphalearning.com\/world-press\/forbes\/\">Forbes<\/a> \u2013 \u00ab\u202fLire sans pouvoir se souvenir de ce que l\u2019on a lu est inutile. Ainsi, pour la lecture rapide, la m\u00e9moire est le facteur d\u00e9cisif.\u202f\u00bb<\/li>\n\n\n\n<li><a href=\"https:\/\/alphalearning.com\/world-press\/ego-2000\/\">Ego 2000<\/a> \u2013 \u00ab\u202fLes r\u00e9sultats de cette technologie sont un niveau de concentration plus \u00e9lev\u00e9, un QI am\u00e9lior\u00e9 et de meilleures performances sportives.\u202f\u00bb<\/li>\n\n\n\n<li><a href=\"https:\/\/alphalearning.com\/world-press\/how-to-pass-exams\/\">How to Pass Exams<\/a>, par Dominic O\u2019Brien \u2013 \u00ab\u202fJe consid\u00e8re que leur travail repr\u00e9sente une avanc\u00e9e majeure dans l\u2019\u00e9volution de l\u2019intelligence humaine.\u202f\u00bb<\/li>\n\n\n\n<li><a href=\"https:\/\/alphalearning.com\/world-press\/\">Alphalearning dans la presse internationale \u2013 liste compl\u00e8te<br><\/a><\/li>\n<\/ul>\n\n\n\n<div class=\"wp-block-uagb-advanced-heading uagb-block-3c9cef1e\"><h3 class=\"uagb-heading-text\">Commentaires de participants du Cours Apprendre \u00e0 Apprendre<\/h3><\/div>\n\n\n\n<ul class=\"wp-block-list\">\n<li><a href=\"https:\/\/alphalearning.com\/comments-from-alphalearning-clients\/\" data-type=\"page\" data-id=\"81\">Liste de clients<\/a><\/li>\n\n\n\n<li><a href=\"https:\/\/alphalearning.com\/comments-from-alphalearning-clients\/quotes-from-corporate-executives\/\" data-type=\"page\" data-id=\"90\">Entreprises<\/a><\/li>\n\n\n\n<li><a href=\"https:\/\/alphalearning.com\/comments-from-alphalearning-clients\/quotes-from-families\/\" data-type=\"page\" data-id=\"102\">Familles<\/a><\/li>\n\n\n\n<li><a href=\"https:\/\/alphalearning.com\/comments-from-alphalearning-clients\/quotes-from-athletes\/\" data-type=\"page\" data-id=\"83\">Athl\u00e9tisme et sports<\/a><\/li>\n<\/ul>\n<\/div>\n\n\n\n<div class=\"wp-block-uagb-container uagb-block-cd0bd388\">\n<div class=\"wp-block-uagb-advanced-heading uagb-block-4a95acd0\"><h2 class=\"uagb-heading-text\">De l&#8217;institut Alphalearning \u00e0 Alphalearning International<\/h2><\/div>\n\n\n\n<p>Alphalearning International est le fruit de d\u00e9cennies de recherche et de pratique en entra\u00eenement c\u00e9r\u00e9bral. De ces travaux est n\u00e9 le concept de contr\u00f4le des fr\u00e9quences c\u00e9r\u00e9brales, offrant de nombreuses applications comme l\u2019am\u00e9lioration de l\u2019apprentissage et le traitement de troubles tels que le TDAH et la dyslexie. Nous avons modernis\u00e9 la technologie initiale en adoptant un nouvel \u00e9lectroenc\u00e9phalographe ainsi que de nouveaux logiciels et \u00e9quipements de neurofeedback, et en perfectionnant la fabrication du Synergiseur de Neurones Optique-Acoustique, pour aboutir au Syst\u00e8me Brainwave III.<\/p>\n\n\n\n<p>Le Cours Apprendre \u00e0 Apprendre a d\u2019abord \u00e9t\u00e9 con\u00e7u pour un groupe culturel pr\u00e9cis (des entrepreneurs europ\u00e9ens dans les ann\u00e9es 90) et se montrait, par cons\u00e9quent, tr\u00e8s s\u00e9lectif dans son approche, avec un public cible restreint. Conscients de l\u2019\u00e9volution du monde et des avanc\u00e9es technologiques au cours des deux derni\u00e8res d\u00e9cennies, nous avons r\u00e9alis\u00e9 que ce cours devait changer. Une nouvelle vision internationale et interculturelle a rendu ce d\u00e9veloppement possible, aboutissant \u00e0 la naissance d\u2019Alphalearning International.<\/p>\n\n\n\n<p>Cette modernisation se poursuit et restera permanente, car nous sommes attentifs tant au d\u00e9veloppement de nouvelles technologies qu\u2019\u00e0 la diversit\u00e9 des situations que nos clients apportent \u00e0 chaque formation. Aussi bien sur le plan technique que dans les m\u00e9thodes de communication interpersonnelle, nous continuerons \u00e0 collaborer avec des entreprises et chercheurs de premier plan pour garantir la r\u00e9ussite de chaque cours.<\/p>\n\n\n\n<div class=\"wp-block-uagb-advanced-heading uagb-block-a574bd91\"><h2 class=\"uagb-heading-text\">Instructeurs Alphalearning<\/h2><\/div>\n\n\n\n<p>Les instructeurs d\u2019Alphalearning International ont \u00e9t\u00e9 dipl\u00f4m\u00e9s de l\u2019institut Alphalearning en \u00c9cosse en 2010, puis ont suivi une formation intensive au cours des ann\u00e9es suivantes. Ils ont commenc\u00e9 \u00e0 recueillir des donn\u00e9es sur l\u2019application du contr\u00f4le des fr\u00e9quences c\u00e9r\u00e9brales dans divers domaines, men\u00e9 leurs propres \u00e9tudes et recherches, et d\u00e9velopp\u00e9 un syst\u00e8me sp\u00e9cifique pour la performance musicale. En parall\u00e8le, ils ont assur\u00e9 de nombreux cours de formation, des sessions d\u2019\u00e9valuation et un accompagnement personnalis\u00e9.<\/p>\n\n\n\n<p>Membres d\u2019associations de haut QI de renomm\u00e9e internationale telles que Mensa, Triple Nine, Prometheus et Olympiq Societies, les instructeurs d\u2019Alphalearning International parviennent \u00e0 combiner une objectivit\u00e9 pouss\u00e9e avec l\u2019intuition n\u00e9cessaire pour guider les clients dans le d\u00e9veloppement des comp\u00e9tences requises pour atteindre leurs objectifs. Parmi ces comp\u00e9tences figurent, entre autres, la performance acad\u00e9mique et artistique de haut niveau, les techniques de m\u00e9ditation, la ma\u00eetrise des \u00e9tats modifi\u00e9s de conscience, l\u2019\u00e9laboration de strat\u00e9gies et de syst\u00e8mes automatis\u00e9s pour les investissements sur les march\u00e9s financiers internationaux, ainsi que la gestion des relations interpersonnelles (dans et hors du cadre professionnel). Autant de domaines que les instructeurs d\u2019Alphalearning International ma\u00eetrisent et proposent \u00e0 nos clients.<\/p>\n\n\n\n<p>En plus d\u2019une formation approfondie et d\u2019une exp\u00e9rience dans le domaine de l\u2019entra\u00eenement c\u00e9r\u00e9bral\/neurofeedback, ainsi que des comp\u00e9tences vari\u00e9es des instructeurs \u2013 \u00e9l\u00e9ments cl\u00e9s de l\u2019approche d\u2019Alphalearning International \u2013 vous b\u00e9n\u00e9ficierez d\u2019un accompagnement assur\u00e9 par des personnes dot\u00e9es d\u2019une vaste et riche exp\u00e9rience culturelle. Celle-ci repose sur un contact direct avec des pays et cultures d\u2019Orient tels que la Chine, le Japon, l\u2019Inde, le N\u00e9pal, la Tha\u00eflande et le Cambodge, le monde musulman comme l\u2019\u00c9gypte, la Jordanie, la Turquie et la Malaisie, ainsi qu\u2019une grande partie de l\u2019Europe, les \u00c9tats-Unis et l\u2019Am\u00e9rique du Sud. Alphalearning International garantit ainsi \u00e0 ses clients d\u2019\u00eatre entre les mains d\u2019instructeurs pleinement qualifi\u00e9s et d\u00e9vou\u00e9s, capables de saisir la dynamique et de s\u2019adapter pour offrir une formation professionnelle enti\u00e8rement sur mesure.<\/p>\n<\/div>\n<\/div><\/div>\n","protected":false},"excerpt":{"rendered":"<p>Histoire d\u2019Alphalearning International Alphalearning dans laPresse Internationale Commentaires de participants du Cours Apprendre \u00e0 Apprendre De l&#8217;institut Alphalearning \u00e0 Alphalearning [&hellip;]<\/p>\n","protected":false},"author":2,"featured_media":0,"parent":0,"menu_order":700,"comment_status":"closed","ping_status":"closed","template":"","meta":{"_uag_custom_page_level_css":"","site-sidebar-layout":"default","site-content-layout":"","ast-site-content-layout":"default","site-content-style":"default","site-sidebar-style":"default","ast-global-header-display":"","ast-banner-title-visibility":"","ast-main-header-display":"","ast-hfb-above-header-display":"","ast-hfb-below-header-display":"","ast-hfb-mobile-header-display":"","site-post-title":"disabled","ast-breadcrumbs-content":"","ast-featured-img":"","footer-sml-layout":"","ast-disable-related-posts":"","theme-transparent-header-meta":"","adv-header-id-meta":"","stick-header-meta":"","header-above-stick-meta":"","header-main-stick-meta":"","header-below-stick-meta":"","astra-migrate-meta-layouts":"default","ast-page-background-enabled":"default","ast-page-background-meta":{"desktop":{"background-color":"var(--ast-global-color-4)","background-image":"","background-repeat":"repeat","background-position":"center center","background-size":"auto","background-attachment":"scroll","background-type":"","background-media":"","overlay-type":"","overlay-color":"","overlay-opacity":"","overlay-gradient":""},"tablet":{"background-color":"","background-image":"","background-repeat":"repeat","background-position":"center center","background-size":"auto","background-attachment":"scroll","background-type":"","background-media":"","overlay-type":"","overlay-color":"","overlay-opacity":"","overlay-gradient":""},"mobile":{"background-color":"","background-image":"","background-repeat":"repeat","background-position":"center center","background-size":"auto","background-attachment":"scroll","background-type":"","background-media":"","overlay-type":"","overlay-color":"","overlay-opacity":"","overlay-gradient":""}},"ast-content-background-meta":{"desktop":{"background-color":"var(--ast-global-color-5)","background-image":"","background-repeat":"repeat","background-position":"center center","background-size":"auto","background-attachment":"scroll","background-type":"","background-media":"","overlay-type":"","overlay-color":"","overlay-opacity":"","overlay-gradient":""},"tablet":{"background-color":"var(--ast-global-color-5)","background-image":"","background-repeat":"repeat","background-position":"center center","background-size":"auto","background-attachment":"scroll","background-type":"","background-media":"","overlay-type":"","overlay-color":"","overlay-opacity":"","overlay-gradient":""},"mobile":{"background-color":"var(--ast-global-color-5)","background-image":"","background-repeat":"repeat","background-position":"center center","background-size":"auto","background-attachment":"scroll","background-type":"","background-media":"","overlay-type":"","overlay-color":"","overlay-opacity":"","overlay-gradient":""}},"footnotes":""},"class_list":["post-12675","page","type-page","status-publish","hentry"],"yoast_head":"<!-- This site is optimized with the Yoast SEO plugin v27.1.1 - https:\/\/yoast.com\/product\/yoast-seo-wordpress\/ -->\n<title>Histoire d\u2019Alphalearning International \u2013 35 ans de recherche<\/title>\n<meta name=\"description\" content=\"Alphalearning International est le fruit de d\u00e9cennies de recherche sur le contr\u00f4le des fr\u00e9quences c\u00e9r\u00e9brales afin d&#039;agir sur le cerveau.\" \/>\n<meta name=\"robots\" content=\"index, follow, max-snippet:-1, max-image-preview:large, max-video-preview:-1\" \/>\n<link rel=\"canonical\" href=\"https:\/\/alphalearning.com\/fr\/a-propos\/\" \/>\n<meta property=\"og:locale\" content=\"fr_FR\" \/>\n<meta property=\"og:type\" content=\"article\" \/>\n<meta property=\"og:title\" content=\"Histoire d\u2019Alphalearning International \u2013 35 ans de recherche\" \/>\n<meta property=\"og:description\" content=\"Alphalearning International est le fruit de d\u00e9cennies de recherche sur le contr\u00f4le des fr\u00e9quences c\u00e9r\u00e9brales afin d&#039;agir sur le cerveau.\" \/>\n<meta property=\"og:url\" content=\"https:\/\/alphalearning.com\/fr\/a-propos\/\" \/>\n<meta property=\"og:site_name\" content=\"Alphalearning International\" \/>\n<meta property=\"article:modified_time\" content=\"2025-02-26T08:56:09+00:00\" \/>\n<meta property=\"og:image\" content=\"https:\/\/alphalearning.com\/wp-content\/uploads\/2024\/04\/alphalearning-logo_red_1200x675px.png\" \/>\n\t<meta property=\"og:image:width\" content=\"1200\" \/>\n\t<meta property=\"og:image:height\" content=\"675\" \/>\n\t<meta property=\"og:image:type\" content=\"image\/png\" \/>\n<meta name=\"twitter:card\" content=\"summary_large_image\" \/>\n<meta name=\"twitter:label1\" content=\"Est. reading time\" \/>\n\t<meta name=\"twitter:data1\" content=\"4 minutes\" \/>\n<!-- \/ Yoast SEO plugin. -->","yoast_head_json":{"title":"Histoire d\u2019Alphalearning International \u2013 35 ans de recherche","description":"Alphalearning International est le fruit de d\u00e9cennies de recherche sur le contr\u00f4le des fr\u00e9quences c\u00e9r\u00e9brales afin d'agir sur le cerveau.","robots":{"index":"index","follow":"follow","max-snippet":"max-snippet:-1","max-image-preview":"max-image-preview:large","max-video-preview":"max-video-preview:-1"},"canonical":"https:\/\/alphalearning.com\/fr\/a-propos\/","og_locale":"fr_FR","og_type":"article","og_title":"Histoire d\u2019Alphalearning International \u2013 35 ans de recherche","og_description":"Alphalearning International est le fruit de d\u00e9cennies de recherche sur le contr\u00f4le des fr\u00e9quences c\u00e9r\u00e9brales afin d'agir sur le cerveau.","og_url":"https:\/\/alphalearning.com\/fr\/a-propos\/","og_site_name":"Alphalearning International","article_modified_time":"2025-02-26T08:56:09+00:00","og_image":[{"width":1200,"height":675,"url":"https:\/\/alphalearning.com\/wp-content\/uploads\/2024\/04\/alphalearning-logo_red_1200x675px.png","type":"image\/png"}],"twitter_card":"summary_large_image","twitter_misc":{"Est. reading time":"4 minutes"},"schema":{"@context":"https:\/\/schema.org","@graph":[{"@type":"WebPage","@id":"https:\/\/alphalearning.com\/fr\/a-propos\/","url":"https:\/\/alphalearning.com\/fr\/a-propos\/","name":"Histoire d\u2019Alphalearning International \u2013 35 ans de recherche","isPartOf":{"@id":"https:\/\/alphalearning.com\/fr\/#website"},"datePublished":"2024-03-27T16:19:14+00:00","dateModified":"2025-02-26T08:56:09+00:00","description":"Alphalearning International est le fruit de d\u00e9cennies de recherche sur le contr\u00f4le des fr\u00e9quences c\u00e9r\u00e9brales afin d'agir sur le cerveau.","breadcrumb":{"@id":"https:\/\/alphalearning.com\/fr\/a-propos\/#breadcrumb"},"inLanguage":"fr","potentialAction":[{"@type":"ReadAction","target":["https:\/\/alphalearning.com\/fr\/a-propos\/"]}]},{"@type":"BreadcrumbList","@id":"https:\/\/alphalearning.com\/fr\/a-propos\/#breadcrumb","itemListElement":[{"@type":"ListItem","position":1,"name":"Home","item":"https:\/\/alphalearning.com\/fr\/"},{"@type":"ListItem","position":2,"name":"\u00c0 Propos"}]},{"@type":"WebSite","@id":"https:\/\/alphalearning.com\/fr\/#website","url":"https:\/\/alphalearning.com\/fr\/","name":"Alphalearning International","description":"the brain training institute","publisher":{"@id":"https:\/\/alphalearning.com\/fr\/#organization"},"potentialAction":[{"@type":"SearchAction","target":{"@type":"EntryPoint","urlTemplate":"https:\/\/alphalearning.com\/fr\/?s={search_term_string}"},"query-input":{"@type":"PropertyValueSpecification","valueRequired":true,"valueName":"search_term_string"}}],"inLanguage":"fr"},{"@type":"Organization","@id":"https:\/\/alphalearning.com\/fr\/#organization","name":"Alphalearning International","url":"https:\/\/alphalearning.com\/fr\/","logo":{"@type":"ImageObject","inLanguage":"fr","@id":"https:\/\/alphalearning.com\/fr\/#\/schema\/logo\/image\/","url":"https:\/\/alphalearning.com\/wp-content\/uploads\/2024\/03\/alphalearning_ico2_512px.png","contentUrl":"https:\/\/alphalearning.com\/wp-content\/uploads\/2024\/03\/alphalearning_ico2_512px.png","width":512,"height":512,"caption":"Alphalearning International"},"image":{"@id":"https:\/\/alphalearning.com\/fr\/#\/schema\/logo\/image\/"}}]}},"uagb_featured_image_src":{"full":false,"thumbnail":false,"medium":false,"medium_large":false,"large":false,"1536x1536":false,"2048x2048":false,"gform-image-choice-sm":false,"gform-image-choice-md":false,"gform-image-choice-lg":false},"uagb_author_info":{"display_name":"Julio Machado","author_link":"https:\/\/alphalearning.com\/fr\/author\/julio-machado\/"},"uagb_comment_info":0,"uagb_excerpt":"Histoire d\u2019Alphalearning International Alphalearning dans laPresse Internationale Commentaires de participants du Cours Apprendre \u00e0 Apprendre De l&#8217;institut Alphalearning \u00e0 Alphalearning [&hellip;]","_links":{"self":[{"href":"https:\/\/alphalearning.com\/fr\/wp-json\/wp\/v2\/pages\/12675","targetHints":{"allow":["GET"]}}],"collection":[{"href":"https:\/\/alphalearning.com\/fr\/wp-json\/wp\/v2\/pages"}],"about":[{"href":"https:\/\/alphalearning.com\/fr\/wp-json\/wp\/v2\/types\/page"}],"author":[{"embeddable":true,"href":"https:\/\/alphalearning.com\/fr\/wp-json\/wp\/v2\/users\/2"}],"replies":[{"embeddable":true,"href":"https:\/\/alphalearning.com\/fr\/wp-json\/wp\/v2\/comments?post=12675"}],"version-history":[{"count":10,"href":"https:\/\/alphalearning.com\/fr\/wp-json\/wp\/v2\/pages\/12675\/revisions"}],"predecessor-version":[{"id":15367,"href":"https:\/\/alphalearning.com\/fr\/wp-json\/wp\/v2\/pages\/12675\/revisions\/15367"}],"wp:attachment":[{"href":"https:\/\/alphalearning.com\/fr\/wp-json\/wp\/v2\/media?parent=12675"}],"curies":[{"name":"wp","href":"https:\/\/api.w.org\/{rel}","templated":true}]}}