{"id":13618,"date":"2024-03-27T16:46:34","date_gmt":"2024-03-27T16:46:34","guid":{"rendered":"https:\/\/alphalearning.com\/preisuebersicht\/evaluation-session\/"},"modified":"2025-11-08T15:44:26","modified_gmt":"2025-11-08T15:44:26","slug":"evaluierungssitzung","status":"publish","type":"page","link":"https:\/\/alphalearning.com\/de\/preisuebersicht\/evaluierungssitzung\/","title":{"rendered":"Evaluierungssitzungen Preisgestaltung"},"content":{"rendered":"\n<div class=\"wp-block-uagb-advanced-heading uagb-block-0a84867a\"><h1 class=\"uagb-heading-text\">Preise f\u00fcr die Alphalearning Evaluierungssitzung<\/h1><\/div>\n\n\n\n<div class=\"wp-block-uagb-container uagb-block-6c2dfd9c alignfull uagb-is-root-container\"><div class=\"uagb-container-inner-blocks-wrap\">\n<div class=\"wp-block-uagb-advanced-heading uagb-block-d49668b1\"><h2 class=\"uagb-heading-text\">Evaluierungssitzung \u2013 1.500 \u20ac<\/h2><\/div>\n\n\n\n<p>Die Evaluierungssitzung dauert ca. vier Stunden und ist eine kompakte Version des ersten Kurstages unseres Kurs Das Lernen Lernen. Sie umfasst vier zentrale Komponenten:<\/p>\n\n\n\n<ol class=\"wp-block-list\">\n<li>Beginnend mit einer Reihe neurologischer Tests und EEG (Elektroenzephalogramm)-Messungen, um das Gehirnverhalten vor den Stimuli zu analysieren.<\/li>\n\n\n\n<li>Nach diesen ersten Messungen passen wir das Brainwave-III-System mit spezifischen Programmen an, um Licht- und Tonstimuli zu liefern, w\u00e4hrend wir mit dem EEG-Ger\u00e4t fortlaufend die Hirnstr\u00f6me aufzeichnen.<\/li>\n\n\n\n<li>Nach der Stimulation werden dieselben neurologischen Tests und EEG-Messungen wie zu Beginn durchgef\u00fchrt.<\/li>\n\n\n\n<li>Die Ergebnisse der Tests und der EEG-Messungen werden anschlie\u00dfend eingehend erl\u00e4utert, wobei der Schwerpunkt auf m\u00f6glichen L\u00f6sungen f\u00fcr die Anliegen oder Ziele des Klienten liegt und darauf, wie diese mithilfe der Alphalearning-Techniken und des Brainwave-III-Trainings erreicht werden k\u00f6nnen.<\/li>\n<\/ol>\n\n\n\n<p>Die Optionen f\u00fcr die Evaluierungssitzung, je nach Verwendung des Brainwave-III-Systems, sind:<\/p>\n\n\n\n<ul class=\"wp-block-list\">\n<li>Der Klient reist nach Braga (Portugal), wo Alphalearning seine R\u00e4umlichkeiten f\u00fcr die Evaluierungssitzung zur Verf\u00fcgung stellt.<\/li>\n\n\n\n<li>Falls der Klient jemanden kennt, der Zugriff auf das Brainwave-III-System hat, kann die Sitzung per Videokonferenz mit aktiver Teilnahme dieser dritten Person durchgef\u00fchrt werden.<\/li>\n\n\n\n<li>Klienten k\u00f6nnen Alphalearning kontaktieren, um einen Anwender der Brainwave-Technologie in ihrem Land zu finden. Die Sitzung kann dann ebenfalls per Videokonferenz abgehalten werden, mit aktiver Teilnahme dieses Fachpersonals.<\/li>\n\n\n\n<li>Es besteht die M\u00f6glichkeit, die Evaluierungssitzung \u00fcberall auf der Welt durchzuf\u00fchren. Dabei \u00fcbernimmt der Klient die Reisekosten und Unterkunft f\u00fcr den Ausbilder, stellt einen Ort f\u00fcr die Evaluierungssitzung zur Verf\u00fcgung und zahlt zus\u00e4tzlich 1.500 \u20ac pro Tag, an dem sich der Ausbilder au\u00dferhalb seines B\u00fcros befindet.<\/li>\n<\/ul>\n\n\n\n<p>Wenn Sie sich noch nicht sicher sind, wie Alphalearning Ihnen helfen kann, <a href=\"https:\/\/alphalearning.com\/contact\/\">stellen Sie hier Ihre Fragen<\/a>.<\/p>\n\n\n\n<div class=\"wp-block-uagb-advanced-heading uagb-block-19912766\"><h3 class=\"uagb-heading-text\">ZAHLUNGSBEDINGUNGEN:<\/h3><\/div>\n\n\n\n<ul class=\"wp-block-list\">\n<li>F\u00fcr die Buchung einer Evaluierungssitzung ist eine Anzahlung von 30 % erforderlich, um Ihren Termin zu sichern. Der Restbetrag ist sp\u00e4testens 45 Tage vor Beginn Ihrer Sitzung f\u00e4llig.<\/li>\n\n\n\n<li>Wir bieten je nach Standort verschiedene Zahlungsmethoden an. Alphalearning verf\u00fcgt \u00fcber Bankkonten in der SEPA-Region Europas, im Vereinigten K\u00f6nigreich, in den USA und in Australien. Au\u00dferdem akzeptieren wir Stablecoins (USDt und USDc) sowie unter bestimmten Voraussetzungen PayPal\/Kreditkarten, Bitcoin und Ethereum. Die m\u00f6glichen Zahlungsarten werden in Ihrem Vertrag genauer erl\u00e4utert.<\/li>\n\n\n\n<li>Kontaktieren Sie uns, um ein Videoanruf-Interview zu vereinbaren und Ihren Bewerbungsprozess zu starten.<br><\/li>\n<\/ul>\n\n\n\n<p class=\"has-text-align-center\"><a href=\"https:\/\/alphalearning.com\/contact\/\">Kontaktieren Sie uns, um ein Videoanruf-Interview zu vereinbaren und Ihren Bewerbungsprozess zu starten.<\/a><\/p>\n\n\n\n<p class=\"has-text-align-center\"><strong>ALPHALEARNING INTERNATIONAL<\/strong><br>Vereinigtes K\u00f6nigreich: +44 20 8638 5321 :: Portugal: +351 253 193 321<\/p>\n\n\n\n<p class=\"has-text-align-center\">Erfahren Sie mehr auf&nbsp;<a href=\"https:\/\/alphalearning.com\/de\/\">Alphalearning.com<\/a><\/p>\n<\/div><\/div>\n","protected":false},"excerpt":{"rendered":"<p>Preise f\u00fcr die Alphalearning Evaluierungssitzung Evaluierungssitzung \u2013 1.500 \u20ac Die Evaluierungssitzung dauert ca. vier Stunden und ist eine kompakte Version [&hellip;]<\/p>\n","protected":false},"author":2,"featured_media":0,"parent":13595,"menu_order":603,"comment_status":"closed","ping_status":"closed","template":"","meta":{"_uag_custom_page_level_css":"","site-sidebar-layout":"default","site-content-layout":"","ast-site-content-layout":"default","site-content-style":"default","site-sidebar-style":"default","ast-global-header-display":"","ast-banner-title-visibility":"","ast-main-header-display":"","ast-hfb-above-header-display":"","ast-hfb-below-header-display":"","ast-hfb-mobile-header-display":"","site-post-title":"disabled","ast-breadcrumbs-content":"","ast-featured-img":"","footer-sml-layout":"","ast-disable-related-posts":"","theme-transparent-header-meta":"","adv-header-id-meta":"","stick-header-meta":"","header-above-stick-meta":"","header-main-stick-meta":"","header-below-stick-meta":"","astra-migrate-meta-layouts":"default","ast-page-background-enabled":"default","ast-page-background-meta":{"desktop":{"background-color":"var(--ast-global-color-4)","background-image":"","background-repeat":"repeat","background-position":"center center","background-size":"auto","background-attachment":"scroll","background-type":"","background-media":"","overlay-type":"","overlay-color":"","overlay-opacity":"","overlay-gradient":""},"tablet":{"background-color":"","background-image":"","background-repeat":"repeat","background-position":"center center","background-size":"auto","background-attachment":"scroll","background-type":"","background-media":"","overlay-type":"","overlay-color":"","overlay-opacity":"","overlay-gradient":""},"mobile":{"background-color":"","background-image":"","background-repeat":"repeat","background-position":"center center","background-size":"auto","background-attachment":"scroll","background-type":"","background-media":"","overlay-type":"","overlay-color":"","overlay-opacity":"","overlay-gradient":""}},"ast-content-background-meta":{"desktop":{"background-color":"var(--ast-global-color-5)","background-image":"","background-repeat":"repeat","background-position":"center center","background-size":"auto","background-attachment":"scroll","background-type":"","background-media":"","overlay-type":"","overlay-color":"","overlay-opacity":"","overlay-gradient":""},"tablet":{"background-color":"var(--ast-global-color-5)","background-image":"","background-repeat":"repeat","background-position":"center center","background-size":"auto","background-attachment":"scroll","background-type":"","background-media":"","overlay-type":"","overlay-color":"","overlay-opacity":"","overlay-gradient":""},"mobile":{"background-color":"var(--ast-global-color-5)","background-image":"","background-repeat":"repeat","background-position":"center center","background-size":"auto","background-attachment":"scroll","background-type":"","background-media":"","overlay-type":"","overlay-color":"","overlay-opacity":"","overlay-gradient":""}},"footnotes":""},"class_list":["post-13618","page","type-page","status-publish","hentry"],"yoast_head":"<!-- This site is optimized with the Yoast SEO plugin v27.1.1 - https:\/\/yoast.com\/product\/yoast-seo-wordpress\/ -->\n<title>Preise f\u00fcr die Alphalearning Evaluierungssitzung<\/title>\n<meta name=\"description\" content=\"Entdecken Sie die Brainwave-III-Systeme von Alphalearning durch eine Evaluierungssitzung und beginnen Sie Ihre Reise.\" \/>\n<meta name=\"robots\" content=\"index, follow, max-snippet:-1, max-image-preview:large, max-video-preview:-1\" \/>\n<link rel=\"canonical\" href=\"https:\/\/alphalearning.com\/de\/preisuebersicht\/evaluierungssitzung\/\" \/>\n<meta property=\"og:locale\" content=\"de_DE\" \/>\n<meta property=\"og:type\" content=\"article\" \/>\n<meta property=\"og:title\" content=\"Preise f\u00fcr die Alphalearning Evaluierungssitzung\" \/>\n<meta property=\"og:description\" content=\"Entdecken Sie die Brainwave-III-Systeme von Alphalearning durch eine Evaluierungssitzung und beginnen Sie Ihre Reise.\" \/>\n<meta property=\"og:url\" content=\"https:\/\/alphalearning.com\/de\/preisuebersicht\/evaluierungssitzung\/\" \/>\n<meta property=\"og:site_name\" content=\"Alphalearning International\" \/>\n<meta property=\"article:modified_time\" content=\"2025-11-08T15:44:26+00:00\" \/>\n<meta property=\"og:image\" content=\"https:\/\/alphalearning.com\/wp-content\/uploads\/2024\/04\/alphalearning-logo_red_1200x675px.png\" \/>\n\t<meta property=\"og:image:width\" content=\"1200\" \/>\n\t<meta property=\"og:image:height\" content=\"675\" \/>\n\t<meta property=\"og:image:type\" content=\"image\/png\" \/>\n<meta name=\"twitter:card\" content=\"summary_large_image\" \/>\n<meta name=\"twitter:label1\" content=\"Est. reading time\" \/>\n\t<meta name=\"twitter:data1\" content=\"2 minutes\" \/>\n<!-- \/ Yoast SEO plugin. -->","yoast_head_json":{"title":"Preise f\u00fcr die Alphalearning Evaluierungssitzung","description":"Entdecken Sie die Brainwave-III-Systeme von Alphalearning durch eine Evaluierungssitzung und beginnen Sie Ihre Reise.","robots":{"index":"index","follow":"follow","max-snippet":"max-snippet:-1","max-image-preview":"max-image-preview:large","max-video-preview":"max-video-preview:-1"},"canonical":"https:\/\/alphalearning.com\/de\/preisuebersicht\/evaluierungssitzung\/","og_locale":"de_DE","og_type":"article","og_title":"Preise f\u00fcr die Alphalearning Evaluierungssitzung","og_description":"Entdecken Sie die Brainwave-III-Systeme von Alphalearning durch eine Evaluierungssitzung und beginnen Sie Ihre Reise.","og_url":"https:\/\/alphalearning.com\/de\/preisuebersicht\/evaluierungssitzung\/","og_site_name":"Alphalearning International","article_modified_time":"2025-11-08T15:44:26+00:00","og_image":[{"width":1200,"height":675,"url":"https:\/\/alphalearning.com\/wp-content\/uploads\/2024\/04\/alphalearning-logo_red_1200x675px.png","type":"image\/png"}],"twitter_card":"summary_large_image","twitter_misc":{"Est. reading time":"2 minutes"},"schema":{"@context":"https:\/\/schema.org","@graph":[{"@type":"WebPage","@id":"https:\/\/alphalearning.com\/de\/preisuebersicht\/evaluierungssitzung\/","url":"https:\/\/alphalearning.com\/de\/preisuebersicht\/evaluierungssitzung\/","name":"Preise f\u00fcr die Alphalearning Evaluierungssitzung","isPartOf":{"@id":"https:\/\/alphalearning.com\/de\/#website"},"datePublished":"2024-03-27T16:46:34+00:00","dateModified":"2025-11-08T15:44:26+00:00","description":"Entdecken Sie die Brainwave-III-Systeme von Alphalearning durch eine Evaluierungssitzung und beginnen Sie Ihre Reise.","breadcrumb":{"@id":"https:\/\/alphalearning.com\/de\/preisuebersicht\/evaluierungssitzung\/#breadcrumb"},"inLanguage":"de","potentialAction":[{"@type":"ReadAction","target":["https:\/\/alphalearning.com\/de\/preisuebersicht\/evaluierungssitzung\/"]}]},{"@type":"BreadcrumbList","@id":"https:\/\/alphalearning.com\/de\/preisuebersicht\/evaluierungssitzung\/#breadcrumb","itemListElement":[{"@type":"ListItem","position":1,"name":"Home","item":"https:\/\/alphalearning.com\/de\/"},{"@type":"ListItem","position":2,"name":"Preis\u00fcbersicht","item":"https:\/\/alphalearning.com\/de\/preisuebersicht\/"},{"@type":"ListItem","position":3,"name":"Evaluierungssitzungen Preisgestaltung"}]},{"@type":"WebSite","@id":"https:\/\/alphalearning.com\/de\/#website","url":"https:\/\/alphalearning.com\/de\/","name":"Alphalearning International","description":"the brain training institute","publisher":{"@id":"https:\/\/alphalearning.com\/de\/#organization"},"potentialAction":[{"@type":"SearchAction","target":{"@type":"EntryPoint","urlTemplate":"https:\/\/alphalearning.com\/de\/?s={search_term_string}"},"query-input":{"@type":"PropertyValueSpecification","valueRequired":true,"valueName":"search_term_string"}}],"inLanguage":"de"},{"@type":"Organization","@id":"https:\/\/alphalearning.com\/de\/#organization","name":"Alphalearning International","url":"https:\/\/alphalearning.com\/de\/","logo":{"@type":"ImageObject","inLanguage":"de","@id":"https:\/\/alphalearning.com\/de\/#\/schema\/logo\/image\/","url":"https:\/\/alphalearning.com\/wp-content\/uploads\/2024\/03\/alphalearning_ico2_512px.png","contentUrl":"https:\/\/alphalearning.com\/wp-content\/uploads\/2024\/03\/alphalearning_ico2_512px.png","width":512,"height":512,"caption":"Alphalearning International"},"image":{"@id":"https:\/\/alphalearning.com\/de\/#\/schema\/logo\/image\/"}}]}},"uagb_featured_image_src":{"full":false,"thumbnail":false,"medium":false,"medium_large":false,"large":false,"1536x1536":false,"2048x2048":false,"gform-image-choice-sm":false,"gform-image-choice-md":false,"gform-image-choice-lg":false},"uagb_author_info":{"display_name":"Julio Machado","author_link":"https:\/\/alphalearning.com\/de\/author\/julio-machado\/"},"uagb_comment_info":0,"uagb_excerpt":"Preise f\u00fcr die Alphalearning Evaluierungssitzung Evaluierungssitzung \u2013 1.500 \u20ac Die Evaluierungssitzung dauert ca. vier Stunden und ist eine kompakte Version [&hellip;]","_links":{"self":[{"href":"https:\/\/alphalearning.com\/de\/wp-json\/wp\/v2\/pages\/13618","targetHints":{"allow":["GET"]}}],"collection":[{"href":"https:\/\/alphalearning.com\/de\/wp-json\/wp\/v2\/pages"}],"about":[{"href":"https:\/\/alphalearning.com\/de\/wp-json\/wp\/v2\/types\/page"}],"author":[{"embeddable":true,"href":"https:\/\/alphalearning.com\/de\/wp-json\/wp\/v2\/users\/2"}],"replies":[{"embeddable":true,"href":"https:\/\/alphalearning.com\/de\/wp-json\/wp\/v2\/comments?post=13618"}],"version-history":[{"count":5,"href":"https:\/\/alphalearning.com\/de\/wp-json\/wp\/v2\/pages\/13618\/revisions"}],"predecessor-version":[{"id":17076,"href":"https:\/\/alphalearning.com\/de\/wp-json\/wp\/v2\/pages\/13618\/revisions\/17076"}],"up":[{"embeddable":true,"href":"https:\/\/alphalearning.com\/de\/wp-json\/wp\/v2\/pages\/13595"}],"wp:attachment":[{"href":"https:\/\/alphalearning.com\/de\/wp-json\/wp\/v2\/media?parent=13618"}],"curies":[{"name":"wp","href":"https:\/\/api.w.org\/{rel}","templated":true}]}}