{"id":13611,"date":"2024-03-27T16:46:18","date_gmt":"2024-03-27T16:46:18","guid":{"rendered":"https:\/\/alphalearning.com\/preisuebersicht\/brainwave-iii\/"},"modified":"2025-11-08T16:33:08","modified_gmt":"2025-11-08T16:33:08","slug":"brainwave-iii","status":"publish","type":"page","link":"https:\/\/alphalearning.com\/de\/preisuebersicht\/brainwave-iii\/","title":{"rendered":"Brainwave III Preisgestaltung"},"content":{"rendered":"\n<div class=\"wp-block-uagb-advanced-heading uagb-block-cacbafd1\"><h1 class=\"uagb-heading-text\">Alphalearning Brainwave-III-System Preise<\/h1><\/div>\n\n\n\n<div class=\"wp-block-uagb-advanced-heading uagb-block-3a76af3c\"><h2 class=\"uagb-heading-text\">Detaillierte Kosten f\u00fcr das Brainwave-III-System<\/h2><\/div>\n\n\n\n<div class=\"wp-block-uagb-tabs uagb-block-9446f78b uagb-tabs__wrap uagb-tabs__hstyle1-desktop uagb-tabs__vstyle6-tablet uagb-tabs__stack1-mobile\" data-tab-active=\"0\"><ul class=\"uagb-tabs__panel uagb-tabs__align-left\" role=\"tablist\"><li class=\"uagb-tab uagb-tabs__active\" role=\"none\"><a href=\"#uagb-tabs__tab0\" class=\"uagb-tabs-list uagb-tabs__icon-position-left\" data-tab=\"0\" role=\"tab\"><div>Brainwave-III-System <strong>(f\u00fcr diejenigen, die bereits an einem Alphalearning-Kurs teilgenommen haben)<\/strong><\/div><\/a><\/li><\/ul><div class=\"uagb-tabs__body-wrap\">\n<div class=\"wp-block-uagb-tabs-child uagb-tabs__body-container uagb-inner-tab-0\" aria-labelledby=\"uagb-tabs__tab0\">\n<p>Die Berechtigung, auf das neue Brainwave-III-System aufzur\u00fcsten oder zus\u00e4tzliche Teile zu erwerben, ist ausschlie\u00dflich Personen vorbehalten, die bereits an einem Alphalearning-Kurs teilgenommen haben.<\/p>\n\n\n\n<p>Das Brainwave-III-System erfordert keinen Computer mehr, um die Lichter zu betreiben. Erfahren Sie mehr \u00fcber diese innovative Version auf der Seite \u201e<a href=\"https:\/\/alphalearning.com\/de\/die-alphalearning-brainwave-evolution\/\">Alphalearning Brainwave Evolution<\/a>\u201c.<\/p>\n\n\n\n<p>Preisinformationen: 3.000\u202f\u20ac f\u00fcr den Brainwave-III-Controller, 3.000\u202f\u20ac f\u00fcr den Optisch-Akustischen NeuronennSynergizer und 3.000\u202f\u20ac f\u00fcr das Elektroenzephalographie- und Neurofeedback-Ger\u00e4t. Der Controller kann gleichzeitig bis zu zwei Sets des Optisch-Akustischen NeuronenSynergizers steuern und ist mit allen f\u00fcr die Lotus-Software konzipierten Lichtsystemen des Alphalearning-Instituts kompatibel.<\/p>\n\n\n\n<p><strong>Um Ihre Bestellung zu beginnen, geben Sie bitte <a href=\"https:\/\/alphalearning.com\/contact\/\">auf unserer Kontaktseite<\/a> an, dass Sie bereits an einem Alphalearning-Kurs teilgenommen haben, und senden Sie uns eine Nachricht.<\/strong><\/p>\n\n\n\n<p>Verwenden Sie den unten stehenden Rechner, um die Gesamtkosten Ihrer geplanten Bestellung zu berechnen.<br><\/p>\n\n\n<div class=\"btQuoteBooking  btQuoteBookingWithColor c69dad808426a7\" style=\"color: #961515;\" data-admin_email=\"\" data-cf7_id=\"\" data-email_client=\"\" data-email_gdpr=\"\" data-email_gdpr_text=\"\" data-email_gdpr_not_text=\"\" data-email_rtl=\"\" data-currency=\"\u20ac\" data-currency_after=\"\" data-currency_space=\"yes\" data-url_confirmation=\"\" data-url_ajax=\"https:\/\/alphalearning.com\/wp-admin\/admin-ajax.php\" data-subject=\"\" data-email_header=\"\" data-email_footer=\"\" data-date_text=\"Preferred Service Date\" data-time_text=\"Preferred Service Time\" data-message_please_wait=\"Please wait...\" data-message_success=\"Thank you, we will contact you soon!\" data-message_error=\"Error! Please try again later.\" data-message_mandatory=\"Please fill out all required fields.\" data-rec_secret_key=\"\" data-total_text=\"Gesamt\" data-total_format=\"currency_2\" data-total_decimals=\"0\" data-date_format=\"mm\/dd\/yy\" data-bt_cc_nonce=\"34372286a1\" data-hide_total=\"\" data-hide_subtotal=\"\" data-wc_product_id=\"\" data-wc_quote_text=\"Quote\" data-wc_single_product=\"no\" data-wc_product_price=\"\"><div class=\"btQuoteBookingWrap\"><div class=\"btQuoteBookingForm btActive\"><div class=\"btQuoteGBlock \" data-eval=\"dmFyIGJ3X2NvbnRyb2xsZXIgPSAkMTsKdmFyIGJ3X29wdGljYWwgPSAkMjsKdmFyIGJ3X2VlZyA9ICQzOwp2YXIgYndfc2hpcCA9ICQ0Owp2YXIgYndfZGlzYyA9IDA7Cgp2YXIgYndfZGlzYyA9IGJ3X2NvbnRyb2xsZXIgLyA2ICsgYndfb3B0aWNhbCAvIDYKdmFyIGJ3X29wdGlvbmFscyA9IGJ3X2NvbnRyb2xsZXIgKyBid19vcHRpY2FsICsgYndfZWVnICsgYndfc2hpcCArIGJ3X2Rpc2MKCgpzZXRTdWJ0b3RhbCggJ2J3Y29udF90b3RhbCcsIGJ3X2NvbnRyb2xsZXIgKTsKc2V0U3VidG90YWwoICdvbnNfdG90YWwnLCBid19vcHRpY2FsICk7CnNldFN1YnRvdGFsKCAnZWVnX3RvdGFsJywgYndfZWVnICk7CnNldFN1YnRvdGFsKCAnc2hpcF90b3RhbCcsIGJ3X3NoaXAgKTsKc2V0U3VidG90YWwoICdkaXNjX3RvdGFsJywgYndfZGlzYyApOwoKCgppZiAoYndfY29udHJvbGxlciArIGJ3X29wdGljYWwgKyBid19lZWcgPT0gMCkgIGJ3X29wdGlvbmFscyA9IDA7CmlmIChid19jb250cm9sbGVyICsgYndfb3B0aWNhbCArIGJ3X2VlZyA+IDApICBid19vcHRpb25hbHMgPSBid19jb250cm9sbGVyICsgYndfb3B0aWNhbCArIGJ3X2VlZyArIGJ3X3NoaXAgLSAwOwoKcmV0dXJuIGJ3X29wdGlvbmFsczs=\" data-paypal_label=\"\" id=\"btQuoteItem69dad808427de\" style=\"color: #961515;\"><H3>Brainwave-III-System<\/H3><div class=\"btQuoteItem \" id=\"btQuoteItem69dad8084296b\" style=\"color: #961515\"><label>Brainwave-III-Controller<\/label>\n\t\t<div class=\"btQuoteItemInput\"><div class=\"btQuoteSlider btQuoteElement\" data-value=\"0\"  data-initial-value=\"0\" data-min=\"0\" data-max=\"6\" data-step=\"1\" data-price=\"3000\" data-offset=\"0\" data-condition=\"\" data-raw-value-only=\"\"><\/div><span class=\"btQuoteSliderValue\">0<\/span><\/div><\/div><div class=\"btQuoteItem \" id=\"btQuoteItem69dad80842a65\" style=\"color: #961515\"><label>Optischer Neuronen Synergizer<\/label>\n\t\t<div class=\"btQuoteItemInput\"><div class=\"btQuoteSlider btQuoteElement\" data-value=\"0\"  data-initial-value=\"0\" data-min=\"0\" data-max=\"6\" data-step=\"1\" data-price=\"3000\" data-offset=\"0\" data-condition=\"\" data-raw-value-only=\"\"><\/div><span class=\"btQuoteSliderValue\">0<\/span><\/div><\/div><div class=\"btQuoteItem \" id=\"btQuoteItem69dad80842b3d\" style=\"color: #961515\"><label>Elektroenzephalographie- und Neurofeedback-Ger\u00e4t<\/label>\n\t\t<div class=\"btQuoteItemInput\"><div class=\"btQuoteSlider btQuoteElement\" data-value=\"0\"  data-initial-value=\"0\" data-min=\"0\" data-max=\"6\" data-step=\"1\" data-price=\"3000\" data-offset=\"0\" data-condition=\"\" data-raw-value-only=\"\"><\/div><span class=\"btQuoteSliderValue\">0<\/span><\/div><\/div><div class=\"btQuoteItem \" id=\"btQuoteItem69dad80842c57\" ><label>W\u00e4hlen Sie ein Versandziel<\/label>\n\t\t<div class=\"btQuoteItemInput\"><div id=\"69dad80842cacW264\" class=\"btQuoteSelect btContactField btDropDown btQuoteElement\" data-condition=\"\" data-initial-value=\"1\" data-raw-value-only=\"\"><\/div><\/div><\/div><div id=\"btSubtotalIdbwcont_total\" class=\"btQuoteSubtotal\" data-label=\"Brainwave-III-Controller\"><span class=\"btQuoteSubtotalText\">Brainwave-III-Controller<\/span><span class=\"btQuoteSubtotalCalc\"><\/span><\/div><div id=\"btSubtotalIdons_total\" class=\"btQuoteSubtotal\" data-label=\"Optischer Neuronen Synergizer\"><span class=\"btQuoteSubtotalText\">Optischer Neuronen Synergizer<\/span><span class=\"btQuoteSubtotalCalc\"><\/span><\/div><div id=\"btSubtotalIdeeg_total\" class=\"btQuoteSubtotal\" data-label=\"Elektroenzephalographie- und Neurofeedback-Ger\u00e4t\"><span class=\"btQuoteSubtotalText\">Elektroenzephalographie- und Neurofeedback-Ger\u00e4t<\/span><span class=\"btQuoteSubtotalCalc\"><\/span><\/div><div id=\"btSubtotalIdship_total\" class=\"btQuoteSubtotal\" data-label=\"Versand\"><span class=\"btQuoteSubtotalText\">Versand<\/span><span class=\"btQuoteSubtotalCalc\"><\/span><\/div><div class=\"bt_cc_separator bt_cc_top_spacing_small bt_cc_bottom_spacing_small bt_cc_border_style_dotted\" id=\"bt_cc_separator69dad80842dcb\" ><\/div><\/div><div class=\"btTotalNextWrapper\"><div class=\"btQuoteTotal\"><span class=\"btQuoteTotalText\">Gesamt<\/span><span class=\"btQuoteTotalCurrency\">\u20ac&nbsp;<\/span><span class=\"btQuoteTotalCalc\"><\/span><\/div><\/div><\/div><\/div><\/div>\n<\/div>\n<\/div><\/div>\n\n\n\n<div class=\"wp-block-uagb-container uagb-block-720f4926 alignfull uagb-is-root-container\"><div class=\"uagb-container-inner-blocks-wrap\">\n<div class=\"wp-block-uagb-advanced-heading uagb-block-6e870ead\"><h3 class=\"uagb-heading-text\">Beginn Ihrer Bestellung:<\/h3><\/div>\n\n\n\n<ul class=\"wp-block-list\">\n<li><strong>Um Ihre Bestellung einzuleiten, best\u00e4tigen Sie bitte <a href=\"https:\/\/alphalearning.com\/contact\/\">auf unserer Kontaktseite<\/a> Ihre fr\u00fchere Teilnahme an einem Alphalearning-Kurs und senden Sie uns Ihre Nachricht.<\/strong><\/li>\n<\/ul>\n\n\n\n<p class=\"has-text-align-center\"><strong>ALPHALEARNING INTERNATIONAL<\/strong><br>Vereinigtes K\u00f6nigreich: +44 20 8638 5321 :: Portugal: +351 253 193 321<\/p>\n\n\n\n<p class=\"has-text-align-center\">Erkunden Sie mehr auf&nbsp;<a href=\"https:\/\/alphalearning.com\/de\/\">Alphalearning.com<\/a><\/p>\n<\/div><\/div>\n","protected":false},"excerpt":{"rendered":"<p>Alphalearning Brainwave-III-System Preise Detaillierte Kosten f\u00fcr das Brainwave-III-System Beginn Ihrer Bestellung: ALPHALEARNING INTERNATIONALVereinigtes K\u00f6nigreich: +44 20 8638 5321 :: Portugal: [&hellip;]<\/p>\n","protected":false},"author":2,"featured_media":0,"parent":13595,"menu_order":602,"comment_status":"closed","ping_status":"closed","template":"","meta":{"_uag_custom_page_level_css":"","site-sidebar-layout":"default","site-content-layout":"","ast-site-content-layout":"default","site-content-style":"default","site-sidebar-style":"default","ast-global-header-display":"","ast-banner-title-visibility":"","ast-main-header-display":"","ast-hfb-above-header-display":"","ast-hfb-below-header-display":"","ast-hfb-mobile-header-display":"","site-post-title":"disabled","ast-breadcrumbs-content":"","ast-featured-img":"","footer-sml-layout":"","ast-disable-related-posts":"","theme-transparent-header-meta":"","adv-header-id-meta":"","stick-header-meta":"","header-above-stick-meta":"","header-main-stick-meta":"","header-below-stick-meta":"","astra-migrate-meta-layouts":"default","ast-page-background-enabled":"default","ast-page-background-meta":{"desktop":{"background-color":"var(--ast-global-color-4)","background-image":"","background-repeat":"repeat","background-position":"center center","background-size":"auto","background-attachment":"scroll","background-type":"","background-media":"","overlay-type":"","overlay-color":"","overlay-opacity":"","overlay-gradient":""},"tablet":{"background-color":"","background-image":"","background-repeat":"repeat","background-position":"center center","background-size":"auto","background-attachment":"scroll","background-type":"","background-media":"","overlay-type":"","overlay-color":"","overlay-opacity":"","overlay-gradient":""},"mobile":{"background-color":"","background-image":"","background-repeat":"repeat","background-position":"center center","background-size":"auto","background-attachment":"scroll","background-type":"","background-media":"","overlay-type":"","overlay-color":"","overlay-opacity":"","overlay-gradient":""}},"ast-content-background-meta":{"desktop":{"background-color":"var(--ast-global-color-5)","background-image":"","background-repeat":"repeat","background-position":"center center","background-size":"auto","background-attachment":"scroll","background-type":"","background-media":"","overlay-type":"","overlay-color":"","overlay-opacity":"","overlay-gradient":""},"tablet":{"background-color":"var(--ast-global-color-5)","background-image":"","background-repeat":"repeat","background-position":"center center","background-size":"auto","background-attachment":"scroll","background-type":"","background-media":"","overlay-type":"","overlay-color":"","overlay-opacity":"","overlay-gradient":""},"mobile":{"background-color":"var(--ast-global-color-5)","background-image":"","background-repeat":"repeat","background-position":"center center","background-size":"auto","background-attachment":"scroll","background-type":"","background-media":"","overlay-type":"","overlay-color":"","overlay-opacity":"","overlay-gradient":""}},"footnotes":""},"class_list":["post-13611","page","type-page","status-publish","hentry"],"yoast_head":"<!-- This site is optimized with the Yoast SEO plugin v27.1.1 - https:\/\/yoast.com\/product\/yoast-seo-wordpress\/ -->\n<title>Alphalearning Brainwave III: Preise &amp; Upgrades<\/title>\n<meta name=\"description\" content=\"Entdecken Sie Kosten, Upgrades und fortschrittliche Funktionen von Alphalearnings Brainwave III, um Ihr Lernen und Ihre mentale Leistung zu verbessern.\" \/>\n<meta name=\"robots\" content=\"index, follow, max-snippet:-1, max-image-preview:large, max-video-preview:-1\" \/>\n<link rel=\"canonical\" href=\"https:\/\/alphalearning.com\/de\/preisuebersicht\/brainwave-iii\/\" \/>\n<meta property=\"og:locale\" content=\"de_DE\" \/>\n<meta property=\"og:type\" content=\"article\" \/>\n<meta property=\"og:title\" content=\"Alphalearning Brainwave III: Preise &amp; Upgrades\" \/>\n<meta property=\"og:description\" content=\"Entdecken Sie Kosten, Upgrades und fortschrittliche Funktionen von Alphalearnings Brainwave III, um Ihr Lernen und Ihre mentale Leistung zu verbessern.\" \/>\n<meta property=\"og:url\" content=\"https:\/\/alphalearning.com\/de\/preisuebersicht\/brainwave-iii\/\" \/>\n<meta property=\"og:site_name\" content=\"Alphalearning International\" \/>\n<meta property=\"article:modified_time\" content=\"2025-11-08T16:33:08+00:00\" \/>\n<meta property=\"og:image\" content=\"https:\/\/alphalearning.com\/wp-content\/uploads\/2024\/04\/alphalearning-logo_red_1200x675px.png\" \/>\n\t<meta property=\"og:image:width\" content=\"1200\" \/>\n\t<meta property=\"og:image:height\" content=\"675\" \/>\n\t<meta property=\"og:image:type\" content=\"image\/png\" \/>\n<meta name=\"twitter:card\" content=\"summary_large_image\" \/>\n<meta name=\"twitter:label1\" content=\"Est. reading time\" \/>\n\t<meta name=\"twitter:data1\" content=\"1 minute\" \/>\n<!-- \/ Yoast SEO plugin. -->","yoast_head_json":{"title":"Alphalearning Brainwave III: Preise & Upgrades","description":"Entdecken Sie Kosten, Upgrades und fortschrittliche Funktionen von Alphalearnings Brainwave III, um Ihr Lernen und Ihre mentale Leistung zu verbessern.","robots":{"index":"index","follow":"follow","max-snippet":"max-snippet:-1","max-image-preview":"max-image-preview:large","max-video-preview":"max-video-preview:-1"},"canonical":"https:\/\/alphalearning.com\/de\/preisuebersicht\/brainwave-iii\/","og_locale":"de_DE","og_type":"article","og_title":"Alphalearning Brainwave III: Preise & Upgrades","og_description":"Entdecken Sie Kosten, Upgrades und fortschrittliche Funktionen von Alphalearnings Brainwave III, um Ihr Lernen und Ihre mentale Leistung zu verbessern.","og_url":"https:\/\/alphalearning.com\/de\/preisuebersicht\/brainwave-iii\/","og_site_name":"Alphalearning International","article_modified_time":"2025-11-08T16:33:08+00:00","og_image":[{"width":1200,"height":675,"url":"https:\/\/alphalearning.com\/wp-content\/uploads\/2024\/04\/alphalearning-logo_red_1200x675px.png","type":"image\/png"}],"twitter_card":"summary_large_image","twitter_misc":{"Est. reading time":"1 minute"},"schema":{"@context":"https:\/\/schema.org","@graph":[{"@type":"WebPage","@id":"https:\/\/alphalearning.com\/de\/preisuebersicht\/brainwave-iii\/","url":"https:\/\/alphalearning.com\/de\/preisuebersicht\/brainwave-iii\/","name":"Alphalearning Brainwave III: Preise & Upgrades","isPartOf":{"@id":"https:\/\/alphalearning.com\/de\/#website"},"datePublished":"2024-03-27T16:46:18+00:00","dateModified":"2025-11-08T16:33:08+00:00","description":"Entdecken Sie Kosten, Upgrades und fortschrittliche Funktionen von Alphalearnings Brainwave III, um Ihr Lernen und Ihre mentale Leistung zu verbessern.","breadcrumb":{"@id":"https:\/\/alphalearning.com\/de\/preisuebersicht\/brainwave-iii\/#breadcrumb"},"inLanguage":"de","potentialAction":[{"@type":"ReadAction","target":["https:\/\/alphalearning.com\/de\/preisuebersicht\/brainwave-iii\/"]}]},{"@type":"BreadcrumbList","@id":"https:\/\/alphalearning.com\/de\/preisuebersicht\/brainwave-iii\/#breadcrumb","itemListElement":[{"@type":"ListItem","position":1,"name":"Home","item":"https:\/\/alphalearning.com\/de\/"},{"@type":"ListItem","position":2,"name":"Preis\u00fcbersicht","item":"https:\/\/alphalearning.com\/de\/preisuebersicht\/"},{"@type":"ListItem","position":3,"name":"Brainwave III Preisgestaltung"}]},{"@type":"WebSite","@id":"https:\/\/alphalearning.com\/de\/#website","url":"https:\/\/alphalearning.com\/de\/","name":"Alphalearning International","description":"the brain training institute","publisher":{"@id":"https:\/\/alphalearning.com\/de\/#organization"},"potentialAction":[{"@type":"SearchAction","target":{"@type":"EntryPoint","urlTemplate":"https:\/\/alphalearning.com\/de\/?s={search_term_string}"},"query-input":{"@type":"PropertyValueSpecification","valueRequired":true,"valueName":"search_term_string"}}],"inLanguage":"de"},{"@type":"Organization","@id":"https:\/\/alphalearning.com\/de\/#organization","name":"Alphalearning International","url":"https:\/\/alphalearning.com\/de\/","logo":{"@type":"ImageObject","inLanguage":"de","@id":"https:\/\/alphalearning.com\/de\/#\/schema\/logo\/image\/","url":"https:\/\/alphalearning.com\/wp-content\/uploads\/2024\/03\/alphalearning_ico2_512px.png","contentUrl":"https:\/\/alphalearning.com\/wp-content\/uploads\/2024\/03\/alphalearning_ico2_512px.png","width":512,"height":512,"caption":"Alphalearning International"},"image":{"@id":"https:\/\/alphalearning.com\/de\/#\/schema\/logo\/image\/"}}]}},"uagb_featured_image_src":{"full":false,"thumbnail":false,"medium":false,"medium_large":false,"large":false,"1536x1536":false,"2048x2048":false,"gform-image-choice-sm":false,"gform-image-choice-md":false,"gform-image-choice-lg":false},"uagb_author_info":{"display_name":"Julio Machado","author_link":"https:\/\/alphalearning.com\/de\/author\/julio-machado\/"},"uagb_comment_info":0,"uagb_excerpt":"Alphalearning Brainwave-III-System Preise Detaillierte Kosten f\u00fcr das Brainwave-III-System Beginn Ihrer Bestellung: ALPHALEARNING INTERNATIONALVereinigtes K\u00f6nigreich: +44 20 8638 5321 :: Portugal: [&hellip;]","_links":{"self":[{"href":"https:\/\/alphalearning.com\/de\/wp-json\/wp\/v2\/pages\/13611","targetHints":{"allow":["GET"]}}],"collection":[{"href":"https:\/\/alphalearning.com\/de\/wp-json\/wp\/v2\/pages"}],"about":[{"href":"https:\/\/alphalearning.com\/de\/wp-json\/wp\/v2\/types\/page"}],"author":[{"embeddable":true,"href":"https:\/\/alphalearning.com\/de\/wp-json\/wp\/v2\/users\/2"}],"replies":[{"embeddable":true,"href":"https:\/\/alphalearning.com\/de\/wp-json\/wp\/v2\/comments?post=13611"}],"version-history":[{"count":4,"href":"https:\/\/alphalearning.com\/de\/wp-json\/wp\/v2\/pages\/13611\/revisions"}],"predecessor-version":[{"id":17119,"href":"https:\/\/alphalearning.com\/de\/wp-json\/wp\/v2\/pages\/13611\/revisions\/17119"}],"up":[{"embeddable":true,"href":"https:\/\/alphalearning.com\/de\/wp-json\/wp\/v2\/pages\/13595"}],"wp:attachment":[{"href":"https:\/\/alphalearning.com\/de\/wp-json\/wp\/v2\/media?parent=13611"}],"curies":[{"name":"wp","href":"https:\/\/api.w.org\/{rel}","templated":true}]}}